{"id":5628,"date":"2021-05-27T10:49:02","date_gmt":"2021-05-27T10:49:02","guid":{"rendered":"https:\/\/tajkertesz.com\/?post_type=product&#038;p=5628"},"modified":"2023-08-10T09:04:39","modified_gmt":"2023-08-10T09:04:39","slug":"weigela-florida-carnaval-rozsalonc","status":"publish","type":"product","link":"https:\/\/tajkertesz.com\/en_US\/product\/weigela-florida-carnaval-rozsalonc\/","title":{"rendered":"Weigela florida &#8216;Carnaval&#8217;- r\u00f3zsalonc"},"content":{"rendered":"<h3>Weigela florida &#8216;Carnaval&#8217;- r\u00f3zsalonc<\/h3>\n<p>Weigela florida &#8216;Carnaval&#8217;- r\u00f3zsalonc t\u00f6lcs\u00e9r alak\u00fa, piros, r\u00f3zsasz\u00edn \u00e9s feh\u00e9r , vastag szirm\u00fa vir\u00e1gai vannak. Vir\u00e1gz\u00e1si ideje tavasszal \u00e9s sz\u00f3rv\u00e1nyosan ny\u00e1ron \u00e9s \u0151sszel van.J\u00f3l toler\u00e1lja a legt\u00f6bb talajt, \u00e9s sok naps\u00fct\u00e9s kell sz\u00e1m\u00e1ra, a min\u00e9l t\u00f6bb vir\u00e1g \u00e9rdek\u00e9ben.<\/p>\n<div class=\"content\">\n<div class=\"row small-gap text-white\">\n<div class=\"col-sm-6\"><\/div>\n<\/div>\n<\/div>\n<p>Jelen term\u00e9k\u00fcnk Kb:30-40cm magas.<\/p>\n<p style=\"line-height: 18.0pt; background: white; margin: 0cm 0cm 15.0pt 0cm;\"><b><span style=\"font-family: 'Ubuntu',serif; color: black;\">K\u00e9szlet\u00fcnk napi szinten v\u00e1ltozik, ez\u00e9rt k\u00e9rj\u00fck, \u00e9rdekl\u0151dj\u00f6n szem\u00e9lyesen, telefonon vagy email-en.<br \/>\nA v\u00e1ltoztat\u00e1s jog\u00e1t fenntartjuk!\u00a0<\/span><\/b><\/p>\n<p><a href=\"https:\/\/tajkertesz.com\/\">https:\/\/tajkertesz.com\/<\/a><\/p>\n<p><a href=\"https:\/\/www.facebook.com\/tajkertesz\">https:\/\/www.facebook.com\/tajkertesz<\/a><\/p>\n<p><span style=\"color: #ffffff;\">A\u00a0<b>r\u00f3zsalonc<\/b>\u00a0vagy\u00a0<b>f\u00fcrt\u00f6slonc<\/b><sup id=\"cite_ref-Priszter_3-0\" class=\"reference\"><a style=\"color: #ffffff;\" href=\"https:\/\/hu.wikipedia.org\/wiki\/R%C3%B3zsalonc#cite_note-Priszter-3\">[3]<\/a><\/sup>\u00a0<i>(Weigela)<\/i>\u00a0a\u00a0<a style=\"color: #ffffff;\" title=\"Loncf\u00e9l\u00e9k\" href=\"https:\/\/hu.wikipedia.org\/wiki\/Loncf%C3%A9l%C3%A9k\">loncf\u00e9l\u00e9k<\/a>\u00a0<i>(Caprifoliaceae)<\/i>\u00a0csal\u00e1dj\u00e1ba tartoz\u00f3\u00a0<a style=\"color: #ffffff;\" title=\"Nemzets\u00e9g (rendszertan)\" href=\"https:\/\/hu.wikipedia.org\/wiki\/Nemzets%C3%A9g_(rendszertan)\">n\u00f6v\u00e9nynemzets\u00e9g<\/a>, melynek fajai\u00a0<a style=\"color: #ffffff;\" title=\"Kelet-\u00c1zsia\" href=\"https:\/\/hu.wikipedia.org\/wiki\/Kelet-%C3%81zsia\">Kelet-\u00c1zsi\u00e1ban<\/a>\u00a0\u0151shonosak. Els\u0151sorban vir\u00e1gaik miatt kedvelt kerti d\u00edszn\u00f6v\u00e9nyek; Eur\u00f3p\u00e1ban leggyakrabban a\u00a0<a style=\"color: #ffffff;\" title=\"K\u00ednai r\u00f3zsalonc\" href=\"https:\/\/hu.wikipedia.org\/wiki\/K%C3%ADnai_r%C3%B3zsalonc\">k\u00ednai r\u00f3zsaloncot<\/a>\u00a0\u00fcltetik amellett, hogy t\u00f6bb hibridfajt\u00e1t is l\u00e9trehoztak.<\/span><\/p>\n<p><span style=\"color: #ffffff;\">A r\u00f3zsalonc nemzets\u00e9g a csal\u00e1don bel\u00fcl k\u00f6zeli rokons\u00e1gban \u00e1ll az \u00e9szak-amerikai eredet\u0171\u00a0<a class=\"new\" style=\"color: #ffffff;\" title=\"S\u00e1rgalonc (a lap nem l\u00e9tezik)\" href=\"https:\/\/hu.wikipedia.org\/w\/index.php?title=S%C3%A1rgalonc&amp;action=edit&amp;redlink=1\">s\u00e1rgalonc<\/a>\u00a0<i>(Diervilla)<\/i>\u00a0nemzets\u00e9ggel; ezt az is mutatja, hogy a loncf\u00e9l\u00e9kn\u00e9l gyakrabban el\u0151fordul\u00f3 bogy\u00f3term\u00e9s helyett sz\u00e1raz tokterm\u00e9s fejl\u0151dik mindk\u00e9t nemzets\u00e9g fajain. A k\u00e9t nemzets\u00e9g k\u00f6zeli rokons\u00e1ga azt is jelzi, hogy a kelet-\u00e1zsiai erd\u0151k \u00e9s az \u00c9szak-Amerika keleti r\u00e9sz\u00e9n el\u0151fordul\u00f3 megfelel\u0151 erd\u0151s\u00e9gek k\u00f6z\u00f6tt rokoni kapcsolat \u00e1ll fenn<\/span><\/p>\n<p><span style=\"color: #ffffff;\">A Weigela florida &#8216;Purpurea nana&#8217; , T\u00f6rpe v\u00f6r\u00f6s level\u0171 r\u00f3zsalonc t\u00f6k\u00e9letes n\u00f6v\u00e9nye kert\u00fcnknek.\u00a0<\/span><\/p>\n<p><span style=\"color: #ffffff;\">V\u00e9gmagass\u00e1ga 80-120 cm ez\u00e9rt aj\u00e1nlott ak\u00e1r kis kertekbe.\u00a0 Alacsony ny\u00edrt s\u00f6v\u00e9nynek , szoliternek ak\u00e1r k\u0151ed\u00e9nybe is.\u00a0<\/span><\/p>\n<p><span style=\"color: #ffffff;\">Csod\u00e1latos d\u00edsze lehet kert\u00fcnknek ha rendszeresen ny\u00edrjuk.\u00a0 Vir\u00e1ga t\u00f6lcs\u00e9r alak\u00fa ,melyek \u00a0m\u00e1jus-j\u00faniusban bebor\u00edtj\u00e1k az eg\u00e9sz bokrot. \u00a0<\/span><\/p>\n<p><span style=\"color: #ffffff;\">A s\u00f6t\u00e9tr\u00f3zsasz\u00edn vir\u00e1gait\u00a0 bronzv\u00f6r\u00f6slombozata fe<\/span><\/p>\n<p><span style=\"color: #ffffff;\"><em><strong>A n\u00f6v\u00e9nyek az \u00e9vszaknak megfelel\u0151 fenol\u00f3giai f\u00e1zisban ker\u00fclnek kisz\u00e1ll\u00edt\u00e1sra. El\u0151fordulhat, hogy kora tavasszal, vagy kedvez\u0151tlen tavaszi id\u0151j\u00e1r\u00e1s eset\u00e9n kicsik, lomb n\u00e9lk\u00fcliek, vagy k\u00e9s\u0151 \u0151sszel\u00a0 lomb n\u00e9lk\u00fcliek.<\/strong>\u00a0Ha ez a megrendel\u0151nek nem felel meg, akkor rendeljen m\u00e1jus-szeptember h\u00f3napokban. A sz\u00e1ll\u00edt\u00e1st k\u00f6nny\u00edt\u0151, hogy \u00fcltet\u0151k\u00f6zeg\u00fck k\u00f3kuszrost.<\/em><\/span><\/p>\n<p><span style=\"color: #ffffff;\">lett hozza.\u00a0<\/span><\/p>\n","protected":false},"excerpt":{"rendered":"<h3>Weigela florida &#8216;Carnaval&#8217;- r\u00f3zsalonc<\/h3>\n<p>Weigela florida &#8216;Carnaval&#8217;- r\u00f3zsalonc t\u00f6lcs\u00e9r alak\u00fa, piros, r\u00f3zsasz\u00edn \u00e9s feh\u00e9r , vastag szirm\u00fa vir\u00e1gai vannak. Vir\u00e1gz\u00e1si ideje tavasszal \u00e9s sz\u00f3rv\u00e1nyosan ny\u00e1ron \u00e9s \u0151sszel van.J\u00f3l toler\u00e1lja a legt\u00f6bb talajt, \u00e9s sok naps\u00fct\u00e9s kell sz\u00e1m\u00e1ra, a min\u00e9l t\u00f6bb vir\u00e1g \u00e9rdek\u00e9ben.<\/p>","protected":false},"featured_media":5632,"template":"","meta":{"_et_pb_use_builder":"","_et_pb_old_content":"","_et_gb_content_width":""},"product_brand":[],"product_cat":[27],"product_tag":[1728],"class_list":{"0":"post-5628","1":"product","2":"type-product","3":"status-publish","4":"has-post-thumbnail","6":"product_cat-cserjek","7":"product_tag-weigela-florida-carnaval-rozsalonc","9":"first","10":"outofstock","11":"shipping-taxable","12":"product-type-simple"},"yoast_head":"<!-- This site is optimized with the Yoast SEO plugin v27.4 - https:\/\/yoast.com\/product\/yoast-seo-wordpress\/ -->\n<title>Weigela florida &#039;Carnaval&#039;- r\u00f3zsalonc - T\u00e1jkert\u00e9sz<\/title>\n<meta name=\"description\" content=\"Weigela florida &#039;Carnaval&#039;- r\u00f3zsalonc t\u00f6lcs\u00e9r alak\u00fa, piros, r\u00f3zsasz\u00edn \u00e9s feh\u00e9r , vastag szirm\u00fa vir\u00e1gai vannak. Vir\u00e1gz\u00e1si ideje tavasszal\" \/>\n<meta name=\"robots\" content=\"index, follow, max-snippet:-1, max-image-preview:large, max-video-preview:-1\" \/>\n<link rel=\"canonical\" href=\"https:\/\/tajkertesz.com\/en_US\/product\/weigela-florida-carnaval-rozsalonc\/\" \/>\n<meta property=\"og:locale\" content=\"en_US\" \/>\n<meta property=\"og:type\" content=\"article\" \/>\n<meta property=\"og:title\" content=\"Weigela florida &#039;Carnaval&#039;- r\u00f3zsalonc - T\u00e1jkert\u00e9sz\" \/>\n<meta property=\"og:description\" content=\"Weigela florida &#039;Carnaval&#039;- r\u00f3zsalonc t\u00f6lcs\u00e9r alak\u00fa, piros, r\u00f3zsasz\u00edn \u00e9s feh\u00e9r , vastag szirm\u00fa vir\u00e1gai vannak. Vir\u00e1gz\u00e1si ideje tavasszal\" \/>\n<meta property=\"og:url\" content=\"https:\/\/tajkertesz.com\/en_US\/product\/weigela-florida-carnaval-rozsalonc\/\" \/>\n<meta property=\"og:site_name\" content=\"T\u00e1jkert\u00e9sz\" \/>\n<meta property=\"article:publisher\" content=\"https:\/\/www.facebook.com\/Tajkertesz\/\" \/>\n<meta property=\"article:modified_time\" content=\"2023-08-10T09:04:39+00:00\" \/>\n<meta property=\"og:image\" content=\"https:\/\/tajkertesz.com\/wp-content\/uploads\/2021\/05\/1131.jpg\" \/>\n\t<meta property=\"og:image:width\" content=\"450\" \/>\n\t<meta property=\"og:image:height\" content=\"499\" \/>\n\t<meta property=\"og:image:type\" content=\"image\/jpeg\" \/>\n<meta name=\"twitter:card\" content=\"summary_large_image\" \/>\n<meta name=\"twitter:label1\" content=\"Est. reading time\" \/>\n\t<meta name=\"twitter:data1\" content=\"2 minutes\" \/>\n<script type=\"application\/ld+json\" class=\"yoast-schema-graph\">{\"@context\":\"https:\\\/\\\/schema.org\",\"@graph\":[{\"@type\":\"WebPage\",\"@id\":\"https:\\\/\\\/tajkertesz.com\\\/termek\\\/weigela-florida-carnaval-rozsalonc\\\/\",\"url\":\"https:\\\/\\\/tajkertesz.com\\\/termek\\\/weigela-florida-carnaval-rozsalonc\\\/\",\"name\":\"Weigela florida 'Carnaval'- r\u00f3zsalonc - T\u00e1jkert\u00e9sz\",\"isPartOf\":{\"@id\":\"https:\\\/\\\/tajkertesz.com\\\/#website\"},\"primaryImageOfPage\":{\"@id\":\"https:\\\/\\\/tajkertesz.com\\\/termek\\\/weigela-florida-carnaval-rozsalonc\\\/#primaryimage\"},\"image\":{\"@id\":\"https:\\\/\\\/tajkertesz.com\\\/termek\\\/weigela-florida-carnaval-rozsalonc\\\/#primaryimage\"},\"thumbnailUrl\":\"https:\\\/\\\/tajkertesz.com\\\/wp-content\\\/uploads\\\/2021\\\/05\\\/1131.jpg\",\"datePublished\":\"2021-05-27T10:49:02+00:00\",\"dateModified\":\"2023-08-10T09:04:39+00:00\",\"description\":\"Weigela florida 'Carnaval'- r\u00f3zsalonc t\u00f6lcs\u00e9r alak\u00fa, piros, r\u00f3zsasz\u00edn \u00e9s feh\u00e9r , vastag szirm\u00fa vir\u00e1gai vannak. Vir\u00e1gz\u00e1si ideje tavasszal\",\"breadcrumb\":{\"@id\":\"https:\\\/\\\/tajkertesz.com\\\/termek\\\/weigela-florida-carnaval-rozsalonc\\\/#breadcrumb\"},\"inLanguage\":\"en-US\",\"potentialAction\":[{\"@type\":\"ReadAction\",\"target\":[\"https:\\\/\\\/tajkertesz.com\\\/termek\\\/weigela-florida-carnaval-rozsalonc\\\/\"]}]},{\"@type\":\"ImageObject\",\"inLanguage\":\"en-US\",\"@id\":\"https:\\\/\\\/tajkertesz.com\\\/termek\\\/weigela-florida-carnaval-rozsalonc\\\/#primaryimage\",\"url\":\"https:\\\/\\\/tajkertesz.com\\\/wp-content\\\/uploads\\\/2021\\\/05\\\/1131.jpg\",\"contentUrl\":\"https:\\\/\\\/tajkertesz.com\\\/wp-content\\\/uploads\\\/2021\\\/05\\\/1131.jpg\",\"width\":450,\"height\":499},{\"@type\":\"BreadcrumbList\",\"@id\":\"https:\\\/\\\/tajkertesz.com\\\/termek\\\/weigela-florida-carnaval-rozsalonc\\\/#breadcrumb\",\"itemListElement\":[{\"@type\":\"ListItem\",\"position\":1,\"name\":\"Home\",\"item\":\"https:\\\/\\\/tajkertesz.com\\\/\"},{\"@type\":\"ListItem\",\"position\":2,\"name\":\"Kezd\u0151lap\",\"item\":\"https:\\\/\\\/tajkertesz.com\\\/\"},{\"@type\":\"ListItem\",\"position\":3,\"name\":\"Weigela florida &#8216;Carnaval&#8217;- r\u00f3zsalonc\"}]},{\"@type\":\"WebSite\",\"@id\":\"https:\\\/\\\/tajkertesz.com\\\/#website\",\"url\":\"https:\\\/\\\/tajkertesz.com\\\/\",\"name\":\"T\u00e1j-Kert\u00e9sz 84 Kft.\",\"description\":\"Kert\u00e9szeti kis- \u00e9s nagykeresked\u00e9s, D\u00edszn\u00f6v\u00e9ny web\u00e1ruh\u00e1z orsz\u00e1gos h\u00e1zhozsz\u00e1ll\u00edt\u00e1ssal!\",\"publisher\":{\"@id\":\"https:\\\/\\\/tajkertesz.com\\\/#organization\"},\"potentialAction\":[{\"@type\":\"SearchAction\",\"target\":{\"@type\":\"EntryPoint\",\"urlTemplate\":\"https:\\\/\\\/tajkertesz.com\\\/?s={search_term_string}\"},\"query-input\":{\"@type\":\"PropertyValueSpecification\",\"valueRequired\":true,\"valueName\":\"search_term_string\"}}],\"inLanguage\":\"en-US\"},{\"@type\":\"Organization\",\"@id\":\"https:\\\/\\\/tajkertesz.com\\\/#organization\",\"name\":\"T\u00e1j-Kert\u00e9sz 84 Kft.\",\"url\":\"https:\\\/\\\/tajkertesz.com\\\/\",\"logo\":{\"@type\":\"ImageObject\",\"inLanguage\":\"en-US\",\"@id\":\"https:\\\/\\\/tajkertesz.com\\\/#\\\/schema\\\/logo\\\/image\\\/\",\"url\":\"https:\\\/\\\/tajkertesz.com\\\/wp-content\\\/uploads\\\/2018\\\/02\\\/logo-2-e1518678052539.png\",\"contentUrl\":\"https:\\\/\\\/tajkertesz.com\\\/wp-content\\\/uploads\\\/2018\\\/02\\\/logo-2-e1518678052539.png\",\"width\":81,\"height\":140,\"caption\":\"T\u00e1j-Kert\u00e9sz 84 Kft.\"},\"image\":{\"@id\":\"https:\\\/\\\/tajkertesz.com\\\/#\\\/schema\\\/logo\\\/image\\\/\"},\"sameAs\":[\"https:\\\/\\\/www.facebook.com\\\/Tajkertesz\\\/\"]}]}<\/script>\n<!-- \/ Yoast SEO plugin. -->","yoast_head_json":{"title":"Weigela florida 'Carnaval'- r\u00f3zsalonc - T\u00e1jkert\u00e9sz","description":"Weigela florida 'Carnaval'- r\u00f3zsalonc t\u00f6lcs\u00e9r alak\u00fa, piros, r\u00f3zsasz\u00edn \u00e9s feh\u00e9r , vastag szirm\u00fa vir\u00e1gai vannak. Vir\u00e1gz\u00e1si ideje tavasszal","robots":{"index":"index","follow":"follow","max-snippet":"max-snippet:-1","max-image-preview":"max-image-preview:large","max-video-preview":"max-video-preview:-1"},"canonical":"https:\/\/tajkertesz.com\/en_US\/product\/weigela-florida-carnaval-rozsalonc\/","og_locale":"en_US","og_type":"article","og_title":"Weigela florida 'Carnaval'- r\u00f3zsalonc - T\u00e1jkert\u00e9sz","og_description":"Weigela florida 'Carnaval'- r\u00f3zsalonc t\u00f6lcs\u00e9r alak\u00fa, piros, r\u00f3zsasz\u00edn \u00e9s feh\u00e9r , vastag szirm\u00fa vir\u00e1gai vannak. Vir\u00e1gz\u00e1si ideje tavasszal","og_url":"https:\/\/tajkertesz.com\/en_US\/product\/weigela-florida-carnaval-rozsalonc\/","og_site_name":"T\u00e1jkert\u00e9sz","article_publisher":"https:\/\/www.facebook.com\/Tajkertesz\/","article_modified_time":"2023-08-10T09:04:39+00:00","og_image":[{"width":450,"height":499,"url":"https:\/\/tajkertesz.com\/wp-content\/uploads\/2021\/05\/1131.jpg","type":"image\/jpeg"}],"twitter_card":"summary_large_image","twitter_misc":{"Est. reading time":"2 minutes"},"schema":{"@context":"https:\/\/schema.org","@graph":[{"@type":"WebPage","@id":"https:\/\/tajkertesz.com\/termek\/weigela-florida-carnaval-rozsalonc\/","url":"https:\/\/tajkertesz.com\/termek\/weigela-florida-carnaval-rozsalonc\/","name":"Weigela florida 'Carnaval'- r\u00f3zsalonc - T\u00e1jkert\u00e9sz","isPartOf":{"@id":"https:\/\/tajkertesz.com\/#website"},"primaryImageOfPage":{"@id":"https:\/\/tajkertesz.com\/termek\/weigela-florida-carnaval-rozsalonc\/#primaryimage"},"image":{"@id":"https:\/\/tajkertesz.com\/termek\/weigela-florida-carnaval-rozsalonc\/#primaryimage"},"thumbnailUrl":"https:\/\/tajkertesz.com\/wp-content\/uploads\/2021\/05\/1131.jpg","datePublished":"2021-05-27T10:49:02+00:00","dateModified":"2023-08-10T09:04:39+00:00","description":"Weigela florida 'Carnaval'- r\u00f3zsalonc t\u00f6lcs\u00e9r alak\u00fa, piros, r\u00f3zsasz\u00edn \u00e9s feh\u00e9r , vastag szirm\u00fa vir\u00e1gai vannak. Vir\u00e1gz\u00e1si ideje tavasszal","breadcrumb":{"@id":"https:\/\/tajkertesz.com\/termek\/weigela-florida-carnaval-rozsalonc\/#breadcrumb"},"inLanguage":"en-US","potentialAction":[{"@type":"ReadAction","target":["https:\/\/tajkertesz.com\/termek\/weigela-florida-carnaval-rozsalonc\/"]}]},{"@type":"ImageObject","inLanguage":"en-US","@id":"https:\/\/tajkertesz.com\/termek\/weigela-florida-carnaval-rozsalonc\/#primaryimage","url":"https:\/\/tajkertesz.com\/wp-content\/uploads\/2021\/05\/1131.jpg","contentUrl":"https:\/\/tajkertesz.com\/wp-content\/uploads\/2021\/05\/1131.jpg","width":450,"height":499},{"@type":"BreadcrumbList","@id":"https:\/\/tajkertesz.com\/termek\/weigela-florida-carnaval-rozsalonc\/#breadcrumb","itemListElement":[{"@type":"ListItem","position":1,"name":"Home","item":"https:\/\/tajkertesz.com\/"},{"@type":"ListItem","position":2,"name":"Kezd\u0151lap","item":"https:\/\/tajkertesz.com\/"},{"@type":"ListItem","position":3,"name":"Weigela florida &#8216;Carnaval&#8217;- r\u00f3zsalonc"}]},{"@type":"WebSite","@id":"https:\/\/tajkertesz.com\/#website","url":"https:\/\/tajkertesz.com\/","name":"T\u00e1j-Kert\u00e9sz 84 Kft.","description":"Kert\u00e9szeti kis- \u00e9s nagykeresked\u00e9s, D\u00edszn\u00f6v\u00e9ny web\u00e1ruh\u00e1z orsz\u00e1gos h\u00e1zhozsz\u00e1ll\u00edt\u00e1ssal!","publisher":{"@id":"https:\/\/tajkertesz.com\/#organization"},"potentialAction":[{"@type":"SearchAction","target":{"@type":"EntryPoint","urlTemplate":"https:\/\/tajkertesz.com\/?s={search_term_string}"},"query-input":{"@type":"PropertyValueSpecification","valueRequired":true,"valueName":"search_term_string"}}],"inLanguage":"en-US"},{"@type":"Organization","@id":"https:\/\/tajkertesz.com\/#organization","name":"T\u00e1j-Kert\u00e9sz 84 Kft.","url":"https:\/\/tajkertesz.com\/","logo":{"@type":"ImageObject","inLanguage":"en-US","@id":"https:\/\/tajkertesz.com\/#\/schema\/logo\/image\/","url":"https:\/\/tajkertesz.com\/wp-content\/uploads\/2018\/02\/logo-2-e1518678052539.png","contentUrl":"https:\/\/tajkertesz.com\/wp-content\/uploads\/2018\/02\/logo-2-e1518678052539.png","width":81,"height":140,"caption":"T\u00e1j-Kert\u00e9sz 84 Kft."},"image":{"@id":"https:\/\/tajkertesz.com\/#\/schema\/logo\/image\/"},"sameAs":["https:\/\/www.facebook.com\/Tajkertesz\/"]}]}},"_links":{"self":[{"href":"https:\/\/tajkertesz.com\/en_US\/wp-json\/wp\/v2\/product\/5628","targetHints":{"allow":["GET"]}}],"collection":[{"href":"https:\/\/tajkertesz.com\/en_US\/wp-json\/wp\/v2\/product"}],"about":[{"href":"https:\/\/tajkertesz.com\/en_US\/wp-json\/wp\/v2\/types\/product"}],"wp:featuredmedia":[{"embeddable":true,"href":"https:\/\/tajkertesz.com\/en_US\/wp-json\/wp\/v2\/media\/5632"}],"wp:attachment":[{"href":"https:\/\/tajkertesz.com\/en_US\/wp-json\/wp\/v2\/media?parent=5628"}],"wp:term":[{"taxonomy":"product_brand","embeddable":true,"href":"https:\/\/tajkertesz.com\/en_US\/wp-json\/wp\/v2\/product_brand?post=5628"},{"taxonomy":"product_cat","embeddable":true,"href":"https:\/\/tajkertesz.com\/en_US\/wp-json\/wp\/v2\/product_cat?post=5628"},{"taxonomy":"product_tag","embeddable":true,"href":"https:\/\/tajkertesz.com\/en_US\/wp-json\/wp\/v2\/product_tag?post=5628"}],"curies":[{"name":"wp","href":"https:\/\/api.w.org\/{rel}","templated":true}]}}