{"id":5635,"date":"2025-04-10T07:09:47","date_gmt":"2025-04-10T07:09:47","guid":{"rendered":"https:\/\/tajkertesz.com\/?post_type=product&#038;p=5635"},"modified":"2025-04-10T08:20:48","modified_gmt":"2025-04-10T08:20:48","slug":"rozsalonc-brigela-weigela-florida-brigela","status":"publish","type":"product","link":"https:\/\/tajkertesz.com\/en_US\/product\/rozsalonc-brigela-weigela-florida-brigela\/","title":{"rendered":"Weigela florida &#8216;Brigela&#8217; &#8211; R\u00f3zsalonc"},"content":{"rendered":"<h1>Weigela florida &#8216;Brigela&#8217; &#8211; R\u00f3zsalonc<\/h1>\n<p>A Weigela florida &#8216;Brigela&#8217; &#8211; R\u00f3zsalonc egy sz\u00ednpomp\u00e1s, k\u00f6nnyen nevelhet\u0151 <strong data-start=\"97\" data-end=\"111\">d\u00edszcserje<\/strong>, amit f\u0151k\u00e9nt tarka lombja \u00e9s l\u00e1tv\u00e1nyos vir\u00e1gai miatt \u00fcltetnek d\u00edszkertekbe.<\/p>\n<h2>Weigela florida &#8216;Brigela&#8217; jellemz\u0151i:<\/h2>\n<ul>\n<li class=\"\" data-start=\"564\" data-end=\"664\">\n<p class=\"\" data-start=\"566\" data-end=\"664\">Levele z\u00f6ld alapon <strong data-start=\"593\" data-end=\"615\">\u00e9l\u00e9nks\u00e1rga szeg\u00e9ly\u0171<\/strong>, amit\u0151l nagyon felt\u0171n\u0151, szinte vil\u00e1g\u00edt a kertben. \u0150sszel a lomb <strong data-start=\"681\" data-end=\"718\">narancsos vagy v\u00f6r\u00f6ses \u00e1rnyalatot<\/strong> vesz fel.<\/p>\n<\/li>\n<li data-start=\"752\" data-end=\"792\">vir\u00e1ga harang alak\u00fa sz\u00edne r\u00f3zsasz\u00edn \u2013 pirosas \u00e1rnyalat\u00fa.\u00a0 A vir\u00e1gok csoportosan jelennek meg a n\u00f6v\u00e9nyen.<\/li>\n<li class=\"\" data-start=\"844\" data-end=\"933\">\n<p class=\"\" data-start=\"846\" data-end=\"933\"><strong data-start=\"846\" data-end=\"864\">Vir\u00e1gz\u00e1s ideje<\/strong>: f\u0151k\u00e9nt <strong data-start=\"873\" data-end=\"889\">m\u00e1jus\u2013j\u00fanius<\/strong>, de enyhe \u0151sz eset\u00e9n m\u00e1sodvir\u00e1gz\u00e1sra is lehet sz\u00e1m\u00edtani.<\/p>\n<\/li>\n<\/ul>\n<h3>A r\u00f3zsalonc gondoz\u00e1sa:<\/h3>\n<ul data-start=\"1022\" data-end=\"1265\">\n<li class=\"\" data-start=\"1022\" data-end=\"1114\">\n<p class=\"\" data-start=\"1024\" data-end=\"1114\"><strong data-start=\"1024\" data-end=\"1037\">F\u00e9nyig\u00e9ny<\/strong>: napos vagy f\u00e9l\u00e1rny\u00e9kos helyet kedvel, de napos helyen vir\u00e1gzik a legszebben.<\/p>\n<\/li>\n<li class=\"\" data-start=\"1115\" data-end=\"1201\">\n<p class=\"\" data-start=\"1117\" data-end=\"1201\"><strong data-start=\"1117\" data-end=\"1126\">Talaj<\/strong>: j\u00f3 v\u00edz\u00e1tereszt\u0151, t\u00e1panyagban gazdag, semleges vagy enyh\u00e9n savas k\u00e9mhat\u00e1s\u00fa talajba \u00fcltess\u00fck.<\/p>\n<\/li>\n<li class=\"\" data-start=\"1202\" data-end=\"1265\">\n<p class=\"\" data-start=\"1204\" data-end=\"1265\"><strong data-start=\"1204\" data-end=\"1216\">V\u00edzig\u00e9ny<\/strong>: m\u00e9rs\u00e9kelt, de sz\u00e1razabb id\u0151szakban \u00f6nt\u00f6zni kell.<\/p>\n<\/li>\n<li class=\"\" data-start=\"1292\" data-end=\"1423\">\n<p class=\"\" data-start=\"1294\" data-end=\"1423\"><strong data-start=\"1294\" data-end=\"1305\">Metsz\u00e9s<\/strong>: vir\u00e1gz\u00e1s ut\u00e1n \u00e9rdemes visszametszeni az elny\u00edlt hajt\u00e1sokat, hogy sz\u00e9p form\u00e1s maradjon a n\u00f6v\u00e9ny, \u00e9s ezzel \u00f6szt\u00f6n\u00f6zz\u00fck az \u00faj vir\u00e1gz\u00e1st.<\/p>\n<\/li>\n<li class=\"\" data-start=\"1424\" data-end=\"1500\">\n<p class=\"\" data-start=\"1426\" data-end=\"1500\"><strong data-start=\"1426\" data-end=\"1442\">T\u00e9li v\u00e9delem<\/strong>: fagyt\u0171r\u0151, de fiatalabb p\u00e9ld\u00e1nyokat t\u00e9len \u00e9rdemes takarni.<\/p>\n<\/li>\n<\/ul>\n<p>&nbsp;<\/p>\n<p><b>K\u00e9szlet\u00fcnk napi szinten v\u00e1ltozik, ez\u00e9rt k\u00e9rj\u00fck, \u00e9rdekl\u0151dj\u00f6n szem\u00e9lyesen, telefonon vagy email-en.<br \/>\nA v\u00e1ltoztat\u00e1s jog\u00e1t fenntartjuk!<\/b><b>\u00a0<\/b><\/p>\n<p><a href=\"https:\/\/tajkertesz.com\/\">https:\/\/tajkertesz.com\/<\/a><\/p>\n<p><a href=\"https:\/\/www.facebook.com\/tajkertesz\/\">https:\/\/www.facebook.com\/tajkertesz\/<\/a><\/p>\n<p>Kisz\u00e1ll\u00edt\u00e1s: 200cm-ig \u00e9s 40 kg-ig a sz\u00e1ll\u00edt\u00e1s fut\u00e1rszolg\u00e1lattal t\u00f6rt\u00e9nik.<\/p>\n<p>Szem\u00e9lyes \u00e1tv\u00e9tel nyitvatart\u00e1si id\u0151ben a 17. ker\u00fclet Bakancsos utca 7. sz\u00e1m alatti Kert\u00e9szeti \u00e1rud\u00e1nkban.<\/p>\n<p>Kert\u00e9p\u00edt\u0151k \u00e9s viszontelad\u00f3k regisztr\u00e1l\u00e1s ut\u00e1n egyedi kedvezm\u00e9nnyel v\u00e1s\u00e1rolhatnak kert\u00e9szeti kis-\u00e9s nagykeresked\u00e9s\u00fcnkben.<\/p>\n<p><strong>Az \u00e1rak egy darab term\u00e9kre vonatkoznak.<\/strong><\/p>\n<p><strong>J\u00f3 tudni!<\/strong><\/p>\n<p>K\u00e9pek-elt\u00e9r\u00e9sek:<\/p>\n<p>A n\u00f6v\u00e9nyekr\u0151l felt\u00f6lt\u00f6tt k\u00e9pek illusztr\u00e1ci\u00f3k. N\u00f6v\u00e9nyekn\u00e9l el\u0151fordulhatnak minim\u00e1lis elt\u00e9r\u00e9sek a k\u00e9peken szerepl\u0151 n\u00f6v\u00e9nyek \u00e9s az \u00e1tvett n\u00f6v\u00e9nyek k\u00f6z\u00f6tt, mivel minden n\u00f6v\u00e9ny egyedi.<\/p>\n<h4>N\u00f6v\u00e9nyek sz\u00e1ll\u00edt\u00e1sa:<\/h4>\n<p>A megrendelt n\u00f6v\u00e9nyeket igyeksz\u00fcnk a lehet\u0151 legbiztons\u00e1gosabban egyes\u00e9vel csomagolni, azonban a sz\u00e1ll\u00edt\u00e1s sor\u00e1n m\u00e9g ennek ellen\u00e9re is\u00a0bek\u00f6vetkezhetnek apr\u00f3bb s\u00e9r\u00fcl\u00e9sek (lev\u00e9l- vagy vir\u00e1ghull\u00e1s).<br \/>\nN\u00f6v\u00e9ny rendel\u00e9s eset\u00e9n k\u00e9rj\u00fck a k\u00e9zbes\u00edt\u00e9st k\u00f6vet\u0151en a lehet\u0151 leghamarabb bonts\u00e1k ki a csomagot.<\/p>\n<p>Abban az esetben, ha a megrendelt n\u00f6v\u00e9ny\u00a0a sz\u00e1ll\u00edt\u00e1st k\u00f6vet\u0151en\u00a0nem megfelel\u0151 gondoz\u00e1sban r\u00e9szes\u00fcl \u00e9s ebb\u0151l kifoly\u00f3lag\u00a0k\u00e1rosodik,\u00a0elpusztul, felel\u0151ss\u00e9get sajnos nem tudunk v\u00e1llalni.<\/p>\n<p>V\u00e1s\u00e1rl\u00e1st\u00f3l val\u00f3 el\u00e1ll\u00e1s \u00e9l\u0151 n\u00f6v\u00e9ny v\u00e1s\u00e1rl\u00e1sa eset\u00e9n:<\/p>\n<p>Az \u00e1ltal\u00e1nos 14 napos el\u00e1ll\u00e1s lehet\u0151s\u00e9ge \u00e9l\u0151 n\u00f6v\u00e9nyekre nem vonatkozik. V\u00e1s\u00e1rl\u00e1st\u00f3l val\u00f3 el\u00e1ll\u00e1sra, visszak\u00fcld\u00e9sre nincs lehet\u0151s\u00e9g.\u00a0(17\/1999. (II. 5.) Korm. rendelet 5c pontja)<\/p>\n<p><strong>K\u00e9rj\u00fck fentiek figyelembev\u00e9tel\u00e9t n\u00f6v\u00e9ny rendel\u00e9se sor\u00e1n!<\/strong><\/p>","protected":false},"excerpt":{"rendered":"<p>A n\u00f6v\u00e9ny jelenlegi m\u00e9rete: 40\/60 cm magas, 5 literes kont\u00e9nerben.<\/p>","protected":false},"featured_media":5629,"template":"","meta":{"_et_pb_use_builder":"","_et_pb_old_content":"","_et_gb_content_width":""},"product_brand":[],"product_cat":[27],"product_tag":[73,427,1428,5778],"class_list":{"0":"post-5635","1":"product","2":"type-product","3":"status-publish","4":"has-post-thumbnail","6":"product_cat-cserjek","7":"product_tag-cserje","8":"product_tag-rozsalonc","9":"product_tag-viragzo","10":"product_tag-weigela-florida-brigela","12":"first","13":"instock","14":"shipping-taxable","15":"purchasable","16":"product-type-simple"},"yoast_head":"<!-- This site is optimized with the Yoast SEO plugin v27.4 - https:\/\/yoast.com\/product\/yoast-seo-wordpress\/ -->\n<title>Weigela florida &#039;Brigela&#039; - R\u00f3zsalonc - T\u00e1jkert\u00e9sz<\/title>\n<meta name=\"description\" content=\"R\u00f3zsalonc &#039;Brigela&#039; - Weigela florida &#039;Brigela&#039; vir\u00e1gos lombhullat\u00f3 kerti cserje. Levele toj\u00e1sdad alak\u00fa, cs\u00facsos v\u00e9g\u0171, f\u0171r\u00e9szes sz\u00e9l\u0171\" \/>\n<meta name=\"robots\" content=\"index, follow, max-snippet:-1, max-image-preview:large, max-video-preview:-1\" \/>\n<link rel=\"canonical\" href=\"https:\/\/tajkertesz.com\/en_US\/product\/rozsalonc-brigela-weigela-florida-brigela\/\" \/>\n<meta property=\"og:locale\" content=\"en_US\" \/>\n<meta property=\"og:type\" content=\"article\" \/>\n<meta property=\"og:title\" content=\"Weigela florida &#039;Brigela&#039; - R\u00f3zsalonc - T\u00e1jkert\u00e9sz\" \/>\n<meta property=\"og:description\" content=\"R\u00f3zsalonc &#039;Brigela&#039; - Weigela florida &#039;Brigela&#039; vir\u00e1gos lombhullat\u00f3 kerti cserje. Levele toj\u00e1sdad alak\u00fa, cs\u00facsos v\u00e9g\u0171, f\u0171r\u00e9szes sz\u00e9l\u0171\" \/>\n<meta property=\"og:url\" content=\"https:\/\/tajkertesz.com\/en_US\/product\/rozsalonc-brigela-weigela-florida-brigela\/\" \/>\n<meta property=\"og:site_name\" content=\"T\u00e1jkert\u00e9sz\" \/>\n<meta property=\"article:publisher\" content=\"https:\/\/www.facebook.com\/Tajkertesz\/\" \/>\n<meta property=\"article:modified_time\" content=\"2025-04-10T08:20:48+00:00\" \/>\n<meta property=\"og:image\" content=\"https:\/\/tajkertesz.com\/wp-content\/uploads\/2021\/05\/weigela-brigella.jpg\" \/>\n\t<meta property=\"og:image:width\" content=\"800\" \/>\n\t<meta property=\"og:image:height\" content=\"639\" \/>\n\t<meta property=\"og:image:type\" content=\"image\/jpeg\" \/>\n<meta name=\"twitter:card\" content=\"summary_large_image\" \/>\n<meta name=\"twitter:label1\" content=\"Est. reading time\" \/>\n\t<meta name=\"twitter:data1\" content=\"2 minutes\" \/>\n<script type=\"application\/ld+json\" class=\"yoast-schema-graph\">{\"@context\":\"https:\\\/\\\/schema.org\",\"@graph\":[{\"@type\":\"WebPage\",\"@id\":\"https:\\\/\\\/tajkertesz.com\\\/termek\\\/rozsalonc-brigela-weigela-florida-brigela\\\/\",\"url\":\"https:\\\/\\\/tajkertesz.com\\\/termek\\\/rozsalonc-brigela-weigela-florida-brigela\\\/\",\"name\":\"Weigela florida 'Brigela' - R\u00f3zsalonc - T\u00e1jkert\u00e9sz\",\"isPartOf\":{\"@id\":\"https:\\\/\\\/tajkertesz.com\\\/#website\"},\"primaryImageOfPage\":{\"@id\":\"https:\\\/\\\/tajkertesz.com\\\/termek\\\/rozsalonc-brigela-weigela-florida-brigela\\\/#primaryimage\"},\"image\":{\"@id\":\"https:\\\/\\\/tajkertesz.com\\\/termek\\\/rozsalonc-brigela-weigela-florida-brigela\\\/#primaryimage\"},\"thumbnailUrl\":\"https:\\\/\\\/tajkertesz.com\\\/wp-content\\\/uploads\\\/2021\\\/05\\\/weigela-brigella.jpg\",\"datePublished\":\"2025-04-10T07:09:47+00:00\",\"dateModified\":\"2025-04-10T08:20:48+00:00\",\"description\":\"R\u00f3zsalonc 'Brigela' - Weigela florida 'Brigela' vir\u00e1gos lombhullat\u00f3 kerti cserje. Levele toj\u00e1sdad alak\u00fa, cs\u00facsos v\u00e9g\u0171, f\u0171r\u00e9szes sz\u00e9l\u0171\",\"breadcrumb\":{\"@id\":\"https:\\\/\\\/tajkertesz.com\\\/termek\\\/rozsalonc-brigela-weigela-florida-brigela\\\/#breadcrumb\"},\"inLanguage\":\"en-US\",\"potentialAction\":[{\"@type\":\"ReadAction\",\"target\":[\"https:\\\/\\\/tajkertesz.com\\\/termek\\\/rozsalonc-brigela-weigela-florida-brigela\\\/\"]}]},{\"@type\":\"ImageObject\",\"inLanguage\":\"en-US\",\"@id\":\"https:\\\/\\\/tajkertesz.com\\\/termek\\\/rozsalonc-brigela-weigela-florida-brigela\\\/#primaryimage\",\"url\":\"https:\\\/\\\/tajkertesz.com\\\/wp-content\\\/uploads\\\/2021\\\/05\\\/weigela-brigella.jpg\",\"contentUrl\":\"https:\\\/\\\/tajkertesz.com\\\/wp-content\\\/uploads\\\/2021\\\/05\\\/weigela-brigella.jpg\",\"width\":800,\"height\":639,\"caption\":\"R\u00f3zsalonc 'Brigela' - Weigela florida 'Brigela'\"},{\"@type\":\"BreadcrumbList\",\"@id\":\"https:\\\/\\\/tajkertesz.com\\\/termek\\\/rozsalonc-brigela-weigela-florida-brigela\\\/#breadcrumb\",\"itemListElement\":[{\"@type\":\"ListItem\",\"position\":1,\"name\":\"Home\",\"item\":\"https:\\\/\\\/tajkertesz.com\\\/\"},{\"@type\":\"ListItem\",\"position\":2,\"name\":\"Kezd\u0151lap\",\"item\":\"https:\\\/\\\/tajkertesz.com\\\/\"},{\"@type\":\"ListItem\",\"position\":3,\"name\":\"Weigela florida &#8216;Brigela&#8217; &#8211; R\u00f3zsalonc\"}]},{\"@type\":\"WebSite\",\"@id\":\"https:\\\/\\\/tajkertesz.com\\\/#website\",\"url\":\"https:\\\/\\\/tajkertesz.com\\\/\",\"name\":\"T\u00e1j-Kert\u00e9sz 84 Kft.\",\"description\":\"Kert\u00e9szeti kis- \u00e9s nagykeresked\u00e9s, D\u00edszn\u00f6v\u00e9ny web\u00e1ruh\u00e1z orsz\u00e1gos h\u00e1zhozsz\u00e1ll\u00edt\u00e1ssal!\",\"publisher\":{\"@id\":\"https:\\\/\\\/tajkertesz.com\\\/#organization\"},\"potentialAction\":[{\"@type\":\"SearchAction\",\"target\":{\"@type\":\"EntryPoint\",\"urlTemplate\":\"https:\\\/\\\/tajkertesz.com\\\/?s={search_term_string}\"},\"query-input\":{\"@type\":\"PropertyValueSpecification\",\"valueRequired\":true,\"valueName\":\"search_term_string\"}}],\"inLanguage\":\"en-US\"},{\"@type\":\"Organization\",\"@id\":\"https:\\\/\\\/tajkertesz.com\\\/#organization\",\"name\":\"T\u00e1j-Kert\u00e9sz 84 Kft.\",\"url\":\"https:\\\/\\\/tajkertesz.com\\\/\",\"logo\":{\"@type\":\"ImageObject\",\"inLanguage\":\"en-US\",\"@id\":\"https:\\\/\\\/tajkertesz.com\\\/#\\\/schema\\\/logo\\\/image\\\/\",\"url\":\"https:\\\/\\\/tajkertesz.com\\\/wp-content\\\/uploads\\\/2018\\\/02\\\/logo-2-e1518678052539.png\",\"contentUrl\":\"https:\\\/\\\/tajkertesz.com\\\/wp-content\\\/uploads\\\/2018\\\/02\\\/logo-2-e1518678052539.png\",\"width\":81,\"height\":140,\"caption\":\"T\u00e1j-Kert\u00e9sz 84 Kft.\"},\"image\":{\"@id\":\"https:\\\/\\\/tajkertesz.com\\\/#\\\/schema\\\/logo\\\/image\\\/\"},\"sameAs\":[\"https:\\\/\\\/www.facebook.com\\\/Tajkertesz\\\/\"]}]}<\/script>\n<!-- \/ Yoast SEO plugin. -->","yoast_head_json":{"title":"Weigela florida 'Brigela' - R\u00f3zsalonc - T\u00e1jkert\u00e9sz","description":"R\u00f3zsalonc 'Brigela' - Weigela florida 'Brigela' vir\u00e1gos lombhullat\u00f3 kerti cserje. Levele toj\u00e1sdad alak\u00fa, cs\u00facsos v\u00e9g\u0171, f\u0171r\u00e9szes sz\u00e9l\u0171","robots":{"index":"index","follow":"follow","max-snippet":"max-snippet:-1","max-image-preview":"max-image-preview:large","max-video-preview":"max-video-preview:-1"},"canonical":"https:\/\/tajkertesz.com\/en_US\/product\/rozsalonc-brigela-weigela-florida-brigela\/","og_locale":"en_US","og_type":"article","og_title":"Weigela florida 'Brigela' - R\u00f3zsalonc - T\u00e1jkert\u00e9sz","og_description":"R\u00f3zsalonc 'Brigela' - Weigela florida 'Brigela' vir\u00e1gos lombhullat\u00f3 kerti cserje. Levele toj\u00e1sdad alak\u00fa, cs\u00facsos v\u00e9g\u0171, f\u0171r\u00e9szes sz\u00e9l\u0171","og_url":"https:\/\/tajkertesz.com\/en_US\/product\/rozsalonc-brigela-weigela-florida-brigela\/","og_site_name":"T\u00e1jkert\u00e9sz","article_publisher":"https:\/\/www.facebook.com\/Tajkertesz\/","article_modified_time":"2025-04-10T08:20:48+00:00","og_image":[{"width":800,"height":639,"url":"https:\/\/tajkertesz.com\/wp-content\/uploads\/2021\/05\/weigela-brigella.jpg","type":"image\/jpeg"}],"twitter_card":"summary_large_image","twitter_misc":{"Est. reading time":"2 minutes"},"schema":{"@context":"https:\/\/schema.org","@graph":[{"@type":"WebPage","@id":"https:\/\/tajkertesz.com\/termek\/rozsalonc-brigela-weigela-florida-brigela\/","url":"https:\/\/tajkertesz.com\/termek\/rozsalonc-brigela-weigela-florida-brigela\/","name":"Weigela florida 'Brigela' - R\u00f3zsalonc - T\u00e1jkert\u00e9sz","isPartOf":{"@id":"https:\/\/tajkertesz.com\/#website"},"primaryImageOfPage":{"@id":"https:\/\/tajkertesz.com\/termek\/rozsalonc-brigela-weigela-florida-brigela\/#primaryimage"},"image":{"@id":"https:\/\/tajkertesz.com\/termek\/rozsalonc-brigela-weigela-florida-brigela\/#primaryimage"},"thumbnailUrl":"https:\/\/tajkertesz.com\/wp-content\/uploads\/2021\/05\/weigela-brigella.jpg","datePublished":"2025-04-10T07:09:47+00:00","dateModified":"2025-04-10T08:20:48+00:00","description":"R\u00f3zsalonc 'Brigela' - Weigela florida 'Brigela' vir\u00e1gos lombhullat\u00f3 kerti cserje. Levele toj\u00e1sdad alak\u00fa, cs\u00facsos v\u00e9g\u0171, f\u0171r\u00e9szes sz\u00e9l\u0171","breadcrumb":{"@id":"https:\/\/tajkertesz.com\/termek\/rozsalonc-brigela-weigela-florida-brigela\/#breadcrumb"},"inLanguage":"en-US","potentialAction":[{"@type":"ReadAction","target":["https:\/\/tajkertesz.com\/termek\/rozsalonc-brigela-weigela-florida-brigela\/"]}]},{"@type":"ImageObject","inLanguage":"en-US","@id":"https:\/\/tajkertesz.com\/termek\/rozsalonc-brigela-weigela-florida-brigela\/#primaryimage","url":"https:\/\/tajkertesz.com\/wp-content\/uploads\/2021\/05\/weigela-brigella.jpg","contentUrl":"https:\/\/tajkertesz.com\/wp-content\/uploads\/2021\/05\/weigela-brigella.jpg","width":800,"height":639,"caption":"R\u00f3zsalonc 'Brigela' - Weigela florida 'Brigela'"},{"@type":"BreadcrumbList","@id":"https:\/\/tajkertesz.com\/termek\/rozsalonc-brigela-weigela-florida-brigela\/#breadcrumb","itemListElement":[{"@type":"ListItem","position":1,"name":"Home","item":"https:\/\/tajkertesz.com\/"},{"@type":"ListItem","position":2,"name":"Kezd\u0151lap","item":"https:\/\/tajkertesz.com\/"},{"@type":"ListItem","position":3,"name":"Weigela florida &#8216;Brigela&#8217; &#8211; R\u00f3zsalonc"}]},{"@type":"WebSite","@id":"https:\/\/tajkertesz.com\/#website","url":"https:\/\/tajkertesz.com\/","name":"T\u00e1j-Kert\u00e9sz 84 Kft.","description":"Kert\u00e9szeti kis- \u00e9s nagykeresked\u00e9s, D\u00edszn\u00f6v\u00e9ny web\u00e1ruh\u00e1z orsz\u00e1gos h\u00e1zhozsz\u00e1ll\u00edt\u00e1ssal!","publisher":{"@id":"https:\/\/tajkertesz.com\/#organization"},"potentialAction":[{"@type":"SearchAction","target":{"@type":"EntryPoint","urlTemplate":"https:\/\/tajkertesz.com\/?s={search_term_string}"},"query-input":{"@type":"PropertyValueSpecification","valueRequired":true,"valueName":"search_term_string"}}],"inLanguage":"en-US"},{"@type":"Organization","@id":"https:\/\/tajkertesz.com\/#organization","name":"T\u00e1j-Kert\u00e9sz 84 Kft.","url":"https:\/\/tajkertesz.com\/","logo":{"@type":"ImageObject","inLanguage":"en-US","@id":"https:\/\/tajkertesz.com\/#\/schema\/logo\/image\/","url":"https:\/\/tajkertesz.com\/wp-content\/uploads\/2018\/02\/logo-2-e1518678052539.png","contentUrl":"https:\/\/tajkertesz.com\/wp-content\/uploads\/2018\/02\/logo-2-e1518678052539.png","width":81,"height":140,"caption":"T\u00e1j-Kert\u00e9sz 84 Kft."},"image":{"@id":"https:\/\/tajkertesz.com\/#\/schema\/logo\/image\/"},"sameAs":["https:\/\/www.facebook.com\/Tajkertesz\/"]}]}},"_links":{"self":[{"href":"https:\/\/tajkertesz.com\/en_US\/wp-json\/wp\/v2\/product\/5635","targetHints":{"allow":["GET"]}}],"collection":[{"href":"https:\/\/tajkertesz.com\/en_US\/wp-json\/wp\/v2\/product"}],"about":[{"href":"https:\/\/tajkertesz.com\/en_US\/wp-json\/wp\/v2\/types\/product"}],"wp:featuredmedia":[{"embeddable":true,"href":"https:\/\/tajkertesz.com\/en_US\/wp-json\/wp\/v2\/media\/5629"}],"wp:attachment":[{"href":"https:\/\/tajkertesz.com\/en_US\/wp-json\/wp\/v2\/media?parent=5635"}],"wp:term":[{"taxonomy":"product_brand","embeddable":true,"href":"https:\/\/tajkertesz.com\/en_US\/wp-json\/wp\/v2\/product_brand?post=5635"},{"taxonomy":"product_cat","embeddable":true,"href":"https:\/\/tajkertesz.com\/en_US\/wp-json\/wp\/v2\/product_cat?post=5635"},{"taxonomy":"product_tag","embeddable":true,"href":"https:\/\/tajkertesz.com\/en_US\/wp-json\/wp\/v2\/product_tag?post=5635"}],"curies":[{"name":"wp","href":"https:\/\/api.w.org\/{rel}","templated":true}]}}