{"id":5646,"date":"2025-04-02T08:20:58","date_gmt":"2025-04-02T08:20:58","guid":{"rendered":"https:\/\/tajkertesz.com\/?post_type=product&#038;p=5646"},"modified":"2025-04-02T08:27:35","modified_gmt":"2025-04-02T08:27:35","slug":"cornus-stolonifera-flaviramea-sargavesszos-som","status":"publish","type":"product","link":"https:\/\/tajkertesz.com\/en_US\/product\/cornus-stolonifera-flaviramea-sargavesszos-som\/","title":{"rendered":"Cornus stolonifera \u2019Flaviramea\u2019 &#8211; S\u00e1rgavessz\u0151s som"},"content":{"rendered":"<h1>Cornus stolonifera \u2019Flaviramea\u2019 &#8211; S\u00e1rgavessz\u0151s som<\/h1>\n<p>Cornus stolonifera \u2019Flaviramea\u2019 &#8211; S\u00e1rgavessz\u0151s som\u00a0 egy vonz\u00f3 \u00e9s k\u00fcl\u00f6nleges n\u00f6v\u00e9ny, amely k\u00fcl\u00f6n\u00f6sen t\u00e9len \u00e9s \u0151sszel emelkedik ki d\u00edsz\u00edt\u0151 jelleg\u00e9vel. Ha egy sz\u00ednes \u00e9s k\u00f6nnyen gondozhat\u00f3 cserj\u00e9t keresel, ez a n\u00f6v\u00e9ny remek v\u00e1laszt\u00e1s lehet.<\/p>\n<h2>Cornus stolonifera \u2019Flaviramea\u2019 jellemz\u0151i:<\/h2>\n<p>A <em data-start=\"278\" data-end=\"309\">Cornus stolonifera &#8216;Flaviramea&#8217;<\/em> egy k\u00f6zepes m\u00e9ret\u0171 cserje, amely el\u00e9rheti az 1,5\u20133 m\u00e9ter magasra \u00e9s hasonl\u00f3 sz\u00e9less\u00e9gre is. Jellemz\u0151je a s\u00e1rga vessz\u0151k, amelyek a t\u00e9li h\u00f3napokban k\u00fcl\u00f6n\u00f6sen dekorat\u00edvak. A levelei z\u00f6ldek, ov\u00e1lis form\u00e1j\u00faak, \u00e9s tavasszal \u00e9s ny\u00e1ron jelennek meg. \u0150sszel a levelek s\u00e1rg\u00e1s-v\u00f6r\u00f6ses \u00e1rnyalatokat vehetnek fel, fokozva a n\u00f6v\u00e9ny d\u00edsz\u00edt\u0151 \u00e9rt\u00e9k\u00e9t. Tavasszal apr\u00f3, feh\u00e9r vir\u00e1gokkal bor\u00edtja a n\u00f6v\u00e9ny, melyek a vir\u00e1gz\u00e1si id\u0151szak v\u00e9g\u00e9n kis bogy\u00f3kk\u00e1 fejl\u0151dnek, amelyek a k\u00e9s\u0151bbiekben k\u00e9kes-fekete sz\u00edn\u0171ek lehetnek.<\/p>\n<h3>S\u00e1rgavessz\u0151s som gondoz\u00e1sa:<\/h3>\n<p class=\"\" data-start=\"226\" data-end=\"407\">Napos vagy f\u00e9l\u00e1rny\u00e9kos helyet kedvel.\u00a0 Ha t\u00fal sok \u00e1rny\u00e9kot kap, el\u0151fordulhat, hogy a n\u00f6v\u00e9ny nem vir\u00e1gzik \u00e9s a vessz\u0151k sz\u00edn\u00e9nek intenzit\u00e1sa is cs\u00f6kkenhet.<\/p>\n<p class=\"\" data-start=\"557\" data-end=\"714\">Talajban nem v\u00e1logat\u00f3s, de ne legyen t\u00fal sz\u00e1raz, mert v\u00edzig\u00e9nyes n\u00f6v\u00e9ny. K\u00fcl\u00f6n\u00f6sen ny\u00e1ron, sz\u00e1razabb id\u0151szakokban fontos a rendszeres \u00f6nt\u00f6z\u00e9s, hogy a talaj ne sz\u00e1radjon ki.<\/p>\n<p><b>K\u00e9szlet\u00fcnk napi szinten v\u00e1ltozik, ez\u00e9rt k\u00e9rj\u00fck, \u00e9rdekl\u0151dj\u00f6n szem\u00e9lyesen, telefonon vagy email-en.<br \/>\nA v\u00e1ltoztat\u00e1s jog\u00e1t fenntartjuk!<\/b><b>\u00a0 <\/b><\/p>\n<p><a href=\"https:\/\/tajkertesz.com\/\">https:\/\/tajkertesz.com\/<\/a><\/p>\n<p><a href=\"https:\/\/www.facebook.com\/tajkertesz\/\">https:\/\/www.facebook.com\/tajkertesz\/ <\/a><\/p>\n<p>Kisz\u00e1ll\u00edt\u00e1s: 200cm-ig \u00e9s 40 kg-ig a sz\u00e1ll\u00edt\u00e1s fut\u00e1rszolg\u00e1lattal t\u00f6rt\u00e9nik.<\/p>\n<p>Szem\u00e9lyes \u00e1tv\u00e9tel nyitvatart\u00e1si id\u0151ben a 17. ker\u00fclet Bakancsos utca 7. sz\u00e1m alatti Kert\u00e9szeti \u00e1rud\u00e1nkban.<\/p>\n<p>Kert\u00e9p\u00edt\u0151k \u00e9s viszontelad\u00f3k regisztr\u00e1l\u00e1s ut\u00e1n egyedi kedvezm\u00e9nnyel v\u00e1s\u00e1rolhatnak kert\u00e9szeti kis-\u00e9s nagykeresked\u00e9s\u00fcnkben.<\/p>\n<p><strong>Az \u00e1rak egy darab term\u00e9kre vonatkoznak.<\/strong><\/p>\n<p><strong>J\u00f3 tudni!<\/strong><\/p>\n<p>K\u00e9pek-elt\u00e9r\u00e9sek:<\/p>\n<p>A n\u00f6v\u00e9nyekr\u0151l felt\u00f6lt\u00f6tt k\u00e9pek illusztr\u00e1ci\u00f3k. N\u00f6v\u00e9nyekn\u00e9l el\u0151fordulhatnak minim\u00e1lis elt\u00e9r\u00e9sek a k\u00e9peken szerepl\u0151 n\u00f6v\u00e9nyek \u00e9s az \u00e1tvett n\u00f6v\u00e9nyek k\u00f6z\u00f6tt, mivel minden n\u00f6v\u00e9ny egyedi.<\/p>\n<h4>N\u00f6v\u00e9nyek sz\u00e1ll\u00edt\u00e1sa:<\/h4>\n<p>A megrendelt n\u00f6v\u00e9nyeket igyeksz\u00fcnk a lehet\u0151 legbiztons\u00e1gosabban egyes\u00e9vel csomagolni, azonban a sz\u00e1ll\u00edt\u00e1s sor\u00e1n m\u00e9g ennek ellen\u00e9re is\u00a0bek\u00f6vetkezhetnek apr\u00f3bb s\u00e9r\u00fcl\u00e9sek (lev\u00e9l- vagy vir\u00e1ghull\u00e1s).<br \/>\nN\u00f6v\u00e9ny rendel\u00e9s eset\u00e9n k\u00e9rj\u00fck a k\u00e9zbes\u00edt\u00e9st k\u00f6vet\u0151en a lehet\u0151 leghamarabb bonts\u00e1k ki a csomagot.<\/p>\n<p>Abban az esetben, ha a megrendelt n\u00f6v\u00e9ny\u00a0a sz\u00e1ll\u00edt\u00e1st k\u00f6vet\u0151en\u00a0nem megfelel\u0151 gondoz\u00e1sban r\u00e9szes\u00fcl \u00e9s ebb\u0151l kifoly\u00f3lag\u00a0k\u00e1rosodik,\u00a0elpusztul, felel\u0151ss\u00e9get sajnos nem tudunk v\u00e1llalni.<\/p>\n<p>V\u00e1s\u00e1rl\u00e1st\u00f3l val\u00f3 el\u00e1ll\u00e1s \u00e9l\u0151 n\u00f6v\u00e9ny v\u00e1s\u00e1rl\u00e1sa eset\u00e9n:<\/p>\n<p>Az \u00e1ltal\u00e1nos 14 napos el\u00e1ll\u00e1s lehet\u0151s\u00e9ge \u00e9l\u0151 n\u00f6v\u00e9nyekre nem vonatkozik. V\u00e1s\u00e1rl\u00e1st\u00f3l val\u00f3 el\u00e1ll\u00e1sra, visszak\u00fcld\u00e9sre nincs lehet\u0151s\u00e9g.\u00a0(17\/1999. (II. 5.) Korm. rendelet 5c pontja)<\/p>\n<p><strong>K\u00e9rj\u00fck fentiek figyelembev\u00e9tel\u00e9t n\u00f6v\u00e9ny rendel\u00e9se sor\u00e1n!<\/strong><\/p>\n<p>&nbsp;<\/p>\n<p>&nbsp;<\/p>\n<p>&nbsp;<\/p>","protected":false},"excerpt":{"rendered":"<p>A Cornus stolonifera \u2019Flaviramea\u2019,S\u00e1rgavessz\u0151s som kb. 50-60 cm levelei mellett vir\u00e1gaival \u00e9s term\u00e9seivel is d\u00edsz\u00edt\u0151 n\u00f6v\u00e9ny.<\/p>\n<p>K\u00f6z\u00e9pmagas, kifejlett kor\u00e1ban 2-3 m\u00e9tert el\u00e9r\u0151 n\u00f6v\u00e9ny. Lombj\u00e1nak sz\u00edne z\u00f6ld. Vir\u00e1gainak sz\u00edne feh\u00e9r. Ny\u00e1r elej\u00e9n, j\u00faniusban vir\u00e1gzik.<br \/>\nTerm\u00e9s\u00e9nek sz\u00edne feh\u00e9r, vessz\u0151i s\u00e1rg\u00e1k, amely a t\u00e9li kert \u00fcde sz\u00ednfoltja lehet.<\/p>","protected":false},"featured_media":23034,"template":"","meta":{"_et_pb_use_builder":"","_et_pb_old_content":"","_et_gb_content_width":""},"product_brand":[],"product_cat":[27],"product_tag":[276,4255,277,218],"class_list":{"0":"post-5646","1":"product","2":"type-product","3":"status-publish","4":"has-post-thumbnail","6":"product_cat-cserjek","7":"product_tag-cornus-stolonifera-flaviramea","8":"product_tag-flaviramea","9":"product_tag-sargavesszos-som","10":"product_tag-som","12":"first","13":"instock","14":"shipping-taxable","15":"purchasable","16":"product-type-simple"},"yoast_head":"<!-- This site is optimized with the Yoast SEO plugin v27.3 - https:\/\/yoast.com\/product\/yoast-seo-wordpress\/ -->\n<title>Cornus stolonifera \u2019Flaviramea\u2019 - S\u00e1rgavessz\u0151s som - T\u00e1jkert\u00e9sz<\/title>\n<meta name=\"description\" content=\"A Cornus stolonifera \u2019Flaviramea\u2019,S\u00e1rgavessz\u0151s som levelei mellett vir\u00e1gaival \u00e9s term\u00e9seivel is d\u00edsz\u00edt\u0151 n\u00f6v\u00e9ny.\u00a0Vir\u00e1gainak sz\u00edne feh\u00e9r.\" \/>\n<meta name=\"robots\" content=\"index, follow, max-snippet:-1, max-image-preview:large, max-video-preview:-1\" \/>\n<link rel=\"canonical\" href=\"https:\/\/tajkertesz.com\/en_US\/product\/cornus-stolonifera-flaviramea-sargavesszos-som\/\" \/>\n<meta property=\"og:locale\" content=\"en_US\" \/>\n<meta property=\"og:type\" content=\"article\" \/>\n<meta property=\"og:title\" content=\"Cornus stolonifera \u2019Flaviramea\u2019 - S\u00e1rgavessz\u0151s som - T\u00e1jkert\u00e9sz\" \/>\n<meta property=\"og:description\" content=\"A Cornus stolonifera \u2019Flaviramea\u2019,S\u00e1rgavessz\u0151s som levelei mellett vir\u00e1gaival \u00e9s term\u00e9seivel is d\u00edsz\u00edt\u0151 n\u00f6v\u00e9ny.\u00a0Vir\u00e1gainak sz\u00edne feh\u00e9r.\" \/>\n<meta property=\"og:url\" content=\"https:\/\/tajkertesz.com\/en_US\/product\/cornus-stolonifera-flaviramea-sargavesszos-som\/\" \/>\n<meta property=\"og:site_name\" content=\"T\u00e1jkert\u00e9sz\" \/>\n<meta property=\"article:publisher\" content=\"https:\/\/www.facebook.com\/Tajkertesz\/\" \/>\n<meta property=\"article:modified_time\" content=\"2025-04-02T08:27:35+00:00\" \/>\n<meta property=\"og:image\" content=\"https:\/\/tajkertesz.com\/wp-content\/uploads\/2021\/05\/20250402_082626-scaled.jpg\" \/>\n\t<meta property=\"og:image:width\" content=\"1441\" \/>\n\t<meta property=\"og:image:height\" content=\"2560\" \/>\n\t<meta property=\"og:image:type\" content=\"image\/jpeg\" \/>\n<meta name=\"twitter:card\" content=\"summary_large_image\" \/>\n<meta name=\"twitter:label1\" content=\"Est. reading time\" \/>\n\t<meta name=\"twitter:data1\" content=\"3 minutes\" \/>\n<script type=\"application\/ld+json\" class=\"yoast-schema-graph\">{\"@context\":\"https:\\\/\\\/schema.org\",\"@graph\":[{\"@type\":\"WebPage\",\"@id\":\"https:\\\/\\\/tajkertesz.com\\\/termek\\\/cornus-stolonifera-flaviramea-sargavesszos-som\\\/\",\"url\":\"https:\\\/\\\/tajkertesz.com\\\/termek\\\/cornus-stolonifera-flaviramea-sargavesszos-som\\\/\",\"name\":\"Cornus stolonifera \u2019Flaviramea\u2019 - S\u00e1rgavessz\u0151s som - T\u00e1jkert\u00e9sz\",\"isPartOf\":{\"@id\":\"https:\\\/\\\/tajkertesz.com\\\/#website\"},\"primaryImageOfPage\":{\"@id\":\"https:\\\/\\\/tajkertesz.com\\\/termek\\\/cornus-stolonifera-flaviramea-sargavesszos-som\\\/#primaryimage\"},\"image\":{\"@id\":\"https:\\\/\\\/tajkertesz.com\\\/termek\\\/cornus-stolonifera-flaviramea-sargavesszos-som\\\/#primaryimage\"},\"thumbnailUrl\":\"https:\\\/\\\/tajkertesz.com\\\/wp-content\\\/uploads\\\/2021\\\/05\\\/20250402_082626-scaled.jpg\",\"datePublished\":\"2025-04-02T08:20:58+00:00\",\"dateModified\":\"2025-04-02T08:27:35+00:00\",\"description\":\"A Cornus stolonifera \u2019Flaviramea\u2019,S\u00e1rgavessz\u0151s som levelei mellett vir\u00e1gaival \u00e9s term\u00e9seivel is d\u00edsz\u00edt\u0151 n\u00f6v\u00e9ny.\u00a0Vir\u00e1gainak sz\u00edne feh\u00e9r.\",\"breadcrumb\":{\"@id\":\"https:\\\/\\\/tajkertesz.com\\\/termek\\\/cornus-stolonifera-flaviramea-sargavesszos-som\\\/#breadcrumb\"},\"inLanguage\":\"en-US\",\"potentialAction\":[{\"@type\":\"ReadAction\",\"target\":[\"https:\\\/\\\/tajkertesz.com\\\/termek\\\/cornus-stolonifera-flaviramea-sargavesszos-som\\\/\"]}]},{\"@type\":\"ImageObject\",\"inLanguage\":\"en-US\",\"@id\":\"https:\\\/\\\/tajkertesz.com\\\/termek\\\/cornus-stolonifera-flaviramea-sargavesszos-som\\\/#primaryimage\",\"url\":\"https:\\\/\\\/tajkertesz.com\\\/wp-content\\\/uploads\\\/2021\\\/05\\\/20250402_082626-scaled.jpg\",\"contentUrl\":\"https:\\\/\\\/tajkertesz.com\\\/wp-content\\\/uploads\\\/2021\\\/05\\\/20250402_082626-scaled.jpg\",\"width\":1441,\"height\":2560,\"caption\":\"Cornus stolonifera \u2019Flaviramea\u2019 - S\u00e1rgavessz\u0151s som\"},{\"@type\":\"BreadcrumbList\",\"@id\":\"https:\\\/\\\/tajkertesz.com\\\/termek\\\/cornus-stolonifera-flaviramea-sargavesszos-som\\\/#breadcrumb\",\"itemListElement\":[{\"@type\":\"ListItem\",\"position\":1,\"name\":\"Home\",\"item\":\"https:\\\/\\\/tajkertesz.com\\\/\"},{\"@type\":\"ListItem\",\"position\":2,\"name\":\"Kezd\u0151lap\",\"item\":\"https:\\\/\\\/tajkertesz.com\\\/\"},{\"@type\":\"ListItem\",\"position\":3,\"name\":\"Cornus stolonifera \u2019Flaviramea\u2019 &#8211; S\u00e1rgavessz\u0151s som\"}]},{\"@type\":\"WebSite\",\"@id\":\"https:\\\/\\\/tajkertesz.com\\\/#website\",\"url\":\"https:\\\/\\\/tajkertesz.com\\\/\",\"name\":\"T\u00e1j-Kert\u00e9sz 84 Kft.\",\"description\":\"Kert\u00e9szeti kis- \u00e9s nagykeresked\u00e9s, D\u00edszn\u00f6v\u00e9ny web\u00e1ruh\u00e1z orsz\u00e1gos h\u00e1zhozsz\u00e1ll\u00edt\u00e1ssal!\",\"publisher\":{\"@id\":\"https:\\\/\\\/tajkertesz.com\\\/#organization\"},\"potentialAction\":[{\"@type\":\"SearchAction\",\"target\":{\"@type\":\"EntryPoint\",\"urlTemplate\":\"https:\\\/\\\/tajkertesz.com\\\/?s={search_term_string}\"},\"query-input\":{\"@type\":\"PropertyValueSpecification\",\"valueRequired\":true,\"valueName\":\"search_term_string\"}}],\"inLanguage\":\"en-US\"},{\"@type\":\"Organization\",\"@id\":\"https:\\\/\\\/tajkertesz.com\\\/#organization\",\"name\":\"T\u00e1j-Kert\u00e9sz 84 Kft.\",\"url\":\"https:\\\/\\\/tajkertesz.com\\\/\",\"logo\":{\"@type\":\"ImageObject\",\"inLanguage\":\"en-US\",\"@id\":\"https:\\\/\\\/tajkertesz.com\\\/#\\\/schema\\\/logo\\\/image\\\/\",\"url\":\"https:\\\/\\\/tajkertesz.com\\\/wp-content\\\/uploads\\\/2018\\\/02\\\/logo-2-e1518678052539.png\",\"contentUrl\":\"https:\\\/\\\/tajkertesz.com\\\/wp-content\\\/uploads\\\/2018\\\/02\\\/logo-2-e1518678052539.png\",\"width\":81,\"height\":140,\"caption\":\"T\u00e1j-Kert\u00e9sz 84 Kft.\"},\"image\":{\"@id\":\"https:\\\/\\\/tajkertesz.com\\\/#\\\/schema\\\/logo\\\/image\\\/\"},\"sameAs\":[\"https:\\\/\\\/www.facebook.com\\\/Tajkertesz\\\/\"]}]}<\/script>\n<!-- \/ Yoast SEO plugin. -->","yoast_head_json":{"title":"Cornus stolonifera \u2019Flaviramea\u2019 - S\u00e1rgavessz\u0151s som - T\u00e1jkert\u00e9sz","description":"A Cornus stolonifera \u2019Flaviramea\u2019,S\u00e1rgavessz\u0151s som levelei mellett vir\u00e1gaival \u00e9s term\u00e9seivel is d\u00edsz\u00edt\u0151 n\u00f6v\u00e9ny.\u00a0Vir\u00e1gainak sz\u00edne feh\u00e9r.","robots":{"index":"index","follow":"follow","max-snippet":"max-snippet:-1","max-image-preview":"max-image-preview:large","max-video-preview":"max-video-preview:-1"},"canonical":"https:\/\/tajkertesz.com\/en_US\/product\/cornus-stolonifera-flaviramea-sargavesszos-som\/","og_locale":"en_US","og_type":"article","og_title":"Cornus stolonifera \u2019Flaviramea\u2019 - S\u00e1rgavessz\u0151s som - T\u00e1jkert\u00e9sz","og_description":"A Cornus stolonifera \u2019Flaviramea\u2019,S\u00e1rgavessz\u0151s som levelei mellett vir\u00e1gaival \u00e9s term\u00e9seivel is d\u00edsz\u00edt\u0151 n\u00f6v\u00e9ny.\u00a0Vir\u00e1gainak sz\u00edne feh\u00e9r.","og_url":"https:\/\/tajkertesz.com\/en_US\/product\/cornus-stolonifera-flaviramea-sargavesszos-som\/","og_site_name":"T\u00e1jkert\u00e9sz","article_publisher":"https:\/\/www.facebook.com\/Tajkertesz\/","article_modified_time":"2025-04-02T08:27:35+00:00","og_image":[{"width":1441,"height":2560,"url":"https:\/\/tajkertesz.com\/wp-content\/uploads\/2021\/05\/20250402_082626-scaled.jpg","type":"image\/jpeg"}],"twitter_card":"summary_large_image","twitter_misc":{"Est. reading time":"3 minutes"},"schema":{"@context":"https:\/\/schema.org","@graph":[{"@type":"WebPage","@id":"https:\/\/tajkertesz.com\/termek\/cornus-stolonifera-flaviramea-sargavesszos-som\/","url":"https:\/\/tajkertesz.com\/termek\/cornus-stolonifera-flaviramea-sargavesszos-som\/","name":"Cornus stolonifera \u2019Flaviramea\u2019 - S\u00e1rgavessz\u0151s som - T\u00e1jkert\u00e9sz","isPartOf":{"@id":"https:\/\/tajkertesz.com\/#website"},"primaryImageOfPage":{"@id":"https:\/\/tajkertesz.com\/termek\/cornus-stolonifera-flaviramea-sargavesszos-som\/#primaryimage"},"image":{"@id":"https:\/\/tajkertesz.com\/termek\/cornus-stolonifera-flaviramea-sargavesszos-som\/#primaryimage"},"thumbnailUrl":"https:\/\/tajkertesz.com\/wp-content\/uploads\/2021\/05\/20250402_082626-scaled.jpg","datePublished":"2025-04-02T08:20:58+00:00","dateModified":"2025-04-02T08:27:35+00:00","description":"A Cornus stolonifera \u2019Flaviramea\u2019,S\u00e1rgavessz\u0151s som levelei mellett vir\u00e1gaival \u00e9s term\u00e9seivel is d\u00edsz\u00edt\u0151 n\u00f6v\u00e9ny.\u00a0Vir\u00e1gainak sz\u00edne feh\u00e9r.","breadcrumb":{"@id":"https:\/\/tajkertesz.com\/termek\/cornus-stolonifera-flaviramea-sargavesszos-som\/#breadcrumb"},"inLanguage":"en-US","potentialAction":[{"@type":"ReadAction","target":["https:\/\/tajkertesz.com\/termek\/cornus-stolonifera-flaviramea-sargavesszos-som\/"]}]},{"@type":"ImageObject","inLanguage":"en-US","@id":"https:\/\/tajkertesz.com\/termek\/cornus-stolonifera-flaviramea-sargavesszos-som\/#primaryimage","url":"https:\/\/tajkertesz.com\/wp-content\/uploads\/2021\/05\/20250402_082626-scaled.jpg","contentUrl":"https:\/\/tajkertesz.com\/wp-content\/uploads\/2021\/05\/20250402_082626-scaled.jpg","width":1441,"height":2560,"caption":"Cornus stolonifera \u2019Flaviramea\u2019 - S\u00e1rgavessz\u0151s som"},{"@type":"BreadcrumbList","@id":"https:\/\/tajkertesz.com\/termek\/cornus-stolonifera-flaviramea-sargavesszos-som\/#breadcrumb","itemListElement":[{"@type":"ListItem","position":1,"name":"Home","item":"https:\/\/tajkertesz.com\/"},{"@type":"ListItem","position":2,"name":"Kezd\u0151lap","item":"https:\/\/tajkertesz.com\/"},{"@type":"ListItem","position":3,"name":"Cornus stolonifera \u2019Flaviramea\u2019 &#8211; S\u00e1rgavessz\u0151s som"}]},{"@type":"WebSite","@id":"https:\/\/tajkertesz.com\/#website","url":"https:\/\/tajkertesz.com\/","name":"T\u00e1j-Kert\u00e9sz 84 Kft.","description":"Kert\u00e9szeti kis- \u00e9s nagykeresked\u00e9s, D\u00edszn\u00f6v\u00e9ny web\u00e1ruh\u00e1z orsz\u00e1gos h\u00e1zhozsz\u00e1ll\u00edt\u00e1ssal!","publisher":{"@id":"https:\/\/tajkertesz.com\/#organization"},"potentialAction":[{"@type":"SearchAction","target":{"@type":"EntryPoint","urlTemplate":"https:\/\/tajkertesz.com\/?s={search_term_string}"},"query-input":{"@type":"PropertyValueSpecification","valueRequired":true,"valueName":"search_term_string"}}],"inLanguage":"en-US"},{"@type":"Organization","@id":"https:\/\/tajkertesz.com\/#organization","name":"T\u00e1j-Kert\u00e9sz 84 Kft.","url":"https:\/\/tajkertesz.com\/","logo":{"@type":"ImageObject","inLanguage":"en-US","@id":"https:\/\/tajkertesz.com\/#\/schema\/logo\/image\/","url":"https:\/\/tajkertesz.com\/wp-content\/uploads\/2018\/02\/logo-2-e1518678052539.png","contentUrl":"https:\/\/tajkertesz.com\/wp-content\/uploads\/2018\/02\/logo-2-e1518678052539.png","width":81,"height":140,"caption":"T\u00e1j-Kert\u00e9sz 84 Kft."},"image":{"@id":"https:\/\/tajkertesz.com\/#\/schema\/logo\/image\/"},"sameAs":["https:\/\/www.facebook.com\/Tajkertesz\/"]}]}},"_links":{"self":[{"href":"https:\/\/tajkertesz.com\/en_US\/wp-json\/wp\/v2\/product\/5646","targetHints":{"allow":["GET"]}}],"collection":[{"href":"https:\/\/tajkertesz.com\/en_US\/wp-json\/wp\/v2\/product"}],"about":[{"href":"https:\/\/tajkertesz.com\/en_US\/wp-json\/wp\/v2\/types\/product"}],"wp:featuredmedia":[{"embeddable":true,"href":"https:\/\/tajkertesz.com\/en_US\/wp-json\/wp\/v2\/media\/23034"}],"wp:attachment":[{"href":"https:\/\/tajkertesz.com\/en_US\/wp-json\/wp\/v2\/media?parent=5646"}],"wp:term":[{"taxonomy":"product_brand","embeddable":true,"href":"https:\/\/tajkertesz.com\/en_US\/wp-json\/wp\/v2\/product_brand?post=5646"},{"taxonomy":"product_cat","embeddable":true,"href":"https:\/\/tajkertesz.com\/en_US\/wp-json\/wp\/v2\/product_cat?post=5646"},{"taxonomy":"product_tag","embeddable":true,"href":"https:\/\/tajkertesz.com\/en_US\/wp-json\/wp\/v2\/product_tag?post=5646"}],"curies":[{"name":"wp","href":"https:\/\/api.w.org\/{rel}","templated":true}]}}