{"id":5654,"date":"2021-05-27T11:56:59","date_gmt":"2021-05-27T11:56:59","guid":{"rendered":"https:\/\/tajkertesz.com\/?post_type=product&#038;p=5654"},"modified":"2022-07-29T09:12:17","modified_gmt":"2022-07-29T09:12:17","slug":"cornus-stolonifera-kelseyi-torpe-som","status":"publish","type":"product","link":"https:\/\/tajkertesz.com\/en_US\/product\/cornus-stolonifera-kelseyi-torpe-som\/","title":{"rendered":"Cornus stolonifera &#8216;Kelseyi&#8217; &#8211; T\u00f6rpe som"},"content":{"rendered":"<h3 class=\"LC20lb DKV0Md\">Cornus stolonifera &#8216;Kelseyi&#8217; &#8211; T\u00f6rpe som<\/h3>\n<p class=\"LC20lb DKV0Md\">Cornus stolonifera &#8216;Kelseyi&#8217; &#8211; T\u00f6rpe som Alacsony n\u00f6veked\u00e9s\u0171, 50-70 cm magas,\u00a0 lombhullat\u00f3, cserje.Z\u00f6ld levelei \u0151sszel v\u00f6r\u00f6ses \u00e1rnyalat\u00fav\u00e1 v\u00e1ltoznak.<br \/>\nFiatal \u00e1gai t\u00e9len f\u00e9nyes pirosak.Napos, f\u00e9l\u00e1rny\u00e9kos, vagy \u00e1rny\u00e9kos helyen is j\u00f3l fejl\u0151dik.Vir\u00e1ga s\u00e1rg\u00e1sfeh\u00e9r sz\u00edn\u0171, m\u00e1jus-j\u00faniusban ny\u00edlik.<\/p>\n<p>kb. 20-30 cm<\/p>\n<p style=\"line-height: 18.0pt; background: white; margin: 0cm 0cm 15.0pt 0cm;\"><b><span style=\"font-family: 'Ubuntu',serif; color: black;\">K\u00e9szlet\u00fcnk napi szinten v\u00e1ltozik, ez\u00e9rt k\u00e9rj\u00fck, \u00e9rdekl\u0151dj\u00f6n szem\u00e9lyesen, telefonon vagy email-en.<br \/>\nA v\u00e1ltoztat\u00e1s jog\u00e1t fenntartjuk!\u00a0<\/span><\/b><\/p>\n<p><a href=\"https:\/\/tajkertesz.com\/\">https:\/\/tajkertesz.com\/<\/a><\/p>\n<p><a href=\"https:\/\/www.facebook.com\/tajkertesz\">https:\/\/www.facebook.com\/tajkertesz<\/a><\/p>\n<p><span style=\"color: #ffffff;\">A Cornus stolonifera \u2019Flaviramea\u2019,S\u00e1rgavessz\u0151s som levelei mellett vir\u00e1gaival \u00e9s term\u00e9seivel is d\u00edsz\u00edt\u0151 n\u00f6v\u00e9ny.<\/span><\/p>\n<h3><span style=\"color: #ffffff;\">2-3 m\u00e9ter magasra <\/span><\/h3>\n<p><span style=\"color: #ffffff;\">megn\u00f6v\u0151, lombhullat\u00f3 cserje, amely t\u00e9len s\u00e1rg\u00e1s sz\u00edn\u0171 vessz\u0151ivel mutat a sz\u00edntelen kertekben, ny\u00e1ron z\u00f6ld lombj\u00e1val d\u00edsz\u00edtheti a kerteket. J\u00faniusban bogerny\u0151ben ny\u00edlnak apr\u00f3 feh\u00e9r vir\u00e1gai, melyekb\u0151l \u0151szre feh\u00e9r bogy\u00f3 term\u00e9sek fejl\u0151dnek.<\/span><\/p>\n<p><span style=\"color: #ffffff;\">Napos helyen, m\u00e9szmentes talajban \u00e9rzi j\u00f3l mag\u00e1t. A ny\u00e1ri sz\u00e1razabb id\u0151szakban \u00e9rdemes rendszeresen \u00f6nt\u00f6zni, hogy k\u00f6nnyen meg tudja tartani sz\u00e9p z\u00f6ld lombj\u00e1t.<\/span><\/p>\n<p>&nbsp;<\/p>\n<h3><span style=\"color: #ffffff;\"><i><b>Cornus:<\/b><\/i><\/span><\/h3>\n<p><span style=\"color: #ffffff;\">is a\u00a0<a style=\"color: #ffffff;\" title=\"Genus\" href=\"https:\/\/en.wikipedia.org\/wiki\/Genus\">genus<\/a>\u00a0of about 30\u201360\u00a0<a style=\"color: #ffffff;\" title=\"Species\" href=\"https:\/\/en.wikipedia.org\/wiki\/Species\">species<\/a><sup id=\"cite_ref-3\" class=\"reference\"><a style=\"color: #ffffff;\" href=\"https:\/\/en.wikipedia.org\/wiki\/Cornus#cite_note-3\">[Note 1]<\/a><\/sup>\u00a0of\u00a0<a style=\"color: #ffffff;\" title=\"Woody plant\" href=\"https:\/\/en.wikipedia.org\/wiki\/Woody_plant\">woody plants<\/a>\u00a0in the\u00a0<a style=\"color: #ffffff;\" title=\"Family (biology)\" href=\"https:\/\/en.wikipedia.org\/wiki\/Family_(biology)\">family<\/a>\u00a0<a style=\"color: #ffffff;\" title=\"Cornaceae\" href=\"https:\/\/en.wikipedia.org\/wiki\/Cornaceae\">Cornaceae<\/a>, commonly known as\u00a0<b>dogwoods<\/b>, which can generally be distinguished by their blossoms, berries, and distinctive bark.<sup id=\"cite_ref-4\" class=\"reference\"><a style=\"color: #ffffff;\" href=\"https:\/\/en.wikipedia.org\/wiki\/Cornus#cite_note-4\">[3]<\/a><\/sup>\u00a0Most are\u00a0<a style=\"color: #ffffff;\" title=\"Deciduous\" href=\"https:\/\/en.wikipedia.org\/wiki\/Deciduous\">deciduous<\/a>\u00a0<a style=\"color: #ffffff;\" title=\"Tree\" href=\"https:\/\/en.wikipedia.org\/wiki\/Tree\">trees<\/a>\u00a0or\u00a0<a style=\"color: #ffffff;\" title=\"Shrub\" href=\"https:\/\/en.wikipedia.org\/wiki\/Shrub\">shrubs<\/a>, but a few species are nearly herbaceous perennial subshrubs, and a few of the woody species are\u00a0<a style=\"color: #ffffff;\" title=\"Evergreen\" href=\"https:\/\/en.wikipedia.org\/wiki\/Evergreen\">evergreen<\/a>.<\/span><\/p>\n<p><span style=\"color: #ffffff;\">everal species have small heads of inconspicuous flowers surrounded by an <a class=\"mw-redirect\" style=\"color: #ffffff;\" title=\"Involucral bract\" href=\"https:\/\/en.wikipedia.org\/wiki\/Involucral_bract\">involucre<\/a>\u00a0of large, typically white petal-like\u00a0<a class=\"mw-redirect\" style=\"color: #ffffff;\" title=\"Bracts\" href=\"https:\/\/en.wikipedia.org\/wiki\/Bracts\">bracts<\/a>, while others have more open clusters of\u00a0<a style=\"color: #ffffff;\" title=\"Petal\" href=\"https:\/\/en.wikipedia.org\/wiki\/Petal\">petal<\/a>-bearing flowers. The various species of dogwood are\u00a0<a style=\"color: #ffffff;\" title=\"Native plant\" href=\"https:\/\/en.wikipedia.org\/wiki\/Native_plant\">native<\/a>\u00a0throughout much of\u00a0<a class=\"mw-redirect\" style=\"color: #ffffff;\" title=\"Temperateness\" href=\"https:\/\/en.wikipedia.org\/wiki\/Temperateness\">temperate<\/a>\u00a0and\u00a0<a style=\"color: #ffffff;\" title=\"Boreal ecosystem\" href=\"https:\/\/en.wikipedia.org\/wiki\/Boreal_ecosystem\">boreal<\/a>\u00a0Eurasia and North America, with China, Japan, and the southeastern United States being particularly rich in native species.<\/span><\/p>\n<p>&nbsp;<\/p>\n<p>&nbsp;<\/p>\n<p>&nbsp;<\/p>\n","protected":false},"excerpt":{"rendered":"<h3 class=\"LC20lb DKV0Md\">Cornus stolonifera &#8216;Kelseyi&#8217; &#8211; T\u00f6rpe som<\/h3>\n<p class=\"LC20lb DKV0Md\">Cornus stolonifera &#8216;Kelseyi&#8217; &#8211; T\u00f6rpe som Alacsony n\u00f6veked\u00e9s\u0171, 50-70 cm magas,\u00a0 lombhullat\u00f3, cserje.Z\u00f6ld levelei \u0151sszel v\u00f6r\u00f6ses \u00e1rnyalat\u00fav\u00e1 v\u00e1ltoznak.<br \/>\nFiatal \u00e1gai t\u00e9len f\u00e9nyes pirosak.Napos, f\u00e9l\u00e1rny\u00e9kos, vagy \u00e1rny\u00e9kos helyen is j\u00f3l fejl\u0151dik.Vir\u00e1ga s\u00e1rg\u00e1sfeh\u00e9r sz\u00edn\u0171, m\u00e1jus-j\u00faniusban ny\u00edlik.<\/p>","protected":false},"featured_media":5656,"template":"","meta":{"_et_pb_use_builder":"","_et_pb_old_content":"","_et_gb_content_width":""},"product_brand":[],"product_cat":[27],"product_tag":[1735],"class_list":{"0":"post-5654","1":"product","2":"type-product","3":"status-publish","4":"has-post-thumbnail","6":"product_cat-cserjek","7":"product_tag-cornus-stolonifera-kelseyi-torpe-som","9":"first","10":"instock","11":"shipping-taxable","12":"product-type-simple"},"yoast_head":"<!-- This site is optimized with the Yoast SEO plugin v27.5 - https:\/\/yoast.com\/product\/yoast-seo-wordpress\/ -->\n<title>Cornus stolonifera &#039;Kelseyi&#039; - T\u00f6rpe som - T\u00e1jkert\u00e9sz<\/title>\n<meta name=\"description\" content=\"Cornus stolonifera &#039;Kelseyi&#039; - T\u00f6rpe som Alacsony n\u00f6veked\u00e9s\u0171, 50-70 cm magas,\u00a0 lombhullat\u00f3, cserje.Z\u00f6ld levelei \u0151sszel\" \/>\n<meta name=\"robots\" content=\"index, follow, max-snippet:-1, max-image-preview:large, max-video-preview:-1\" \/>\n<link rel=\"canonical\" href=\"https:\/\/tajkertesz.com\/en_US\/product\/cornus-stolonifera-kelseyi-torpe-som\/\" \/>\n<meta property=\"og:locale\" content=\"en_US\" \/>\n<meta property=\"og:type\" content=\"article\" \/>\n<meta property=\"og:title\" content=\"Cornus stolonifera &#039;Kelseyi&#039; - T\u00f6rpe som - T\u00e1jkert\u00e9sz\" \/>\n<meta property=\"og:description\" content=\"Cornus stolonifera &#039;Kelseyi&#039; - T\u00f6rpe som Alacsony n\u00f6veked\u00e9s\u0171, 50-70 cm magas,\u00a0 lombhullat\u00f3, cserje.Z\u00f6ld levelei \u0151sszel\" \/>\n<meta property=\"og:url\" content=\"https:\/\/tajkertesz.com\/en_US\/product\/cornus-stolonifera-kelseyi-torpe-som\/\" \/>\n<meta property=\"og:site_name\" content=\"T\u00e1jkert\u00e9sz\" \/>\n<meta property=\"article:publisher\" content=\"https:\/\/www.facebook.com\/Tajkertesz\/\" \/>\n<meta property=\"article:modified_time\" content=\"2022-07-29T09:12:17+00:00\" \/>\n<meta property=\"og:image\" content=\"https:\/\/tajkertesz.com\/wp-content\/uploads\/2021\/05\/IMG_20210527_102305.jpg\" \/>\n\t<meta property=\"og:image:width\" content=\"368\" \/>\n\t<meta property=\"og:image:height\" content=\"480\" \/>\n\t<meta property=\"og:image:type\" content=\"image\/jpeg\" \/>\n<meta name=\"twitter:card\" content=\"summary_large_image\" \/>\n<meta name=\"twitter:label1\" content=\"Est. reading time\" \/>\n\t<meta name=\"twitter:data1\" content=\"2 minutes\" \/>\n<script type=\"application\/ld+json\" class=\"yoast-schema-graph\">{\"@context\":\"https:\\\/\\\/schema.org\",\"@graph\":[{\"@type\":\"WebPage\",\"@id\":\"https:\\\/\\\/tajkertesz.com\\\/termek\\\/cornus-stolonifera-kelseyi-torpe-som\\\/\",\"url\":\"https:\\\/\\\/tajkertesz.com\\\/termek\\\/cornus-stolonifera-kelseyi-torpe-som\\\/\",\"name\":\"Cornus stolonifera 'Kelseyi' - T\u00f6rpe som - T\u00e1jkert\u00e9sz\",\"isPartOf\":{\"@id\":\"https:\\\/\\\/tajkertesz.com\\\/#website\"},\"primaryImageOfPage\":{\"@id\":\"https:\\\/\\\/tajkertesz.com\\\/termek\\\/cornus-stolonifera-kelseyi-torpe-som\\\/#primaryimage\"},\"image\":{\"@id\":\"https:\\\/\\\/tajkertesz.com\\\/termek\\\/cornus-stolonifera-kelseyi-torpe-som\\\/#primaryimage\"},\"thumbnailUrl\":\"https:\\\/\\\/tajkertesz.com\\\/wp-content\\\/uploads\\\/2021\\\/05\\\/IMG_20210527_102305.jpg\",\"datePublished\":\"2021-05-27T11:56:59+00:00\",\"dateModified\":\"2022-07-29T09:12:17+00:00\",\"description\":\"Cornus stolonifera 'Kelseyi' - T\u00f6rpe som Alacsony n\u00f6veked\u00e9s\u0171, 50-70 cm magas,\u00a0 lombhullat\u00f3, cserje.Z\u00f6ld levelei \u0151sszel\",\"breadcrumb\":{\"@id\":\"https:\\\/\\\/tajkertesz.com\\\/termek\\\/cornus-stolonifera-kelseyi-torpe-som\\\/#breadcrumb\"},\"inLanguage\":\"en-US\",\"potentialAction\":[{\"@type\":\"ReadAction\",\"target\":[\"https:\\\/\\\/tajkertesz.com\\\/termek\\\/cornus-stolonifera-kelseyi-torpe-som\\\/\"]}]},{\"@type\":\"ImageObject\",\"inLanguage\":\"en-US\",\"@id\":\"https:\\\/\\\/tajkertesz.com\\\/termek\\\/cornus-stolonifera-kelseyi-torpe-som\\\/#primaryimage\",\"url\":\"https:\\\/\\\/tajkertesz.com\\\/wp-content\\\/uploads\\\/2021\\\/05\\\/IMG_20210527_102305.jpg\",\"contentUrl\":\"https:\\\/\\\/tajkertesz.com\\\/wp-content\\\/uploads\\\/2021\\\/05\\\/IMG_20210527_102305.jpg\",\"width\":368,\"height\":480,\"caption\":\"hdr\"},{\"@type\":\"BreadcrumbList\",\"@id\":\"https:\\\/\\\/tajkertesz.com\\\/termek\\\/cornus-stolonifera-kelseyi-torpe-som\\\/#breadcrumb\",\"itemListElement\":[{\"@type\":\"ListItem\",\"position\":1,\"name\":\"Home\",\"item\":\"https:\\\/\\\/tajkertesz.com\\\/\"},{\"@type\":\"ListItem\",\"position\":2,\"name\":\"Kezd\u0151lap\",\"item\":\"https:\\\/\\\/tajkertesz.com\\\/\"},{\"@type\":\"ListItem\",\"position\":3,\"name\":\"Cornus stolonifera &#8216;Kelseyi&#8217; &#8211; T\u00f6rpe som\"}]},{\"@type\":\"WebSite\",\"@id\":\"https:\\\/\\\/tajkertesz.com\\\/#website\",\"url\":\"https:\\\/\\\/tajkertesz.com\\\/\",\"name\":\"T\u00e1j-Kert\u00e9sz 84 Kft.\",\"description\":\"Kert\u00e9szeti kis- \u00e9s nagykeresked\u00e9s, D\u00edszn\u00f6v\u00e9ny web\u00e1ruh\u00e1z orsz\u00e1gos h\u00e1zhozsz\u00e1ll\u00edt\u00e1ssal!\",\"publisher\":{\"@id\":\"https:\\\/\\\/tajkertesz.com\\\/#organization\"},\"potentialAction\":[{\"@type\":\"SearchAction\",\"target\":{\"@type\":\"EntryPoint\",\"urlTemplate\":\"https:\\\/\\\/tajkertesz.com\\\/?s={search_term_string}\"},\"query-input\":{\"@type\":\"PropertyValueSpecification\",\"valueRequired\":true,\"valueName\":\"search_term_string\"}}],\"inLanguage\":\"en-US\"},{\"@type\":\"Organization\",\"@id\":\"https:\\\/\\\/tajkertesz.com\\\/#organization\",\"name\":\"T\u00e1j-Kert\u00e9sz 84 Kft.\",\"url\":\"https:\\\/\\\/tajkertesz.com\\\/\",\"logo\":{\"@type\":\"ImageObject\",\"inLanguage\":\"en-US\",\"@id\":\"https:\\\/\\\/tajkertesz.com\\\/#\\\/schema\\\/logo\\\/image\\\/\",\"url\":\"https:\\\/\\\/tajkertesz.com\\\/wp-content\\\/uploads\\\/2018\\\/02\\\/logo-2-e1518678052539.png\",\"contentUrl\":\"https:\\\/\\\/tajkertesz.com\\\/wp-content\\\/uploads\\\/2018\\\/02\\\/logo-2-e1518678052539.png\",\"width\":81,\"height\":140,\"caption\":\"T\u00e1j-Kert\u00e9sz 84 Kft.\"},\"image\":{\"@id\":\"https:\\\/\\\/tajkertesz.com\\\/#\\\/schema\\\/logo\\\/image\\\/\"},\"sameAs\":[\"https:\\\/\\\/www.facebook.com\\\/Tajkertesz\\\/\"]}]}<\/script>\n<!-- \/ Yoast SEO plugin. -->","yoast_head_json":{"title":"Cornus stolonifera 'Kelseyi' - T\u00f6rpe som - T\u00e1jkert\u00e9sz","description":"Cornus stolonifera 'Kelseyi' - T\u00f6rpe som Alacsony n\u00f6veked\u00e9s\u0171, 50-70 cm magas,\u00a0 lombhullat\u00f3, cserje.Z\u00f6ld levelei \u0151sszel","robots":{"index":"index","follow":"follow","max-snippet":"max-snippet:-1","max-image-preview":"max-image-preview:large","max-video-preview":"max-video-preview:-1"},"canonical":"https:\/\/tajkertesz.com\/en_US\/product\/cornus-stolonifera-kelseyi-torpe-som\/","og_locale":"en_US","og_type":"article","og_title":"Cornus stolonifera 'Kelseyi' - T\u00f6rpe som - T\u00e1jkert\u00e9sz","og_description":"Cornus stolonifera 'Kelseyi' - T\u00f6rpe som Alacsony n\u00f6veked\u00e9s\u0171, 50-70 cm magas,\u00a0 lombhullat\u00f3, cserje.Z\u00f6ld levelei \u0151sszel","og_url":"https:\/\/tajkertesz.com\/en_US\/product\/cornus-stolonifera-kelseyi-torpe-som\/","og_site_name":"T\u00e1jkert\u00e9sz","article_publisher":"https:\/\/www.facebook.com\/Tajkertesz\/","article_modified_time":"2022-07-29T09:12:17+00:00","og_image":[{"width":368,"height":480,"url":"https:\/\/tajkertesz.com\/wp-content\/uploads\/2021\/05\/IMG_20210527_102305.jpg","type":"image\/jpeg"}],"twitter_card":"summary_large_image","twitter_misc":{"Est. reading time":"2 minutes"},"schema":{"@context":"https:\/\/schema.org","@graph":[{"@type":"WebPage","@id":"https:\/\/tajkertesz.com\/termek\/cornus-stolonifera-kelseyi-torpe-som\/","url":"https:\/\/tajkertesz.com\/termek\/cornus-stolonifera-kelseyi-torpe-som\/","name":"Cornus stolonifera 'Kelseyi' - T\u00f6rpe som - T\u00e1jkert\u00e9sz","isPartOf":{"@id":"https:\/\/tajkertesz.com\/#website"},"primaryImageOfPage":{"@id":"https:\/\/tajkertesz.com\/termek\/cornus-stolonifera-kelseyi-torpe-som\/#primaryimage"},"image":{"@id":"https:\/\/tajkertesz.com\/termek\/cornus-stolonifera-kelseyi-torpe-som\/#primaryimage"},"thumbnailUrl":"https:\/\/tajkertesz.com\/wp-content\/uploads\/2021\/05\/IMG_20210527_102305.jpg","datePublished":"2021-05-27T11:56:59+00:00","dateModified":"2022-07-29T09:12:17+00:00","description":"Cornus stolonifera 'Kelseyi' - T\u00f6rpe som Alacsony n\u00f6veked\u00e9s\u0171, 50-70 cm magas,\u00a0 lombhullat\u00f3, cserje.Z\u00f6ld levelei \u0151sszel","breadcrumb":{"@id":"https:\/\/tajkertesz.com\/termek\/cornus-stolonifera-kelseyi-torpe-som\/#breadcrumb"},"inLanguage":"en-US","potentialAction":[{"@type":"ReadAction","target":["https:\/\/tajkertesz.com\/termek\/cornus-stolonifera-kelseyi-torpe-som\/"]}]},{"@type":"ImageObject","inLanguage":"en-US","@id":"https:\/\/tajkertesz.com\/termek\/cornus-stolonifera-kelseyi-torpe-som\/#primaryimage","url":"https:\/\/tajkertesz.com\/wp-content\/uploads\/2021\/05\/IMG_20210527_102305.jpg","contentUrl":"https:\/\/tajkertesz.com\/wp-content\/uploads\/2021\/05\/IMG_20210527_102305.jpg","width":368,"height":480,"caption":"hdr"},{"@type":"BreadcrumbList","@id":"https:\/\/tajkertesz.com\/termek\/cornus-stolonifera-kelseyi-torpe-som\/#breadcrumb","itemListElement":[{"@type":"ListItem","position":1,"name":"Home","item":"https:\/\/tajkertesz.com\/"},{"@type":"ListItem","position":2,"name":"Kezd\u0151lap","item":"https:\/\/tajkertesz.com\/"},{"@type":"ListItem","position":3,"name":"Cornus stolonifera &#8216;Kelseyi&#8217; &#8211; T\u00f6rpe som"}]},{"@type":"WebSite","@id":"https:\/\/tajkertesz.com\/#website","url":"https:\/\/tajkertesz.com\/","name":"T\u00e1j-Kert\u00e9sz 84 Kft.","description":"Kert\u00e9szeti kis- \u00e9s nagykeresked\u00e9s, D\u00edszn\u00f6v\u00e9ny web\u00e1ruh\u00e1z orsz\u00e1gos h\u00e1zhozsz\u00e1ll\u00edt\u00e1ssal!","publisher":{"@id":"https:\/\/tajkertesz.com\/#organization"},"potentialAction":[{"@type":"SearchAction","target":{"@type":"EntryPoint","urlTemplate":"https:\/\/tajkertesz.com\/?s={search_term_string}"},"query-input":{"@type":"PropertyValueSpecification","valueRequired":true,"valueName":"search_term_string"}}],"inLanguage":"en-US"},{"@type":"Organization","@id":"https:\/\/tajkertesz.com\/#organization","name":"T\u00e1j-Kert\u00e9sz 84 Kft.","url":"https:\/\/tajkertesz.com\/","logo":{"@type":"ImageObject","inLanguage":"en-US","@id":"https:\/\/tajkertesz.com\/#\/schema\/logo\/image\/","url":"https:\/\/tajkertesz.com\/wp-content\/uploads\/2018\/02\/logo-2-e1518678052539.png","contentUrl":"https:\/\/tajkertesz.com\/wp-content\/uploads\/2018\/02\/logo-2-e1518678052539.png","width":81,"height":140,"caption":"T\u00e1j-Kert\u00e9sz 84 Kft."},"image":{"@id":"https:\/\/tajkertesz.com\/#\/schema\/logo\/image\/"},"sameAs":["https:\/\/www.facebook.com\/Tajkertesz\/"]}]}},"_links":{"self":[{"href":"https:\/\/tajkertesz.com\/en_US\/wp-json\/wp\/v2\/product\/5654","targetHints":{"allow":["GET"]}}],"collection":[{"href":"https:\/\/tajkertesz.com\/en_US\/wp-json\/wp\/v2\/product"}],"about":[{"href":"https:\/\/tajkertesz.com\/en_US\/wp-json\/wp\/v2\/types\/product"}],"wp:featuredmedia":[{"embeddable":true,"href":"https:\/\/tajkertesz.com\/en_US\/wp-json\/wp\/v2\/media\/5656"}],"wp:attachment":[{"href":"https:\/\/tajkertesz.com\/en_US\/wp-json\/wp\/v2\/media?parent=5654"}],"wp:term":[{"taxonomy":"product_brand","embeddable":true,"href":"https:\/\/tajkertesz.com\/en_US\/wp-json\/wp\/v2\/product_brand?post=5654"},{"taxonomy":"product_cat","embeddable":true,"href":"https:\/\/tajkertesz.com\/en_US\/wp-json\/wp\/v2\/product_cat?post=5654"},{"taxonomy":"product_tag","embeddable":true,"href":"https:\/\/tajkertesz.com\/en_US\/wp-json\/wp\/v2\/product_tag?post=5654"}],"curies":[{"name":"wp","href":"https:\/\/api.w.org\/{rel}","templated":true}]}}