{"id":5690,"date":"2021-05-28T08:19:25","date_gmt":"2021-05-28T08:19:25","guid":{"rendered":"https:\/\/tajkertesz.com\/?post_type=product&#038;p=5690"},"modified":"2026-04-28T14:28:56","modified_gmt":"2026-04-28T14:28:56","slug":"potentilla-fructicosa-goldteppich-cserjes-pimpo","status":"publish","type":"product","link":"https:\/\/tajkertesz.com\/en_US\/product\/potentilla-fructicosa-goldteppich-cserjes-pimpo\/","title":{"rendered":"Potentilla fructicosa &#8216;Goldteppich&#8217;-Cserj\u00e9s pimp\u00f3"},"content":{"rendered":"<h3>Potentilla fructicosa &#8216;Goldteppich&#8217;-Cserj\u00e9s pimp\u00f3<\/h3>\n<p>Potentilla fructicosa &#8216;Goldteppich&#8217;-Cserj\u00e9s pimp\u00f3 fel\u00e1ll\u00f3 hajt\u00e1srendszer\u0171, lombhullat\u00f3 t\u00f6rpe cserje, kifejlett magass\u00e1g 80 cm, levelei apr\u00f3k, ujjasan szeldeltek, \u00e9l\u00e9nkz\u00f6ldek.<\/p>\n<p>Vir\u00e1gai nagy t\u00f6megben ny\u00edlnak s\u00e1rga vir\u00e1gai. V-VIII h\u00f3napban vir\u00e1gzik.A t\u0171z\u0151 napot, sz\u00e1razabb, sov\u00e1nyabb talajokat is elvisel<\/p>\n<p>&nbsp;<\/p>\n<p style=\"line-height: 18.0pt; background: white; margin: 0cm 0cm 15.0pt 0cm;\"><b><span style=\"font-family: 'Ubuntu',serif; color: black;\">K\u00e9szlet\u00fcnk napi szinten v\u00e1ltozik, ez\u00e9rt k\u00e9rj\u00fck, \u00e9rdekl\u0151dj\u00f6n szem\u00e9lyesen, telefonon vagy email-en.<br \/>\nA v\u00e1ltoztat\u00e1s jog\u00e1t fenntartjuk!\u00a0<\/span><\/b><\/p>\n<p><a href=\"https:\/\/tajkertesz.com\/\">https:\/\/tajkertesz.com\/<\/a><\/p>\n<p><a href=\"https:\/\/www.facebook.com\/tajkertesz\">https:\/\/www.facebook.com\/tajkertesz<\/a><\/p>\n<p><span style=\"color: #ffffff;\">A\u00a0<b>tavaszi pimp\u00f3<\/b>\u00a0<i>(Potentilla neumanniana)<\/i>\u00a05-15 cm-re megn\u00f6v\u0151, l\u00e1gy sz\u00e1r\u00fa\u00a0<a style=\"color: #ffffff;\" title=\"\u00c9vel\u0151 n\u00f6v\u00e9ny\" href=\"https:\/\/hu.wikipedia.org\/wiki\/%C3%89vel%C5%91_n%C3%B6v%C3%A9ny\">\u00e9vel\u0151 n\u00f6v\u00e9ny<\/a>. K\u00fasz\u00f3 gy\u00f6kt\u00f6rzzsel rendelkezik. R\u00f6vidsz\u00e1r\u00fa \u00e9s lev\u00e9lnyel\u0171, melyek g\u00f6nd\u00f6r, pelyhes, ak\u00e1r mirigyes sz\u0151rrel bor\u00edtottak is lehetnek. A\u00a0<a class=\"new\" style=\"color: #ffffff;\" title=\"Homoki pimp\u00f3 (a lap nem l\u00e9tezik)\" href=\"https:\/\/hu.wikipedia.org\/w\/index.php?title=Homoki_pimp%C3%B3&amp;action=edit&amp;redlink=1\">homoki pimp\u00f3t\u00f3l<\/a>\u00a0elt\u00e9r\u0151en \u00f6t-h\u00e9t lev\u00e9lk\u00e9b\u0151l \u00e1llnak toj\u00e1s alak\u00fa, egyszer\u0171 sz\u0151r\u00f6kkel bor\u00edtott levelei, tenyeresen osztott elhelyezked\u00e9ssel, f\u0171r\u00e9szes cs\u00facsban v\u00e9gz\u0151dve. T\u00f6bb hever\u0151 sz\u00e1rat n\u00f6veszt, medd\u0151hajt\u00e1sai megny\u00faltak \u00e9s meggy\u00f6kerez\u0151k, term\u0151hajt\u00e1sai a v\u00e9g\u00fck\u00f6n felegyenesed\u0151k. A pimp\u00f3 fajok k\u00f6z\u00f6tt csak a tavaszi pimp\u00f3 levelein nincsenek csillagsz\u0151r\u00f6k, csak egyszer\u0171 sz\u0151r\u00f6k bor\u00edtj\u00e1k a leveleit.<\/span><\/p>\n<p><span style=\"color: #ffffff;\">T\u0151leveleinek h\u00f3nalj\u00e1b\u00f3l ered term\u0151sz\u00e1ra, mely n\u00e9h\u00e1ny kocs\u00e1nyos vir\u00e1got hordoz. Vir\u00e1g\u00e1ban az 5 s\u00e1rga\u00a0<a class=\"mw-redirect\" style=\"color: #ffffff;\" title=\"Sziromlev\u00e9l\" href=\"https:\/\/hu.wikipedia.org\/wiki\/Sziromlev%C3%A9l\">sziromlev\u00e9l<\/a>\u00a0az 5 z\u00f6ld cs\u00e9szelev\u00e9llel \u00e9s az 5 el\u00e1ll\u00f3 mell\u00e9kcs\u00e9szelev\u00e9llel v\u00e1ltakozik. Porz\u00f3k veszi k\u00f6r\u00fcl apr\u00f3 term\u0151inek csoportj\u00e1t,\u00a0<a class=\"mw-redirect\" style=\"color: #ffffff;\" title=\"Magh\u00e1z\" href=\"https:\/\/hu.wikipedia.org\/wiki\/Magh%C3%A1z\">magh\u00e1zai<\/a>\u00a0egymagv\u00fa aszmagokk\u00e1 \u00e9rnek. M\u00e1rciust\u00f3l m\u00e1jusig vir\u00e1gzik s\u00e1rga vir\u00e1gtakar\u00f3t k\u00e9pezve, m\u00e1sodvir\u00e1gozni is szokott ny\u00e1r v\u00e9g\u00e9t\u0151l \u0151szig.<\/span><\/p>\n<h2><span style=\"color: #ffffff;\"><span id=\"Elterjed.C3.A9se.2C_.C3.A9l.C5.91helye\"><\/span><span id=\"Elterjed\u00e9se,_\u00e9l\u0151helye\" class=\"mw-headline\">Elterjed\u00e9se, \u00e9l\u0151helye<\/span><\/span><\/h2>\n<p><span style=\"color: #ffffff;\">A n\u00f6v\u00e9ny\u00a0<a style=\"color: #ffffff;\" title=\"Eur\u00f3pa\" href=\"https:\/\/hu.wikipedia.org\/wiki\/Eur%C3%B3pa\">Eur\u00f3p\u00e1ban<\/a>\u00a0honos, \u00e9szak Spanyolorsz\u00e1gt\u00f3l nyugat Feh\u00e9roroszorsz\u00e1gig, Olaszorsz\u00e1gt\u00f3l k\u00f6z\u00e9p Norv\u00e9gi\u00e1ig sok helyen megtal\u00e1lhat\u00f3. Az Alpokban 1650 m\u00e9teres tengerszint feletti magass\u00e1gban is megtal\u00e1lt\u00e1k.<sup id=\"cite_ref-1\" class=\"reference\"><a style=\"color: #ffffff;\" href=\"https:\/\/hu.wikipedia.org\/wiki\/Tavaszi_pimp%C3%B3#cite_note-1\">[1]<\/a><\/sup><\/span><\/p>\n<p><span style=\"color: #ffffff;\">Magyarorsz\u00e1gon jelenlegi adatok alapj\u00e1n nem \u00e9l, felt\u00e9telezik, hogy kor\u00e1bban a K\u0151szegi-hegys\u00e9gben volt \u00e1llom\u00e1nya, de ma m\u00e1r nem tal\u00e1lt\u00e1k meg a n\u00f6v\u00e9nyeket. Felt\u00e9telezik, hogy a\u00a0<a class=\"new\" style=\"color: #ffffff;\" title=\"Mirigyes pimp\u00f3 (a lap nem l\u00e9tezik)\" href=\"https:\/\/hu.wikipedia.org\/w\/index.php?title=Mirigyes_pimp%C3%B3&amp;action=edit&amp;redlink=1\">Mirigyes pimp\u00f3<\/a>\u00a0<i>(Potentilla pusilla)<\/i>\u00a0a tavaszi \u00e9s a homoki pimp\u00f3 \u00e1lland\u00f3sult hibridje. Ez a &#8222;faj&#8221; ritka Magyarorsz\u00e1gon \u00e9s csak a nyugati hat\u00e1r k\u00f6zel\u00e9ben \u00e9l (K\u0151szegi-hegys\u00e9g, Dr\u00e1va-mente, Zalaegerszeg).<sup id=\"cite_ref-2\" class=\"reference\"><a style=\"color: #ffffff;\" href=\"https:\/\/hu.wikipedia.org\/wiki\/Tavaszi_pimp%C3%B3#cite_note-2\">[2]<\/a><\/sup><sup id=\"cite_ref-3\" class=\"reference\"><a style=\"color: #ffffff;\" href=\"https:\/\/hu.wikipedia.org\/wiki\/Tavaszi_pimp%C3%B3#cite_note-3\">[3]<\/a><\/sup><\/span><\/p>\n<p><span style=\"color: #ffffff;\">A sz\u00e1raz \u00e9l\u0151helyeket kedveli, sz\u00e1raz gyepek, hegyi r\u00e9tek n\u00f6v\u00e9nye.<\/span><\/p>\n<p>&nbsp;<\/p>\n","protected":false},"excerpt":{"rendered":"<h3>Potentilla fructicosa &#8216;Goldteppich&#8217;-Cserj\u00e9s pimp\u00f3<\/h3>\n<p>Potentilla fructicosa &#8216;Goldteppich&#8217;-Cserj\u00e9s pimp\u00f3 fel\u00e1ll\u00f3 hajt\u00e1srendszer\u0171, lombhullat\u00f3 t\u00f6rpe cserje, kifejlett magass\u00e1g 80 cm, levelei apr\u00f3k, ujjasan szeldeltek, \u00e9l\u00e9nkz\u00f6ldek.<\/p>\n<p>Vir\u00e1gai nagy t\u00f6megben ny\u00edlnak s\u00e1rga vir\u00e1gai. V-VIII h\u00f3napban vir\u00e1gzik.A t\u0171z\u0151 napot, sz\u00e1razabb, sov\u00e1nyabb talajokat is elvisel<\/p>","protected":false},"featured_media":5691,"template":"","meta":{"_et_pb_use_builder":"","_et_pb_old_content":"","_et_gb_content_width":""},"product_brand":[],"product_cat":[27],"product_tag":[1744],"class_list":{"0":"post-5690","1":"product","2":"type-product","3":"status-publish","4":"has-post-thumbnail","6":"product_cat-cserjek","7":"product_tag-potentilla-fructicosa-goldteppich-cserjes-pimpo","9":"first","10":"outofstock","11":"shipping-taxable","12":"product-type-simple"},"yoast_head":"<!-- This site is optimized with the Yoast SEO plugin v27.5 - https:\/\/yoast.com\/product\/yoast-seo-wordpress\/ -->\n<title>Potentilla fructicosa &#039;Goldteppich&#039;-Cserj\u00e9s pimp\u00f3 - T\u00e1jkert\u00e9sz<\/title>\n<meta name=\"description\" content=\"Potentilla fructicosa &#039;Goldteppich&#039;-Cserj\u00e9s pimp\u00f3 fel\u00e1ll\u00f3 hajt\u00e1srendszer\u0171, lombhullat\u00f3 t\u00f6rpe cserje, kifejlett magass\u00e1g 80 cm, levelei\" \/>\n<meta name=\"robots\" content=\"index, follow, max-snippet:-1, max-image-preview:large, max-video-preview:-1\" \/>\n<link rel=\"canonical\" href=\"https:\/\/tajkertesz.com\/en_US\/product\/potentilla-fructicosa-goldteppich-cserjes-pimpo\/\" \/>\n<meta property=\"og:locale\" content=\"en_US\" \/>\n<meta property=\"og:type\" content=\"article\" \/>\n<meta property=\"og:title\" content=\"Potentilla fructicosa &#039;Goldteppich&#039;-Cserj\u00e9s pimp\u00f3 - T\u00e1jkert\u00e9sz\" \/>\n<meta property=\"og:description\" content=\"Potentilla fructicosa &#039;Goldteppich&#039;-Cserj\u00e9s pimp\u00f3 fel\u00e1ll\u00f3 hajt\u00e1srendszer\u0171, lombhullat\u00f3 t\u00f6rpe cserje, kifejlett magass\u00e1g 80 cm, levelei\" \/>\n<meta property=\"og:url\" content=\"https:\/\/tajkertesz.com\/en_US\/product\/potentilla-fructicosa-goldteppich-cserjes-pimpo\/\" \/>\n<meta property=\"og:site_name\" content=\"T\u00e1jkert\u00e9sz\" \/>\n<meta property=\"article:publisher\" content=\"https:\/\/www.facebook.com\/Tajkertesz\/\" \/>\n<meta property=\"article:modified_time\" content=\"2026-04-28T14:28:56+00:00\" \/>\n<meta property=\"og:image\" content=\"https:\/\/tajkertesz.com\/wp-content\/uploads\/2021\/05\/1-2.jpg\" \/>\n\t<meta property=\"og:image:width\" content=\"681\" \/>\n\t<meta property=\"og:image:height\" content=\"761\" \/>\n\t<meta property=\"og:image:type\" content=\"image\/jpeg\" \/>\n<meta name=\"twitter:card\" content=\"summary_large_image\" \/>\n<meta name=\"twitter:label1\" content=\"Est. reading time\" \/>\n\t<meta name=\"twitter:data1\" content=\"2 minutes\" \/>\n<script type=\"application\/ld+json\" class=\"yoast-schema-graph\">{\"@context\":\"https:\\\/\\\/schema.org\",\"@graph\":[{\"@type\":\"WebPage\",\"@id\":\"https:\\\/\\\/tajkertesz.com\\\/termek\\\/potentilla-fructicosa-goldteppich-cserjes-pimpo\\\/\",\"url\":\"https:\\\/\\\/tajkertesz.com\\\/termek\\\/potentilla-fructicosa-goldteppich-cserjes-pimpo\\\/\",\"name\":\"Potentilla fructicosa 'Goldteppich'-Cserj\u00e9s pimp\u00f3 - T\u00e1jkert\u00e9sz\",\"isPartOf\":{\"@id\":\"https:\\\/\\\/tajkertesz.com\\\/#website\"},\"primaryImageOfPage\":{\"@id\":\"https:\\\/\\\/tajkertesz.com\\\/termek\\\/potentilla-fructicosa-goldteppich-cserjes-pimpo\\\/#primaryimage\"},\"image\":{\"@id\":\"https:\\\/\\\/tajkertesz.com\\\/termek\\\/potentilla-fructicosa-goldteppich-cserjes-pimpo\\\/#primaryimage\"},\"thumbnailUrl\":\"https:\\\/\\\/tajkertesz.com\\\/wp-content\\\/uploads\\\/2021\\\/05\\\/1-2.jpg\",\"datePublished\":\"2021-05-28T08:19:25+00:00\",\"dateModified\":\"2026-04-28T14:28:56+00:00\",\"description\":\"Potentilla fructicosa 'Goldteppich'-Cserj\u00e9s pimp\u00f3 fel\u00e1ll\u00f3 hajt\u00e1srendszer\u0171, lombhullat\u00f3 t\u00f6rpe cserje, kifejlett magass\u00e1g 80 cm, levelei\",\"breadcrumb\":{\"@id\":\"https:\\\/\\\/tajkertesz.com\\\/termek\\\/potentilla-fructicosa-goldteppich-cserjes-pimpo\\\/#breadcrumb\"},\"inLanguage\":\"en-US\",\"potentialAction\":[{\"@type\":\"ReadAction\",\"target\":[\"https:\\\/\\\/tajkertesz.com\\\/termek\\\/potentilla-fructicosa-goldteppich-cserjes-pimpo\\\/\"]}]},{\"@type\":\"ImageObject\",\"inLanguage\":\"en-US\",\"@id\":\"https:\\\/\\\/tajkertesz.com\\\/termek\\\/potentilla-fructicosa-goldteppich-cserjes-pimpo\\\/#primaryimage\",\"url\":\"https:\\\/\\\/tajkertesz.com\\\/wp-content\\\/uploads\\\/2021\\\/05\\\/1-2.jpg\",\"contentUrl\":\"https:\\\/\\\/tajkertesz.com\\\/wp-content\\\/uploads\\\/2021\\\/05\\\/1-2.jpg\",\"width\":681,\"height\":761},{\"@type\":\"BreadcrumbList\",\"@id\":\"https:\\\/\\\/tajkertesz.com\\\/termek\\\/potentilla-fructicosa-goldteppich-cserjes-pimpo\\\/#breadcrumb\",\"itemListElement\":[{\"@type\":\"ListItem\",\"position\":1,\"name\":\"Home\",\"item\":\"https:\\\/\\\/tajkertesz.com\\\/\"},{\"@type\":\"ListItem\",\"position\":2,\"name\":\"Kezd\u0151lap\",\"item\":\"https:\\\/\\\/tajkertesz.com\\\/\"},{\"@type\":\"ListItem\",\"position\":3,\"name\":\"Potentilla fructicosa &#8216;Goldteppich&#8217;-Cserj\u00e9s pimp\u00f3\"}]},{\"@type\":\"WebSite\",\"@id\":\"https:\\\/\\\/tajkertesz.com\\\/#website\",\"url\":\"https:\\\/\\\/tajkertesz.com\\\/\",\"name\":\"T\u00e1j-Kert\u00e9sz 84 Kft.\",\"description\":\"Kert\u00e9szeti kis- \u00e9s nagykeresked\u00e9s, D\u00edszn\u00f6v\u00e9ny web\u00e1ruh\u00e1z orsz\u00e1gos h\u00e1zhozsz\u00e1ll\u00edt\u00e1ssal!\",\"publisher\":{\"@id\":\"https:\\\/\\\/tajkertesz.com\\\/#organization\"},\"potentialAction\":[{\"@type\":\"SearchAction\",\"target\":{\"@type\":\"EntryPoint\",\"urlTemplate\":\"https:\\\/\\\/tajkertesz.com\\\/?s={search_term_string}\"},\"query-input\":{\"@type\":\"PropertyValueSpecification\",\"valueRequired\":true,\"valueName\":\"search_term_string\"}}],\"inLanguage\":\"en-US\"},{\"@type\":\"Organization\",\"@id\":\"https:\\\/\\\/tajkertesz.com\\\/#organization\",\"name\":\"T\u00e1j-Kert\u00e9sz 84 Kft.\",\"url\":\"https:\\\/\\\/tajkertesz.com\\\/\",\"logo\":{\"@type\":\"ImageObject\",\"inLanguage\":\"en-US\",\"@id\":\"https:\\\/\\\/tajkertesz.com\\\/#\\\/schema\\\/logo\\\/image\\\/\",\"url\":\"https:\\\/\\\/tajkertesz.com\\\/wp-content\\\/uploads\\\/2018\\\/02\\\/logo-2-e1518678052539.png\",\"contentUrl\":\"https:\\\/\\\/tajkertesz.com\\\/wp-content\\\/uploads\\\/2018\\\/02\\\/logo-2-e1518678052539.png\",\"width\":81,\"height\":140,\"caption\":\"T\u00e1j-Kert\u00e9sz 84 Kft.\"},\"image\":{\"@id\":\"https:\\\/\\\/tajkertesz.com\\\/#\\\/schema\\\/logo\\\/image\\\/\"},\"sameAs\":[\"https:\\\/\\\/www.facebook.com\\\/Tajkertesz\\\/\"]}]}<\/script>\n<!-- \/ Yoast SEO plugin. -->","yoast_head_json":{"title":"Potentilla fructicosa 'Goldteppich'-Cserj\u00e9s pimp\u00f3 - T\u00e1jkert\u00e9sz","description":"Potentilla fructicosa 'Goldteppich'-Cserj\u00e9s pimp\u00f3 fel\u00e1ll\u00f3 hajt\u00e1srendszer\u0171, lombhullat\u00f3 t\u00f6rpe cserje, kifejlett magass\u00e1g 80 cm, levelei","robots":{"index":"index","follow":"follow","max-snippet":"max-snippet:-1","max-image-preview":"max-image-preview:large","max-video-preview":"max-video-preview:-1"},"canonical":"https:\/\/tajkertesz.com\/en_US\/product\/potentilla-fructicosa-goldteppich-cserjes-pimpo\/","og_locale":"en_US","og_type":"article","og_title":"Potentilla fructicosa 'Goldteppich'-Cserj\u00e9s pimp\u00f3 - T\u00e1jkert\u00e9sz","og_description":"Potentilla fructicosa 'Goldteppich'-Cserj\u00e9s pimp\u00f3 fel\u00e1ll\u00f3 hajt\u00e1srendszer\u0171, lombhullat\u00f3 t\u00f6rpe cserje, kifejlett magass\u00e1g 80 cm, levelei","og_url":"https:\/\/tajkertesz.com\/en_US\/product\/potentilla-fructicosa-goldteppich-cserjes-pimpo\/","og_site_name":"T\u00e1jkert\u00e9sz","article_publisher":"https:\/\/www.facebook.com\/Tajkertesz\/","article_modified_time":"2026-04-28T14:28:56+00:00","og_image":[{"width":681,"height":761,"url":"https:\/\/tajkertesz.com\/wp-content\/uploads\/2021\/05\/1-2.jpg","type":"image\/jpeg"}],"twitter_card":"summary_large_image","twitter_misc":{"Est. reading time":"2 minutes"},"schema":{"@context":"https:\/\/schema.org","@graph":[{"@type":"WebPage","@id":"https:\/\/tajkertesz.com\/termek\/potentilla-fructicosa-goldteppich-cserjes-pimpo\/","url":"https:\/\/tajkertesz.com\/termek\/potentilla-fructicosa-goldteppich-cserjes-pimpo\/","name":"Potentilla fructicosa 'Goldteppich'-Cserj\u00e9s pimp\u00f3 - T\u00e1jkert\u00e9sz","isPartOf":{"@id":"https:\/\/tajkertesz.com\/#website"},"primaryImageOfPage":{"@id":"https:\/\/tajkertesz.com\/termek\/potentilla-fructicosa-goldteppich-cserjes-pimpo\/#primaryimage"},"image":{"@id":"https:\/\/tajkertesz.com\/termek\/potentilla-fructicosa-goldteppich-cserjes-pimpo\/#primaryimage"},"thumbnailUrl":"https:\/\/tajkertesz.com\/wp-content\/uploads\/2021\/05\/1-2.jpg","datePublished":"2021-05-28T08:19:25+00:00","dateModified":"2026-04-28T14:28:56+00:00","description":"Potentilla fructicosa 'Goldteppich'-Cserj\u00e9s pimp\u00f3 fel\u00e1ll\u00f3 hajt\u00e1srendszer\u0171, lombhullat\u00f3 t\u00f6rpe cserje, kifejlett magass\u00e1g 80 cm, levelei","breadcrumb":{"@id":"https:\/\/tajkertesz.com\/termek\/potentilla-fructicosa-goldteppich-cserjes-pimpo\/#breadcrumb"},"inLanguage":"en-US","potentialAction":[{"@type":"ReadAction","target":["https:\/\/tajkertesz.com\/termek\/potentilla-fructicosa-goldteppich-cserjes-pimpo\/"]}]},{"@type":"ImageObject","inLanguage":"en-US","@id":"https:\/\/tajkertesz.com\/termek\/potentilla-fructicosa-goldteppich-cserjes-pimpo\/#primaryimage","url":"https:\/\/tajkertesz.com\/wp-content\/uploads\/2021\/05\/1-2.jpg","contentUrl":"https:\/\/tajkertesz.com\/wp-content\/uploads\/2021\/05\/1-2.jpg","width":681,"height":761},{"@type":"BreadcrumbList","@id":"https:\/\/tajkertesz.com\/termek\/potentilla-fructicosa-goldteppich-cserjes-pimpo\/#breadcrumb","itemListElement":[{"@type":"ListItem","position":1,"name":"Home","item":"https:\/\/tajkertesz.com\/"},{"@type":"ListItem","position":2,"name":"Kezd\u0151lap","item":"https:\/\/tajkertesz.com\/"},{"@type":"ListItem","position":3,"name":"Potentilla fructicosa &#8216;Goldteppich&#8217;-Cserj\u00e9s pimp\u00f3"}]},{"@type":"WebSite","@id":"https:\/\/tajkertesz.com\/#website","url":"https:\/\/tajkertesz.com\/","name":"T\u00e1j-Kert\u00e9sz 84 Kft.","description":"Kert\u00e9szeti kis- \u00e9s nagykeresked\u00e9s, D\u00edszn\u00f6v\u00e9ny web\u00e1ruh\u00e1z orsz\u00e1gos h\u00e1zhozsz\u00e1ll\u00edt\u00e1ssal!","publisher":{"@id":"https:\/\/tajkertesz.com\/#organization"},"potentialAction":[{"@type":"SearchAction","target":{"@type":"EntryPoint","urlTemplate":"https:\/\/tajkertesz.com\/?s={search_term_string}"},"query-input":{"@type":"PropertyValueSpecification","valueRequired":true,"valueName":"search_term_string"}}],"inLanguage":"en-US"},{"@type":"Organization","@id":"https:\/\/tajkertesz.com\/#organization","name":"T\u00e1j-Kert\u00e9sz 84 Kft.","url":"https:\/\/tajkertesz.com\/","logo":{"@type":"ImageObject","inLanguage":"en-US","@id":"https:\/\/tajkertesz.com\/#\/schema\/logo\/image\/","url":"https:\/\/tajkertesz.com\/wp-content\/uploads\/2018\/02\/logo-2-e1518678052539.png","contentUrl":"https:\/\/tajkertesz.com\/wp-content\/uploads\/2018\/02\/logo-2-e1518678052539.png","width":81,"height":140,"caption":"T\u00e1j-Kert\u00e9sz 84 Kft."},"image":{"@id":"https:\/\/tajkertesz.com\/#\/schema\/logo\/image\/"},"sameAs":["https:\/\/www.facebook.com\/Tajkertesz\/"]}]}},"_links":{"self":[{"href":"https:\/\/tajkertesz.com\/en_US\/wp-json\/wp\/v2\/product\/5690","targetHints":{"allow":["GET"]}}],"collection":[{"href":"https:\/\/tajkertesz.com\/en_US\/wp-json\/wp\/v2\/product"}],"about":[{"href":"https:\/\/tajkertesz.com\/en_US\/wp-json\/wp\/v2\/types\/product"}],"wp:featuredmedia":[{"embeddable":true,"href":"https:\/\/tajkertesz.com\/en_US\/wp-json\/wp\/v2\/media\/5691"}],"wp:attachment":[{"href":"https:\/\/tajkertesz.com\/en_US\/wp-json\/wp\/v2\/media?parent=5690"}],"wp:term":[{"taxonomy":"product_brand","embeddable":true,"href":"https:\/\/tajkertesz.com\/en_US\/wp-json\/wp\/v2\/product_brand?post=5690"},{"taxonomy":"product_cat","embeddable":true,"href":"https:\/\/tajkertesz.com\/en_US\/wp-json\/wp\/v2\/product_cat?post=5690"},{"taxonomy":"product_tag","embeddable":true,"href":"https:\/\/tajkertesz.com\/en_US\/wp-json\/wp\/v2\/product_tag?post=5690"}],"curies":[{"name":"wp","href":"https:\/\/api.w.org\/{rel}","templated":true}]}}