{"id":5787,"date":"2021-06-01T07:23:48","date_gmt":"2021-06-01T07:23:48","guid":{"rendered":"https:\/\/tajkertesz.com\/?post_type=product&#038;p=5787"},"modified":"2023-12-23T13:19:20","modified_gmt":"2023-12-23T13:19:20","slug":"phyllostachys-metake-bambusz","status":"publish","type":"product","link":"https:\/\/tajkertesz.com\/en_US\/product\/phyllostachys-metake-bambusz\/","title":{"rendered":"Phyllostachys metake \u2013 Bambusz"},"content":{"rendered":"<h3 class=\"LC20lb DKV0Md\">Phyllostachys metake \u2013 Bambusz<\/h3>\n<p class=\"LC20lb DKV0Md\">Phyllostachys metake \u2013 Bambusz nem terjed\u0151, k\u00f6z\u00e9pmagas bambusz.A sz\u00e1rai v\u00e9konyak, kb 2-3 cm \u00e1tm\u00e9r\u0151j\u0171, t\u00f6m\u00f6tt csom\u00f3kban n\u0151nek. Kb 4-6 m\u00e9ter magass\u00e1got \u00e9rhet el.\u00d6r\u00f6kz\u00f6ld levele l\u00e1ndzsa alak\u00fa, kb. 10-30 cm hossz\u00fa, \u00e9s 2-3 cm sz\u00e9les, f\u00e9nyes s\u00f6t\u00e9tz\u00f6ld, a fon\u00e1kj\u00e1n k\u00e9kesz\u00f6ld. T\u00e1panyagban gazdag talajban, b\u0151s\u00e9ges v\u00edzell\u00e1t\u00e1s mellett fejl\u0151dik a leggyorsabban. Toler\u00e1lja a sz\u00e1razabb k\u00f6r\u00fclm\u00e9nyeket is. Napos helyet szeret, de elviseli a f\u00e9l\u00e1rny\u00e9kot is. Er\u0151sen fagyt\u0171r\u0151 (-24 C) .<\/p>\n<p>Jelen term\u00e9k\u00fcnk 10 literes kont\u00e9nerben kaphat\u00f3 \u00e9s kb 50-60 cm magass\u00e1g\u00fa.<\/p>\n<p style=\"line-height: 18.0pt; background: white; margin: 0cm 0cm 15.0pt 0cm;\"><span style=\"color: black;\">El\u00e9rhet\u0151 t\u00f6bbf\u00e9le m\u00e9retben \u00e9s \u00e1rban.<\/span><\/p>\n<p style=\"line-height: 18.0pt; background: white; margin: 0cm 0cm 15.0pt 0cm;\"><b><span style=\"color: black;\">K\u00e9szlet\u00fcnk napi szinten v\u00e1ltozik, ez\u00e9rt k\u00e9rj\u00fck, \u00e9rdekl\u0151dj\u00f6n szem\u00e9lyesen, telefonon vagy email-en.<br \/>\nA v\u00e1ltoztat\u00e1s jog\u00e1t fenntartjuk!\u00a0<\/span><\/b><\/p>\n<p><a href=\"https:\/\/tajkertesz.com\/\">https:\/\/tajkertesz.com\/<\/a><\/p>\n<p><a href=\"https:\/\/www.facebook.com\/tajkertesz\">https:\/\/www.facebook.com\/tajkertesz<\/a><\/p>\n<h6><span style=\"color: #ffffff;\">Jap\u00e1nkertek jellegzetes fekete sz\u00e1r\u00fa bambusza! \u00daj hajt\u00e1sai k\u00f6z\u00e9p-z\u00f6ld sz\u00edn\u0171ek \u00e9s csak a m\u00e1sodik \u00e9vben v\u00e1ltoznak feket\u00e9re. Gyeng\u00e9bb n\u00f6veked\u00e9s\u0171, magass\u00e1ga 4-6 m\u00e9ter, sz\u00e1rai 3-5 cm \u00e1tm\u00e9r\u0151j\u0171ek. Nedvesebb, t\u00e1pd\u00fas talajt \u00e9s napos vagy f\u00e9l\u00e1rny\u00e9kos helyet kedvel. M\u00e1s citroms\u00e1rga sz\u00e1r\u00fa bambuszokkal pl. Phyllostachys aureosulcata &#8216;Aureocaulis&#8217; fajt\u00e1val \u00f6ssze\u00fcltetve nagyon l\u00e1tv\u00e1nyos hat\u00e1st \u00e9rhet\u00fcnk el. Szoliternek aj\u00e1nlott, t\u00e9l\u00e1ll\u00f3 bambusz.<\/span><\/h6>\n<h6><span style=\"color: #ffffff;\">A Phyllostachys nigra\u00a0 , Fekete bambusz, er\u0151teljes n\u00f6veked\u00e9s\u0171, napos \u00e9s f\u00e9l\u00e1rny\u00e9kos helyen is j\u00f3l \u00e9rzi mag\u00e1t.\u00a0<\/span><\/h6>\n<h6><span style=\"color: #ffffff;\">A sz\u00e1ra csak a m\u00e1sodik \u00e9vt\u0151l kezd \u00e1tv\u00e1ltozni fekete sz\u00edn\u0171re. Teljesen t\u00e9l\u00e1ll\u00f3 n\u00f6v\u00e9ny mely v\u00e9gs\u0151 magass\u00e1ga kb:6-9 m<\/span><\/h6>\n<h6><span style=\"color: #ffffff;\">Leveleinek hossza kb:15 cm hossz\u00fa \u00e9s kb1,5 cm sz\u00e9les. Szoliternek vagy s\u00f6v\u00e9nynek alkalmazhatjuk.<\/span><\/h6>\n<h6><span style=\"color: #ffffff;\">A bambusz fajt\u00e1kra jellemz\u0151en gyorsan \u00e9s er\u0151teljesen n\u0151. A riz\u00f3m\u00e1i er\u0151teljesen n\u00f6vekednek, ez\u00e9rt gondoskodni kell korl\u00e1toz\u00e1s\u00e1r\u00f3l.<\/span><\/h6>\n<h6><span style=\"color: #ffffff;\">Jelen term\u00e9k\u00fcnk 9,5l -es kont\u00e9nerben kaphat\u00f3 . M\u00e9rete:120-150cm magas<\/span><\/h6>\n<p>&nbsp;<\/p>\n<p>&nbsp;<\/p>\n<p>&nbsp;<\/p>","protected":false},"excerpt":{"rendered":"<h3 class=\"LC20lb DKV0Md\">Phyllostachys metake \u2013 Bambusz<\/h3>\n<p class=\"LC20lb DKV0Md\">Phyllostachys metake \u2013 Bambusz nem terjed\u0151, k\u00f6z\u00e9pmagas bambusz.A sz\u00e1rai v\u00e9konyak, kb 2-3 cm \u00e1tm\u00e9r\u0151j\u0171, t\u00f6m\u00f6tt csom\u00f3kban n\u0151nek. Kb 4-6 m\u00e9ter magass\u00e1got \u00e9rhet el.\u00d6r\u00f6kz\u00f6ld levele l\u00e1ndzsa alak\u00fa, kb. 10-30 cm hossz\u00fa, \u00e9s 2-3 cm sz\u00e9les, f\u00e9nyes s\u00f6t\u00e9tz\u00f6ld, a fon\u00e1kj\u00e1n k\u00e9kesz\u00f6ld. T\u00e1panyagban gazdag talajban, b\u0151s\u00e9ges v\u00edzell\u00e1t\u00e1s mellett fejl\u0151dik a leggyorsabban. Toler\u00e1lja a sz\u00e1razabb k\u00f6r\u00fclm\u00e9nyeket is. Napos helyet szeret, de elviseli a f\u00e9l\u00e1rny\u00e9kot is. Er\u0151sen fagyt\u0171r\u0151 (-24 C) .<\/p>","protected":false},"featured_media":5790,"template":"","meta":{"_et_pb_use_builder":"","_et_pb_old_content":"","_et_gb_content_width":""},"product_brand":[],"product_cat":[526],"product_tag":[1761],"class_list":{"0":"post-5787","1":"product","2":"type-product","3":"status-publish","4":"has-post-thumbnail","6":"product_cat-bambusz-felek","7":"product_tag-phyllostachys-metake-bambusz","9":"first","10":"instock","11":"shipping-taxable","12":"purchasable","13":"product-type-simple"},"yoast_head":"<!-- This site is optimized with the Yoast SEO plugin v27.5 - https:\/\/yoast.com\/product\/yoast-seo-wordpress\/ -->\n<title>Phyllostachys metake \u2013 Bambusz - T\u00e1jkert\u00e9sz<\/title>\n<meta name=\"description\" content=\"Phyllostachys metake \u2013 Bambusz nem terjed\u0151, k\u00f6z\u00e9pmagas bambusz.A sz\u00e1rai v\u00e9konyak, kb 2-3 cm \u00e1tm\u00e9r\u0151j\u0171, t\u00f6m\u00f6tt csom\u00f3kban n\u0151nek\" \/>\n<meta name=\"robots\" content=\"index, follow, max-snippet:-1, max-image-preview:large, max-video-preview:-1\" \/>\n<link rel=\"canonical\" href=\"https:\/\/tajkertesz.com\/en_US\/product\/phyllostachys-metake-bambusz\/\" \/>\n<meta property=\"og:locale\" content=\"en_US\" \/>\n<meta property=\"og:type\" content=\"article\" \/>\n<meta property=\"og:title\" content=\"Phyllostachys metake \u2013 Bambusz - T\u00e1jkert\u00e9sz\" \/>\n<meta property=\"og:description\" content=\"Phyllostachys metake \u2013 Bambusz nem terjed\u0151, k\u00f6z\u00e9pmagas bambusz.A sz\u00e1rai v\u00e9konyak, kb 2-3 cm \u00e1tm\u00e9r\u0151j\u0171, t\u00f6m\u00f6tt csom\u00f3kban n\u0151nek\" \/>\n<meta property=\"og:url\" content=\"https:\/\/tajkertesz.com\/en_US\/product\/phyllostachys-metake-bambusz\/\" \/>\n<meta property=\"og:site_name\" content=\"T\u00e1jkert\u00e9sz\" \/>\n<meta property=\"article:publisher\" content=\"https:\/\/www.facebook.com\/Tajkertesz\/\" \/>\n<meta property=\"article:modified_time\" content=\"2023-12-23T13:19:20+00:00\" \/>\n<meta property=\"og:image\" content=\"https:\/\/tajkertesz.com\/wp-content\/uploads\/2021\/06\/metake.jpg\" \/>\n\t<meta property=\"og:image:width\" content=\"1000\" \/>\n\t<meta property=\"og:image:height\" content=\"750\" \/>\n\t<meta property=\"og:image:type\" content=\"image\/jpeg\" \/>\n<meta name=\"twitter:card\" content=\"summary_large_image\" \/>\n<meta name=\"twitter:label1\" content=\"Est. reading time\" \/>\n\t<meta name=\"twitter:data1\" content=\"2 minutes\" \/>\n<script type=\"application\/ld+json\" class=\"yoast-schema-graph\">{\"@context\":\"https:\\\/\\\/schema.org\",\"@graph\":[{\"@type\":\"WebPage\",\"@id\":\"https:\\\/\\\/tajkertesz.com\\\/termek\\\/phyllostachys-metake-bambusz\\\/\",\"url\":\"https:\\\/\\\/tajkertesz.com\\\/termek\\\/phyllostachys-metake-bambusz\\\/\",\"name\":\"Phyllostachys metake \u2013 Bambusz - T\u00e1jkert\u00e9sz\",\"isPartOf\":{\"@id\":\"https:\\\/\\\/tajkertesz.com\\\/#website\"},\"primaryImageOfPage\":{\"@id\":\"https:\\\/\\\/tajkertesz.com\\\/termek\\\/phyllostachys-metake-bambusz\\\/#primaryimage\"},\"image\":{\"@id\":\"https:\\\/\\\/tajkertesz.com\\\/termek\\\/phyllostachys-metake-bambusz\\\/#primaryimage\"},\"thumbnailUrl\":\"https:\\\/\\\/tajkertesz.com\\\/wp-content\\\/uploads\\\/2021\\\/06\\\/metake.jpg\",\"datePublished\":\"2021-06-01T07:23:48+00:00\",\"dateModified\":\"2023-12-23T13:19:20+00:00\",\"description\":\"Phyllostachys metake \u2013 Bambusz nem terjed\u0151, k\u00f6z\u00e9pmagas bambusz.A sz\u00e1rai v\u00e9konyak, kb 2-3 cm \u00e1tm\u00e9r\u0151j\u0171, t\u00f6m\u00f6tt csom\u00f3kban n\u0151nek\",\"breadcrumb\":{\"@id\":\"https:\\\/\\\/tajkertesz.com\\\/termek\\\/phyllostachys-metake-bambusz\\\/#breadcrumb\"},\"inLanguage\":\"en-US\",\"potentialAction\":[{\"@type\":\"ReadAction\",\"target\":[\"https:\\\/\\\/tajkertesz.com\\\/termek\\\/phyllostachys-metake-bambusz\\\/\"]}]},{\"@type\":\"ImageObject\",\"inLanguage\":\"en-US\",\"@id\":\"https:\\\/\\\/tajkertesz.com\\\/termek\\\/phyllostachys-metake-bambusz\\\/#primaryimage\",\"url\":\"https:\\\/\\\/tajkertesz.com\\\/wp-content\\\/uploads\\\/2021\\\/06\\\/metake.jpg\",\"contentUrl\":\"https:\\\/\\\/tajkertesz.com\\\/wp-content\\\/uploads\\\/2021\\\/06\\\/metake.jpg\",\"width\":1000,\"height\":750},{\"@type\":\"BreadcrumbList\",\"@id\":\"https:\\\/\\\/tajkertesz.com\\\/termek\\\/phyllostachys-metake-bambusz\\\/#breadcrumb\",\"itemListElement\":[{\"@type\":\"ListItem\",\"position\":1,\"name\":\"Home\",\"item\":\"https:\\\/\\\/tajkertesz.com\\\/\"},{\"@type\":\"ListItem\",\"position\":2,\"name\":\"Kezd\u0151lap\",\"item\":\"https:\\\/\\\/tajkertesz.com\\\/\"},{\"@type\":\"ListItem\",\"position\":3,\"name\":\"Phyllostachys metake \u2013 Bambusz\"}]},{\"@type\":\"WebSite\",\"@id\":\"https:\\\/\\\/tajkertesz.com\\\/#website\",\"url\":\"https:\\\/\\\/tajkertesz.com\\\/\",\"name\":\"T\u00e1j-Kert\u00e9sz 84 Kft.\",\"description\":\"Kert\u00e9szeti kis- \u00e9s nagykeresked\u00e9s, D\u00edszn\u00f6v\u00e9ny web\u00e1ruh\u00e1z orsz\u00e1gos h\u00e1zhozsz\u00e1ll\u00edt\u00e1ssal!\",\"publisher\":{\"@id\":\"https:\\\/\\\/tajkertesz.com\\\/#organization\"},\"potentialAction\":[{\"@type\":\"SearchAction\",\"target\":{\"@type\":\"EntryPoint\",\"urlTemplate\":\"https:\\\/\\\/tajkertesz.com\\\/?s={search_term_string}\"},\"query-input\":{\"@type\":\"PropertyValueSpecification\",\"valueRequired\":true,\"valueName\":\"search_term_string\"}}],\"inLanguage\":\"en-US\"},{\"@type\":\"Organization\",\"@id\":\"https:\\\/\\\/tajkertesz.com\\\/#organization\",\"name\":\"T\u00e1j-Kert\u00e9sz 84 Kft.\",\"url\":\"https:\\\/\\\/tajkertesz.com\\\/\",\"logo\":{\"@type\":\"ImageObject\",\"inLanguage\":\"en-US\",\"@id\":\"https:\\\/\\\/tajkertesz.com\\\/#\\\/schema\\\/logo\\\/image\\\/\",\"url\":\"https:\\\/\\\/tajkertesz.com\\\/wp-content\\\/uploads\\\/2018\\\/02\\\/logo-2-e1518678052539.png\",\"contentUrl\":\"https:\\\/\\\/tajkertesz.com\\\/wp-content\\\/uploads\\\/2018\\\/02\\\/logo-2-e1518678052539.png\",\"width\":81,\"height\":140,\"caption\":\"T\u00e1j-Kert\u00e9sz 84 Kft.\"},\"image\":{\"@id\":\"https:\\\/\\\/tajkertesz.com\\\/#\\\/schema\\\/logo\\\/image\\\/\"},\"sameAs\":[\"https:\\\/\\\/www.facebook.com\\\/Tajkertesz\\\/\"]}]}<\/script>\n<!-- \/ Yoast SEO plugin. -->","yoast_head_json":{"title":"Phyllostachys metake \u2013 Bambusz - T\u00e1jkert\u00e9sz","description":"Phyllostachys metake \u2013 Bambusz nem terjed\u0151, k\u00f6z\u00e9pmagas bambusz.A sz\u00e1rai v\u00e9konyak, kb 2-3 cm \u00e1tm\u00e9r\u0151j\u0171, t\u00f6m\u00f6tt csom\u00f3kban n\u0151nek","robots":{"index":"index","follow":"follow","max-snippet":"max-snippet:-1","max-image-preview":"max-image-preview:large","max-video-preview":"max-video-preview:-1"},"canonical":"https:\/\/tajkertesz.com\/en_US\/product\/phyllostachys-metake-bambusz\/","og_locale":"en_US","og_type":"article","og_title":"Phyllostachys metake \u2013 Bambusz - T\u00e1jkert\u00e9sz","og_description":"Phyllostachys metake \u2013 Bambusz nem terjed\u0151, k\u00f6z\u00e9pmagas bambusz.A sz\u00e1rai v\u00e9konyak, kb 2-3 cm \u00e1tm\u00e9r\u0151j\u0171, t\u00f6m\u00f6tt csom\u00f3kban n\u0151nek","og_url":"https:\/\/tajkertesz.com\/en_US\/product\/phyllostachys-metake-bambusz\/","og_site_name":"T\u00e1jkert\u00e9sz","article_publisher":"https:\/\/www.facebook.com\/Tajkertesz\/","article_modified_time":"2023-12-23T13:19:20+00:00","og_image":[{"width":1000,"height":750,"url":"https:\/\/tajkertesz.com\/wp-content\/uploads\/2021\/06\/metake.jpg","type":"image\/jpeg"}],"twitter_card":"summary_large_image","twitter_misc":{"Est. reading time":"2 minutes"},"schema":{"@context":"https:\/\/schema.org","@graph":[{"@type":"WebPage","@id":"https:\/\/tajkertesz.com\/termek\/phyllostachys-metake-bambusz\/","url":"https:\/\/tajkertesz.com\/termek\/phyllostachys-metake-bambusz\/","name":"Phyllostachys metake \u2013 Bambusz - T\u00e1jkert\u00e9sz","isPartOf":{"@id":"https:\/\/tajkertesz.com\/#website"},"primaryImageOfPage":{"@id":"https:\/\/tajkertesz.com\/termek\/phyllostachys-metake-bambusz\/#primaryimage"},"image":{"@id":"https:\/\/tajkertesz.com\/termek\/phyllostachys-metake-bambusz\/#primaryimage"},"thumbnailUrl":"https:\/\/tajkertesz.com\/wp-content\/uploads\/2021\/06\/metake.jpg","datePublished":"2021-06-01T07:23:48+00:00","dateModified":"2023-12-23T13:19:20+00:00","description":"Phyllostachys metake \u2013 Bambusz nem terjed\u0151, k\u00f6z\u00e9pmagas bambusz.A sz\u00e1rai v\u00e9konyak, kb 2-3 cm \u00e1tm\u00e9r\u0151j\u0171, t\u00f6m\u00f6tt csom\u00f3kban n\u0151nek","breadcrumb":{"@id":"https:\/\/tajkertesz.com\/termek\/phyllostachys-metake-bambusz\/#breadcrumb"},"inLanguage":"en-US","potentialAction":[{"@type":"ReadAction","target":["https:\/\/tajkertesz.com\/termek\/phyllostachys-metake-bambusz\/"]}]},{"@type":"ImageObject","inLanguage":"en-US","@id":"https:\/\/tajkertesz.com\/termek\/phyllostachys-metake-bambusz\/#primaryimage","url":"https:\/\/tajkertesz.com\/wp-content\/uploads\/2021\/06\/metake.jpg","contentUrl":"https:\/\/tajkertesz.com\/wp-content\/uploads\/2021\/06\/metake.jpg","width":1000,"height":750},{"@type":"BreadcrumbList","@id":"https:\/\/tajkertesz.com\/termek\/phyllostachys-metake-bambusz\/#breadcrumb","itemListElement":[{"@type":"ListItem","position":1,"name":"Home","item":"https:\/\/tajkertesz.com\/"},{"@type":"ListItem","position":2,"name":"Kezd\u0151lap","item":"https:\/\/tajkertesz.com\/"},{"@type":"ListItem","position":3,"name":"Phyllostachys metake \u2013 Bambusz"}]},{"@type":"WebSite","@id":"https:\/\/tajkertesz.com\/#website","url":"https:\/\/tajkertesz.com\/","name":"T\u00e1j-Kert\u00e9sz 84 Kft.","description":"Kert\u00e9szeti kis- \u00e9s nagykeresked\u00e9s, D\u00edszn\u00f6v\u00e9ny web\u00e1ruh\u00e1z orsz\u00e1gos h\u00e1zhozsz\u00e1ll\u00edt\u00e1ssal!","publisher":{"@id":"https:\/\/tajkertesz.com\/#organization"},"potentialAction":[{"@type":"SearchAction","target":{"@type":"EntryPoint","urlTemplate":"https:\/\/tajkertesz.com\/?s={search_term_string}"},"query-input":{"@type":"PropertyValueSpecification","valueRequired":true,"valueName":"search_term_string"}}],"inLanguage":"en-US"},{"@type":"Organization","@id":"https:\/\/tajkertesz.com\/#organization","name":"T\u00e1j-Kert\u00e9sz 84 Kft.","url":"https:\/\/tajkertesz.com\/","logo":{"@type":"ImageObject","inLanguage":"en-US","@id":"https:\/\/tajkertesz.com\/#\/schema\/logo\/image\/","url":"https:\/\/tajkertesz.com\/wp-content\/uploads\/2018\/02\/logo-2-e1518678052539.png","contentUrl":"https:\/\/tajkertesz.com\/wp-content\/uploads\/2018\/02\/logo-2-e1518678052539.png","width":81,"height":140,"caption":"T\u00e1j-Kert\u00e9sz 84 Kft."},"image":{"@id":"https:\/\/tajkertesz.com\/#\/schema\/logo\/image\/"},"sameAs":["https:\/\/www.facebook.com\/Tajkertesz\/"]}]}},"_links":{"self":[{"href":"https:\/\/tajkertesz.com\/en_US\/wp-json\/wp\/v2\/product\/5787","targetHints":{"allow":["GET"]}}],"collection":[{"href":"https:\/\/tajkertesz.com\/en_US\/wp-json\/wp\/v2\/product"}],"about":[{"href":"https:\/\/tajkertesz.com\/en_US\/wp-json\/wp\/v2\/types\/product"}],"wp:featuredmedia":[{"embeddable":true,"href":"https:\/\/tajkertesz.com\/en_US\/wp-json\/wp\/v2\/media\/5790"}],"wp:attachment":[{"href":"https:\/\/tajkertesz.com\/en_US\/wp-json\/wp\/v2\/media?parent=5787"}],"wp:term":[{"taxonomy":"product_brand","embeddable":true,"href":"https:\/\/tajkertesz.com\/en_US\/wp-json\/wp\/v2\/product_brand?post=5787"},{"taxonomy":"product_cat","embeddable":true,"href":"https:\/\/tajkertesz.com\/en_US\/wp-json\/wp\/v2\/product_cat?post=5787"},{"taxonomy":"product_tag","embeddable":true,"href":"https:\/\/tajkertesz.com\/en_US\/wp-json\/wp\/v2\/product_tag?post=5787"}],"curies":[{"name":"wp","href":"https:\/\/api.w.org\/{rel}","templated":true}]}}