{"id":5802,"date":"2021-06-01T07:48:49","date_gmt":"2021-06-01T07:48:49","guid":{"rendered":"https:\/\/tajkertesz.com\/?post_type=product&#038;p=5802"},"modified":"2022-09-22T11:41:37","modified_gmt":"2022-09-22T11:41:37","slug":"taxus-media-hillii-oszlopos-tiszafa-80-100-cm-foldlabdas","status":"publish","type":"product","link":"https:\/\/tajkertesz.com\/en_US\/product\/taxus-media-hillii-oszlopos-tiszafa-80-100-cm-foldlabdas\/","title":{"rendered":"Taxus media &#8216;Hillii&#8217; &#8211; oszlopos tiszafa 80\/100 cm f\u00f6ldlabd\u00e1s"},"content":{"rendered":"<h3 class=\"LC20lb DKV0Md\">Taxus media &#8216;Hillii&#8217; &#8211; oszlopos tiszafa 80\/100 cm f\u00f6ldlabd\u00e1s<\/h3>\n<div id=\"mw-fr-revisiontag\" class=\"flaggedrevs_short flaggedrevs_stable_synced plainlinks noprint\">\n<div class=\"flaggedrevs_short_basic\">\n<div id=\"mw-fr-revisiontag\" class=\"flaggedrevs_short flaggedrevs_stable_synced plainlinks noprint\">\n<div class=\"flaggedrevs_short_basic\"><\/div>\n<\/div>\n<\/div>\n<\/div>\n<p class=\"LC20lb DKV0Md\">Taxus media &#8216;Hillii&#8217; &#8211; oszlopos tiszafa 80\/100 cm f\u00f6ldlabd\u00e1s <span class=\"product_desc\">oszlopos-k\u00fapos n\u00f6veked\u00e9ssel, felfel\u00e9 t\u00f6rekv\u0151 \u00e1grendszerrel rendelkez\u0151,\u00a0 3-5 m\u00e9teres magass\u00e1got is el\u00e9r\u0151 \u00f6r\u00f6kz\u00f6ld.S<\/span><span lang=\"HU\">\u00f6t\u00e9tz\u00f6ld, t\u0171szer\u0171, lapos levelei s\u0171r\u0171n bor\u00edtj\u00e1k be a n\u00f6v\u00e9nyt. Sz<\/span>eptember k\u00f6rny\u00e9k\u00e9n megjelen\u0151 \u00e9l\u00e9nkpiros term\u00e9sei igaz\u00e1n sz\u00e9p d\u00edsze a n\u00f6v\u00e9nynek. Napos, vil\u00e1gos vagy f\u00e9l\u00e1rny\u00e9kos helyen fejl\u0151dik. C\u00e9lszer\u0171 v\u00e9dett fekv\u00e9sbe \u00fcltetni. J\u00f3 v\u00edz\u00e1tereszt\u0151 k\u00e9pess\u00e9g\u0171 talajba \u00fcltess\u00fck. Ha t\u00e1panyagban gazdag, egyenletesen nedves, de j\u00f3 v\u00edz\u00e1tereszt\u0151 talajba \u00fcltetj\u00fck\u00a0 megh\u00e1l\u00e1lja.Ny\u00edr\u00e1s\u00e1t m\u00e1jus v\u00e9g\u00e9n \u00e9s szeptemberben v\u00e9gezz\u00fck. T\u00e9lt\u0171r\u0151, de a fiatal egyedeket kiss\u00e9 v\u00e9deni kell.<\/p>\n<p>Minden r\u00e9sze m\u00e9rgez\u0151. A n\u00f6v\u00e9ny \u00e9rintve nem m\u00e9rgez\u0151, ez\u00e9rt biztons\u00e1gosan nevelhet\u0151 kertekben. A cserepes kiszerel\u00e9s\u0171 \u00f6r\u00f6kz\u00f6ldek eg\u00e9sz \u00e9vben telep\u00edthet\u0151ek megfelel\u0151 \u00f6nt\u00f6z\u00e9s mellett. (Kiv\u00e9ve a t\u00e9li id\u0151szakban, tart\u00f3s nappali \u00e9s \u00e9jszakai fagyok eset\u00e9n.)<\/p>\n<p>.<\/p>\n<p><a href=\"https:\/\/www.facebook.com\/tajkertesz\">https:\/\/www.facebook.com\/tajkertesz<\/a><\/p>\n<p><a href=\"https:\/\/tajkertesz.com\/\">https:\/\/tajkertesz.com\/<\/a><\/p>\n<h2><span style=\"color: #ffffff;\">Feny\u0151f\u00e9l\u00e9k fejl\u0151d\u00e9s\u00e9nek t\u00f6rt\u00e9nete:<\/span><\/h2>\n<h2><span style=\"color: #ffffff;\"><span style=\"font-size: 16px;\">A f\u00f6ldt\u00f6rt\u00e9neti k\u00f6z\u00e9pid\u0151 k\u00f6zep\u00e9n, a jur\u00e1ban<\/span><span style=\"font-size: 16px;\"> alakultak ki, majd eg\u00e9sz Laur\u00e1zsi\u00e1ban<\/span><span style=\"font-size: 16px;\"> elterjedtek. A mexik\u00f3i f\u00f6ldh\u00edd kiemelked\u00e9se ut\u00e1n egyes fajaik az Andok<\/span><span style=\"font-size: 16px;\"> hegyl\u00e1nca ment\u00e9n eg\u00e9szen D\u00e9l-Chil\u00e9ig<\/span><span style=\"font-size: 16px;\"> lejutottak. A z\u00e1rvaterm\u0151k<\/span><span style=\"font-size: 16px;\"> kifejl\u0151d\u00e9se ut\u00e1n jelent\u0151sen visszaszorultak; faj- \u00e9s egyedsz\u00e1muk er\u0151teljesen cs\u00f6kkent. Visszaszorul\u00f3 jelleg\u00fcket jelzi, hogy sok nemzets\u00e9g\u00fck monotipikus. Ezzel egy\u00fctt mindm\u00e1ig a feny\u0151k a F\u00f6ld legnagyobb biomja<\/span><span style=\"font-size: 16px;\">, a tajga<\/span><span style=\"font-size: 16px;\"> domin\u00e1ns f\u00e1s sz\u00e1r\u00fa n\u00f6v\u00e9nyei.<\/span><\/span><\/h2>\n<p><span style=\"color: #ffffff;\">Legt\u00f6bb ma \u00e9l\u0151 fajuknak a mostanit megk\u00f6zel\u00edt\u0151 form\u00e1ja 60\u201365 milli\u00f3 \u00e9ve alakult ki.<sup id=\"cite_ref-1\" class=\"reference\"><\/sup><\/span><\/p>\n<p><span style=\"color: #ffffff;\">A tobozok k\u00e9t \u00e9v alatt \u00e9rnek be, \u00e9s a magvak kihull\u00e1sa ut\u00e1n is sok\u00e1ig a f\u00e1n maradnak<\/span><\/p>\n<p>&nbsp;<\/p>\n<p>Sz\u00e1ll\u00edt\u00e1s fut\u00e1rszolg\u00e1lattal 200 cm \u00e9s 40 Kg-ig lehets\u00e9ges, e felett egyedi aj\u00e1nlat sz\u00fcks\u00e9ges.<\/p>","protected":false},"excerpt":{"rendered":"<h3 class=\"LC20lb DKV0Md\">Taxus media &#8216;Hillii&#8217; &#8211; oszlopos tiszafa 80\/100 cm f\u00f6ldlabd\u00e1s<\/h3>\n<div id=\"mw-fr-revisiontag\" class=\"flaggedrevs_short flaggedrevs_stable_synced plainlinks noprint\">\n<div class=\"flaggedrevs_short_basic\">\n<div id=\"mw-fr-revisiontag\" class=\"flaggedrevs_short flaggedrevs_stable_synced plainlinks noprint\">\n<div class=\"flaggedrevs_short_basic\"><\/div>\n<\/div>\n<\/div>\n<\/div>\n<p class=\"LC20lb DKV0Md\">Taxus media &#8216;Hillii&#8217; &#8211; oszlopos tiszafa 80\/100 cm f\u00f6ldlabd\u00e1s <span class=\"product_desc\">oszlopos-k\u00fapos n\u00f6veked\u00e9ssel, felfel\u00e9 t\u00f6rekv\u0151 \u00e1grendszerrel rendelkez\u0151,\u00a0 3-5 m\u00e9teres magass\u00e1got is el\u00e9r\u0151 \u00f6r\u00f6kz\u00f6ld.S<\/span><span lang=\"HU\">\u00f6t\u00e9tz\u00f6ld, t\u0171szer\u0171, lapos levelei s\u0171r\u0171n bor\u00edtj\u00e1k be a n\u00f6v\u00e9nyt. Sz<\/span>eptember k\u00f6rny\u00e9k\u00e9n megjelen\u0151 \u00e9l\u00e9nkpiros term\u00e9sei igaz\u00e1n sz\u00e9p d\u00edsze a n\u00f6v\u00e9nynek. Napos, vil\u00e1gos vagy f\u00e9l\u00e1rny\u00e9kos helyen fejl\u0151dik. C\u00e9lszer\u0171 v\u00e9dett fekv\u00e9sbe \u00fcltetni. J\u00f3 v\u00edz\u00e1tereszt\u0151 k\u00e9pess\u00e9g\u0171 talajba \u00fcltess\u00fck. Ha t\u00e1panyagban gazdag, egyenletesen nedves, de j\u00f3 v\u00edz\u00e1tereszt\u0151 talajba \u00fcltetj\u00fck\u00a0 megh\u00e1l\u00e1lja.Ny\u00edr\u00e1s\u00e1t m\u00e1jus v\u00e9g\u00e9n \u00e9s szeptemberben v\u00e9gezz\u00fck. T\u00e9lt\u0171r\u0151, de a fiatal egyedeket kiss\u00e9 v\u00e9deni kell.<\/p>","protected":false},"featured_media":5805,"template":"","meta":{"_et_pb_use_builder":"","_et_pb_old_content":"","_et_gb_content_width":""},"product_brand":[],"product_cat":[26],"product_tag":[1764],"class_list":{"0":"post-5802","1":"product","2":"type-product","3":"status-publish","4":"has-post-thumbnail","6":"product_cat-orokzold-novenyek","7":"product_tag-taxus-media-hillii-oszlopos-tiszafa","9":"first","10":"outofstock","11":"shipping-taxable","12":"purchasable","13":"product-type-simple"},"yoast_head":"<!-- This site is optimized with the Yoast SEO plugin v27.3 - https:\/\/yoast.com\/product\/yoast-seo-wordpress\/ -->\n<title>Taxus media &#039;Hillii&#039; - oszlopos tiszafa 80\/100 cm f\u00f6ldlabd\u00e1s - T\u00e1jkert\u00e9sz<\/title>\n<meta name=\"description\" content=\"Taxus media &#039;Hillii&#039; - oszlopos tiszafa 80\/100 cm f\u00f6ldlabd\u00e1s oszlopos-k\u00fapos n\u00f6veked\u00e9ssel, felfel\u00e9 t\u00f6rekv\u0151 \u00e1grendszerrel rendelkez\u0151\" \/>\n<meta name=\"robots\" content=\"index, follow, max-snippet:-1, max-image-preview:large, max-video-preview:-1\" \/>\n<link rel=\"canonical\" href=\"https:\/\/tajkertesz.com\/en_US\/product\/taxus-media-hillii-oszlopos-tiszafa-80-100-cm-foldlabdas\/\" \/>\n<meta property=\"og:locale\" content=\"en_US\" \/>\n<meta property=\"og:type\" content=\"article\" \/>\n<meta property=\"og:title\" content=\"Taxus media &#039;Hillii&#039; - oszlopos tiszafa 80\/100 cm f\u00f6ldlabd\u00e1s - T\u00e1jkert\u00e9sz\" \/>\n<meta property=\"og:description\" content=\"Taxus media &#039;Hillii&#039; - oszlopos tiszafa 80\/100 cm f\u00f6ldlabd\u00e1s oszlopos-k\u00fapos n\u00f6veked\u00e9ssel, felfel\u00e9 t\u00f6rekv\u0151 \u00e1grendszerrel rendelkez\u0151\" \/>\n<meta property=\"og:url\" content=\"https:\/\/tajkertesz.com\/en_US\/product\/taxus-media-hillii-oszlopos-tiszafa-80-100-cm-foldlabdas\/\" \/>\n<meta property=\"og:site_name\" content=\"T\u00e1jkert\u00e9sz\" \/>\n<meta property=\"article:publisher\" content=\"https:\/\/www.facebook.com\/Tajkertesz\/\" \/>\n<meta property=\"article:modified_time\" content=\"2022-09-22T11:41:37+00:00\" \/>\n<meta property=\"og:image\" content=\"https:\/\/tajkertesz.com\/wp-content\/uploads\/2021\/06\/IMG_20210601_082255.jpg\" \/>\n\t<meta property=\"og:image:width\" content=\"224\" \/>\n\t<meta property=\"og:image:height\" content=\"300\" \/>\n\t<meta property=\"og:image:type\" content=\"image\/jpeg\" \/>\n<meta name=\"twitter:card\" content=\"summary_large_image\" \/>\n<meta name=\"twitter:label1\" content=\"Est. reading time\" \/>\n\t<meta name=\"twitter:data1\" content=\"1 minute\" \/>\n<script type=\"application\/ld+json\" class=\"yoast-schema-graph\">{\"@context\":\"https:\\\/\\\/schema.org\",\"@graph\":[{\"@type\":\"WebPage\",\"@id\":\"https:\\\/\\\/tajkertesz.com\\\/termek\\\/taxus-media-hillii-oszlopos-tiszafa-80-100-cm-foldlabdas\\\/\",\"url\":\"https:\\\/\\\/tajkertesz.com\\\/termek\\\/taxus-media-hillii-oszlopos-tiszafa-80-100-cm-foldlabdas\\\/\",\"name\":\"Taxus media 'Hillii' - oszlopos tiszafa 80\\\/100 cm f\u00f6ldlabd\u00e1s - T\u00e1jkert\u00e9sz\",\"isPartOf\":{\"@id\":\"https:\\\/\\\/tajkertesz.com\\\/#website\"},\"primaryImageOfPage\":{\"@id\":\"https:\\\/\\\/tajkertesz.com\\\/termek\\\/taxus-media-hillii-oszlopos-tiszafa-80-100-cm-foldlabdas\\\/#primaryimage\"},\"image\":{\"@id\":\"https:\\\/\\\/tajkertesz.com\\\/termek\\\/taxus-media-hillii-oszlopos-tiszafa-80-100-cm-foldlabdas\\\/#primaryimage\"},\"thumbnailUrl\":\"https:\\\/\\\/tajkertesz.com\\\/wp-content\\\/uploads\\\/2021\\\/06\\\/IMG_20210601_082255.jpg\",\"datePublished\":\"2021-06-01T07:48:49+00:00\",\"dateModified\":\"2022-09-22T11:41:37+00:00\",\"description\":\"Taxus media 'Hillii' - oszlopos tiszafa 80\\\/100 cm f\u00f6ldlabd\u00e1s oszlopos-k\u00fapos n\u00f6veked\u00e9ssel, felfel\u00e9 t\u00f6rekv\u0151 \u00e1grendszerrel rendelkez\u0151\",\"breadcrumb\":{\"@id\":\"https:\\\/\\\/tajkertesz.com\\\/termek\\\/taxus-media-hillii-oszlopos-tiszafa-80-100-cm-foldlabdas\\\/#breadcrumb\"},\"inLanguage\":\"en-US\",\"potentialAction\":[{\"@type\":\"ReadAction\",\"target\":[\"https:\\\/\\\/tajkertesz.com\\\/termek\\\/taxus-media-hillii-oszlopos-tiszafa-80-100-cm-foldlabdas\\\/\"]}]},{\"@type\":\"ImageObject\",\"inLanguage\":\"en-US\",\"@id\":\"https:\\\/\\\/tajkertesz.com\\\/termek\\\/taxus-media-hillii-oszlopos-tiszafa-80-100-cm-foldlabdas\\\/#primaryimage\",\"url\":\"https:\\\/\\\/tajkertesz.com\\\/wp-content\\\/uploads\\\/2021\\\/06\\\/IMG_20210601_082255.jpg\",\"contentUrl\":\"https:\\\/\\\/tajkertesz.com\\\/wp-content\\\/uploads\\\/2021\\\/06\\\/IMG_20210601_082255.jpg\",\"width\":224,\"height\":300,\"caption\":\"hdr\"},{\"@type\":\"BreadcrumbList\",\"@id\":\"https:\\\/\\\/tajkertesz.com\\\/termek\\\/taxus-media-hillii-oszlopos-tiszafa-80-100-cm-foldlabdas\\\/#breadcrumb\",\"itemListElement\":[{\"@type\":\"ListItem\",\"position\":1,\"name\":\"Home\",\"item\":\"https:\\\/\\\/tajkertesz.com\\\/\"},{\"@type\":\"ListItem\",\"position\":2,\"name\":\"Kezd\u0151lap\",\"item\":\"https:\\\/\\\/tajkertesz.com\\\/\"},{\"@type\":\"ListItem\",\"position\":3,\"name\":\"Taxus media &#8216;Hillii&#8217; &#8211; oszlopos tiszafa 80\\\/100 cm f\u00f6ldlabd\u00e1s\"}]},{\"@type\":\"WebSite\",\"@id\":\"https:\\\/\\\/tajkertesz.com\\\/#website\",\"url\":\"https:\\\/\\\/tajkertesz.com\\\/\",\"name\":\"T\u00e1j-Kert\u00e9sz 84 Kft.\",\"description\":\"Kert\u00e9szeti kis- \u00e9s nagykeresked\u00e9s, D\u00edszn\u00f6v\u00e9ny web\u00e1ruh\u00e1z orsz\u00e1gos h\u00e1zhozsz\u00e1ll\u00edt\u00e1ssal!\",\"publisher\":{\"@id\":\"https:\\\/\\\/tajkertesz.com\\\/#organization\"},\"potentialAction\":[{\"@type\":\"SearchAction\",\"target\":{\"@type\":\"EntryPoint\",\"urlTemplate\":\"https:\\\/\\\/tajkertesz.com\\\/?s={search_term_string}\"},\"query-input\":{\"@type\":\"PropertyValueSpecification\",\"valueRequired\":true,\"valueName\":\"search_term_string\"}}],\"inLanguage\":\"en-US\"},{\"@type\":\"Organization\",\"@id\":\"https:\\\/\\\/tajkertesz.com\\\/#organization\",\"name\":\"T\u00e1j-Kert\u00e9sz 84 Kft.\",\"url\":\"https:\\\/\\\/tajkertesz.com\\\/\",\"logo\":{\"@type\":\"ImageObject\",\"inLanguage\":\"en-US\",\"@id\":\"https:\\\/\\\/tajkertesz.com\\\/#\\\/schema\\\/logo\\\/image\\\/\",\"url\":\"https:\\\/\\\/tajkertesz.com\\\/wp-content\\\/uploads\\\/2018\\\/02\\\/logo-2-e1518678052539.png\",\"contentUrl\":\"https:\\\/\\\/tajkertesz.com\\\/wp-content\\\/uploads\\\/2018\\\/02\\\/logo-2-e1518678052539.png\",\"width\":81,\"height\":140,\"caption\":\"T\u00e1j-Kert\u00e9sz 84 Kft.\"},\"image\":{\"@id\":\"https:\\\/\\\/tajkertesz.com\\\/#\\\/schema\\\/logo\\\/image\\\/\"},\"sameAs\":[\"https:\\\/\\\/www.facebook.com\\\/Tajkertesz\\\/\"]}]}<\/script>\n<!-- \/ Yoast SEO plugin. -->","yoast_head_json":{"title":"Taxus media 'Hillii' - oszlopos tiszafa 80\/100 cm f\u00f6ldlabd\u00e1s - T\u00e1jkert\u00e9sz","description":"Taxus media 'Hillii' - oszlopos tiszafa 80\/100 cm f\u00f6ldlabd\u00e1s oszlopos-k\u00fapos n\u00f6veked\u00e9ssel, felfel\u00e9 t\u00f6rekv\u0151 \u00e1grendszerrel rendelkez\u0151","robots":{"index":"index","follow":"follow","max-snippet":"max-snippet:-1","max-image-preview":"max-image-preview:large","max-video-preview":"max-video-preview:-1"},"canonical":"https:\/\/tajkertesz.com\/en_US\/product\/taxus-media-hillii-oszlopos-tiszafa-80-100-cm-foldlabdas\/","og_locale":"en_US","og_type":"article","og_title":"Taxus media 'Hillii' - oszlopos tiszafa 80\/100 cm f\u00f6ldlabd\u00e1s - T\u00e1jkert\u00e9sz","og_description":"Taxus media 'Hillii' - oszlopos tiszafa 80\/100 cm f\u00f6ldlabd\u00e1s oszlopos-k\u00fapos n\u00f6veked\u00e9ssel, felfel\u00e9 t\u00f6rekv\u0151 \u00e1grendszerrel rendelkez\u0151","og_url":"https:\/\/tajkertesz.com\/en_US\/product\/taxus-media-hillii-oszlopos-tiszafa-80-100-cm-foldlabdas\/","og_site_name":"T\u00e1jkert\u00e9sz","article_publisher":"https:\/\/www.facebook.com\/Tajkertesz\/","article_modified_time":"2022-09-22T11:41:37+00:00","og_image":[{"width":224,"height":300,"url":"https:\/\/tajkertesz.com\/wp-content\/uploads\/2021\/06\/IMG_20210601_082255.jpg","type":"image\/jpeg"}],"twitter_card":"summary_large_image","twitter_misc":{"Est. reading time":"1 minute"},"schema":{"@context":"https:\/\/schema.org","@graph":[{"@type":"WebPage","@id":"https:\/\/tajkertesz.com\/termek\/taxus-media-hillii-oszlopos-tiszafa-80-100-cm-foldlabdas\/","url":"https:\/\/tajkertesz.com\/termek\/taxus-media-hillii-oszlopos-tiszafa-80-100-cm-foldlabdas\/","name":"Taxus media 'Hillii' - oszlopos tiszafa 80\/100 cm f\u00f6ldlabd\u00e1s - T\u00e1jkert\u00e9sz","isPartOf":{"@id":"https:\/\/tajkertesz.com\/#website"},"primaryImageOfPage":{"@id":"https:\/\/tajkertesz.com\/termek\/taxus-media-hillii-oszlopos-tiszafa-80-100-cm-foldlabdas\/#primaryimage"},"image":{"@id":"https:\/\/tajkertesz.com\/termek\/taxus-media-hillii-oszlopos-tiszafa-80-100-cm-foldlabdas\/#primaryimage"},"thumbnailUrl":"https:\/\/tajkertesz.com\/wp-content\/uploads\/2021\/06\/IMG_20210601_082255.jpg","datePublished":"2021-06-01T07:48:49+00:00","dateModified":"2022-09-22T11:41:37+00:00","description":"Taxus media 'Hillii' - oszlopos tiszafa 80\/100 cm f\u00f6ldlabd\u00e1s oszlopos-k\u00fapos n\u00f6veked\u00e9ssel, felfel\u00e9 t\u00f6rekv\u0151 \u00e1grendszerrel rendelkez\u0151","breadcrumb":{"@id":"https:\/\/tajkertesz.com\/termek\/taxus-media-hillii-oszlopos-tiszafa-80-100-cm-foldlabdas\/#breadcrumb"},"inLanguage":"en-US","potentialAction":[{"@type":"ReadAction","target":["https:\/\/tajkertesz.com\/termek\/taxus-media-hillii-oszlopos-tiszafa-80-100-cm-foldlabdas\/"]}]},{"@type":"ImageObject","inLanguage":"en-US","@id":"https:\/\/tajkertesz.com\/termek\/taxus-media-hillii-oszlopos-tiszafa-80-100-cm-foldlabdas\/#primaryimage","url":"https:\/\/tajkertesz.com\/wp-content\/uploads\/2021\/06\/IMG_20210601_082255.jpg","contentUrl":"https:\/\/tajkertesz.com\/wp-content\/uploads\/2021\/06\/IMG_20210601_082255.jpg","width":224,"height":300,"caption":"hdr"},{"@type":"BreadcrumbList","@id":"https:\/\/tajkertesz.com\/termek\/taxus-media-hillii-oszlopos-tiszafa-80-100-cm-foldlabdas\/#breadcrumb","itemListElement":[{"@type":"ListItem","position":1,"name":"Home","item":"https:\/\/tajkertesz.com\/"},{"@type":"ListItem","position":2,"name":"Kezd\u0151lap","item":"https:\/\/tajkertesz.com\/"},{"@type":"ListItem","position":3,"name":"Taxus media &#8216;Hillii&#8217; &#8211; oszlopos tiszafa 80\/100 cm f\u00f6ldlabd\u00e1s"}]},{"@type":"WebSite","@id":"https:\/\/tajkertesz.com\/#website","url":"https:\/\/tajkertesz.com\/","name":"T\u00e1j-Kert\u00e9sz 84 Kft.","description":"Kert\u00e9szeti kis- \u00e9s nagykeresked\u00e9s, D\u00edszn\u00f6v\u00e9ny web\u00e1ruh\u00e1z orsz\u00e1gos h\u00e1zhozsz\u00e1ll\u00edt\u00e1ssal!","publisher":{"@id":"https:\/\/tajkertesz.com\/#organization"},"potentialAction":[{"@type":"SearchAction","target":{"@type":"EntryPoint","urlTemplate":"https:\/\/tajkertesz.com\/?s={search_term_string}"},"query-input":{"@type":"PropertyValueSpecification","valueRequired":true,"valueName":"search_term_string"}}],"inLanguage":"en-US"},{"@type":"Organization","@id":"https:\/\/tajkertesz.com\/#organization","name":"T\u00e1j-Kert\u00e9sz 84 Kft.","url":"https:\/\/tajkertesz.com\/","logo":{"@type":"ImageObject","inLanguage":"en-US","@id":"https:\/\/tajkertesz.com\/#\/schema\/logo\/image\/","url":"https:\/\/tajkertesz.com\/wp-content\/uploads\/2018\/02\/logo-2-e1518678052539.png","contentUrl":"https:\/\/tajkertesz.com\/wp-content\/uploads\/2018\/02\/logo-2-e1518678052539.png","width":81,"height":140,"caption":"T\u00e1j-Kert\u00e9sz 84 Kft."},"image":{"@id":"https:\/\/tajkertesz.com\/#\/schema\/logo\/image\/"},"sameAs":["https:\/\/www.facebook.com\/Tajkertesz\/"]}]}},"_links":{"self":[{"href":"https:\/\/tajkertesz.com\/en_US\/wp-json\/wp\/v2\/product\/5802","targetHints":{"allow":["GET"]}}],"collection":[{"href":"https:\/\/tajkertesz.com\/en_US\/wp-json\/wp\/v2\/product"}],"about":[{"href":"https:\/\/tajkertesz.com\/en_US\/wp-json\/wp\/v2\/types\/product"}],"wp:featuredmedia":[{"embeddable":true,"href":"https:\/\/tajkertesz.com\/en_US\/wp-json\/wp\/v2\/media\/5805"}],"wp:attachment":[{"href":"https:\/\/tajkertesz.com\/en_US\/wp-json\/wp\/v2\/media?parent=5802"}],"wp:term":[{"taxonomy":"product_brand","embeddable":true,"href":"https:\/\/tajkertesz.com\/en_US\/wp-json\/wp\/v2\/product_brand?post=5802"},{"taxonomy":"product_cat","embeddable":true,"href":"https:\/\/tajkertesz.com\/en_US\/wp-json\/wp\/v2\/product_cat?post=5802"},{"taxonomy":"product_tag","embeddable":true,"href":"https:\/\/tajkertesz.com\/en_US\/wp-json\/wp\/v2\/product_tag?post=5802"}],"curies":[{"name":"wp","href":"https:\/\/api.w.org\/{rel}","templated":true}]}}