{"id":6068,"date":"2021-06-04T11:59:54","date_gmt":"2021-06-04T11:59:54","guid":{"rendered":"https:\/\/tajkertesz.com\/?post_type=product&#038;p=6068"},"modified":"2023-08-25T12:13:08","modified_gmt":"2023-08-25T12:13:08","slug":"gyokercsapda-hdpe-anyagu-07x3m-12-mm-vastagsagu-masolat","status":"publish","type":"product","link":"https:\/\/tajkertesz.com\/en_US\/product\/gyokercsapda-hdpe-anyagu-07x3m-12-mm-vastagsagu-masolat\/","title":{"rendered":"Gy\u00f6k\u00e9rcsapda, HDPE anyag\u00fa 0,7&#215;3 m 1,2 mm vastags\u00e1g\u00fa"},"content":{"rendered":"<p>Gy\u00f6k\u00e9rcsapda, HDPE anyag\u00fa 0,7&#215;3 m 1,2 mm vastags\u00e1g\u00fa<\/p>\n<p>Gy\u00f6k\u00e9rcsapda, HDPE anyag\u00fa 0,7&#215;3 m 1,2 mm vastags\u00e1g\u00fa, megakad\u00e1lyozza a nem k\u00edv\u00e1nt \u00e1tgy\u00f6keresed\u00e9st.<\/p>\n<p>A csapd\u00e1t f\u0151leg bambuszok telep\u00edt\u00e9s\u00e9n\u00e9l haszn\u00e1ljuk. A bambuszok haz\u00e1nkban is igen kedvelt \u00e9s k\u00f6nnyen tarthat\u00f3 n\u00f6v\u00e9nyek. Sokan amiatt nem szeretn\u00e9k a kertj\u00fckbe ,mert tarackolva terjed.<\/p>\n<p>Ezt a folyamatot tudjuk , kiv\u00e9deni a m\u00e1r telep\u00edt\u00e9s el\u0151tt az \u00fcltet\u0151 g\u00f6d\u00f6rbe kihelyezett csapd\u00e1val.<\/p>\n<div class=\"mb-2 elevation-0 v-card v-sheet theme--light\" data-v-7e3f007a=\"\">\n<div class=\"v-card__text pa-2 product-description__text\" data-v-7e3f007a=\"\">\n<div class=\"toggle_description\" data-v-7e3f007a=\"\">\n<div class=\"toggleable\">\n<div class=\"description-wrap body-1\">\n<p>A\u00a0 csapda egy rugalmas, nagy s\u0171r\u0171s\u00e9g\u0171 polietil\u00e9n (HDPE) membr\u00e1n.<\/p>\n<p>Korl\u00e1tozza a gy\u00f6kerek n\u00f6veked\u00e9s\u00e9t a nem k\u00edv\u00e1natos helyeken.<\/p>\n<p>A f\u00f6ldbe be\u00e1sva 1 m\u00e9ter \u00e1tm\u00e9r\u0151j\u0171 k\u00f6rt tudunk k\u00e9sz\u00edteni. A f\u00e9m z\u00e1r\u00f3s\u00ednnel a k\u00f6rt a hozz\u00e1 j\u00e1r\u00f3 csavarokkal le lehet z\u00e1rni.<\/p>\n<p>C\u00e9lszer\u0171 maximum 68,5cm m\u00e9lyre le\u00e1sni. A term\u00e9k uv-\u00e1ll\u00f3.<\/p>\n<p>K\u00f6nnyen telep\u00edthet\u0151 \u00e9s megv\u00e9di az \u00e9p\u00fcleteket \u00e9s a szerel\u0151csatorn\u00e1kat. Megf\u00e9kezi az er\u0151teljes gy\u00f6k\u00e9rn\u00f6veked\u00e9st .Vegyileg semleges.<\/p>\n<p>&nbsp;<\/p>\n<p style=\"line-height: 18.0pt; background: white; margin: 0cm 0cm 15.0pt 0cm;\"><b><span style=\"font-family: 'Ubuntu',serif; color: black;\">K\u00e9szlet\u00fcnk napi szinten v\u00e1ltozik, ez\u00e9rt k\u00e9rj\u00fck, \u00e9rdekl\u0151dj\u00f6n szem\u00e9lyesen, telefonon vagy email-en.<br \/>\nA v\u00e1ltoztat\u00e1s jog\u00e1t fenntartjuk!\u00a0<\/span><\/b><\/p>\n<\/div>\n<\/div>\n<\/div>\n<\/div>\n<\/div>\n<div class=\"elevation-0 v-card v-sheet theme--light\" data-v-7e3f007a=\"\">\n<div class=\"v-card__text pa-2 product-specifications__text\" data-v-7e3f007a=\"\">\n<div data-v-7e3f007a=\"\">\n<div class=\"elevation-0 v-card v-sheet theme--light\" data-v-7e3f007a=\"\">\n<div class=\"v-card__title pa-2\" data-v-7e3f007a=\"\"><\/div>\n<\/div>\n<\/div>\n<\/div>\n<\/div>\n<p>&nbsp;<\/p>\n<p><a href=\"https:\/\/tajkertesz.com\/\">https:\/\/tajkertesz.com\/<\/a><\/p>\n<p><a href=\"https:\/\/www.facebook.com\/tajkertesz\">https:\/\/www.facebook.com\/tajkertesz<\/a><\/p>\n<p><span style=\"color: #ffffff;\">Gy\u00f6k\u00e9rcsapda, HDPE anyag\u00fa 0,7&#215;3 m 1,2 mm vastags\u00e1g\u00fa<\/span><\/p>\n<p><span style=\"color: #ffffff;\">Gy\u00f6k\u00e9rcsapda, HDPE anyag\u00fa 0,7&#215;3 m 1,2 mm vastags\u00e1g\u00fa, megakad\u00e1lyozza a nem k\u00edv\u00e1nt \u00e1tgy\u00f6keresed\u00e9st.<\/span><\/p>\n<div class=\"mb-2 elevation-0 v-card v-sheet theme--light\" data-v-7e3f007a=\"\">\n<div class=\"v-card__text pa-2 product-description__text\" data-v-7e3f007a=\"\">\n<div class=\"toggle_description\" data-v-7e3f007a=\"\">\n<div class=\"toggleable\">\n<div class=\"description-wrap body-1\">\n<p><span style=\"color: #ffffff;\">A gy\u00f6k\u00e9rcsapda egy rugalmas, nagy s\u0171r\u0171s\u00e9g\u0171 polietil\u00e9n (HDPE) membr\u00e1n.<\/span><\/p>\n<p><span style=\"color: #ffffff;\">Korl\u00e1tozza a gy\u00f6kerek n\u00f6veked\u00e9s\u00e9t a nem k\u00edv\u00e1natos helyeken.<\/span><\/p>\n<p><span style=\"color: #ffffff;\">A f\u00f6ldbe be\u00e1sva 1 m\u00e9ter \u00e1tm\u00e9r\u0151j\u0171 k\u00f6rt tudunk k\u00e9sz\u00edteni. A f\u00e9m z\u00e1r\u00f3s\u00ednnel a k\u00f6rt a hozz\u00e1 j\u00e1r\u00f3 csavarokkal le lehet z\u00e1rni.<\/span><\/p>\n<p><span style=\"color: #ffffff;\">C\u00e9lszer\u0171 maximum 68,5cm m\u00e9lyre le\u00e1sni. A term\u00e9k uv -\u00e1ll\u00f3.\u00a0K\u00f6nnyen telep\u00edthet\u0151 \u00e9s megv\u00e9di az \u00e9p\u00fcleteket \u00e9s a szerel\u0151csatorn\u00e1kat. Megf\u00e9kezi az er\u0151teljes gy\u00f6k\u00e9rn\u00f6veked\u00e9st .Vegyileg semleges<\/span><\/p>\n<div class=\"mb-2 elevation-0 v-card v-sheet theme--light\" data-v-7e3f007a=\"\">\n<div class=\"v-card__text pa-2 product-description__text\" data-v-7e3f007a=\"\">\n<div class=\"toggle_description\" data-v-7e3f007a=\"\">\n<div class=\"toggleable\">\n<div class=\"description-wrap body-1\">\n<p style=\"line-height: 18.0pt; background: white; margin: 0cm 0cm 15.0pt 0cm;\"><b><span style=\"font-family: 'Ubuntu',serif; color: black;\">K\u00e9szlet\u00fcnk napi szinten v\u00e1ltozik, ez\u00e9rt k\u00e9rj\u00fck, \u00e9rdekl\u0151dj\u00f6n szem\u00e9lyesen, telefonon vagy email-en.<br \/>\nA v\u00e1ltoztat\u00e1s jog\u00e1t fenntartjuk!\u00a0<\/span><\/b><\/p>\n<\/div>\n<\/div>\n<\/div>\n<\/div>\n<\/div>\n<div class=\"elevation-0 v-card v-sheet theme--light\" data-v-7e3f007a=\"\">\n<div class=\"v-card__text pa-2 product-specifications__text\" data-v-7e3f007a=\"\">\n<div data-v-7e3f007a=\"\">\n<div class=\"elevation-0 v-card v-sheet theme--light\" data-v-7e3f007a=\"\">\n<div class=\"v-card__title pa-2\" data-v-7e3f007a=\"\"><\/div>\n<\/div>\n<\/div>\n<\/div>\n<\/div>\n<p>&nbsp;<\/p>\n<p>&nbsp;<\/p>\n<p>&nbsp;<\/p>\n<\/div>\n<\/div>\n<\/div>\n<\/div>\n<\/div>\n<div class=\"elevation-0 v-card v-sheet theme--light\" data-v-7e3f007a=\"\">\n<div class=\"v-card__title pa-2\" data-v-7e3f007a=\"\"><\/div>\n<\/div>\n<p>&nbsp;<\/p>\n<p>&nbsp;<\/p>","protected":false},"excerpt":{"rendered":"<p>Gy\u00f6k\u00e9rcsapda, HDPE anyag\u00fa 0,7&#215;3 m 1,2 mm vastags\u00e1g\u00fa, megakad\u00e1lyozza a nem k\u00edv\u00e1nt \u00e1tgy\u00f6keresed\u00e9st.<\/p>\n<p>A csapd\u00e1t f\u0151leg bambuszok telep\u00edt\u00e9s\u00e9n\u00e9l haszn\u00e1ljuk. A bambuszok haz\u00e1nkban is igen kedvelt \u00e9s k\u00f6nnyen tarthat\u00f3 n\u00f6v\u00e9nyek. Sokan amiatt nem szeretn\u00e9k a kertj\u00fckbe ,mert tarackolva terjed.<\/p>\n<p>Ezt a folyamatot tudjuk , kiv\u00e9deni a m\u00e1r telep\u00edt\u00e9s el\u0151tt az \u00fcltet\u0151 g\u00f6d\u00f6rbe kihelyezett csapd\u00e1val.<\/p>\n<div class=\"mb-2 elevation-0 v-card v-sheet theme--light\" data-v-7e3f007a=\"\">\n<div class=\"v-card__text pa-2 product-description__text\" data-v-7e3f007a=\"\">\n<div class=\"toggle_description\" data-v-7e3f007a=\"\">\n<div class=\"toggleable\">\n<div class=\"description-wrap body-1\">\n<p>A gy\u00f6k\u00e9rcsapda egy rugalmas, nagy s\u0171r\u0171s\u00e9g\u0171 polietil\u00e9n (HDPE) membr\u00e1n.<\/p>\n<p>Korl\u00e1tozza a gy\u00f6kerek n\u00f6veked\u00e9s\u00e9t a nem k\u00edv\u00e1natos helyeken.<\/p>\n<p>A f\u00f6ldbe be\u00e1sva 1 m\u00e9ter \u00e1tm\u00e9r\u0151j\u0171 k\u00f6rt tudunk k\u00e9sz\u00edteni. A f\u00e9m z\u00e1r\u00f3s\u00ednnel a k\u00f6rt a hozz\u00e1 j\u00e1r\u00f3 csavarokkal le lehet z\u00e1rni.<\/p>\n<p>C\u00e9lszer\u0171 maximum 68,5cm m\u00e9lyre le\u00e1sni.<\/p>\n<\/div>\n<\/div>\n<\/div>\n<\/div>\n<\/div>","protected":false},"featured_media":2740,"template":"","meta":{"_et_pb_use_builder":"","_et_pb_old_content":"","_et_gb_content_width":""},"product_brand":[],"product_cat":[1098,1574],"product_tag":[635,628,630],"class_list":{"0":"post-6068","1":"product","2":"type-product","3":"status-publish","4":"has-post-thumbnail","6":"product_cat-agyasszegelyek-gyepracsok","7":"product_cat-foliak-geotextiliak-vakondhalok-talajtakaro-anyagok","8":"product_tag-bambuszcsapda","9":"product_tag-gyokercsapda","10":"product_tag-hdpe-anyagu","12":"first","13":"instock","14":"shipping-taxable","15":"purchasable","16":"product-type-simple"},"yoast_head":"<!-- This site is optimized with the Yoast SEO plugin v27.4 - https:\/\/yoast.com\/product\/yoast-seo-wordpress\/ -->\n<title>Gy\u00f6k\u00e9rcsapda, HDPE anyag\u00fa 0,7x3 m 1,2 mm vastags\u00e1g\u00fa - T\u00e1jkert\u00e9sz<\/title>\n<meta name=\"description\" content=\"Gy\u00f6k\u00e9rcsapda, HDPE anyag\u00fa 0,7x3 m 1,2 mm vastags\u00e1g\u00fa, megakad\u00e1lyozza a nem k\u00edv\u00e1nt \u00e1tgy\u00f6keresed\u00e9st. Rugalmas, nagy s\u0171r\u0171s\u00e9g\u0171 polietil\u00e9n (HDPE) membr\u00e1n.\" \/>\n<meta name=\"robots\" content=\"index, follow, max-snippet:-1, max-image-preview:large, max-video-preview:-1\" \/>\n<link rel=\"canonical\" href=\"https:\/\/tajkertesz.com\/en_US\/product\/gyokercsapda-hdpe-anyagu-07x3m-12-mm-vastagsagu-masolat\/\" \/>\n<meta property=\"og:locale\" content=\"en_US\" \/>\n<meta property=\"og:type\" content=\"article\" \/>\n<meta property=\"og:title\" content=\"Gy\u00f6k\u00e9rcsapda, HDPE anyag\u00fa 0,7x3 m 1,2 mm vastags\u00e1g\u00fa - T\u00e1jkert\u00e9sz\" \/>\n<meta property=\"og:description\" content=\"Gy\u00f6k\u00e9rcsapda, HDPE anyag\u00fa 0,7x3 m 1,2 mm vastags\u00e1g\u00fa, megakad\u00e1lyozza a nem k\u00edv\u00e1nt \u00e1tgy\u00f6keresed\u00e9st. Rugalmas, nagy s\u0171r\u0171s\u00e9g\u0171 polietil\u00e9n (HDPE) membr\u00e1n.\" \/>\n<meta property=\"og:url\" content=\"https:\/\/tajkertesz.com\/en_US\/product\/gyokercsapda-hdpe-anyagu-07x3m-12-mm-vastagsagu-masolat\/\" \/>\n<meta property=\"og:site_name\" content=\"T\u00e1jkert\u00e9sz\" \/>\n<meta property=\"article:publisher\" content=\"https:\/\/www.facebook.com\/Tajkertesz\/\" \/>\n<meta property=\"article:modified_time\" content=\"2023-08-25T12:13:08+00:00\" \/>\n<meta property=\"og:image\" content=\"https:\/\/tajkertesz.com\/wp-content\/uploads\/2020\/08\/gyokercsapda.png\" \/>\n\t<meta property=\"og:image:width\" content=\"241\" \/>\n\t<meta property=\"og:image:height\" content=\"269\" \/>\n\t<meta property=\"og:image:type\" content=\"image\/png\" \/>\n<meta name=\"twitter:card\" content=\"summary_large_image\" \/>\n<meta name=\"twitter:label1\" content=\"Est. reading time\" \/>\n\t<meta name=\"twitter:data1\" content=\"2 minutes\" \/>\n<script type=\"application\/ld+json\" class=\"yoast-schema-graph\">{\"@context\":\"https:\\\/\\\/schema.org\",\"@graph\":[{\"@type\":\"WebPage\",\"@id\":\"https:\\\/\\\/tajkertesz.com\\\/termek\\\/gyokercsapda-hdpe-anyagu-07x3m-12-mm-vastagsagu-masolat\\\/\",\"url\":\"https:\\\/\\\/tajkertesz.com\\\/termek\\\/gyokercsapda-hdpe-anyagu-07x3m-12-mm-vastagsagu-masolat\\\/\",\"name\":\"Gy\u00f6k\u00e9rcsapda, HDPE anyag\u00fa 0,7x3 m 1,2 mm vastags\u00e1g\u00fa - T\u00e1jkert\u00e9sz\",\"isPartOf\":{\"@id\":\"https:\\\/\\\/tajkertesz.com\\\/#website\"},\"primaryImageOfPage\":{\"@id\":\"https:\\\/\\\/tajkertesz.com\\\/termek\\\/gyokercsapda-hdpe-anyagu-07x3m-12-mm-vastagsagu-masolat\\\/#primaryimage\"},\"image\":{\"@id\":\"https:\\\/\\\/tajkertesz.com\\\/termek\\\/gyokercsapda-hdpe-anyagu-07x3m-12-mm-vastagsagu-masolat\\\/#primaryimage\"},\"thumbnailUrl\":\"https:\\\/\\\/tajkertesz.com\\\/wp-content\\\/uploads\\\/2020\\\/08\\\/gyokercsapda.png\",\"datePublished\":\"2021-06-04T11:59:54+00:00\",\"dateModified\":\"2023-08-25T12:13:08+00:00\",\"description\":\"Gy\u00f6k\u00e9rcsapda, HDPE anyag\u00fa 0,7x3 m 1,2 mm vastags\u00e1g\u00fa, megakad\u00e1lyozza a nem k\u00edv\u00e1nt \u00e1tgy\u00f6keresed\u00e9st. Rugalmas, nagy s\u0171r\u0171s\u00e9g\u0171 polietil\u00e9n (HDPE) membr\u00e1n.\",\"breadcrumb\":{\"@id\":\"https:\\\/\\\/tajkertesz.com\\\/termek\\\/gyokercsapda-hdpe-anyagu-07x3m-12-mm-vastagsagu-masolat\\\/#breadcrumb\"},\"inLanguage\":\"en-US\",\"potentialAction\":[{\"@type\":\"ReadAction\",\"target\":[\"https:\\\/\\\/tajkertesz.com\\\/termek\\\/gyokercsapda-hdpe-anyagu-07x3m-12-mm-vastagsagu-masolat\\\/\"]}]},{\"@type\":\"ImageObject\",\"inLanguage\":\"en-US\",\"@id\":\"https:\\\/\\\/tajkertesz.com\\\/termek\\\/gyokercsapda-hdpe-anyagu-07x3m-12-mm-vastagsagu-masolat\\\/#primaryimage\",\"url\":\"https:\\\/\\\/tajkertesz.com\\\/wp-content\\\/uploads\\\/2020\\\/08\\\/gyokercsapda.png\",\"contentUrl\":\"https:\\\/\\\/tajkertesz.com\\\/wp-content\\\/uploads\\\/2020\\\/08\\\/gyokercsapda.png\",\"width\":241,\"height\":269},{\"@type\":\"BreadcrumbList\",\"@id\":\"https:\\\/\\\/tajkertesz.com\\\/termek\\\/gyokercsapda-hdpe-anyagu-07x3m-12-mm-vastagsagu-masolat\\\/#breadcrumb\",\"itemListElement\":[{\"@type\":\"ListItem\",\"position\":1,\"name\":\"Home\",\"item\":\"https:\\\/\\\/tajkertesz.com\\\/\"},{\"@type\":\"ListItem\",\"position\":2,\"name\":\"Kezd\u0151lap\",\"item\":\"https:\\\/\\\/tajkertesz.com\\\/\"},{\"@type\":\"ListItem\",\"position\":3,\"name\":\"Gy\u00f6k\u00e9rcsapda, HDPE anyag\u00fa 0,7&#215;3 m 1,2 mm vastags\u00e1g\u00fa\"}]},{\"@type\":\"WebSite\",\"@id\":\"https:\\\/\\\/tajkertesz.com\\\/#website\",\"url\":\"https:\\\/\\\/tajkertesz.com\\\/\",\"name\":\"T\u00e1j-Kert\u00e9sz 84 Kft.\",\"description\":\"Kert\u00e9szeti kis- \u00e9s nagykeresked\u00e9s, D\u00edszn\u00f6v\u00e9ny web\u00e1ruh\u00e1z orsz\u00e1gos h\u00e1zhozsz\u00e1ll\u00edt\u00e1ssal!\",\"publisher\":{\"@id\":\"https:\\\/\\\/tajkertesz.com\\\/#organization\"},\"potentialAction\":[{\"@type\":\"SearchAction\",\"target\":{\"@type\":\"EntryPoint\",\"urlTemplate\":\"https:\\\/\\\/tajkertesz.com\\\/?s={search_term_string}\"},\"query-input\":{\"@type\":\"PropertyValueSpecification\",\"valueRequired\":true,\"valueName\":\"search_term_string\"}}],\"inLanguage\":\"en-US\"},{\"@type\":\"Organization\",\"@id\":\"https:\\\/\\\/tajkertesz.com\\\/#organization\",\"name\":\"T\u00e1j-Kert\u00e9sz 84 Kft.\",\"url\":\"https:\\\/\\\/tajkertesz.com\\\/\",\"logo\":{\"@type\":\"ImageObject\",\"inLanguage\":\"en-US\",\"@id\":\"https:\\\/\\\/tajkertesz.com\\\/#\\\/schema\\\/logo\\\/image\\\/\",\"url\":\"https:\\\/\\\/tajkertesz.com\\\/wp-content\\\/uploads\\\/2018\\\/02\\\/logo-2-e1518678052539.png\",\"contentUrl\":\"https:\\\/\\\/tajkertesz.com\\\/wp-content\\\/uploads\\\/2018\\\/02\\\/logo-2-e1518678052539.png\",\"width\":81,\"height\":140,\"caption\":\"T\u00e1j-Kert\u00e9sz 84 Kft.\"},\"image\":{\"@id\":\"https:\\\/\\\/tajkertesz.com\\\/#\\\/schema\\\/logo\\\/image\\\/\"},\"sameAs\":[\"https:\\\/\\\/www.facebook.com\\\/Tajkertesz\\\/\"]}]}<\/script>\n<!-- \/ Yoast SEO plugin. -->","yoast_head_json":{"title":"Gy\u00f6k\u00e9rcsapda, HDPE anyag\u00fa 0,7x3 m 1,2 mm vastags\u00e1g\u00fa - T\u00e1jkert\u00e9sz","description":"Gy\u00f6k\u00e9rcsapda, HDPE anyag\u00fa 0,7x3 m 1,2 mm vastags\u00e1g\u00fa, megakad\u00e1lyozza a nem k\u00edv\u00e1nt \u00e1tgy\u00f6keresed\u00e9st. Rugalmas, nagy s\u0171r\u0171s\u00e9g\u0171 polietil\u00e9n (HDPE) membr\u00e1n.","robots":{"index":"index","follow":"follow","max-snippet":"max-snippet:-1","max-image-preview":"max-image-preview:large","max-video-preview":"max-video-preview:-1"},"canonical":"https:\/\/tajkertesz.com\/en_US\/product\/gyokercsapda-hdpe-anyagu-07x3m-12-mm-vastagsagu-masolat\/","og_locale":"en_US","og_type":"article","og_title":"Gy\u00f6k\u00e9rcsapda, HDPE anyag\u00fa 0,7x3 m 1,2 mm vastags\u00e1g\u00fa - T\u00e1jkert\u00e9sz","og_description":"Gy\u00f6k\u00e9rcsapda, HDPE anyag\u00fa 0,7x3 m 1,2 mm vastags\u00e1g\u00fa, megakad\u00e1lyozza a nem k\u00edv\u00e1nt \u00e1tgy\u00f6keresed\u00e9st. Rugalmas, nagy s\u0171r\u0171s\u00e9g\u0171 polietil\u00e9n (HDPE) membr\u00e1n.","og_url":"https:\/\/tajkertesz.com\/en_US\/product\/gyokercsapda-hdpe-anyagu-07x3m-12-mm-vastagsagu-masolat\/","og_site_name":"T\u00e1jkert\u00e9sz","article_publisher":"https:\/\/www.facebook.com\/Tajkertesz\/","article_modified_time":"2023-08-25T12:13:08+00:00","og_image":[{"width":241,"height":269,"url":"https:\/\/tajkertesz.com\/wp-content\/uploads\/2020\/08\/gyokercsapda.png","type":"image\/png"}],"twitter_card":"summary_large_image","twitter_misc":{"Est. reading time":"2 minutes"},"schema":{"@context":"https:\/\/schema.org","@graph":[{"@type":"WebPage","@id":"https:\/\/tajkertesz.com\/termek\/gyokercsapda-hdpe-anyagu-07x3m-12-mm-vastagsagu-masolat\/","url":"https:\/\/tajkertesz.com\/termek\/gyokercsapda-hdpe-anyagu-07x3m-12-mm-vastagsagu-masolat\/","name":"Gy\u00f6k\u00e9rcsapda, HDPE anyag\u00fa 0,7x3 m 1,2 mm vastags\u00e1g\u00fa - T\u00e1jkert\u00e9sz","isPartOf":{"@id":"https:\/\/tajkertesz.com\/#website"},"primaryImageOfPage":{"@id":"https:\/\/tajkertesz.com\/termek\/gyokercsapda-hdpe-anyagu-07x3m-12-mm-vastagsagu-masolat\/#primaryimage"},"image":{"@id":"https:\/\/tajkertesz.com\/termek\/gyokercsapda-hdpe-anyagu-07x3m-12-mm-vastagsagu-masolat\/#primaryimage"},"thumbnailUrl":"https:\/\/tajkertesz.com\/wp-content\/uploads\/2020\/08\/gyokercsapda.png","datePublished":"2021-06-04T11:59:54+00:00","dateModified":"2023-08-25T12:13:08+00:00","description":"Gy\u00f6k\u00e9rcsapda, HDPE anyag\u00fa 0,7x3 m 1,2 mm vastags\u00e1g\u00fa, megakad\u00e1lyozza a nem k\u00edv\u00e1nt \u00e1tgy\u00f6keresed\u00e9st. Rugalmas, nagy s\u0171r\u0171s\u00e9g\u0171 polietil\u00e9n (HDPE) membr\u00e1n.","breadcrumb":{"@id":"https:\/\/tajkertesz.com\/termek\/gyokercsapda-hdpe-anyagu-07x3m-12-mm-vastagsagu-masolat\/#breadcrumb"},"inLanguage":"en-US","potentialAction":[{"@type":"ReadAction","target":["https:\/\/tajkertesz.com\/termek\/gyokercsapda-hdpe-anyagu-07x3m-12-mm-vastagsagu-masolat\/"]}]},{"@type":"ImageObject","inLanguage":"en-US","@id":"https:\/\/tajkertesz.com\/termek\/gyokercsapda-hdpe-anyagu-07x3m-12-mm-vastagsagu-masolat\/#primaryimage","url":"https:\/\/tajkertesz.com\/wp-content\/uploads\/2020\/08\/gyokercsapda.png","contentUrl":"https:\/\/tajkertesz.com\/wp-content\/uploads\/2020\/08\/gyokercsapda.png","width":241,"height":269},{"@type":"BreadcrumbList","@id":"https:\/\/tajkertesz.com\/termek\/gyokercsapda-hdpe-anyagu-07x3m-12-mm-vastagsagu-masolat\/#breadcrumb","itemListElement":[{"@type":"ListItem","position":1,"name":"Home","item":"https:\/\/tajkertesz.com\/"},{"@type":"ListItem","position":2,"name":"Kezd\u0151lap","item":"https:\/\/tajkertesz.com\/"},{"@type":"ListItem","position":3,"name":"Gy\u00f6k\u00e9rcsapda, HDPE anyag\u00fa 0,7&#215;3 m 1,2 mm vastags\u00e1g\u00fa"}]},{"@type":"WebSite","@id":"https:\/\/tajkertesz.com\/#website","url":"https:\/\/tajkertesz.com\/","name":"T\u00e1j-Kert\u00e9sz 84 Kft.","description":"Kert\u00e9szeti kis- \u00e9s nagykeresked\u00e9s, D\u00edszn\u00f6v\u00e9ny web\u00e1ruh\u00e1z orsz\u00e1gos h\u00e1zhozsz\u00e1ll\u00edt\u00e1ssal!","publisher":{"@id":"https:\/\/tajkertesz.com\/#organization"},"potentialAction":[{"@type":"SearchAction","target":{"@type":"EntryPoint","urlTemplate":"https:\/\/tajkertesz.com\/?s={search_term_string}"},"query-input":{"@type":"PropertyValueSpecification","valueRequired":true,"valueName":"search_term_string"}}],"inLanguage":"en-US"},{"@type":"Organization","@id":"https:\/\/tajkertesz.com\/#organization","name":"T\u00e1j-Kert\u00e9sz 84 Kft.","url":"https:\/\/tajkertesz.com\/","logo":{"@type":"ImageObject","inLanguage":"en-US","@id":"https:\/\/tajkertesz.com\/#\/schema\/logo\/image\/","url":"https:\/\/tajkertesz.com\/wp-content\/uploads\/2018\/02\/logo-2-e1518678052539.png","contentUrl":"https:\/\/tajkertesz.com\/wp-content\/uploads\/2018\/02\/logo-2-e1518678052539.png","width":81,"height":140,"caption":"T\u00e1j-Kert\u00e9sz 84 Kft."},"image":{"@id":"https:\/\/tajkertesz.com\/#\/schema\/logo\/image\/"},"sameAs":["https:\/\/www.facebook.com\/Tajkertesz\/"]}]}},"_links":{"self":[{"href":"https:\/\/tajkertesz.com\/en_US\/wp-json\/wp\/v2\/product\/6068","targetHints":{"allow":["GET"]}}],"collection":[{"href":"https:\/\/tajkertesz.com\/en_US\/wp-json\/wp\/v2\/product"}],"about":[{"href":"https:\/\/tajkertesz.com\/en_US\/wp-json\/wp\/v2\/types\/product"}],"wp:featuredmedia":[{"embeddable":true,"href":"https:\/\/tajkertesz.com\/en_US\/wp-json\/wp\/v2\/media\/2740"}],"wp:attachment":[{"href":"https:\/\/tajkertesz.com\/en_US\/wp-json\/wp\/v2\/media?parent=6068"}],"wp:term":[{"taxonomy":"product_brand","embeddable":true,"href":"https:\/\/tajkertesz.com\/en_US\/wp-json\/wp\/v2\/product_brand?post=6068"},{"taxonomy":"product_cat","embeddable":true,"href":"https:\/\/tajkertesz.com\/en_US\/wp-json\/wp\/v2\/product_cat?post=6068"},{"taxonomy":"product_tag","embeddable":true,"href":"https:\/\/tajkertesz.com\/en_US\/wp-json\/wp\/v2\/product_tag?post=6068"}],"curies":[{"name":"wp","href":"https:\/\/api.w.org\/{rel}","templated":true}]}}