{"id":6121,"date":"2021-06-09T07:20:25","date_gmt":"2021-06-09T07:20:25","guid":{"rendered":"https:\/\/tajkertesz.com\/?post_type=product&#038;p=6121"},"modified":"2026-02-22T09:15:32","modified_gmt":"2026-02-22T09:15:32","slug":"phlox-paniculata-mix-langvirag","status":"publish","type":"product","link":"https:\/\/tajkertesz.com\/en_US\/product\/phlox-paniculata-mix-langvirag\/","title":{"rendered":"Phlox paniculata mix &#8211; L\u00e1ngvir\u00e1g"},"content":{"rendered":"<h3 class=\"LC20lb DKV0Md\">Phlox paniculata mix &#8211; L\u00e1ngvir\u00e1g<\/h3>\n<div class=\"col-sm-6\">\n<p data-start=\"504\" data-end=\"809\">A Phlox paniculata mix &#8211; L\u00e1ngvir\u00e1g\u00a0l\u00e1tv\u00e1nyos, magas n\u00f6veked\u00e9s\u0171 \u00e9vel\u0151 d\u00edszn\u00f6v\u00e9ny, amely j\u00faliust\u00f3l szeptemberig hozza nagy, t\u00f6m\u00f6tt vir\u00e1gbug\u00e1it. A sz\u00ednkever\u00e9k v\u00e1ltozat k\u00fcl\u00f6nlegess\u00e9ge, hogy t\u00f6bb \u00e1rnyalatban \u2013 r\u00f3zsasz\u00edn, feh\u00e9r, b\u00edbor, lila \u2013 vir\u00e1gzik, \u00edgy v\u00e1ltozatos, \u00e9l\u00e9nk hat\u00e1st kelt az \u00e1gy\u00e1sokban.<\/p>\n<p data-start=\"811\" data-end=\"957\">Er\u0151teljes, fel\u00e1ll\u00f3 sz\u00e1rain ak\u00e1r 80\u2013120 cm magasra is megn\u0151, ez\u00e9rt kiv\u00e1l\u00f3 h\u00e1tt\u00e9rn\u00f6v\u00e9ny \u00e9vel\u0151\u00e1gy\u00e1sokban vagy vid\u00e9ki, romantikus hangulat\u00fa kertekben.<\/p>\n<p data-start=\"959\" data-end=\"1064\">A l\u00e1ngvir\u00e1g nemcsak dekorat\u00edv, hanem kellemes illat\u00fa is, \u00e9s kifejezetten vonzza a m\u00e9heket \u00e9s pillang\u00f3kat.<\/p>\n<\/div>\n<h4><strong>\ud83d\udd04 K\u00e9szletinform\u00e1ci\u00f3<\/strong><\/h4>\n<p><strong>K\u00e9szlet\u00fcnk napi szinten v\u00e1ltozik, \u00edgy a webshopban szerepl<\/strong><strong>\u0151<\/strong><strong>\u00a0term\u00e9kek el\u00e9rhet<\/strong><strong>\u0151<\/strong><strong>s\u00e9ge nem garant\u00e1lt.<br \/>\n\ud83d\udcde A megrendel\u00e9s el<\/strong><strong>\u0151<\/strong><strong>tt k\u00e9rj\u00fck, \u00e9rdekl<\/strong><strong>\u0151<\/strong><strong>dj\u00f6n szem\u00e9lyesen, telefonon vagy e-mailben!<\/strong><\/p>\n<h4><strong>\u27a1\ufe0f Kapcsolat:<\/strong><\/h4>\n<ul>\n<li><strong>Weboldal:\u00a0<\/strong><a href=\"https:\/\/tajkertesz.com\/\"><strong>tajkertesz.com<\/strong><\/a><\/li>\n<li><strong>Facebook:\u00a0<\/strong><a href=\"https:\/\/www.facebook.com\/tajkertesz\/\"><strong>facebook.com\/tajkertesz<\/strong><\/a><\/li>\n<li><strong>Telefonsz\u00e1m, e-mail: +36\/20-319-3770\u00a0<\/strong><a href=\"mailto:tajkerteszaruda@gmail.com\"><strong>tajkerteszaruda@gmail.com<\/strong><\/a><\/li>\n<\/ul>\n<h4><strong>\ud83d\ude9a Sz\u00e1ll\u00edt\u00e1si inform\u00e1ci\u00f3k<\/strong><\/h4>\n<p><strong>A megrendelt n\u00f6v\u00e9nyek kisz\u00e1ll\u00edt\u00e1sa az al\u00e1bbi felt\u00e9telek mellett t\u00f6rt\u00e9nik:<\/strong><\/p>\n<h4><strong>\ud83d\udce6 Fut\u00e1rszolg\u00e1latos sz\u00e1ll\u00edt\u00e1s<\/strong><\/h4>\n<ul>\n<li><strong>Maxim\u00e1lis m\u00e9ret: 200 cm (hossz\u00fas\u00e1g)<\/strong><\/li>\n<li><strong>Maxim\u00e1lis s\u00faly: 40 kg<\/strong><\/li>\n<li><strong>Az enn\u00e9l kisebb \u00e9s k\u00f6nnyebb csomagokat fut\u00e1rszolg\u00e1lattal k\u00e9zbes\u00edtj\u00fck a lehet<\/strong><strong>\u0151<\/strong><strong>\u00a0legbiztons\u00e1gosabb csomagol\u00e1sban.<\/strong><\/li>\n<\/ul>\n<h4><strong>\ud83d\udefb Szem\u00e9lyes \u00e1tv\u00e9tel<\/strong><\/h4>\n<ul>\n<li><strong>1173 Budapest, Bakancsos utca 7. sz\u00e1m alatt nyitvatart\u00e1si id<\/strong><strong>\u0151<\/strong><strong>ben szem\u00e9lyesen \u00e1tvehet<\/strong><strong>\u0151<\/strong><strong>\u00a0kert\u00e9szeti \u00e1rud\u00e1nkban.<\/strong><\/li>\n<li><strong>K\u00f6lts\u00e9ghat\u00e9kony megold\u00e1s nagyobb, t\u00f6r\u00e9kenyebb vagy t\u00falm\u00e9retes n\u00f6v\u00e9nyek eset\u00e9n.<\/strong><\/li>\n<\/ul>\n<h4><strong>\ud83d\udcde Nagy m\u00e9ret<\/strong><strong>\u0171<\/strong><strong>\u00a0vagy s\u00faly\u00fa n\u00f6v\u00e9nyek eset\u00e9n<\/strong><\/h4>\n<p><strong>Ha a term\u00e9k:<\/strong><\/p>\n<ul>\n<li><strong>meghaladja a 200 cm hossz\u00fas\u00e1got vagy<\/strong><\/li>\n<li><strong>meghaladja a 40 kg s\u00falyt,<\/strong><\/li>\n<\/ul>\n<p><strong>akkor szem\u00e9lyes \u00e1tv\u00e9tellel vagy egyedi, el<\/strong><strong>\u0151<\/strong><strong>re egyeztetett sz\u00e1ll\u00edt\u00e1si felt\u00e9telek mellett t\u00f6rt\u00e9nik.<br \/>\nK\u00e9rj\u00fck, ilyen esetben rendel\u00e9s el<\/strong><strong>\u0151<\/strong><strong>tt vegye fel vel\u00fcnk a kapcsolatot, hogy a lehet<\/strong><strong>\u0151<\/strong><strong>\u00a0legmegfelel<\/strong><strong>\u0151<\/strong><strong>bb sz\u00e1ll\u00edt\u00e1si megold\u00e1st k\u00edn\u00e1lhassuk.<\/strong><\/p>\n<p><strong>\ud83d\udd14 Fontos: A n\u00f6v\u00e9nyeket minden esetben igyeksz\u00fcnk gondosan, egyes\u00e9vel csomagolni, azonban a sz\u00e1ll\u00edt\u00e1s sor\u00e1n kisebb eszt\u00e9tikai s\u00e9r\u00fcl\u00e9sek el<\/strong><strong>\u0151<\/strong><strong>fordulhatnak (pl. lev\u00e9lhull\u00e1s). Ez nem min<\/strong><strong>\u0151<\/strong><strong>s\u00fcl hib\u00e1s teljes\u00edt\u00e9snek.<\/strong><\/p>\n<h4><strong>\ud83d\udcf7 Fontos tudni a k\u00e9pekr<\/strong><strong>\u0151<\/strong><strong>l<\/strong><\/h4>\n<p><strong>A webshopban szerepl<\/strong><strong>\u0151<\/strong><strong>\u00a0k\u00e9pek illusztr\u00e1ci\u00f3k, a n\u00f6v\u00e9nyek term\u00e9szet\u00fckn\u00e9l fogva egyediek, \u00edgy m\u00e9retben, alakban \u00e9s sz\u00ednben minim\u00e1lis elt\u00e9r\u00e9sek el<\/strong><strong>\u0151<\/strong><strong>fordulhatnak a k\u00e9pen l\u00e1that\u00f3 \u00e9s a val\u00f3s p\u00e9ld\u00e1nyok k\u00f6z\u00f6tt.<\/strong><\/p>\n<h4><strong>\ud83e\uddfe \u00c1rak \u00e9s el\u00e1ll\u00e1si jog<\/strong><\/h4>\n<ul>\n<li><strong>Az \u00e1rak egy darab\u00a0n\u00f6v\u00e9nyre vonatkoznak.<\/strong><\/li>\n<li><strong>\u00c9l<\/strong><strong>\u0151<\/strong><strong>\u00a0n\u00f6v\u00e9nyek rendel\u00e9se eset\u00e9n a 14 napos el\u00e1ll\u00e1s joga nem \u00e9rv\u00e9nyes\u00edthet<\/strong><strong>\u0151<\/strong><strong>, mivel azok romland\u00f3, biol\u00f3giailag \u00e9l<\/strong><strong>\u0151<\/strong><strong>\u00a0term\u00e9keknek min<\/strong><strong>\u0151<\/strong><strong>s\u00fclnek.<br \/>\n\ud83d\udd12 (17\/1999. (II. 5.) Korm. rendelet 5. \u00a7 c) pontja alapj\u00e1n)<\/strong><\/li>\n<\/ul>\n<h4><strong>\ud83d\udce6 K\u00e9zbes\u00edt\u00e9s ut\u00e1ni teend<\/strong><strong>\u0151<\/strong><strong>k<\/strong><\/h4>\n<p><strong>A k\u00e9zbes\u00edt\u00e9st k\u00f6vet<\/strong><strong>\u0151<\/strong><strong>en a csomagot azonnal bontsuk ki, \u00e9s a n\u00f6v\u00e9nyt helyezz\u00fck el megfelel<\/strong><strong>\u0151<\/strong><strong>\u00a0k\u00f6rnyezetben.<br \/>\nFontos: ha a n\u00f6v\u00e9ny nem r\u00e9szes\u00fcl megfelel<\/strong><strong>\u0151<\/strong><strong>\u00a0gondoz\u00e1sban \u00e9s ennek k\u00f6vetkezt\u00e9ben k\u00e1rosodik vagy elpusztul, felel<\/strong><strong>\u0151<\/strong><strong>ss\u00e9get nem tudunk v\u00e1llalni.<\/strong><\/p>","protected":false},"excerpt":{"rendered":"<p>A <strong data-start=\"253\" data-end=\"277\">Phlox paniculata mix<\/strong>, vagyis \u00e9vel\u0151 l\u00e1ngvir\u00e1g sz\u00ednkever\u00e9k, ny\u00e1ron gazdagon vir\u00e1gz\u00f3, illatos d\u00edszn\u00f6v\u00e9ny. \u00c9l\u00e9nk r\u00f3zsasz\u00edn, feh\u00e9r, lila \u00e9s piros \u00e1rnyalatokban pomp\u00e1zik, napos kertek kedvelt \u00e9vel\u0151je.<\/p>\n<p>M\u00e9rete: 14 cm-es cser\u00e9pben.<\/p>","protected":false},"featured_media":6122,"template":"","meta":{"_et_pb_use_builder":"","_et_pb_old_content":"","_et_gb_content_width":""},"product_brand":[],"product_cat":[433],"product_tag":[7983,7456,5185,7986,6110,7954,6094,7984,7982,7949,5930,7985,7987],"class_list":{"0":"post-6121","1":"product","2":"type-product","3":"status-publish","4":"has-post-thumbnail","6":"product_cat-evelo-novenyek","7":"product_tag-evelo-langvirag","8":"product_tag-illatos-noveny","9":"product_tag-langvirag","10":"product_tag-magas-evelo","11":"product_tag-mehbarat-noveny","12":"product_tag-napos-kertbe","13":"product_tag-nyari-virag","14":"product_tag-phlox-mix","15":"product_tag-phlox-paniculata","16":"product_tag-pillangocsalogato","17":"product_tag-romantikus-kert","18":"product_tag-szinkeverek-virag","19":"product_tag-viragzo-evelo","21":"first","22":"instock","23":"shipping-taxable","24":"purchasable","25":"product-type-simple"},"yoast_head":"<!-- This site is optimized with the Yoast SEO plugin v27.3 - https:\/\/yoast.com\/product\/yoast-seo-wordpress\/ -->\n<title>Phlox paniculata mix - L\u00e1ngvir\u00e1g - T\u00e1jkert\u00e9sz<\/title>\n<meta name=\"description\" content=\"Phlox paniculata mix - L\u00e1ngvir\u00e1g egy kompakt, egyenes, csom\u00f3kat form\u00e1l\u00f3, l\u00e1gysz\u00e1r\u00fa \u00e9vel\u0151, elliptikus vagy sz\u00e9les l\u00e1ndzsa alak\u00fa, hegyes,\" \/>\n<meta name=\"robots\" content=\"index, follow, max-snippet:-1, max-image-preview:large, max-video-preview:-1\" \/>\n<link rel=\"canonical\" href=\"https:\/\/tajkertesz.com\/en_US\/product\/phlox-paniculata-mix-langvirag\/\" \/>\n<meta property=\"og:locale\" content=\"en_US\" \/>\n<meta property=\"og:type\" content=\"article\" \/>\n<meta property=\"og:title\" content=\"Phlox paniculata mix - L\u00e1ngvir\u00e1g - T\u00e1jkert\u00e9sz\" \/>\n<meta property=\"og:description\" content=\"Phlox paniculata mix - L\u00e1ngvir\u00e1g egy kompakt, egyenes, csom\u00f3kat form\u00e1l\u00f3, l\u00e1gysz\u00e1r\u00fa \u00e9vel\u0151, elliptikus vagy sz\u00e9les l\u00e1ndzsa alak\u00fa, hegyes,\" \/>\n<meta property=\"og:url\" content=\"https:\/\/tajkertesz.com\/en_US\/product\/phlox-paniculata-mix-langvirag\/\" \/>\n<meta property=\"og:site_name\" content=\"T\u00e1jkert\u00e9sz\" \/>\n<meta property=\"article:publisher\" content=\"https:\/\/www.facebook.com\/Tajkertesz\/\" \/>\n<meta property=\"article:modified_time\" content=\"2026-02-22T09:15:32+00:00\" \/>\n<meta property=\"og:image\" content=\"https:\/\/tajkertesz.com\/wp-content\/uploads\/2021\/06\/phlox-paniculata-younique-cerise.jpeg\" \/>\n\t<meta property=\"og:image:width\" content=\"750\" \/>\n\t<meta property=\"og:image:height\" content=\"750\" \/>\n\t<meta property=\"og:image:type\" content=\"image\/jpeg\" \/>\n<meta name=\"twitter:card\" content=\"summary_large_image\" \/>\n<meta name=\"twitter:label1\" content=\"Est. reading time\" \/>\n\t<meta name=\"twitter:data1\" content=\"3 minutes\" \/>\n<script type=\"application\/ld+json\" class=\"yoast-schema-graph\">{\"@context\":\"https:\\\/\\\/schema.org\",\"@graph\":[{\"@type\":\"WebPage\",\"@id\":\"https:\\\/\\\/tajkertesz.com\\\/termek\\\/phlox-paniculata-mix-langvirag\\\/\",\"url\":\"https:\\\/\\\/tajkertesz.com\\\/termek\\\/phlox-paniculata-mix-langvirag\\\/\",\"name\":\"Phlox paniculata mix - L\u00e1ngvir\u00e1g - T\u00e1jkert\u00e9sz\",\"isPartOf\":{\"@id\":\"https:\\\/\\\/tajkertesz.com\\\/#website\"},\"primaryImageOfPage\":{\"@id\":\"https:\\\/\\\/tajkertesz.com\\\/termek\\\/phlox-paniculata-mix-langvirag\\\/#primaryimage\"},\"image\":{\"@id\":\"https:\\\/\\\/tajkertesz.com\\\/termek\\\/phlox-paniculata-mix-langvirag\\\/#primaryimage\"},\"thumbnailUrl\":\"https:\\\/\\\/tajkertesz.com\\\/wp-content\\\/uploads\\\/2021\\\/06\\\/phlox-paniculata-younique-cerise.jpeg\",\"datePublished\":\"2021-06-09T07:20:25+00:00\",\"dateModified\":\"2026-02-22T09:15:32+00:00\",\"description\":\"Phlox paniculata mix - L\u00e1ngvir\u00e1g egy kompakt, egyenes, csom\u00f3kat form\u00e1l\u00f3, l\u00e1gysz\u00e1r\u00fa \u00e9vel\u0151, elliptikus vagy sz\u00e9les l\u00e1ndzsa alak\u00fa, hegyes,\",\"breadcrumb\":{\"@id\":\"https:\\\/\\\/tajkertesz.com\\\/termek\\\/phlox-paniculata-mix-langvirag\\\/#breadcrumb\"},\"inLanguage\":\"en-US\",\"potentialAction\":[{\"@type\":\"ReadAction\",\"target\":[\"https:\\\/\\\/tajkertesz.com\\\/termek\\\/phlox-paniculata-mix-langvirag\\\/\"]}]},{\"@type\":\"ImageObject\",\"inLanguage\":\"en-US\",\"@id\":\"https:\\\/\\\/tajkertesz.com\\\/termek\\\/phlox-paniculata-mix-langvirag\\\/#primaryimage\",\"url\":\"https:\\\/\\\/tajkertesz.com\\\/wp-content\\\/uploads\\\/2021\\\/06\\\/phlox-paniculata-younique-cerise.jpeg\",\"contentUrl\":\"https:\\\/\\\/tajkertesz.com\\\/wp-content\\\/uploads\\\/2021\\\/06\\\/phlox-paniculata-younique-cerise.jpeg\",\"width\":750,\"height\":750,\"caption\":\"Phlox paniculata - L\u00e1ngvir\u00e1g\"},{\"@type\":\"BreadcrumbList\",\"@id\":\"https:\\\/\\\/tajkertesz.com\\\/termek\\\/phlox-paniculata-mix-langvirag\\\/#breadcrumb\",\"itemListElement\":[{\"@type\":\"ListItem\",\"position\":1,\"name\":\"Home\",\"item\":\"https:\\\/\\\/tajkertesz.com\\\/\"},{\"@type\":\"ListItem\",\"position\":2,\"name\":\"Kezd\u0151lap\",\"item\":\"https:\\\/\\\/tajkertesz.com\\\/\"},{\"@type\":\"ListItem\",\"position\":3,\"name\":\"Phlox paniculata mix &#8211; L\u00e1ngvir\u00e1g\"}]},{\"@type\":\"WebSite\",\"@id\":\"https:\\\/\\\/tajkertesz.com\\\/#website\",\"url\":\"https:\\\/\\\/tajkertesz.com\\\/\",\"name\":\"T\u00e1j-Kert\u00e9sz 84 Kft.\",\"description\":\"Kert\u00e9szeti kis- \u00e9s nagykeresked\u00e9s, D\u00edszn\u00f6v\u00e9ny web\u00e1ruh\u00e1z orsz\u00e1gos h\u00e1zhozsz\u00e1ll\u00edt\u00e1ssal!\",\"publisher\":{\"@id\":\"https:\\\/\\\/tajkertesz.com\\\/#organization\"},\"potentialAction\":[{\"@type\":\"SearchAction\",\"target\":{\"@type\":\"EntryPoint\",\"urlTemplate\":\"https:\\\/\\\/tajkertesz.com\\\/?s={search_term_string}\"},\"query-input\":{\"@type\":\"PropertyValueSpecification\",\"valueRequired\":true,\"valueName\":\"search_term_string\"}}],\"inLanguage\":\"en-US\"},{\"@type\":\"Organization\",\"@id\":\"https:\\\/\\\/tajkertesz.com\\\/#organization\",\"name\":\"T\u00e1j-Kert\u00e9sz 84 Kft.\",\"url\":\"https:\\\/\\\/tajkertesz.com\\\/\",\"logo\":{\"@type\":\"ImageObject\",\"inLanguage\":\"en-US\",\"@id\":\"https:\\\/\\\/tajkertesz.com\\\/#\\\/schema\\\/logo\\\/image\\\/\",\"url\":\"https:\\\/\\\/tajkertesz.com\\\/wp-content\\\/uploads\\\/2018\\\/02\\\/logo-2-e1518678052539.png\",\"contentUrl\":\"https:\\\/\\\/tajkertesz.com\\\/wp-content\\\/uploads\\\/2018\\\/02\\\/logo-2-e1518678052539.png\",\"width\":81,\"height\":140,\"caption\":\"T\u00e1j-Kert\u00e9sz 84 Kft.\"},\"image\":{\"@id\":\"https:\\\/\\\/tajkertesz.com\\\/#\\\/schema\\\/logo\\\/image\\\/\"},\"sameAs\":[\"https:\\\/\\\/www.facebook.com\\\/Tajkertesz\\\/\"]}]}<\/script>\n<!-- \/ Yoast SEO plugin. -->","yoast_head_json":{"title":"Phlox paniculata mix - L\u00e1ngvir\u00e1g - T\u00e1jkert\u00e9sz","description":"Phlox paniculata mix - L\u00e1ngvir\u00e1g egy kompakt, egyenes, csom\u00f3kat form\u00e1l\u00f3, l\u00e1gysz\u00e1r\u00fa \u00e9vel\u0151, elliptikus vagy sz\u00e9les l\u00e1ndzsa alak\u00fa, hegyes,","robots":{"index":"index","follow":"follow","max-snippet":"max-snippet:-1","max-image-preview":"max-image-preview:large","max-video-preview":"max-video-preview:-1"},"canonical":"https:\/\/tajkertesz.com\/en_US\/product\/phlox-paniculata-mix-langvirag\/","og_locale":"en_US","og_type":"article","og_title":"Phlox paniculata mix - L\u00e1ngvir\u00e1g - T\u00e1jkert\u00e9sz","og_description":"Phlox paniculata mix - L\u00e1ngvir\u00e1g egy kompakt, egyenes, csom\u00f3kat form\u00e1l\u00f3, l\u00e1gysz\u00e1r\u00fa \u00e9vel\u0151, elliptikus vagy sz\u00e9les l\u00e1ndzsa alak\u00fa, hegyes,","og_url":"https:\/\/tajkertesz.com\/en_US\/product\/phlox-paniculata-mix-langvirag\/","og_site_name":"T\u00e1jkert\u00e9sz","article_publisher":"https:\/\/www.facebook.com\/Tajkertesz\/","article_modified_time":"2026-02-22T09:15:32+00:00","og_image":[{"width":750,"height":750,"url":"https:\/\/tajkertesz.com\/wp-content\/uploads\/2021\/06\/phlox-paniculata-younique-cerise.jpeg","type":"image\/jpeg"}],"twitter_card":"summary_large_image","twitter_misc":{"Est. reading time":"3 minutes"},"schema":{"@context":"https:\/\/schema.org","@graph":[{"@type":"WebPage","@id":"https:\/\/tajkertesz.com\/termek\/phlox-paniculata-mix-langvirag\/","url":"https:\/\/tajkertesz.com\/termek\/phlox-paniculata-mix-langvirag\/","name":"Phlox paniculata mix - L\u00e1ngvir\u00e1g - T\u00e1jkert\u00e9sz","isPartOf":{"@id":"https:\/\/tajkertesz.com\/#website"},"primaryImageOfPage":{"@id":"https:\/\/tajkertesz.com\/termek\/phlox-paniculata-mix-langvirag\/#primaryimage"},"image":{"@id":"https:\/\/tajkertesz.com\/termek\/phlox-paniculata-mix-langvirag\/#primaryimage"},"thumbnailUrl":"https:\/\/tajkertesz.com\/wp-content\/uploads\/2021\/06\/phlox-paniculata-younique-cerise.jpeg","datePublished":"2021-06-09T07:20:25+00:00","dateModified":"2026-02-22T09:15:32+00:00","description":"Phlox paniculata mix - L\u00e1ngvir\u00e1g egy kompakt, egyenes, csom\u00f3kat form\u00e1l\u00f3, l\u00e1gysz\u00e1r\u00fa \u00e9vel\u0151, elliptikus vagy sz\u00e9les l\u00e1ndzsa alak\u00fa, hegyes,","breadcrumb":{"@id":"https:\/\/tajkertesz.com\/termek\/phlox-paniculata-mix-langvirag\/#breadcrumb"},"inLanguage":"en-US","potentialAction":[{"@type":"ReadAction","target":["https:\/\/tajkertesz.com\/termek\/phlox-paniculata-mix-langvirag\/"]}]},{"@type":"ImageObject","inLanguage":"en-US","@id":"https:\/\/tajkertesz.com\/termek\/phlox-paniculata-mix-langvirag\/#primaryimage","url":"https:\/\/tajkertesz.com\/wp-content\/uploads\/2021\/06\/phlox-paniculata-younique-cerise.jpeg","contentUrl":"https:\/\/tajkertesz.com\/wp-content\/uploads\/2021\/06\/phlox-paniculata-younique-cerise.jpeg","width":750,"height":750,"caption":"Phlox paniculata - L\u00e1ngvir\u00e1g"},{"@type":"BreadcrumbList","@id":"https:\/\/tajkertesz.com\/termek\/phlox-paniculata-mix-langvirag\/#breadcrumb","itemListElement":[{"@type":"ListItem","position":1,"name":"Home","item":"https:\/\/tajkertesz.com\/"},{"@type":"ListItem","position":2,"name":"Kezd\u0151lap","item":"https:\/\/tajkertesz.com\/"},{"@type":"ListItem","position":3,"name":"Phlox paniculata mix &#8211; L\u00e1ngvir\u00e1g"}]},{"@type":"WebSite","@id":"https:\/\/tajkertesz.com\/#website","url":"https:\/\/tajkertesz.com\/","name":"T\u00e1j-Kert\u00e9sz 84 Kft.","description":"Kert\u00e9szeti kis- \u00e9s nagykeresked\u00e9s, D\u00edszn\u00f6v\u00e9ny web\u00e1ruh\u00e1z orsz\u00e1gos h\u00e1zhozsz\u00e1ll\u00edt\u00e1ssal!","publisher":{"@id":"https:\/\/tajkertesz.com\/#organization"},"potentialAction":[{"@type":"SearchAction","target":{"@type":"EntryPoint","urlTemplate":"https:\/\/tajkertesz.com\/?s={search_term_string}"},"query-input":{"@type":"PropertyValueSpecification","valueRequired":true,"valueName":"search_term_string"}}],"inLanguage":"en-US"},{"@type":"Organization","@id":"https:\/\/tajkertesz.com\/#organization","name":"T\u00e1j-Kert\u00e9sz 84 Kft.","url":"https:\/\/tajkertesz.com\/","logo":{"@type":"ImageObject","inLanguage":"en-US","@id":"https:\/\/tajkertesz.com\/#\/schema\/logo\/image\/","url":"https:\/\/tajkertesz.com\/wp-content\/uploads\/2018\/02\/logo-2-e1518678052539.png","contentUrl":"https:\/\/tajkertesz.com\/wp-content\/uploads\/2018\/02\/logo-2-e1518678052539.png","width":81,"height":140,"caption":"T\u00e1j-Kert\u00e9sz 84 Kft."},"image":{"@id":"https:\/\/tajkertesz.com\/#\/schema\/logo\/image\/"},"sameAs":["https:\/\/www.facebook.com\/Tajkertesz\/"]}]}},"_links":{"self":[{"href":"https:\/\/tajkertesz.com\/en_US\/wp-json\/wp\/v2\/product\/6121","targetHints":{"allow":["GET"]}}],"collection":[{"href":"https:\/\/tajkertesz.com\/en_US\/wp-json\/wp\/v2\/product"}],"about":[{"href":"https:\/\/tajkertesz.com\/en_US\/wp-json\/wp\/v2\/types\/product"}],"wp:featuredmedia":[{"embeddable":true,"href":"https:\/\/tajkertesz.com\/en_US\/wp-json\/wp\/v2\/media\/6122"}],"wp:attachment":[{"href":"https:\/\/tajkertesz.com\/en_US\/wp-json\/wp\/v2\/media?parent=6121"}],"wp:term":[{"taxonomy":"product_brand","embeddable":true,"href":"https:\/\/tajkertesz.com\/en_US\/wp-json\/wp\/v2\/product_brand?post=6121"},{"taxonomy":"product_cat","embeddable":true,"href":"https:\/\/tajkertesz.com\/en_US\/wp-json\/wp\/v2\/product_cat?post=6121"},{"taxonomy":"product_tag","embeddable":true,"href":"https:\/\/tajkertesz.com\/en_US\/wp-json\/wp\/v2\/product_tag?post=6121"}],"curies":[{"name":"wp","href":"https:\/\/api.w.org\/{rel}","templated":true}]}}