{"id":6273,"date":"2021-06-11T08:36:12","date_gmt":"2021-06-11T08:36:12","guid":{"rendered":"https:\/\/tajkertesz.com\/?post_type=product&#038;p=6273"},"modified":"2023-03-16T13:13:32","modified_gmt":"2023-03-16T13:13:32","slug":"hydrangea-paniculata-tardiva-bugas-hortenzia-kb-40-cm","status":"publish","type":"product","link":"https:\/\/tajkertesz.com\/en_US\/product\/hydrangea-paniculata-tardiva-bugas-hortenzia-kb-40-cm\/","title":{"rendered":"Hydrangea paniculata &#8216;Tardiva&#8217; \u2013 Bug\u00e1s hortenzia kb. 40 cm"},"content":{"rendered":"<h3 class=\"LC20lb DKV0Md\">Hydrangea paniculata &#8216;Tardiva&#8217; \u2013 Bug\u00e1s hortenzia<\/h3>\n<p>A Hydrangea paniculata &#8216;Tardiva&#8217; \u2013 Bug\u00e1s hortenzia az egyik legl\u00e1tv\u00e1nyosabb fajta mely j\u00faliusban ny\u00edlik,\u00e9s a vir\u00e1gaival a fagyokig d\u00edsz\u00edt.<\/p>\n<p>1, 2-1, 5 m magasra megn\u00f6v\u0151 fajta. \u00c1grendszere \u00e9s vir\u00e1ga k\u00f6nny\u0171, ez\u00e9rt megtartja kompakt habitus\u00e1t. Vir\u00e1gai halv\u00e1ny r\u00f3zsasz\u00edn-pirosas sz\u00edn\u0171ek.<\/p>\n<p>A vir\u00e1gokat mindig az az \u00e9vi hajt\u00e1sokon hozza, ez\u00e9rt kora tavasszal \u00e9rdemes er\u0151sen visszametszeni.<\/p>\n<p>Legink\u00e1bb szoliterk\u00e9nt \u00fcltess\u00fck.Elsz\u00e1radt vir\u00e1gai t\u00e9len nagyon mutat\u00f3sak. Rendk\u00edv\u00fcl fagyt\u0171r\u0151 cserje.<\/p>\n<p style=\"line-height: 18.0pt; background: white; margin: 0cm 0cm 15.0pt 0cm;\"><span style=\"font-family: 'Ubuntu',serif; color: black;\">El\u00e9rhet\u0151 t\u00f6bbf\u00e9le m\u00e9retben \u00e9s \u00e1rban.<\/span><\/p>\n<p>kb. 40 cm<\/p>\n<p style=\"line-height: 18.0pt; background: white; margin: 0cm 0cm 15.0pt 0cm;\"><b><span style=\"font-family: 'Ubuntu',serif; color: black;\">K\u00e9szlet\u00fcnk napi szinten v\u00e1ltozik, ez\u00e9rt k\u00e9rj\u00fck, \u00e9rdekl\u0151dj\u00f6n szem\u00e9lyesen, telefonon vagy email-en.<br \/>\nA v\u00e1ltoztat\u00e1s jog\u00e1t fenntartjuk!\u00a0<\/span><\/b><\/p>\n<p><a href=\"https:\/\/tajkertesz.com\/\">https:\/\/tajkertesz.com\/<\/a><\/p>\n<p><a href=\"https:\/\/www.facebook.com\/tajkertesz\">https:\/\/www.facebook.com\/tajkertesz<\/a><\/p>\n<p><span style=\"color: #ffffff;\">manaps\u00e1g m\u00e1r elterjedt a m\u0171manaps\u00e1g m\u00e1r elterjedt a m\u0171anyagb\u00f3l k\u00e9sz\u00fclt v\u00e1ltozat is. Kert\u00e9szetekben \u00e9s nagyobb \u00e1ruh\u00e1zakban kaphat\u00f3, ak\u00e1rcsak az \u00e1s\u00f3, a lap\u00e1t, a kapa vagy ritk\u00e1bban a kaszahanem a h\u00e1z k\u00f6r\u00fcl is fontos eszk\u00f6z, a lehullott faleveleket (avart) vagy egy\u00e9b lombokat is \u00f6ssze lehet vele szedni (a speci\u00e1lisan lombgy\u0171jt\u00e9sre szakosodott verzi\u00f3ja a lombsepr\u0171). Nyele \u00e1ltal\u00e1ban f\u00e1b\u00f3l, feje pedig vasb\u00f3l k\u00e9sz\u00fcl, de manaps\u00e1g m\u00e1r elterjedt a m\u0171anyagb\u00f3l k\u00e9sz\u00fclt v\u00e1ltozat is. Kert\u00e9szetekben \u00e9s nagyobb \u00e1ruh\u00e1zakban kaphat\u00f3, ak\u00e1rcsak az \u00e1s\u00f3, a lap\u00e1t, a kapa vagy ritk\u00e1bban a kasza..\u00c1tm\u00e9r\u0151: 6 mmanyagb\u00f3l k\u00e9sz\u00fclt v\u00e1ltozat is. Kert\u00e9szetekben \u00e9s nagyobb \u00e1ruh\u00e1zakban kaphat\u00f3, ak\u00e1rcsak az \u00e1s\u00f3, a lap\u00e1t, a kapa vagy ritk\u00e1bban a kaszahanem a h\u00e1z k\u00f6r\u00fcl is fontos eszk\u00f6z, a lehullott faleveleket (avart) vagy egy\u00e9b lombokat is \u00f6ssze lehet vele szedni (a speci\u00e1lisan lombgy\u0171jt\u00e9sre szakosodott verzi\u00f3ja a lombsepr\u0171). Nyele \u00e1ltal\u00e1ban f\u00e1b\u00f3l, feje pedig vasb\u00f3l k\u00e9sz\u00fcl, de manaps\u00e1g m\u00e1r elterjedt a m\u0171anyagb\u00f3l k\u00e9sz\u00fclt v\u00e1ltozat is. Kert\u00e9szetekben \u00e9s nagyobb \u00e1ruh\u00e1zakban kaphat\u00f3, ak\u00e1rcsak az \u00e1s\u00f3, a lap\u00e1t, a kapa vagy ritk\u00e1bban a kasza..\u00c1tm\u00e9r\u0151: 6 mm<\/span><\/p>","protected":false},"excerpt":{"rendered":"<h3 class=\"LC20lb DKV0Md\">Hydrangea paniculata &#8216;Tardiva&#8217; \u2013 Bug\u00e1s hortenzia<\/h3>\n<p>A Hydrangea paniculata &#8216;Tardiva&#8217; \u2013 Bug\u00e1s hortenzia az egyik legl\u00e1tv\u00e1nyosabb fajta mely j\u00faliusban ny\u00edlik,\u00e9s a vir\u00e1gaival a fagyokig d\u00edsz\u00edt.<\/p>\n<p>1, 2-1, 5 m magasra megn\u00f6v\u0151 fajta. \u00c1grendszere \u00e9s vir\u00e1ga k\u00f6nny\u0171, ez\u00e9rt megtartja kompakt habitus\u00e1t. Vir\u00e1gai halv\u00e1ny r\u00f3zsasz\u00edn-pirosas sz\u00edn\u0171ek.<\/p>\n<p>A vir\u00e1gokat mindig az az \u00e9vi hajt\u00e1sokon hozza, ez\u00e9rt kora tavasszal \u00e9rdemes er\u0151sen visszametszeni.<\/p>","protected":false},"featured_media":6276,"template":"","meta":{"_et_pb_use_builder":"","_et_pb_old_content":"","_et_gb_content_width":""},"product_brand":[],"product_cat":[27],"product_tag":[1749],"class_list":{"0":"post-6273","1":"product","2":"type-product","3":"status-publish","4":"has-post-thumbnail","6":"product_cat-cserjek","7":"product_tag-hydrangea-paniculata-tardiva-bugas-hortenzia","9":"first","10":"outofstock","11":"shipping-taxable","12":"product-type-simple"},"yoast_head":"<!-- This site is optimized with the Yoast SEO plugin v27.4 - https:\/\/yoast.com\/product\/yoast-seo-wordpress\/ -->\n<title>Hydrangea paniculata &#039;Tardiva&#039; \u2013 Bug\u00e1s hortenzia kb. 40 cm - T\u00e1jkert\u00e9sz<\/title>\n<meta name=\"description\" content=\"Hydrangea paniculata &#039;Tardiva&#039; \u2013 Bug\u00e1s hortenzia az egyik legl\u00e1tv\u00e1nyosabb fajta mely j\u00faliusban ny\u00edlik,\u00e9s a vir\u00e1gaival a fagyokig d\u00edsz\u00edt.\" \/>\n<meta name=\"robots\" content=\"index, follow, max-snippet:-1, max-image-preview:large, max-video-preview:-1\" \/>\n<link rel=\"canonical\" href=\"https:\/\/tajkertesz.com\/en_US\/product\/hydrangea-paniculata-tardiva-bugas-hortenzia-kb-40-cm\/\" \/>\n<meta property=\"og:locale\" content=\"en_US\" \/>\n<meta property=\"og:type\" content=\"article\" \/>\n<meta property=\"og:title\" content=\"Hydrangea paniculata &#039;Tardiva&#039; \u2013 Bug\u00e1s hortenzia kb. 40 cm - T\u00e1jkert\u00e9sz\" \/>\n<meta property=\"og:description\" content=\"Hydrangea paniculata &#039;Tardiva&#039; \u2013 Bug\u00e1s hortenzia az egyik legl\u00e1tv\u00e1nyosabb fajta mely j\u00faliusban ny\u00edlik,\u00e9s a vir\u00e1gaival a fagyokig d\u00edsz\u00edt.\" \/>\n<meta property=\"og:url\" content=\"https:\/\/tajkertesz.com\/en_US\/product\/hydrangea-paniculata-tardiva-bugas-hortenzia-kb-40-cm\/\" \/>\n<meta property=\"og:site_name\" content=\"T\u00e1jkert\u00e9sz\" \/>\n<meta property=\"article:publisher\" content=\"https:\/\/www.facebook.com\/Tajkertesz\/\" \/>\n<meta property=\"article:modified_time\" content=\"2023-03-16T13:13:32+00:00\" \/>\n<meta property=\"og:image\" content=\"https:\/\/tajkertesz.com\/wp-content\/uploads\/2021\/06\/Tardiva.jpg\" \/>\n\t<meta property=\"og:image:width\" content=\"720\" \/>\n\t<meta property=\"og:image:height\" content=\"480\" \/>\n\t<meta property=\"og:image:type\" content=\"image\/jpeg\" \/>\n<meta name=\"twitter:card\" content=\"summary_large_image\" \/>\n<meta name=\"twitter:label1\" content=\"Est. reading time\" \/>\n\t<meta name=\"twitter:data1\" content=\"2 minutes\" \/>\n<script type=\"application\/ld+json\" class=\"yoast-schema-graph\">{\"@context\":\"https:\\\/\\\/schema.org\",\"@graph\":[{\"@type\":\"WebPage\",\"@id\":\"https:\\\/\\\/tajkertesz.com\\\/termek\\\/hydrangea-paniculata-tardiva-bugas-hortenzia-kb-40-cm\\\/\",\"url\":\"https:\\\/\\\/tajkertesz.com\\\/termek\\\/hydrangea-paniculata-tardiva-bugas-hortenzia-kb-40-cm\\\/\",\"name\":\"Hydrangea paniculata 'Tardiva' \u2013 Bug\u00e1s hortenzia kb. 40 cm - T\u00e1jkert\u00e9sz\",\"isPartOf\":{\"@id\":\"https:\\\/\\\/tajkertesz.com\\\/#website\"},\"primaryImageOfPage\":{\"@id\":\"https:\\\/\\\/tajkertesz.com\\\/termek\\\/hydrangea-paniculata-tardiva-bugas-hortenzia-kb-40-cm\\\/#primaryimage\"},\"image\":{\"@id\":\"https:\\\/\\\/tajkertesz.com\\\/termek\\\/hydrangea-paniculata-tardiva-bugas-hortenzia-kb-40-cm\\\/#primaryimage\"},\"thumbnailUrl\":\"https:\\\/\\\/tajkertesz.com\\\/wp-content\\\/uploads\\\/2021\\\/06\\\/Tardiva.jpg\",\"datePublished\":\"2021-06-11T08:36:12+00:00\",\"dateModified\":\"2023-03-16T13:13:32+00:00\",\"description\":\"Hydrangea paniculata 'Tardiva' \u2013 Bug\u00e1s hortenzia az egyik legl\u00e1tv\u00e1nyosabb fajta mely j\u00faliusban ny\u00edlik,\u00e9s a vir\u00e1gaival a fagyokig d\u00edsz\u00edt.\",\"breadcrumb\":{\"@id\":\"https:\\\/\\\/tajkertesz.com\\\/termek\\\/hydrangea-paniculata-tardiva-bugas-hortenzia-kb-40-cm\\\/#breadcrumb\"},\"inLanguage\":\"en-US\",\"potentialAction\":[{\"@type\":\"ReadAction\",\"target\":[\"https:\\\/\\\/tajkertesz.com\\\/termek\\\/hydrangea-paniculata-tardiva-bugas-hortenzia-kb-40-cm\\\/\"]}]},{\"@type\":\"ImageObject\",\"inLanguage\":\"en-US\",\"@id\":\"https:\\\/\\\/tajkertesz.com\\\/termek\\\/hydrangea-paniculata-tardiva-bugas-hortenzia-kb-40-cm\\\/#primaryimage\",\"url\":\"https:\\\/\\\/tajkertesz.com\\\/wp-content\\\/uploads\\\/2021\\\/06\\\/Tardiva.jpg\",\"contentUrl\":\"https:\\\/\\\/tajkertesz.com\\\/wp-content\\\/uploads\\\/2021\\\/06\\\/Tardiva.jpg\",\"width\":720,\"height\":480},{\"@type\":\"BreadcrumbList\",\"@id\":\"https:\\\/\\\/tajkertesz.com\\\/termek\\\/hydrangea-paniculata-tardiva-bugas-hortenzia-kb-40-cm\\\/#breadcrumb\",\"itemListElement\":[{\"@type\":\"ListItem\",\"position\":1,\"name\":\"Home\",\"item\":\"https:\\\/\\\/tajkertesz.com\\\/\"},{\"@type\":\"ListItem\",\"position\":2,\"name\":\"Kezd\u0151lap\",\"item\":\"https:\\\/\\\/tajkertesz.com\\\/\"},{\"@type\":\"ListItem\",\"position\":3,\"name\":\"Hydrangea paniculata &#8216;Tardiva&#8217; \u2013 Bug\u00e1s hortenzia kb. 40 cm\"}]},{\"@type\":\"WebSite\",\"@id\":\"https:\\\/\\\/tajkertesz.com\\\/#website\",\"url\":\"https:\\\/\\\/tajkertesz.com\\\/\",\"name\":\"T\u00e1j-Kert\u00e9sz 84 Kft.\",\"description\":\"Kert\u00e9szeti kis- \u00e9s nagykeresked\u00e9s, D\u00edszn\u00f6v\u00e9ny web\u00e1ruh\u00e1z orsz\u00e1gos h\u00e1zhozsz\u00e1ll\u00edt\u00e1ssal!\",\"publisher\":{\"@id\":\"https:\\\/\\\/tajkertesz.com\\\/#organization\"},\"potentialAction\":[{\"@type\":\"SearchAction\",\"target\":{\"@type\":\"EntryPoint\",\"urlTemplate\":\"https:\\\/\\\/tajkertesz.com\\\/?s={search_term_string}\"},\"query-input\":{\"@type\":\"PropertyValueSpecification\",\"valueRequired\":true,\"valueName\":\"search_term_string\"}}],\"inLanguage\":\"en-US\"},{\"@type\":\"Organization\",\"@id\":\"https:\\\/\\\/tajkertesz.com\\\/#organization\",\"name\":\"T\u00e1j-Kert\u00e9sz 84 Kft.\",\"url\":\"https:\\\/\\\/tajkertesz.com\\\/\",\"logo\":{\"@type\":\"ImageObject\",\"inLanguage\":\"en-US\",\"@id\":\"https:\\\/\\\/tajkertesz.com\\\/#\\\/schema\\\/logo\\\/image\\\/\",\"url\":\"https:\\\/\\\/tajkertesz.com\\\/wp-content\\\/uploads\\\/2018\\\/02\\\/logo-2-e1518678052539.png\",\"contentUrl\":\"https:\\\/\\\/tajkertesz.com\\\/wp-content\\\/uploads\\\/2018\\\/02\\\/logo-2-e1518678052539.png\",\"width\":81,\"height\":140,\"caption\":\"T\u00e1j-Kert\u00e9sz 84 Kft.\"},\"image\":{\"@id\":\"https:\\\/\\\/tajkertesz.com\\\/#\\\/schema\\\/logo\\\/image\\\/\"},\"sameAs\":[\"https:\\\/\\\/www.facebook.com\\\/Tajkertesz\\\/\"]}]}<\/script>\n<!-- \/ Yoast SEO plugin. -->","yoast_head_json":{"title":"Hydrangea paniculata 'Tardiva' \u2013 Bug\u00e1s hortenzia kb. 40 cm - T\u00e1jkert\u00e9sz","description":"Hydrangea paniculata 'Tardiva' \u2013 Bug\u00e1s hortenzia az egyik legl\u00e1tv\u00e1nyosabb fajta mely j\u00faliusban ny\u00edlik,\u00e9s a vir\u00e1gaival a fagyokig d\u00edsz\u00edt.","robots":{"index":"index","follow":"follow","max-snippet":"max-snippet:-1","max-image-preview":"max-image-preview:large","max-video-preview":"max-video-preview:-1"},"canonical":"https:\/\/tajkertesz.com\/en_US\/product\/hydrangea-paniculata-tardiva-bugas-hortenzia-kb-40-cm\/","og_locale":"en_US","og_type":"article","og_title":"Hydrangea paniculata 'Tardiva' \u2013 Bug\u00e1s hortenzia kb. 40 cm - T\u00e1jkert\u00e9sz","og_description":"Hydrangea paniculata 'Tardiva' \u2013 Bug\u00e1s hortenzia az egyik legl\u00e1tv\u00e1nyosabb fajta mely j\u00faliusban ny\u00edlik,\u00e9s a vir\u00e1gaival a fagyokig d\u00edsz\u00edt.","og_url":"https:\/\/tajkertesz.com\/en_US\/product\/hydrangea-paniculata-tardiva-bugas-hortenzia-kb-40-cm\/","og_site_name":"T\u00e1jkert\u00e9sz","article_publisher":"https:\/\/www.facebook.com\/Tajkertesz\/","article_modified_time":"2023-03-16T13:13:32+00:00","og_image":[{"width":720,"height":480,"url":"https:\/\/tajkertesz.com\/wp-content\/uploads\/2021\/06\/Tardiva.jpg","type":"image\/jpeg"}],"twitter_card":"summary_large_image","twitter_misc":{"Est. reading time":"2 minutes"},"schema":{"@context":"https:\/\/schema.org","@graph":[{"@type":"WebPage","@id":"https:\/\/tajkertesz.com\/termek\/hydrangea-paniculata-tardiva-bugas-hortenzia-kb-40-cm\/","url":"https:\/\/tajkertesz.com\/termek\/hydrangea-paniculata-tardiva-bugas-hortenzia-kb-40-cm\/","name":"Hydrangea paniculata 'Tardiva' \u2013 Bug\u00e1s hortenzia kb. 40 cm - T\u00e1jkert\u00e9sz","isPartOf":{"@id":"https:\/\/tajkertesz.com\/#website"},"primaryImageOfPage":{"@id":"https:\/\/tajkertesz.com\/termek\/hydrangea-paniculata-tardiva-bugas-hortenzia-kb-40-cm\/#primaryimage"},"image":{"@id":"https:\/\/tajkertesz.com\/termek\/hydrangea-paniculata-tardiva-bugas-hortenzia-kb-40-cm\/#primaryimage"},"thumbnailUrl":"https:\/\/tajkertesz.com\/wp-content\/uploads\/2021\/06\/Tardiva.jpg","datePublished":"2021-06-11T08:36:12+00:00","dateModified":"2023-03-16T13:13:32+00:00","description":"Hydrangea paniculata 'Tardiva' \u2013 Bug\u00e1s hortenzia az egyik legl\u00e1tv\u00e1nyosabb fajta mely j\u00faliusban ny\u00edlik,\u00e9s a vir\u00e1gaival a fagyokig d\u00edsz\u00edt.","breadcrumb":{"@id":"https:\/\/tajkertesz.com\/termek\/hydrangea-paniculata-tardiva-bugas-hortenzia-kb-40-cm\/#breadcrumb"},"inLanguage":"en-US","potentialAction":[{"@type":"ReadAction","target":["https:\/\/tajkertesz.com\/termek\/hydrangea-paniculata-tardiva-bugas-hortenzia-kb-40-cm\/"]}]},{"@type":"ImageObject","inLanguage":"en-US","@id":"https:\/\/tajkertesz.com\/termek\/hydrangea-paniculata-tardiva-bugas-hortenzia-kb-40-cm\/#primaryimage","url":"https:\/\/tajkertesz.com\/wp-content\/uploads\/2021\/06\/Tardiva.jpg","contentUrl":"https:\/\/tajkertesz.com\/wp-content\/uploads\/2021\/06\/Tardiva.jpg","width":720,"height":480},{"@type":"BreadcrumbList","@id":"https:\/\/tajkertesz.com\/termek\/hydrangea-paniculata-tardiva-bugas-hortenzia-kb-40-cm\/#breadcrumb","itemListElement":[{"@type":"ListItem","position":1,"name":"Home","item":"https:\/\/tajkertesz.com\/"},{"@type":"ListItem","position":2,"name":"Kezd\u0151lap","item":"https:\/\/tajkertesz.com\/"},{"@type":"ListItem","position":3,"name":"Hydrangea paniculata &#8216;Tardiva&#8217; \u2013 Bug\u00e1s hortenzia kb. 40 cm"}]},{"@type":"WebSite","@id":"https:\/\/tajkertesz.com\/#website","url":"https:\/\/tajkertesz.com\/","name":"T\u00e1j-Kert\u00e9sz 84 Kft.","description":"Kert\u00e9szeti kis- \u00e9s nagykeresked\u00e9s, D\u00edszn\u00f6v\u00e9ny web\u00e1ruh\u00e1z orsz\u00e1gos h\u00e1zhozsz\u00e1ll\u00edt\u00e1ssal!","publisher":{"@id":"https:\/\/tajkertesz.com\/#organization"},"potentialAction":[{"@type":"SearchAction","target":{"@type":"EntryPoint","urlTemplate":"https:\/\/tajkertesz.com\/?s={search_term_string}"},"query-input":{"@type":"PropertyValueSpecification","valueRequired":true,"valueName":"search_term_string"}}],"inLanguage":"en-US"},{"@type":"Organization","@id":"https:\/\/tajkertesz.com\/#organization","name":"T\u00e1j-Kert\u00e9sz 84 Kft.","url":"https:\/\/tajkertesz.com\/","logo":{"@type":"ImageObject","inLanguage":"en-US","@id":"https:\/\/tajkertesz.com\/#\/schema\/logo\/image\/","url":"https:\/\/tajkertesz.com\/wp-content\/uploads\/2018\/02\/logo-2-e1518678052539.png","contentUrl":"https:\/\/tajkertesz.com\/wp-content\/uploads\/2018\/02\/logo-2-e1518678052539.png","width":81,"height":140,"caption":"T\u00e1j-Kert\u00e9sz 84 Kft."},"image":{"@id":"https:\/\/tajkertesz.com\/#\/schema\/logo\/image\/"},"sameAs":["https:\/\/www.facebook.com\/Tajkertesz\/"]}]}},"_links":{"self":[{"href":"https:\/\/tajkertesz.com\/en_US\/wp-json\/wp\/v2\/product\/6273","targetHints":{"allow":["GET"]}}],"collection":[{"href":"https:\/\/tajkertesz.com\/en_US\/wp-json\/wp\/v2\/product"}],"about":[{"href":"https:\/\/tajkertesz.com\/en_US\/wp-json\/wp\/v2\/types\/product"}],"wp:featuredmedia":[{"embeddable":true,"href":"https:\/\/tajkertesz.com\/en_US\/wp-json\/wp\/v2\/media\/6276"}],"wp:attachment":[{"href":"https:\/\/tajkertesz.com\/en_US\/wp-json\/wp\/v2\/media?parent=6273"}],"wp:term":[{"taxonomy":"product_brand","embeddable":true,"href":"https:\/\/tajkertesz.com\/en_US\/wp-json\/wp\/v2\/product_brand?post=6273"},{"taxonomy":"product_cat","embeddable":true,"href":"https:\/\/tajkertesz.com\/en_US\/wp-json\/wp\/v2\/product_cat?post=6273"},{"taxonomy":"product_tag","embeddable":true,"href":"https:\/\/tajkertesz.com\/en_US\/wp-json\/wp\/v2\/product_tag?post=6273"}],"curies":[{"name":"wp","href":"https:\/\/api.w.org\/{rel}","templated":true}]}}