{"id":6313,"date":"2021-06-11T09:14:02","date_gmt":"2021-06-11T09:14:02","guid":{"rendered":"https:\/\/tajkertesz.com\/?post_type=product&#038;p=6313"},"modified":"2026-02-18T08:48:39","modified_gmt":"2026-02-18T08:48:39","slug":"digitalis-purpurea-gyuszuvirag","status":"publish","type":"product","link":"https:\/\/tajkertesz.com\/en_US\/product\/digitalis-purpurea-gyuszuvirag\/","title":{"rendered":"Digitalis purpurea \u2013 Gy\u0171sz\u0171vir\u00e1g"},"content":{"rendered":"<h1>Digitalis purpurea \u2013 Gy\u0171sz\u0171vir\u00e1g<\/h1>\n<p data-start=\"487\" data-end=\"739\">A <strong data-start=\"489\" data-end=\"525\">Digitalis purpurea (gy\u0171sz\u0171vir\u00e1g)<\/strong> impoz\u00e1ns megjelen\u00e9s\u0171, klasszikus vid\u00e9ki kertek kedvelt n\u00f6v\u00e9nye. Magas, egyenes sz\u00e1r\u00e1n sorakoz\u00f3, harang alak\u00fa vir\u00e1gai m\u00e1just\u00f3l j\u00faliusig ny\u00edlnak, \u00e9s k\u00fcl\u00f6nleges, term\u00e9szetk\u00f6zeli hangulatot k\u00f6lcs\u00f6n\u00f6znek az \u00e1gy\u00e1soknak.<\/p>\n<p data-start=\"741\" data-end=\"950\">\u00c1ltal\u00e1ban k\u00e9tny\u00e1ri n\u00f6v\u00e9ny: az els\u0151 \u00e9vben lev\u00e9lr\u00f3zs\u00e1t fejleszt, a m\u00e1sodik \u00e9vben hozza l\u00e1tv\u00e1nyos vir\u00e1gsz\u00e1r\u00e1t. F\u00e9l\u00e1rny\u00e9kos vagy napos fekv\u00e9sben fejl\u0151dik a legszebben, j\u00f3 v\u00edz\u00e1tereszt\u0151, t\u00e1panyagban gazdag talajban.<\/p>\n<h2>Digitalis purpurea felhaszn\u00e1l\u00e1sa<\/h2>\n<ul data-start=\"984\" data-end=\"1122\">\n<li data-start=\"984\" data-end=\"1018\">\n<p data-start=\"986\" data-end=\"1018\">\u00e9vel\u0151\u00e1gy\u00e1sok h\u00e1tt\u00e9rn\u00f6v\u00e9nyek\u00e9nt<\/p>\n<\/li>\n<li data-start=\"1019\" data-end=\"1045\">\n<p data-start=\"1021\" data-end=\"1045\">ker\u00edt\u00e9sek, falak mell\u00e9<\/p>\n<\/li>\n<li data-start=\"1046\" data-end=\"1088\">\n<p data-start=\"1048\" data-end=\"1088\">romantikus, angolkert jelleg\u0171 kertekbe<\/p>\n<\/li>\n<li data-start=\"1089\" data-end=\"1122\">\n<p data-start=\"1091\" data-end=\"1122\">m\u00e9h- \u00e9s beporz\u00f3bar\u00e1t kertekbe<\/p>\n<\/li>\n<\/ul>\n<p data-start=\"1124\" data-end=\"1237\">\u26a0\ufe0f Fontos: A n\u00f6v\u00e9ny minden r\u00e9sze m\u00e9rgez\u0151, ez\u00e9rt kisgyermekek \u00e9s h\u00e1zi\u00e1llatok k\u00f6zel\u00e9ben fokozott figyelmet ig\u00e9nyel.<\/p>\n<h3>Gy\u0171sz\u0171vir\u00e1g jellemz\u0151i:<\/h3>\n<ul data-start=\"1260\" data-end=\"1449\">\n<li data-start=\"1260\" data-end=\"1301\">\n<p data-start=\"1262\" data-end=\"1301\">\ud83c\udf3f N\u00f6v\u00e9ny t\u00edpusa: k\u00e9tny\u00e1ri d\u00edszn\u00f6v\u00e9ny<\/p>\n<\/li>\n<li data-start=\"1302\" data-end=\"1328\">\n<p data-start=\"1304\" data-end=\"1328\">\ud83d\udccf Magass\u00e1g: 80\u2013150 cm<\/p>\n<\/li>\n<li data-start=\"1329\" data-end=\"1360\">\n<p data-start=\"1331\" data-end=\"1360\">\ud83c\udf38 Vir\u00e1gz\u00e1s: m\u00e1jus \u2013 j\u00falius<\/p>\n<\/li>\n<li data-start=\"1361\" data-end=\"1399\">\n<p data-start=\"1363\" data-end=\"1399\">\u2600\ufe0f F\u00e9nyig\u00e9ny: napos vagy f\u00e9l\u00e1rny\u00e9k<\/p>\n<\/li>\n<li data-start=\"1400\" data-end=\"1426\">\n<p data-start=\"1402\" data-end=\"1426\">\ud83d\udca7 V\u00edzig\u00e9ny: m\u00e9rs\u00e9kelt<\/p>\n<\/li>\n<li data-start=\"1427\" data-end=\"1449\">\n<p data-start=\"1429\" data-end=\"1449\">\ud83d\udc1d M\u00e9hbar\u00e1t n\u00f6v\u00e9ny<\/p>\n<\/li>\n<\/ul>\n<p data-start=\"1451\" data-end=\"1549\">A <strong data-start=\"1453\" data-end=\"1475\">Digitalis purpurea<\/strong> k\u00fcl\u00f6nleges, eleg\u00e1ns megjelen\u00e9s\u00e9vel a kert egyik legfelt\u0171n\u0151bb d\u00edsze lehet.<\/p>\n<h4><strong>\ud83d\udd04 K\u00e9szletinform\u00e1ci\u00f3<\/strong><\/h4>\n<p><strong>K\u00e9szlet\u00fcnk napi szinten v\u00e1ltozik, \u00edgy a webshopban szerepl<\/strong><strong>\u0151<\/strong><strong>\u00a0term\u00e9kek el\u00e9rhet<\/strong><strong>\u0151<\/strong><strong>s\u00e9ge nem garant\u00e1lt.<br \/>\n\ud83d\udcde A megrendel\u00e9s el<\/strong><strong>\u0151<\/strong><strong>tt k\u00e9rj\u00fck, \u00e9rdekl<\/strong><strong>\u0151<\/strong><strong>dj\u00f6n szem\u00e9lyesen, telefonon vagy e-mailben!<\/strong><\/p>\n<h4><strong>\u27a1\ufe0f Kapcsolat:<\/strong><\/h4>\n<ul>\n<li><strong>Weboldal:\u00a0<\/strong><a href=\"https:\/\/tajkertesz.com\/\"><strong>tajkertesz.com<\/strong><\/a><\/li>\n<li><strong>Facebook:\u00a0<\/strong><a href=\"https:\/\/www.facebook.com\/tajkertesz\/\"><strong>facebook.com\/tajkertesz<\/strong><\/a><\/li>\n<li><strong>Telefonsz\u00e1m, e-mail: +36\/20-319-3770\u00a0<\/strong><a href=\"mailto:tajkerteszaruda@gmail.com\"><strong>tajkerteszaruda@gmail.com<\/strong><\/a><\/li>\n<\/ul>\n<h4><strong>\ud83d\ude9a Sz\u00e1ll\u00edt\u00e1si inform\u00e1ci\u00f3k<\/strong><\/h4>\n<p><strong>A megrendelt n\u00f6v\u00e9nyek kisz\u00e1ll\u00edt\u00e1sa az al\u00e1bbi felt\u00e9telek mellett t\u00f6rt\u00e9nik:<\/strong><\/p>\n<h4><strong>\ud83d\udce6 Fut\u00e1rszolg\u00e1latos sz\u00e1ll\u00edt\u00e1s<\/strong><\/h4>\n<ul>\n<li><strong>Maxim\u00e1lis m\u00e9ret: 200 cm (hossz\u00fas\u00e1g)<\/strong><\/li>\n<li><strong>Maxim\u00e1lis s\u00faly: 40 kg<\/strong><\/li>\n<li><strong>Az enn\u00e9l kisebb \u00e9s k\u00f6nnyebb csomagokat fut\u00e1rszolg\u00e1lattal k\u00e9zbes\u00edtj\u00fck a lehet<\/strong><strong>\u0151<\/strong><strong>\u00a0legbiztons\u00e1gosabb csomagol\u00e1sban.<\/strong><\/li>\n<\/ul>\n<h4><strong>\ud83d\udefb Szem\u00e9lyes \u00e1tv\u00e9tel<\/strong><\/h4>\n<ul>\n<li><strong>1173 Budapest, Bakancsos utca 7. sz\u00e1m alatt nyitvatart\u00e1si id<\/strong><strong>\u0151<\/strong><strong>ben szem\u00e9lyesen \u00e1tvehet<\/strong><strong>\u0151<\/strong><strong>\u00a0kert\u00e9szeti \u00e1rud\u00e1nkban.<\/strong><\/li>\n<li><strong>K\u00f6lts\u00e9ghat\u00e9kony megold\u00e1s nagyobb, t\u00f6r\u00e9kenyebb vagy t\u00falm\u00e9retes n\u00f6v\u00e9nyek eset\u00e9n.<\/strong><\/li>\n<\/ul>\n<h4><strong>\ud83d\udcde Nagy m\u00e9ret<\/strong><strong>\u0171<\/strong><strong>\u00a0vagy s\u00faly\u00fa n\u00f6v\u00e9nyek eset\u00e9n<\/strong><\/h4>\n<p><strong>Ha a term\u00e9k:<\/strong><\/p>\n<ul>\n<li><strong>meghaladja a 200 cm hossz\u00fas\u00e1got vagy<\/strong><\/li>\n<li><strong>meghaladja a 40 kg s\u00falyt,<\/strong><\/li>\n<\/ul>\n<p><strong>akkor szem\u00e9lyes \u00e1tv\u00e9tellel vagy egyedi, el<\/strong><strong>\u0151<\/strong><strong>re egyeztetett sz\u00e1ll\u00edt\u00e1si felt\u00e9telek mellett t\u00f6rt\u00e9nik.<br \/>\nK\u00e9rj\u00fck, ilyen esetben rendel\u00e9s el<\/strong><strong>\u0151<\/strong><strong>tt vegye fel vel\u00fcnk a kapcsolatot, hogy a lehet<\/strong><strong>\u0151<\/strong><strong>\u00a0legmegfelel<\/strong><strong>\u0151<\/strong><strong>bb sz\u00e1ll\u00edt\u00e1si megold\u00e1st k\u00edn\u00e1lhassuk.<\/strong><\/p>\n<p><strong>\ud83d\udd14 Fontos: A n\u00f6v\u00e9nyeket minden esetben igyeksz\u00fcnk gondosan, egyes\u00e9vel csomagolni, azonban a sz\u00e1ll\u00edt\u00e1s sor\u00e1n kisebb eszt\u00e9tikai s\u00e9r\u00fcl\u00e9sek el<\/strong><strong>\u0151<\/strong><strong>fordulhatnak (pl. lev\u00e9lhull\u00e1s). Ez nem min<\/strong><strong>\u0151<\/strong><strong>s\u00fcl hib\u00e1s teljes\u00edt\u00e9snek.<\/strong><\/p>\n<h4><strong>\ud83d\udcf7 Fontos tudni a k\u00e9pekr<\/strong><strong>\u0151<\/strong><strong>l<\/strong><\/h4>\n<p><strong>A webshopban szerepl<\/strong><strong>\u0151<\/strong><strong>\u00a0k\u00e9pek illusztr\u00e1ci\u00f3k, a n\u00f6v\u00e9nyek term\u00e9szet\u00fckn\u00e9l fogva egyediek, \u00edgy m\u00e9retben, alakban \u00e9s sz\u00ednben minim\u00e1lis elt\u00e9r\u00e9sek el<\/strong><strong>\u0151<\/strong><strong>fordulhatnak a k\u00e9pen l\u00e1that\u00f3 \u00e9s a val\u00f3s p\u00e9ld\u00e1nyok k\u00f6z\u00f6tt.<\/strong><\/p>\n<h4><strong>\ud83e\uddfe \u00c1rak \u00e9s el\u00e1ll\u00e1si jog<\/strong><\/h4>\n<ul>\n<li><strong>Az \u00e1rak egy darab\u00a0n\u00f6v\u00e9nyre vonatkoznak.<\/strong><\/li>\n<li><strong>\u00c9l<\/strong><strong>\u0151<\/strong><strong>\u00a0n\u00f6v\u00e9nyek rendel\u00e9se eset\u00e9n a 14 napos el\u00e1ll\u00e1s joga nem \u00e9rv\u00e9nyes\u00edthet<\/strong><strong>\u0151<\/strong><strong>, mivel azok romland\u00f3, biol\u00f3giailag \u00e9l<\/strong><strong>\u0151<\/strong><strong>\u00a0term\u00e9keknek min<\/strong><strong>\u0151<\/strong><strong>s\u00fclnek.<br \/>\n\ud83d\udd12 (17\/1999. (II. 5.) Korm. rendelet 5. \u00a7 c) pontja alapj\u00e1n)<\/strong><\/li>\n<\/ul>\n<h4><strong>\ud83d\udce6 K\u00e9zbes\u00edt\u00e9s ut\u00e1ni teend<\/strong><strong>\u0151<\/strong><strong>k<\/strong><\/h4>\n<p><strong>A k\u00e9zbes\u00edt\u00e9st k\u00f6vet<\/strong><strong>\u0151<\/strong><strong>en a csomagot azonnal bontsuk ki, \u00e9s a n\u00f6v\u00e9nyt helyezz\u00fck el megfelel<\/strong><strong>\u0151<\/strong><strong>\u00a0k\u00f6rnyezetben.<br \/>\nFontos: ha a n\u00f6v\u00e9ny nem r\u00e9szes\u00fcl megfelel<\/strong><strong>\u0151<\/strong><strong>\u00a0gondoz\u00e1sban \u00e9s ennek k\u00f6vetkezt\u00e9ben k\u00e1rosodik vagy elpusztul, felel<\/strong><strong>\u0151<\/strong><strong>ss\u00e9get nem tudunk v\u00e1llalni.<\/strong><\/p>","protected":false},"excerpt":{"rendered":"<p>A <strong data-start=\"236\" data-end=\"258\">Digitalis purpurea<\/strong>, k\u00f6zismert nev\u00e9n gy\u0171sz\u0171vir\u00e1g, l\u00e1tv\u00e1nyos, magas n\u00f6veked\u00e9s\u0171, k\u00e9tny\u00e1ri d\u00edszn\u00f6v\u00e9ny. Harang alak\u00fa, r\u00f3zsasz\u00edn vagy lil\u00e1s vir\u00e1gai eleg\u00e1ns, romantikus hangulatot teremtenek a kertben.<\/p>\n<p>M\u00e9rete: 14 cm-es cser\u00e9pben.<\/p>","protected":false},"featured_media":6316,"template":"","meta":{"_et_pb_use_builder":"","_et_pb_old_content":"","_et_gb_content_width":""},"product_brand":[],"product_cat":[433],"product_tag":[7960,7956,7961,7957,7963,7958,6291,7959,6110,5930,5934,7962],"class_list":{"0":"post-6313","1":"product","2":"type-product","3":"status-publish","4":"has-post-thumbnail","6":"product_cat-evelo-novenyek","7":"product_tag-angolkerti-noveny","8":"product_tag-digitalis-purpurea","9":"product_tag-felarnyekos-noveny","10":"product_tag-gyuszuvirag","11":"product_tag-hatternoveny","12":"product_tag-ketnyari-noveny","13":"product_tag-lila-virag","14":"product_tag-magas-disznoveny","15":"product_tag-mehbarat-noveny","16":"product_tag-romantikus-kert","17":"product_tag-rozsaszin-virag","18":"product_tag-viragzo-disznoveny","20":"first","21":"instock","22":"shipping-taxable","23":"purchasable","24":"product-type-simple"},"yoast_head":"<!-- This site is optimized with the Yoast SEO plugin v27.3 - https:\/\/yoast.com\/product\/yoast-seo-wordpress\/ -->\n<title>Digitalis purpurea \u2013 Gy\u0171sz\u0171vir\u00e1g - T\u00e1jkert\u00e9sz<\/title>\n<meta name=\"description\" content=\"Digitalis purpurea \u2013 Gy\u0171sz\u0171vir\u00e1g magas, l\u00e1tv\u00e1nyos k\u00e9tny\u00e1ri n\u00f6v\u00e9ny r\u00f3zsasz\u00edn harangvir\u00e1gokkal. Ide\u00e1lis angolkertbe \u00e9s \u00e9vel\u0151\u00e1gy\u00e1sok h\u00e1tt\u00e9rn\u00f6v\u00e9ny\u00e9nek.\" \/>\n<meta name=\"robots\" content=\"index, follow, max-snippet:-1, max-image-preview:large, max-video-preview:-1\" \/>\n<link rel=\"canonical\" href=\"https:\/\/tajkertesz.com\/en_US\/product\/digitalis-purpurea-gyuszuvirag\/\" \/>\n<meta property=\"og:locale\" content=\"en_US\" \/>\n<meta property=\"og:type\" content=\"article\" \/>\n<meta property=\"og:title\" content=\"Digitalis purpurea \u2013 Gy\u0171sz\u0171vir\u00e1g - T\u00e1jkert\u00e9sz\" \/>\n<meta property=\"og:description\" content=\"Digitalis purpurea \u2013 Gy\u0171sz\u0171vir\u00e1g magas, l\u00e1tv\u00e1nyos k\u00e9tny\u00e1ri n\u00f6v\u00e9ny r\u00f3zsasz\u00edn harangvir\u00e1gokkal. Ide\u00e1lis angolkertbe \u00e9s \u00e9vel\u0151\u00e1gy\u00e1sok h\u00e1tt\u00e9rn\u00f6v\u00e9ny\u00e9nek.\" \/>\n<meta property=\"og:url\" content=\"https:\/\/tajkertesz.com\/en_US\/product\/digitalis-purpurea-gyuszuvirag\/\" \/>\n<meta property=\"og:site_name\" content=\"T\u00e1jkert\u00e9sz\" \/>\n<meta property=\"article:publisher\" content=\"https:\/\/www.facebook.com\/Tajkertesz\/\" \/>\n<meta property=\"article:modified_time\" content=\"2026-02-18T08:48:39+00:00\" \/>\n<meta property=\"og:image\" content=\"https:\/\/tajkertesz.com\/wp-content\/uploads\/2021\/06\/IMG_20210611_092813.jpg\" \/>\n\t<meta property=\"og:image:width\" content=\"443\" \/>\n\t<meta property=\"og:image:height\" content=\"480\" \/>\n\t<meta property=\"og:image:type\" content=\"image\/jpeg\" \/>\n<meta name=\"twitter:card\" content=\"summary_large_image\" \/>\n<meta name=\"twitter:label1\" content=\"Est. reading time\" \/>\n\t<meta name=\"twitter:data1\" content=\"3 minutes\" \/>\n<script type=\"application\/ld+json\" class=\"yoast-schema-graph\">{\"@context\":\"https:\\\/\\\/schema.org\",\"@graph\":[{\"@type\":\"WebPage\",\"@id\":\"https:\\\/\\\/tajkertesz.com\\\/termek\\\/digitalis-purpurea-gyuszuvirag\\\/\",\"url\":\"https:\\\/\\\/tajkertesz.com\\\/termek\\\/digitalis-purpurea-gyuszuvirag\\\/\",\"name\":\"Digitalis purpurea \u2013 Gy\u0171sz\u0171vir\u00e1g - T\u00e1jkert\u00e9sz\",\"isPartOf\":{\"@id\":\"https:\\\/\\\/tajkertesz.com\\\/#website\"},\"primaryImageOfPage\":{\"@id\":\"https:\\\/\\\/tajkertesz.com\\\/termek\\\/digitalis-purpurea-gyuszuvirag\\\/#primaryimage\"},\"image\":{\"@id\":\"https:\\\/\\\/tajkertesz.com\\\/termek\\\/digitalis-purpurea-gyuszuvirag\\\/#primaryimage\"},\"thumbnailUrl\":\"https:\\\/\\\/tajkertesz.com\\\/wp-content\\\/uploads\\\/2021\\\/06\\\/IMG_20210611_092813.jpg\",\"datePublished\":\"2021-06-11T09:14:02+00:00\",\"dateModified\":\"2026-02-18T08:48:39+00:00\",\"description\":\"Digitalis purpurea \u2013 Gy\u0171sz\u0171vir\u00e1g magas, l\u00e1tv\u00e1nyos k\u00e9tny\u00e1ri n\u00f6v\u00e9ny r\u00f3zsasz\u00edn harangvir\u00e1gokkal. Ide\u00e1lis angolkertbe \u00e9s \u00e9vel\u0151\u00e1gy\u00e1sok h\u00e1tt\u00e9rn\u00f6v\u00e9ny\u00e9nek.\",\"breadcrumb\":{\"@id\":\"https:\\\/\\\/tajkertesz.com\\\/termek\\\/digitalis-purpurea-gyuszuvirag\\\/#breadcrumb\"},\"inLanguage\":\"en-US\",\"potentialAction\":[{\"@type\":\"ReadAction\",\"target\":[\"https:\\\/\\\/tajkertesz.com\\\/termek\\\/digitalis-purpurea-gyuszuvirag\\\/\"]}]},{\"@type\":\"ImageObject\",\"inLanguage\":\"en-US\",\"@id\":\"https:\\\/\\\/tajkertesz.com\\\/termek\\\/digitalis-purpurea-gyuszuvirag\\\/#primaryimage\",\"url\":\"https:\\\/\\\/tajkertesz.com\\\/wp-content\\\/uploads\\\/2021\\\/06\\\/IMG_20210611_092813.jpg\",\"contentUrl\":\"https:\\\/\\\/tajkertesz.com\\\/wp-content\\\/uploads\\\/2021\\\/06\\\/IMG_20210611_092813.jpg\",\"width\":443,\"height\":480,\"caption\":\"Digitalis purpurea \u2013 Gy\u0171sz\u0171vir\u00e1g\"},{\"@type\":\"BreadcrumbList\",\"@id\":\"https:\\\/\\\/tajkertesz.com\\\/termek\\\/digitalis-purpurea-gyuszuvirag\\\/#breadcrumb\",\"itemListElement\":[{\"@type\":\"ListItem\",\"position\":1,\"name\":\"Home\",\"item\":\"https:\\\/\\\/tajkertesz.com\\\/\"},{\"@type\":\"ListItem\",\"position\":2,\"name\":\"Kezd\u0151lap\",\"item\":\"https:\\\/\\\/tajkertesz.com\\\/\"},{\"@type\":\"ListItem\",\"position\":3,\"name\":\"Digitalis purpurea \u2013 Gy\u0171sz\u0171vir\u00e1g\"}]},{\"@type\":\"WebSite\",\"@id\":\"https:\\\/\\\/tajkertesz.com\\\/#website\",\"url\":\"https:\\\/\\\/tajkertesz.com\\\/\",\"name\":\"T\u00e1j-Kert\u00e9sz 84 Kft.\",\"description\":\"Kert\u00e9szeti kis- \u00e9s nagykeresked\u00e9s, D\u00edszn\u00f6v\u00e9ny web\u00e1ruh\u00e1z orsz\u00e1gos h\u00e1zhozsz\u00e1ll\u00edt\u00e1ssal!\",\"publisher\":{\"@id\":\"https:\\\/\\\/tajkertesz.com\\\/#organization\"},\"potentialAction\":[{\"@type\":\"SearchAction\",\"target\":{\"@type\":\"EntryPoint\",\"urlTemplate\":\"https:\\\/\\\/tajkertesz.com\\\/?s={search_term_string}\"},\"query-input\":{\"@type\":\"PropertyValueSpecification\",\"valueRequired\":true,\"valueName\":\"search_term_string\"}}],\"inLanguage\":\"en-US\"},{\"@type\":\"Organization\",\"@id\":\"https:\\\/\\\/tajkertesz.com\\\/#organization\",\"name\":\"T\u00e1j-Kert\u00e9sz 84 Kft.\",\"url\":\"https:\\\/\\\/tajkertesz.com\\\/\",\"logo\":{\"@type\":\"ImageObject\",\"inLanguage\":\"en-US\",\"@id\":\"https:\\\/\\\/tajkertesz.com\\\/#\\\/schema\\\/logo\\\/image\\\/\",\"url\":\"https:\\\/\\\/tajkertesz.com\\\/wp-content\\\/uploads\\\/2018\\\/02\\\/logo-2-e1518678052539.png\",\"contentUrl\":\"https:\\\/\\\/tajkertesz.com\\\/wp-content\\\/uploads\\\/2018\\\/02\\\/logo-2-e1518678052539.png\",\"width\":81,\"height\":140,\"caption\":\"T\u00e1j-Kert\u00e9sz 84 Kft.\"},\"image\":{\"@id\":\"https:\\\/\\\/tajkertesz.com\\\/#\\\/schema\\\/logo\\\/image\\\/\"},\"sameAs\":[\"https:\\\/\\\/www.facebook.com\\\/Tajkertesz\\\/\"]}]}<\/script>\n<!-- \/ Yoast SEO plugin. -->","yoast_head_json":{"title":"Digitalis purpurea \u2013 Gy\u0171sz\u0171vir\u00e1g - T\u00e1jkert\u00e9sz","description":"Digitalis purpurea \u2013 Gy\u0171sz\u0171vir\u00e1g magas, l\u00e1tv\u00e1nyos k\u00e9tny\u00e1ri n\u00f6v\u00e9ny r\u00f3zsasz\u00edn harangvir\u00e1gokkal. Ide\u00e1lis angolkertbe \u00e9s \u00e9vel\u0151\u00e1gy\u00e1sok h\u00e1tt\u00e9rn\u00f6v\u00e9ny\u00e9nek.","robots":{"index":"index","follow":"follow","max-snippet":"max-snippet:-1","max-image-preview":"max-image-preview:large","max-video-preview":"max-video-preview:-1"},"canonical":"https:\/\/tajkertesz.com\/en_US\/product\/digitalis-purpurea-gyuszuvirag\/","og_locale":"en_US","og_type":"article","og_title":"Digitalis purpurea \u2013 Gy\u0171sz\u0171vir\u00e1g - T\u00e1jkert\u00e9sz","og_description":"Digitalis purpurea \u2013 Gy\u0171sz\u0171vir\u00e1g magas, l\u00e1tv\u00e1nyos k\u00e9tny\u00e1ri n\u00f6v\u00e9ny r\u00f3zsasz\u00edn harangvir\u00e1gokkal. Ide\u00e1lis angolkertbe \u00e9s \u00e9vel\u0151\u00e1gy\u00e1sok h\u00e1tt\u00e9rn\u00f6v\u00e9ny\u00e9nek.","og_url":"https:\/\/tajkertesz.com\/en_US\/product\/digitalis-purpurea-gyuszuvirag\/","og_site_name":"T\u00e1jkert\u00e9sz","article_publisher":"https:\/\/www.facebook.com\/Tajkertesz\/","article_modified_time":"2026-02-18T08:48:39+00:00","og_image":[{"width":443,"height":480,"url":"https:\/\/tajkertesz.com\/wp-content\/uploads\/2021\/06\/IMG_20210611_092813.jpg","type":"image\/jpeg"}],"twitter_card":"summary_large_image","twitter_misc":{"Est. reading time":"3 minutes"},"schema":{"@context":"https:\/\/schema.org","@graph":[{"@type":"WebPage","@id":"https:\/\/tajkertesz.com\/termek\/digitalis-purpurea-gyuszuvirag\/","url":"https:\/\/tajkertesz.com\/termek\/digitalis-purpurea-gyuszuvirag\/","name":"Digitalis purpurea \u2013 Gy\u0171sz\u0171vir\u00e1g - T\u00e1jkert\u00e9sz","isPartOf":{"@id":"https:\/\/tajkertesz.com\/#website"},"primaryImageOfPage":{"@id":"https:\/\/tajkertesz.com\/termek\/digitalis-purpurea-gyuszuvirag\/#primaryimage"},"image":{"@id":"https:\/\/tajkertesz.com\/termek\/digitalis-purpurea-gyuszuvirag\/#primaryimage"},"thumbnailUrl":"https:\/\/tajkertesz.com\/wp-content\/uploads\/2021\/06\/IMG_20210611_092813.jpg","datePublished":"2021-06-11T09:14:02+00:00","dateModified":"2026-02-18T08:48:39+00:00","description":"Digitalis purpurea \u2013 Gy\u0171sz\u0171vir\u00e1g magas, l\u00e1tv\u00e1nyos k\u00e9tny\u00e1ri n\u00f6v\u00e9ny r\u00f3zsasz\u00edn harangvir\u00e1gokkal. Ide\u00e1lis angolkertbe \u00e9s \u00e9vel\u0151\u00e1gy\u00e1sok h\u00e1tt\u00e9rn\u00f6v\u00e9ny\u00e9nek.","breadcrumb":{"@id":"https:\/\/tajkertesz.com\/termek\/digitalis-purpurea-gyuszuvirag\/#breadcrumb"},"inLanguage":"en-US","potentialAction":[{"@type":"ReadAction","target":["https:\/\/tajkertesz.com\/termek\/digitalis-purpurea-gyuszuvirag\/"]}]},{"@type":"ImageObject","inLanguage":"en-US","@id":"https:\/\/tajkertesz.com\/termek\/digitalis-purpurea-gyuszuvirag\/#primaryimage","url":"https:\/\/tajkertesz.com\/wp-content\/uploads\/2021\/06\/IMG_20210611_092813.jpg","contentUrl":"https:\/\/tajkertesz.com\/wp-content\/uploads\/2021\/06\/IMG_20210611_092813.jpg","width":443,"height":480,"caption":"Digitalis purpurea \u2013 Gy\u0171sz\u0171vir\u00e1g"},{"@type":"BreadcrumbList","@id":"https:\/\/tajkertesz.com\/termek\/digitalis-purpurea-gyuszuvirag\/#breadcrumb","itemListElement":[{"@type":"ListItem","position":1,"name":"Home","item":"https:\/\/tajkertesz.com\/"},{"@type":"ListItem","position":2,"name":"Kezd\u0151lap","item":"https:\/\/tajkertesz.com\/"},{"@type":"ListItem","position":3,"name":"Digitalis purpurea \u2013 Gy\u0171sz\u0171vir\u00e1g"}]},{"@type":"WebSite","@id":"https:\/\/tajkertesz.com\/#website","url":"https:\/\/tajkertesz.com\/","name":"T\u00e1j-Kert\u00e9sz 84 Kft.","description":"Kert\u00e9szeti kis- \u00e9s nagykeresked\u00e9s, D\u00edszn\u00f6v\u00e9ny web\u00e1ruh\u00e1z orsz\u00e1gos h\u00e1zhozsz\u00e1ll\u00edt\u00e1ssal!","publisher":{"@id":"https:\/\/tajkertesz.com\/#organization"},"potentialAction":[{"@type":"SearchAction","target":{"@type":"EntryPoint","urlTemplate":"https:\/\/tajkertesz.com\/?s={search_term_string}"},"query-input":{"@type":"PropertyValueSpecification","valueRequired":true,"valueName":"search_term_string"}}],"inLanguage":"en-US"},{"@type":"Organization","@id":"https:\/\/tajkertesz.com\/#organization","name":"T\u00e1j-Kert\u00e9sz 84 Kft.","url":"https:\/\/tajkertesz.com\/","logo":{"@type":"ImageObject","inLanguage":"en-US","@id":"https:\/\/tajkertesz.com\/#\/schema\/logo\/image\/","url":"https:\/\/tajkertesz.com\/wp-content\/uploads\/2018\/02\/logo-2-e1518678052539.png","contentUrl":"https:\/\/tajkertesz.com\/wp-content\/uploads\/2018\/02\/logo-2-e1518678052539.png","width":81,"height":140,"caption":"T\u00e1j-Kert\u00e9sz 84 Kft."},"image":{"@id":"https:\/\/tajkertesz.com\/#\/schema\/logo\/image\/"},"sameAs":["https:\/\/www.facebook.com\/Tajkertesz\/"]}]}},"_links":{"self":[{"href":"https:\/\/tajkertesz.com\/en_US\/wp-json\/wp\/v2\/product\/6313","targetHints":{"allow":["GET"]}}],"collection":[{"href":"https:\/\/tajkertesz.com\/en_US\/wp-json\/wp\/v2\/product"}],"about":[{"href":"https:\/\/tajkertesz.com\/en_US\/wp-json\/wp\/v2\/types\/product"}],"wp:featuredmedia":[{"embeddable":true,"href":"https:\/\/tajkertesz.com\/en_US\/wp-json\/wp\/v2\/media\/6316"}],"wp:attachment":[{"href":"https:\/\/tajkertesz.com\/en_US\/wp-json\/wp\/v2\/media?parent=6313"}],"wp:term":[{"taxonomy":"product_brand","embeddable":true,"href":"https:\/\/tajkertesz.com\/en_US\/wp-json\/wp\/v2\/product_brand?post=6313"},{"taxonomy":"product_cat","embeddable":true,"href":"https:\/\/tajkertesz.com\/en_US\/wp-json\/wp\/v2\/product_cat?post=6313"},{"taxonomy":"product_tag","embeddable":true,"href":"https:\/\/tajkertesz.com\/en_US\/wp-json\/wp\/v2\/product_tag?post=6313"}],"curies":[{"name":"wp","href":"https:\/\/api.w.org\/{rel}","templated":true}]}}