{"id":6343,"date":"2021-06-11T10:54:32","date_gmt":"2021-06-11T10:54:32","guid":{"rendered":"https:\/\/tajkertesz.com\/?post_type=product&#038;p=6343"},"modified":"2025-04-25T11:34:24","modified_gmt":"2025-04-25T11:34:24","slug":"acer-palmatum-orange-dream-japan-juhar","status":"publish","type":"product","link":"https:\/\/tajkertesz.com\/en_US\/product\/acer-palmatum-orange-dream-japan-juhar\/","title":{"rendered":"Acer palmatum &#8216;Orange Dream&#8217; &#8211; Jap\u00e1n juhar"},"content":{"rendered":"<h3 class=\"LC20lb DKV0Md\">Acer palmatum &#8216;Orange Dream&#8217; &#8211; Jap\u00e1n juhar<\/h3>\n<p class=\"LC20lb DKV0Md\">Acer palmatum &#8216;Orange Dream&#8217; &#8211; Jap\u00e1n juhar s\u00e1rg\u00e1sz\u00f6ld level\u0171, sz\u00e9p lombsz\u00edn\u00e9vel d\u00edsz\u00edt lombfakad\u00e1st\u00f3l lombhull\u00e1sig. 3-4 m\u00e9ter magasra megn\u00f6v\u0151, lass\u00fa n\u00f6veked\u00e9s\u0171, t\u00f6bbnyire szab\u00e1lytalan form\u00e1j\u00fa lombhullat\u00f3 kis fa vagy bokor. Levelei kar\u00e9josan szeldeltek, tavasszal s\u00e1rg\u00e1s, ny\u00e1ron z\u00f6ldes s\u00e1rg\u00e1s, \u0151sszel narancss\u00e1rg\u00e1s- narancs pirosasra sz\u00ednez\u0151dik. Apr\u00f3 v\u00f6r\u00f6se-lila vir\u00e1gai \u00e1prilis, m\u00e1jusban ny\u00edlnak melyekb\u0151l pirosas sz\u00e1rnyas term\u00e9s \u00e9rlel\u0151dik. A juharok kedvelik a reggeli napot \u00e9s a d\u00e9lut\u00e1ni \u00e1rny\u00e9kot, teljes naps\u00fct\u00e9ses helyen, megfelel\u0151 \u00f6nt\u00f6z\u00e9s mellett marad sz\u00e9p. Kedveli a p\u00e1r\u00e1s k\u00f6rnyezetet.<\/p>\n<p>&nbsp;<\/p>\n<p>Jelen term\u00e9k\u00fcnk 3 literes cser\u00e9pben kaphat\u00f3 \u00e9s kb. 20-30 cm<\/p>\n<p><a href=\"https:\/\/tajkertesz.com\/\">https:\/\/tajkertesz.com\/<\/a><\/p>\n<p><a href=\"https:\/\/www.facebook.com\/tajkertesz\">https:\/\/www.facebook.com\/tajkertesz<\/a><\/p>\n<h3><\/h3>\n<div class=\"thumb tright\">\n<div class=\"thumbinner\"><\/div>\n<\/div>\n<p><span style=\"color: #ffffff;\">4-6 m\u00e9ter magas, lass\u00fa n\u00f6veked\u00e9s\u0171 kis fa, vagy bokor. A levelei m\u00e9lyen \u00f6tkar\u00e9josak, kihajt\u00e1st\u00f3l a lombhull\u00e1sig s\u00f6t\u00e9tv\u00f6r\u00f6s sz\u00edn\u0171ek. Koron\u00e1ja erny\u0151 form\u00e1j\u00fa, t\u00f6bbnyire szab\u00e1lytalan.\u00a0Az agyagos, homokos talajt kedveli. Napra, vagy f\u00e9l\u00e1rny\u00e9kba \u00fcltess\u00fck. Nagy melegben sok vizet ig\u00e9nyel, szereti a p\u00e1rad\u00fas k\u00f6rnyezetet.<\/span><\/p>\n<p><span style=\"color: #ffffff;\"><b>N\u00f6veked\u00e9s, alak:<\/b>\u00a03-5 m magas bokor vagy kis fa. Vessz\u0151i v\u00e9konyak, t\u00f6bbnyire \u00e9l\u00e9nkpirosak.<\/span><br \/>\n<span style=\"color: #ffffff;\"><b>Lev\u00e9l:<\/b>\u00a0Levelei lombfakad\u00e1skor v\u00f6r\u00f6sek, k\u00e9s\u0151bb z\u00f6ld sz\u00edn\u0171ek. \u0150szi lombsz\u00edne \u00e9l\u00e9nkv\u00f6r\u00f6s.<\/span><br \/>\n<span style=\"color: #ffffff;\"><b>Vir\u00e1g:<\/b>\u00a0Vir\u00e1gai apr\u00f3k, b\u00edbor sz\u00edn\u0171ek, j\u00faniusban ny\u00edlnak.<\/span><br \/>\n<span style=\"color: #ffffff;\"><b>Term\u00e9s:<\/b>\u00a0Van, de jelent\u00e9ktelen.<\/span><br \/>\n<span style=\"color: #ffffff;\"><b>Term\u0151hely, ig\u00e9ny:<\/b>\u00a0\u00dcde, t\u00e1pd\u00fas, m\u00e9szmentes talajba, f\u00e9l\u00e1rny\u00e9kos helyre \u00fcltess\u00fck.<\/span><br \/>\n<span style=\"color: #ffffff;\"><b>Felhaszn\u00e1l\u00e1s:<\/b>\u00a0Szoliterk\u00e9nt parkokba, kertekbe.<\/span><\/p>\n<p><span style=\"color: #ffffff;\"><strong>A jap\u00e1n juhar, ujjas juhar (Acer palmatum) kb. 4m\u00e9teres magass\u00e1got el\u00e9r\u0151 \u00c1zsi\u00e1b\u00f3l sz\u00e1rmaz\u00f3 kistermet\u0171 lombhullat\u00f3 fa,<\/strong>\u00a0mely sz\u00e9p f\u00e9lg\u00f6mbszer\u0171, vagy szab\u00e1lytalan koron\u00e1j\u00e1val, valamint sz\u00ednpomp\u00e1s lev\u00e9lzet\u00e9vel d\u00edsz\u00edt.<\/span><\/p>\n<p><span style=\"color: #ffffff;\"><strong>Lev\u00e9lzet\u00e9t a fajt\u00e1t\u00f3l f\u00fcgg\u0151en, z\u00f6ld, s\u00e1rga, vagy lila sz\u00edn\u0171 kar\u00e9jos, szeldelt levelek alkotj\u00e1k, melyek a k\u00fcl\u00f6nb\u00f6z\u0151 \u00e9vszakokban, m\u00e1s-m\u00e1s sz\u00ednben j\u00e1tszanak.<\/strong>\u00a0J\u00f3l mutat kisebb kertekben, el\u0151kertekben, \u00e1zsiai st\u00edlus\u00fa jap\u00e1nkertekben, valamint bonsai nevel\u00e9s\u00e9re is alkalmas.<\/span><\/p>\n<p><span style=\"color: #ffffff;\">A jap\u00e1n juhar gondoz\u00e1sa odafigyel\u00e9st ig\u00e9nyel, mivel f\u0151leg\u00a0<strong>a kiss\u00e9 nedves \u00e9s p\u00e1r\u00e1s, nem t\u0171z\u0151 napos k\u00f6rnyezetet kedveli.<\/strong>\u00a0\u00dcltet\u00e9si hely\u00e9\u00fcl, vil\u00e1gos, vagy f\u00e9l\u00e1rny\u00e9kos helyet keress\u00fcnk.<\/span><\/p>","protected":false},"excerpt":{"rendered":"<h3 class=\"LC20lb DKV0Md\">Acer palmatum &#8216;Orange Dream&#8217; &#8211; Jap\u00e1n juhar<\/h3>\n<p class=\"LC20lb DKV0Md\">Acer palmatum &#8216;Orange Dream&#8217; &#8211; Jap\u00e1n juhar s\u00e1rg\u00e1sz\u00f6ld level\u0171, sz\u00e9p lombsz\u00edn\u00e9vel d\u00edsz\u00edt lombfakad\u00e1st\u00f3l lombhull\u00e1sig. 3-4 m\u00e9ter magasra megn\u00f6v\u0151, lass\u00fa n\u00f6veked\u00e9s\u0171, t\u00f6bbnyire szab\u00e1lytalan form\u00e1j\u00fa lombhullat\u00f3 kis fa vagy bokor. Levelei kar\u00e9josan szeldeltek, tavasszal s\u00e1rg\u00e1s, ny\u00e1ron z\u00f6ldes s\u00e1rg\u00e1s, \u0151sszel narancss\u00e1rg\u00e1s- narancs pirosasra sz\u00ednez\u0151dik. Apr\u00f3 v\u00f6r\u00f6se-lila vir\u00e1gai \u00e1prilis, m\u00e1jusban ny\u00edlnak melyekb\u0151l pirosas sz\u00e1rnyas term\u00e9s \u00e9rlel\u0151dik. A juharok kedvelik a reggeli napot \u00e9s a d\u00e9lut\u00e1ni \u00e1rny\u00e9kot, teljes naps\u00fct\u00e9ses helyen, megfelel\u0151 \u00f6nt\u00f6z\u00e9s mellett marad sz\u00e9p. Kedveli a p\u00e1r\u00e1s k\u00f6rnyezetet.<\/p>","protected":false},"featured_media":6344,"template":"","meta":{"_et_pb_use_builder":"","_et_pb_old_content":"","_et_gb_content_width":""},"product_brand":[],"product_cat":[28],"product_tag":[1832],"class_list":{"0":"post-6343","1":"product","2":"type-product","3":"status-publish","4":"has-post-thumbnail","6":"product_cat-diszfak","7":"product_tag-japan-juhar-orange-dream-acer-palmatum","9":"first","10":"outofstock","11":"shipping-taxable","12":"product-type-simple"},"yoast_head":"<!-- This site is optimized with the Yoast SEO plugin v27.3 - https:\/\/yoast.com\/product\/yoast-seo-wordpress\/ -->\n<title>Acer palmatum &#039;Orange Dream&#039; - Jap\u00e1n juhar - T\u00e1jkert\u00e9sz<\/title>\n<meta name=\"description\" content=\"Acer palmatum &#039;Orange Dream&#039; - Jap\u00e1n juhar s\u00e1rg\u00e1sz\u00f6ld level\u0171 jap\u00e1n juhar sz\u00e9p lombsz\u00edn\u00e9vel d\u00edsz\u00edt lombfakad\u00e1st\u00f3l lombhull\u00e1sig.\" \/>\n<meta name=\"robots\" content=\"index, follow, max-snippet:-1, max-image-preview:large, max-video-preview:-1\" \/>\n<link rel=\"canonical\" href=\"https:\/\/tajkertesz.com\/en_US\/product\/acer-palmatum-orange-dream-japan-juhar\/\" \/>\n<meta property=\"og:locale\" content=\"en_US\" \/>\n<meta property=\"og:type\" content=\"article\" \/>\n<meta property=\"og:title\" content=\"Acer palmatum &#039;Orange Dream&#039; - Jap\u00e1n juhar - T\u00e1jkert\u00e9sz\" \/>\n<meta property=\"og:description\" content=\"Acer palmatum &#039;Orange Dream&#039; - Jap\u00e1n juhar s\u00e1rg\u00e1sz\u00f6ld level\u0171 jap\u00e1n juhar sz\u00e9p lombsz\u00edn\u00e9vel d\u00edsz\u00edt lombfakad\u00e1st\u00f3l lombhull\u00e1sig.\" \/>\n<meta property=\"og:url\" content=\"https:\/\/tajkertesz.com\/en_US\/product\/acer-palmatum-orange-dream-japan-juhar\/\" \/>\n<meta property=\"og:site_name\" content=\"T\u00e1jkert\u00e9sz\" \/>\n<meta property=\"article:publisher\" content=\"https:\/\/www.facebook.com\/Tajkertesz\/\" \/>\n<meta property=\"article:modified_time\" content=\"2025-04-25T11:34:24+00:00\" \/>\n<meta property=\"og:image\" content=\"https:\/\/tajkertesz.com\/wp-content\/uploads\/2021\/06\/IMG_20210611_115452.jpg\" \/>\n\t<meta property=\"og:image:width\" content=\"341\" \/>\n\t<meta property=\"og:image:height\" content=\"480\" \/>\n\t<meta property=\"og:image:type\" content=\"image\/jpeg\" \/>\n<meta name=\"twitter:card\" content=\"summary_large_image\" \/>\n<meta name=\"twitter:label1\" content=\"Est. reading time\" \/>\n\t<meta name=\"twitter:data1\" content=\"2 minutes\" \/>\n<script type=\"application\/ld+json\" class=\"yoast-schema-graph\">{\"@context\":\"https:\\\/\\\/schema.org\",\"@graph\":[{\"@type\":\"WebPage\",\"@id\":\"https:\\\/\\\/tajkertesz.com\\\/termek\\\/acer-palmatum-orange-dream-japan-juhar\\\/\",\"url\":\"https:\\\/\\\/tajkertesz.com\\\/termek\\\/acer-palmatum-orange-dream-japan-juhar\\\/\",\"name\":\"Acer palmatum 'Orange Dream' - Jap\u00e1n juhar - T\u00e1jkert\u00e9sz\",\"isPartOf\":{\"@id\":\"https:\\\/\\\/tajkertesz.com\\\/#website\"},\"primaryImageOfPage\":{\"@id\":\"https:\\\/\\\/tajkertesz.com\\\/termek\\\/acer-palmatum-orange-dream-japan-juhar\\\/#primaryimage\"},\"image\":{\"@id\":\"https:\\\/\\\/tajkertesz.com\\\/termek\\\/acer-palmatum-orange-dream-japan-juhar\\\/#primaryimage\"},\"thumbnailUrl\":\"https:\\\/\\\/tajkertesz.com\\\/wp-content\\\/uploads\\\/2021\\\/06\\\/IMG_20210611_115452.jpg\",\"datePublished\":\"2021-06-11T10:54:32+00:00\",\"dateModified\":\"2025-04-25T11:34:24+00:00\",\"description\":\"Acer palmatum 'Orange Dream' - Jap\u00e1n juhar s\u00e1rg\u00e1sz\u00f6ld level\u0171 jap\u00e1n juhar sz\u00e9p lombsz\u00edn\u00e9vel d\u00edsz\u00edt lombfakad\u00e1st\u00f3l lombhull\u00e1sig.\",\"breadcrumb\":{\"@id\":\"https:\\\/\\\/tajkertesz.com\\\/termek\\\/acer-palmatum-orange-dream-japan-juhar\\\/#breadcrumb\"},\"inLanguage\":\"en-US\",\"potentialAction\":[{\"@type\":\"ReadAction\",\"target\":[\"https:\\\/\\\/tajkertesz.com\\\/termek\\\/acer-palmatum-orange-dream-japan-juhar\\\/\"]}]},{\"@type\":\"ImageObject\",\"inLanguage\":\"en-US\",\"@id\":\"https:\\\/\\\/tajkertesz.com\\\/termek\\\/acer-palmatum-orange-dream-japan-juhar\\\/#primaryimage\",\"url\":\"https:\\\/\\\/tajkertesz.com\\\/wp-content\\\/uploads\\\/2021\\\/06\\\/IMG_20210611_115452.jpg\",\"contentUrl\":\"https:\\\/\\\/tajkertesz.com\\\/wp-content\\\/uploads\\\/2021\\\/06\\\/IMG_20210611_115452.jpg\",\"width\":341,\"height\":480,\"caption\":\"hdr\"},{\"@type\":\"BreadcrumbList\",\"@id\":\"https:\\\/\\\/tajkertesz.com\\\/termek\\\/acer-palmatum-orange-dream-japan-juhar\\\/#breadcrumb\",\"itemListElement\":[{\"@type\":\"ListItem\",\"position\":1,\"name\":\"Home\",\"item\":\"https:\\\/\\\/tajkertesz.com\\\/\"},{\"@type\":\"ListItem\",\"position\":2,\"name\":\"Kezd\u0151lap\",\"item\":\"https:\\\/\\\/tajkertesz.com\\\/\"},{\"@type\":\"ListItem\",\"position\":3,\"name\":\"Acer palmatum &#8216;Orange Dream&#8217; &#8211; Jap\u00e1n juhar\"}]},{\"@type\":\"WebSite\",\"@id\":\"https:\\\/\\\/tajkertesz.com\\\/#website\",\"url\":\"https:\\\/\\\/tajkertesz.com\\\/\",\"name\":\"T\u00e1j-Kert\u00e9sz 84 Kft.\",\"description\":\"Kert\u00e9szeti kis- \u00e9s nagykeresked\u00e9s, D\u00edszn\u00f6v\u00e9ny web\u00e1ruh\u00e1z orsz\u00e1gos h\u00e1zhozsz\u00e1ll\u00edt\u00e1ssal!\",\"publisher\":{\"@id\":\"https:\\\/\\\/tajkertesz.com\\\/#organization\"},\"potentialAction\":[{\"@type\":\"SearchAction\",\"target\":{\"@type\":\"EntryPoint\",\"urlTemplate\":\"https:\\\/\\\/tajkertesz.com\\\/?s={search_term_string}\"},\"query-input\":{\"@type\":\"PropertyValueSpecification\",\"valueRequired\":true,\"valueName\":\"search_term_string\"}}],\"inLanguage\":\"en-US\"},{\"@type\":\"Organization\",\"@id\":\"https:\\\/\\\/tajkertesz.com\\\/#organization\",\"name\":\"T\u00e1j-Kert\u00e9sz 84 Kft.\",\"url\":\"https:\\\/\\\/tajkertesz.com\\\/\",\"logo\":{\"@type\":\"ImageObject\",\"inLanguage\":\"en-US\",\"@id\":\"https:\\\/\\\/tajkertesz.com\\\/#\\\/schema\\\/logo\\\/image\\\/\",\"url\":\"https:\\\/\\\/tajkertesz.com\\\/wp-content\\\/uploads\\\/2018\\\/02\\\/logo-2-e1518678052539.png\",\"contentUrl\":\"https:\\\/\\\/tajkertesz.com\\\/wp-content\\\/uploads\\\/2018\\\/02\\\/logo-2-e1518678052539.png\",\"width\":81,\"height\":140,\"caption\":\"T\u00e1j-Kert\u00e9sz 84 Kft.\"},\"image\":{\"@id\":\"https:\\\/\\\/tajkertesz.com\\\/#\\\/schema\\\/logo\\\/image\\\/\"},\"sameAs\":[\"https:\\\/\\\/www.facebook.com\\\/Tajkertesz\\\/\"]}]}<\/script>\n<!-- \/ Yoast SEO plugin. -->","yoast_head_json":{"title":"Acer palmatum 'Orange Dream' - Jap\u00e1n juhar - T\u00e1jkert\u00e9sz","description":"Acer palmatum 'Orange Dream' - Jap\u00e1n juhar s\u00e1rg\u00e1sz\u00f6ld level\u0171 jap\u00e1n juhar sz\u00e9p lombsz\u00edn\u00e9vel d\u00edsz\u00edt lombfakad\u00e1st\u00f3l lombhull\u00e1sig.","robots":{"index":"index","follow":"follow","max-snippet":"max-snippet:-1","max-image-preview":"max-image-preview:large","max-video-preview":"max-video-preview:-1"},"canonical":"https:\/\/tajkertesz.com\/en_US\/product\/acer-palmatum-orange-dream-japan-juhar\/","og_locale":"en_US","og_type":"article","og_title":"Acer palmatum 'Orange Dream' - Jap\u00e1n juhar - T\u00e1jkert\u00e9sz","og_description":"Acer palmatum 'Orange Dream' - Jap\u00e1n juhar s\u00e1rg\u00e1sz\u00f6ld level\u0171 jap\u00e1n juhar sz\u00e9p lombsz\u00edn\u00e9vel d\u00edsz\u00edt lombfakad\u00e1st\u00f3l lombhull\u00e1sig.","og_url":"https:\/\/tajkertesz.com\/en_US\/product\/acer-palmatum-orange-dream-japan-juhar\/","og_site_name":"T\u00e1jkert\u00e9sz","article_publisher":"https:\/\/www.facebook.com\/Tajkertesz\/","article_modified_time":"2025-04-25T11:34:24+00:00","og_image":[{"width":341,"height":480,"url":"https:\/\/tajkertesz.com\/wp-content\/uploads\/2021\/06\/IMG_20210611_115452.jpg","type":"image\/jpeg"}],"twitter_card":"summary_large_image","twitter_misc":{"Est. reading time":"2 minutes"},"schema":{"@context":"https:\/\/schema.org","@graph":[{"@type":"WebPage","@id":"https:\/\/tajkertesz.com\/termek\/acer-palmatum-orange-dream-japan-juhar\/","url":"https:\/\/tajkertesz.com\/termek\/acer-palmatum-orange-dream-japan-juhar\/","name":"Acer palmatum 'Orange Dream' - Jap\u00e1n juhar - T\u00e1jkert\u00e9sz","isPartOf":{"@id":"https:\/\/tajkertesz.com\/#website"},"primaryImageOfPage":{"@id":"https:\/\/tajkertesz.com\/termek\/acer-palmatum-orange-dream-japan-juhar\/#primaryimage"},"image":{"@id":"https:\/\/tajkertesz.com\/termek\/acer-palmatum-orange-dream-japan-juhar\/#primaryimage"},"thumbnailUrl":"https:\/\/tajkertesz.com\/wp-content\/uploads\/2021\/06\/IMG_20210611_115452.jpg","datePublished":"2021-06-11T10:54:32+00:00","dateModified":"2025-04-25T11:34:24+00:00","description":"Acer palmatum 'Orange Dream' - Jap\u00e1n juhar s\u00e1rg\u00e1sz\u00f6ld level\u0171 jap\u00e1n juhar sz\u00e9p lombsz\u00edn\u00e9vel d\u00edsz\u00edt lombfakad\u00e1st\u00f3l lombhull\u00e1sig.","breadcrumb":{"@id":"https:\/\/tajkertesz.com\/termek\/acer-palmatum-orange-dream-japan-juhar\/#breadcrumb"},"inLanguage":"en-US","potentialAction":[{"@type":"ReadAction","target":["https:\/\/tajkertesz.com\/termek\/acer-palmatum-orange-dream-japan-juhar\/"]}]},{"@type":"ImageObject","inLanguage":"en-US","@id":"https:\/\/tajkertesz.com\/termek\/acer-palmatum-orange-dream-japan-juhar\/#primaryimage","url":"https:\/\/tajkertesz.com\/wp-content\/uploads\/2021\/06\/IMG_20210611_115452.jpg","contentUrl":"https:\/\/tajkertesz.com\/wp-content\/uploads\/2021\/06\/IMG_20210611_115452.jpg","width":341,"height":480,"caption":"hdr"},{"@type":"BreadcrumbList","@id":"https:\/\/tajkertesz.com\/termek\/acer-palmatum-orange-dream-japan-juhar\/#breadcrumb","itemListElement":[{"@type":"ListItem","position":1,"name":"Home","item":"https:\/\/tajkertesz.com\/"},{"@type":"ListItem","position":2,"name":"Kezd\u0151lap","item":"https:\/\/tajkertesz.com\/"},{"@type":"ListItem","position":3,"name":"Acer palmatum &#8216;Orange Dream&#8217; &#8211; Jap\u00e1n juhar"}]},{"@type":"WebSite","@id":"https:\/\/tajkertesz.com\/#website","url":"https:\/\/tajkertesz.com\/","name":"T\u00e1j-Kert\u00e9sz 84 Kft.","description":"Kert\u00e9szeti kis- \u00e9s nagykeresked\u00e9s, D\u00edszn\u00f6v\u00e9ny web\u00e1ruh\u00e1z orsz\u00e1gos h\u00e1zhozsz\u00e1ll\u00edt\u00e1ssal!","publisher":{"@id":"https:\/\/tajkertesz.com\/#organization"},"potentialAction":[{"@type":"SearchAction","target":{"@type":"EntryPoint","urlTemplate":"https:\/\/tajkertesz.com\/?s={search_term_string}"},"query-input":{"@type":"PropertyValueSpecification","valueRequired":true,"valueName":"search_term_string"}}],"inLanguage":"en-US"},{"@type":"Organization","@id":"https:\/\/tajkertesz.com\/#organization","name":"T\u00e1j-Kert\u00e9sz 84 Kft.","url":"https:\/\/tajkertesz.com\/","logo":{"@type":"ImageObject","inLanguage":"en-US","@id":"https:\/\/tajkertesz.com\/#\/schema\/logo\/image\/","url":"https:\/\/tajkertesz.com\/wp-content\/uploads\/2018\/02\/logo-2-e1518678052539.png","contentUrl":"https:\/\/tajkertesz.com\/wp-content\/uploads\/2018\/02\/logo-2-e1518678052539.png","width":81,"height":140,"caption":"T\u00e1j-Kert\u00e9sz 84 Kft."},"image":{"@id":"https:\/\/tajkertesz.com\/#\/schema\/logo\/image\/"},"sameAs":["https:\/\/www.facebook.com\/Tajkertesz\/"]}]}},"_links":{"self":[{"href":"https:\/\/tajkertesz.com\/en_US\/wp-json\/wp\/v2\/product\/6343","targetHints":{"allow":["GET"]}}],"collection":[{"href":"https:\/\/tajkertesz.com\/en_US\/wp-json\/wp\/v2\/product"}],"about":[{"href":"https:\/\/tajkertesz.com\/en_US\/wp-json\/wp\/v2\/types\/product"}],"wp:featuredmedia":[{"embeddable":true,"href":"https:\/\/tajkertesz.com\/en_US\/wp-json\/wp\/v2\/media\/6344"}],"wp:attachment":[{"href":"https:\/\/tajkertesz.com\/en_US\/wp-json\/wp\/v2\/media?parent=6343"}],"wp:term":[{"taxonomy":"product_brand","embeddable":true,"href":"https:\/\/tajkertesz.com\/en_US\/wp-json\/wp\/v2\/product_brand?post=6343"},{"taxonomy":"product_cat","embeddable":true,"href":"https:\/\/tajkertesz.com\/en_US\/wp-json\/wp\/v2\/product_cat?post=6343"},{"taxonomy":"product_tag","embeddable":true,"href":"https:\/\/tajkertesz.com\/en_US\/wp-json\/wp\/v2\/product_tag?post=6343"}],"curies":[{"name":"wp","href":"https:\/\/api.w.org\/{rel}","templated":true}]}}