{"id":6413,"date":"2021-06-14T06:50:20","date_gmt":"2021-06-14T06:50:20","guid":{"rendered":"https:\/\/tajkertesz.com\/?post_type=product&#038;p=6413"},"modified":"2026-02-16T15:50:40","modified_gmt":"2026-02-16T15:50:40","slug":"fitohorm-55-fe-vasoldat-1-l","status":"publish","type":"product","link":"https:\/\/tajkertesz.com\/en_US\/product\/fitohorm-55-fe-vasoldat-1-l\/","title":{"rendered":"Fitohorm 55 Fe vasoldat 1 L"},"content":{"rendered":"<div class=\"artdet__name-rating d-none d-lg-block\">\n<div class=\"row gutters-5\">\n<div class=\"col\">\n<h1>Fitohorm 55 Fe vasoldat 1 L<\/h1>\n<\/div>\n<\/div>\n<\/div>\n<div id=\"artdet__short-descrition\" class=\"artdet__short-descripton artdet-block border-block\">\n<div class=\"artdet__short-descripton-content text-justify font-s font-sm-m\">\n<div>\n<p>Fitohorm 55 Fe vasoldat 1 L A vasnak fontos szerepe van a klorofill \u00e9s feh\u00e9rje szint\u00e9zisben, enzimalkot\u00f3, f\u0151leg a l\u00e9gz\u00e9st \u00e9s az anyagcser\u00e9t szab\u00e1lyozza. Nehezen mozog a n\u00f6v\u00e9nyben, nehezen mobiliz\u00e1l\u00f3dik. Hi\u00e1nya leggyakrabban a sz\u0151l\u0151 \u00e9s gy\u00fcm\u00f6lcskult\u00far\u00e1kban fordul el\u0151. Relat\u00edv vashi\u00e1ny l\u00e9phet fel t\u00f6m\u00f6r\u00f6d\u00f6tt, leveg\u0151tlen, l\u00fagos vagy h\u0171v\u00f6s talajon, el\u0151sz\u00f6r az \u00e9rk\u00f6z, k\u00e9s\u0151bb az erek is feh\u00e9rek, a levelek \u00e9l\u00e9nks\u00e1rg\u00e1k lesznek (s\u00e1rgalevel\u0171s\u00e9g). H\u0171v\u00f6s, nedves id\u0151ben fokozottan jelentkezik a t\u00fcnet. Felv\u00e9tel\u00e9t a kalcium-ionok g\u00e1tolj\u00e1k,\u00a0\u00a0tov\u00e1bb\u00e1 a K-hi\u00e1ny is seg\u00edti ennek kialakul\u00e1s\u00e1t. Savany\u00fa talajon a Fe-hi\u00e1nyt a neh\u00e9zf\u00e9mek (Cu, Co, Zn, Mn) f\u00f6l\u00f6slege is kiv\u00e1lthatja.<\/p>\n<\/div>\n<div>\n<p>\u00d6sszet\u00e9tel:<\/p>\n<ul>\n<li>Vas (Fe): (4%) 40 000mg\/L<\/li>\n<\/ul>\n<ul>\n<li>K\u00e9n (SO3): 120g\/L<\/li>\n<\/ul>\n<p>Hat\u00f3anyag tartalom:<\/p>\n<ul>\n<li>4% Fe vas, v\u00edzoldhat\u00f3<\/li>\n<\/ul>\n<ul>\n<li>EDDHSA kel\u00e1tk\u00e9pz\u0151<\/li>\n<\/ul>\n<p>Felhaszn\u00e1l\u00e1si javaslat:<\/p>\n<ul>\n<li>Lev\u00e9ltr\u00e1gy\u00e1z\u00e1sra: 4-8L\/ha\/alkalom, h\u00e1zikertben 1-2%-os t\u00f6m\u00e9nys\u00e9gben (1-2dl\/10L v\u00edz)<\/li>\n<\/ul>\n<ul>\n<li>T\u00e1poldatoz\u00e1sra: 0,1-0,5%-os t\u00f6m\u00e9nys\u00e9gben (1-5 l \/1000 l v\u00edz )<\/li>\n<\/ul>\n<ul>\n<li>Talajba bedolgozva: 10-30L\/ha<\/li>\n<\/ul>\n<p>A kezel\u00e9seket a t\u00e1panyaghi\u00e1ny m\u00e9rt\u00e9k\u00e9nek megfelel\u0151en 2-6 alkalommal ism\u00e9telni lehet a teny\u00e9szid\u0151szak folyam\u00e1n. N\u00f6v\u00e9nyv\u00e9d\u0151 szerekkel egy\u00fctt is alkalmazhat\u00f3, de a keverhet\u0151s\u00e9get el\u0151z\u0151leg javasoljuk megvizsg\u00e1lni.<\/p>\n<p>Eltarthat\u00f3s\u00e1g:\u00a0eredeti, z\u00e1rt csomagol\u00e1sban, \u00e9telt\u0151l, italt\u00f3l, takarm\u00e1nyt\u00f3l elk\u00fcl\u00f6n\u00edtve, sz\u00e1raz, fedett, h\u0171v\u00f6s \u2013 de fagymentes \u2013 helyen korl\u00e1tlan ideig eltarthat\u00f3.<\/p>\n<\/div>\n<\/div>\n<\/div>\n<div><a href=\"https:\/\/www.facebook.com\/tajkertesz\">https:\/\/www.facebook.com\/tajkertesz<\/a><\/div>\n<div><a href=\"https:\/\/tajkertesz.com\/\">https:\/\/tajkertesz.com\/<\/a><\/div>\n<div><\/div>\n<h4><span id=\"A_m\u0171tr\u00e1gy\u00e1z\u00e1s_hat\u00e1sai\" class=\"mw-headline\" style=\"color: #ffffff;\">A m\u0171tr\u00e1gy\u00e1z\u00e1s hat\u00e1sai<\/span><\/h4>\n<p><span style=\"color: #ffffff;\">A k\u00f6znyelvben gyakran keverik a m\u0171tr\u00e1gy\u00e1kat a n\u00f6v\u00e9nyv\u00e9d\u0151 szerekkel. Azonban a m\u0171tr\u00e1gya nem term\u00e9szetidegen anyag. A m\u0171tr\u00e1gy\u00e1z\u00e1ssal olyan vegyi anyagok nem ker\u00fclnek a talajba, amik m\u00e1r eleve nem lenn\u00e9nek jelen. Ugyanazon fontos t\u00e1pionokat tartalmazza, melyeket a talaj- \u00e9s a szerves tr\u00e1gy\u00e1k is szolg\u00e1ltatnak. Teh\u00e1t megfelel\u0151en alkalmazva a m\u0171tr\u00e1gy\u00e1k csak minim\u00e1lis k\u00e1ros hat\u00e1ssal vannak a k\u00f6rnyezetre n\u00e9zve. S\u0151t, amennyiben t\u00e9nylegesen a talaj hi\u00e1nyoss\u00e1gait p\u00f3tolj\u00e1k, illetve a talajhib\u00e1kat orvosolj\u00e1k (t\u00e1pelem-ar\u00e1nyok \u00e9s ar\u00e1nytalans\u00e1gok megsz\u00fcntet\u00e9se, t\u00falzott savass\u00e1g vagy l\u00fagoss\u00e1g tomp\u00edt\u00e1sa stb.), \u00fagy alkalmaz\u00e1sukkal eg\u00e9szs\u00e9gesebb talaj, talaj\u00e9let, n\u00f6v\u00e9nyzet, \u00e1llati \u00e9s emberi k\u00f6z\u00f6ss\u00e9gek j\u00f6hetnek l\u00e9tre az addig term\u00e9ketlen f\u00f6ldeken.<\/span><\/p>\n<p><span style=\"color: #ffffff;\">A megm\u0171velt ter\u00fcletek megn\u00f6vekedett termel\u00e9kenys\u00e9ge lehet\u0151v\u00e9 teszi az erd\u0151k \u00e9s r\u00e9tek term\u00e9szetes \u00e1llapotban val\u00f3 meg\u0151rz\u00e9s\u00e9t, nem kell \u00fajabb sz\u0171z ter\u00fcleteket bevonni a mez\u0151gazdas\u00e1gba. Teh\u00e1t a helyes elveken nyugv\u00f3 m\u0171tr\u00e1gy\u00e1z\u00e1s j\u00f3t\u00e9kony hat\u00e1ssal lehet a k\u00f6rnyezetre, ugyanis <i>v\u00e9di \u00e9s jav\u00edtja<\/i> azt, hiszen a n\u00f6v\u00e9nyzet oxig\u00e9ntermel\u00e9s\u00e9vel hozz\u00e1j\u00e1rul a l\u00e9gk\u00f6r fenntart\u00e1s\u00e1hoz, \u00edgy cs\u00f6kkentve az \u00fcvegh\u00e1zhat\u00e1st. A talaj szervesanyag-tartalma is megn\u00f6vekszik a nagyobb mennyis\u00e9g\u0171 tarl\u00f3- \u00e9s sz\u00e1rmaradv\u00e1ny talajba jut\u00e1sa r\u00e9v\u00e9n. A talajer\u00f3zi\u00f3t cs\u00f6kkenti az eg\u00e9szs\u00e9ges n\u00f6v\u00e9nyzet akt\u00edv gy\u00f6k\u00e9rzete r\u00e9v\u00e9n, \u00e9s a talajban term\u00e9szetesen el\u0151fordul\u00f3, illetve kijuttatott t\u00e1panyagokat is jobban hasznos\u00edtja, korl\u00e1tozva a t\u00e1panyagok talajmenti vizekbe jut\u00e1s\u00e1t.<\/span><\/p>\n<h4><span id=\"A_m\u0171tr\u00e1gy\u00e1z\u00e1s_szezonja\" class=\"mw-headline\" style=\"color: #ffffff;\">A m\u0171tr\u00e1gy\u00e1z\u00e1s szezonja<\/span><\/h4>\n<p><span style=\"color: #ffffff;\">A nitrog\u00e9n tartalm\u00fa m\u0171tr\u00e1gy\u00e1k f\u0151 szezonja a tavaszi id\u0151szak. Hiszen kisebb mennyis\u00e9get haszn\u00e1lnak \u0151sszel a vet\u00e9sek al\u00e1 alaptr\u00e1gyak\u00e9nt, azonban a gondos gazd\u00e1k a komposzt \u00e9rlel\u00e9s\u00e9hez eg\u00e9sz \u00e9vben, \u0151sszel pedig szalm\u00e1s ist\u00e1ll\u00f3tr\u00e1gya, z\u00f6ldtr\u00e1gya illetve egy\u00e9b szerves anyag bedolgoz\u00e1s\u00e1val egyidej\u0171leg is alkalmazz\u00e1k a humifik\u00e1l\u00f3d\u00e1s el\u0151seg\u00edt\u00e9s\u00e9re.<\/span><\/p>\n<p><strong>Kiszerel\u00e9s : 1 L<\/strong><\/p>","protected":false},"excerpt":{"rendered":"<div class=\"artdet__name-rating d-none d-lg-block\">\n<div class=\"row gutters-5\">\n<div class=\"col\">\n<div class=\"artdet__name-rating d-none d-lg-block\">\n<div class=\"row gutters-5\">\n<div class=\"col\">\n<div class=\"artdet__name-rating d-none d-lg-block\">\n<div class=\"row gutters-5\">\n<div class=\"col\">\n<div class=\"artdet__name-rating d-none d-lg-block\">\n<div class=\"row gutters-5\">\n<div class=\"col\">\n<div class=\"artdet__name-rating d-none d-lg-block\">\n<div class=\"row gutters-5\">\n<div class=\"col\">\n<div class=\"artdet__name-rating d-none d-lg-block\">\n<div class=\"row gutters-5\">\n<div class=\"col\">\n<div class=\"artdet__name-rating d-none d-lg-block\">\n<div class=\"row gutters-5\">\n<div class=\"col\">\n<div class=\"artdet__name-rating d-none d-lg-block\">\n<div class=\"row gutters-5\">\n<div class=\"col\">\n<div class=\"artdet__name-rating d-none d-lg-block\">\n<div class=\"row gutters-5\">\n<div class=\"col\">\n<div class=\"artdet__name-rating d-none d-lg-block\">\n<div class=\"row gutters-5\">\n<div class=\"col\">\n<div class=\"artdet__name-rating d-none d-lg-block\">\n<div class=\"row gutters-5\">\n<div class=\"col\">\n<div class=\"artdet__name-rating d-none d-lg-block\">\n<div class=\"row gutters-5\">\n<div class=\"col\">\n<div class=\"artdet__name-rating d-none d-lg-block\">\n<div class=\"row gutters-5\">\n<div class=\"col\">\n<div class=\"artdet__name-rating d-none d-lg-block\">\n<div class=\"row gutters-5\">\n<div class=\"col\">\n<h1>Fitohorm 55 Fe vasoldat 1 L<\/h1>\n<div id=\"bodyContent\" class=\"mw-body-content\">\n<div id=\"mw-content-text\" class=\"mw-content-ltr\" dir=\"ltr\" lang=\"hu\">\n<div id=\"bodyContent\" class=\"mw-body-content\">\n<div id=\"mw-content-text\" class=\"mw-content-ltr\" dir=\"ltr\" lang=\"hu\">\n<p><b>K\u00e9szlet\u00fcnk napi szinten v\u00e1ltozik, ez\u00e9rt k\u00e9rj\u00fck, \u00e9rdekl\u0151dj\u00f6n szem\u00e9lyesen, telefonon vagy email-en.<\/b><\/p>\n<p>Term\u00e9keinket szem\u00e9lyesen is \u00e1tveheti a h\u00e9t minden napj\u00e1n nyitvatart\u00e1si id\u0151ben!<\/p>\n<p>Kisz\u00e1ll\u00edt\u00e1s: 200 cm \u00e9s 40 kg-ig a sz\u00e1ll\u00edt\u00e1s fut\u00e1rszolg\u00e1lattal t\u00f6rt\u00e9nik.<\/p>\n<\/div>\n<\/div>\n<\/div>\n<\/div>\n<p><b>A v\u00e1ltoztat\u00e1s jog\u00e1t fenntartjuk!\u00a0<\/b><\/p>\n<\/div>\n<\/div>\n<\/div>\n<div id=\"artdet__short-descrition\" class=\"artdet__short-descripton artdet-block border-block\">\n<div class=\"artdet__short-descripton-content text-justify font-s font-sm-m\">\n<div>\n<p>Fitohorm 55 Fe vasoldat 1 L A vasnak fontos szerepe van a klorofill \u00e9s feh\u00e9rje szint\u00e9zisben, enzimalkot\u00f3, f\u0151leg a l\u00e9gz\u00e9st \u00e9s az anyagcser\u00e9t szab\u00e1lyozza. Nehezen mozog a n\u00f6v\u00e9nyben, nehezen mobiliz\u00e1l\u00f3dik. Hi\u00e1nya leggyakrabban a sz\u0151l\u0151 \u00e9s gy\u00fcm\u00f6lcskult\u00far\u00e1kban fordul el\u0151. Relat\u00edv vashi\u00e1ny l\u00e9phet fel t\u00f6m\u00f6r\u00f6d\u00f6tt, leveg\u0151tlen, l\u00fagos vagy h\u0171v\u00f6s talajon, el\u0151sz\u00f6r az \u00e9rk\u00f6z, k\u00e9s\u0151bb az erek is feh\u00e9rek, a levelek \u00e9l\u00e9nks\u00e1rg\u00e1k lesznek (s\u00e1rgalevel\u0171s\u00e9g). H\u0171v\u00f6s, nedves id\u0151ben fokozottan jelentkezik a t\u00fcnet. Felv\u00e9tel\u00e9t a kalcium-ionok g\u00e1tolj\u00e1k,\u00a0\u00a0tov\u00e1bb\u00e1 a K-hi\u00e1ny is seg\u00edti ennek kialakul\u00e1s\u00e1t. Savany\u00fa talajon a Fe-hi\u00e1nyt a neh\u00e9zf\u00e9mek (Cu, Co, Zn, Mn) f\u00f6l\u00f6slege is kiv\u00e1lthatja.<\/p>\n<\/div>\n<\/div>\n<\/div>\n<\/div>\n<\/div>\n<\/div>\n<\/div>\n<\/div>\n<\/div>\n<\/div>\n<\/div>\n<\/div>\n<\/div>\n<\/div>\n<\/div>\n<\/div>\n<\/div>\n<\/div>\n<\/div>\n<\/div>\n<\/div>\n<\/div>\n<\/div>\n<\/div>\n<\/div>\n<\/div>\n<\/div>\n<\/div>\n<\/div>\n<\/div>\n<\/div>\n<\/div>\n<\/div>\n<\/div>\n<\/div>\n<\/div>\n<\/div>\n<\/div>\n<\/div>\n<\/div>\n<\/div>\n<\/div>","protected":false},"featured_media":6414,"template":"","meta":{"_et_pb_use_builder":"","_et_pb_old_content":"","_et_gb_content_width":""},"product_brand":[],"product_cat":[4106],"product_tag":[1846,1450],"class_list":{"0":"post-6413","1":"product","2":"type-product","3":"status-publish","4":"has-post-thumbnail","6":"product_cat-fito-horm-tapanyagok","7":"product_tag-fitohorm-55-fe-vasoldat-1-l","8":"product_tag-tapoldat","10":"first","11":"instock","12":"shipping-taxable","13":"purchasable","14":"product-type-simple"},"yoast_head":"<!-- This site is optimized with the Yoast SEO plugin v27.5 - https:\/\/yoast.com\/product\/yoast-seo-wordpress\/ -->\n<title>Fitohorm 55 Fe vasoldat 1 L - T\u00e1jkert\u00e9sz<\/title>\n<meta name=\"description\" content=\"Fitohorm 55 Fe vasoldat 1 L A vasnak fontos szerepe van a klorofill \u00e9s feh\u00e9rje szint\u00e9zisben, enzimalkot\u00f3, f\u0151leg a l\u00e9gz\u00e9st \u00e9s az anyagcser\u00e9t\" \/>\n<meta name=\"robots\" content=\"index, follow, max-snippet:-1, max-image-preview:large, max-video-preview:-1\" \/>\n<link rel=\"canonical\" href=\"https:\/\/tajkertesz.com\/en_US\/product\/fitohorm-55-fe-vasoldat-1-l\/\" \/>\n<meta property=\"og:locale\" content=\"en_US\" \/>\n<meta property=\"og:type\" content=\"article\" \/>\n<meta property=\"og:title\" content=\"Fitohorm 55 Fe vasoldat 1 L - T\u00e1jkert\u00e9sz\" \/>\n<meta property=\"og:description\" content=\"Fitohorm 55 Fe vasoldat 1 L A vasnak fontos szerepe van a klorofill \u00e9s feh\u00e9rje szint\u00e9zisben, enzimalkot\u00f3, f\u0151leg a l\u00e9gz\u00e9st \u00e9s az anyagcser\u00e9t\" \/>\n<meta property=\"og:url\" content=\"https:\/\/tajkertesz.com\/en_US\/product\/fitohorm-55-fe-vasoldat-1-l\/\" \/>\n<meta property=\"og:site_name\" content=\"T\u00e1jkert\u00e9sz\" \/>\n<meta property=\"article:publisher\" content=\"https:\/\/www.facebook.com\/Tajkertesz\/\" \/>\n<meta property=\"article:modified_time\" content=\"2026-02-16T15:50:40+00:00\" \/>\n<meta property=\"og:image\" content=\"https:\/\/tajkertesz.com\/wp-content\/uploads\/2021\/06\/FITOHORM_55_Fe_m.jpg\" \/>\n\t<meta property=\"og:image:width\" content=\"161\" \/>\n\t<meta property=\"og:image:height\" content=\"250\" \/>\n\t<meta property=\"og:image:type\" content=\"image\/jpeg\" \/>\n<meta name=\"twitter:card\" content=\"summary_large_image\" \/>\n<meta name=\"twitter:label1\" content=\"Est. reading time\" \/>\n\t<meta name=\"twitter:data1\" content=\"3 minutes\" \/>\n<script type=\"application\/ld+json\" class=\"yoast-schema-graph\">{\"@context\":\"https:\\\/\\\/schema.org\",\"@graph\":[{\"@type\":\"WebPage\",\"@id\":\"https:\\\/\\\/tajkertesz.com\\\/termek\\\/fitohorm-55-fe-vasoldat-1-l\\\/\",\"url\":\"https:\\\/\\\/tajkertesz.com\\\/termek\\\/fitohorm-55-fe-vasoldat-1-l\\\/\",\"name\":\"Fitohorm 55 Fe vasoldat 1 L - T\u00e1jkert\u00e9sz\",\"isPartOf\":{\"@id\":\"https:\\\/\\\/tajkertesz.com\\\/#website\"},\"primaryImageOfPage\":{\"@id\":\"https:\\\/\\\/tajkertesz.com\\\/termek\\\/fitohorm-55-fe-vasoldat-1-l\\\/#primaryimage\"},\"image\":{\"@id\":\"https:\\\/\\\/tajkertesz.com\\\/termek\\\/fitohorm-55-fe-vasoldat-1-l\\\/#primaryimage\"},\"thumbnailUrl\":\"https:\\\/\\\/tajkertesz.com\\\/wp-content\\\/uploads\\\/2021\\\/06\\\/FITOHORM_55_Fe_m.jpg\",\"datePublished\":\"2021-06-14T06:50:20+00:00\",\"dateModified\":\"2026-02-16T15:50:40+00:00\",\"description\":\"Fitohorm 55 Fe vasoldat 1 L A vasnak fontos szerepe van a klorofill \u00e9s feh\u00e9rje szint\u00e9zisben, enzimalkot\u00f3, f\u0151leg a l\u00e9gz\u00e9st \u00e9s az anyagcser\u00e9t\",\"breadcrumb\":{\"@id\":\"https:\\\/\\\/tajkertesz.com\\\/termek\\\/fitohorm-55-fe-vasoldat-1-l\\\/#breadcrumb\"},\"inLanguage\":\"en-US\",\"potentialAction\":[{\"@type\":\"ReadAction\",\"target\":[\"https:\\\/\\\/tajkertesz.com\\\/termek\\\/fitohorm-55-fe-vasoldat-1-l\\\/\"]}]},{\"@type\":\"ImageObject\",\"inLanguage\":\"en-US\",\"@id\":\"https:\\\/\\\/tajkertesz.com\\\/termek\\\/fitohorm-55-fe-vasoldat-1-l\\\/#primaryimage\",\"url\":\"https:\\\/\\\/tajkertesz.com\\\/wp-content\\\/uploads\\\/2021\\\/06\\\/FITOHORM_55_Fe_m.jpg\",\"contentUrl\":\"https:\\\/\\\/tajkertesz.com\\\/wp-content\\\/uploads\\\/2021\\\/06\\\/FITOHORM_55_Fe_m.jpg\",\"width\":161,\"height\":250},{\"@type\":\"BreadcrumbList\",\"@id\":\"https:\\\/\\\/tajkertesz.com\\\/termek\\\/fitohorm-55-fe-vasoldat-1-l\\\/#breadcrumb\",\"itemListElement\":[{\"@type\":\"ListItem\",\"position\":1,\"name\":\"Home\",\"item\":\"https:\\\/\\\/tajkertesz.com\\\/\"},{\"@type\":\"ListItem\",\"position\":2,\"name\":\"Kezd\u0151lap\",\"item\":\"https:\\\/\\\/tajkertesz.com\\\/\"},{\"@type\":\"ListItem\",\"position\":3,\"name\":\"Fitohorm 55 Fe vasoldat 1 L\"}]},{\"@type\":\"WebSite\",\"@id\":\"https:\\\/\\\/tajkertesz.com\\\/#website\",\"url\":\"https:\\\/\\\/tajkertesz.com\\\/\",\"name\":\"T\u00e1j-Kert\u00e9sz 84 Kft.\",\"description\":\"Kert\u00e9szeti kis- \u00e9s nagykeresked\u00e9s, D\u00edszn\u00f6v\u00e9ny web\u00e1ruh\u00e1z orsz\u00e1gos h\u00e1zhozsz\u00e1ll\u00edt\u00e1ssal!\",\"publisher\":{\"@id\":\"https:\\\/\\\/tajkertesz.com\\\/#organization\"},\"potentialAction\":[{\"@type\":\"SearchAction\",\"target\":{\"@type\":\"EntryPoint\",\"urlTemplate\":\"https:\\\/\\\/tajkertesz.com\\\/?s={search_term_string}\"},\"query-input\":{\"@type\":\"PropertyValueSpecification\",\"valueRequired\":true,\"valueName\":\"search_term_string\"}}],\"inLanguage\":\"en-US\"},{\"@type\":\"Organization\",\"@id\":\"https:\\\/\\\/tajkertesz.com\\\/#organization\",\"name\":\"T\u00e1j-Kert\u00e9sz 84 Kft.\",\"url\":\"https:\\\/\\\/tajkertesz.com\\\/\",\"logo\":{\"@type\":\"ImageObject\",\"inLanguage\":\"en-US\",\"@id\":\"https:\\\/\\\/tajkertesz.com\\\/#\\\/schema\\\/logo\\\/image\\\/\",\"url\":\"https:\\\/\\\/tajkertesz.com\\\/wp-content\\\/uploads\\\/2018\\\/02\\\/logo-2-e1518678052539.png\",\"contentUrl\":\"https:\\\/\\\/tajkertesz.com\\\/wp-content\\\/uploads\\\/2018\\\/02\\\/logo-2-e1518678052539.png\",\"width\":81,\"height\":140,\"caption\":\"T\u00e1j-Kert\u00e9sz 84 Kft.\"},\"image\":{\"@id\":\"https:\\\/\\\/tajkertesz.com\\\/#\\\/schema\\\/logo\\\/image\\\/\"},\"sameAs\":[\"https:\\\/\\\/www.facebook.com\\\/Tajkertesz\\\/\"]}]}<\/script>\n<!-- \/ Yoast SEO plugin. -->","yoast_head_json":{"title":"Fitohorm 55 Fe vasoldat 1 L - T\u00e1jkert\u00e9sz","description":"Fitohorm 55 Fe vasoldat 1 L A vasnak fontos szerepe van a klorofill \u00e9s feh\u00e9rje szint\u00e9zisben, enzimalkot\u00f3, f\u0151leg a l\u00e9gz\u00e9st \u00e9s az anyagcser\u00e9t","robots":{"index":"index","follow":"follow","max-snippet":"max-snippet:-1","max-image-preview":"max-image-preview:large","max-video-preview":"max-video-preview:-1"},"canonical":"https:\/\/tajkertesz.com\/en_US\/product\/fitohorm-55-fe-vasoldat-1-l\/","og_locale":"en_US","og_type":"article","og_title":"Fitohorm 55 Fe vasoldat 1 L - T\u00e1jkert\u00e9sz","og_description":"Fitohorm 55 Fe vasoldat 1 L A vasnak fontos szerepe van a klorofill \u00e9s feh\u00e9rje szint\u00e9zisben, enzimalkot\u00f3, f\u0151leg a l\u00e9gz\u00e9st \u00e9s az anyagcser\u00e9t","og_url":"https:\/\/tajkertesz.com\/en_US\/product\/fitohorm-55-fe-vasoldat-1-l\/","og_site_name":"T\u00e1jkert\u00e9sz","article_publisher":"https:\/\/www.facebook.com\/Tajkertesz\/","article_modified_time":"2026-02-16T15:50:40+00:00","og_image":[{"width":161,"height":250,"url":"https:\/\/tajkertesz.com\/wp-content\/uploads\/2021\/06\/FITOHORM_55_Fe_m.jpg","type":"image\/jpeg"}],"twitter_card":"summary_large_image","twitter_misc":{"Est. reading time":"3 minutes"},"schema":{"@context":"https:\/\/schema.org","@graph":[{"@type":"WebPage","@id":"https:\/\/tajkertesz.com\/termek\/fitohorm-55-fe-vasoldat-1-l\/","url":"https:\/\/tajkertesz.com\/termek\/fitohorm-55-fe-vasoldat-1-l\/","name":"Fitohorm 55 Fe vasoldat 1 L - T\u00e1jkert\u00e9sz","isPartOf":{"@id":"https:\/\/tajkertesz.com\/#website"},"primaryImageOfPage":{"@id":"https:\/\/tajkertesz.com\/termek\/fitohorm-55-fe-vasoldat-1-l\/#primaryimage"},"image":{"@id":"https:\/\/tajkertesz.com\/termek\/fitohorm-55-fe-vasoldat-1-l\/#primaryimage"},"thumbnailUrl":"https:\/\/tajkertesz.com\/wp-content\/uploads\/2021\/06\/FITOHORM_55_Fe_m.jpg","datePublished":"2021-06-14T06:50:20+00:00","dateModified":"2026-02-16T15:50:40+00:00","description":"Fitohorm 55 Fe vasoldat 1 L A vasnak fontos szerepe van a klorofill \u00e9s feh\u00e9rje szint\u00e9zisben, enzimalkot\u00f3, f\u0151leg a l\u00e9gz\u00e9st \u00e9s az anyagcser\u00e9t","breadcrumb":{"@id":"https:\/\/tajkertesz.com\/termek\/fitohorm-55-fe-vasoldat-1-l\/#breadcrumb"},"inLanguage":"en-US","potentialAction":[{"@type":"ReadAction","target":["https:\/\/tajkertesz.com\/termek\/fitohorm-55-fe-vasoldat-1-l\/"]}]},{"@type":"ImageObject","inLanguage":"en-US","@id":"https:\/\/tajkertesz.com\/termek\/fitohorm-55-fe-vasoldat-1-l\/#primaryimage","url":"https:\/\/tajkertesz.com\/wp-content\/uploads\/2021\/06\/FITOHORM_55_Fe_m.jpg","contentUrl":"https:\/\/tajkertesz.com\/wp-content\/uploads\/2021\/06\/FITOHORM_55_Fe_m.jpg","width":161,"height":250},{"@type":"BreadcrumbList","@id":"https:\/\/tajkertesz.com\/termek\/fitohorm-55-fe-vasoldat-1-l\/#breadcrumb","itemListElement":[{"@type":"ListItem","position":1,"name":"Home","item":"https:\/\/tajkertesz.com\/"},{"@type":"ListItem","position":2,"name":"Kezd\u0151lap","item":"https:\/\/tajkertesz.com\/"},{"@type":"ListItem","position":3,"name":"Fitohorm 55 Fe vasoldat 1 L"}]},{"@type":"WebSite","@id":"https:\/\/tajkertesz.com\/#website","url":"https:\/\/tajkertesz.com\/","name":"T\u00e1j-Kert\u00e9sz 84 Kft.","description":"Kert\u00e9szeti kis- \u00e9s nagykeresked\u00e9s, D\u00edszn\u00f6v\u00e9ny web\u00e1ruh\u00e1z orsz\u00e1gos h\u00e1zhozsz\u00e1ll\u00edt\u00e1ssal!","publisher":{"@id":"https:\/\/tajkertesz.com\/#organization"},"potentialAction":[{"@type":"SearchAction","target":{"@type":"EntryPoint","urlTemplate":"https:\/\/tajkertesz.com\/?s={search_term_string}"},"query-input":{"@type":"PropertyValueSpecification","valueRequired":true,"valueName":"search_term_string"}}],"inLanguage":"en-US"},{"@type":"Organization","@id":"https:\/\/tajkertesz.com\/#organization","name":"T\u00e1j-Kert\u00e9sz 84 Kft.","url":"https:\/\/tajkertesz.com\/","logo":{"@type":"ImageObject","inLanguage":"en-US","@id":"https:\/\/tajkertesz.com\/#\/schema\/logo\/image\/","url":"https:\/\/tajkertesz.com\/wp-content\/uploads\/2018\/02\/logo-2-e1518678052539.png","contentUrl":"https:\/\/tajkertesz.com\/wp-content\/uploads\/2018\/02\/logo-2-e1518678052539.png","width":81,"height":140,"caption":"T\u00e1j-Kert\u00e9sz 84 Kft."},"image":{"@id":"https:\/\/tajkertesz.com\/#\/schema\/logo\/image\/"},"sameAs":["https:\/\/www.facebook.com\/Tajkertesz\/"]}]}},"_links":{"self":[{"href":"https:\/\/tajkertesz.com\/en_US\/wp-json\/wp\/v2\/product\/6413","targetHints":{"allow":["GET"]}}],"collection":[{"href":"https:\/\/tajkertesz.com\/en_US\/wp-json\/wp\/v2\/product"}],"about":[{"href":"https:\/\/tajkertesz.com\/en_US\/wp-json\/wp\/v2\/types\/product"}],"wp:featuredmedia":[{"embeddable":true,"href":"https:\/\/tajkertesz.com\/en_US\/wp-json\/wp\/v2\/media\/6414"}],"wp:attachment":[{"href":"https:\/\/tajkertesz.com\/en_US\/wp-json\/wp\/v2\/media?parent=6413"}],"wp:term":[{"taxonomy":"product_brand","embeddable":true,"href":"https:\/\/tajkertesz.com\/en_US\/wp-json\/wp\/v2\/product_brand?post=6413"},{"taxonomy":"product_cat","embeddable":true,"href":"https:\/\/tajkertesz.com\/en_US\/wp-json\/wp\/v2\/product_cat?post=6413"},{"taxonomy":"product_tag","embeddable":true,"href":"https:\/\/tajkertesz.com\/en_US\/wp-json\/wp\/v2\/product_tag?post=6413"}],"curies":[{"name":"wp","href":"https:\/\/api.w.org\/{rel}","templated":true}]}}