{"id":6417,"date":"2021-06-14T06:59:04","date_gmt":"2021-06-14T06:59:04","guid":{"rendered":"https:\/\/tajkertesz.com\/?post_type=product&#038;p=6417"},"modified":"2026-02-16T15:50:01","modified_gmt":"2026-02-16T15:50:01","slug":"fitohorm-komplex-plusz-mutragya-033-l","status":"publish","type":"product","link":"https:\/\/tajkertesz.com\/en_US\/product\/fitohorm-komplex-plusz-mutragya-033-l\/","title":{"rendered":"FitoHorm Komplex Plusz m\u0171tr\u00e1gya 0,33 l"},"content":{"rendered":"<div class=\"artdet__name-rating d-none d-lg-block\">\n<div class=\"row gutters-5\">\n<div class=\"col\">\n<h3 class=\"LC20lb DKV0Md\">FitoHorm Komplex Plusz m\u0171tr\u00e1gya 0,33 l<\/h3>\n<\/div>\n<\/div>\n<\/div>\n<div id=\"artdet__short-descrition\" class=\"artdet__short-descripton artdet-block border-block\">\n<div class=\"artdet__short-descripton-content text-justify font-s font-sm-m\">\n<p class=\"LC20lb DKV0Md\">FitoHorm Komplex Plusz m\u0171tr\u00e1gya 0,33 l kl\u00f3rmentes m\u0171tr\u00e1gya kever\u00e9k mikroelemekkel d\u00fas\u00edtva, kerti, balkon, cserepes d\u00edszn\u00f6v\u00e9nyek \u00e9s z\u00f6lds\u00e9gn\u00f6v\u00e9nyek t\u00e1panyag-ut\u00e1np\u00f3tl\u00e1s\u00e1ra. Mint neve is el\u00e1rulja olyan \u00f6sszetett, szil\u00e1rd \u00f6nt\u00f6z\u0151 m\u0171tr\u00e1gya, amely a legfontosabb makro- \u00e9s mikroelemet nagy mennyis\u00e9gben tartalmazza. \u00d6sszet\u00e9tele r\u00e9v\u00e9n b\u00e1rmely kert\u00e9szeti \u00e9s sz\u00e1nt\u00f3f\u00f6ldi kult\u00fara eset\u00e9ben alkalmazhat\u00f3, lombon \u00e9s talajon kereszt\u00fcl egyar\u00e1nt.<\/p>\n<div id=\"page_artdet_tabbed_box\" class=\"page_artdet_tabbed_box\">\n<div class=\"page_artdet_tabbed_area\">\n<div class=\"page_artdet_tabs\">\n<div class=\"clear_fix\">Term\u00e9k \u00f6sszet\u00e9tele (m\/v%):<\/div>\n<\/div>\n<div id=\"page_artdet_tab_content_1\" class=\"page_artdet_tab_content bg_color_light2 border_1\">\n<div id=\"page_artdet_long_desc\" class=\"text_normal\">\n<p>N:14<\/p>\n<p>P<sub>2<\/sub>O<sub>5<\/sub>:7<\/p>\n<p>K<sub>2<\/sub>O:21<\/p>\n<p>So<sub>3<\/sub>: 22<\/p>\n<p>Fe: 0,165<\/p>\n<p>Mn: 0,032<\/p>\n<p>Cu: 0,017<\/p>\n<p>Zn: 0,02<\/p>\n<p>B: 0,01<\/p>\n<p>Mo:0,002<\/p>\n<p>&nbsp;<\/p>\n<p>Felhaszn\u00e1l\u00e1si javaslat:<\/p>\n<p>Kerti, balkon, cserepes d\u00edszn\u00f6v\u00e9nyek \u00e9s z\u00f6lds\u00e9gn\u00f6v\u00e9nyek t\u00e1panyag-ut\u00e1np\u00f3tl\u00e1s\u00e1ra.<br \/>\nA t\u00e1poldatoz\u00e1st hetente v\u00e9gezz\u00fck \u00e9s mindenkor bemos\u00f3 \u00f6nt\u00f6z\u00e9s k\u00f6vesse.<br \/>\nLev\u00e9ltr\u00e1gyak\u00e9nt:<br \/>\n0,2 \u2013 0,5 %-os t\u00f6m\u00e9nys\u00e9gben lev\u00e9lre permetezve<br \/>\nT\u00e1poldatoz\u00e1sra talajba juttatva:<br \/>\nD\u00edszn\u00f6v\u00e9nyek: 10 g\/10 l v\u00edz (1 adagol\u00f3kan\u00e1l)<br \/>\nMusk\u00e1tli: 20 g\/10 l v\u00edz (2 adagol\u00f3kan\u00e1l)<br \/>\nZ\u00f6lds\u00e9g: 10-20 g\/10 l v\u00edz (1-2 adagol\u00f3kan\u00e1l)<\/p>\n<\/div>\n<\/div>\n<\/div>\n<\/div>\n<\/div>\n<\/div>\n<div><a href=\"https:\/\/www.facebook.com\/tajkertesz\">https:\/\/www.facebook.com\/tajkertesz<\/a><\/div>\n<div><a href=\"https:\/\/tajkertesz.com\/\">https:\/\/tajkertesz.com\/<\/a><\/div>\n<div><a href=\"https:\/\/tajkertesz.com\/wp-content\/uploads\/2021\/06\/FITOHORM-TOBBHATOANYAGU-OLDATMUTRAGYAK.pdf\">FITOHORM TOBBHATOANYAGU OLDATMUTRAGYAK<\/a><\/div>\n<div><\/div>\n<div><span style=\"color: #ffffff;\">Kerti, balkon, cserepes d\u00edszn\u00f6v\u00e9nyek \u00e9s z\u00f6lds\u00e9gn\u00f6v\u00e9nyek t\u00e1panyag-ut\u00e1np\u00f3tl\u00e1s\u00e1ra.<\/span><br \/>\n<span style=\"color: #ffffff;\">A t\u00e1poldatoz\u00e1st hetente v\u00e9gezz\u00fck \u00e9s mindenkor bemos\u00f3 \u00f6nt\u00f6z\u00e9s k\u00f6vesse.<\/span><br \/>\n<span style=\"color: #ffffff;\">Lev\u00e9ltr\u00e1gyak\u00e9nt:<\/span><br \/>\n<span style=\"color: #ffffff;\">0,2 \u2013 0,5 %-os t\u00f6m\u00e9nys\u00e9gben lev\u00e9lre permetezve<\/span><br \/>\n<span style=\"color: #ffffff;\">T\u00e1poldatoz\u00e1sra talajba juttatva:<\/span><br \/>\n<span style=\"color: #ffffff;\">D\u00edszn\u00f6v\u00e9nyek: 10 g\/10 l v\u00edz (1 adagol\u00f3kan\u00e1l)<\/span><br \/>\n<span style=\"color: #ffffff;\">Musk\u00e1tli: 20 g\/10 l v\u00edz (2 adagol\u00f3kan\u00e1l)<\/span><br \/>\n<span style=\"color: #ffffff;\">Z\u00f6lds\u00e9g: 10-20 g\/10 l v\u00edz (1-2 adagol\u00f3kan\u00e1l)Kerti, balkon, cserepes d\u00edszn\u00f6v\u00e9nyek \u00e9s z\u00f6lds\u00e9gn\u00f6v\u00e9nyek t\u00e1panyag-ut\u00e1np\u00f3tl\u00e1s\u00e1ra.<\/span><br \/>\n<span style=\"color: #ffffff;\">A t\u00e1poldatoz\u00e1st hetente v\u00e9gezz\u00fck \u00e9s mindenkor bemos\u00f3 \u00f6nt\u00f6z\u00e9s k\u00f6vesse.<\/span><br \/>\n<span style=\"color: #ffffff;\">Lev\u00e9ltr\u00e1gyak\u00e9nt:<\/span><br \/>\n<span style=\"color: #ffffff;\">0,2 \u2013 0,5 %-os t\u00f6m\u00e9nys\u00e9gben lev\u00e9lre permetezve<\/span><br \/>\n<span style=\"color: #ffffff;\">T\u00e1poldatoz\u00e1sra talajba juttatva:<\/span><br \/>\n<span style=\"color: #ffffff;\">D\u00edszn\u00f6v\u00e9nyek: 10 g\/10 l v\u00edz (1 adagol\u00f3kan\u00e1l)<\/span><br \/>\n<span style=\"color: #ffffff;\">Musk\u00e1tli: 20 g\/10 l v\u00edz (2 adagol\u00f3kan\u00e1l)<\/span><br \/>\n<span style=\"color: #ffffff;\">Z\u00f6lds\u00e9g: 10-20 g\/10 l v\u00edz (1-2 adagol\u00f3kan\u00e1l)<\/span><\/div>\n<div><\/div>\n<p>&nbsp;<\/p>\n<p><strong>Kiszerel\u00e9s : 0,33 L<\/strong><\/p>","protected":false},"excerpt":{"rendered":"<div class=\"artdet__name-rating d-none d-lg-block\">\n<div class=\"row gutters-5\">\n<div class=\"col\">\n<div class=\"artdet__name-rating d-none d-lg-block\">\n<div class=\"row gutters-5\">\n<div class=\"col\">\n<div class=\"artdet__name-rating d-none d-lg-block\">\n<div class=\"row gutters-5\">\n<div class=\"col\">\n<div class=\"artdet__name-rating d-none d-lg-block\">\n<div class=\"row gutters-5\">\n<div class=\"col\">\n<div class=\"artdet__name-rating d-none d-lg-block\">\n<div class=\"row gutters-5\">\n<div class=\"col\">\n<div class=\"artdet__name-rating d-none d-lg-block\">\n<div class=\"row gutters-5\">\n<div class=\"col\">\n<div class=\"artdet__name-rating d-none d-lg-block\">\n<div class=\"row gutters-5\">\n<div class=\"col\">\n<div class=\"artdet__name-rating d-none d-lg-block\">\n<div class=\"row gutters-5\">\n<div class=\"col\">\n<div class=\"artdet__name-rating d-none d-lg-block\">\n<div class=\"row gutters-5\">\n<div class=\"col\">\n<div class=\"artdet__name-rating d-none d-lg-block\">\n<div class=\"row gutters-5\">\n<div class=\"col\">\n<div class=\"artdet__name-rating d-none d-lg-block\">\n<div class=\"row gutters-5\">\n<div class=\"col\">\n<div class=\"artdet__name-rating d-none d-lg-block\">\n<div class=\"row gutters-5\">\n<div class=\"col\">\n<div class=\"artdet__name-rating d-none d-lg-block\">\n<div class=\"row gutters-5\">\n<div class=\"col\">\n<div class=\"artdet__name-rating d-none d-lg-block\">\n<div class=\"row gutters-5\">\n<div class=\"col\">\n<div class=\"artdet__name-rating d-none d-lg-block\">\n<div class=\"row gutters-5\">\n<div class=\"col\">\n<div class=\"artdet__name-rating d-none d-lg-block\">\n<div class=\"row gutters-5\">\n<div class=\"col\">\n<h3 class=\"LC20lb DKV0Md\">FitoHorm Komplex Plusz m\u0171tr\u00e1gya 0,33 l<\/h3>\n<div id=\"bodyContent\" class=\"mw-body-content\">\n<div id=\"mw-content-text\" class=\"mw-content-ltr\" dir=\"ltr\" lang=\"hu\">\n<div id=\"bodyContent\" class=\"mw-body-content\">\n<div id=\"mw-content-text\" class=\"mw-content-ltr\" dir=\"ltr\" lang=\"hu\">\n<p><b>K\u00e9szlet\u00fcnk napi szinten v\u00e1ltozik, ez\u00e9rt k\u00e9rj\u00fck, \u00e9rdekl\u0151dj\u00f6n szem\u00e9lyesen, telefonon vagy email-en.<\/b><\/p>\n<p>Term\u00e9keinket szem\u00e9lyesen is \u00e1tveheti a h\u00e9t minden napj\u00e1n nyitvatart\u00e1si id\u0151ben!<\/p>\n<p>Kisz\u00e1ll\u00edt\u00e1s: 200 cm \u00e9s 40 kg-ig a sz\u00e1ll\u00edt\u00e1s fut\u00e1rszolg\u00e1lattal t\u00f6rt\u00e9nik.<\/p>\n<\/div>\n<\/div>\n<\/div>\n<\/div>\n<p><b>A v\u00e1ltoztat\u00e1s jog\u00e1t fenntartjuk!\u00a0<\/b><\/p>\n<\/div>\n<\/div>\n<\/div>\n<div id=\"artdet__short-descrition\" class=\"artdet__short-descripton artdet-block border-block\">\n<div class=\"artdet__short-descripton-content text-justify font-s font-sm-m\">\n<p class=\"LC20lb DKV0Md\">FitoHorm Komplex Plusz m\u0171tr\u00e1gya 0,33 l kl\u00f3rmentes m\u0171tr\u00e1gya kever\u00e9k mikroelemekkel d\u00fas\u00edtva, kerti, balkon, cserepes d\u00edszn\u00f6v\u00e9nyek \u00e9s z\u00f6lds\u00e9gn\u00f6v\u00e9nyek t\u00e1panyag-ut\u00e1np\u00f3tl\u00e1s\u00e1ra. Mint neve is el\u00e1rulja olyan \u00f6sszetett, szil\u00e1rd \u00f6nt\u00f6z\u0151 m\u0171tr\u00e1gya, amely a legfontosabb makro- \u00e9s mikroelemet nagy mennyis\u00e9gben tartalmazza. \u00d6sszet\u00e9tele r\u00e9v\u00e9n b\u00e1rmely kert\u00e9szeti \u00e9s sz\u00e1nt\u00f3f\u00f6ldi kult\u00fara eset\u00e9ben alkalmazhat\u00f3, lombon \u00e9s talajon kereszt\u00fcl egyar\u00e1nt.<\/p>\n<\/div>\n<\/div>\n<\/div>\n<\/div>\n<\/div>\n<\/div>\n<\/div>\n<\/div>\n<\/div>\n<\/div>\n<\/div>\n<\/div>\n<\/div>\n<\/div>\n<\/div>\n<\/div>\n<\/div>\n<\/div>\n<\/div>\n<\/div>\n<\/div>\n<\/div>\n<\/div>\n<\/div>\n<\/div>\n<\/div>\n<\/div>\n<\/div>\n<\/div>\n<\/div>\n<\/div>\n<\/div>\n<\/div>\n<\/div>\n<\/div>\n<\/div>\n<\/div>\n<\/div>\n<\/div>\n<\/div>\n<\/div>\n<\/div>\n<\/div>\n<\/div>\n<\/div>\n<\/div>\n<\/div>","protected":false},"featured_media":6418,"template":"","meta":{"_et_pb_use_builder":"","_et_pb_old_content":"","_et_gb_content_width":""},"product_brand":[],"product_cat":[4106],"product_tag":[1849,1848,1450],"class_list":{"0":"post-6417","1":"product","2":"type-product","3":"status-publish","4":"has-post-thumbnail","6":"product_cat-fito-horm-tapanyagok","7":"product_tag-33-l","8":"product_tag-fitohorm-komplex-plusz-mutragya-0","9":"product_tag-tapoldat","11":"first","12":"instock","13":"shipping-taxable","14":"purchasable","15":"product-type-simple"},"yoast_head":"<!-- This site is optimized with the Yoast SEO plugin v27.4 - https:\/\/yoast.com\/product\/yoast-seo-wordpress\/ -->\n<title>FitoHorm Komplex Plusz m\u0171tr\u00e1gya 0,33 l - T\u00e1jkert\u00e9sz<\/title>\n<meta name=\"description\" content=\"FitoHorm Komplex Plusz m\u0171tr\u00e1gya 0,33 l kl\u00f3rmentes m\u0171tr\u00e1gya kever\u00e9k mikroelemekkel d\u00fas\u00edtva, kerti, balkon, cserepes d\u00edszn\u00f6v\u00e9nyek \u00e9s\" \/>\n<meta name=\"robots\" content=\"index, follow, max-snippet:-1, max-image-preview:large, max-video-preview:-1\" \/>\n<link rel=\"canonical\" href=\"https:\/\/tajkertesz.com\/en_US\/product\/fitohorm-komplex-plusz-mutragya-033-l\/\" \/>\n<meta property=\"og:locale\" content=\"en_US\" \/>\n<meta property=\"og:type\" content=\"article\" \/>\n<meta property=\"og:title\" content=\"FitoHorm Komplex Plusz m\u0171tr\u00e1gya 0,33 l - T\u00e1jkert\u00e9sz\" \/>\n<meta property=\"og:description\" content=\"FitoHorm Komplex Plusz m\u0171tr\u00e1gya 0,33 l kl\u00f3rmentes m\u0171tr\u00e1gya kever\u00e9k mikroelemekkel d\u00fas\u00edtva, kerti, balkon, cserepes d\u00edszn\u00f6v\u00e9nyek \u00e9s\" \/>\n<meta property=\"og:url\" content=\"https:\/\/tajkertesz.com\/en_US\/product\/fitohorm-komplex-plusz-mutragya-033-l\/\" \/>\n<meta property=\"og:site_name\" content=\"T\u00e1jkert\u00e9sz\" \/>\n<meta property=\"article:publisher\" content=\"https:\/\/www.facebook.com\/Tajkertesz\/\" \/>\n<meta property=\"article:modified_time\" content=\"2026-02-16T15:50:01+00:00\" \/>\n<meta property=\"og:image\" content=\"https:\/\/tajkertesz.com\/wp-content\/uploads\/2021\/06\/komplex.jpg\" \/>\n\t<meta property=\"og:image:width\" content=\"285\" \/>\n\t<meta property=\"og:image:height\" content=\"400\" \/>\n\t<meta property=\"og:image:type\" content=\"image\/jpeg\" \/>\n<meta name=\"twitter:card\" content=\"summary_large_image\" \/>\n<meta name=\"twitter:label1\" content=\"Est. reading time\" \/>\n\t<meta name=\"twitter:data1\" content=\"2 minutes\" \/>\n<script type=\"application\/ld+json\" class=\"yoast-schema-graph\">{\"@context\":\"https:\\\/\\\/schema.org\",\"@graph\":[{\"@type\":\"WebPage\",\"@id\":\"https:\\\/\\\/tajkertesz.com\\\/termek\\\/fitohorm-komplex-plusz-mutragya-033-l\\\/\",\"url\":\"https:\\\/\\\/tajkertesz.com\\\/termek\\\/fitohorm-komplex-plusz-mutragya-033-l\\\/\",\"name\":\"FitoHorm Komplex Plusz m\u0171tr\u00e1gya 0,33 l - T\u00e1jkert\u00e9sz\",\"isPartOf\":{\"@id\":\"https:\\\/\\\/tajkertesz.com\\\/#website\"},\"primaryImageOfPage\":{\"@id\":\"https:\\\/\\\/tajkertesz.com\\\/termek\\\/fitohorm-komplex-plusz-mutragya-033-l\\\/#primaryimage\"},\"image\":{\"@id\":\"https:\\\/\\\/tajkertesz.com\\\/termek\\\/fitohorm-komplex-plusz-mutragya-033-l\\\/#primaryimage\"},\"thumbnailUrl\":\"https:\\\/\\\/tajkertesz.com\\\/wp-content\\\/uploads\\\/2021\\\/06\\\/komplex.jpg\",\"datePublished\":\"2021-06-14T06:59:04+00:00\",\"dateModified\":\"2026-02-16T15:50:01+00:00\",\"description\":\"FitoHorm Komplex Plusz m\u0171tr\u00e1gya 0,33 l kl\u00f3rmentes m\u0171tr\u00e1gya kever\u00e9k mikroelemekkel d\u00fas\u00edtva, kerti, balkon, cserepes d\u00edszn\u00f6v\u00e9nyek \u00e9s\",\"breadcrumb\":{\"@id\":\"https:\\\/\\\/tajkertesz.com\\\/termek\\\/fitohorm-komplex-plusz-mutragya-033-l\\\/#breadcrumb\"},\"inLanguage\":\"en-US\",\"potentialAction\":[{\"@type\":\"ReadAction\",\"target\":[\"https:\\\/\\\/tajkertesz.com\\\/termek\\\/fitohorm-komplex-plusz-mutragya-033-l\\\/\"]}]},{\"@type\":\"ImageObject\",\"inLanguage\":\"en-US\",\"@id\":\"https:\\\/\\\/tajkertesz.com\\\/termek\\\/fitohorm-komplex-plusz-mutragya-033-l\\\/#primaryimage\",\"url\":\"https:\\\/\\\/tajkertesz.com\\\/wp-content\\\/uploads\\\/2021\\\/06\\\/komplex.jpg\",\"contentUrl\":\"https:\\\/\\\/tajkertesz.com\\\/wp-content\\\/uploads\\\/2021\\\/06\\\/komplex.jpg\",\"width\":285,\"height\":400},{\"@type\":\"BreadcrumbList\",\"@id\":\"https:\\\/\\\/tajkertesz.com\\\/termek\\\/fitohorm-komplex-plusz-mutragya-033-l\\\/#breadcrumb\",\"itemListElement\":[{\"@type\":\"ListItem\",\"position\":1,\"name\":\"Home\",\"item\":\"https:\\\/\\\/tajkertesz.com\\\/\"},{\"@type\":\"ListItem\",\"position\":2,\"name\":\"Kezd\u0151lap\",\"item\":\"https:\\\/\\\/tajkertesz.com\\\/\"},{\"@type\":\"ListItem\",\"position\":3,\"name\":\"FitoHorm Komplex Plusz m\u0171tr\u00e1gya 0,33 l\"}]},{\"@type\":\"WebSite\",\"@id\":\"https:\\\/\\\/tajkertesz.com\\\/#website\",\"url\":\"https:\\\/\\\/tajkertesz.com\\\/\",\"name\":\"T\u00e1j-Kert\u00e9sz 84 Kft.\",\"description\":\"Kert\u00e9szeti kis- \u00e9s nagykeresked\u00e9s, D\u00edszn\u00f6v\u00e9ny web\u00e1ruh\u00e1z orsz\u00e1gos h\u00e1zhozsz\u00e1ll\u00edt\u00e1ssal!\",\"publisher\":{\"@id\":\"https:\\\/\\\/tajkertesz.com\\\/#organization\"},\"potentialAction\":[{\"@type\":\"SearchAction\",\"target\":{\"@type\":\"EntryPoint\",\"urlTemplate\":\"https:\\\/\\\/tajkertesz.com\\\/?s={search_term_string}\"},\"query-input\":{\"@type\":\"PropertyValueSpecification\",\"valueRequired\":true,\"valueName\":\"search_term_string\"}}],\"inLanguage\":\"en-US\"},{\"@type\":\"Organization\",\"@id\":\"https:\\\/\\\/tajkertesz.com\\\/#organization\",\"name\":\"T\u00e1j-Kert\u00e9sz 84 Kft.\",\"url\":\"https:\\\/\\\/tajkertesz.com\\\/\",\"logo\":{\"@type\":\"ImageObject\",\"inLanguage\":\"en-US\",\"@id\":\"https:\\\/\\\/tajkertesz.com\\\/#\\\/schema\\\/logo\\\/image\\\/\",\"url\":\"https:\\\/\\\/tajkertesz.com\\\/wp-content\\\/uploads\\\/2018\\\/02\\\/logo-2-e1518678052539.png\",\"contentUrl\":\"https:\\\/\\\/tajkertesz.com\\\/wp-content\\\/uploads\\\/2018\\\/02\\\/logo-2-e1518678052539.png\",\"width\":81,\"height\":140,\"caption\":\"T\u00e1j-Kert\u00e9sz 84 Kft.\"},\"image\":{\"@id\":\"https:\\\/\\\/tajkertesz.com\\\/#\\\/schema\\\/logo\\\/image\\\/\"},\"sameAs\":[\"https:\\\/\\\/www.facebook.com\\\/Tajkertesz\\\/\"]}]}<\/script>\n<!-- \/ Yoast SEO plugin. -->","yoast_head_json":{"title":"FitoHorm Komplex Plusz m\u0171tr\u00e1gya 0,33 l - T\u00e1jkert\u00e9sz","description":"FitoHorm Komplex Plusz m\u0171tr\u00e1gya 0,33 l kl\u00f3rmentes m\u0171tr\u00e1gya kever\u00e9k mikroelemekkel d\u00fas\u00edtva, kerti, balkon, cserepes d\u00edszn\u00f6v\u00e9nyek \u00e9s","robots":{"index":"index","follow":"follow","max-snippet":"max-snippet:-1","max-image-preview":"max-image-preview:large","max-video-preview":"max-video-preview:-1"},"canonical":"https:\/\/tajkertesz.com\/en_US\/product\/fitohorm-komplex-plusz-mutragya-033-l\/","og_locale":"en_US","og_type":"article","og_title":"FitoHorm Komplex Plusz m\u0171tr\u00e1gya 0,33 l - T\u00e1jkert\u00e9sz","og_description":"FitoHorm Komplex Plusz m\u0171tr\u00e1gya 0,33 l kl\u00f3rmentes m\u0171tr\u00e1gya kever\u00e9k mikroelemekkel d\u00fas\u00edtva, kerti, balkon, cserepes d\u00edszn\u00f6v\u00e9nyek \u00e9s","og_url":"https:\/\/tajkertesz.com\/en_US\/product\/fitohorm-komplex-plusz-mutragya-033-l\/","og_site_name":"T\u00e1jkert\u00e9sz","article_publisher":"https:\/\/www.facebook.com\/Tajkertesz\/","article_modified_time":"2026-02-16T15:50:01+00:00","og_image":[{"width":285,"height":400,"url":"https:\/\/tajkertesz.com\/wp-content\/uploads\/2021\/06\/komplex.jpg","type":"image\/jpeg"}],"twitter_card":"summary_large_image","twitter_misc":{"Est. reading time":"2 minutes"},"schema":{"@context":"https:\/\/schema.org","@graph":[{"@type":"WebPage","@id":"https:\/\/tajkertesz.com\/termek\/fitohorm-komplex-plusz-mutragya-033-l\/","url":"https:\/\/tajkertesz.com\/termek\/fitohorm-komplex-plusz-mutragya-033-l\/","name":"FitoHorm Komplex Plusz m\u0171tr\u00e1gya 0,33 l - T\u00e1jkert\u00e9sz","isPartOf":{"@id":"https:\/\/tajkertesz.com\/#website"},"primaryImageOfPage":{"@id":"https:\/\/tajkertesz.com\/termek\/fitohorm-komplex-plusz-mutragya-033-l\/#primaryimage"},"image":{"@id":"https:\/\/tajkertesz.com\/termek\/fitohorm-komplex-plusz-mutragya-033-l\/#primaryimage"},"thumbnailUrl":"https:\/\/tajkertesz.com\/wp-content\/uploads\/2021\/06\/komplex.jpg","datePublished":"2021-06-14T06:59:04+00:00","dateModified":"2026-02-16T15:50:01+00:00","description":"FitoHorm Komplex Plusz m\u0171tr\u00e1gya 0,33 l kl\u00f3rmentes m\u0171tr\u00e1gya kever\u00e9k mikroelemekkel d\u00fas\u00edtva, kerti, balkon, cserepes d\u00edszn\u00f6v\u00e9nyek \u00e9s","breadcrumb":{"@id":"https:\/\/tajkertesz.com\/termek\/fitohorm-komplex-plusz-mutragya-033-l\/#breadcrumb"},"inLanguage":"en-US","potentialAction":[{"@type":"ReadAction","target":["https:\/\/tajkertesz.com\/termek\/fitohorm-komplex-plusz-mutragya-033-l\/"]}]},{"@type":"ImageObject","inLanguage":"en-US","@id":"https:\/\/tajkertesz.com\/termek\/fitohorm-komplex-plusz-mutragya-033-l\/#primaryimage","url":"https:\/\/tajkertesz.com\/wp-content\/uploads\/2021\/06\/komplex.jpg","contentUrl":"https:\/\/tajkertesz.com\/wp-content\/uploads\/2021\/06\/komplex.jpg","width":285,"height":400},{"@type":"BreadcrumbList","@id":"https:\/\/tajkertesz.com\/termek\/fitohorm-komplex-plusz-mutragya-033-l\/#breadcrumb","itemListElement":[{"@type":"ListItem","position":1,"name":"Home","item":"https:\/\/tajkertesz.com\/"},{"@type":"ListItem","position":2,"name":"Kezd\u0151lap","item":"https:\/\/tajkertesz.com\/"},{"@type":"ListItem","position":3,"name":"FitoHorm Komplex Plusz m\u0171tr\u00e1gya 0,33 l"}]},{"@type":"WebSite","@id":"https:\/\/tajkertesz.com\/#website","url":"https:\/\/tajkertesz.com\/","name":"T\u00e1j-Kert\u00e9sz 84 Kft.","description":"Kert\u00e9szeti kis- \u00e9s nagykeresked\u00e9s, D\u00edszn\u00f6v\u00e9ny web\u00e1ruh\u00e1z orsz\u00e1gos h\u00e1zhozsz\u00e1ll\u00edt\u00e1ssal!","publisher":{"@id":"https:\/\/tajkertesz.com\/#organization"},"potentialAction":[{"@type":"SearchAction","target":{"@type":"EntryPoint","urlTemplate":"https:\/\/tajkertesz.com\/?s={search_term_string}"},"query-input":{"@type":"PropertyValueSpecification","valueRequired":true,"valueName":"search_term_string"}}],"inLanguage":"en-US"},{"@type":"Organization","@id":"https:\/\/tajkertesz.com\/#organization","name":"T\u00e1j-Kert\u00e9sz 84 Kft.","url":"https:\/\/tajkertesz.com\/","logo":{"@type":"ImageObject","inLanguage":"en-US","@id":"https:\/\/tajkertesz.com\/#\/schema\/logo\/image\/","url":"https:\/\/tajkertesz.com\/wp-content\/uploads\/2018\/02\/logo-2-e1518678052539.png","contentUrl":"https:\/\/tajkertesz.com\/wp-content\/uploads\/2018\/02\/logo-2-e1518678052539.png","width":81,"height":140,"caption":"T\u00e1j-Kert\u00e9sz 84 Kft."},"image":{"@id":"https:\/\/tajkertesz.com\/#\/schema\/logo\/image\/"},"sameAs":["https:\/\/www.facebook.com\/Tajkertesz\/"]}]}},"_links":{"self":[{"href":"https:\/\/tajkertesz.com\/en_US\/wp-json\/wp\/v2\/product\/6417","targetHints":{"allow":["GET"]}}],"collection":[{"href":"https:\/\/tajkertesz.com\/en_US\/wp-json\/wp\/v2\/product"}],"about":[{"href":"https:\/\/tajkertesz.com\/en_US\/wp-json\/wp\/v2\/types\/product"}],"wp:featuredmedia":[{"embeddable":true,"href":"https:\/\/tajkertesz.com\/en_US\/wp-json\/wp\/v2\/media\/6418"}],"wp:attachment":[{"href":"https:\/\/tajkertesz.com\/en_US\/wp-json\/wp\/v2\/media?parent=6417"}],"wp:term":[{"taxonomy":"product_brand","embeddable":true,"href":"https:\/\/tajkertesz.com\/en_US\/wp-json\/wp\/v2\/product_brand?post=6417"},{"taxonomy":"product_cat","embeddable":true,"href":"https:\/\/tajkertesz.com\/en_US\/wp-json\/wp\/v2\/product_cat?post=6417"},{"taxonomy":"product_tag","embeddable":true,"href":"https:\/\/tajkertesz.com\/en_US\/wp-json\/wp\/v2\/product_tag?post=6417"}],"curies":[{"name":"wp","href":"https:\/\/api.w.org\/{rel}","templated":true}]}}