{"id":6419,"date":"2021-06-14T07:02:28","date_gmt":"2021-06-14T07:02:28","guid":{"rendered":"https:\/\/tajkertesz.com\/?post_type=product&#038;p=6419"},"modified":"2023-06-07T07:45:51","modified_gmt":"2023-06-07T07:45:51","slug":"fitohorm-24-mg-magneziumoldat-1-l","status":"publish","type":"product","link":"https:\/\/tajkertesz.com\/en_US\/product\/fitohorm-24-mg-magneziumoldat-1-l\/","title":{"rendered":"Fitohorm 24 Mg magn\u00e9ziumoldat Turbo 1 L"},"content":{"rendered":"<div class=\"artdet__name-rating d-none d-lg-block\">\n<div class=\"row gutters-5\">\n<div class=\"col\">\n<h3 class=\"LC20lb DKV0Md\">Fitohorm 24 Mg magn\u00e9ziumoldat 1 L<\/h3>\n<\/div>\n<\/div>\n<\/div>\n<div id=\"artdet__short-descrition\" class=\"artdet__short-descripton artdet-block border-block\">\n<div class=\"artdet__short-descripton-content text-justify font-s font-sm-m\">\n<p class=\"LC20lb DKV0Md\">Fitohorm 24 Mg magn\u00e9ziumoldat 1 L A magn\u00e9zium n\u00e9lk\u00fcl\u00f6zhetetlen a megfelel\u0151 fotoszint\u00e9zishez. Fokozza a n\u00f6v\u00e9ny anyagcser\u00e9j\u00e9t, seg\u00edti annak optim\u00e1lis n\u00f6veked\u00e9s\u00e9t. A FitoHorm\u00a0 Magn\u00e9zium foszfor tartalma er\u0151s\u00edti a gy\u00f6keresed\u00e9st \u00e9s a vir\u00e1gszervek k\u00e9pz\u0151d\u00e9s\u00e9t, teh\u00e1t a generat\u00edv szervek fejl\u0151d\u00e9s\u00e9t.<\/p>\n<p>A FitoHorm\u00a0 Magn\u00e9zium hat\u00e9konyabb\u00e1 \u00e9s gyorsabb\u00e1 teszi a n\u00f6v\u00e9nyek anyagcsere \u00e9s sz\u00e1ll\u00edt\u00e1si folyamatait. A sz\u0151l\u0151n\u00e9l a f\u00fcrtkocs\u00e1ny-b\u00e9nul\u00e1s gy\u00f3gyszere. Gy\u00fcm\u00f6lcs \u00e9s z\u00f6lds\u00e9gn\u00f6v\u00e9nyekn\u00e9l fontos a teljes terhel\u00e9si id\u0151szak el\u0151tt kijuttatni, \u00edgy elker\u00fclhet\u0151 a n\u00f6v\u00e9nyek id\u0151szakos legyeng\u00fcl\u00e9se. Gy\u00fcm\u00f6lcs\u00f6s\u00f6kben a term\u00e9k felhaszn\u00e1l\u00e1sa seg\u00edti a korai lombhull\u00e1s megakad\u00e1lyoz\u00e1s\u00e1t. Sz\u00e1nt\u00f3f\u00f6ldi, gabonan\u00f6v\u00e9nyekn\u00e9l a legnagyobb hat\u00e9konys\u00e1g \u00e9rdek\u00e9ben aj\u00e1nlott a fejl\u0151d\u00e9s intenz\u00edv szakasz\u00e1ban kijuttatni.<\/p>\n<h5>Hat\u00f3anyag tartalom:<\/h5>\n<ul class=\"fa-ul\">\n<li>4% N<\/li>\n<li>35% P2O5<\/li>\n<li>10% MgO<\/li>\n<li>EK-m\u0171tr\u00e1gya<\/li>\n<li>Kel\u00e1tk\u00e9pz\u0151: EDDHSA<\/li>\n<\/ul>\n<div class=\"panel panel-default margin-top-30\"><\/div>\n<h5>Eltarthat\u00f3s\u00e1g:<\/h5>\n<p>eredeti, z\u00e1rt csomagol\u00e1sban, \u00e9telt\u0151l, italt\u00f3l, takarm\u00e1nyt\u00f3l elk\u00fcl\u00f6n\u00edtve, sz\u00e1raz, fedett, h\u0171v\u00f6s \u2013 de fagymentes \u2013 helyen korl\u00e1tlan ideig eltarthat\u00f3.<\/p>\n<p>Figyelem!<br \/>\nA lombtr\u00e1gy\u00e1z\u00e1s eset\u00e9n is be kell tartani a permetez\u00e9s alapvet\u0151 szab\u00e1lyait.<\/p>\n<p>Tilos keverni \u00e1sv\u00e1nyi olajokkal, l\u00fagos vagy szulf\u00e1t tartalm\u00fa term\u00e9kekkel.<br \/>\nN\u00f6v\u00e9nyv\u00e9d\u0151 szerekkel \u00e1ltal\u00e1ban egy\u00fctt is alkalmazhat\u00f3, de a keverhet\u0151s\u00e9get el\u0151z\u0151leg javasoljuk megvizsg\u00e1lni.<\/p>\n<p>\u00d3vatos munk\u00e1val ker\u00fclni kell a szer elfoly\u00e1s\u00e1t, elcsepeg\u00e9s\u00e9t, a t\u00f6m\u00e9ny szer szembe, b\u0151rre jut\u00e1s\u00e1t, esetleges lenyel\u00e9s\u00e9t.<\/p>\n<p>A szembe vagy b\u0151rfel\u00fcletre ker\u00fclt szert b\u0151 v\u00edzzel le kell mosni!<br \/>\nTilos a k\u00e9sz\u00edtm\u00e9nyt \u00e9s csomagol\u00f3anyag\u00e1t foly\u00f3kba, tavakba, vagy v\u00edzt\u00e1roz\u00f3kba juttatni.<\/p>\n<\/div>\n<\/div>\n<div><a href=\"https:\/\/www.facebook.com\/tajkertesz\">https:\/\/www.facebook.com\/tajkertesz<\/a><\/div>\n<div><a href=\"https:\/\/tajkertesz.com\/\">https:\/\/tajkertesz.com\/<\/a><\/div>\n<div><\/div>\n<h4><span id=\"A_m\u0171tr\u00e1gy\u00e1z\u00e1s_hat\u00e1sai\" class=\"mw-headline\" style=\"color: #ffffff;\">A m\u0171tr\u00e1gy\u00e1z\u00e1s hat\u00e1sai<\/span><\/h4>\n<p><span style=\"color: #ffffff;\">A k\u00f6znyelvben gyakran keverik a m\u0171tr\u00e1gy\u00e1kat a n\u00f6v\u00e9nyv\u00e9d\u0151 szerekkel. Azonban a m\u0171tr\u00e1gya nem term\u00e9szetidegen anyag. A m\u0171tr\u00e1gy\u00e1z\u00e1ssal olyan vegyi anyagok nem ker\u00fclnek a talajba, amik m\u00e1r eleve nem lenn\u00e9nek jelen. Ugyanazon fontos t\u00e1pionokat tartalmazza, melyeket a talaj- \u00e9s a szerves tr\u00e1gy\u00e1k is szolg\u00e1ltatnak. Teh\u00e1t megfelel\u0151en alkalmazva a m\u0171tr\u00e1gy\u00e1k csak minim\u00e1lis k\u00e1ros hat\u00e1ssal vannak a k\u00f6rnyezetre n\u00e9zve. S\u0151t, amennyiben t\u00e9nylegesen a talaj hi\u00e1nyoss\u00e1gait p\u00f3tolj\u00e1k, illetve a talajhib\u00e1kat orvosolj\u00e1k (t\u00e1pelem-ar\u00e1nyok \u00e9s ar\u00e1nytalans\u00e1gok megsz\u00fcntet\u00e9se, t\u00falzott savass\u00e1g vagy l\u00fagoss\u00e1g tomp\u00edt\u00e1sa stb.), \u00fagy alkalmaz\u00e1sukkal eg\u00e9szs\u00e9gesebb talaj, talaj\u00e9let, n\u00f6v\u00e9nyzet, \u00e1llati \u00e9s emberi k\u00f6z\u00f6ss\u00e9gek j\u00f6hetnek l\u00e9tre az addig term\u00e9ketlen f\u00f6ldeken.<\/span><\/p>\n<p><span style=\"color: #ffffff;\">A megm\u0171velt ter\u00fcletek megn\u00f6vekedett termel\u00e9kenys\u00e9ge lehet\u0151v\u00e9 teszi az erd\u0151k \u00e9s r\u00e9tek term\u00e9szetes \u00e1llapotban val\u00f3 meg\u0151rz\u00e9s\u00e9t, nem kell \u00fajabb sz\u0171z ter\u00fcleteket bevonni a mez\u0151gazdas\u00e1gba. Teh\u00e1t a helyes elveken nyugv\u00f3 m\u0171tr\u00e1gy\u00e1z\u00e1s j\u00f3t\u00e9kony hat\u00e1ssal lehet a k\u00f6rnyezetre, ugyanis <i>v\u00e9di \u00e9s jav\u00edtja<\/i> azt, hiszen a n\u00f6v\u00e9nyzet oxig\u00e9ntermel\u00e9s\u00e9vel hozz\u00e1j\u00e1rul a l\u00e9gk\u00f6r fenntart\u00e1s\u00e1hoz, \u00edgy cs\u00f6kkentve az \u00fcvegh\u00e1zhat\u00e1st. A talaj szervesanyag-tartalma is megn\u00f6vekszik a nagyobb mennyis\u00e9g\u0171 tarl\u00f3- \u00e9s sz\u00e1rmaradv\u00e1ny talajba jut\u00e1sa r\u00e9v\u00e9n. A talajer\u00f3zi\u00f3t cs\u00f6kkenti az eg\u00e9szs\u00e9ges n\u00f6v\u00e9nyzet akt\u00edv gy\u00f6k\u00e9rzete r\u00e9v\u00e9n, \u00e9s a talajban term\u00e9szetesen el\u0151fordul\u00f3, illetve kijuttatott t\u00e1panyagokat is jobban hasznos\u00edtja, korl\u00e1tozva a t\u00e1panyagok talajmenti vizekbe jut\u00e1s\u00e1t.<\/span><\/p>\n<h4><span id=\"A_m\u0171tr\u00e1gy\u00e1z\u00e1s_szezonja\" class=\"mw-headline\" style=\"color: #ffffff;\">A m\u0171tr\u00e1gy\u00e1z\u00e1s szezonja<\/span><\/h4>\n<p><span style=\"color: #ffffff;\">A nitrog\u00e9n tartalm\u00fa m\u0171tr\u00e1gy\u00e1k f\u0151 szezonja a tavaszi id\u0151szak. Hiszen kisebb mennyis\u00e9get haszn\u00e1lnak \u0151sszel a vet\u00e9sek al\u00e1 alaptr\u00e1gyak\u00e9nt, azonban a gondos gazd\u00e1k a komposzt \u00e9rlel\u00e9s\u00e9hez eg\u00e9sz \u00e9vben, \u0151sszel pedig szalm\u00e1s ist\u00e1ll\u00f3tr\u00e1gya, z\u00f6ldtr\u00e1gya illetve egy\u00e9b szerves anyag bedolgoz\u00e1s\u00e1val egyidej\u0171leg is alkalmazz\u00e1k a humifik\u00e1l\u00f3d\u00e1s el\u0151seg\u00edt\u00e9s\u00e9re.<\/span><\/p>\n<p><strong>Kiszerel\u00e9s : 1 L<\/strong><\/p>","protected":false},"excerpt":{"rendered":"<div class=\"artdet__name-rating d-none d-lg-block\">\n<div class=\"row gutters-5\">\n<div class=\"col\">\n<div class=\"artdet__name-rating d-none d-lg-block\">\n<div class=\"row gutters-5\">\n<div class=\"col\">\n<div class=\"artdet__name-rating d-none d-lg-block\">\n<div class=\"row gutters-5\">\n<div class=\"col\">\n<div class=\"artdet__name-rating d-none d-lg-block\">\n<div class=\"row gutters-5\">\n<div class=\"col\">\n<div class=\"artdet__name-rating d-none d-lg-block\">\n<div class=\"row gutters-5\">\n<div class=\"col\">\n<div class=\"artdet__name-rating d-none d-lg-block\">\n<div class=\"row gutters-5\">\n<div class=\"col\">\n<div class=\"artdet__name-rating d-none d-lg-block\">\n<div class=\"row gutters-5\">\n<div class=\"col\">\n<div class=\"artdet__name-rating d-none d-lg-block\">\n<div class=\"row gutters-5\">\n<div class=\"col\">\n<div class=\"artdet__name-rating d-none d-lg-block\">\n<div class=\"row gutters-5\">\n<div class=\"col\">\n<div class=\"artdet__name-rating d-none d-lg-block\">\n<div class=\"row gutters-5\">\n<div class=\"col\">\n<div class=\"artdet__name-rating d-none d-lg-block\">\n<div class=\"row gutters-5\">\n<div class=\"col\">\n<div class=\"artdet__name-rating d-none d-lg-block\">\n<div class=\"row gutters-5\">\n<div class=\"col\">\n<div class=\"artdet__name-rating d-none d-lg-block\">\n<div class=\"row gutters-5\">\n<div class=\"col\">\n<div class=\"artdet__name-rating d-none d-lg-block\">\n<div class=\"row gutters-5\">\n<div class=\"col\">\n<div class=\"artdet__name-rating d-none d-lg-block\">\n<div class=\"row gutters-5\">\n<div class=\"col\">\n<div class=\"artdet__name-rating d-none d-lg-block\">\n<div class=\"row gutters-5\">\n<div class=\"col\">\n<div class=\"artdet__name-rating d-none d-lg-block\">\n<div class=\"row gutters-5\">\n<div class=\"col\">\n<h3 class=\"LC20lb DKV0Md\">Fitohorm 24 Mg magn\u00e9ziumoldat 1 L<\/h3>\n<\/div>\n<\/div>\n<\/div>\n<div id=\"artdet__short-descrition\" class=\"artdet__short-descripton artdet-block border-block\">\n<div class=\"artdet__short-descripton-content text-justify font-s font-sm-m\">\n<p class=\"LC20lb DKV0Md\">Fitohorm 24 Mg magn\u00e9ziumoldat 1 L A magn\u00e9zium n\u00e9lk\u00fcl\u00f6zhetetlen a megfelel\u0151 fotoszint\u00e9zishez. Fokozza a n\u00f6v\u00e9ny anyagcser\u00e9j\u00e9t, seg\u00edti annak optim\u00e1lis n\u00f6veked\u00e9s\u00e9t. A FitoHorm\u00a0 Magn\u00e9zium foszfor tartalma er\u0151s\u00edti a gy\u00f6keresed\u00e9st \u00e9s a vir\u00e1gszervek k\u00e9pz\u0151d\u00e9s\u00e9t, teh\u00e1t a generat\u00edv szervek fejl\u0151d\u00e9s\u00e9t.<\/p>\n<\/div>\n<\/div>\n<\/div>\n<\/div>\n<\/div>\n<\/div>\n<\/div>\n<\/div>\n<\/div>\n<\/div>\n<\/div>\n<\/div>\n<\/div>\n<\/div>\n<\/div>\n<\/div>\n<\/div>\n<\/div>\n<\/div>\n<\/div>\n<\/div>\n<\/div>\n<\/div>\n<\/div>\n<\/div>\n<\/div>\n<\/div>\n<\/div>\n<\/div>\n<\/div>\n<\/div>\n<\/div>\n<\/div>\n<\/div>\n<\/div>\n<\/div>\n<\/div>\n<\/div>\n<\/div>\n<\/div>\n<\/div>\n<\/div>\n<\/div>\n<\/div>\n<\/div>\n<\/div>\n<\/div>\n<\/div>\n<\/div>\n<\/div>","protected":false},"featured_media":6420,"template":"","meta":{"_et_pb_use_builder":"","_et_pb_old_content":"","_et_gb_content_width":""},"product_brand":[],"product_cat":[4106],"product_tag":[4197,1450],"class_list":{"0":"post-6419","1":"product","2":"type-product","3":"status-publish","4":"has-post-thumbnail","6":"product_cat-fito-horm-tapanyagok","7":"product_tag-fitohorm-24-mg-magneziumoldat-turbo1-l","8":"product_tag-tapoldat","10":"first","11":"instock","12":"shipping-taxable","13":"purchasable","14":"product-type-simple"},"yoast_head":"<!-- This site is optimized with the Yoast SEO plugin v27.4 - https:\/\/yoast.com\/product\/yoast-seo-wordpress\/ -->\n<title>Fitohorm 24 Mg magn\u00e9ziumoldat Turbo 1 L - T\u00e1jkert\u00e9sz<\/title>\n<meta name=\"description\" content=\"Fitohorm 24 Mg magn\u00e9ziumoldat 1 L A magn\u00e9zium n\u00e9lk\u00fcl\u00f6zhetetlen a megfelel\u0151 fotoszint\u00e9zishez. Fokozza a n\u00f6v\u00e9ny anyagcser\u00e9j\u00e9t, seg\u00edti\" \/>\n<meta name=\"robots\" content=\"index, follow, max-snippet:-1, max-image-preview:large, max-video-preview:-1\" \/>\n<link rel=\"canonical\" href=\"https:\/\/tajkertesz.com\/en_US\/product\/fitohorm-24-mg-magneziumoldat-1-l\/\" \/>\n<meta property=\"og:locale\" content=\"en_US\" \/>\n<meta property=\"og:type\" content=\"article\" \/>\n<meta property=\"og:title\" content=\"Fitohorm 24 Mg magn\u00e9ziumoldat Turbo 1 L - T\u00e1jkert\u00e9sz\" \/>\n<meta property=\"og:description\" content=\"Fitohorm 24 Mg magn\u00e9ziumoldat 1 L A magn\u00e9zium n\u00e9lk\u00fcl\u00f6zhetetlen a megfelel\u0151 fotoszint\u00e9zishez. Fokozza a n\u00f6v\u00e9ny anyagcser\u00e9j\u00e9t, seg\u00edti\" \/>\n<meta property=\"og:url\" content=\"https:\/\/tajkertesz.com\/en_US\/product\/fitohorm-24-mg-magneziumoldat-1-l\/\" \/>\n<meta property=\"og:site_name\" content=\"T\u00e1jkert\u00e9sz\" \/>\n<meta property=\"article:publisher\" content=\"https:\/\/www.facebook.com\/Tajkertesz\/\" \/>\n<meta property=\"article:modified_time\" content=\"2023-06-07T07:45:51+00:00\" \/>\n<meta property=\"og:image\" content=\"https:\/\/tajkertesz.com\/wp-content\/uploads\/2021\/06\/Magnezium-oldat.png\" \/>\n\t<meta property=\"og:image:width\" content=\"1289\" \/>\n\t<meta property=\"og:image:height\" content=\"2000\" \/>\n\t<meta property=\"og:image:type\" content=\"image\/png\" \/>\n<meta name=\"twitter:card\" content=\"summary_large_image\" \/>\n<meta name=\"twitter:label1\" content=\"Est. reading time\" \/>\n\t<meta name=\"twitter:data1\" content=\"3 minutes\" \/>\n<script type=\"application\/ld+json\" class=\"yoast-schema-graph\">{\"@context\":\"https:\\\/\\\/schema.org\",\"@graph\":[{\"@type\":\"WebPage\",\"@id\":\"https:\\\/\\\/tajkertesz.com\\\/termek\\\/fitohorm-24-mg-magneziumoldat-1-l\\\/\",\"url\":\"https:\\\/\\\/tajkertesz.com\\\/termek\\\/fitohorm-24-mg-magneziumoldat-1-l\\\/\",\"name\":\"Fitohorm 24 Mg magn\u00e9ziumoldat Turbo 1 L - T\u00e1jkert\u00e9sz\",\"isPartOf\":{\"@id\":\"https:\\\/\\\/tajkertesz.com\\\/#website\"},\"primaryImageOfPage\":{\"@id\":\"https:\\\/\\\/tajkertesz.com\\\/termek\\\/fitohorm-24-mg-magneziumoldat-1-l\\\/#primaryimage\"},\"image\":{\"@id\":\"https:\\\/\\\/tajkertesz.com\\\/termek\\\/fitohorm-24-mg-magneziumoldat-1-l\\\/#primaryimage\"},\"thumbnailUrl\":\"https:\\\/\\\/tajkertesz.com\\\/wp-content\\\/uploads\\\/2021\\\/06\\\/Magnezium-oldat.png\",\"datePublished\":\"2021-06-14T07:02:28+00:00\",\"dateModified\":\"2023-06-07T07:45:51+00:00\",\"description\":\"Fitohorm 24 Mg magn\u00e9ziumoldat 1 L A magn\u00e9zium n\u00e9lk\u00fcl\u00f6zhetetlen a megfelel\u0151 fotoszint\u00e9zishez. Fokozza a n\u00f6v\u00e9ny anyagcser\u00e9j\u00e9t, seg\u00edti\",\"breadcrumb\":{\"@id\":\"https:\\\/\\\/tajkertesz.com\\\/termek\\\/fitohorm-24-mg-magneziumoldat-1-l\\\/#breadcrumb\"},\"inLanguage\":\"en-US\",\"potentialAction\":[{\"@type\":\"ReadAction\",\"target\":[\"https:\\\/\\\/tajkertesz.com\\\/termek\\\/fitohorm-24-mg-magneziumoldat-1-l\\\/\"]}]},{\"@type\":\"ImageObject\",\"inLanguage\":\"en-US\",\"@id\":\"https:\\\/\\\/tajkertesz.com\\\/termek\\\/fitohorm-24-mg-magneziumoldat-1-l\\\/#primaryimage\",\"url\":\"https:\\\/\\\/tajkertesz.com\\\/wp-content\\\/uploads\\\/2021\\\/06\\\/Magnezium-oldat.png\",\"contentUrl\":\"https:\\\/\\\/tajkertesz.com\\\/wp-content\\\/uploads\\\/2021\\\/06\\\/Magnezium-oldat.png\",\"width\":1289,\"height\":2000},{\"@type\":\"BreadcrumbList\",\"@id\":\"https:\\\/\\\/tajkertesz.com\\\/termek\\\/fitohorm-24-mg-magneziumoldat-1-l\\\/#breadcrumb\",\"itemListElement\":[{\"@type\":\"ListItem\",\"position\":1,\"name\":\"Home\",\"item\":\"https:\\\/\\\/tajkertesz.com\\\/\"},{\"@type\":\"ListItem\",\"position\":2,\"name\":\"Kezd\u0151lap\",\"item\":\"https:\\\/\\\/tajkertesz.com\\\/\"},{\"@type\":\"ListItem\",\"position\":3,\"name\":\"Fitohorm 24 Mg magn\u00e9ziumoldat Turbo 1 L\"}]},{\"@type\":\"WebSite\",\"@id\":\"https:\\\/\\\/tajkertesz.com\\\/#website\",\"url\":\"https:\\\/\\\/tajkertesz.com\\\/\",\"name\":\"T\u00e1j-Kert\u00e9sz 84 Kft.\",\"description\":\"Kert\u00e9szeti kis- \u00e9s nagykeresked\u00e9s, D\u00edszn\u00f6v\u00e9ny web\u00e1ruh\u00e1z orsz\u00e1gos h\u00e1zhozsz\u00e1ll\u00edt\u00e1ssal!\",\"publisher\":{\"@id\":\"https:\\\/\\\/tajkertesz.com\\\/#organization\"},\"potentialAction\":[{\"@type\":\"SearchAction\",\"target\":{\"@type\":\"EntryPoint\",\"urlTemplate\":\"https:\\\/\\\/tajkertesz.com\\\/?s={search_term_string}\"},\"query-input\":{\"@type\":\"PropertyValueSpecification\",\"valueRequired\":true,\"valueName\":\"search_term_string\"}}],\"inLanguage\":\"en-US\"},{\"@type\":\"Organization\",\"@id\":\"https:\\\/\\\/tajkertesz.com\\\/#organization\",\"name\":\"T\u00e1j-Kert\u00e9sz 84 Kft.\",\"url\":\"https:\\\/\\\/tajkertesz.com\\\/\",\"logo\":{\"@type\":\"ImageObject\",\"inLanguage\":\"en-US\",\"@id\":\"https:\\\/\\\/tajkertesz.com\\\/#\\\/schema\\\/logo\\\/image\\\/\",\"url\":\"https:\\\/\\\/tajkertesz.com\\\/wp-content\\\/uploads\\\/2018\\\/02\\\/logo-2-e1518678052539.png\",\"contentUrl\":\"https:\\\/\\\/tajkertesz.com\\\/wp-content\\\/uploads\\\/2018\\\/02\\\/logo-2-e1518678052539.png\",\"width\":81,\"height\":140,\"caption\":\"T\u00e1j-Kert\u00e9sz 84 Kft.\"},\"image\":{\"@id\":\"https:\\\/\\\/tajkertesz.com\\\/#\\\/schema\\\/logo\\\/image\\\/\"},\"sameAs\":[\"https:\\\/\\\/www.facebook.com\\\/Tajkertesz\\\/\"]}]}<\/script>\n<!-- \/ Yoast SEO plugin. -->","yoast_head_json":{"title":"Fitohorm 24 Mg magn\u00e9ziumoldat Turbo 1 L - T\u00e1jkert\u00e9sz","description":"Fitohorm 24 Mg magn\u00e9ziumoldat 1 L A magn\u00e9zium n\u00e9lk\u00fcl\u00f6zhetetlen a megfelel\u0151 fotoszint\u00e9zishez. Fokozza a n\u00f6v\u00e9ny anyagcser\u00e9j\u00e9t, seg\u00edti","robots":{"index":"index","follow":"follow","max-snippet":"max-snippet:-1","max-image-preview":"max-image-preview:large","max-video-preview":"max-video-preview:-1"},"canonical":"https:\/\/tajkertesz.com\/en_US\/product\/fitohorm-24-mg-magneziumoldat-1-l\/","og_locale":"en_US","og_type":"article","og_title":"Fitohorm 24 Mg magn\u00e9ziumoldat Turbo 1 L - T\u00e1jkert\u00e9sz","og_description":"Fitohorm 24 Mg magn\u00e9ziumoldat 1 L A magn\u00e9zium n\u00e9lk\u00fcl\u00f6zhetetlen a megfelel\u0151 fotoszint\u00e9zishez. Fokozza a n\u00f6v\u00e9ny anyagcser\u00e9j\u00e9t, seg\u00edti","og_url":"https:\/\/tajkertesz.com\/en_US\/product\/fitohorm-24-mg-magneziumoldat-1-l\/","og_site_name":"T\u00e1jkert\u00e9sz","article_publisher":"https:\/\/www.facebook.com\/Tajkertesz\/","article_modified_time":"2023-06-07T07:45:51+00:00","og_image":[{"width":1289,"height":2000,"url":"https:\/\/tajkertesz.com\/wp-content\/uploads\/2021\/06\/Magnezium-oldat.png","type":"image\/png"}],"twitter_card":"summary_large_image","twitter_misc":{"Est. reading time":"3 minutes"},"schema":{"@context":"https:\/\/schema.org","@graph":[{"@type":"WebPage","@id":"https:\/\/tajkertesz.com\/termek\/fitohorm-24-mg-magneziumoldat-1-l\/","url":"https:\/\/tajkertesz.com\/termek\/fitohorm-24-mg-magneziumoldat-1-l\/","name":"Fitohorm 24 Mg magn\u00e9ziumoldat Turbo 1 L - T\u00e1jkert\u00e9sz","isPartOf":{"@id":"https:\/\/tajkertesz.com\/#website"},"primaryImageOfPage":{"@id":"https:\/\/tajkertesz.com\/termek\/fitohorm-24-mg-magneziumoldat-1-l\/#primaryimage"},"image":{"@id":"https:\/\/tajkertesz.com\/termek\/fitohorm-24-mg-magneziumoldat-1-l\/#primaryimage"},"thumbnailUrl":"https:\/\/tajkertesz.com\/wp-content\/uploads\/2021\/06\/Magnezium-oldat.png","datePublished":"2021-06-14T07:02:28+00:00","dateModified":"2023-06-07T07:45:51+00:00","description":"Fitohorm 24 Mg magn\u00e9ziumoldat 1 L A magn\u00e9zium n\u00e9lk\u00fcl\u00f6zhetetlen a megfelel\u0151 fotoszint\u00e9zishez. Fokozza a n\u00f6v\u00e9ny anyagcser\u00e9j\u00e9t, seg\u00edti","breadcrumb":{"@id":"https:\/\/tajkertesz.com\/termek\/fitohorm-24-mg-magneziumoldat-1-l\/#breadcrumb"},"inLanguage":"en-US","potentialAction":[{"@type":"ReadAction","target":["https:\/\/tajkertesz.com\/termek\/fitohorm-24-mg-magneziumoldat-1-l\/"]}]},{"@type":"ImageObject","inLanguage":"en-US","@id":"https:\/\/tajkertesz.com\/termek\/fitohorm-24-mg-magneziumoldat-1-l\/#primaryimage","url":"https:\/\/tajkertesz.com\/wp-content\/uploads\/2021\/06\/Magnezium-oldat.png","contentUrl":"https:\/\/tajkertesz.com\/wp-content\/uploads\/2021\/06\/Magnezium-oldat.png","width":1289,"height":2000},{"@type":"BreadcrumbList","@id":"https:\/\/tajkertesz.com\/termek\/fitohorm-24-mg-magneziumoldat-1-l\/#breadcrumb","itemListElement":[{"@type":"ListItem","position":1,"name":"Home","item":"https:\/\/tajkertesz.com\/"},{"@type":"ListItem","position":2,"name":"Kezd\u0151lap","item":"https:\/\/tajkertesz.com\/"},{"@type":"ListItem","position":3,"name":"Fitohorm 24 Mg magn\u00e9ziumoldat Turbo 1 L"}]},{"@type":"WebSite","@id":"https:\/\/tajkertesz.com\/#website","url":"https:\/\/tajkertesz.com\/","name":"T\u00e1j-Kert\u00e9sz 84 Kft.","description":"Kert\u00e9szeti kis- \u00e9s nagykeresked\u00e9s, D\u00edszn\u00f6v\u00e9ny web\u00e1ruh\u00e1z orsz\u00e1gos h\u00e1zhozsz\u00e1ll\u00edt\u00e1ssal!","publisher":{"@id":"https:\/\/tajkertesz.com\/#organization"},"potentialAction":[{"@type":"SearchAction","target":{"@type":"EntryPoint","urlTemplate":"https:\/\/tajkertesz.com\/?s={search_term_string}"},"query-input":{"@type":"PropertyValueSpecification","valueRequired":true,"valueName":"search_term_string"}}],"inLanguage":"en-US"},{"@type":"Organization","@id":"https:\/\/tajkertesz.com\/#organization","name":"T\u00e1j-Kert\u00e9sz 84 Kft.","url":"https:\/\/tajkertesz.com\/","logo":{"@type":"ImageObject","inLanguage":"en-US","@id":"https:\/\/tajkertesz.com\/#\/schema\/logo\/image\/","url":"https:\/\/tajkertesz.com\/wp-content\/uploads\/2018\/02\/logo-2-e1518678052539.png","contentUrl":"https:\/\/tajkertesz.com\/wp-content\/uploads\/2018\/02\/logo-2-e1518678052539.png","width":81,"height":140,"caption":"T\u00e1j-Kert\u00e9sz 84 Kft."},"image":{"@id":"https:\/\/tajkertesz.com\/#\/schema\/logo\/image\/"},"sameAs":["https:\/\/www.facebook.com\/Tajkertesz\/"]}]}},"_links":{"self":[{"href":"https:\/\/tajkertesz.com\/en_US\/wp-json\/wp\/v2\/product\/6419","targetHints":{"allow":["GET"]}}],"collection":[{"href":"https:\/\/tajkertesz.com\/en_US\/wp-json\/wp\/v2\/product"}],"about":[{"href":"https:\/\/tajkertesz.com\/en_US\/wp-json\/wp\/v2\/types\/product"}],"wp:featuredmedia":[{"embeddable":true,"href":"https:\/\/tajkertesz.com\/en_US\/wp-json\/wp\/v2\/media\/6420"}],"wp:attachment":[{"href":"https:\/\/tajkertesz.com\/en_US\/wp-json\/wp\/v2\/media?parent=6419"}],"wp:term":[{"taxonomy":"product_brand","embeddable":true,"href":"https:\/\/tajkertesz.com\/en_US\/wp-json\/wp\/v2\/product_brand?post=6419"},{"taxonomy":"product_cat","embeddable":true,"href":"https:\/\/tajkertesz.com\/en_US\/wp-json\/wp\/v2\/product_cat?post=6419"},{"taxonomy":"product_tag","embeddable":true,"href":"https:\/\/tajkertesz.com\/en_US\/wp-json\/wp\/v2\/product_tag?post=6419"}],"curies":[{"name":"wp","href":"https:\/\/api.w.org\/{rel}","templated":true}]}}