{"id":6469,"date":"2021-06-14T08:47:10","date_gmt":"2021-06-14T08:47:10","guid":{"rendered":"https:\/\/tajkertesz.com\/?post_type=product&#038;p=6469"},"modified":"2023-08-08T14:58:30","modified_gmt":"2023-08-08T14:58:30","slug":"nyel-kapa-bukk-34-25-120-cm","status":"publish","type":"product","link":"https:\/\/tajkertesz.com\/en_US\/product\/nyel-kapa-bukk-34-25-120-cm\/","title":{"rendered":"Ny\u00e9l &#8211; Kapa \/b\u00fckk\/ 34\/25 120 cm"},"content":{"rendered":"<div class=\"top product-page-top lazy\">\n<div class=\"center product-page-center lazy\">\n<h3>Ny\u00e9l &#8211; Kapa \/b\u00fckk\/ 34\/25 120 cm<\/h3>\n<p>Ny\u00e9l &#8211; Kapa \/b\u00fckk\/ 34\/25 120 cm hossz\u00fa, b\u00fckkf\u00e1b\u00f3l k\u00e9sz\u00fclt kapany\u00e9l. A v\u00e9ge 3,4 cm * 2,5 cm sz\u00e9les.<\/p>\n<\/div>\n<\/div>\n<div class=\"product-page-price-wrapper lazy\">\n<div class=\"product-page-price lazy\"><\/div>\n<\/div>\n<p style=\"line-height: 18.0pt; background: white; margin: 0cm 0cm 15.0pt 0cm;\"><b><span style=\"font-family: 'Ubuntu',serif; color: black;\">K\u00e9szlet\u00fcnk napi szinten v\u00e1ltozik, ez\u00e9rt k\u00e9rj\u00fck, \u00e9rdekl\u0151dj\u00f6n szem\u00e9lyesen, telefonon vagy email-en.<br \/>\nA v\u00e1ltoztat\u00e1s jog\u00e1t fenntartjuk!\u00a0<\/span><\/b><\/p>\n<p><a href=\"https:\/\/tajkertesz.com\/\">https:\/\/tajkertesz.com\/<\/a><\/p>\n<p><a href=\"https:\/\/www.facebook.com\/tajkertesz\">https:\/\/www.facebook.com\/tajkertesz<\/a><\/p>\n<p><a title=\"\" href=\"https:\/\/hu.wikipedia.org\/wiki\/1900\"><span style=\"color: #ffffff;\">1900<\/span><\/a><span style=\"color: #ffffff;\">\u00a0t\u00e1j\u00e1n a fogatos gerebly\u00e9k a lekasz\u00e1lt s megsz\u00e1radt\u00a0<a style=\"color: #ffffff;\" title=\"Sz\u00e9na\" href=\"https:\/\/hu.wikipedia.org\/wiki\/Sz%C3%A9na\">sz\u00e9na<\/a>\u00a0\u00f6sszegy\u0171jt\u00e9s\u00e9n\u00e9l mindink\u00e1bb kiszor\u00edtott\u00e1k a k\u00e9zi gerebly\u00e9ket. A\u00a0<a style=\"color: #ffffff;\" title=\"L\u00f3\" href=\"https:\/\/hu.wikipedia.org\/wiki\/L%C3%B3\">l\u00f3val<\/a>\u00a0vontatott gerebly\u00e9k szerkezete \u00e1ltal\u00e1noss\u00e1gban egy sor h\u00e1tra hajl\u00f3, k\u00fcl\u00f6nf\u00e9le m\u00f3don meger\u0151s\u00edtett\u00a0<a style=\"color: #ffffff;\" title=\"Vas\" href=\"https:\/\/hu.wikipedia.org\/wiki\/Vas\">vas<\/a>&#8211; vagy\u00a0<a style=\"color: #ffffff;\" title=\"Ac\u00e9l\" href=\"https:\/\/hu.wikipedia.org\/wiki\/Ac%C3%A9l\">ac\u00e9lfog<\/a>\u00a0egy k\u00f6z\u00f6s\u00a0<a style=\"color: #ffffff;\" title=\"Tengely (g\u00e9pelem)\" href=\"https:\/\/hu.wikipedia.org\/wiki\/Tengely_(g%C3%A9pelem)\">tengelyen<\/a>, melyek egyszerre felemelhet\u0151k, ha a kell\u0151 mennyis\u00e9g\u0171 sz\u00e9n\u00e1t felgy\u0171jt\u00f6tt\u00e9k. A gereblye sor tengely\u00e9n k\u00e9t j\u00e1r\u00f3\u00a0<a style=\"color: #ffffff;\" title=\"Ker\u00e9k\" href=\"https:\/\/hu.wikipedia.org\/wiki\/Ker%C3%A9k\">ker\u00e9k<\/a>\u00a0van, s a munk\u00e1s vagy a g\u00e9pen \u00fclve kezeli azt, vagy ut\u00e1na j\u00e1rva emeli fel a gerebly\u00e9t sz\u00fcks\u00e9g szerint.\u00a0<a style=\"color: #ffffff;\" title=\"Amerikai Egyes\u00fclt \u00c1llamok\" href=\"https:\/\/hu.wikipedia.org\/wiki\/Amerikai_Egyes%C3%BClt_%C3%81llamok\">Amerik\u00e1b\u00f3l<\/a>\u00a0j\u00f6ttek \u00e1t hozz\u00e1nk a l\u00f3vonat\u00fa gerebly\u00e9k, s\u00a0<a style=\"color: #ffffff;\" title=\"1900\" href=\"https:\/\/hu.wikipedia.org\/wiki\/1900\">1900<\/a>\u00a0k\u00f6r\u00fclre m\u00e1r \u00e1ltal\u00e1nosan elterjedtek. Ekkoriban nevezetesebbek voltak a \u00abTiger\u00bb \u00e9s \u00abHolsingworth\u00bb szerkezet\u0171 l\u00f3gerebly\u00e9k.<\/span><\/p>\n<h3><span style=\"color: #ffffff;\">A gereblye nem csak a mez\u0151gazdas\u00e1gban,<\/span><\/h3>\n<p><span style=\"color: #ffffff;\"> hanem a h\u00e1z k\u00f6r\u00fcl is fontos eszk\u00f6z, a lehullott faleveleket (avart) vagy egy\u00e9b lombokat is \u00f6ssze lehet vele szedni (a speci\u00e1lisan lombgy\u0171jt\u00e9sre szakosodott verzi\u00f3ja a lombsepr\u0171). Nyele \u00e1ltal\u00e1ban f\u00e1b\u00f3l, feje pedig vasb\u00f3l k\u00e9sz\u00fcl, de manaps\u00e1g m\u00e1r elterjedt a m\u0171anyagb\u00f3l k\u00e9sz\u00fclt v\u00e1ltozat is. Kert\u00e9szetekben \u00e9s nagyobb \u00e1ruh\u00e1zakban kaphat\u00f3, ak\u00e1rcsak az \u00e1s\u00f3, a lap\u00e1t, a kapa vagy ritk\u00e1bban a kasza.<\/span><\/p>\n<p><span style=\"color: #ffffff;\"><a style=\"color: #ffffff;\" title=\"\" href=\"https:\/\/hu.wikipedia.org\/wiki\/1900\">900<\/a>\u00a0t\u00e1j\u00e1n a fogatos gerebly\u00e9k a lekasz\u00e1lt s megsz\u00e1radt\u00a0<a style=\"color: #ffffff;\" title=\"Sz\u00e9na\" href=\"https:\/\/hu.wikipedia.org\/wiki\/Sz%C3%A9na\">sz\u00e9na<\/a>\u00a0\u00f6sszegy\u0171jt\u00e9s\u00e9n\u00e9l mindink\u00e1bb kiszor\u00edtott\u00e1k a k\u00e9zi gerebly\u00e9ket. A\u00a0<a style=\"color: #ffffff;\" title=\"L\u00f3\" href=\"https:\/\/hu.wikipedia.org\/wiki\/L%C3%B3\">l\u00f3val<\/a>\u00a0vontatott gerebly\u00e9k szerkezete \u00e1ltal\u00e1noss\u00e1gban egy sor h\u00e1tra hajl\u00f3, k\u00fcl\u00f6nf\u00e9le m\u00f3don meger\u0151s\u00edtett\u00a0<a style=\"color: #ffffff;\" title=\"Vas\" href=\"https:\/\/hu.wikipedia.org\/wiki\/Vas\">vas<\/a>&#8211; vagy\u00a0<a style=\"color: #ffffff;\" title=\"Ac\u00e9l\" href=\"https:\/\/hu.wikipedia.org\/wiki\/Ac%C3%A9l\">ac\u00e9lfog<\/a>\u00a0egy k\u00f6z\u00f6s\u00a0<a style=\"color: #ffffff;\" title=\"Tengely (g\u00e9pelem)\" href=\"https:\/\/hu.wikipedia.org\/wiki\/Tengely_(g%C3%A9pelem)\">tengelyen<\/a>, melyek egyszerre felemelhet\u0151k, ha a kell\u0151 mennyis\u00e9g\u0171 sz\u00e9n\u00e1t felgy\u0171jt\u00f6tt\u00e9k. A gereblye sor tengely\u00e9n k\u00e9t j\u00e1r\u00f3\u00a0<a style=\"color: #ffffff;\" title=\"Ker\u00e9k\" href=\"https:\/\/hu.wikipedia.org\/wiki\/Ker%C3%A9k\">ker\u00e9k<\/a>\u00a0van, s a munk\u00e1s vagy a g\u00e9pen \u00fclve kezeli azt, vagy ut\u00e1na j\u00e1rva emeli fel a gerebly\u00e9t sz\u00fcks\u00e9g szerint.\u00a0<a style=\"color: #ffffff;\" title=\"Amerikai Egyes\u00fclt \u00c1llamok\" href=\"https:\/\/hu.wikipedia.org\/wiki\/Amerikai_Egyes%C3%BClt_%C3%81llamok\">Amerik\u00e1b\u00f3l<\/a>\u00a0j\u00f6ttek \u00e1t hozz\u00e1nk a l\u00f3vonat\u00fa gerebly\u00e9k, s\u00a0<a style=\"color: #ffffff;\" title=\"1900\" href=\"https:\/\/hu.wikipedia.org\/wiki\/1900\">1900<\/a>\u00a0k\u00f6r\u00fclre m\u00e1r \u00e1ltal\u00e1nosan elterjedtek. Ekkoriban nevezetesebbek voltak a \u00abTiger\u00bb \u00e9s \u00abHolsingworth\u00bb szerkezet\u0171 l\u00f3gerebly\u00e9k.<\/span><\/p>\n<p><span style=\"color: #ffffff;\">sokoldal\u00fa szersz\u00e1mr\u00f3l! A kimondottan sz\u00e9les gereblye akkor praktikus, ha nagy kiterjed\u00e9s\u0171 a gyepfel\u00fclet, kisebb kertekben azonban el\u00e9g neh\u00e9zkesen megy vele a munka. Jobb egy k\u00f6zepes nagys\u00e1g\u00fa, kb. 40-50 cm sz\u00e9les darab.<\/span><\/p>\n<p><span style=\"color: #ffffff;\"><strong>Fontos:<\/strong>\u00a0A kivehet\u0151 ny\u00e9l olyan szersz\u00e1mokn\u00e1l praktikus, amelyek csak ritk\u00e1n vannak haszn\u00e1latban. Rendszeres haszn\u00e1lat mellett hamar ny\u0171gg\u00e9 v\u00e1lhat ez az \u00f6sszedughat\u00f3 rendszer.<\/span><\/p>\n<p><span style=\"color: #ffffff;\">Az al\u00e1bbi kerti szersz\u00e1mok egy kertb\u0151l sem hi\u00e1nyozhatnak. Ak\u00e1r alapfelszerel\u00e9sr\u0151l, ak\u00e1r speci\u00e1lis szersz\u00e1mr\u00f3l vagy praktikus kell\u00e9kr\u0151l van sz\u00f3 \u2013 a kertiszersz\u00e1m-kisokos seg\u00edts\u00e9g\u00e9vel r\u00f6gt\u00f6n belev\u00e1ghat a kinti munk\u00e1kba.<\/span><\/p>\n<p><span style=\"color: #ffffff;\"><strong>Javaslat:<\/strong>\u00a0Ha \u0151sszel elmulasztotta alaposan ellen\u0151rizni, megtiszt\u00edtani \u00e9s \u2013 ahol sz\u00fcks\u00e9ges \u2013 beolajozni vagy meg\u00e9lezni a r\u00e9gi kerti szersz\u00e1mokat, most p\u00f3tolja.<\/span><\/p>\n<p><span style=\"color: #ffffff;\">Gerebly\u00e9vel lehet elsim\u00edtani a vir\u00e1g\u00e1gy\u00e1sokat, illetve \u00f6sszegerebly\u00e9zni a lehullott leveleket vagy a k\u00fcl\u00f6nf\u00e9le apr\u00edt\u00e9kokat. Semmik\u00e9ppen nem mondjon le err\u0151l a sokoldal\u00fa szersz\u00e1mr\u00f3l! A kimondottan sz\u00e9les gereblye akkor praktikus, ha nagy kiterjed\u00e9s\u0171 a gyepfel\u00fclet, kisebb kertekben azonban el\u00e9g neh\u00e9zkesen megy vele a munka. Jobb egy k\u00f6zepes nagys\u00e1g\u00fa, kb. 40-50 cm sz\u00e9les darab.<\/span><\/p>\n<p><span style=\"color: #ffffff;\"><strong>Fontos:<\/strong><\/span><span style=\"color: #ffffff;\">endszer.<\/span><span style=\"color: #ffffff;\">A kivehet\u0151 ny\u00e9l olyan szersz\u00e1mokn\u00e1l praktikus, amelyek csak ritk\u00e1n vannak haszn\u00e1latban. Rendszeres haszn\u00e1lat mellett hamar ny\u0171gg\u00e9 v\u00e1lhat ez az \u00f6sszedughat\u00f3 r<\/span><\/p>","protected":false},"excerpt":{"rendered":"<div class=\"top product-page-top lazy\">\n<div class=\"center product-page-center lazy\">\n<div class=\"top product-page-top lazy\">\n<div class=\"center product-page-center lazy\">\n<div class=\"top product-page-top lazy\">\n<div class=\"center product-page-center lazy\">\n<div class=\"top product-page-top lazy\">\n<div class=\"center product-page-center lazy\">\n<h3>Ny\u00e9l &#8211; Kapa \/b\u00fckk\/ 34\/25 120 cm<\/h3>\n<p>Ny\u00e9l &#8211; Kapa \/b\u00fckk\/ 34\/25 120 cm hossz\u00fa, b\u00fckkf\u00e1b\u00f3l k\u00e9sz\u00fclt kapany\u00e9l. A v\u00e9ge 3,4 cm * 2,5 cm sz\u00e9les.<\/p>\n<\/div>\n<\/div>\n<div class=\"product-page-price-wrapper lazy\">\n<div class=\"product-page-price lazy\"><\/div>\n<\/div>\n<\/div>\n<\/div>\n<\/div>\n<\/div>\n<\/div>\n<\/div>","protected":false},"featured_media":6470,"template":"","meta":{"_et_pb_use_builder":"","_et_pb_old_content":"","_et_gb_content_width":""},"product_brand":[],"product_cat":[1952],"product_tag":[1872],"class_list":{"0":"post-6469","1":"product","2":"type-product","3":"status-publish","4":"has-post-thumbnail","6":"product_cat-aso-lapat-kapa-gereblye-nyel","7":"product_tag-nyel-kapa-bukk-34-25-120-cm","9":"first","10":"instock","11":"shipping-taxable","12":"purchasable","13":"product-type-simple"},"yoast_head":"<!-- This site is optimized with the Yoast SEO plugin v27.3 - https:\/\/yoast.com\/product\/yoast-seo-wordpress\/ -->\n<title>Ny\u00e9l - Kapa \/b\u00fckk\/ 34\/25 120 cm - T\u00e1jkert\u00e9sz<\/title>\n<meta name=\"description\" content=\"Ny\u00e9l - Kapa \/b\u00fckk\/ 34\/25 120 cm hossz\u00fa, b\u00fckkf\u00e1b\u00f3l k\u00e9sz\u00fclt kapany\u00e9l. A v\u00e9ge 3,4 cm * 2,5 cm sz\u00e9les.\" \/>\n<meta name=\"robots\" content=\"index, follow, max-snippet:-1, max-image-preview:large, max-video-preview:-1\" \/>\n<link rel=\"canonical\" href=\"https:\/\/tajkertesz.com\/en_US\/product\/nyel-kapa-bukk-34-25-120-cm\/\" \/>\n<meta property=\"og:locale\" content=\"en_US\" \/>\n<meta property=\"og:type\" content=\"article\" \/>\n<meta property=\"og:title\" content=\"Ny\u00e9l - Kapa \/b\u00fckk\/ 34\/25 120 cm - T\u00e1jkert\u00e9sz\" \/>\n<meta property=\"og:description\" content=\"Ny\u00e9l - Kapa \/b\u00fckk\/ 34\/25 120 cm hossz\u00fa, b\u00fckkf\u00e1b\u00f3l k\u00e9sz\u00fclt kapany\u00e9l. A v\u00e9ge 3,4 cm * 2,5 cm sz\u00e9les.\" \/>\n<meta property=\"og:url\" content=\"https:\/\/tajkertesz.com\/en_US\/product\/nyel-kapa-bukk-34-25-120-cm\/\" \/>\n<meta property=\"og:site_name\" content=\"T\u00e1jkert\u00e9sz\" \/>\n<meta property=\"article:publisher\" content=\"https:\/\/www.facebook.com\/Tajkertesz\/\" \/>\n<meta property=\"article:modified_time\" content=\"2023-08-08T14:58:30+00:00\" \/>\n<meta property=\"og:image\" content=\"https:\/\/tajkertesz.com\/wp-content\/uploads\/2021\/06\/kapa-nyel.jpg\" \/>\n\t<meta property=\"og:image:width\" content=\"250\" \/>\n\t<meta property=\"og:image:height\" content=\"250\" \/>\n\t<meta property=\"og:image:type\" content=\"image\/jpeg\" \/>\n<meta name=\"twitter:card\" content=\"summary_large_image\" \/>\n<meta name=\"twitter:label1\" content=\"Est. reading time\" \/>\n\t<meta name=\"twitter:data1\" content=\"3 minutes\" \/>\n<script type=\"application\/ld+json\" class=\"yoast-schema-graph\">{\"@context\":\"https:\\\/\\\/schema.org\",\"@graph\":[{\"@type\":\"WebPage\",\"@id\":\"https:\\\/\\\/tajkertesz.com\\\/termek\\\/nyel-kapa-bukk-34-25-120-cm\\\/\",\"url\":\"https:\\\/\\\/tajkertesz.com\\\/termek\\\/nyel-kapa-bukk-34-25-120-cm\\\/\",\"name\":\"Ny\u00e9l - Kapa \\\/b\u00fckk\\\/ 34\\\/25 120 cm - T\u00e1jkert\u00e9sz\",\"isPartOf\":{\"@id\":\"https:\\\/\\\/tajkertesz.com\\\/#website\"},\"primaryImageOfPage\":{\"@id\":\"https:\\\/\\\/tajkertesz.com\\\/termek\\\/nyel-kapa-bukk-34-25-120-cm\\\/#primaryimage\"},\"image\":{\"@id\":\"https:\\\/\\\/tajkertesz.com\\\/termek\\\/nyel-kapa-bukk-34-25-120-cm\\\/#primaryimage\"},\"thumbnailUrl\":\"https:\\\/\\\/tajkertesz.com\\\/wp-content\\\/uploads\\\/2021\\\/06\\\/kapa-nyel.jpg\",\"datePublished\":\"2021-06-14T08:47:10+00:00\",\"dateModified\":\"2023-08-08T14:58:30+00:00\",\"description\":\"Ny\u00e9l - Kapa \\\/b\u00fckk\\\/ 34\\\/25 120 cm hossz\u00fa, b\u00fckkf\u00e1b\u00f3l k\u00e9sz\u00fclt kapany\u00e9l. A v\u00e9ge 3,4 cm * 2,5 cm sz\u00e9les.\",\"breadcrumb\":{\"@id\":\"https:\\\/\\\/tajkertesz.com\\\/termek\\\/nyel-kapa-bukk-34-25-120-cm\\\/#breadcrumb\"},\"inLanguage\":\"en-US\",\"potentialAction\":[{\"@type\":\"ReadAction\",\"target\":[\"https:\\\/\\\/tajkertesz.com\\\/termek\\\/nyel-kapa-bukk-34-25-120-cm\\\/\"]}]},{\"@type\":\"ImageObject\",\"inLanguage\":\"en-US\",\"@id\":\"https:\\\/\\\/tajkertesz.com\\\/termek\\\/nyel-kapa-bukk-34-25-120-cm\\\/#primaryimage\",\"url\":\"https:\\\/\\\/tajkertesz.com\\\/wp-content\\\/uploads\\\/2021\\\/06\\\/kapa-nyel.jpg\",\"contentUrl\":\"https:\\\/\\\/tajkertesz.com\\\/wp-content\\\/uploads\\\/2021\\\/06\\\/kapa-nyel.jpg\",\"width\":250,\"height\":250},{\"@type\":\"BreadcrumbList\",\"@id\":\"https:\\\/\\\/tajkertesz.com\\\/termek\\\/nyel-kapa-bukk-34-25-120-cm\\\/#breadcrumb\",\"itemListElement\":[{\"@type\":\"ListItem\",\"position\":1,\"name\":\"Home\",\"item\":\"https:\\\/\\\/tajkertesz.com\\\/\"},{\"@type\":\"ListItem\",\"position\":2,\"name\":\"Kezd\u0151lap\",\"item\":\"https:\\\/\\\/tajkertesz.com\\\/\"},{\"@type\":\"ListItem\",\"position\":3,\"name\":\"Ny\u00e9l &#8211; Kapa \\\/b\u00fckk\\\/ 34\\\/25 120 cm\"}]},{\"@type\":\"WebSite\",\"@id\":\"https:\\\/\\\/tajkertesz.com\\\/#website\",\"url\":\"https:\\\/\\\/tajkertesz.com\\\/\",\"name\":\"T\u00e1j-Kert\u00e9sz 84 Kft.\",\"description\":\"Kert\u00e9szeti kis- \u00e9s nagykeresked\u00e9s, D\u00edszn\u00f6v\u00e9ny web\u00e1ruh\u00e1z orsz\u00e1gos h\u00e1zhozsz\u00e1ll\u00edt\u00e1ssal!\",\"publisher\":{\"@id\":\"https:\\\/\\\/tajkertesz.com\\\/#organization\"},\"potentialAction\":[{\"@type\":\"SearchAction\",\"target\":{\"@type\":\"EntryPoint\",\"urlTemplate\":\"https:\\\/\\\/tajkertesz.com\\\/?s={search_term_string}\"},\"query-input\":{\"@type\":\"PropertyValueSpecification\",\"valueRequired\":true,\"valueName\":\"search_term_string\"}}],\"inLanguage\":\"en-US\"},{\"@type\":\"Organization\",\"@id\":\"https:\\\/\\\/tajkertesz.com\\\/#organization\",\"name\":\"T\u00e1j-Kert\u00e9sz 84 Kft.\",\"url\":\"https:\\\/\\\/tajkertesz.com\\\/\",\"logo\":{\"@type\":\"ImageObject\",\"inLanguage\":\"en-US\",\"@id\":\"https:\\\/\\\/tajkertesz.com\\\/#\\\/schema\\\/logo\\\/image\\\/\",\"url\":\"https:\\\/\\\/tajkertesz.com\\\/wp-content\\\/uploads\\\/2018\\\/02\\\/logo-2-e1518678052539.png\",\"contentUrl\":\"https:\\\/\\\/tajkertesz.com\\\/wp-content\\\/uploads\\\/2018\\\/02\\\/logo-2-e1518678052539.png\",\"width\":81,\"height\":140,\"caption\":\"T\u00e1j-Kert\u00e9sz 84 Kft.\"},\"image\":{\"@id\":\"https:\\\/\\\/tajkertesz.com\\\/#\\\/schema\\\/logo\\\/image\\\/\"},\"sameAs\":[\"https:\\\/\\\/www.facebook.com\\\/Tajkertesz\\\/\"]}]}<\/script>\n<!-- \/ Yoast SEO plugin. -->","yoast_head_json":{"title":"Ny\u00e9l - Kapa \/b\u00fckk\/ 34\/25 120 cm - T\u00e1jkert\u00e9sz","description":"Ny\u00e9l - Kapa \/b\u00fckk\/ 34\/25 120 cm hossz\u00fa, b\u00fckkf\u00e1b\u00f3l k\u00e9sz\u00fclt kapany\u00e9l. A v\u00e9ge 3,4 cm * 2,5 cm sz\u00e9les.","robots":{"index":"index","follow":"follow","max-snippet":"max-snippet:-1","max-image-preview":"max-image-preview:large","max-video-preview":"max-video-preview:-1"},"canonical":"https:\/\/tajkertesz.com\/en_US\/product\/nyel-kapa-bukk-34-25-120-cm\/","og_locale":"en_US","og_type":"article","og_title":"Ny\u00e9l - Kapa \/b\u00fckk\/ 34\/25 120 cm - T\u00e1jkert\u00e9sz","og_description":"Ny\u00e9l - Kapa \/b\u00fckk\/ 34\/25 120 cm hossz\u00fa, b\u00fckkf\u00e1b\u00f3l k\u00e9sz\u00fclt kapany\u00e9l. A v\u00e9ge 3,4 cm * 2,5 cm sz\u00e9les.","og_url":"https:\/\/tajkertesz.com\/en_US\/product\/nyel-kapa-bukk-34-25-120-cm\/","og_site_name":"T\u00e1jkert\u00e9sz","article_publisher":"https:\/\/www.facebook.com\/Tajkertesz\/","article_modified_time":"2023-08-08T14:58:30+00:00","og_image":[{"width":250,"height":250,"url":"https:\/\/tajkertesz.com\/wp-content\/uploads\/2021\/06\/kapa-nyel.jpg","type":"image\/jpeg"}],"twitter_card":"summary_large_image","twitter_misc":{"Est. reading time":"3 minutes"},"schema":{"@context":"https:\/\/schema.org","@graph":[{"@type":"WebPage","@id":"https:\/\/tajkertesz.com\/termek\/nyel-kapa-bukk-34-25-120-cm\/","url":"https:\/\/tajkertesz.com\/termek\/nyel-kapa-bukk-34-25-120-cm\/","name":"Ny\u00e9l - Kapa \/b\u00fckk\/ 34\/25 120 cm - T\u00e1jkert\u00e9sz","isPartOf":{"@id":"https:\/\/tajkertesz.com\/#website"},"primaryImageOfPage":{"@id":"https:\/\/tajkertesz.com\/termek\/nyel-kapa-bukk-34-25-120-cm\/#primaryimage"},"image":{"@id":"https:\/\/tajkertesz.com\/termek\/nyel-kapa-bukk-34-25-120-cm\/#primaryimage"},"thumbnailUrl":"https:\/\/tajkertesz.com\/wp-content\/uploads\/2021\/06\/kapa-nyel.jpg","datePublished":"2021-06-14T08:47:10+00:00","dateModified":"2023-08-08T14:58:30+00:00","description":"Ny\u00e9l - Kapa \/b\u00fckk\/ 34\/25 120 cm hossz\u00fa, b\u00fckkf\u00e1b\u00f3l k\u00e9sz\u00fclt kapany\u00e9l. A v\u00e9ge 3,4 cm * 2,5 cm sz\u00e9les.","breadcrumb":{"@id":"https:\/\/tajkertesz.com\/termek\/nyel-kapa-bukk-34-25-120-cm\/#breadcrumb"},"inLanguage":"en-US","potentialAction":[{"@type":"ReadAction","target":["https:\/\/tajkertesz.com\/termek\/nyel-kapa-bukk-34-25-120-cm\/"]}]},{"@type":"ImageObject","inLanguage":"en-US","@id":"https:\/\/tajkertesz.com\/termek\/nyel-kapa-bukk-34-25-120-cm\/#primaryimage","url":"https:\/\/tajkertesz.com\/wp-content\/uploads\/2021\/06\/kapa-nyel.jpg","contentUrl":"https:\/\/tajkertesz.com\/wp-content\/uploads\/2021\/06\/kapa-nyel.jpg","width":250,"height":250},{"@type":"BreadcrumbList","@id":"https:\/\/tajkertesz.com\/termek\/nyel-kapa-bukk-34-25-120-cm\/#breadcrumb","itemListElement":[{"@type":"ListItem","position":1,"name":"Home","item":"https:\/\/tajkertesz.com\/"},{"@type":"ListItem","position":2,"name":"Kezd\u0151lap","item":"https:\/\/tajkertesz.com\/"},{"@type":"ListItem","position":3,"name":"Ny\u00e9l &#8211; Kapa \/b\u00fckk\/ 34\/25 120 cm"}]},{"@type":"WebSite","@id":"https:\/\/tajkertesz.com\/#website","url":"https:\/\/tajkertesz.com\/","name":"T\u00e1j-Kert\u00e9sz 84 Kft.","description":"Kert\u00e9szeti kis- \u00e9s nagykeresked\u00e9s, D\u00edszn\u00f6v\u00e9ny web\u00e1ruh\u00e1z orsz\u00e1gos h\u00e1zhozsz\u00e1ll\u00edt\u00e1ssal!","publisher":{"@id":"https:\/\/tajkertesz.com\/#organization"},"potentialAction":[{"@type":"SearchAction","target":{"@type":"EntryPoint","urlTemplate":"https:\/\/tajkertesz.com\/?s={search_term_string}"},"query-input":{"@type":"PropertyValueSpecification","valueRequired":true,"valueName":"search_term_string"}}],"inLanguage":"en-US"},{"@type":"Organization","@id":"https:\/\/tajkertesz.com\/#organization","name":"T\u00e1j-Kert\u00e9sz 84 Kft.","url":"https:\/\/tajkertesz.com\/","logo":{"@type":"ImageObject","inLanguage":"en-US","@id":"https:\/\/tajkertesz.com\/#\/schema\/logo\/image\/","url":"https:\/\/tajkertesz.com\/wp-content\/uploads\/2018\/02\/logo-2-e1518678052539.png","contentUrl":"https:\/\/tajkertesz.com\/wp-content\/uploads\/2018\/02\/logo-2-e1518678052539.png","width":81,"height":140,"caption":"T\u00e1j-Kert\u00e9sz 84 Kft."},"image":{"@id":"https:\/\/tajkertesz.com\/#\/schema\/logo\/image\/"},"sameAs":["https:\/\/www.facebook.com\/Tajkertesz\/"]}]}},"_links":{"self":[{"href":"https:\/\/tajkertesz.com\/en_US\/wp-json\/wp\/v2\/product\/6469","targetHints":{"allow":["GET"]}}],"collection":[{"href":"https:\/\/tajkertesz.com\/en_US\/wp-json\/wp\/v2\/product"}],"about":[{"href":"https:\/\/tajkertesz.com\/en_US\/wp-json\/wp\/v2\/types\/product"}],"wp:featuredmedia":[{"embeddable":true,"href":"https:\/\/tajkertesz.com\/en_US\/wp-json\/wp\/v2\/media\/6470"}],"wp:attachment":[{"href":"https:\/\/tajkertesz.com\/en_US\/wp-json\/wp\/v2\/media?parent=6469"}],"wp:term":[{"taxonomy":"product_brand","embeddable":true,"href":"https:\/\/tajkertesz.com\/en_US\/wp-json\/wp\/v2\/product_brand?post=6469"},{"taxonomy":"product_cat","embeddable":true,"href":"https:\/\/tajkertesz.com\/en_US\/wp-json\/wp\/v2\/product_cat?post=6469"},{"taxonomy":"product_tag","embeddable":true,"href":"https:\/\/tajkertesz.com\/en_US\/wp-json\/wp\/v2\/product_tag?post=6469"}],"curies":[{"name":"wp","href":"https:\/\/api.w.org\/{rel}","templated":true}]}}