{"id":6477,"date":"2021-06-14T08:57:17","date_gmt":"2021-06-14T08:57:17","guid":{"rendered":"https:\/\/tajkertesz.com\/?post_type=product&#038;p=6477"},"modified":"2024-08-13T14:00:40","modified_gmt":"2024-08-13T14:00:40","slug":"garden-permetezo-szar-150-cm","status":"publish","type":"product","link":"https:\/\/tajkertesz.com\/en_US\/product\/garden-permetezo-szar-150-cm\/","title":{"rendered":"Garden permetez\u0151 sz\u00e1r 150 cm"},"content":{"rendered":"<div class=\"artdet__name-rating d-none d-lg-block\">\n<div class=\"row gutters-5\">\n<div class=\"col\">\n<div class=\"artdet__name-pagination-wrap d-flex\">\n<div class=\"top product-page-top\">\n<div class=\"center product-page-center\">\n<div class=\"artdet__name-pagination-wrap d-flex\">\n<h2>Garden permetez\u0151 sz\u00e1r 150 cm<\/h2>\n<\/div>\n<div class=\"artdet__name-pagination-wrap d-flex\">\n<p>Garden permetez\u0151 sz\u00e1r 150 cm Garden permetez\u0151kh\u00f6z. A garden permetez\u0151 sz\u00e1rral az 1,5 m\u00e9tern\u00e9l magasabb n\u00f6v\u00e9nyek vegyszerez\u00e9s\u00e9t v\u00e9gezhetj\u00fck el. \u00cdgy nem kell l\u00e9tr\u00e1n \u00e1llva v\u00e9gezni a tev\u00e9kenys\u00e9get. A Garden permetez\u0151 sz\u00e1r k\u00f6nnyen hordozhat\u00f3<span style=\"font-size: 16px;\">. Ergonomikus ny\u00e9lkialak\u00edt\u00e1sa biztos, cs\u00fasz\u00e1smentes fog\u00e1st ny\u00fajt. A t\u00f6ml\u0151<\/span>\u00a0csatlakoz\u00e1si \u00e1tm\u00e9r\u0151je 0,8 mm<span style=\"font-size: 16px;\">.\u00a0A\u00a0<\/span>2-3 bar \u00fczemi nyom\u00e1so<span style=\"font-size: 16px;\">n m\u0171k\u00f6dtetett \u00a0permetez\u0151g\u00e9phez csatlakoztatva, percenk\u00e9nt 0,45-0,6 liter folyad\u00e9kot tudunk a n\u00f6v\u00e9nyekre juttatni. A s\u00e1rgar\u00e9z\u00a0<\/span>f\u00fav\u00f3ka m\u00e9rete 1,25 mm.<\/p>\n<p>M\u00e9ret:150 cm<\/p>\n<p>F\u00fav\u00f3ka m\u00e9rete: 1,25 mm<\/p>\n<p>Max \u00fczemi nyom\u00e1s: 2-3 bar<\/p>\n<\/div>\n<\/div>\n<\/div>\n<\/div>\n<\/div>\n<\/div>\n<\/div>\n<div><a href=\"https:\/\/www.facebook.com\/tajkertesz\">https:\/\/www.facebook.com\/tajkertesz<\/a><\/div>\n<div>\n<p><a href=\"https:\/\/tajkertesz.com\/\">https:\/\/tajkertesz.com\/<\/a><\/p>\n<p>&nbsp;<\/p>\n<\/div>\n<div>\n<p><span style=\"color: #ffffff;\">Az\u00a0<b>\u00e1s\u00f3<\/b>\u00a0a\u00a0<a style=\"color: #ffffff;\" title=\"Talaj\" href=\"https:\/\/hu.wikipedia.org\/wiki\/Talaj\">talaj<\/a>\u00a0laz\u00edt\u00e1s\u00e1ra \u00e9s kever\u00e9s\u00e9re szolg\u00e1l\u00f3 eszk\u00f6z, f\u0151leg kertm\u0171vel\u00e9sn\u00e9l van szerepe. A szersz\u00e1mot 3\u20134\u00a0mm vastag, 150\u2013200\u00a0mm sz\u00e9les \u00e9s 200\u2013300\u00a0mm hossz\u00fa, alul csapott, g\u00f6mb\u00f6ly\u0171 vagy hegyes v\u00e9g\u0171\u00a0<a style=\"color: #ffffff;\" title=\"Ac\u00e9l\" href=\"https:\/\/hu.wikipedia.org\/wiki\/Ac%C3%A9l\">ac\u00e9llap<\/a>\u00a0k\u00e9pezi, melyhez a lap egyenes ir\u00e1ny\u00fa folytat\u00e1s\u00e1ban t\u00f6bbnyire foganty\u00faval rendelkez\u0151 0,7\u20131 m hossz\u00fa, 2,5-3,5\u00a0cm vastag fa ny\u00e9l van er\u0151s\u00edtve. Az \u00e1s\u00f3k \u00e1tlagos s\u00falya 1-2,5\u00a0kg.<\/span><\/p>\n<p><span style=\"color: #ffffff;\">Az \u00e1s\u00e1si munk\u00e1n\u00e1l a lap nyom\u00e1s\u00e1val a talajt mer\u0151leges ir\u00e1nyban sz\u00e9tmetszik, a ny\u00e9l lenyom\u00e1s\u00e1val v\u00edzszintes ir\u00e1nyban is elv\u00e1lasztj\u00e1k, az \u00e1s\u00f3 gyors elforgat\u00e1s\u00e1val pedig oldalt \u00e1tforgatj\u00e1k, ennek k\u00f6vetkezt\u00e9ben keverik. A munk\u00e1s az \u00e1s\u00f3val 20\u201325\u00a0cm m\u00e9ly munk\u00e1n\u00e1l a talaj t\u00edpus\u00e1t\u00f3l f\u00fcgg\u0151en naponta 80-200\u00a0<a style=\"color: #ffffff;\" title=\"N\u00e9gyzetm\u00e9ter\" href=\"https:\/\/hu.wikipedia.org\/wiki\/N%C3%A9gyzetm%C3%A9ter\">n\u00e9gyzetm\u00e9ter<\/a>\u00a0ter\u00fcletet m\u0171vel meg.<\/span><\/p>\n<h2><span style=\"color: #ffffff;\"><span id=\"Gyalogs.C3.A1gi_.C3.A1s.C3.B3\"><\/span><span id=\"Gyalogs\u00e1gi_\u00e1s\u00f3\" class=\"mw-headline\">Gyalogs\u00e1gi \u00e1s\u00f3<\/span><\/span><\/h2>\n<\/div>\n<h3><span style=\"color: #ffffff;\">\u00d6nt\u00f6z\u00e9s :<\/span><\/h3>\n<p><span style=\"color: #ffffff;\">Az\u00a0<b>\u00f6nt\u00f6z\u00e9s<\/b> a talaj nedvess\u00e9gtartalm\u00e1nak mesters\u00e9ges \u00faton t\u00f6rt\u00e9n\u0151 szab\u00e1lyoz\u00e1s\u00e1t, p\u00f3tl\u00e1s\u00e1t jelenti. Az \u00f6nt\u00f6z\u00e9st \u00e1ltal\u00e1ban sz\u00e1raz ter\u00fcleteken, a mez\u0151gazdas\u00e1gi term\u00e9kek n\u00f6veked\u00e9s\u00e9nek el\u0151mozd\u00edt\u00e1s\u00e1ra, valamint a csapad\u00e9kszeg\u00e9ny id\u0151szakokban alkalmazz\u00e1k. Az \u00f6nt\u00f6z\u00e9snek tov\u00e1bbi szerepei is vannak a n\u00f6v\u00e9nytermeszt\u00e9sben, ilyen p\u00e9ld\u00e1ul a n\u00f6v\u00e9nyek v\u00e9delme a fagy ellen,<sup id=\"cite_ref-1\" class=\"reference\"><\/sup> a gabonatermeszt\u00e9sben a gyomn\u00f6v\u00e9nyek elfojt\u00e1sa,<sup id=\"cite_ref-2\" class=\"reference\"><\/sup>\u00a0valamint a talaj t\u00f6m\u00f6r\u00edt\u00e9s\u00e9nek el\u0151seg\u00edt\u00e9se.<sup id=\"cite_ref-3\" class=\"reference\"><\/sup>Az \u00f6nt\u00f6z\u00e9ses gazd\u00e1lkod\u00e1ssal szemben, a k\u00f6zvetlen es\u0151z\u00e9seken alapul\u00f3 gazd\u00e1lkod\u00e1st csapad\u00e9kra \u00e9p\u00fcl\u0151 mez\u0151gazdas\u00e1gnak h\u00edvjuk. Az \u00f6nt\u00f6z\u00e9st igen gyakran a v\u00edzelvezet\u00e9ssel egy\u00fctt kezelik, mely a felsz\u00edni vagy a felsz\u00edn alatti vizek term\u00e9szetes vagy mesters\u00e9ges elvezet\u00e9s\u00e9t jelenti.<\/span><\/p>\n<h2><span id=\"Az_\u00f6nt\u00f6z\u00e9s_fajt\u00e1i\" class=\"mw-headline\" style=\"color: #ffffff;\">Az \u00f6nt\u00f6z\u00e9s fajt\u00e1i:<\/span><\/h2>\n<p><span style=\"color: #ffffff;\">Az \u00f6nt\u00f6z\u00e9si rendszereket a v\u00edz kiemel\u00e9s\u00e9nek m\u00f3dja \u00e9s a mez\u0151gazdas\u00e1gi ter\u00fcletre juttat\u00e1s\u00e1nak mik\u00e9ntje szerint k\u00fcl\u00f6nb\u00f6ztetj\u00fck meg. Az \u00e1ltal\u00e1nos c\u00e9l az, hogy a v\u00edz egyenletesen jusson a teljes \u00f6nt\u00f6z\u00f6tt ter\u00fcletre, vagyis minden n\u00f6v\u00e9ny ig\u00e9ny\u00e9nek megfelel\u0151en, se t\u00fal sok, se t\u00fal kev\u00e9s vizet ne kapjon.<\/span><\/p>\n<h3><span style=\"color: #ffffff;\"><span id=\"Fel.C3.BCleti_.C3.B6nt.C3.B6z.C3.A9s\"><\/span><span id=\"Fel\u00fcleti_\u00f6nt\u00f6z\u00e9s\" class=\"mw-headline\">Fel\u00fcleti \u00f6nt\u00f6z\u00e9s<\/span><\/span><\/h3>\n<div class=\"thumb tright\">\n<div class=\"thumbinner\">\n<div class=\"thumbcaption\">\n<div class=\"magnify\"><span style=\"color: #ffffff;\">B\u00faza \u00e1raszt\u00e1sos \u00f6nt\u00f6z\u00e9se<\/span><\/div>\n<\/div>\n<\/div>\n<\/div>\n<p>&nbsp;<\/p>\n<p><strong> Kiszerel\u00e9s : 1 db<\/strong><\/p>","protected":false},"excerpt":{"rendered":"<div class=\"artdet__name-rating d-none d-lg-block\">\n<div class=\"row gutters-5\">\n<div class=\"col\">\n<div class=\"artdet__name-rating d-none d-lg-block\">\n<div class=\"row gutters-5\">\n<div class=\"col\">\n<div class=\"artdet__name-rating d-none d-lg-block\">\n<div class=\"row gutters-5\">\n<div class=\"col\">\n<div class=\"artdet__name-rating d-none d-lg-block\">\n<div class=\"row gutters-5\">\n<div class=\"col\">\n<div class=\"artdet__name-rating d-none d-lg-block\">\n<div class=\"row gutters-5\">\n<div class=\"col\">\n<div class=\"artdet__name-rating d-none d-lg-block\">\n<div class=\"row gutters-5\">\n<div class=\"col\">\n<div class=\"artdet__name-rating d-none d-lg-block\">\n<div class=\"row gutters-5\">\n<div class=\"col\">\n<div class=\"artdet__name-rating d-none d-lg-block\">\n<div class=\"row gutters-5\">\n<div class=\"col\">\n<div class=\"artdet__name-rating d-none d-lg-block\">\n<div class=\"row gutters-5\">\n<div class=\"col\">\n<div class=\"artdet__name-rating d-none d-lg-block\">\n<div class=\"row gutters-5\">\n<div class=\"col\">\n<div class=\"artdet__name-rating d-none d-lg-block\">\n<div class=\"row gutters-5\">\n<div class=\"col\">\n<div class=\"artdet__name-rating d-none d-lg-block\">\n<div class=\"row gutters-5\">\n<div class=\"col\">\n<div class=\"artdet__name-pagination-wrap d-flex\">\n<div class=\"artdet__name-pagination-wrap d-flex\">\n<div class=\"artdet__name-pagination-wrap d-flex\">\n<div class=\"artdet__name-pagination-wrap d-flex\">\n<div class=\"artdet__name-rating d-none d-lg-block\">\n<div class=\"row gutters-5\">\n<div class=\"col\">\n<div class=\"artdet__name-pagination-wrap d-flex\">\n<div class=\"artdet__name-pagination-wrap d-flex\">\n<div class=\"artdet__name-pagination-wrap d-flex\">\n<div class=\"top product-page-top\">\n<div class=\"center product-page-center\">\n<div class=\"artdet__name-pagination-wrap d-flex\">\n<h2>Garden permetez\u0151 sz\u00e1r 150 cm<\/h2>\n<\/div>\n<div class=\"artdet__name-pagination-wrap d-flex\">\n<p>Garden permetez\u0151 sz\u00e1r 150 cm Garden permetez\u0151kh\u00f6z. A garden permetez\u0151 sz\u00e1rral az 1,5 m\u00e9tern\u00e9l magasabb n\u00f6v\u00e9nyek vegyszerez\u00e9s\u00e9t v\u00e9gezhetj\u00fck el. \u00cdgy nem kell l\u00e9tr\u00e1n \u00e1llva v\u00e9gezni a tev\u00e9kenys\u00e9get. A Garden permetez\u0151 sz\u00e1r k\u00f6nnyen hordozhat\u00f3<span style=\"font-size: 16px;\">. Ergonomikus ny\u00e9lkialak\u00edt\u00e1sa biztos, cs\u00fasz\u00e1smentes fog\u00e1st ny\u00fajt. A t\u00f6ml\u0151<\/span>\u00a0csatlakoz\u00e1si \u00e1tm\u00e9r\u0151je 0,8 mm<span style=\"font-size: 16px;\">.\u00a0A\u00a0<\/span>2-3 bar \u00fczemi nyom\u00e1so<span style=\"font-size: 16px;\">n m\u0171k\u00f6dtetett \u00a0permetez\u0151g\u00e9phez csatlakoztatva, percenk\u00e9nt 0,45-0,6 liter folyad\u00e9kot tudunk a n\u00f6v\u00e9nyekre juttatni. A s\u00e1rgar\u00e9z\u00a0<\/span>f\u00fav\u00f3ka m\u00e9rete 1,25 mm.<\/p>\n<p>M\u00e9ret:150 cm<\/p>\n<p>F\u00fav\u00f3ka m\u00e9rete: 1,25 mm<\/p>\n<p>Max \u00fczemi nyom\u00e1s: 2-3 bar<\/p>\n<\/div>\n<\/div>\n<\/div>\n<\/div>\n<\/div>\n<\/div>\n<\/div>\n<\/div>\n<\/div>\n<\/div>\n<\/div>\n<\/div>\n<\/div>\n<\/div>\n<\/div>\n<\/div>\n<\/div>\n<\/div>\n<\/div>\n<\/div>\n<\/div>\n<\/div>\n<\/div>\n<\/div>\n<\/div>\n<\/div>\n<\/div>\n<\/div>\n<\/div>\n<\/div>\n<\/div>\n<\/div>\n<\/div>\n<\/div>\n<\/div>\n<\/div>\n<\/div>\n<\/div>\n<\/div>\n<\/div>\n<\/div>\n<\/div>\n<\/div>\n<\/div>\n<\/div>\n<\/div>\n<\/div>\n<\/div>\n<\/div>","protected":false},"featured_media":6478,"template":"","meta":{"_et_pb_use_builder":"","_et_pb_old_content":"","_et_gb_content_width":""},"product_brand":[],"product_cat":[4425],"product_tag":[1876],"class_list":{"0":"post-6477","1":"product","2":"type-product","3":"status-publish","4":"has-post-thumbnail","6":"product_cat-garden-permetezok-es-tartozekai","7":"product_tag-garden-permetezo-szar-150-cm","9":"first","10":"outofstock","11":"shipping-taxable","12":"product-type-simple"},"yoast_head":"<!-- This site is optimized with the Yoast SEO plugin v27.3 - https:\/\/yoast.com\/product\/yoast-seo-wordpress\/ -->\n<title>Garden permetez\u0151 sz\u00e1r 150 cm - T\u00e1jkert\u00e9sz<\/title>\n<meta name=\"description\" content=\"Garden permetez\u0151 sz\u00e1r 150 cm Garden permetez\u0151kh\u00f6z. A garden permetez\u0151 sz\u00e1rral az 1,5 m\u00e9tern\u00e9l magasabb n\u00f6v\u00e9nyek vegyszerez\u00e9s\u00e9t\" \/>\n<meta name=\"robots\" content=\"index, follow, max-snippet:-1, max-image-preview:large, max-video-preview:-1\" \/>\n<link rel=\"canonical\" href=\"https:\/\/tajkertesz.com\/en_US\/product\/garden-permetezo-szar-150-cm\/\" \/>\n<meta property=\"og:locale\" content=\"en_US\" \/>\n<meta property=\"og:type\" content=\"article\" \/>\n<meta property=\"og:title\" content=\"Garden permetez\u0151 sz\u00e1r 150 cm - T\u00e1jkert\u00e9sz\" \/>\n<meta property=\"og:description\" content=\"Garden permetez\u0151 sz\u00e1r 150 cm Garden permetez\u0151kh\u00f6z. A garden permetez\u0151 sz\u00e1rral az 1,5 m\u00e9tern\u00e9l magasabb n\u00f6v\u00e9nyek vegyszerez\u00e9s\u00e9t\" \/>\n<meta property=\"og:url\" content=\"https:\/\/tajkertesz.com\/en_US\/product\/garden-permetezo-szar-150-cm\/\" \/>\n<meta property=\"og:site_name\" content=\"T\u00e1jkert\u00e9sz\" \/>\n<meta property=\"article:publisher\" content=\"https:\/\/www.facebook.com\/Tajkertesz\/\" \/>\n<meta property=\"article:modified_time\" content=\"2024-08-13T14:00:40+00:00\" \/>\n<meta property=\"og:image\" content=\"https:\/\/tajkertesz.com\/wp-content\/uploads\/2021\/06\/permetezo_szar_garden_150cm.jpg\" \/>\n\t<meta property=\"og:image:width\" content=\"1100\" \/>\n\t<meta property=\"og:image:height\" content=\"900\" \/>\n\t<meta property=\"og:image:type\" content=\"image\/jpeg\" \/>\n<meta name=\"twitter:card\" content=\"summary_large_image\" \/>\n<meta name=\"twitter:label1\" content=\"Est. reading time\" \/>\n\t<meta name=\"twitter:data1\" content=\"3 minutes\" \/>\n<script type=\"application\/ld+json\" class=\"yoast-schema-graph\">{\"@context\":\"https:\\\/\\\/schema.org\",\"@graph\":[{\"@type\":\"WebPage\",\"@id\":\"https:\\\/\\\/tajkertesz.com\\\/termek\\\/garden-permetezo-szar-150-cm\\\/\",\"url\":\"https:\\\/\\\/tajkertesz.com\\\/termek\\\/garden-permetezo-szar-150-cm\\\/\",\"name\":\"Garden permetez\u0151 sz\u00e1r 150 cm - T\u00e1jkert\u00e9sz\",\"isPartOf\":{\"@id\":\"https:\\\/\\\/tajkertesz.com\\\/#website\"},\"primaryImageOfPage\":{\"@id\":\"https:\\\/\\\/tajkertesz.com\\\/termek\\\/garden-permetezo-szar-150-cm\\\/#primaryimage\"},\"image\":{\"@id\":\"https:\\\/\\\/tajkertesz.com\\\/termek\\\/garden-permetezo-szar-150-cm\\\/#primaryimage\"},\"thumbnailUrl\":\"https:\\\/\\\/tajkertesz.com\\\/wp-content\\\/uploads\\\/2021\\\/06\\\/permetezo_szar_garden_150cm.jpg\",\"datePublished\":\"2021-06-14T08:57:17+00:00\",\"dateModified\":\"2024-08-13T14:00:40+00:00\",\"description\":\"Garden permetez\u0151 sz\u00e1r 150 cm Garden permetez\u0151kh\u00f6z. A garden permetez\u0151 sz\u00e1rral az 1,5 m\u00e9tern\u00e9l magasabb n\u00f6v\u00e9nyek vegyszerez\u00e9s\u00e9t\",\"breadcrumb\":{\"@id\":\"https:\\\/\\\/tajkertesz.com\\\/termek\\\/garden-permetezo-szar-150-cm\\\/#breadcrumb\"},\"inLanguage\":\"en-US\",\"potentialAction\":[{\"@type\":\"ReadAction\",\"target\":[\"https:\\\/\\\/tajkertesz.com\\\/termek\\\/garden-permetezo-szar-150-cm\\\/\"]}]},{\"@type\":\"ImageObject\",\"inLanguage\":\"en-US\",\"@id\":\"https:\\\/\\\/tajkertesz.com\\\/termek\\\/garden-permetezo-szar-150-cm\\\/#primaryimage\",\"url\":\"https:\\\/\\\/tajkertesz.com\\\/wp-content\\\/uploads\\\/2021\\\/06\\\/permetezo_szar_garden_150cm.jpg\",\"contentUrl\":\"https:\\\/\\\/tajkertesz.com\\\/wp-content\\\/uploads\\\/2021\\\/06\\\/permetezo_szar_garden_150cm.jpg\",\"width\":1100,\"height\":900},{\"@type\":\"BreadcrumbList\",\"@id\":\"https:\\\/\\\/tajkertesz.com\\\/termek\\\/garden-permetezo-szar-150-cm\\\/#breadcrumb\",\"itemListElement\":[{\"@type\":\"ListItem\",\"position\":1,\"name\":\"Home\",\"item\":\"https:\\\/\\\/tajkertesz.com\\\/\"},{\"@type\":\"ListItem\",\"position\":2,\"name\":\"Kezd\u0151lap\",\"item\":\"https:\\\/\\\/tajkertesz.com\\\/\"},{\"@type\":\"ListItem\",\"position\":3,\"name\":\"Garden permetez\u0151 sz\u00e1r 150 cm\"}]},{\"@type\":\"WebSite\",\"@id\":\"https:\\\/\\\/tajkertesz.com\\\/#website\",\"url\":\"https:\\\/\\\/tajkertesz.com\\\/\",\"name\":\"T\u00e1j-Kert\u00e9sz 84 Kft.\",\"description\":\"Kert\u00e9szeti kis- \u00e9s nagykeresked\u00e9s, D\u00edszn\u00f6v\u00e9ny web\u00e1ruh\u00e1z orsz\u00e1gos h\u00e1zhozsz\u00e1ll\u00edt\u00e1ssal!\",\"publisher\":{\"@id\":\"https:\\\/\\\/tajkertesz.com\\\/#organization\"},\"potentialAction\":[{\"@type\":\"SearchAction\",\"target\":{\"@type\":\"EntryPoint\",\"urlTemplate\":\"https:\\\/\\\/tajkertesz.com\\\/?s={search_term_string}\"},\"query-input\":{\"@type\":\"PropertyValueSpecification\",\"valueRequired\":true,\"valueName\":\"search_term_string\"}}],\"inLanguage\":\"en-US\"},{\"@type\":\"Organization\",\"@id\":\"https:\\\/\\\/tajkertesz.com\\\/#organization\",\"name\":\"T\u00e1j-Kert\u00e9sz 84 Kft.\",\"url\":\"https:\\\/\\\/tajkertesz.com\\\/\",\"logo\":{\"@type\":\"ImageObject\",\"inLanguage\":\"en-US\",\"@id\":\"https:\\\/\\\/tajkertesz.com\\\/#\\\/schema\\\/logo\\\/image\\\/\",\"url\":\"https:\\\/\\\/tajkertesz.com\\\/wp-content\\\/uploads\\\/2018\\\/02\\\/logo-2-e1518678052539.png\",\"contentUrl\":\"https:\\\/\\\/tajkertesz.com\\\/wp-content\\\/uploads\\\/2018\\\/02\\\/logo-2-e1518678052539.png\",\"width\":81,\"height\":140,\"caption\":\"T\u00e1j-Kert\u00e9sz 84 Kft.\"},\"image\":{\"@id\":\"https:\\\/\\\/tajkertesz.com\\\/#\\\/schema\\\/logo\\\/image\\\/\"},\"sameAs\":[\"https:\\\/\\\/www.facebook.com\\\/Tajkertesz\\\/\"]}]}<\/script>\n<!-- \/ Yoast SEO plugin. -->","yoast_head_json":{"title":"Garden permetez\u0151 sz\u00e1r 150 cm - T\u00e1jkert\u00e9sz","description":"Garden permetez\u0151 sz\u00e1r 150 cm Garden permetez\u0151kh\u00f6z. A garden permetez\u0151 sz\u00e1rral az 1,5 m\u00e9tern\u00e9l magasabb n\u00f6v\u00e9nyek vegyszerez\u00e9s\u00e9t","robots":{"index":"index","follow":"follow","max-snippet":"max-snippet:-1","max-image-preview":"max-image-preview:large","max-video-preview":"max-video-preview:-1"},"canonical":"https:\/\/tajkertesz.com\/en_US\/product\/garden-permetezo-szar-150-cm\/","og_locale":"en_US","og_type":"article","og_title":"Garden permetez\u0151 sz\u00e1r 150 cm - T\u00e1jkert\u00e9sz","og_description":"Garden permetez\u0151 sz\u00e1r 150 cm Garden permetez\u0151kh\u00f6z. A garden permetez\u0151 sz\u00e1rral az 1,5 m\u00e9tern\u00e9l magasabb n\u00f6v\u00e9nyek vegyszerez\u00e9s\u00e9t","og_url":"https:\/\/tajkertesz.com\/en_US\/product\/garden-permetezo-szar-150-cm\/","og_site_name":"T\u00e1jkert\u00e9sz","article_publisher":"https:\/\/www.facebook.com\/Tajkertesz\/","article_modified_time":"2024-08-13T14:00:40+00:00","og_image":[{"width":1100,"height":900,"url":"https:\/\/tajkertesz.com\/wp-content\/uploads\/2021\/06\/permetezo_szar_garden_150cm.jpg","type":"image\/jpeg"}],"twitter_card":"summary_large_image","twitter_misc":{"Est. reading time":"3 minutes"},"schema":{"@context":"https:\/\/schema.org","@graph":[{"@type":"WebPage","@id":"https:\/\/tajkertesz.com\/termek\/garden-permetezo-szar-150-cm\/","url":"https:\/\/tajkertesz.com\/termek\/garden-permetezo-szar-150-cm\/","name":"Garden permetez\u0151 sz\u00e1r 150 cm - T\u00e1jkert\u00e9sz","isPartOf":{"@id":"https:\/\/tajkertesz.com\/#website"},"primaryImageOfPage":{"@id":"https:\/\/tajkertesz.com\/termek\/garden-permetezo-szar-150-cm\/#primaryimage"},"image":{"@id":"https:\/\/tajkertesz.com\/termek\/garden-permetezo-szar-150-cm\/#primaryimage"},"thumbnailUrl":"https:\/\/tajkertesz.com\/wp-content\/uploads\/2021\/06\/permetezo_szar_garden_150cm.jpg","datePublished":"2021-06-14T08:57:17+00:00","dateModified":"2024-08-13T14:00:40+00:00","description":"Garden permetez\u0151 sz\u00e1r 150 cm Garden permetez\u0151kh\u00f6z. A garden permetez\u0151 sz\u00e1rral az 1,5 m\u00e9tern\u00e9l magasabb n\u00f6v\u00e9nyek vegyszerez\u00e9s\u00e9t","breadcrumb":{"@id":"https:\/\/tajkertesz.com\/termek\/garden-permetezo-szar-150-cm\/#breadcrumb"},"inLanguage":"en-US","potentialAction":[{"@type":"ReadAction","target":["https:\/\/tajkertesz.com\/termek\/garden-permetezo-szar-150-cm\/"]}]},{"@type":"ImageObject","inLanguage":"en-US","@id":"https:\/\/tajkertesz.com\/termek\/garden-permetezo-szar-150-cm\/#primaryimage","url":"https:\/\/tajkertesz.com\/wp-content\/uploads\/2021\/06\/permetezo_szar_garden_150cm.jpg","contentUrl":"https:\/\/tajkertesz.com\/wp-content\/uploads\/2021\/06\/permetezo_szar_garden_150cm.jpg","width":1100,"height":900},{"@type":"BreadcrumbList","@id":"https:\/\/tajkertesz.com\/termek\/garden-permetezo-szar-150-cm\/#breadcrumb","itemListElement":[{"@type":"ListItem","position":1,"name":"Home","item":"https:\/\/tajkertesz.com\/"},{"@type":"ListItem","position":2,"name":"Kezd\u0151lap","item":"https:\/\/tajkertesz.com\/"},{"@type":"ListItem","position":3,"name":"Garden permetez\u0151 sz\u00e1r 150 cm"}]},{"@type":"WebSite","@id":"https:\/\/tajkertesz.com\/#website","url":"https:\/\/tajkertesz.com\/","name":"T\u00e1j-Kert\u00e9sz 84 Kft.","description":"Kert\u00e9szeti kis- \u00e9s nagykeresked\u00e9s, D\u00edszn\u00f6v\u00e9ny web\u00e1ruh\u00e1z orsz\u00e1gos h\u00e1zhozsz\u00e1ll\u00edt\u00e1ssal!","publisher":{"@id":"https:\/\/tajkertesz.com\/#organization"},"potentialAction":[{"@type":"SearchAction","target":{"@type":"EntryPoint","urlTemplate":"https:\/\/tajkertesz.com\/?s={search_term_string}"},"query-input":{"@type":"PropertyValueSpecification","valueRequired":true,"valueName":"search_term_string"}}],"inLanguage":"en-US"},{"@type":"Organization","@id":"https:\/\/tajkertesz.com\/#organization","name":"T\u00e1j-Kert\u00e9sz 84 Kft.","url":"https:\/\/tajkertesz.com\/","logo":{"@type":"ImageObject","inLanguage":"en-US","@id":"https:\/\/tajkertesz.com\/#\/schema\/logo\/image\/","url":"https:\/\/tajkertesz.com\/wp-content\/uploads\/2018\/02\/logo-2-e1518678052539.png","contentUrl":"https:\/\/tajkertesz.com\/wp-content\/uploads\/2018\/02\/logo-2-e1518678052539.png","width":81,"height":140,"caption":"T\u00e1j-Kert\u00e9sz 84 Kft."},"image":{"@id":"https:\/\/tajkertesz.com\/#\/schema\/logo\/image\/"},"sameAs":["https:\/\/www.facebook.com\/Tajkertesz\/"]}]}},"_links":{"self":[{"href":"https:\/\/tajkertesz.com\/en_US\/wp-json\/wp\/v2\/product\/6477","targetHints":{"allow":["GET"]}}],"collection":[{"href":"https:\/\/tajkertesz.com\/en_US\/wp-json\/wp\/v2\/product"}],"about":[{"href":"https:\/\/tajkertesz.com\/en_US\/wp-json\/wp\/v2\/types\/product"}],"wp:featuredmedia":[{"embeddable":true,"href":"https:\/\/tajkertesz.com\/en_US\/wp-json\/wp\/v2\/media\/6478"}],"wp:attachment":[{"href":"https:\/\/tajkertesz.com\/en_US\/wp-json\/wp\/v2\/media?parent=6477"}],"wp:term":[{"taxonomy":"product_brand","embeddable":true,"href":"https:\/\/tajkertesz.com\/en_US\/wp-json\/wp\/v2\/product_brand?post=6477"},{"taxonomy":"product_cat","embeddable":true,"href":"https:\/\/tajkertesz.com\/en_US\/wp-json\/wp\/v2\/product_cat?post=6477"},{"taxonomy":"product_tag","embeddable":true,"href":"https:\/\/tajkertesz.com\/en_US\/wp-json\/wp\/v2\/product_tag?post=6477"}],"curies":[{"name":"wp","href":"https:\/\/api.w.org\/{rel}","templated":true}]}}