{"id":6483,"date":"2021-06-14T09:08:47","date_gmt":"2021-06-14T09:08:47","guid":{"rendered":"https:\/\/tajkertesz.com\/?post_type=product&#038;p=6483"},"modified":"2024-02-13T13:41:04","modified_gmt":"2024-02-13T13:41:04","slug":"kotozoszalag-szolo-virag-feher","status":"publish","type":"product","link":"https:\/\/tajkertesz.com\/en_US\/product\/kotozoszalag-szolo-virag-feher\/","title":{"rendered":"K\u00f6t\u00f6z\u0151szalag sz\u0151l\u0151 &#8211; vir\u00e1g Feh\u00e9r"},"content":{"rendered":"<h3>K\u00f6t\u00f6z\u0151szalag sz\u0151l\u0151 &#8211; vir\u00e1g Feh\u00e9r<\/h3>\n<p>K\u00f6t\u00f6z\u0151szalag sz\u0151l\u0151 &#8211; vir\u00e1g Feh\u00e9r, M\u00e9ret: 40 m\u00e9ter x 11 mm x 0,1 mm<\/p>\n<p>&nbsp;<\/p>\n<p><span style=\"color: #ffffff;\">A\u00a0<b>szalag<\/b>\u00a0egy hossz\u00fa, keskeny, v\u00e9kony\u00a0<a style=\"color: #ffffff;\" title=\"Sz\u00f6vet (textilipar)\" href=\"https:\/\/hu.wikipedia.org\/wiki\/Sz%C3%B6vet_(textilipar)\">textilsz\u00f6vetb\u0151l<\/a>, m\u0171anyagb\u00f3l, pap\u00edrb\u00f3l vagy m\u00e1s hajl\u00e9kony anyagb\u00f3l, s\u0151t esetleg f\u00e9mb\u0151l k\u00e9sz\u00fclt t\u00e1rgy.<sup id=\"cite_ref-1\" class=\"reference\"><a style=\"color: #ffffff;\" href=\"https:\/\/hu.wikipedia.org\/wiki\/Szalag#cite_note-1\">[1]<\/a><\/sup>\u00a0A textilszalagokat sz\u00f6v\u00e9smint\u00e1juk szerint ripsz-, taft-, esetleg danubiaszalagnak h\u00edvjuk. Ezeket\u00a0<a style=\"color: #ffffff;\" title=\"Sz\u00f6v\u0151g\u00e9p\" href=\"https:\/\/hu.wikipedia.org\/wiki\/Sz%C3%B6v%C5%91g%C3%A9p\">szalagsz\u00f6v\u0151 g\u00e9pen<\/a>\u00a0k\u00e9sz\u00edtik (pl. Frick-M\u00fcller, Mageba stb.), de egyes fajt\u00e1i\u00a0<a style=\"color: #ffffff;\" title=\"K\u00f6t\u0151g\u00e9p\" href=\"https:\/\/hu.wikipedia.org\/wiki\/K%C3%B6t%C5%91g%C3%A9p\">horgol\u00f3g\u00e9pen<\/a>\u00a0(pl. Frick-M\u00fcller, Comez stb.) is el\u0151\u00e1ll\u00edthat\u00f3k.<\/span><\/p>\n<p><span style=\"color: #ffffff;\">Egyes szalagok d\u00edsz\u00edt\u0151 jelleg\u0171 csomagol\u00e1sra haszn\u00e1lt k\u00f6t\u00f6z\u0151eszk\u00f6z\u00f6k, hogy m\u00e9g \u00fcnnep\u00e9lyesebb\u00e9 tegy\u00e9k az \u00e1tadand\u00f3 csomagot.<\/span><\/p>\n<p><span style=\"color: #ffffff;\">Kit\u0171z\u0151k\u00e9nt is gyakran haszn\u00e1latos, olykor\u00a0<a style=\"color: #ffffff;\" title=\"Kok\u00e1rda\" href=\"https:\/\/hu.wikipedia.org\/wiki\/Kok%C3%A1rda\">kok\u00e1rda<\/a>\u00a0form\u00e1ban.<\/span><\/p>\n<p><span style=\"color: #ffffff;\">Kit\u00fcntet\u00e9sek sokszor viselik form\u00e1jukban \u00e9s nev\u00fckben a\u00a0<i>szalag<\/i>\u00a0megnevez\u00e9st, \u00edgy p\u00e9ld\u00e1ul\u00a0<a style=\"color: #ffffff;\" title=\"Az Egyes\u00fclt \u00c1llamok fegyveres er\u0151inek kit\u00fcntet\u00e9sei\" href=\"https:\/\/hu.wikipedia.org\/wiki\/Az_Egyes%C3%BClt_%C3%81llamok_fegyveres_er%C5%91inek_kit%C3%BCntet%C3%A9sei#Jelenleg_haszn%C3%A1lt_szalags%C3%A1vok_%C3%A9s_%C3%A9rm%C3%A9k\">az Egyes\u00fclt \u00c1llamok fegyveres er\u0151inek kit\u00fcntet\u00e9sei<\/a>\u00a0k\u00f6z\u00f6tt sz\u00e1mos szalag van.<\/span><\/p>\n<p><span style=\"color: #ffffff;\">A szalag a\u00a0<a style=\"color: #ffffff;\" title=\"Cs\u00edk (heraldika)\" href=\"https:\/\/hu.wikipedia.org\/wiki\/Cs%C3%ADk_(heraldika)\">cs\u00edk<\/a>\u00a0r\u00e9szek\u00e9nt a heraldik\u00e1ban is szerepet j\u00e1tszik, heraldikai fogalom a\u00a0<a style=\"color: #ffffff;\" title=\"\" href=\"https:\/\/hu.wikipedia.org\/wiki\/Balhar%C3%A1ntp%C3%B3lya\">balhar\u00e1nt-szalag<\/a>\u00a0is.<\/span><\/p>\n<p>&nbsp;<\/p>\n<h4 id=\"tw-target-text\" class=\"tw-data-text tw-text-large XcVN5d tw-ta\" dir=\"ltr\" data-placeholder=\"Ford\u00edt\u00e1s\"><\/h4>\n<p><b>K\u00e9szlet\u00fcnk napi szinten v\u00e1ltozik, ez\u00e9rt k\u00e9rj\u00fck, \u00e9rdekl\u0151dj\u00f6n szem\u00e9lyesen, telefonon vagy email-en.<br \/>\nA v\u00e1ltoztat\u00e1s jog\u00e1t fenntartjuk!\u00a0<\/b><\/p>\n<p><a href=\"https:\/\/tajkertesz.com\/\">https:\/\/tajkertesz.com\/<\/a><\/p>\n<p><a href=\"https:\/\/www.facebook.com\/tajkertesz\">https:\/\/www.facebook.com\/tajkertesz<\/a><\/p>\n<p><span style=\"color: #ffffff;\">K\u00f6t\u00f6z\u0151 fog\u00f3, K\u00f6t\u00f6z\u0151g\u00e9p sz\u0151l\u0151 , paradicsom , paprika vagy d\u00edszn\u00f6v\u00e9nyek k\u00f6t\u00f6z\u00e9s\u00e9re<\/span><\/p>\n<p><span style=\"color: #ffffff;\">K\u00f6t\u00f6z\u0151 fog\u00f3, K\u00f6t\u00f6z\u0151g\u00e9p sz\u0151l\u0151 , paradicsom , paprika vagy d\u00edszn\u00f6v\u00e9nyek k\u00f6t\u00f6z\u00e9s\u00e9re<\/span><\/p>\n<p><span style=\"color: #ffffff;\">Egyszer\u0171 m\u0171k\u00f6d\u00e9se \u00e9s k\u00f6nny\u0171 haszn\u00e1lata miatt kezd\u0151 kert\u00e9szek \u00e9s profik nagy seg\u00edts\u00e9ge is.\u00a0<\/span><\/p>\n<p><span style=\"color: #ffffff;\">A szalag tekercsr\u0151l a g\u00e9p egy\u00a0 mozdulattal r\u00e1szor\u00edtja a r\u00f6gz\u00edt\u0151 szalagot a\u00a0 n\u00f6v\u00e9nyi r\u00e9szre. Kapocs elemmel r\u00f6gz\u00edti a k\u00f6t\u00e9st, majd lemetszi a k\u00e9szre k\u00f6t\u00f6tt egys\u00e9get. \u00c9s m\u00e1r k\u00e9sz is vagyunk .<\/span><\/p>\n<p><span style=\"color: #ffffff;\">Sz\u0151l\u0151 , paradicsom , paprika \u00e9s d\u00edszn\u00f6v\u00e9nyek gyors \u00e9s biztons\u00e1gos k\u00f6t\u00f6z\u00e9s\u00e9hez.<\/span><\/p>\n<p><span style=\"color: #ffffff;\">A szalagos k\u00e9zi k\u00f6t\u0151z\u0151g\u00e9p\u00a0nagy seg\u00edts\u00e9g lehet a h\u00e1z k\u00f6r\u00fcl \u00e9s a kiskertekben. K\u00f6nny\u0171 \u00e9s gyors k\u00f6t\u00f6z\u00e9st tesz lehet\u0151v\u00e9 a h\u00e1z k\u00f6r\u00fcl. Haszn\u00e1lhatjuk szoban\u00f6v\u00e9nyek, sz\u0151l\u0151, gy\u00fcm\u00f6lcsf\u00e1k, cserj\u00e9k k\u00f6t\u00f6z\u00e9s\u00e9hez.<\/span><\/p>\n<p><span style=\"color: #ffffff;\">Eszk\u00f6z gyorsan k\u00f6t\u0151 n\u00f6v\u00e9nyekhez: paradicsom, uborka, sz\u0151l\u0151 stb.<\/span><\/p>\n<p><span style=\"color: #ffffff;\">A g\u00e9p szalagot \u00e9s t\u0171z\u0151kapcsokat haszn\u00e1l fel fogy\u00f3eszk\u00f6zk\u00e9nt a n\u00f6v\u00e9nyek k\u00f6t\u00e9s\u00e9hez.<\/span><\/p>\n<p><span style=\"color: #ffffff;\">Megk\u00f6t\u00e9si hat\u00e1r: 45 mm \u00d8 (\u00e1tm\u00e9r\u0151)<\/span><\/p>\n<p><span style=\"color: #ffffff;\">Hossz: 355 mm<\/span><\/p>\n<p><span style=\"color: #ffffff;\">Sz\u00e9less\u00e9g: 29 mm<\/span><\/p>\n<p><span style=\"color: #ffffff;\">Magass\u00e1g: 158 mm<\/span><\/p>\n<p><span style=\"color: #ffffff;\">A csomag a k\u00f6vetkez\u0151ket tartalmazza:<\/span><\/p>\n<p>&nbsp;<\/p>\n<p><span style=\"color: #ffffff;\">V\u00e1g\u00f3penge<\/span><\/p>\n<p><span style=\"color: #ffffff;\">haszn\u00e1lati \u00fatmutat\u00f3\u00a0<\/span><\/p>\n<p>&nbsp;<\/p>\n<p>&nbsp;<\/p>\n","protected":false},"excerpt":{"rendered":"<h3>K\u00f6t\u00f6z\u0151szalag sz\u0151l\u0151 &#8211; vir\u00e1g Feh\u00e9r<\/h3>\n<p>K\u00f6t\u00f6z\u0151szalag sz\u0151l\u0151 &#8211; vir\u00e1g Feh\u00e9r, M\u00e9ret: 40 m\u00e9ter x 11 mm x 0,1 mm<\/p>","protected":false},"featured_media":6484,"template":"","meta":{"_et_pb_use_builder":"","_et_pb_old_content":"","_et_gb_content_width":""},"product_brand":[],"product_cat":[1526],"product_tag":[1879],"class_list":{"0":"post-6483","1":"product","2":"type-product","3":"status-publish","4":"has-post-thumbnail","6":"product_cat-kotozok","7":"product_tag-kotozoszalag-szolo-virag-feher-kotozoszalag-szolo-virag-feher","9":"first","10":"instock","11":"shipping-taxable","12":"purchasable","13":"product-type-simple"},"yoast_head":"<!-- This site is optimized with the Yoast SEO plugin v27.3 - https:\/\/yoast.com\/product\/yoast-seo-wordpress\/ -->\n<title>K\u00f6t\u00f6z\u0151szalag sz\u0151l\u0151 - vir\u00e1g Feh\u00e9r - T\u00e1jkert\u00e9sz<\/title>\n<meta name=\"description\" content=\"K\u00f6t\u00f6z\u0151szalag sz\u0151l\u0151 - vir\u00e1g Feh\u00e9r, M\u00e9ret: 40 m\u00e9ter x 11 mm x 0,1 mm\" \/>\n<meta name=\"robots\" content=\"index, follow, max-snippet:-1, max-image-preview:large, max-video-preview:-1\" \/>\n<link rel=\"canonical\" href=\"https:\/\/tajkertesz.com\/en_US\/product\/kotozoszalag-szolo-virag-feher\/\" \/>\n<meta property=\"og:locale\" content=\"en_US\" \/>\n<meta property=\"og:type\" content=\"article\" \/>\n<meta property=\"og:title\" content=\"K\u00f6t\u00f6z\u0151szalag sz\u0151l\u0151 - vir\u00e1g Feh\u00e9r - T\u00e1jkert\u00e9sz\" \/>\n<meta property=\"og:description\" content=\"K\u00f6t\u00f6z\u0151szalag sz\u0151l\u0151 - vir\u00e1g Feh\u00e9r, M\u00e9ret: 40 m\u00e9ter x 11 mm x 0,1 mm\" \/>\n<meta property=\"og:url\" content=\"https:\/\/tajkertesz.com\/en_US\/product\/kotozoszalag-szolo-virag-feher\/\" \/>\n<meta property=\"og:site_name\" content=\"T\u00e1jkert\u00e9sz\" \/>\n<meta property=\"article:publisher\" content=\"https:\/\/www.facebook.com\/Tajkertesz\/\" \/>\n<meta property=\"article:modified_time\" content=\"2024-02-13T13:41:04+00:00\" \/>\n<meta property=\"og:image\" content=\"https:\/\/tajkertesz.com\/wp-content\/uploads\/2021\/06\/kotozo-szolo.jpg\" \/>\n\t<meta property=\"og:image:width\" content=\"300\" \/>\n\t<meta property=\"og:image:height\" content=\"300\" \/>\n\t<meta property=\"og:image:type\" content=\"image\/jpeg\" \/>\n<meta name=\"twitter:card\" content=\"summary_large_image\" \/>\n<meta name=\"twitter:label1\" content=\"Est. reading time\" \/>\n\t<meta name=\"twitter:data1\" content=\"2 minutes\" \/>\n<script type=\"application\/ld+json\" class=\"yoast-schema-graph\">{\"@context\":\"https:\\\/\\\/schema.org\",\"@graph\":[{\"@type\":\"WebPage\",\"@id\":\"https:\\\/\\\/tajkertesz.com\\\/termek\\\/kotozoszalag-szolo-virag-feher\\\/\",\"url\":\"https:\\\/\\\/tajkertesz.com\\\/termek\\\/kotozoszalag-szolo-virag-feher\\\/\",\"name\":\"K\u00f6t\u00f6z\u0151szalag sz\u0151l\u0151 - vir\u00e1g Feh\u00e9r - T\u00e1jkert\u00e9sz\",\"isPartOf\":{\"@id\":\"https:\\\/\\\/tajkertesz.com\\\/#website\"},\"primaryImageOfPage\":{\"@id\":\"https:\\\/\\\/tajkertesz.com\\\/termek\\\/kotozoszalag-szolo-virag-feher\\\/#primaryimage\"},\"image\":{\"@id\":\"https:\\\/\\\/tajkertesz.com\\\/termek\\\/kotozoszalag-szolo-virag-feher\\\/#primaryimage\"},\"thumbnailUrl\":\"https:\\\/\\\/tajkertesz.com\\\/wp-content\\\/uploads\\\/2021\\\/06\\\/kotozo-szolo.jpg\",\"datePublished\":\"2021-06-14T09:08:47+00:00\",\"dateModified\":\"2024-02-13T13:41:04+00:00\",\"description\":\"K\u00f6t\u00f6z\u0151szalag sz\u0151l\u0151 - vir\u00e1g Feh\u00e9r, M\u00e9ret: 40 m\u00e9ter x 11 mm x 0,1 mm\",\"breadcrumb\":{\"@id\":\"https:\\\/\\\/tajkertesz.com\\\/termek\\\/kotozoszalag-szolo-virag-feher\\\/#breadcrumb\"},\"inLanguage\":\"en-US\",\"potentialAction\":[{\"@type\":\"ReadAction\",\"target\":[\"https:\\\/\\\/tajkertesz.com\\\/termek\\\/kotozoszalag-szolo-virag-feher\\\/\"]}]},{\"@type\":\"ImageObject\",\"inLanguage\":\"en-US\",\"@id\":\"https:\\\/\\\/tajkertesz.com\\\/termek\\\/kotozoszalag-szolo-virag-feher\\\/#primaryimage\",\"url\":\"https:\\\/\\\/tajkertesz.com\\\/wp-content\\\/uploads\\\/2021\\\/06\\\/kotozo-szolo.jpg\",\"contentUrl\":\"https:\\\/\\\/tajkertesz.com\\\/wp-content\\\/uploads\\\/2021\\\/06\\\/kotozo-szolo.jpg\",\"width\":300,\"height\":300},{\"@type\":\"BreadcrumbList\",\"@id\":\"https:\\\/\\\/tajkertesz.com\\\/termek\\\/kotozoszalag-szolo-virag-feher\\\/#breadcrumb\",\"itemListElement\":[{\"@type\":\"ListItem\",\"position\":1,\"name\":\"Home\",\"item\":\"https:\\\/\\\/tajkertesz.com\\\/\"},{\"@type\":\"ListItem\",\"position\":2,\"name\":\"Kezd\u0151lap\",\"item\":\"https:\\\/\\\/tajkertesz.com\\\/\"},{\"@type\":\"ListItem\",\"position\":3,\"name\":\"K\u00f6t\u00f6z\u0151szalag sz\u0151l\u0151 &#8211; vir\u00e1g Feh\u00e9r\"}]},{\"@type\":\"WebSite\",\"@id\":\"https:\\\/\\\/tajkertesz.com\\\/#website\",\"url\":\"https:\\\/\\\/tajkertesz.com\\\/\",\"name\":\"T\u00e1j-Kert\u00e9sz 84 Kft.\",\"description\":\"Kert\u00e9szeti kis- \u00e9s nagykeresked\u00e9s, D\u00edszn\u00f6v\u00e9ny web\u00e1ruh\u00e1z orsz\u00e1gos h\u00e1zhozsz\u00e1ll\u00edt\u00e1ssal!\",\"publisher\":{\"@id\":\"https:\\\/\\\/tajkertesz.com\\\/#organization\"},\"potentialAction\":[{\"@type\":\"SearchAction\",\"target\":{\"@type\":\"EntryPoint\",\"urlTemplate\":\"https:\\\/\\\/tajkertesz.com\\\/?s={search_term_string}\"},\"query-input\":{\"@type\":\"PropertyValueSpecification\",\"valueRequired\":true,\"valueName\":\"search_term_string\"}}],\"inLanguage\":\"en-US\"},{\"@type\":\"Organization\",\"@id\":\"https:\\\/\\\/tajkertesz.com\\\/#organization\",\"name\":\"T\u00e1j-Kert\u00e9sz 84 Kft.\",\"url\":\"https:\\\/\\\/tajkertesz.com\\\/\",\"logo\":{\"@type\":\"ImageObject\",\"inLanguage\":\"en-US\",\"@id\":\"https:\\\/\\\/tajkertesz.com\\\/#\\\/schema\\\/logo\\\/image\\\/\",\"url\":\"https:\\\/\\\/tajkertesz.com\\\/wp-content\\\/uploads\\\/2018\\\/02\\\/logo-2-e1518678052539.png\",\"contentUrl\":\"https:\\\/\\\/tajkertesz.com\\\/wp-content\\\/uploads\\\/2018\\\/02\\\/logo-2-e1518678052539.png\",\"width\":81,\"height\":140,\"caption\":\"T\u00e1j-Kert\u00e9sz 84 Kft.\"},\"image\":{\"@id\":\"https:\\\/\\\/tajkertesz.com\\\/#\\\/schema\\\/logo\\\/image\\\/\"},\"sameAs\":[\"https:\\\/\\\/www.facebook.com\\\/Tajkertesz\\\/\"]}]}<\/script>\n<!-- \/ Yoast SEO plugin. -->","yoast_head_json":{"title":"K\u00f6t\u00f6z\u0151szalag sz\u0151l\u0151 - vir\u00e1g Feh\u00e9r - T\u00e1jkert\u00e9sz","description":"K\u00f6t\u00f6z\u0151szalag sz\u0151l\u0151 - vir\u00e1g Feh\u00e9r, M\u00e9ret: 40 m\u00e9ter x 11 mm x 0,1 mm","robots":{"index":"index","follow":"follow","max-snippet":"max-snippet:-1","max-image-preview":"max-image-preview:large","max-video-preview":"max-video-preview:-1"},"canonical":"https:\/\/tajkertesz.com\/en_US\/product\/kotozoszalag-szolo-virag-feher\/","og_locale":"en_US","og_type":"article","og_title":"K\u00f6t\u00f6z\u0151szalag sz\u0151l\u0151 - vir\u00e1g Feh\u00e9r - T\u00e1jkert\u00e9sz","og_description":"K\u00f6t\u00f6z\u0151szalag sz\u0151l\u0151 - vir\u00e1g Feh\u00e9r, M\u00e9ret: 40 m\u00e9ter x 11 mm x 0,1 mm","og_url":"https:\/\/tajkertesz.com\/en_US\/product\/kotozoszalag-szolo-virag-feher\/","og_site_name":"T\u00e1jkert\u00e9sz","article_publisher":"https:\/\/www.facebook.com\/Tajkertesz\/","article_modified_time":"2024-02-13T13:41:04+00:00","og_image":[{"width":300,"height":300,"url":"https:\/\/tajkertesz.com\/wp-content\/uploads\/2021\/06\/kotozo-szolo.jpg","type":"image\/jpeg"}],"twitter_card":"summary_large_image","twitter_misc":{"Est. reading time":"2 minutes"},"schema":{"@context":"https:\/\/schema.org","@graph":[{"@type":"WebPage","@id":"https:\/\/tajkertesz.com\/termek\/kotozoszalag-szolo-virag-feher\/","url":"https:\/\/tajkertesz.com\/termek\/kotozoszalag-szolo-virag-feher\/","name":"K\u00f6t\u00f6z\u0151szalag sz\u0151l\u0151 - vir\u00e1g Feh\u00e9r - T\u00e1jkert\u00e9sz","isPartOf":{"@id":"https:\/\/tajkertesz.com\/#website"},"primaryImageOfPage":{"@id":"https:\/\/tajkertesz.com\/termek\/kotozoszalag-szolo-virag-feher\/#primaryimage"},"image":{"@id":"https:\/\/tajkertesz.com\/termek\/kotozoszalag-szolo-virag-feher\/#primaryimage"},"thumbnailUrl":"https:\/\/tajkertesz.com\/wp-content\/uploads\/2021\/06\/kotozo-szolo.jpg","datePublished":"2021-06-14T09:08:47+00:00","dateModified":"2024-02-13T13:41:04+00:00","description":"K\u00f6t\u00f6z\u0151szalag sz\u0151l\u0151 - vir\u00e1g Feh\u00e9r, M\u00e9ret: 40 m\u00e9ter x 11 mm x 0,1 mm","breadcrumb":{"@id":"https:\/\/tajkertesz.com\/termek\/kotozoszalag-szolo-virag-feher\/#breadcrumb"},"inLanguage":"en-US","potentialAction":[{"@type":"ReadAction","target":["https:\/\/tajkertesz.com\/termek\/kotozoszalag-szolo-virag-feher\/"]}]},{"@type":"ImageObject","inLanguage":"en-US","@id":"https:\/\/tajkertesz.com\/termek\/kotozoszalag-szolo-virag-feher\/#primaryimage","url":"https:\/\/tajkertesz.com\/wp-content\/uploads\/2021\/06\/kotozo-szolo.jpg","contentUrl":"https:\/\/tajkertesz.com\/wp-content\/uploads\/2021\/06\/kotozo-szolo.jpg","width":300,"height":300},{"@type":"BreadcrumbList","@id":"https:\/\/tajkertesz.com\/termek\/kotozoszalag-szolo-virag-feher\/#breadcrumb","itemListElement":[{"@type":"ListItem","position":1,"name":"Home","item":"https:\/\/tajkertesz.com\/"},{"@type":"ListItem","position":2,"name":"Kezd\u0151lap","item":"https:\/\/tajkertesz.com\/"},{"@type":"ListItem","position":3,"name":"K\u00f6t\u00f6z\u0151szalag sz\u0151l\u0151 &#8211; vir\u00e1g Feh\u00e9r"}]},{"@type":"WebSite","@id":"https:\/\/tajkertesz.com\/#website","url":"https:\/\/tajkertesz.com\/","name":"T\u00e1j-Kert\u00e9sz 84 Kft.","description":"Kert\u00e9szeti kis- \u00e9s nagykeresked\u00e9s, D\u00edszn\u00f6v\u00e9ny web\u00e1ruh\u00e1z orsz\u00e1gos h\u00e1zhozsz\u00e1ll\u00edt\u00e1ssal!","publisher":{"@id":"https:\/\/tajkertesz.com\/#organization"},"potentialAction":[{"@type":"SearchAction","target":{"@type":"EntryPoint","urlTemplate":"https:\/\/tajkertesz.com\/?s={search_term_string}"},"query-input":{"@type":"PropertyValueSpecification","valueRequired":true,"valueName":"search_term_string"}}],"inLanguage":"en-US"},{"@type":"Organization","@id":"https:\/\/tajkertesz.com\/#organization","name":"T\u00e1j-Kert\u00e9sz 84 Kft.","url":"https:\/\/tajkertesz.com\/","logo":{"@type":"ImageObject","inLanguage":"en-US","@id":"https:\/\/tajkertesz.com\/#\/schema\/logo\/image\/","url":"https:\/\/tajkertesz.com\/wp-content\/uploads\/2018\/02\/logo-2-e1518678052539.png","contentUrl":"https:\/\/tajkertesz.com\/wp-content\/uploads\/2018\/02\/logo-2-e1518678052539.png","width":81,"height":140,"caption":"T\u00e1j-Kert\u00e9sz 84 Kft."},"image":{"@id":"https:\/\/tajkertesz.com\/#\/schema\/logo\/image\/"},"sameAs":["https:\/\/www.facebook.com\/Tajkertesz\/"]}]}},"_links":{"self":[{"href":"https:\/\/tajkertesz.com\/en_US\/wp-json\/wp\/v2\/product\/6483","targetHints":{"allow":["GET"]}}],"collection":[{"href":"https:\/\/tajkertesz.com\/en_US\/wp-json\/wp\/v2\/product"}],"about":[{"href":"https:\/\/tajkertesz.com\/en_US\/wp-json\/wp\/v2\/types\/product"}],"wp:featuredmedia":[{"embeddable":true,"href":"https:\/\/tajkertesz.com\/en_US\/wp-json\/wp\/v2\/media\/6484"}],"wp:attachment":[{"href":"https:\/\/tajkertesz.com\/en_US\/wp-json\/wp\/v2\/media?parent=6483"}],"wp:term":[{"taxonomy":"product_brand","embeddable":true,"href":"https:\/\/tajkertesz.com\/en_US\/wp-json\/wp\/v2\/product_brand?post=6483"},{"taxonomy":"product_cat","embeddable":true,"href":"https:\/\/tajkertesz.com\/en_US\/wp-json\/wp\/v2\/product_cat?post=6483"},{"taxonomy":"product_tag","embeddable":true,"href":"https:\/\/tajkertesz.com\/en_US\/wp-json\/wp\/v2\/product_tag?post=6483"}],"curies":[{"name":"wp","href":"https:\/\/api.w.org\/{rel}","templated":true}]}}