{"id":6513,"date":"2025-06-05T08:23:49","date_gmt":"2025-06-05T08:23:49","guid":{"rendered":"https:\/\/tajkertesz.com\/?post_type=product&#038;p=6513"},"modified":"2025-06-05T10:59:05","modified_gmt":"2025-06-05T10:59:05","slug":"euonymus-alatus-szarnyas-kecskerago-2","status":"publish","type":"product","link":"https:\/\/tajkertesz.com\/en_US\/product\/euonymus-alatus-szarnyas-kecskerago-2\/","title":{"rendered":"Euonymus alatus &#8211; Sz\u00e1rnyas kecsker\u00e1g\u00f3"},"content":{"rendered":"<h2>Euonymus alatus &#8211; Sz\u00e1rnyas kecsker\u00e1g\u00f3<\/h2>\n<div class=\"elementor-element elementor-element-8fd4f9b elementor-widget elementor-widget-woocommerce-product-short-description\" data-id=\"8fd4f9b\" data-element_type=\"widget\" data-widget_type=\"woocommerce-product-short-description.default\">\n<div class=\"elementor-widget-container\">\n<div class=\"woocommerce-product-details__short-description\">\n<p>A Euonymus alatus &#8211; sz\u00e1rnyas kecsker\u00e1g\u00f3 egy k\u00f6zepes m\u00e9ret\u0171, l\u00e1tv\u00e1nyos lombhullat\u00f3 cserje, mely \u0151sszel \u00e9l\u00e9nkv\u00f6r\u00f6sre sz\u00ednez\u0151dik. K\u00fcl\u00f6nleges bord\u00e1zott \u00e1grendszere t\u00e9len is d\u00edsz\u00edt. Kiv\u00e1l\u00f3 v\u00e1laszt\u00e1s szoliterk\u00e9nt vagy s\u00f6v\u00e9nynek.<\/p>\n<p data-start=\"708\" data-end=\"1055\">A <strong data-start=\"710\" data-end=\"733\">sz\u00e1rnyas kecsker\u00e1g\u00f3<\/strong> (<em data-start=\"735\" data-end=\"752\">Euonymus alatus<\/em>) egy K\u00edn\u00e1b\u00f3l \u00e9s Jap\u00e1nb\u00f3l sz\u00e1rmaz\u00f3, lassan n\u00f6v\u0151, de rendk\u00edv\u00fcl dekorat\u00edv lombhullat\u00f3 d\u00edszcserje. Neve k\u00fcl\u00f6nleges, &#8222;sz\u00e1rnyas&#8221; \u00e1gszerkezet\u00e9r\u0151l sz\u00e1rmazik, amely t\u00e9len is karakteress\u00e9 teszi a megjelen\u00e9s\u00e9t. Legnagyobb d\u00edsz\u00e9rt\u00e9k\u00e9t azonban \u0151sszel \u00e9ri el, amikor levelei \u00e9l\u00e9nkv\u00f6r\u00f6sre vagy b\u00edbor sz\u00edn\u0171re v\u00e1ltanak.<\/p>\n<p data-start=\"1057\" data-end=\"1076\"><strong data-start=\"1057\" data-end=\"1076\">F\u0151bb jellemz\u0151k:<\/strong><\/p>\n<ul data-start=\"1077\" data-end=\"1611\">\n<li data-start=\"1077\" data-end=\"1108\">\n<p data-start=\"1079\" data-end=\"1108\"><strong data-start=\"1079\" data-end=\"1092\">Magass\u00e1g:<\/strong> 1,5\u20132,5 m\u00e9ter<\/p>\n<\/li>\n<li data-start=\"1109\" data-end=\"1150\">\n<p data-start=\"1111\" data-end=\"1150\"><strong data-start=\"1111\" data-end=\"1125\">N\u00f6veked\u00e9s:<\/strong> lass\u00fa, s\u0171r\u0171 bokrosod\u00e1s<\/p>\n<\/li>\n<li data-start=\"1151\" data-end=\"1197\">\n<p data-start=\"1153\" data-end=\"1197\"><strong data-start=\"1153\" data-end=\"1163\">Lev\u00e9l:<\/strong> z\u00f6ld, ov\u00e1lis, \u0151sszel \u00e9l\u00e9nkv\u00f6r\u00f6s<\/p>\n<\/li>\n<li data-start=\"1198\" data-end=\"1274\">\n<p data-start=\"1200\" data-end=\"1274\"><strong data-start=\"1200\" data-end=\"1215\">\u00c1grendszer:<\/strong> jellegzetesen bord\u00e1zott (\u201esz\u00e1rnyas\u201d), t\u00e9len is l\u00e1tv\u00e1nyos<\/p>\n<\/li>\n<li data-start=\"1275\" data-end=\"1342\">\n<p data-start=\"1277\" data-end=\"1342\"><strong data-start=\"1277\" data-end=\"1290\">Vir\u00e1gz\u00e1s:<\/strong> \u00e1prilis\u2013m\u00e1jus, apr\u00f3, jelent\u00e9ktelen z\u00f6ldes vir\u00e1gok<\/p>\n<\/li>\n<li data-start=\"1343\" data-end=\"1411\">\n<p data-start=\"1345\" data-end=\"1411\"><strong data-start=\"1345\" data-end=\"1356\">Term\u00e9s:<\/strong> r\u00f3zsasz\u00edn tokterm\u00e9s, amely narancss\u00e1rga magokat rejt<\/p>\n<\/li>\n<li data-start=\"1412\" data-end=\"1467\">\n<p data-start=\"1414\" data-end=\"1467\"><strong data-start=\"1414\" data-end=\"1428\">F\u00e9nyig\u00e9ny:<\/strong> napos vagy f\u00e9l\u00e1rny\u00e9kos helyet kedvel<\/p>\n<\/li>\n<li data-start=\"1468\" data-end=\"1531\">\n<p data-start=\"1470\" data-end=\"1531\"><strong data-start=\"1470\" data-end=\"1480\">Talaj:<\/strong> j\u00f3 v\u00edzelvezet\u00e9s\u0171, k\u00f6zepes t\u00e1panyagtartalm\u00fa talaj<\/p>\n<\/li>\n<li data-start=\"1532\" data-end=\"1611\">\n<p data-start=\"1534\" data-end=\"1611\"><strong data-start=\"1534\" data-end=\"1546\">\u00d6nt\u00f6z\u00e9s:<\/strong> sz\u00e1razs\u00e1gt\u0171r\u0151, csak hosszan tart\u00f3 asz\u00e1ly eset\u00e9n ig\u00e9nyel \u00f6nt\u00f6z\u00e9st<\/p>\n<\/li>\n<\/ul>\n<hr data-start=\"1613\" data-end=\"1616\" \/>\n<p data-start=\"1618\" data-end=\"1649\"><strong data-start=\"1618\" data-end=\"1649\">Elhelyez\u00e9s \u00e9s felhaszn\u00e1l\u00e1s:<\/strong><\/p>\n<ul data-start=\"1650\" data-end=\"1856\">\n<li data-start=\"1650\" data-end=\"1706\">\n<p data-start=\"1652\" data-end=\"1706\">Szoliterk\u00e9nt gyepfel\u00fcletre \u00fcltetve k\u00fcl\u00f6n\u00f6sen mutat\u00f3s<\/p>\n<\/li>\n<li data-start=\"1707\" data-end=\"1749\">\n<p data-start=\"1709\" data-end=\"1749\">Cserjecsoportokban, nagyobb \u00e1gy\u00e1sokban<\/p>\n<\/li>\n<li data-start=\"1750\" data-end=\"1795\">\n<p data-start=\"1752\" data-end=\"1795\">Alacsony, laza s\u00f6v\u00e9nyk\u00e9nt is alkalmazhat\u00f3<\/p>\n<\/li>\n<li data-start=\"1796\" data-end=\"1856\">\n<p data-start=\"1798\" data-end=\"1856\">\u0150szi sz\u00ednfoltk\u00e9nt t\u00f6k\u00e9letes kieg\u00e9sz\u00edt\u0151je b\u00e1rmilyen kertnek<\/p>\n<\/li>\n<\/ul>\n<p><b>K\u00e9szlet\u00fcnk napi szinten v\u00e1ltozik, ez\u00e9rt k\u00e9rj\u00fck, \u00e9rdekl\u0151dj\u00f6n szem\u00e9lyesen, telefonon vagy email-en.<br \/>\nA v\u00e1ltoztat\u00e1s jog\u00e1t fenntartjuk!<\/b><b>\u00a0<\/b><\/p>\n<p><a href=\"https:\/\/tajkertesz.com\/\">https:\/\/tajkertesz.com\/<\/a><\/p>\n<p><a href=\"https:\/\/www.facebook.com\/tajkertesz\/\">https:\/\/www.facebook.com\/tajkertesz\/<\/a><\/p>\n<p>Kisz\u00e1ll\u00edt\u00e1s: 200cm-ig \u00e9s 40 kg-ig a sz\u00e1ll\u00edt\u00e1s fut\u00e1rszolg\u00e1lattal t\u00f6rt\u00e9nik.<\/p>\n<p>Szem\u00e9lyes \u00e1tv\u00e9tel nyitvatart\u00e1si id\u0151ben a 17. ker\u00fclet Bakancsos utca 7. sz\u00e1m alatti Kert\u00e9szeti \u00e1rud\u00e1nkban.<\/p>\n<p>Kert\u00e9p\u00edt\u0151k \u00e9s viszontelad\u00f3k regisztr\u00e1l\u00e1s ut\u00e1n egyedi kedvezm\u00e9nnyel v\u00e1s\u00e1rolhatnak kert\u00e9szeti kis-\u00e9s nagykeresked\u00e9s\u00fcnkben.<\/p>\n<p><strong>Az \u00e1rak egy darab term\u00e9kre vonatkoznak.<\/strong><\/p>\n<p><strong>J\u00f3 tudni!<\/strong><\/p>\n<p>K\u00e9pek-elt\u00e9r\u00e9sek:<\/p>\n<p>A n\u00f6v\u00e9nyekr\u0151l felt\u00f6lt\u00f6tt k\u00e9pek illusztr\u00e1ci\u00f3k. N\u00f6v\u00e9nyekn\u00e9l el\u0151fordulhatnak minim\u00e1lis elt\u00e9r\u00e9sek a k\u00e9peken szerepl\u0151 n\u00f6v\u00e9nyek \u00e9s az \u00e1tvett n\u00f6v\u00e9nyek k\u00f6z\u00f6tt, mivel minden n\u00f6v\u00e9ny egyedi.<\/p>\n<h4>N\u00f6v\u00e9nyek sz\u00e1ll\u00edt\u00e1sa:<\/h4>\n<p>A megrendelt n\u00f6v\u00e9nyeket igyeksz\u00fcnk a lehet\u0151 legbiztons\u00e1gosabban egyes\u00e9vel csomagolni, azonban a sz\u00e1ll\u00edt\u00e1s sor\u00e1n m\u00e9g ennek ellen\u00e9re is\u00a0bek\u00f6vetkezhetnek apr\u00f3bb s\u00e9r\u00fcl\u00e9sek (lev\u00e9l- vagy vir\u00e1ghull\u00e1s).<br \/>\nN\u00f6v\u00e9ny rendel\u00e9s eset\u00e9n k\u00e9rj\u00fck a k\u00e9zbes\u00edt\u00e9st k\u00f6vet\u0151en a lehet\u0151 leghamarabb bonts\u00e1k ki a csomagot.<\/p>\n<p>Abban az esetben, ha a megrendelt n\u00f6v\u00e9ny\u00a0a sz\u00e1ll\u00edt\u00e1st k\u00f6vet\u0151en\u00a0nem megfelel\u0151 gondoz\u00e1sban r\u00e9szes\u00fcl \u00e9s ebb\u0151l kifoly\u00f3lag\u00a0k\u00e1rosodik,\u00a0elpusztul, felel\u0151ss\u00e9get sajnos nem tudunk v\u00e1llalni.<\/p>\n<p>V\u00e1s\u00e1rl\u00e1st\u00f3l val\u00f3 el\u00e1ll\u00e1s \u00e9l\u0151 n\u00f6v\u00e9ny v\u00e1s\u00e1rl\u00e1sa eset\u00e9n:<\/p>\n<p>Az \u00e1ltal\u00e1nos 14 napos el\u00e1ll\u00e1s lehet\u0151s\u00e9ge \u00e9l\u0151 n\u00f6v\u00e9nyekre nem vonatkozik. V\u00e1s\u00e1rl\u00e1st\u00f3l val\u00f3 el\u00e1ll\u00e1sra, visszak\u00fcld\u00e9sre nincs lehet\u0151s\u00e9g.\u00a0(17\/1999. (II. 5.) Korm. rendelet 5c pontja)<\/p>\n<p><strong>K\u00e9rj\u00fck fentiek figyelembev\u00e9tel\u00e9t n\u00f6v\u00e9ny rendel\u00e9se sor\u00e1n!<\/strong><\/p>\n<\/div>\n<\/div>\n<\/div>","protected":false},"excerpt":{"rendered":"<p>N\u00f6v\u00e9ny m\u00e9rete: 70\/80cm magas, 9 literes kont\u00e9nerben.<\/p>\n<p><b>K\u00e9szlet\u00fcnk napi szinten v\u00e1ltozik, ez\u00e9rt k\u00e9rj\u00fck, \u00e9rdekl\u0151dj\u00f6n szem\u00e9lyesen, telefonon vagy email-en.<br \/>\nA v\u00e1ltoztat\u00e1s jog\u00e1t fenntartjuk!<\/b><b>\u00a0<\/b><\/p>\n<p><strong>Sz\u00e1ll\u00edt\u00e1s fut\u00e1rszolg\u00e1lattal 200 cm-ig, \u00e9s 40 kg-ig lehets\u00e9ges. E felett szem\u00e9lyes \u00e1tv\u00e9tellel vagy egyeztetett sz\u00e1ll\u00edt\u00e1si felt\u00e9tellel lehet.<\/strong><\/p>","protected":false},"featured_media":6518,"template":"","meta":{"_et_pb_use_builder":"","_et_pb_old_content":"","_et_gb_content_width":""},"product_brand":[],"product_cat":[27],"product_tag":[73,186,1882],"class_list":{"0":"post-6513","1":"product","2":"type-product","3":"status-publish","4":"has-post-thumbnail","6":"product_cat-cserjek","7":"product_tag-cserje","8":"product_tag-euonymus","9":"product_tag-szarnyas-kecskerago-euonymus-alatus-compactus","11":"first","12":"instock","13":"shipping-taxable","14":"purchasable","15":"product-type-simple"},"yoast_head":"<!-- This site is optimized with the Yoast SEO plugin v27.4 - https:\/\/yoast.com\/product\/yoast-seo-wordpress\/ -->\n<title>Euonymus alatus - Sz\u00e1rnyas kecsker\u00e1g\u00f3 - T\u00e1jkert\u00e9sz<\/title>\n<meta name=\"description\" content=\"Az Euonymus alatus, vagy sz\u00e1rnyas kecsker\u00e1g\u00f3 egy k\u00f6zepes m\u00e9ret\u0171, l\u00e1tv\u00e1nyos lombhullat\u00f3 cserje, mely \u0151sszel \u00e9l\u00e9nkv\u00f6r\u00f6sre sz\u00ednez\u0151dik.\" \/>\n<meta name=\"robots\" content=\"index, follow, max-snippet:-1, max-image-preview:large, max-video-preview:-1\" \/>\n<link rel=\"canonical\" href=\"https:\/\/tajkertesz.com\/en_US\/product\/euonymus-alatus-szarnyas-kecskerago-2\/\" \/>\n<meta property=\"og:locale\" content=\"en_US\" \/>\n<meta property=\"og:type\" content=\"article\" \/>\n<meta property=\"og:title\" content=\"Euonymus alatus - Sz\u00e1rnyas kecsker\u00e1g\u00f3 - T\u00e1jkert\u00e9sz\" \/>\n<meta property=\"og:description\" content=\"Az Euonymus alatus, vagy sz\u00e1rnyas kecsker\u00e1g\u00f3 egy k\u00f6zepes m\u00e9ret\u0171, l\u00e1tv\u00e1nyos lombhullat\u00f3 cserje, mely \u0151sszel \u00e9l\u00e9nkv\u00f6r\u00f6sre sz\u00ednez\u0151dik.\" \/>\n<meta property=\"og:url\" content=\"https:\/\/tajkertesz.com\/en_US\/product\/euonymus-alatus-szarnyas-kecskerago-2\/\" \/>\n<meta property=\"og:site_name\" content=\"T\u00e1jkert\u00e9sz\" \/>\n<meta property=\"article:publisher\" content=\"https:\/\/www.facebook.com\/Tajkertesz\/\" \/>\n<meta property=\"article:modified_time\" content=\"2025-06-05T10:59:05+00:00\" \/>\n<meta property=\"og:image\" content=\"https:\/\/tajkertesz.com\/wp-content\/uploads\/2021\/06\/FLSEUO34797.jpg\" \/>\n\t<meta property=\"og:image:width\" content=\"1000\" \/>\n\t<meta property=\"og:image:height\" content=\"1000\" \/>\n\t<meta property=\"og:image:type\" content=\"image\/jpeg\" \/>\n<meta name=\"twitter:card\" content=\"summary_large_image\" \/>\n<meta name=\"twitter:label1\" content=\"Est. reading time\" \/>\n\t<meta name=\"twitter:data1\" content=\"3 minutes\" \/>\n<script type=\"application\/ld+json\" class=\"yoast-schema-graph\">{\"@context\":\"https:\\\/\\\/schema.org\",\"@graph\":[{\"@type\":\"WebPage\",\"@id\":\"https:\\\/\\\/tajkertesz.com\\\/termek\\\/euonymus-alatus-szarnyas-kecskerago-2\\\/\",\"url\":\"https:\\\/\\\/tajkertesz.com\\\/termek\\\/euonymus-alatus-szarnyas-kecskerago-2\\\/\",\"name\":\"Euonymus alatus - Sz\u00e1rnyas kecsker\u00e1g\u00f3 - T\u00e1jkert\u00e9sz\",\"isPartOf\":{\"@id\":\"https:\\\/\\\/tajkertesz.com\\\/#website\"},\"primaryImageOfPage\":{\"@id\":\"https:\\\/\\\/tajkertesz.com\\\/termek\\\/euonymus-alatus-szarnyas-kecskerago-2\\\/#primaryimage\"},\"image\":{\"@id\":\"https:\\\/\\\/tajkertesz.com\\\/termek\\\/euonymus-alatus-szarnyas-kecskerago-2\\\/#primaryimage\"},\"thumbnailUrl\":\"https:\\\/\\\/tajkertesz.com\\\/wp-content\\\/uploads\\\/2021\\\/06\\\/FLSEUO34797.jpg\",\"datePublished\":\"2025-06-05T08:23:49+00:00\",\"dateModified\":\"2025-06-05T10:59:05+00:00\",\"description\":\"Az Euonymus alatus, vagy sz\u00e1rnyas kecsker\u00e1g\u00f3 egy k\u00f6zepes m\u00e9ret\u0171, l\u00e1tv\u00e1nyos lombhullat\u00f3 cserje, mely \u0151sszel \u00e9l\u00e9nkv\u00f6r\u00f6sre sz\u00ednez\u0151dik.\",\"breadcrumb\":{\"@id\":\"https:\\\/\\\/tajkertesz.com\\\/termek\\\/euonymus-alatus-szarnyas-kecskerago-2\\\/#breadcrumb\"},\"inLanguage\":\"en-US\",\"potentialAction\":[{\"@type\":\"ReadAction\",\"target\":[\"https:\\\/\\\/tajkertesz.com\\\/termek\\\/euonymus-alatus-szarnyas-kecskerago-2\\\/\"]}]},{\"@type\":\"ImageObject\",\"inLanguage\":\"en-US\",\"@id\":\"https:\\\/\\\/tajkertesz.com\\\/termek\\\/euonymus-alatus-szarnyas-kecskerago-2\\\/#primaryimage\",\"url\":\"https:\\\/\\\/tajkertesz.com\\\/wp-content\\\/uploads\\\/2021\\\/06\\\/FLSEUO34797.jpg\",\"contentUrl\":\"https:\\\/\\\/tajkertesz.com\\\/wp-content\\\/uploads\\\/2021\\\/06\\\/FLSEUO34797.jpg\",\"width\":1000,\"height\":1000,\"caption\":\"Euonymus alatus - Sz\u00e1rnyas kecsker\u00e1g\u00f3\"},{\"@type\":\"BreadcrumbList\",\"@id\":\"https:\\\/\\\/tajkertesz.com\\\/termek\\\/euonymus-alatus-szarnyas-kecskerago-2\\\/#breadcrumb\",\"itemListElement\":[{\"@type\":\"ListItem\",\"position\":1,\"name\":\"Home\",\"item\":\"https:\\\/\\\/tajkertesz.com\\\/\"},{\"@type\":\"ListItem\",\"position\":2,\"name\":\"Kezd\u0151lap\",\"item\":\"https:\\\/\\\/tajkertesz.com\\\/\"},{\"@type\":\"ListItem\",\"position\":3,\"name\":\"Euonymus alatus &#8211; Sz\u00e1rnyas kecsker\u00e1g\u00f3\"}]},{\"@type\":\"WebSite\",\"@id\":\"https:\\\/\\\/tajkertesz.com\\\/#website\",\"url\":\"https:\\\/\\\/tajkertesz.com\\\/\",\"name\":\"T\u00e1j-Kert\u00e9sz 84 Kft.\",\"description\":\"Kert\u00e9szeti kis- \u00e9s nagykeresked\u00e9s, D\u00edszn\u00f6v\u00e9ny web\u00e1ruh\u00e1z orsz\u00e1gos h\u00e1zhozsz\u00e1ll\u00edt\u00e1ssal!\",\"publisher\":{\"@id\":\"https:\\\/\\\/tajkertesz.com\\\/#organization\"},\"potentialAction\":[{\"@type\":\"SearchAction\",\"target\":{\"@type\":\"EntryPoint\",\"urlTemplate\":\"https:\\\/\\\/tajkertesz.com\\\/?s={search_term_string}\"},\"query-input\":{\"@type\":\"PropertyValueSpecification\",\"valueRequired\":true,\"valueName\":\"search_term_string\"}}],\"inLanguage\":\"en-US\"},{\"@type\":\"Organization\",\"@id\":\"https:\\\/\\\/tajkertesz.com\\\/#organization\",\"name\":\"T\u00e1j-Kert\u00e9sz 84 Kft.\",\"url\":\"https:\\\/\\\/tajkertesz.com\\\/\",\"logo\":{\"@type\":\"ImageObject\",\"inLanguage\":\"en-US\",\"@id\":\"https:\\\/\\\/tajkertesz.com\\\/#\\\/schema\\\/logo\\\/image\\\/\",\"url\":\"https:\\\/\\\/tajkertesz.com\\\/wp-content\\\/uploads\\\/2018\\\/02\\\/logo-2-e1518678052539.png\",\"contentUrl\":\"https:\\\/\\\/tajkertesz.com\\\/wp-content\\\/uploads\\\/2018\\\/02\\\/logo-2-e1518678052539.png\",\"width\":81,\"height\":140,\"caption\":\"T\u00e1j-Kert\u00e9sz 84 Kft.\"},\"image\":{\"@id\":\"https:\\\/\\\/tajkertesz.com\\\/#\\\/schema\\\/logo\\\/image\\\/\"},\"sameAs\":[\"https:\\\/\\\/www.facebook.com\\\/Tajkertesz\\\/\"]}]}<\/script>\n<!-- \/ Yoast SEO plugin. -->","yoast_head_json":{"title":"Euonymus alatus - Sz\u00e1rnyas kecsker\u00e1g\u00f3 - T\u00e1jkert\u00e9sz","description":"Az Euonymus alatus, vagy sz\u00e1rnyas kecsker\u00e1g\u00f3 egy k\u00f6zepes m\u00e9ret\u0171, l\u00e1tv\u00e1nyos lombhullat\u00f3 cserje, mely \u0151sszel \u00e9l\u00e9nkv\u00f6r\u00f6sre sz\u00ednez\u0151dik.","robots":{"index":"index","follow":"follow","max-snippet":"max-snippet:-1","max-image-preview":"max-image-preview:large","max-video-preview":"max-video-preview:-1"},"canonical":"https:\/\/tajkertesz.com\/en_US\/product\/euonymus-alatus-szarnyas-kecskerago-2\/","og_locale":"en_US","og_type":"article","og_title":"Euonymus alatus - Sz\u00e1rnyas kecsker\u00e1g\u00f3 - T\u00e1jkert\u00e9sz","og_description":"Az Euonymus alatus, vagy sz\u00e1rnyas kecsker\u00e1g\u00f3 egy k\u00f6zepes m\u00e9ret\u0171, l\u00e1tv\u00e1nyos lombhullat\u00f3 cserje, mely \u0151sszel \u00e9l\u00e9nkv\u00f6r\u00f6sre sz\u00ednez\u0151dik.","og_url":"https:\/\/tajkertesz.com\/en_US\/product\/euonymus-alatus-szarnyas-kecskerago-2\/","og_site_name":"T\u00e1jkert\u00e9sz","article_publisher":"https:\/\/www.facebook.com\/Tajkertesz\/","article_modified_time":"2025-06-05T10:59:05+00:00","og_image":[{"width":1000,"height":1000,"url":"https:\/\/tajkertesz.com\/wp-content\/uploads\/2021\/06\/FLSEUO34797.jpg","type":"image\/jpeg"}],"twitter_card":"summary_large_image","twitter_misc":{"Est. reading time":"3 minutes"},"schema":{"@context":"https:\/\/schema.org","@graph":[{"@type":"WebPage","@id":"https:\/\/tajkertesz.com\/termek\/euonymus-alatus-szarnyas-kecskerago-2\/","url":"https:\/\/tajkertesz.com\/termek\/euonymus-alatus-szarnyas-kecskerago-2\/","name":"Euonymus alatus - Sz\u00e1rnyas kecsker\u00e1g\u00f3 - T\u00e1jkert\u00e9sz","isPartOf":{"@id":"https:\/\/tajkertesz.com\/#website"},"primaryImageOfPage":{"@id":"https:\/\/tajkertesz.com\/termek\/euonymus-alatus-szarnyas-kecskerago-2\/#primaryimage"},"image":{"@id":"https:\/\/tajkertesz.com\/termek\/euonymus-alatus-szarnyas-kecskerago-2\/#primaryimage"},"thumbnailUrl":"https:\/\/tajkertesz.com\/wp-content\/uploads\/2021\/06\/FLSEUO34797.jpg","datePublished":"2025-06-05T08:23:49+00:00","dateModified":"2025-06-05T10:59:05+00:00","description":"Az Euonymus alatus, vagy sz\u00e1rnyas kecsker\u00e1g\u00f3 egy k\u00f6zepes m\u00e9ret\u0171, l\u00e1tv\u00e1nyos lombhullat\u00f3 cserje, mely \u0151sszel \u00e9l\u00e9nkv\u00f6r\u00f6sre sz\u00ednez\u0151dik.","breadcrumb":{"@id":"https:\/\/tajkertesz.com\/termek\/euonymus-alatus-szarnyas-kecskerago-2\/#breadcrumb"},"inLanguage":"en-US","potentialAction":[{"@type":"ReadAction","target":["https:\/\/tajkertesz.com\/termek\/euonymus-alatus-szarnyas-kecskerago-2\/"]}]},{"@type":"ImageObject","inLanguage":"en-US","@id":"https:\/\/tajkertesz.com\/termek\/euonymus-alatus-szarnyas-kecskerago-2\/#primaryimage","url":"https:\/\/tajkertesz.com\/wp-content\/uploads\/2021\/06\/FLSEUO34797.jpg","contentUrl":"https:\/\/tajkertesz.com\/wp-content\/uploads\/2021\/06\/FLSEUO34797.jpg","width":1000,"height":1000,"caption":"Euonymus alatus - Sz\u00e1rnyas kecsker\u00e1g\u00f3"},{"@type":"BreadcrumbList","@id":"https:\/\/tajkertesz.com\/termek\/euonymus-alatus-szarnyas-kecskerago-2\/#breadcrumb","itemListElement":[{"@type":"ListItem","position":1,"name":"Home","item":"https:\/\/tajkertesz.com\/"},{"@type":"ListItem","position":2,"name":"Kezd\u0151lap","item":"https:\/\/tajkertesz.com\/"},{"@type":"ListItem","position":3,"name":"Euonymus alatus &#8211; Sz\u00e1rnyas kecsker\u00e1g\u00f3"}]},{"@type":"WebSite","@id":"https:\/\/tajkertesz.com\/#website","url":"https:\/\/tajkertesz.com\/","name":"T\u00e1j-Kert\u00e9sz 84 Kft.","description":"Kert\u00e9szeti kis- \u00e9s nagykeresked\u00e9s, D\u00edszn\u00f6v\u00e9ny web\u00e1ruh\u00e1z orsz\u00e1gos h\u00e1zhozsz\u00e1ll\u00edt\u00e1ssal!","publisher":{"@id":"https:\/\/tajkertesz.com\/#organization"},"potentialAction":[{"@type":"SearchAction","target":{"@type":"EntryPoint","urlTemplate":"https:\/\/tajkertesz.com\/?s={search_term_string}"},"query-input":{"@type":"PropertyValueSpecification","valueRequired":true,"valueName":"search_term_string"}}],"inLanguage":"en-US"},{"@type":"Organization","@id":"https:\/\/tajkertesz.com\/#organization","name":"T\u00e1j-Kert\u00e9sz 84 Kft.","url":"https:\/\/tajkertesz.com\/","logo":{"@type":"ImageObject","inLanguage":"en-US","@id":"https:\/\/tajkertesz.com\/#\/schema\/logo\/image\/","url":"https:\/\/tajkertesz.com\/wp-content\/uploads\/2018\/02\/logo-2-e1518678052539.png","contentUrl":"https:\/\/tajkertesz.com\/wp-content\/uploads\/2018\/02\/logo-2-e1518678052539.png","width":81,"height":140,"caption":"T\u00e1j-Kert\u00e9sz 84 Kft."},"image":{"@id":"https:\/\/tajkertesz.com\/#\/schema\/logo\/image\/"},"sameAs":["https:\/\/www.facebook.com\/Tajkertesz\/"]}]}},"_links":{"self":[{"href":"https:\/\/tajkertesz.com\/en_US\/wp-json\/wp\/v2\/product\/6513","targetHints":{"allow":["GET"]}}],"collection":[{"href":"https:\/\/tajkertesz.com\/en_US\/wp-json\/wp\/v2\/product"}],"about":[{"href":"https:\/\/tajkertesz.com\/en_US\/wp-json\/wp\/v2\/types\/product"}],"wp:featuredmedia":[{"embeddable":true,"href":"https:\/\/tajkertesz.com\/en_US\/wp-json\/wp\/v2\/media\/6518"}],"wp:attachment":[{"href":"https:\/\/tajkertesz.com\/en_US\/wp-json\/wp\/v2\/media?parent=6513"}],"wp:term":[{"taxonomy":"product_brand","embeddable":true,"href":"https:\/\/tajkertesz.com\/en_US\/wp-json\/wp\/v2\/product_brand?post=6513"},{"taxonomy":"product_cat","embeddable":true,"href":"https:\/\/tajkertesz.com\/en_US\/wp-json\/wp\/v2\/product_cat?post=6513"},{"taxonomy":"product_tag","embeddable":true,"href":"https:\/\/tajkertesz.com\/en_US\/wp-json\/wp\/v2\/product_tag?post=6513"}],"curies":[{"name":"wp","href":"https:\/\/api.w.org\/{rel}","templated":true}]}}