{"id":6523,"date":"2021-06-14T10:44:03","date_gmt":"2021-06-14T10:44:03","guid":{"rendered":"https:\/\/tajkertesz.com\/?post_type=product&#038;p=6523"},"modified":"2023-08-25T12:16:25","modified_gmt":"2023-08-25T12:16:25","slug":"gyokercsapda-hdpe-anyagu-70cmx5m-12mm-vastagsagu","status":"publish","type":"product","link":"https:\/\/tajkertesz.com\/en_US\/product\/gyokercsapda-hdpe-anyagu-70cmx5m-12mm-vastagsagu\/","title":{"rendered":"Gy\u00f6k\u00e9rcsapda HDPE anyag\u00fa, 70cmx5m 1,2mm vastags\u00e1g\u00fa"},"content":{"rendered":"<h2>Gy\u00f6k\u00e9rcsapda HDPE anyag\u00fa, 70cmx5m 1,2mm vastags\u00e1g\u00fa<\/h2>\n<p>Gy\u00f6k\u00e9rv\u00e9delem HDPE,, 70cmx5m 1,2mm vastag A korhad\u00e1s\u00e1ll\u00f3 hdpe kord\u00e1ban tartja \u00a0a\u00a0 n\u00f6v\u00e9nyek gy\u00f6kereinek terjed\u00e9s\u00e9t \u00e9s meg akad\u00e1lyozza hogy azok cs\u0151vezet\u00e9kekbe alapzatokba \u00e9s kerti tavakba k\u00e1rt tegyenek k\u00fcl\u00f6n\u00f6sen alkalma arra hogy g\u00e1tolja a bambuszok riz\u00f3m\u00e1inak elterjed\u00e9s\u00e9t.<\/p>\n<h3><span style=\"color: #ffffff;\">A\u00a0<b>gy\u00f6k\u00e9r<\/b>\u00a0<\/span><\/h3>\n<p><span style=\"color: #ffffff;\">(<a style=\"color: #ffffff;\" title=\"Latin nyelv\" href=\"https:\/\/hu.wikipedia.org\/wiki\/Latin_nyelv\">latinul<\/a>\u00a0<i>radix<\/i>) a\u00a0<a class=\"mw-redirect\" style=\"color: #ffffff;\" title=\"Hajt\u00e1sos n\u00f6v\u00e9nyek\" href=\"https:\/\/hu.wikipedia.org\/wiki\/Hajt%C3%A1sos_n%C3%B6v%C3%A9nyek\">hajt\u00e1sos n\u00f6v\u00e9nyek<\/a>\u00a0\u2013 azaz a\u00a0<a style=\"color: #ffffff;\" title=\"Harasztok\" href=\"https:\/\/hu.wikipedia.org\/wiki\/Harasztok\">harasztok<\/a>,\u00a0<a style=\"color: #ffffff;\" title=\"Nyitvaterm\u0151k\" href=\"https:\/\/hu.wikipedia.org\/wiki\/Nyitvaterm%C5%91k\">nyitvaterm\u0151k<\/a>\u00a0\u00e9s\u00a0<a style=\"color: #ffffff;\" title=\"Z\u00e1rvaterm\u0151k\" href=\"https:\/\/hu.wikipedia.org\/wiki\/Z%C3%A1rvaterm%C5%91k\">z\u00e1rvaterm\u0151k<\/a>\u00a0\u2013 jellemz\u0151en a\u00a0<a style=\"color: #ffffff;\" title=\"Talaj\" href=\"https:\/\/hu.wikipedia.org\/wiki\/Talaj\">talajban<\/a>\u00a0kialakult\u00a0<a style=\"color: #ffffff;\" title=\"Lev\u00e9l (botanika)\" href=\"https:\/\/hu.wikipedia.org\/wiki\/Lev%C3%A9l_(botanika)\">lev\u00e9ltelen<\/a>,\u00a0<a style=\"color: #ffffff;\" title=\"Sz\u00e1r (botanika)\" href=\"https:\/\/hu.wikipedia.org\/wiki\/Sz%C3%A1r_(botanika)\">sz\u00e1rtagok<\/a>\u00a0n\u00e9lk\u00fcli r\u00e9sze, amelynek feladata a\u00a0<a style=\"color: #ffffff;\" title=\"N\u00f6v\u00e9nyek\" href=\"https:\/\/hu.wikipedia.org\/wiki\/N%C3%B6v%C3%A9nyek\">n\u00f6v\u00e9ny<\/a>\u00a0r\u00f6gz\u00edt\u00e9se, valamint a v\u00edz- \u00e9s \u00e1sv\u00e1nyianyag-felv\u00e9tel. A gy\u00f6kerek cs\u00facs\u00e1t a gy\u00f6k\u00e9rs\u00fcveg\u00a0<i>(kaliptra)<\/i> bor\u00edtja, ami v\u00e9di a n\u00f6vekv\u0151, a talajszemcs\u00e9k k\u00f6z\u00e9 behatol\u00f3 gy\u00f6keret. \u00a0mikorrhiza.<sup id=\"cite_ref-Jakucs_2-0\" class=\"reference\"><a style=\"color: #ffffff;\" href=\"https:\/\/hu.wikipedia.org\/wiki\/Gy%C3%B6k%C3%A9r#cite_note-Jakucs-2\">[2]<\/a><\/sup>\u00a0Egyes\u00a0<a style=\"color: #ffffff;\" title=\"\" href=\"https:\/\/hu.wikipedia.org\/wiki\/Bakt%C3%A9riumok\">bakt\u00e9riumok<\/a>\u00a0is kapcsol\u00f3dhatnak a gy\u00f6kerekhez.<\/span><\/p>\n<p><span style=\"color: #ffffff;\">A gy\u00f6kerek gyakran t\u00e1panyag t\u00e1rol\u00e1s\u00e1ra is szolg\u00e1lnak. A legt\u00f6bb ed\u00e9nyes n\u00f6v\u00e9nyfaj\u00a0<a style=\"color: #ffffff;\" title=\"Gomb\u00e1k\" href=\"https:\/\/hu.wikipedia.org\/wiki\/Gomb%C3%A1k\">gomb\u00e1kkal<\/a>\u00a0\u00e1ll\u00a0<a style=\"color: #ffffff;\" title=\"Szimbi\u00f3zis\" href=\"https:\/\/hu.wikipedia.org\/wiki\/Szimbi%C3%B3zis\">szimbiotikus<\/a>\u00a0kapcsolatban,\u00a0<a style=\"color: #ffffff;\" title=\"Mikorrhiza\" href=\"https:\/\/hu.wikipedia.org\/wiki\/Mikorrhiza\">mikorrhiz\u00e1t<\/a>\u00a0alkotva, a gomba\u00a0<a class=\"new\" style=\"color: #ffffff;\" title=\"Mic\u00e9lium (a lap nem l\u00e9tezik)\" href=\"https:\/\/hu.wikipedia.org\/w\/index.php?title=Mic%C3%A9lium&amp;action=edit&amp;redlink=1\">mic\u00e9lium\u00e1b\u00f3l<\/a>\u00a0kiindul\u00f3 gombafonalak beh\u00e1l\u00f3zz\u00e1k a n\u00f6v\u00e9ny gy\u00f6kereit, \u00e9s k\u00f6lcs\u00f6n\u00f6sen seg\u00edtik egym\u00e1s t\u00e1panyagokhoz jut\u00e1s\u00e1t); ez annyira elterjedt, hogy ak\u00e1r azt is mondhatjuk, hogy a vizet (\u00e9s szervetlen t\u00e1panyagokat) felvev\u0151 n\u00f6v\u00e9nyi szerv nem a gy\u00f6k\u00e9r, hanem a mikorrhiza.<sup id=\"cite_ref-Jakucs_2-0\" class=\"reference\"><a style=\"color: #ffffff;\" href=\"https:\/\/hu.wikipedia.org\/wiki\/Gy%C3%B6k%C3%A9r#cite_note-Jakucs-2\">[2]<\/a><\/sup>\u00a0Egyes\u00a0<a style=\"color: #ffffff;\" title=\"\" href=\"https:\/\/hu.wikipedia.org\/wiki\/Bakt%C3%A9riumok\">bakt\u00e9riumok<\/a>\u00a0is kapcsol\u00f3dhatnak a gy\u00f6kerekhez.<\/span><\/p>\n<h2><span style=\"color: #ffffff;\">Gy\u00f6k\u00e9rv\u00e9delem<\/span><\/h2>\n<p><span style=\"color: #ffffff;\"> (<a style=\"color: #ffffff;\" title=\"Latin nyelv\" href=\"https:\/\/hu.wikipedia.org\/wiki\/Latin_nyelv\">latinul<\/a>\u00a0<i>radix<\/i>) a\u00a0<a class=\"mw-redirect\" style=\"color: #ffffff;\" title=\"Hajt\u00e1sos n\u00f6v\u00e9nyek\" href=\"https:\/\/hu.wikipedia.org\/wiki\/Hajt%C3%A1sos_n%C3%B6v%C3%A9nyek\">hajt\u00e1sos n\u00f6v\u00e9nyek<\/a>\u00a0\u2013 azaz a\u00a0<a style=\"color: #ffffff;\" title=\"Harasztok\" href=\"https:\/\/hu.wikipedia.org\/wiki\/Harasztok\">harasztok<\/a>,\u00a0<a style=\"color: #ffffff;\" title=\"Nyitvaterm\u0151k\" href=\"https:\/\/hu.wikipedia.org\/wiki\/Nyitvaterm%C5%91k\">nyitvaterm\u0151k<\/a>\u00a0\u00e9s\u00a0<a style=\"color: #ffffff;\" title=\"Z\u00e1rvaterm\u0151k\" href=\"https:\/\/hu.wikipedia.org\/wiki\/Z%C3%A1rvaterm%C5%91k\">z\u00e1rvaterm\u0151k<\/a>\u00a0\u2013 jellemz\u0151en a\u00a0<a style=\"color: #ffffff;\" title=\"Talaj\" href=\"https:\/\/hu.wikipedia.org\/wiki\/Talaj\">talajban<\/a>\u00a0kialakult\u00a0<a style=\"color: #ffffff;\" title=\"Lev\u00e9l (botanika)\" href=\"https:\/\/hu.wikipedia.org\/wiki\/Lev%C3%A9l_(botanika)\">lev\u00e9ltelen<\/a>,\u00a0<a style=\"color: #ffffff;\" title=\"Sz\u00e1r (botanika)\" href=\"https:\/\/hu.wikipedia.org\/wiki\/Sz%C3%A1r_(botanika)\">sz\u00e1rtagok<\/a>\u00a0n\u00e9lk\u00fcli r\u00e9sze, amelynek feladata a\u00a0<a style=\"color: #ffffff;\" title=\"N\u00f6v\u00e9nyek\" href=\"https:\/\/hu.wikipedia.org\/wiki\/N%C3%B6v%C3%A9nyek\">n\u00f6v\u00e9ny<\/a>\u00a0r\u00f6gz\u00edt\u00e9se, valamint a v\u00edz- \u00e9s \u00e1sv\u00e1nyianyag-felv\u00e9tel. <\/span><\/p>\n<div id=\"bodyContent\" class=\"mw-body-content\">\n<div id=\"mw-content-text\" class=\"mw-content-ltr\" dir=\"ltr\" lang=\"hu\">\n<div id=\"bodyContent\" class=\"mw-body-content\">\n<div id=\"mw-content-text\" class=\"mw-content-ltr\" dir=\"ltr\" lang=\"hu\">\n<p>Kisz\u00e1ll\u00edt\u00e1s: 200 cm \u00e9s 40 kg is a sz\u00e1ll\u00edt\u00e1s fut\u00e1rszolg\u00e1lattal t\u00f6rt\u00e9nik.<\/p>\n<\/div>\n<\/div>\n<\/div>\n<\/div>\n<p style=\"line-height: 18.0pt; background: white; margin: 0cm 0cm 15.0pt 0cm;\"><b><span style=\"font-family: 'Ubuntu',serif; color: black;\">K\u00e9szlet\u00fcnk napi szinten v\u00e1ltozik, ez\u00e9rt k\u00e9rj\u00fck, \u00e9rdekl\u0151dj\u00f6n szem\u00e9lyesen, telefonon vagy email-en.<br \/>\nA v\u00e1ltoztat\u00e1s jog\u00e1t fenntartjuk!\u00a0<\/span><\/b><\/p>\n<p><a href=\"https:\/\/tajkertesz.com\/\">https:\/\/tajkertesz.com\/<\/a><\/p>\n<p><a href=\"https:\/\/www.facebook.com\/tajkertesz\">https:\/\/www.facebook.com\/tajkertesz<\/a><\/p>\n","protected":false},"excerpt":{"rendered":"<h2>Gy\u00f6k\u00e9rcsapda HDPE anyag\u00fa, 70cmx5m 1,2mm vastags\u00e1g\u00fa<\/h2>\n<p>Gy\u00f6k\u00e9rv\u00e9delem HDPE,, 70cmx5m 1,2mm vastag A korhad\u00e1s\u00e1ll\u00f3 hdpe kord\u00e1ban tartja \u00a0a\u00a0 n\u00f6v\u00e9nyek gy\u00f6kereinek terjed\u00e9s\u00e9t \u00e9s meg akad\u00e1lyozza hogy azok cs\u0151vezet\u00e9kekbe alapzatokba \u00e9s kerti tavakba k\u00e1rt tegyenek k\u00fcl\u00f6n\u00f6sen alkalma arra hogy g\u00e1tolja a bambuszok riz\u00f3m\u00e1inak elterjed\u00e9s\u00e9t.<\/p>","protected":false},"featured_media":6520,"template":"","meta":{"_et_pb_use_builder":"","_et_pb_old_content":"","_et_gb_content_width":""},"product_brand":[],"product_cat":[1098,1574],"product_tag":[1883],"class_list":{"0":"post-6523","1":"product","2":"type-product","3":"status-publish","4":"has-post-thumbnail","6":"product_cat-agyasszegelyek-gyepracsok","7":"product_cat-foliak-geotextiliak-vakondhalok-talajtakaro-anyagok","8":"product_tag-gyokervedelem","10":"first","11":"instock","12":"shipping-taxable","13":"purchasable","14":"product-type-simple"},"yoast_head":"<!-- This site is optimized with the Yoast SEO plugin v27.4 - https:\/\/yoast.com\/product\/yoast-seo-wordpress\/ -->\n<title>Gy\u00f6k\u00e9rcsapda HDPE anyag\u00fa, 70cmx5m 1,2mm vastags\u00e1g\u00fa - T\u00e1jkert\u00e9sz<\/title>\n<meta name=\"description\" content=\"Gy\u00f6k\u00e9rvcsapda HDPE,, 70cmx5m 1,2mm vastag A korhad\u00e1s\u00e1ll\u00f3 hdpe kord\u00e1ban tartja \u00a0a\u00a0 n\u00f6v\u00e9nyek gy\u00f6kereinek terjed\u00e9s\u00e9t \u00e9s meg akad\u00e1lyozza\" \/>\n<meta name=\"robots\" content=\"index, follow, max-snippet:-1, max-image-preview:large, max-video-preview:-1\" \/>\n<link rel=\"canonical\" href=\"https:\/\/tajkertesz.com\/en_US\/product\/gyokercsapda-hdpe-anyagu-70cmx5m-12mm-vastagsagu\/\" \/>\n<meta property=\"og:locale\" content=\"en_US\" \/>\n<meta property=\"og:type\" content=\"article\" \/>\n<meta property=\"og:title\" content=\"Gy\u00f6k\u00e9rcsapda HDPE anyag\u00fa, 70cmx5m 1,2mm vastags\u00e1g\u00fa - T\u00e1jkert\u00e9sz\" \/>\n<meta property=\"og:description\" content=\"Gy\u00f6k\u00e9rvcsapda HDPE,, 70cmx5m 1,2mm vastag A korhad\u00e1s\u00e1ll\u00f3 hdpe kord\u00e1ban tartja \u00a0a\u00a0 n\u00f6v\u00e9nyek gy\u00f6kereinek terjed\u00e9s\u00e9t \u00e9s meg akad\u00e1lyozza\" \/>\n<meta property=\"og:url\" content=\"https:\/\/tajkertesz.com\/en_US\/product\/gyokercsapda-hdpe-anyagu-70cmx5m-12mm-vastagsagu\/\" \/>\n<meta property=\"og:site_name\" content=\"T\u00e1jkert\u00e9sz\" \/>\n<meta property=\"article:publisher\" content=\"https:\/\/www.facebook.com\/Tajkertesz\/\" \/>\n<meta property=\"article:modified_time\" content=\"2023-08-25T12:16:25+00:00\" \/>\n<meta property=\"og:image\" content=\"https:\/\/tajkertesz.com\/wp-content\/uploads\/2021\/06\/6030226.jpg\" \/>\n\t<meta property=\"og:image:width\" content=\"2000\" \/>\n\t<meta property=\"og:image:height\" content=\"2000\" \/>\n\t<meta property=\"og:image:type\" content=\"image\/jpeg\" \/>\n<meta name=\"twitter:card\" content=\"summary_large_image\" \/>\n<meta name=\"twitter:label1\" content=\"Est. reading time\" \/>\n\t<meta name=\"twitter:data1\" content=\"2 minutes\" \/>\n<script type=\"application\/ld+json\" class=\"yoast-schema-graph\">{\"@context\":\"https:\\\/\\\/schema.org\",\"@graph\":[{\"@type\":\"WebPage\",\"@id\":\"https:\\\/\\\/tajkertesz.com\\\/termek\\\/gyokercsapda-hdpe-anyagu-70cmx5m-12mm-vastagsagu\\\/\",\"url\":\"https:\\\/\\\/tajkertesz.com\\\/termek\\\/gyokercsapda-hdpe-anyagu-70cmx5m-12mm-vastagsagu\\\/\",\"name\":\"Gy\u00f6k\u00e9rcsapda HDPE anyag\u00fa, 70cmx5m 1,2mm vastags\u00e1g\u00fa - T\u00e1jkert\u00e9sz\",\"isPartOf\":{\"@id\":\"https:\\\/\\\/tajkertesz.com\\\/#website\"},\"primaryImageOfPage\":{\"@id\":\"https:\\\/\\\/tajkertesz.com\\\/termek\\\/gyokercsapda-hdpe-anyagu-70cmx5m-12mm-vastagsagu\\\/#primaryimage\"},\"image\":{\"@id\":\"https:\\\/\\\/tajkertesz.com\\\/termek\\\/gyokercsapda-hdpe-anyagu-70cmx5m-12mm-vastagsagu\\\/#primaryimage\"},\"thumbnailUrl\":\"https:\\\/\\\/tajkertesz.com\\\/wp-content\\\/uploads\\\/2021\\\/06\\\/6030226.jpg\",\"datePublished\":\"2021-06-14T10:44:03+00:00\",\"dateModified\":\"2023-08-25T12:16:25+00:00\",\"description\":\"Gy\u00f6k\u00e9rvcsapda HDPE,, 70cmx5m 1,2mm vastag A korhad\u00e1s\u00e1ll\u00f3 hdpe kord\u00e1ban tartja \u00a0a\u00a0 n\u00f6v\u00e9nyek gy\u00f6kereinek terjed\u00e9s\u00e9t \u00e9s meg akad\u00e1lyozza\",\"breadcrumb\":{\"@id\":\"https:\\\/\\\/tajkertesz.com\\\/termek\\\/gyokercsapda-hdpe-anyagu-70cmx5m-12mm-vastagsagu\\\/#breadcrumb\"},\"inLanguage\":\"en-US\",\"potentialAction\":[{\"@type\":\"ReadAction\",\"target\":[\"https:\\\/\\\/tajkertesz.com\\\/termek\\\/gyokercsapda-hdpe-anyagu-70cmx5m-12mm-vastagsagu\\\/\"]}]},{\"@type\":\"ImageObject\",\"inLanguage\":\"en-US\",\"@id\":\"https:\\\/\\\/tajkertesz.com\\\/termek\\\/gyokercsapda-hdpe-anyagu-70cmx5m-12mm-vastagsagu\\\/#primaryimage\",\"url\":\"https:\\\/\\\/tajkertesz.com\\\/wp-content\\\/uploads\\\/2021\\\/06\\\/6030226.jpg\",\"contentUrl\":\"https:\\\/\\\/tajkertesz.com\\\/wp-content\\\/uploads\\\/2021\\\/06\\\/6030226.jpg\",\"width\":2000,\"height\":2000},{\"@type\":\"BreadcrumbList\",\"@id\":\"https:\\\/\\\/tajkertesz.com\\\/termek\\\/gyokercsapda-hdpe-anyagu-70cmx5m-12mm-vastagsagu\\\/#breadcrumb\",\"itemListElement\":[{\"@type\":\"ListItem\",\"position\":1,\"name\":\"Home\",\"item\":\"https:\\\/\\\/tajkertesz.com\\\/\"},{\"@type\":\"ListItem\",\"position\":2,\"name\":\"Kezd\u0151lap\",\"item\":\"https:\\\/\\\/tajkertesz.com\\\/\"},{\"@type\":\"ListItem\",\"position\":3,\"name\":\"Gy\u00f6k\u00e9rcsapda HDPE anyag\u00fa, 70cmx5m 1,2mm vastags\u00e1g\u00fa\"}]},{\"@type\":\"WebSite\",\"@id\":\"https:\\\/\\\/tajkertesz.com\\\/#website\",\"url\":\"https:\\\/\\\/tajkertesz.com\\\/\",\"name\":\"T\u00e1j-Kert\u00e9sz 84 Kft.\",\"description\":\"Kert\u00e9szeti kis- \u00e9s nagykeresked\u00e9s, D\u00edszn\u00f6v\u00e9ny web\u00e1ruh\u00e1z orsz\u00e1gos h\u00e1zhozsz\u00e1ll\u00edt\u00e1ssal!\",\"publisher\":{\"@id\":\"https:\\\/\\\/tajkertesz.com\\\/#organization\"},\"potentialAction\":[{\"@type\":\"SearchAction\",\"target\":{\"@type\":\"EntryPoint\",\"urlTemplate\":\"https:\\\/\\\/tajkertesz.com\\\/?s={search_term_string}\"},\"query-input\":{\"@type\":\"PropertyValueSpecification\",\"valueRequired\":true,\"valueName\":\"search_term_string\"}}],\"inLanguage\":\"en-US\"},{\"@type\":\"Organization\",\"@id\":\"https:\\\/\\\/tajkertesz.com\\\/#organization\",\"name\":\"T\u00e1j-Kert\u00e9sz 84 Kft.\",\"url\":\"https:\\\/\\\/tajkertesz.com\\\/\",\"logo\":{\"@type\":\"ImageObject\",\"inLanguage\":\"en-US\",\"@id\":\"https:\\\/\\\/tajkertesz.com\\\/#\\\/schema\\\/logo\\\/image\\\/\",\"url\":\"https:\\\/\\\/tajkertesz.com\\\/wp-content\\\/uploads\\\/2018\\\/02\\\/logo-2-e1518678052539.png\",\"contentUrl\":\"https:\\\/\\\/tajkertesz.com\\\/wp-content\\\/uploads\\\/2018\\\/02\\\/logo-2-e1518678052539.png\",\"width\":81,\"height\":140,\"caption\":\"T\u00e1j-Kert\u00e9sz 84 Kft.\"},\"image\":{\"@id\":\"https:\\\/\\\/tajkertesz.com\\\/#\\\/schema\\\/logo\\\/image\\\/\"},\"sameAs\":[\"https:\\\/\\\/www.facebook.com\\\/Tajkertesz\\\/\"]}]}<\/script>\n<!-- \/ Yoast SEO plugin. -->","yoast_head_json":{"title":"Gy\u00f6k\u00e9rcsapda HDPE anyag\u00fa, 70cmx5m 1,2mm vastags\u00e1g\u00fa - T\u00e1jkert\u00e9sz","description":"Gy\u00f6k\u00e9rvcsapda HDPE,, 70cmx5m 1,2mm vastag A korhad\u00e1s\u00e1ll\u00f3 hdpe kord\u00e1ban tartja \u00a0a\u00a0 n\u00f6v\u00e9nyek gy\u00f6kereinek terjed\u00e9s\u00e9t \u00e9s meg akad\u00e1lyozza","robots":{"index":"index","follow":"follow","max-snippet":"max-snippet:-1","max-image-preview":"max-image-preview:large","max-video-preview":"max-video-preview:-1"},"canonical":"https:\/\/tajkertesz.com\/en_US\/product\/gyokercsapda-hdpe-anyagu-70cmx5m-12mm-vastagsagu\/","og_locale":"en_US","og_type":"article","og_title":"Gy\u00f6k\u00e9rcsapda HDPE anyag\u00fa, 70cmx5m 1,2mm vastags\u00e1g\u00fa - T\u00e1jkert\u00e9sz","og_description":"Gy\u00f6k\u00e9rvcsapda HDPE,, 70cmx5m 1,2mm vastag A korhad\u00e1s\u00e1ll\u00f3 hdpe kord\u00e1ban tartja \u00a0a\u00a0 n\u00f6v\u00e9nyek gy\u00f6kereinek terjed\u00e9s\u00e9t \u00e9s meg akad\u00e1lyozza","og_url":"https:\/\/tajkertesz.com\/en_US\/product\/gyokercsapda-hdpe-anyagu-70cmx5m-12mm-vastagsagu\/","og_site_name":"T\u00e1jkert\u00e9sz","article_publisher":"https:\/\/www.facebook.com\/Tajkertesz\/","article_modified_time":"2023-08-25T12:16:25+00:00","og_image":[{"width":2000,"height":2000,"url":"https:\/\/tajkertesz.com\/wp-content\/uploads\/2021\/06\/6030226.jpg","type":"image\/jpeg"}],"twitter_card":"summary_large_image","twitter_misc":{"Est. reading time":"2 minutes"},"schema":{"@context":"https:\/\/schema.org","@graph":[{"@type":"WebPage","@id":"https:\/\/tajkertesz.com\/termek\/gyokercsapda-hdpe-anyagu-70cmx5m-12mm-vastagsagu\/","url":"https:\/\/tajkertesz.com\/termek\/gyokercsapda-hdpe-anyagu-70cmx5m-12mm-vastagsagu\/","name":"Gy\u00f6k\u00e9rcsapda HDPE anyag\u00fa, 70cmx5m 1,2mm vastags\u00e1g\u00fa - T\u00e1jkert\u00e9sz","isPartOf":{"@id":"https:\/\/tajkertesz.com\/#website"},"primaryImageOfPage":{"@id":"https:\/\/tajkertesz.com\/termek\/gyokercsapda-hdpe-anyagu-70cmx5m-12mm-vastagsagu\/#primaryimage"},"image":{"@id":"https:\/\/tajkertesz.com\/termek\/gyokercsapda-hdpe-anyagu-70cmx5m-12mm-vastagsagu\/#primaryimage"},"thumbnailUrl":"https:\/\/tajkertesz.com\/wp-content\/uploads\/2021\/06\/6030226.jpg","datePublished":"2021-06-14T10:44:03+00:00","dateModified":"2023-08-25T12:16:25+00:00","description":"Gy\u00f6k\u00e9rvcsapda HDPE,, 70cmx5m 1,2mm vastag A korhad\u00e1s\u00e1ll\u00f3 hdpe kord\u00e1ban tartja \u00a0a\u00a0 n\u00f6v\u00e9nyek gy\u00f6kereinek terjed\u00e9s\u00e9t \u00e9s meg akad\u00e1lyozza","breadcrumb":{"@id":"https:\/\/tajkertesz.com\/termek\/gyokercsapda-hdpe-anyagu-70cmx5m-12mm-vastagsagu\/#breadcrumb"},"inLanguage":"en-US","potentialAction":[{"@type":"ReadAction","target":["https:\/\/tajkertesz.com\/termek\/gyokercsapda-hdpe-anyagu-70cmx5m-12mm-vastagsagu\/"]}]},{"@type":"ImageObject","inLanguage":"en-US","@id":"https:\/\/tajkertesz.com\/termek\/gyokercsapda-hdpe-anyagu-70cmx5m-12mm-vastagsagu\/#primaryimage","url":"https:\/\/tajkertesz.com\/wp-content\/uploads\/2021\/06\/6030226.jpg","contentUrl":"https:\/\/tajkertesz.com\/wp-content\/uploads\/2021\/06\/6030226.jpg","width":2000,"height":2000},{"@type":"BreadcrumbList","@id":"https:\/\/tajkertesz.com\/termek\/gyokercsapda-hdpe-anyagu-70cmx5m-12mm-vastagsagu\/#breadcrumb","itemListElement":[{"@type":"ListItem","position":1,"name":"Home","item":"https:\/\/tajkertesz.com\/"},{"@type":"ListItem","position":2,"name":"Kezd\u0151lap","item":"https:\/\/tajkertesz.com\/"},{"@type":"ListItem","position":3,"name":"Gy\u00f6k\u00e9rcsapda HDPE anyag\u00fa, 70cmx5m 1,2mm vastags\u00e1g\u00fa"}]},{"@type":"WebSite","@id":"https:\/\/tajkertesz.com\/#website","url":"https:\/\/tajkertesz.com\/","name":"T\u00e1j-Kert\u00e9sz 84 Kft.","description":"Kert\u00e9szeti kis- \u00e9s nagykeresked\u00e9s, D\u00edszn\u00f6v\u00e9ny web\u00e1ruh\u00e1z orsz\u00e1gos h\u00e1zhozsz\u00e1ll\u00edt\u00e1ssal!","publisher":{"@id":"https:\/\/tajkertesz.com\/#organization"},"potentialAction":[{"@type":"SearchAction","target":{"@type":"EntryPoint","urlTemplate":"https:\/\/tajkertesz.com\/?s={search_term_string}"},"query-input":{"@type":"PropertyValueSpecification","valueRequired":true,"valueName":"search_term_string"}}],"inLanguage":"en-US"},{"@type":"Organization","@id":"https:\/\/tajkertesz.com\/#organization","name":"T\u00e1j-Kert\u00e9sz 84 Kft.","url":"https:\/\/tajkertesz.com\/","logo":{"@type":"ImageObject","inLanguage":"en-US","@id":"https:\/\/tajkertesz.com\/#\/schema\/logo\/image\/","url":"https:\/\/tajkertesz.com\/wp-content\/uploads\/2018\/02\/logo-2-e1518678052539.png","contentUrl":"https:\/\/tajkertesz.com\/wp-content\/uploads\/2018\/02\/logo-2-e1518678052539.png","width":81,"height":140,"caption":"T\u00e1j-Kert\u00e9sz 84 Kft."},"image":{"@id":"https:\/\/tajkertesz.com\/#\/schema\/logo\/image\/"},"sameAs":["https:\/\/www.facebook.com\/Tajkertesz\/"]}]}},"_links":{"self":[{"href":"https:\/\/tajkertesz.com\/en_US\/wp-json\/wp\/v2\/product\/6523","targetHints":{"allow":["GET"]}}],"collection":[{"href":"https:\/\/tajkertesz.com\/en_US\/wp-json\/wp\/v2\/product"}],"about":[{"href":"https:\/\/tajkertesz.com\/en_US\/wp-json\/wp\/v2\/types\/product"}],"wp:featuredmedia":[{"embeddable":true,"href":"https:\/\/tajkertesz.com\/en_US\/wp-json\/wp\/v2\/media\/6520"}],"wp:attachment":[{"href":"https:\/\/tajkertesz.com\/en_US\/wp-json\/wp\/v2\/media?parent=6523"}],"wp:term":[{"taxonomy":"product_brand","embeddable":true,"href":"https:\/\/tajkertesz.com\/en_US\/wp-json\/wp\/v2\/product_brand?post=6523"},{"taxonomy":"product_cat","embeddable":true,"href":"https:\/\/tajkertesz.com\/en_US\/wp-json\/wp\/v2\/product_cat?post=6523"},{"taxonomy":"product_tag","embeddable":true,"href":"https:\/\/tajkertesz.com\/en_US\/wp-json\/wp\/v2\/product_tag?post=6523"}],"curies":[{"name":"wp","href":"https:\/\/api.w.org\/{rel}","templated":true}]}}