{"id":6533,"date":"2021-06-14T10:59:41","date_gmt":"2021-06-14T10:59:41","guid":{"rendered":"https:\/\/tajkertesz.com\/?post_type=product&#038;p=6533"},"modified":"2026-02-24T14:20:25","modified_gmt":"2026-02-24T14:20:25","slug":"uborkahalo-trellinet-nortene-17x10m","status":"publish","type":"product","link":"https:\/\/tajkertesz.com\/en_US\/product\/uborkahalo-trellinet-nortene-17x10m\/","title":{"rendered":"Uborkah\u00e1l\u00f3 Trellinet Nortene 1,7x10m"},"content":{"rendered":"<h2>Uborkah\u00e1l\u00f3 Trellinet Nortene 1,7x10m<\/h2>\n<h2 class=\"justtellmewhat uppercase color-green-2 text-3xl mt-10\">EL\u0150NY\u00d6K<\/h2>\n<div class=\"mt-2 color-brown text-lg\">\n<p>&#8211; Kordonos termeszt\u00e9shez alkalmazott h\u00e1l\u00f3, f\u0151k\u00e9nt uborka, bab \u00e9s bors\u00f3, f\u00fcgg\u0151leges vagy s\u00e1tortet\u0151szer\u0171 felfuttat\u00e1shoz aj\u00e1nlott. &#8211; Haszn\u00e1lhat\u00f3 zs\u00fafolt f\u00f3liah\u00e1zakban vagy hidroponikus rendszerekn\u00e9l is. &#8211; Seg\u00edts\u00e9g\u00e9vel a k\u00fasz\u00f3n\u00f6v\u00e9nyek fejl\u0151d\u00e9s\u00e9t felgyors\u00edthatjuk \u00e9s magasabbra n\u0151hetnek. &#8211; Biztos\u00edtja a n\u00f6v\u00e9nyek k\u00f6nnyebb, rendszerezettebb \u00e9s eg\u00e9szs\u00e9gesebb fejl\u0151d\u00e9s\u00e9t. &#8211; Jobb l\u00e9g\u00e1raml\u00e1st \u00e9s f\u00e9ny\u00e1tereszt\u00e9st biztos\u00edt, \u00edgy lehet\u0151v\u00e9 teszi az \u00e1llom\u00e1nys\u0171r\u0171s\u00e9g n\u00f6vel\u00e9s\u00e9t, ami nagyobb term\u00e9shozamot eredm\u00e9nyez. &#8211; Rendk\u00edv\u00fcl ellen\u00e1ll\u00f3 \u00e9s a nagyobb s\u00faly\u00fa n\u00f6v\u00e9nyeket is elb\u00edrja. &#8211; Vir\u00e1gkert\u00e9szetben szegf\u0171h\u00e1l\u00f3k\u00e9nt haszn\u00e1latos, f\u0151k\u00e9nt szegf\u0171, krizant\u00e9m, liliom vagy gerbera megt\u00e1maszt\u00e1s\u00e1hoz. Ekkor a talajjal p\u00e1rhuzamosan, t\u00f6bb r\u00e9tegben helyezik ki, \u00edgy a n\u00f6v\u00e9nyek egyenesen n\u00f6vekednek. &#8211; A h\u00e1l\u00f3 szab\u00e1lyos szerkezet\u00e9nek k\u00f6sz\u00f6nhet\u0151en, ak\u00e1r 5 r\u00e9teget is fel lehet szerelni, hogy a sz\u00e1rak teljesen egyenesen tudjanak n\u00f6vekedni. &#8211; \u00dajrahasznos\u00edthat\u00f3 term\u00e9k. &#8211; Cs\u00f6kkenti a telep\u00edt\u00e9shez sz\u00fcks\u00e9ges munk\u00e1t. &#8211; Minimaliz\u00e1lja a bakteri\u00e1lis fert\u0151z\u00e9seket, a v\u00edrusok terjed\u00e9s\u00e9t \u00e9s a n\u00f6v\u00e9nyi stressz kialakul\u00e1s\u00e1t. &#8211; Kihelyez\u00e9s el\u0151tt bizonyosodjunk meg arr\u00f3l, hogy k\u00e9s\u0151bb is elb\u00edrja a n\u00f6v\u00e9ny s\u00faly\u00e1t. &#8211; K\u00f6nnyen felszerelhet\u0151, t\u00f6bb \u00e9ven \u00e1t haszn\u00e1lhat\u00f3. &#8211; A hosszabb \u00e9lettartam \u00e9rdek\u00e9ben t\u00e9lire szedj\u00fck le \u00e9s t\u00e1roljuk sz\u00e1raz helyen. &#8211; UV \u00e1ll\u00f3, \u00edgy a napsug\u00e1rz\u00e1snak \u00e9s az id\u0151j\u00e1r\u00e1s viszontags\u00e1gainak is ellen\u00e1ll.<\/p>\n<\/div>\n<h2 class=\"justtellmewhat uppercase color-green-2 text-3xl mt-10\">JELLEMZ\u0150K<\/h2>\n<div class=\"mt-2 color-brown text-lg\">\n<p>&#8211; Anyaga: PP &#8211; Sz\u00edne: sz\u00edntelen vagy z\u00f6ld &#8211; Szemm\u00e9ret 10x10mm\/15x15mm\/15x17mm &#8211; T\u00f6bb m\u00e9retben kaphat\u00f3 &#8211; UV \u00e1ll\u00f3: igen &#8211; \u00dajrahasznos\u00edthat\u00f3: igen &#8211; Magyar term\u00e9k<\/p>\n<\/div>","protected":false},"excerpt":{"rendered":"<h2>Uborkah\u00e1l\u00f3 Trellinet Nortene 1,7x10m<\/h2>\n<h3 class=\"sensabrush lowercase color-brown mt-8 text-6xl sm:text-8xl leading-10\">Trellinet<\/h3>\n<h1 class=\"justtellmewhat color-green-2 mt-4 text-2xl leading-none\">Kerti n\u00f6v\u00e9nytart\u00f3- \u00e9s futtat\u00f3<\/h1>\n<div class=\"mt-2 color-brown text-lg\">Ha n\u00f6v\u00e9nytart\u00f3 vagy futtat\u00f3 h\u00e1l\u00f3t keres hossz\u00fa sz\u00e1r\u00fa n\u00f6v\u00e9nyei megt\u00e1maszt\u00e1s\u00e1hoz, biztos megold\u00e1s a Trellinet!<\/div>\n<div><\/div>\n<div>\n<div id=\"bodyContent\" class=\"mw-body-content\">\n<div id=\"mw-content-text\" class=\"mw-content-ltr\" dir=\"ltr\" lang=\"hu\">\n<div id=\"bodyContent\" class=\"mw-body-content\">\n<div id=\"mw-content-text\" class=\"mw-content-ltr\" dir=\"ltr\" lang=\"hu\">\n<p><b>K\u00e9szlet\u00fcnk napi szinten v\u00e1ltozik, ez\u00e9rt k\u00e9rj\u00fck, \u00e9rdekl\u0151dj\u00f6n szem\u00e9lyesen, telefonon vagy email-en.<\/b><\/p>\n<p>Term\u00e9keinket szem\u00e9lyesen is \u00e1tveheti a h\u00e9t minden napj\u00e1n nyitvatart\u00e1si id\u0151ben!<\/p>\n<p>Kisz\u00e1ll\u00edt\u00e1s: 200 cm \u00e9s 40 kg is a sz\u00e1ll\u00edt\u00e1s fut\u00e1rszolg\u00e1lattal t\u00f6rt\u00e9nik.<\/p>\n<\/div>\n<\/div>\n<\/div>\n<\/div>\n<p><b>A v\u00e1ltoztat\u00e1s jog\u00e1t fenntartjuk!\u00a0<\/b><\/p>\n<\/div>","protected":false},"featured_media":16245,"template":"","meta":{"_et_pb_use_builder":"","_et_pb_old_content":"","_et_gb_content_width":""},"product_brand":[],"product_cat":[1525],"product_tag":[1891,943,875],"class_list":{"0":"post-6533","1":"product","2":"type-product","3":"status-publish","4":"has-post-thumbnail","6":"product_cat-karok-tamasztekok","7":"product_tag-futtato-halo-5x2m-futtato-halo-5x2m-zold","8":"product_tag-nortene","9":"product_tag-uv-allo","11":"first","12":"instock","13":"shipping-taxable","14":"purchasable","15":"product-type-simple"},"yoast_head":"<!-- This site is optimized with the Yoast SEO plugin v27.4 - https:\/\/yoast.com\/product\/yoast-seo-wordpress\/ -->\n<title>Uborkah\u00e1l\u00f3 Trellinet Nortene 1,7x10m - T\u00e1jkert\u00e9sz<\/title>\n<meta name=\"description\" content=\"Uborkah\u00e1l\u00f3 Trellinet Nortene 1,7x10m. Ha n\u00f6v\u00e9nytart\u00f3 vagy futtat\u00f3 h\u00e1l\u00f3t keres hossz\u00fa sz\u00e1r\u00fa n\u00f6v\u00e9nyei megt\u00e1maszt\u00e1s\u00e1hoz, biztos megold\u00e1s a Trellinet!\" \/>\n<meta name=\"robots\" content=\"index, follow, max-snippet:-1, max-image-preview:large, max-video-preview:-1\" \/>\n<link rel=\"canonical\" href=\"https:\/\/tajkertesz.com\/en_US\/product\/uborkahalo-trellinet-nortene-17x10m\/\" \/>\n<meta property=\"og:locale\" content=\"en_US\" \/>\n<meta property=\"og:type\" content=\"article\" \/>\n<meta property=\"og:title\" content=\"Uborkah\u00e1l\u00f3 Trellinet Nortene 1,7x10m - T\u00e1jkert\u00e9sz\" \/>\n<meta property=\"og:description\" content=\"Uborkah\u00e1l\u00f3 Trellinet Nortene 1,7x10m. Ha n\u00f6v\u00e9nytart\u00f3 vagy futtat\u00f3 h\u00e1l\u00f3t keres hossz\u00fa sz\u00e1r\u00fa n\u00f6v\u00e9nyei megt\u00e1maszt\u00e1s\u00e1hoz, biztos megold\u00e1s a Trellinet!\" \/>\n<meta property=\"og:url\" content=\"https:\/\/tajkertesz.com\/en_US\/product\/uborkahalo-trellinet-nortene-17x10m\/\" \/>\n<meta property=\"og:site_name\" content=\"T\u00e1jkert\u00e9sz\" \/>\n<meta property=\"article:publisher\" content=\"https:\/\/www.facebook.com\/Tajkertesz\/\" \/>\n<meta property=\"article:modified_time\" content=\"2026-02-24T14:20:25+00:00\" \/>\n<meta property=\"og:image\" content=\"https:\/\/tajkertesz.com\/wp-content\/uploads\/2023\/08\/120243z2.jpg\" \/>\n\t<meta property=\"og:image:width\" content=\"1024\" \/>\n\t<meta property=\"og:image:height\" content=\"860\" \/>\n\t<meta property=\"og:image:type\" content=\"image\/jpeg\" \/>\n<meta name=\"twitter:card\" content=\"summary_large_image\" \/>\n<meta name=\"twitter:label1\" content=\"Est. reading time\" \/>\n\t<meta name=\"twitter:data1\" content=\"2 minutes\" \/>\n<script type=\"application\/ld+json\" class=\"yoast-schema-graph\">{\"@context\":\"https:\\\/\\\/schema.org\",\"@graph\":[{\"@type\":\"WebPage\",\"@id\":\"https:\\\/\\\/tajkertesz.com\\\/termek\\\/uborkahalo-trellinet-nortene-17x10m\\\/\",\"url\":\"https:\\\/\\\/tajkertesz.com\\\/termek\\\/uborkahalo-trellinet-nortene-17x10m\\\/\",\"name\":\"Uborkah\u00e1l\u00f3 Trellinet Nortene 1,7x10m - T\u00e1jkert\u00e9sz\",\"isPartOf\":{\"@id\":\"https:\\\/\\\/tajkertesz.com\\\/#website\"},\"primaryImageOfPage\":{\"@id\":\"https:\\\/\\\/tajkertesz.com\\\/termek\\\/uborkahalo-trellinet-nortene-17x10m\\\/#primaryimage\"},\"image\":{\"@id\":\"https:\\\/\\\/tajkertesz.com\\\/termek\\\/uborkahalo-trellinet-nortene-17x10m\\\/#primaryimage\"},\"thumbnailUrl\":\"https:\\\/\\\/tajkertesz.com\\\/wp-content\\\/uploads\\\/2023\\\/08\\\/120243z2.jpg\",\"datePublished\":\"2021-06-14T10:59:41+00:00\",\"dateModified\":\"2026-02-24T14:20:25+00:00\",\"description\":\"Uborkah\u00e1l\u00f3 Trellinet Nortene 1,7x10m. Ha n\u00f6v\u00e9nytart\u00f3 vagy futtat\u00f3 h\u00e1l\u00f3t keres hossz\u00fa sz\u00e1r\u00fa n\u00f6v\u00e9nyei megt\u00e1maszt\u00e1s\u00e1hoz, biztos megold\u00e1s a Trellinet!\",\"breadcrumb\":{\"@id\":\"https:\\\/\\\/tajkertesz.com\\\/termek\\\/uborkahalo-trellinet-nortene-17x10m\\\/#breadcrumb\"},\"inLanguage\":\"en-US\",\"potentialAction\":[{\"@type\":\"ReadAction\",\"target\":[\"https:\\\/\\\/tajkertesz.com\\\/termek\\\/uborkahalo-trellinet-nortene-17x10m\\\/\"]}]},{\"@type\":\"ImageObject\",\"inLanguage\":\"en-US\",\"@id\":\"https:\\\/\\\/tajkertesz.com\\\/termek\\\/uborkahalo-trellinet-nortene-17x10m\\\/#primaryimage\",\"url\":\"https:\\\/\\\/tajkertesz.com\\\/wp-content\\\/uploads\\\/2023\\\/08\\\/120243z2.jpg\",\"contentUrl\":\"https:\\\/\\\/tajkertesz.com\\\/wp-content\\\/uploads\\\/2023\\\/08\\\/120243z2.jpg\",\"width\":1024,\"height\":860},{\"@type\":\"BreadcrumbList\",\"@id\":\"https:\\\/\\\/tajkertesz.com\\\/termek\\\/uborkahalo-trellinet-nortene-17x10m\\\/#breadcrumb\",\"itemListElement\":[{\"@type\":\"ListItem\",\"position\":1,\"name\":\"Home\",\"item\":\"https:\\\/\\\/tajkertesz.com\\\/\"},{\"@type\":\"ListItem\",\"position\":2,\"name\":\"Kezd\u0151lap\",\"item\":\"https:\\\/\\\/tajkertesz.com\\\/\"},{\"@type\":\"ListItem\",\"position\":3,\"name\":\"Uborkah\u00e1l\u00f3 Trellinet Nortene 1,7x10m\"}]},{\"@type\":\"WebSite\",\"@id\":\"https:\\\/\\\/tajkertesz.com\\\/#website\",\"url\":\"https:\\\/\\\/tajkertesz.com\\\/\",\"name\":\"T\u00e1j-Kert\u00e9sz 84 Kft.\",\"description\":\"Kert\u00e9szeti kis- \u00e9s nagykeresked\u00e9s, D\u00edszn\u00f6v\u00e9ny web\u00e1ruh\u00e1z orsz\u00e1gos h\u00e1zhozsz\u00e1ll\u00edt\u00e1ssal!\",\"publisher\":{\"@id\":\"https:\\\/\\\/tajkertesz.com\\\/#organization\"},\"potentialAction\":[{\"@type\":\"SearchAction\",\"target\":{\"@type\":\"EntryPoint\",\"urlTemplate\":\"https:\\\/\\\/tajkertesz.com\\\/?s={search_term_string}\"},\"query-input\":{\"@type\":\"PropertyValueSpecification\",\"valueRequired\":true,\"valueName\":\"search_term_string\"}}],\"inLanguage\":\"en-US\"},{\"@type\":\"Organization\",\"@id\":\"https:\\\/\\\/tajkertesz.com\\\/#organization\",\"name\":\"T\u00e1j-Kert\u00e9sz 84 Kft.\",\"url\":\"https:\\\/\\\/tajkertesz.com\\\/\",\"logo\":{\"@type\":\"ImageObject\",\"inLanguage\":\"en-US\",\"@id\":\"https:\\\/\\\/tajkertesz.com\\\/#\\\/schema\\\/logo\\\/image\\\/\",\"url\":\"https:\\\/\\\/tajkertesz.com\\\/wp-content\\\/uploads\\\/2018\\\/02\\\/logo-2-e1518678052539.png\",\"contentUrl\":\"https:\\\/\\\/tajkertesz.com\\\/wp-content\\\/uploads\\\/2018\\\/02\\\/logo-2-e1518678052539.png\",\"width\":81,\"height\":140,\"caption\":\"T\u00e1j-Kert\u00e9sz 84 Kft.\"},\"image\":{\"@id\":\"https:\\\/\\\/tajkertesz.com\\\/#\\\/schema\\\/logo\\\/image\\\/\"},\"sameAs\":[\"https:\\\/\\\/www.facebook.com\\\/Tajkertesz\\\/\"]}]}<\/script>\n<!-- \/ Yoast SEO plugin. -->","yoast_head_json":{"title":"Uborkah\u00e1l\u00f3 Trellinet Nortene 1,7x10m - T\u00e1jkert\u00e9sz","description":"Uborkah\u00e1l\u00f3 Trellinet Nortene 1,7x10m. Ha n\u00f6v\u00e9nytart\u00f3 vagy futtat\u00f3 h\u00e1l\u00f3t keres hossz\u00fa sz\u00e1r\u00fa n\u00f6v\u00e9nyei megt\u00e1maszt\u00e1s\u00e1hoz, biztos megold\u00e1s a Trellinet!","robots":{"index":"index","follow":"follow","max-snippet":"max-snippet:-1","max-image-preview":"max-image-preview:large","max-video-preview":"max-video-preview:-1"},"canonical":"https:\/\/tajkertesz.com\/en_US\/product\/uborkahalo-trellinet-nortene-17x10m\/","og_locale":"en_US","og_type":"article","og_title":"Uborkah\u00e1l\u00f3 Trellinet Nortene 1,7x10m - T\u00e1jkert\u00e9sz","og_description":"Uborkah\u00e1l\u00f3 Trellinet Nortene 1,7x10m. Ha n\u00f6v\u00e9nytart\u00f3 vagy futtat\u00f3 h\u00e1l\u00f3t keres hossz\u00fa sz\u00e1r\u00fa n\u00f6v\u00e9nyei megt\u00e1maszt\u00e1s\u00e1hoz, biztos megold\u00e1s a Trellinet!","og_url":"https:\/\/tajkertesz.com\/en_US\/product\/uborkahalo-trellinet-nortene-17x10m\/","og_site_name":"T\u00e1jkert\u00e9sz","article_publisher":"https:\/\/www.facebook.com\/Tajkertesz\/","article_modified_time":"2026-02-24T14:20:25+00:00","og_image":[{"width":1024,"height":860,"url":"https:\/\/tajkertesz.com\/wp-content\/uploads\/2023\/08\/120243z2.jpg","type":"image\/jpeg"}],"twitter_card":"summary_large_image","twitter_misc":{"Est. reading time":"2 minutes"},"schema":{"@context":"https:\/\/schema.org","@graph":[{"@type":"WebPage","@id":"https:\/\/tajkertesz.com\/termek\/uborkahalo-trellinet-nortene-17x10m\/","url":"https:\/\/tajkertesz.com\/termek\/uborkahalo-trellinet-nortene-17x10m\/","name":"Uborkah\u00e1l\u00f3 Trellinet Nortene 1,7x10m - T\u00e1jkert\u00e9sz","isPartOf":{"@id":"https:\/\/tajkertesz.com\/#website"},"primaryImageOfPage":{"@id":"https:\/\/tajkertesz.com\/termek\/uborkahalo-trellinet-nortene-17x10m\/#primaryimage"},"image":{"@id":"https:\/\/tajkertesz.com\/termek\/uborkahalo-trellinet-nortene-17x10m\/#primaryimage"},"thumbnailUrl":"https:\/\/tajkertesz.com\/wp-content\/uploads\/2023\/08\/120243z2.jpg","datePublished":"2021-06-14T10:59:41+00:00","dateModified":"2026-02-24T14:20:25+00:00","description":"Uborkah\u00e1l\u00f3 Trellinet Nortene 1,7x10m. Ha n\u00f6v\u00e9nytart\u00f3 vagy futtat\u00f3 h\u00e1l\u00f3t keres hossz\u00fa sz\u00e1r\u00fa n\u00f6v\u00e9nyei megt\u00e1maszt\u00e1s\u00e1hoz, biztos megold\u00e1s a Trellinet!","breadcrumb":{"@id":"https:\/\/tajkertesz.com\/termek\/uborkahalo-trellinet-nortene-17x10m\/#breadcrumb"},"inLanguage":"en-US","potentialAction":[{"@type":"ReadAction","target":["https:\/\/tajkertesz.com\/termek\/uborkahalo-trellinet-nortene-17x10m\/"]}]},{"@type":"ImageObject","inLanguage":"en-US","@id":"https:\/\/tajkertesz.com\/termek\/uborkahalo-trellinet-nortene-17x10m\/#primaryimage","url":"https:\/\/tajkertesz.com\/wp-content\/uploads\/2023\/08\/120243z2.jpg","contentUrl":"https:\/\/tajkertesz.com\/wp-content\/uploads\/2023\/08\/120243z2.jpg","width":1024,"height":860},{"@type":"BreadcrumbList","@id":"https:\/\/tajkertesz.com\/termek\/uborkahalo-trellinet-nortene-17x10m\/#breadcrumb","itemListElement":[{"@type":"ListItem","position":1,"name":"Home","item":"https:\/\/tajkertesz.com\/"},{"@type":"ListItem","position":2,"name":"Kezd\u0151lap","item":"https:\/\/tajkertesz.com\/"},{"@type":"ListItem","position":3,"name":"Uborkah\u00e1l\u00f3 Trellinet Nortene 1,7x10m"}]},{"@type":"WebSite","@id":"https:\/\/tajkertesz.com\/#website","url":"https:\/\/tajkertesz.com\/","name":"T\u00e1j-Kert\u00e9sz 84 Kft.","description":"Kert\u00e9szeti kis- \u00e9s nagykeresked\u00e9s, D\u00edszn\u00f6v\u00e9ny web\u00e1ruh\u00e1z orsz\u00e1gos h\u00e1zhozsz\u00e1ll\u00edt\u00e1ssal!","publisher":{"@id":"https:\/\/tajkertesz.com\/#organization"},"potentialAction":[{"@type":"SearchAction","target":{"@type":"EntryPoint","urlTemplate":"https:\/\/tajkertesz.com\/?s={search_term_string}"},"query-input":{"@type":"PropertyValueSpecification","valueRequired":true,"valueName":"search_term_string"}}],"inLanguage":"en-US"},{"@type":"Organization","@id":"https:\/\/tajkertesz.com\/#organization","name":"T\u00e1j-Kert\u00e9sz 84 Kft.","url":"https:\/\/tajkertesz.com\/","logo":{"@type":"ImageObject","inLanguage":"en-US","@id":"https:\/\/tajkertesz.com\/#\/schema\/logo\/image\/","url":"https:\/\/tajkertesz.com\/wp-content\/uploads\/2018\/02\/logo-2-e1518678052539.png","contentUrl":"https:\/\/tajkertesz.com\/wp-content\/uploads\/2018\/02\/logo-2-e1518678052539.png","width":81,"height":140,"caption":"T\u00e1j-Kert\u00e9sz 84 Kft."},"image":{"@id":"https:\/\/tajkertesz.com\/#\/schema\/logo\/image\/"},"sameAs":["https:\/\/www.facebook.com\/Tajkertesz\/"]}]}},"_links":{"self":[{"href":"https:\/\/tajkertesz.com\/en_US\/wp-json\/wp\/v2\/product\/6533","targetHints":{"allow":["GET"]}}],"collection":[{"href":"https:\/\/tajkertesz.com\/en_US\/wp-json\/wp\/v2\/product"}],"about":[{"href":"https:\/\/tajkertesz.com\/en_US\/wp-json\/wp\/v2\/types\/product"}],"wp:featuredmedia":[{"embeddable":true,"href":"https:\/\/tajkertesz.com\/en_US\/wp-json\/wp\/v2\/media\/16245"}],"wp:attachment":[{"href":"https:\/\/tajkertesz.com\/en_US\/wp-json\/wp\/v2\/media?parent=6533"}],"wp:term":[{"taxonomy":"product_brand","embeddable":true,"href":"https:\/\/tajkertesz.com\/en_US\/wp-json\/wp\/v2\/product_brand?post=6533"},{"taxonomy":"product_cat","embeddable":true,"href":"https:\/\/tajkertesz.com\/en_US\/wp-json\/wp\/v2\/product_cat?post=6533"},{"taxonomy":"product_tag","embeddable":true,"href":"https:\/\/tajkertesz.com\/en_US\/wp-json\/wp\/v2\/product_tag?post=6533"}],"curies":[{"name":"wp","href":"https:\/\/api.w.org\/{rel}","templated":true}]}}