{"id":6561,"date":"2021-06-14T11:55:46","date_gmt":"2021-06-14T11:55:46","guid":{"rendered":"https:\/\/tajkertesz.com\/?post_type=product&#038;p=6561"},"modified":"2021-09-03T07:34:53","modified_gmt":"2021-09-03T07:34:53","slug":"fules-hulladekgyujto-65-cm-x25-cm-x75-cm","status":"publish","type":"product","link":"https:\/\/tajkertesz.com\/en_US\/product\/fules-hulladekgyujto-65-cm-x25-cm-x75-cm\/","title":{"rendered":"F\u00fcles hullad\u00e9kgy\u0171jt\u0151 65 cm \u00d725 cm \u00d775 cm"},"content":{"rendered":"<div class=\"artdet__name-rating d-none d-lg-block\">\n<div class=\"row gutters-5\">\n<div class=\"col\">\n<h2>F\u00fcles hullad\u00e9kgy\u0171jt\u0151 65 cm \u00d725 cm \u00d775 cm<\/h2>\n<\/div>\n<\/div>\n<\/div>\n<div id=\"artdet__short-descrition\" class=\"artdet__short-descripton artdet-block border-block\">\n<div class=\"artdet__short-descripton-content text-justify font-s font-sm-m\">\n<p>F\u00fcles hullad\u00e9kgy\u0171jt\u0151 65 cm \u00d725 cm \u00d775 cm 200 kg<\/p>\n<\/div>\n<\/div>\n<p>&nbsp;<\/p>\n<p><b>K\u00e9szlet\u00fcnk napi szinten v\u00e1ltozik, ez\u00e9rt k\u00e9rj\u00fck, \u00e9rdekl\u0151dj\u00f6n szem\u00e9lyesen, telefonon vagy email-en.<br \/>\nA v\u00e1ltoztat\u00e1s jog\u00e1t fenntartjuk!\u00a0<\/b><\/p>\n<p><a href=\"https:\/\/tajkertesz.com\/\">https:\/\/tajkertesz.com\/<\/a><\/p>\n<p><a href=\"https:\/\/www.facebook.com\/tajkertesz\">https:\/\/www.facebook.com\/tajkertesz<\/a><\/p>\n<p>Sz\u00e1ll\u00edt\u00e1s 200 cm \u00e9s 40 kg-ig lehets\u00e9ges fut\u00e1rszolg\u00e1lattal, egy\u00e9b esetben egyeztet\u00e9s sz\u00fcks\u00e9ges a sz\u00e1ll\u00edt\u00e1si felt\u00e9telekr\u0151l.<\/p>\n<p>&nbsp;<\/p>\n<p>&nbsp;<\/p>\n<p><span style=\"color: #ffffff;\"><strong>Keszty\u0171k T\u00f6rt\u00e9nete:<\/strong><\/span><\/p>\n<p><span style=\"color: #ffffff;\">Az \u00f3korban haszn\u00e1lt keszty\u0171 olyan volt, mint a mai egyujjas keszty\u0171, \u00e9s azt a g\u00f6r\u00f6g\u00f6k \u00e9s r\u00f3maiak szinte kiz\u00e1r\u00f3lag munkakeszty\u0171k\u00e9nt haszn\u00e1lt\u00e1k.<\/span><\/p>\n<p><span style=\"color: #ffffff;\">Hom\u00e9rosz (i. e. 8. sz\u00e1zad) az Od\u00fcsszei\u00e1ban,H\u00e9rodotosz(i. e. 5. sz\u00e1zad) nagy t\u00f6rt\u00e9neti m\u0171v\u00e9ben, Plinius(1. sz\u00e1zad) leveleiben tesz eml\u00edt\u00e9st keszty\u0171r\u0151l.<\/span><\/p>\n<p><span style=\"color: #ffffff;\">Az egyiptomiakn\u00e1l \u00e9kszer gyan\u00e1nt szolg\u00e1lt, amint azt a Tutanhamon f\u00e1ra\u00f3 (i. e. 14. sz\u00e1zad) s\u00edrj\u00e1ban tal\u00e1lt keszty\u0171 bizony\u00edtja.<\/span><\/p>\n<p><span style=\"color: #ffffff;\">A 7.sz\u00e1zadban azt\u00e1n m\u00e1r megjelent a nyugat-eur\u00f3pai kir\u00e1lyi udvarokban \u00e9s a f\u0151papi orn\u00e1tus tartoz\u00e9kak\u00e9nt, s \u00edgy a hatalom, a m\u00e9lt\u00f3s\u00e1g \u00e9s a gazdags\u00e1g jelk\u00e9pe volt.<\/span><\/p>\n<p><span style=\"color: #ffffff;\">A keszty\u0171 a 10.\u201311. sz\u00e1zadban kezdett sz\u00e9lesebb k\u00f6rben elterjedni.<\/span><\/p>\n<p><span style=\"color: #ffffff;\">Ebben a korban az angol \u00e9s spanyol uralkod\u00f3k gazdagon d\u00edsz\u00edtett selyem- \u00e9s b\u0151rkeszty\u0171ket viseltek.<\/span><\/p>\n<p><span style=\"color: #ffffff;\">A 13. sz\u00e1zadban m\u00e1r n\u0151k is viseltek finom lenv\u00e1szonb\u00f3l vagy selyemsz\u00f6vetb\u0151l k\u00e9sz\u00fclt, k\u00f6ny\u00e9kig \u00e9r\u0151 keszty\u0171t. I. Erzs\u00e9bet angol kir\u00e1lyn\u0151(1533\u20131603) h\u00edmzett, \u00e9kszerekkel d\u00edsz\u00edtett keszty\u0171ben jelent meg.<\/span><\/p>\n<p>&nbsp;<\/p>\n<h3><span style=\"color: #ffffff;\">A k\u00f6z\u00e9pkorban k\u00fcl\u00f6n\u00f6sen nagy <\/span><\/h3>\n<h3><\/h3>\n<p><span style=\"color: #ffffff;\">jelent\u0151s\u00e9ge volt a keszty\u0171knek: az uralkod\u00f3k keszty\u0171 \u00e1tad\u00e1s\u00e1val hatalmat \u00e9s rangot is adom\u00e1nyozhattak.<\/span><\/p>\n<p><span style=\"color: #ffffff;\">Ha p\u00e9ld\u00e1ul a sz\u00e1sz uralkod\u00f3 egy v\u00e1rosnak v\u00e1s\u00e1rtart\u00e1si jogot adott, azt azzal er\u0151s\u00edtette meg, hogy a v\u00e1rosnak egy keszty\u0171t k\u00fcld\u00f6tt.<\/span><\/p>\n<p><span style=\"color: #ffffff;\">A 15. sz\u00e1zadban a lovagi torn\u00e1n r\u00e9szt vev\u0151k \u00e9s a hadba vonul\u00f3k neh\u00e9z lemezekb\u0151l k\u00e9sz\u00fclt p\u00e1nc\u00e9lt viseltek, aminek tartoz\u00e9ka volt a b\u0151rrel b\u00e9lelt, finoman kidolgozott lemezkeszty\u0171.<\/span><\/p>\n<p><span style=\"color: #ffffff;\">Ugyanakkor a frank uralkod\u00f3k udvar\u00e1ban m\u00e1r megjelentek a csipk\u00e9vel d\u00edsz\u00edtett keszty\u0171k is.<\/span><\/p>\n<p><span style=\"color: #ffffff;\">A renesz\u00e1nsz korban a keszty\u0171 a j\u00f3l\u00f6lt\u00f6z\u00f6tts\u00e9g n\u00e9lk\u00fcl\u00f6zhetetlen kell\u00e9ke volt. A 16. sz\u00e1zadban azt\u00e1n teljesen \u00e1ltal\u00e1noss\u00e1 v\u00e1lt a keszty\u0171viselet \u00e9s ett\u0151l kezdve teljesen a divatv\u00e1ltoz\u00e1sok hat\u00e1sa al\u00e1 ker\u00fclt.<\/span><\/p>\n<p><span style=\"color: #ffffff;\">A 19. sz\u00e1zad 40-es \u00e9veiben vezett\u00e9k be a keszty\u0171k egys\u00e9ges m\u00e9rt\u00e9krend szerinti gy\u00e1rt\u00e1s\u00e1t.<\/span><\/p>\n<p><span style=\"color: #ffffff;\">A finom textilanyagb\u00f3l k\u00e9sz\u00fclt keszty\u0171k mellett a b\u0151rkeszty\u0171k j\u00e1tszottak fontos szerepet.<\/span><\/p>\n<p><span style=\"color: #ffffff;\">Ezeket b\u00e1r\u00e1nyb\u0151rb\u0151l, kecske- \u00e9s gidab\u0151rb\u0151l \u00e9s a vad\u00e1szatokon elejtett m\u00e1s vadak (szarvas, \u0151z, ny\u00fal) b\u0151r\u00e9b\u0151l k\u00e9sz\u00edtett\u00e9k.<\/span><\/p>\n<p><span style=\"color: #ffffff;\">A keszty\u0171k\u00e9sz\u00edt\u00e9s csak a 11.\u201312. sz\u00e1zadban v\u00e1lt a nyugat-eur\u00f3pai orsz\u00e1gokban mesters\u00e9gg\u00e9 \u00e9s t\u00f6rv\u00e9nyekkel v\u00e9dett, szervezett iparr\u00e1.<\/span><\/p>\n<p><span style=\"color: #ffffff;\">A b\u0151r\u00f6k kidolgoz\u00e1s\u00e1t, a keszty\u0171k k\u00e9sz\u00edt\u00e9s\u00e9t szakmai titokk\u00e9nt kezelt\u00e9k, a mesters\u00e9gbeli fog\u00e1sok ap\u00e1r\u00f3l fi\u00fara sz\u00e1lltak.<\/span><\/p>\n<p><span style=\"color: #ffffff;\">A 15. sz\u00e1zadban a keszty\u0171s mesterek egyben sz\u00edj- \u00e9s szersz\u00e1mk\u00e9sz\u00edt\u0151k is voltak, de szabtak \u00e9s varrtak b\u0151rmell\u00e9nyt \u00e9s b\u0151rnadr\u00e1got is.<\/span><\/p>\n<p><span style=\"color: #ffffff;\">A keszty\u0171k\u00e9sz\u00edt\u00e9s els\u0151sorban azokban az orsz\u00e1gokban er\u0151s\u00f6d\u00f6tt meg \u00e9s fejl\u0151d\u00f6tt gy\u00e1riparr\u00e1, ahol megfelel\u0151 min\u0151s\u00e9g\u0171 \u00e9s mennyis\u00e9g\u0171 b\u0151r \u00e1llt rendelkez\u00e9sre.<\/span><\/p>\n<p>&nbsp;<\/p>\n<p><span style=\"color: #ffffff;\"><strong>A\u00a0k\u00e9sz\u00edt\u00e9si m\u00f3dt\u00f3l\u00a0f\u00fcgg\u0151en ismer\u00fcnk<\/strong><\/span><\/p>\n<p><span style=\"color: #ffffff;\">szabott keszty\u0171t, amelynek alkatr\u00e9szeit lapszer\u0171 anyagokb\u00f3l megfelel\u0151 sablonok haszn\u00e1lat\u00e1val kiv\u00e1gj\u00e1k \u00e9s azut\u00e1n \u00f6sszevarrj\u00e1k vagy \u2013 m\u0171anyagok eset\u00e9n \u2013 \u00f6sszehegesztik,m\u0171anyagb\u00f3l extrud\u00e1l\u00e1ssal k\u00e9sz\u00fclt, egy darabb\u00f3l \u00e1ll\u00f3 keszty\u0171t, valamintk\u00f6t\u00f6tt keszty\u0171, amelyet egy darabban form\u00e1ra k\u00f6tnek.<\/span><\/p>","protected":false},"excerpt":{"rendered":"<div class=\"artdet__name-rating d-none d-lg-block\">\n<div class=\"row gutters-5\">\n<div class=\"col\">\n<div class=\"artdet__name-rating d-none d-lg-block\">\n<div class=\"row gutters-5\">\n<div class=\"col\">\n<div class=\"artdet__name-rating d-none d-lg-block\">\n<div class=\"row gutters-5\">\n<div class=\"col\">\n<div class=\"artdet__name-rating d-none d-lg-block\">\n<div class=\"row gutters-5\">\n<div class=\"col\">\n<div class=\"artdet__name-rating d-none d-lg-block\">\n<div class=\"row gutters-5\">\n<div class=\"col\">\n<div class=\"artdet__name-rating d-none d-lg-block\">\n<div class=\"row gutters-5\">\n<div class=\"col\">\n<h2>F\u00fcles hullad\u00e9kgy\u0171jt\u0151 65 cm \u00d725 cm \u00d775 cm<\/h2>\n<\/div>\n<\/div>\n<\/div>\n<div id=\"artdet__short-descrition\" class=\"artdet__short-descripton artdet-block border-block\">\n<div class=\"artdet__short-descripton-content text-justify font-s font-sm-m\">\n<p>F\u00fcles hullad\u00e9kgy\u0171jt\u0151 65 cm \u00d725 cm \u00d775 cm<\/p>\n<\/div>\n<\/div>\n<p>&nbsp;<\/p>\n<\/div>\n<\/div>\n<\/div>\n<\/div>\n<\/div>\n<\/div>\n<\/div>\n<\/div>\n<\/div>\n<\/div>\n<\/div>\n<\/div>\n<\/div>\n<\/div>\n<\/div>","protected":false},"featured_media":6562,"template":"","meta":{"_et_pb_use_builder":"","_et_pb_old_content":"","_et_gb_content_width":""},"product_brand":[],"product_cat":[1539],"product_tag":[1907],"class_list":{"0":"post-6561","1":"product","2":"type-product","3":"status-publish","4":"has-post-thumbnail","6":"product_cat-kellekek","7":"product_tag-fules-hulladekgyujto-65-cm-x25-cm-x75-cm","9":"first","10":"instock","11":"shipping-taxable","12":"purchasable","13":"product-type-simple"},"yoast_head":"<!-- This site is optimized with the Yoast SEO plugin v27.4 - https:\/\/yoast.com\/product\/yoast-seo-wordpress\/ -->\n<title>F\u00fcles hullad\u00e9kgy\u0171jt\u0151 65 cm \u00d725 cm \u00d775 cm - T\u00e1jkert\u00e9sz<\/title>\n<meta name=\"description\" content=\"F\u00fcles hullad\u00e9kgy\u0171jt\u0151 65 cm \u00d725 cm \u00d775 cm\" \/>\n<meta name=\"robots\" content=\"index, follow, max-snippet:-1, max-image-preview:large, max-video-preview:-1\" \/>\n<link rel=\"canonical\" href=\"https:\/\/tajkertesz.com\/en_US\/product\/fules-hulladekgyujto-65-cm-x25-cm-x75-cm\/\" \/>\n<meta property=\"og:locale\" content=\"en_US\" \/>\n<meta property=\"og:type\" content=\"article\" \/>\n<meta property=\"og:title\" content=\"F\u00fcles hullad\u00e9kgy\u0171jt\u0151 65 cm \u00d725 cm \u00d775 cm - T\u00e1jkert\u00e9sz\" \/>\n<meta property=\"og:description\" content=\"F\u00fcles hullad\u00e9kgy\u0171jt\u0151 65 cm \u00d725 cm \u00d775 cm\" \/>\n<meta property=\"og:url\" content=\"https:\/\/tajkertesz.com\/en_US\/product\/fules-hulladekgyujto-65-cm-x25-cm-x75-cm\/\" \/>\n<meta property=\"og:site_name\" content=\"T\u00e1jkert\u00e9sz\" \/>\n<meta property=\"article:publisher\" content=\"https:\/\/www.facebook.com\/Tajkertesz\/\" \/>\n<meta property=\"article:modified_time\" content=\"2021-09-03T07:34:53+00:00\" \/>\n<meta property=\"og:image\" content=\"https:\/\/tajkertesz.com\/wp-content\/uploads\/2021\/06\/mini-hulladekgyujto-bigbag-01.jpg\" \/>\n\t<meta property=\"og:image:width\" content=\"340\" \/>\n\t<meta property=\"og:image:height\" content=\"370\" \/>\n\t<meta property=\"og:image:type\" content=\"image\/jpeg\" \/>\n<meta name=\"twitter:card\" content=\"summary_large_image\" \/>\n<meta name=\"twitter:label1\" content=\"Est. reading time\" \/>\n\t<meta name=\"twitter:data1\" content=\"2 minutes\" \/>\n<script type=\"application\/ld+json\" class=\"yoast-schema-graph\">{\"@context\":\"https:\\\/\\\/schema.org\",\"@graph\":[{\"@type\":\"WebPage\",\"@id\":\"https:\\\/\\\/tajkertesz.com\\\/termek\\\/fules-hulladekgyujto-65-cm-x25-cm-x75-cm\\\/\",\"url\":\"https:\\\/\\\/tajkertesz.com\\\/termek\\\/fules-hulladekgyujto-65-cm-x25-cm-x75-cm\\\/\",\"name\":\"F\u00fcles hullad\u00e9kgy\u0171jt\u0151 65 cm \u00d725 cm \u00d775 cm - T\u00e1jkert\u00e9sz\",\"isPartOf\":{\"@id\":\"https:\\\/\\\/tajkertesz.com\\\/#website\"},\"primaryImageOfPage\":{\"@id\":\"https:\\\/\\\/tajkertesz.com\\\/termek\\\/fules-hulladekgyujto-65-cm-x25-cm-x75-cm\\\/#primaryimage\"},\"image\":{\"@id\":\"https:\\\/\\\/tajkertesz.com\\\/termek\\\/fules-hulladekgyujto-65-cm-x25-cm-x75-cm\\\/#primaryimage\"},\"thumbnailUrl\":\"https:\\\/\\\/tajkertesz.com\\\/wp-content\\\/uploads\\\/2021\\\/06\\\/mini-hulladekgyujto-bigbag-01.jpg\",\"datePublished\":\"2021-06-14T11:55:46+00:00\",\"dateModified\":\"2021-09-03T07:34:53+00:00\",\"description\":\"F\u00fcles hullad\u00e9kgy\u0171jt\u0151 65 cm \u00d725 cm \u00d775 cm\",\"breadcrumb\":{\"@id\":\"https:\\\/\\\/tajkertesz.com\\\/termek\\\/fules-hulladekgyujto-65-cm-x25-cm-x75-cm\\\/#breadcrumb\"},\"inLanguage\":\"en-US\",\"potentialAction\":[{\"@type\":\"ReadAction\",\"target\":[\"https:\\\/\\\/tajkertesz.com\\\/termek\\\/fules-hulladekgyujto-65-cm-x25-cm-x75-cm\\\/\"]}]},{\"@type\":\"ImageObject\",\"inLanguage\":\"en-US\",\"@id\":\"https:\\\/\\\/tajkertesz.com\\\/termek\\\/fules-hulladekgyujto-65-cm-x25-cm-x75-cm\\\/#primaryimage\",\"url\":\"https:\\\/\\\/tajkertesz.com\\\/wp-content\\\/uploads\\\/2021\\\/06\\\/mini-hulladekgyujto-bigbag-01.jpg\",\"contentUrl\":\"https:\\\/\\\/tajkertesz.com\\\/wp-content\\\/uploads\\\/2021\\\/06\\\/mini-hulladekgyujto-bigbag-01.jpg\",\"width\":340,\"height\":370},{\"@type\":\"BreadcrumbList\",\"@id\":\"https:\\\/\\\/tajkertesz.com\\\/termek\\\/fules-hulladekgyujto-65-cm-x25-cm-x75-cm\\\/#breadcrumb\",\"itemListElement\":[{\"@type\":\"ListItem\",\"position\":1,\"name\":\"Home\",\"item\":\"https:\\\/\\\/tajkertesz.com\\\/\"},{\"@type\":\"ListItem\",\"position\":2,\"name\":\"Kezd\u0151lap\",\"item\":\"https:\\\/\\\/tajkertesz.com\\\/\"},{\"@type\":\"ListItem\",\"position\":3,\"name\":\"F\u00fcles hullad\u00e9kgy\u0171jt\u0151 65 cm \u00d725 cm \u00d775 cm\"}]},{\"@type\":\"WebSite\",\"@id\":\"https:\\\/\\\/tajkertesz.com\\\/#website\",\"url\":\"https:\\\/\\\/tajkertesz.com\\\/\",\"name\":\"T\u00e1j-Kert\u00e9sz 84 Kft.\",\"description\":\"Kert\u00e9szeti kis- \u00e9s nagykeresked\u00e9s, D\u00edszn\u00f6v\u00e9ny web\u00e1ruh\u00e1z orsz\u00e1gos h\u00e1zhozsz\u00e1ll\u00edt\u00e1ssal!\",\"publisher\":{\"@id\":\"https:\\\/\\\/tajkertesz.com\\\/#organization\"},\"potentialAction\":[{\"@type\":\"SearchAction\",\"target\":{\"@type\":\"EntryPoint\",\"urlTemplate\":\"https:\\\/\\\/tajkertesz.com\\\/?s={search_term_string}\"},\"query-input\":{\"@type\":\"PropertyValueSpecification\",\"valueRequired\":true,\"valueName\":\"search_term_string\"}}],\"inLanguage\":\"en-US\"},{\"@type\":\"Organization\",\"@id\":\"https:\\\/\\\/tajkertesz.com\\\/#organization\",\"name\":\"T\u00e1j-Kert\u00e9sz 84 Kft.\",\"url\":\"https:\\\/\\\/tajkertesz.com\\\/\",\"logo\":{\"@type\":\"ImageObject\",\"inLanguage\":\"en-US\",\"@id\":\"https:\\\/\\\/tajkertesz.com\\\/#\\\/schema\\\/logo\\\/image\\\/\",\"url\":\"https:\\\/\\\/tajkertesz.com\\\/wp-content\\\/uploads\\\/2018\\\/02\\\/logo-2-e1518678052539.png\",\"contentUrl\":\"https:\\\/\\\/tajkertesz.com\\\/wp-content\\\/uploads\\\/2018\\\/02\\\/logo-2-e1518678052539.png\",\"width\":81,\"height\":140,\"caption\":\"T\u00e1j-Kert\u00e9sz 84 Kft.\"},\"image\":{\"@id\":\"https:\\\/\\\/tajkertesz.com\\\/#\\\/schema\\\/logo\\\/image\\\/\"},\"sameAs\":[\"https:\\\/\\\/www.facebook.com\\\/Tajkertesz\\\/\"]}]}<\/script>\n<!-- \/ Yoast SEO plugin. -->","yoast_head_json":{"title":"F\u00fcles hullad\u00e9kgy\u0171jt\u0151 65 cm \u00d725 cm \u00d775 cm - T\u00e1jkert\u00e9sz","description":"F\u00fcles hullad\u00e9kgy\u0171jt\u0151 65 cm \u00d725 cm \u00d775 cm","robots":{"index":"index","follow":"follow","max-snippet":"max-snippet:-1","max-image-preview":"max-image-preview:large","max-video-preview":"max-video-preview:-1"},"canonical":"https:\/\/tajkertesz.com\/en_US\/product\/fules-hulladekgyujto-65-cm-x25-cm-x75-cm\/","og_locale":"en_US","og_type":"article","og_title":"F\u00fcles hullad\u00e9kgy\u0171jt\u0151 65 cm \u00d725 cm \u00d775 cm - T\u00e1jkert\u00e9sz","og_description":"F\u00fcles hullad\u00e9kgy\u0171jt\u0151 65 cm \u00d725 cm \u00d775 cm","og_url":"https:\/\/tajkertesz.com\/en_US\/product\/fules-hulladekgyujto-65-cm-x25-cm-x75-cm\/","og_site_name":"T\u00e1jkert\u00e9sz","article_publisher":"https:\/\/www.facebook.com\/Tajkertesz\/","article_modified_time":"2021-09-03T07:34:53+00:00","og_image":[{"width":340,"height":370,"url":"https:\/\/tajkertesz.com\/wp-content\/uploads\/2021\/06\/mini-hulladekgyujto-bigbag-01.jpg","type":"image\/jpeg"}],"twitter_card":"summary_large_image","twitter_misc":{"Est. reading time":"2 minutes"},"schema":{"@context":"https:\/\/schema.org","@graph":[{"@type":"WebPage","@id":"https:\/\/tajkertesz.com\/termek\/fules-hulladekgyujto-65-cm-x25-cm-x75-cm\/","url":"https:\/\/tajkertesz.com\/termek\/fules-hulladekgyujto-65-cm-x25-cm-x75-cm\/","name":"F\u00fcles hullad\u00e9kgy\u0171jt\u0151 65 cm \u00d725 cm \u00d775 cm - T\u00e1jkert\u00e9sz","isPartOf":{"@id":"https:\/\/tajkertesz.com\/#website"},"primaryImageOfPage":{"@id":"https:\/\/tajkertesz.com\/termek\/fules-hulladekgyujto-65-cm-x25-cm-x75-cm\/#primaryimage"},"image":{"@id":"https:\/\/tajkertesz.com\/termek\/fules-hulladekgyujto-65-cm-x25-cm-x75-cm\/#primaryimage"},"thumbnailUrl":"https:\/\/tajkertesz.com\/wp-content\/uploads\/2021\/06\/mini-hulladekgyujto-bigbag-01.jpg","datePublished":"2021-06-14T11:55:46+00:00","dateModified":"2021-09-03T07:34:53+00:00","description":"F\u00fcles hullad\u00e9kgy\u0171jt\u0151 65 cm \u00d725 cm \u00d775 cm","breadcrumb":{"@id":"https:\/\/tajkertesz.com\/termek\/fules-hulladekgyujto-65-cm-x25-cm-x75-cm\/#breadcrumb"},"inLanguage":"en-US","potentialAction":[{"@type":"ReadAction","target":["https:\/\/tajkertesz.com\/termek\/fules-hulladekgyujto-65-cm-x25-cm-x75-cm\/"]}]},{"@type":"ImageObject","inLanguage":"en-US","@id":"https:\/\/tajkertesz.com\/termek\/fules-hulladekgyujto-65-cm-x25-cm-x75-cm\/#primaryimage","url":"https:\/\/tajkertesz.com\/wp-content\/uploads\/2021\/06\/mini-hulladekgyujto-bigbag-01.jpg","contentUrl":"https:\/\/tajkertesz.com\/wp-content\/uploads\/2021\/06\/mini-hulladekgyujto-bigbag-01.jpg","width":340,"height":370},{"@type":"BreadcrumbList","@id":"https:\/\/tajkertesz.com\/termek\/fules-hulladekgyujto-65-cm-x25-cm-x75-cm\/#breadcrumb","itemListElement":[{"@type":"ListItem","position":1,"name":"Home","item":"https:\/\/tajkertesz.com\/"},{"@type":"ListItem","position":2,"name":"Kezd\u0151lap","item":"https:\/\/tajkertesz.com\/"},{"@type":"ListItem","position":3,"name":"F\u00fcles hullad\u00e9kgy\u0171jt\u0151 65 cm \u00d725 cm \u00d775 cm"}]},{"@type":"WebSite","@id":"https:\/\/tajkertesz.com\/#website","url":"https:\/\/tajkertesz.com\/","name":"T\u00e1j-Kert\u00e9sz 84 Kft.","description":"Kert\u00e9szeti kis- \u00e9s nagykeresked\u00e9s, D\u00edszn\u00f6v\u00e9ny web\u00e1ruh\u00e1z orsz\u00e1gos h\u00e1zhozsz\u00e1ll\u00edt\u00e1ssal!","publisher":{"@id":"https:\/\/tajkertesz.com\/#organization"},"potentialAction":[{"@type":"SearchAction","target":{"@type":"EntryPoint","urlTemplate":"https:\/\/tajkertesz.com\/?s={search_term_string}"},"query-input":{"@type":"PropertyValueSpecification","valueRequired":true,"valueName":"search_term_string"}}],"inLanguage":"en-US"},{"@type":"Organization","@id":"https:\/\/tajkertesz.com\/#organization","name":"T\u00e1j-Kert\u00e9sz 84 Kft.","url":"https:\/\/tajkertesz.com\/","logo":{"@type":"ImageObject","inLanguage":"en-US","@id":"https:\/\/tajkertesz.com\/#\/schema\/logo\/image\/","url":"https:\/\/tajkertesz.com\/wp-content\/uploads\/2018\/02\/logo-2-e1518678052539.png","contentUrl":"https:\/\/tajkertesz.com\/wp-content\/uploads\/2018\/02\/logo-2-e1518678052539.png","width":81,"height":140,"caption":"T\u00e1j-Kert\u00e9sz 84 Kft."},"image":{"@id":"https:\/\/tajkertesz.com\/#\/schema\/logo\/image\/"},"sameAs":["https:\/\/www.facebook.com\/Tajkertesz\/"]}]}},"_links":{"self":[{"href":"https:\/\/tajkertesz.com\/en_US\/wp-json\/wp\/v2\/product\/6561","targetHints":{"allow":["GET"]}}],"collection":[{"href":"https:\/\/tajkertesz.com\/en_US\/wp-json\/wp\/v2\/product"}],"about":[{"href":"https:\/\/tajkertesz.com\/en_US\/wp-json\/wp\/v2\/types\/product"}],"wp:featuredmedia":[{"embeddable":true,"href":"https:\/\/tajkertesz.com\/en_US\/wp-json\/wp\/v2\/media\/6562"}],"wp:attachment":[{"href":"https:\/\/tajkertesz.com\/en_US\/wp-json\/wp\/v2\/media?parent=6561"}],"wp:term":[{"taxonomy":"product_brand","embeddable":true,"href":"https:\/\/tajkertesz.com\/en_US\/wp-json\/wp\/v2\/product_brand?post=6561"},{"taxonomy":"product_cat","embeddable":true,"href":"https:\/\/tajkertesz.com\/en_US\/wp-json\/wp\/v2\/product_cat?post=6561"},{"taxonomy":"product_tag","embeddable":true,"href":"https:\/\/tajkertesz.com\/en_US\/wp-json\/wp\/v2\/product_tag?post=6561"}],"curies":[{"name":"wp","href":"https:\/\/api.w.org\/{rel}","templated":true}]}}