{"id":6607,"date":"2021-06-15T07:40:56","date_gmt":"2021-06-15T07:40:56","guid":{"rendered":"https:\/\/tajkertesz.com\/?post_type=product&#038;p=6607"},"modified":"2026-02-22T09:08:58","modified_gmt":"2026-02-22T09:08:58","slug":"bordo-feher-viragu-japan-lonc-lonicera-japonica-red-world","status":"publish","type":"product","link":"https:\/\/tajkertesz.com\/en_US\/product\/bordo-feher-viragu-japan-lonc-lonicera-japonica-red-world\/","title":{"rendered":"Bord\u00f3-Feh\u00e9r vir\u00e1g\u00fa Jap\u00e1n lonc &#8211; \u201cLonicera japonica Red World\u201d"},"content":{"rendered":"<h3 class=\"LC20lb DKV0Md\">Bord\u00f3-Feh\u00e9r vir\u00e1g\u00fa Jap\u00e1n lonc &#8211; \u201cLonicera japonica Red World\u201d<\/h3>\n<p class=\"LC20lb DKV0Md\">Bord\u00f3-Feh\u00e9r vir\u00e1g\u00fa Jap\u00e1n lonc &#8211; \u201cLonicera japonica Red World\u201d, 4-6 m\u00e9ter magasra n\u00f6v\u0151, lombhullat\u00f3,k\u00fasz\u00f3 d\u00edszcserje.D\u00edsz\u00edt\u0151 \u00e9rt\u00e9k\u00e9t a\u00a0gy\u00f6ny\u00f6r\u0171 illatos, bord\u00f3-feh\u00e9r vir\u00e1gai\u00a0adj\u00e1k, melyek j\u00faniust\u00f3l a fagyokig vir\u00e1goznak.Viszonylag gyorsan fejl\u0151dik, hamar bebor\u00edtja a ker\u00edt\u00e9seket, pergol\u00e1kat. \u00c9rdemes t\u00e1mrendszert biztos\u00edtani a n\u00f6v\u00e9nynek.Napos helyen gyorsabban fejl\u0151dik, vir\u00e1gz\u00e1sa hosszabb ideig elh\u00faz\u00f3dik. J\u00f3 v\u00edzell\u00e1t\u00e1s\u00fa talajban fejl\u0151dik sz\u00e9pen.Alak\u00edt\u00f3 metsz\u00e9sre van sz\u00fcks\u00e9g.A n\u00f6v\u00e9ny minden r\u00e9sze m\u00e9rgez\u0151!<\/p>\n<p>&nbsp;<\/p>\n<p style=\"line-height: 18.0pt; background: white; margin: 0cm 0cm 15.0pt 0cm;\"><b><span style=\"font-family: 'Ubuntu',serif; color: black;\">K\u00e9szlet\u00fcnk napi szinten v\u00e1ltozik, ez\u00e9rt k\u00e9rj\u00fck, \u00e9rdekl\u0151dj\u00f6n szem\u00e9lyesen, telefonon vagy email-en.<br \/>\nA v\u00e1ltoztat\u00e1s jog\u00e1t fenntartjuk!\u00a0<\/span><\/b><\/p>\n<p><a href=\"https:\/\/tajkertesz.com\/\">https:\/\/tajkertesz.com\/<\/a><\/p>\n<p><a href=\"https:\/\/www.facebook.com\/tajkertesz\">https:\/\/www.facebook.com\/tajkertesz<\/a><\/p>\n<p>kb. 60-70 cm magasak<\/p>\n<p><span style=\"color: #ffffff;\">A loncfajok k\u00fasz\u00f3\u00a0<a style=\"color: #ffffff;\" title=\"Cserje\" href=\"https:\/\/hu.wikipedia.org\/wiki\/Cserje\">cserjef\u00e9l\u00e9k<\/a>, amelyek az\u00a0<a style=\"color: #ffffff;\" title=\"\u00c9szaki f\u00e9lg\u00f6mb\" href=\"https:\/\/hu.wikipedia.org\/wiki\/%C3%89szaki_f%C3%A9lg%C3%B6mb\">\u00e9szaki f\u00e9lg\u00f6mb\u00f6n<\/a>\u00a0honosak. K\u00f6r\u00fclbel\u00fcl 135-180\u00a0<a style=\"color: #ffffff;\" title=\"Faj\" href=\"https:\/\/hu.wikipedia.org\/wiki\/Faj\">fajuk<\/a>\u00a0ismert, ezekb\u0151l 100 faj\u00a0<a style=\"color: #ffffff;\" title=\"K\u00edna\" href=\"https:\/\/hu.wikipedia.org\/wiki\/K%C3%ADna\">K\u00edn\u00e1ban<\/a>, 20-20 faj pedig\u00a0<a style=\"color: #ffffff;\" title=\"India\" href=\"https:\/\/hu.wikipedia.org\/wiki\/India\">Indi\u00e1ban<\/a>,\u00a0<a style=\"color: #ffffff;\" title=\"Eur\u00f3pa\" href=\"https:\/\/hu.wikipedia.org\/wiki\/Eur%C3%B3pa\">Eur\u00f3p\u00e1ban<\/a>\u00a0\u00e9s\u00a0<a style=\"color: #ffffff;\" title=\"\u00c9szak-Amerika\" href=\"https:\/\/hu.wikipedia.org\/wiki\/%C3%89szak-Amerika\">\u00c9szak-Amerik\u00e1ban<\/a>\u00a0tal\u00e1lhat\u00f3 meg. A legismertebb fajok, \u00e9s amelyeket sz\u00edvesen termesztenek: a\u00a0<a style=\"color: #ffffff;\" title=\"B\u00fabos lonc\" href=\"https:\/\/hu.wikipedia.org\/wiki\/B%C3%BAbos_lonc\">b\u00fabos lonc<\/a>\u00a0<i>(Lonicera periclymenum)<\/i>, a\u00a0<a style=\"color: #ffffff;\" title=\"Jap\u00e1n lonc\" href=\"https:\/\/hu.wikipedia.org\/wiki\/Jap%C3%A1n_lonc\">jap\u00e1n lonc<\/a>\u00a0<i>(Lonicera japonica)<\/i>\u00a0\u00e9s a\u00a0<a class=\"new\" style=\"color: #ffffff;\" title=\"Lonicera sempervirens (a lap nem l\u00e9tezik)\" href=\"https:\/\/hu.wikipedia.org\/w\/index.php?title=Lonicera_sempervirens&amp;action=edit&amp;redlink=1\">Lonicera sempervirens<\/a>. A\u00a0<a style=\"color: #ffffff;\" title=\"Kolibrif\u00e9l\u00e9k\" href=\"https:\/\/hu.wikipedia.org\/wiki\/Kolibrif%C3%A9l%C3%A9k\">kolibrif\u00e9l\u00e9ket<\/a>\u00a0<i>(Trochilidae)<\/i>\u00a0is vonzz\u00e1k ezek a sz\u00ednes vir\u00e1g\u00fa n\u00f6v\u00e9nyek, f\u0151leg a\u00a0<i>L. sempervirens<\/i>\u00a0\u00e9s a\u00a0<a class=\"new\" style=\"color: #ffffff;\" title=\"Lonicera ciliosa (a lap nem l\u00e9tezik)\" href=\"https:\/\/hu.wikipedia.org\/w\/index.php?title=Lonicera_ciliosa&amp;action=edit&amp;redlink=1\">Lonicera ciliosa<\/a>. A nemzets\u00e9g a nev\u00e9t,\u00a0<i>Lonicera<\/i>,\u00a0<a style=\"color: #ffffff;\" title=\"Adam Lonicer\" href=\"https:\/\/hu.wikipedia.org\/wiki\/Adam_Lonicer\">Adam Lonicerr\u00f3l<\/a>\u00a0kapta, aki a\u00a0<a style=\"color: #ffffff;\" title=\"16. sz\u00e1zad\" href=\"https:\/\/hu.wikipedia.org\/wiki\/16._sz%C3%A1zad\">16. sz\u00e1zad<\/a>\u00a0egyik legismertebb f\u00fcvesk\u00f6nyv\u00e9nek (Kreuterbuch) szerz\u0151je volt.<\/span><\/p>\n<p><span style=\"color: #ffffff;\"><strong>Az alapfajn\u00e1l sokkal d\u00fasabb, t\u00f6m\u00f6ttebb kis bokor, lombozata csillog\u00f3an f\u00e9nyl\u0151 \u00e9l\u00e9nkz\u00f6ld, halv\u00e1nys\u00e1rga vir\u00e1gai k\u00e9s\u0151 tavasszal ny\u00edlnak, ezekb\u0151l k\u00e9s\u0151bb s\u00f6t\u00e9tlila bogy\u00f3k fejl\u0151dnek. Talajtakar\u00e1sra, ed\u00e9nyes nevel\u00e9sre, de bonsainak is kiv\u00e1l\u00f3an alkalmas<\/strong><\/span><\/p>\n<p><span style=\"color: #ffffff;\">Alak: elter\u00fcl\u0151, s\u0171r\u0171n el\u00e1gaz\u00f3, \u00f6r\u00f6kz\u00f6ld t\u00f6rpecserje<\/span><\/p>\n<p><span style=\"color: #ffffff;\">Magass\u00e1g:\u00a0kifejlett magass\u00e1g 40-50 cm<\/span><\/p>\n<p><span style=\"color: #ffffff;\">Lev\u00e9l:\u00a0 f\u00e9nyes, s\u00f6t\u00e9tz\u00f6ld<\/span><\/p>\n<p><span style=\"color: #ffffff;\">Vir\u00e1g: halv\u00e1nys\u00e1rga, V-VI h\u00f3napban vir\u00e1gzik.<\/span><\/p>\n<p><span style=\"color: #ffffff;\">Ig\u00e9ny: napos, f\u00e9l\u00e1rny\u00e9kos hely<\/span><\/p>\n<p><span style=\"color: #ffffff;\">\u00dcltet\u00e9si id\u0151: A cserepes kiszerel\u00e9s\u0171 d\u00edszcserj\u00e9k eg\u00e9sz \u00e9vben telep\u00edthet\u0151ek\u00a0megfelel\u0151 \u00f6nt\u00f6z\u00e9s mellett. (Kiv\u00e9ve a t\u00e9li id\u0151szakban, tart\u00f3s nappali \u00e9s \u00e9jszakai fagyok eset\u00e9n.<\/span><\/p>","protected":false},"excerpt":{"rendered":"<h3 class=\"LC20lb DKV0Md\">Bord\u00f3-Feh\u00e9r vir\u00e1g\u00fa Jap\u00e1n lonc &#8211; \u201cLonicera japonica Red World\u201d<\/h3>\n<p class=\"LC20lb DKV0Md\">Bord\u00f3-Feh\u00e9r vir\u00e1g\u00fa Jap\u00e1n lonc &#8211; \u201cLonicera japonica Red World\u201d, 4-6 m\u00e9ter magasra n\u00f6v\u0151, lombhullat\u00f3,k\u00fasz\u00f3 d\u00edszcserje.D\u00edsz\u00edt\u0151 \u00e9rt\u00e9k\u00e9t a\u00a0gy\u00f6ny\u00f6r\u0171 illatos, bord\u00f3-feh\u00e9r vir\u00e1gai\u00a0adj\u00e1k, melyek j\u00faniust\u00f3l a fagyokig vir\u00e1goznak.Viszonylag gyorsan fejl\u0151dik, hamar bebor\u00edtja a ker\u00edt\u00e9seket, pergol\u00e1kat. \u00c9rdemes t\u00e1mrendszert biztos\u00edtani a n\u00f6v\u00e9nynek.Napos helyen gyorsabban fejl\u0151dik, vir\u00e1gz\u00e1sa hosszabb ideig elh\u00faz\u00f3dik. J\u00f3 v\u00edzell\u00e1t\u00e1s\u00fa talajban fejl\u0151dik sz\u00e9pen.Alak\u00edt\u00f3 metsz\u00e9sre van sz\u00fcks\u00e9g.A n\u00f6v\u00e9ny minden r\u00e9sze m\u00e9rgez\u0151!<\/p>","protected":false},"featured_media":6611,"template":"","meta":{"_et_pb_use_builder":"","_et_pb_old_content":"","_et_gb_content_width":""},"product_brand":[],"product_cat":[3995],"product_tag":[1927],"class_list":{"0":"post-6607","1":"product","2":"type-product","3":"status-publish","4":"has-post-thumbnail","6":"product_cat-futonovenyek","7":"product_tag-bordo-feher-viragu-japan-lonc-lonicera-japonica-red-world","9":"first","10":"outofstock","11":"shipping-taxable","12":"purchasable","13":"product-type-simple"},"yoast_head":"<!-- This site is optimized with the Yoast SEO plugin v27.4 - https:\/\/yoast.com\/product\/yoast-seo-wordpress\/ -->\n<title>Bord\u00f3-Feh\u00e9r vir\u00e1g\u00fa Jap\u00e1n lonc - \u201cLonicera japonica Red World\u201d - T\u00e1jkert\u00e9sz<\/title>\n<meta name=\"description\" content=\"Bord\u00f3-Feh\u00e9r vir\u00e1g\u00fa Jap\u00e1n lonc - \u201cLonicera japonica Red World\u201d, 4-6 m\u00e9ter magasra n\u00f6v\u0151, lombhullat\u00f3,k\u00fasz\u00f3 d\u00edszcserje.D\u00edsz\u00edt\u0151 \u00e9rt\u00e9k\u00e9t a\u00a0gy\u00f6ny\u00f6r\u0171\" \/>\n<meta name=\"robots\" content=\"index, follow, max-snippet:-1, max-image-preview:large, max-video-preview:-1\" \/>\n<link rel=\"canonical\" href=\"https:\/\/tajkertesz.com\/en_US\/product\/bordo-feher-viragu-japan-lonc-lonicera-japonica-red-world\/\" \/>\n<meta property=\"og:locale\" content=\"en_US\" \/>\n<meta property=\"og:type\" content=\"article\" \/>\n<meta property=\"og:title\" content=\"Bord\u00f3-Feh\u00e9r vir\u00e1g\u00fa Jap\u00e1n lonc - \u201cLonicera japonica Red World\u201d - T\u00e1jkert\u00e9sz\" \/>\n<meta property=\"og:description\" content=\"Bord\u00f3-Feh\u00e9r vir\u00e1g\u00fa Jap\u00e1n lonc - \u201cLonicera japonica Red World\u201d, 4-6 m\u00e9ter magasra n\u00f6v\u0151, lombhullat\u00f3,k\u00fasz\u00f3 d\u00edszcserje.D\u00edsz\u00edt\u0151 \u00e9rt\u00e9k\u00e9t a\u00a0gy\u00f6ny\u00f6r\u0171\" \/>\n<meta property=\"og:url\" content=\"https:\/\/tajkertesz.com\/en_US\/product\/bordo-feher-viragu-japan-lonc-lonicera-japonica-red-world\/\" \/>\n<meta property=\"og:site_name\" content=\"T\u00e1jkert\u00e9sz\" \/>\n<meta property=\"article:publisher\" content=\"https:\/\/www.facebook.com\/Tajkertesz\/\" \/>\n<meta property=\"article:modified_time\" content=\"2026-02-22T09:08:58+00:00\" \/>\n<meta property=\"og:image\" content=\"https:\/\/tajkertesz.com\/wp-content\/uploads\/2021\/06\/lonicera-japonica-red-world.jpg\" \/>\n\t<meta property=\"og:image:width\" content=\"1024\" \/>\n\t<meta property=\"og:image:height\" content=\"1024\" \/>\n\t<meta property=\"og:image:type\" content=\"image\/jpeg\" \/>\n<meta name=\"twitter:card\" content=\"summary_large_image\" \/>\n<meta name=\"twitter:label1\" content=\"Est. reading time\" \/>\n\t<meta name=\"twitter:data1\" content=\"2 minutes\" \/>\n<script type=\"application\/ld+json\" class=\"yoast-schema-graph\">{\"@context\":\"https:\\\/\\\/schema.org\",\"@graph\":[{\"@type\":\"WebPage\",\"@id\":\"https:\\\/\\\/tajkertesz.com\\\/termek\\\/bordo-feher-viragu-japan-lonc-lonicera-japonica-red-world\\\/\",\"url\":\"https:\\\/\\\/tajkertesz.com\\\/termek\\\/bordo-feher-viragu-japan-lonc-lonicera-japonica-red-world\\\/\",\"name\":\"Bord\u00f3-Feh\u00e9r vir\u00e1g\u00fa Jap\u00e1n lonc - \u201cLonicera japonica Red World\u201d - T\u00e1jkert\u00e9sz\",\"isPartOf\":{\"@id\":\"https:\\\/\\\/tajkertesz.com\\\/#website\"},\"primaryImageOfPage\":{\"@id\":\"https:\\\/\\\/tajkertesz.com\\\/termek\\\/bordo-feher-viragu-japan-lonc-lonicera-japonica-red-world\\\/#primaryimage\"},\"image\":{\"@id\":\"https:\\\/\\\/tajkertesz.com\\\/termek\\\/bordo-feher-viragu-japan-lonc-lonicera-japonica-red-world\\\/#primaryimage\"},\"thumbnailUrl\":\"https:\\\/\\\/tajkertesz.com\\\/wp-content\\\/uploads\\\/2021\\\/06\\\/lonicera-japonica-red-world.jpg\",\"datePublished\":\"2021-06-15T07:40:56+00:00\",\"dateModified\":\"2026-02-22T09:08:58+00:00\",\"description\":\"Bord\u00f3-Feh\u00e9r vir\u00e1g\u00fa Jap\u00e1n lonc - \u201cLonicera japonica Red World\u201d, 4-6 m\u00e9ter magasra n\u00f6v\u0151, lombhullat\u00f3,k\u00fasz\u00f3 d\u00edszcserje.D\u00edsz\u00edt\u0151 \u00e9rt\u00e9k\u00e9t a\u00a0gy\u00f6ny\u00f6r\u0171\",\"breadcrumb\":{\"@id\":\"https:\\\/\\\/tajkertesz.com\\\/termek\\\/bordo-feher-viragu-japan-lonc-lonicera-japonica-red-world\\\/#breadcrumb\"},\"inLanguage\":\"en-US\",\"potentialAction\":[{\"@type\":\"ReadAction\",\"target\":[\"https:\\\/\\\/tajkertesz.com\\\/termek\\\/bordo-feher-viragu-japan-lonc-lonicera-japonica-red-world\\\/\"]}]},{\"@type\":\"ImageObject\",\"inLanguage\":\"en-US\",\"@id\":\"https:\\\/\\\/tajkertesz.com\\\/termek\\\/bordo-feher-viragu-japan-lonc-lonicera-japonica-red-world\\\/#primaryimage\",\"url\":\"https:\\\/\\\/tajkertesz.com\\\/wp-content\\\/uploads\\\/2021\\\/06\\\/lonicera-japonica-red-world.jpg\",\"contentUrl\":\"https:\\\/\\\/tajkertesz.com\\\/wp-content\\\/uploads\\\/2021\\\/06\\\/lonicera-japonica-red-world.jpg\",\"width\":1024,\"height\":1024},{\"@type\":\"BreadcrumbList\",\"@id\":\"https:\\\/\\\/tajkertesz.com\\\/termek\\\/bordo-feher-viragu-japan-lonc-lonicera-japonica-red-world\\\/#breadcrumb\",\"itemListElement\":[{\"@type\":\"ListItem\",\"position\":1,\"name\":\"Home\",\"item\":\"https:\\\/\\\/tajkertesz.com\\\/\"},{\"@type\":\"ListItem\",\"position\":2,\"name\":\"Kezd\u0151lap\",\"item\":\"https:\\\/\\\/tajkertesz.com\\\/\"},{\"@type\":\"ListItem\",\"position\":3,\"name\":\"Bord\u00f3-Feh\u00e9r vir\u00e1g\u00fa Jap\u00e1n lonc &#8211; \u201cLonicera japonica Red World\u201d\"}]},{\"@type\":\"WebSite\",\"@id\":\"https:\\\/\\\/tajkertesz.com\\\/#website\",\"url\":\"https:\\\/\\\/tajkertesz.com\\\/\",\"name\":\"T\u00e1j-Kert\u00e9sz 84 Kft.\",\"description\":\"Kert\u00e9szeti kis- \u00e9s nagykeresked\u00e9s, D\u00edszn\u00f6v\u00e9ny web\u00e1ruh\u00e1z orsz\u00e1gos h\u00e1zhozsz\u00e1ll\u00edt\u00e1ssal!\",\"publisher\":{\"@id\":\"https:\\\/\\\/tajkertesz.com\\\/#organization\"},\"potentialAction\":[{\"@type\":\"SearchAction\",\"target\":{\"@type\":\"EntryPoint\",\"urlTemplate\":\"https:\\\/\\\/tajkertesz.com\\\/?s={search_term_string}\"},\"query-input\":{\"@type\":\"PropertyValueSpecification\",\"valueRequired\":true,\"valueName\":\"search_term_string\"}}],\"inLanguage\":\"en-US\"},{\"@type\":\"Organization\",\"@id\":\"https:\\\/\\\/tajkertesz.com\\\/#organization\",\"name\":\"T\u00e1j-Kert\u00e9sz 84 Kft.\",\"url\":\"https:\\\/\\\/tajkertesz.com\\\/\",\"logo\":{\"@type\":\"ImageObject\",\"inLanguage\":\"en-US\",\"@id\":\"https:\\\/\\\/tajkertesz.com\\\/#\\\/schema\\\/logo\\\/image\\\/\",\"url\":\"https:\\\/\\\/tajkertesz.com\\\/wp-content\\\/uploads\\\/2018\\\/02\\\/logo-2-e1518678052539.png\",\"contentUrl\":\"https:\\\/\\\/tajkertesz.com\\\/wp-content\\\/uploads\\\/2018\\\/02\\\/logo-2-e1518678052539.png\",\"width\":81,\"height\":140,\"caption\":\"T\u00e1j-Kert\u00e9sz 84 Kft.\"},\"image\":{\"@id\":\"https:\\\/\\\/tajkertesz.com\\\/#\\\/schema\\\/logo\\\/image\\\/\"},\"sameAs\":[\"https:\\\/\\\/www.facebook.com\\\/Tajkertesz\\\/\"]}]}<\/script>\n<!-- \/ Yoast SEO plugin. -->","yoast_head_json":{"title":"Bord\u00f3-Feh\u00e9r vir\u00e1g\u00fa Jap\u00e1n lonc - \u201cLonicera japonica Red World\u201d - T\u00e1jkert\u00e9sz","description":"Bord\u00f3-Feh\u00e9r vir\u00e1g\u00fa Jap\u00e1n lonc - \u201cLonicera japonica Red World\u201d, 4-6 m\u00e9ter magasra n\u00f6v\u0151, lombhullat\u00f3,k\u00fasz\u00f3 d\u00edszcserje.D\u00edsz\u00edt\u0151 \u00e9rt\u00e9k\u00e9t a\u00a0gy\u00f6ny\u00f6r\u0171","robots":{"index":"index","follow":"follow","max-snippet":"max-snippet:-1","max-image-preview":"max-image-preview:large","max-video-preview":"max-video-preview:-1"},"canonical":"https:\/\/tajkertesz.com\/en_US\/product\/bordo-feher-viragu-japan-lonc-lonicera-japonica-red-world\/","og_locale":"en_US","og_type":"article","og_title":"Bord\u00f3-Feh\u00e9r vir\u00e1g\u00fa Jap\u00e1n lonc - \u201cLonicera japonica Red World\u201d - T\u00e1jkert\u00e9sz","og_description":"Bord\u00f3-Feh\u00e9r vir\u00e1g\u00fa Jap\u00e1n lonc - \u201cLonicera japonica Red World\u201d, 4-6 m\u00e9ter magasra n\u00f6v\u0151, lombhullat\u00f3,k\u00fasz\u00f3 d\u00edszcserje.D\u00edsz\u00edt\u0151 \u00e9rt\u00e9k\u00e9t a\u00a0gy\u00f6ny\u00f6r\u0171","og_url":"https:\/\/tajkertesz.com\/en_US\/product\/bordo-feher-viragu-japan-lonc-lonicera-japonica-red-world\/","og_site_name":"T\u00e1jkert\u00e9sz","article_publisher":"https:\/\/www.facebook.com\/Tajkertesz\/","article_modified_time":"2026-02-22T09:08:58+00:00","og_image":[{"width":1024,"height":1024,"url":"https:\/\/tajkertesz.com\/wp-content\/uploads\/2021\/06\/lonicera-japonica-red-world.jpg","type":"image\/jpeg"}],"twitter_card":"summary_large_image","twitter_misc":{"Est. reading time":"2 minutes"},"schema":{"@context":"https:\/\/schema.org","@graph":[{"@type":"WebPage","@id":"https:\/\/tajkertesz.com\/termek\/bordo-feher-viragu-japan-lonc-lonicera-japonica-red-world\/","url":"https:\/\/tajkertesz.com\/termek\/bordo-feher-viragu-japan-lonc-lonicera-japonica-red-world\/","name":"Bord\u00f3-Feh\u00e9r vir\u00e1g\u00fa Jap\u00e1n lonc - \u201cLonicera japonica Red World\u201d - T\u00e1jkert\u00e9sz","isPartOf":{"@id":"https:\/\/tajkertesz.com\/#website"},"primaryImageOfPage":{"@id":"https:\/\/tajkertesz.com\/termek\/bordo-feher-viragu-japan-lonc-lonicera-japonica-red-world\/#primaryimage"},"image":{"@id":"https:\/\/tajkertesz.com\/termek\/bordo-feher-viragu-japan-lonc-lonicera-japonica-red-world\/#primaryimage"},"thumbnailUrl":"https:\/\/tajkertesz.com\/wp-content\/uploads\/2021\/06\/lonicera-japonica-red-world.jpg","datePublished":"2021-06-15T07:40:56+00:00","dateModified":"2026-02-22T09:08:58+00:00","description":"Bord\u00f3-Feh\u00e9r vir\u00e1g\u00fa Jap\u00e1n lonc - \u201cLonicera japonica Red World\u201d, 4-6 m\u00e9ter magasra n\u00f6v\u0151, lombhullat\u00f3,k\u00fasz\u00f3 d\u00edszcserje.D\u00edsz\u00edt\u0151 \u00e9rt\u00e9k\u00e9t a\u00a0gy\u00f6ny\u00f6r\u0171","breadcrumb":{"@id":"https:\/\/tajkertesz.com\/termek\/bordo-feher-viragu-japan-lonc-lonicera-japonica-red-world\/#breadcrumb"},"inLanguage":"en-US","potentialAction":[{"@type":"ReadAction","target":["https:\/\/tajkertesz.com\/termek\/bordo-feher-viragu-japan-lonc-lonicera-japonica-red-world\/"]}]},{"@type":"ImageObject","inLanguage":"en-US","@id":"https:\/\/tajkertesz.com\/termek\/bordo-feher-viragu-japan-lonc-lonicera-japonica-red-world\/#primaryimage","url":"https:\/\/tajkertesz.com\/wp-content\/uploads\/2021\/06\/lonicera-japonica-red-world.jpg","contentUrl":"https:\/\/tajkertesz.com\/wp-content\/uploads\/2021\/06\/lonicera-japonica-red-world.jpg","width":1024,"height":1024},{"@type":"BreadcrumbList","@id":"https:\/\/tajkertesz.com\/termek\/bordo-feher-viragu-japan-lonc-lonicera-japonica-red-world\/#breadcrumb","itemListElement":[{"@type":"ListItem","position":1,"name":"Home","item":"https:\/\/tajkertesz.com\/"},{"@type":"ListItem","position":2,"name":"Kezd\u0151lap","item":"https:\/\/tajkertesz.com\/"},{"@type":"ListItem","position":3,"name":"Bord\u00f3-Feh\u00e9r vir\u00e1g\u00fa Jap\u00e1n lonc &#8211; \u201cLonicera japonica Red World\u201d"}]},{"@type":"WebSite","@id":"https:\/\/tajkertesz.com\/#website","url":"https:\/\/tajkertesz.com\/","name":"T\u00e1j-Kert\u00e9sz 84 Kft.","description":"Kert\u00e9szeti kis- \u00e9s nagykeresked\u00e9s, D\u00edszn\u00f6v\u00e9ny web\u00e1ruh\u00e1z orsz\u00e1gos h\u00e1zhozsz\u00e1ll\u00edt\u00e1ssal!","publisher":{"@id":"https:\/\/tajkertesz.com\/#organization"},"potentialAction":[{"@type":"SearchAction","target":{"@type":"EntryPoint","urlTemplate":"https:\/\/tajkertesz.com\/?s={search_term_string}"},"query-input":{"@type":"PropertyValueSpecification","valueRequired":true,"valueName":"search_term_string"}}],"inLanguage":"en-US"},{"@type":"Organization","@id":"https:\/\/tajkertesz.com\/#organization","name":"T\u00e1j-Kert\u00e9sz 84 Kft.","url":"https:\/\/tajkertesz.com\/","logo":{"@type":"ImageObject","inLanguage":"en-US","@id":"https:\/\/tajkertesz.com\/#\/schema\/logo\/image\/","url":"https:\/\/tajkertesz.com\/wp-content\/uploads\/2018\/02\/logo-2-e1518678052539.png","contentUrl":"https:\/\/tajkertesz.com\/wp-content\/uploads\/2018\/02\/logo-2-e1518678052539.png","width":81,"height":140,"caption":"T\u00e1j-Kert\u00e9sz 84 Kft."},"image":{"@id":"https:\/\/tajkertesz.com\/#\/schema\/logo\/image\/"},"sameAs":["https:\/\/www.facebook.com\/Tajkertesz\/"]}]}},"_links":{"self":[{"href":"https:\/\/tajkertesz.com\/en_US\/wp-json\/wp\/v2\/product\/6607","targetHints":{"allow":["GET"]}}],"collection":[{"href":"https:\/\/tajkertesz.com\/en_US\/wp-json\/wp\/v2\/product"}],"about":[{"href":"https:\/\/tajkertesz.com\/en_US\/wp-json\/wp\/v2\/types\/product"}],"wp:featuredmedia":[{"embeddable":true,"href":"https:\/\/tajkertesz.com\/en_US\/wp-json\/wp\/v2\/media\/6611"}],"wp:attachment":[{"href":"https:\/\/tajkertesz.com\/en_US\/wp-json\/wp\/v2\/media?parent=6607"}],"wp:term":[{"taxonomy":"product_brand","embeddable":true,"href":"https:\/\/tajkertesz.com\/en_US\/wp-json\/wp\/v2\/product_brand?post=6607"},{"taxonomy":"product_cat","embeddable":true,"href":"https:\/\/tajkertesz.com\/en_US\/wp-json\/wp\/v2\/product_cat?post=6607"},{"taxonomy":"product_tag","embeddable":true,"href":"https:\/\/tajkertesz.com\/en_US\/wp-json\/wp\/v2\/product_tag?post=6607"}],"curies":[{"name":"wp","href":"https:\/\/api.w.org\/{rel}","templated":true}]}}