{"id":6658,"date":"2021-06-15T09:02:03","date_gmt":"2021-06-15T09:02:03","guid":{"rendered":"https:\/\/tajkertesz.com\/?post_type=product&#038;p=6658"},"modified":"2026-02-16T15:42:43","modified_gmt":"2026-02-16T15:42:43","slug":"athyrium-filix-femina-frizelliae-holgypafrany","status":"publish","type":"product","link":"https:\/\/tajkertesz.com\/en_US\/product\/athyrium-filix-femina-frizelliae-holgypafrany\/","title":{"rendered":"Athyrium filix-femina Frizelliae &#8211; H\u00f6lgyp\u00e1fr\u00e1ny"},"content":{"rendered":"<h3>Athyrium filix-femina Frizelliae &#8211; H\u00f6lgyp\u00e1fr\u00e1ny<\/h3>\n<p>&nbsp;<\/p>\n<p class=\"product_title entry-title\">Athyrium filix-femina Frizelliae &#8211; H\u00f6lgyp\u00e1fr\u00e1ny, 15-30 cm magasra n\u00f6v\u0151 lombhullat\u00f3 p\u00e1fr\u00e1ny fajta.Finoman csipk\u00e9zett vil\u00e1gos-z\u00f6ld lombozata \u00edvesen lehajl\u00f3.<br \/>\n\u00c1rny\u00e9kos, f\u00e9l\u00e1rny\u00e9kos, nedves helyen \u00e9rzi j\u00f3l mag\u00e1t.<\/p>\n<p class=\"product_title entry-title\">Jelen term\u00e9k\u00fcnk 4 literes cser\u00e9pben kaphat\u00f3 \u00e9s kb: 30 cm magass\u00e1g\u00fa.<\/p>\n<p style=\"line-height: 18.0pt; background: white; margin: 0cm 0cm 15.0pt 0cm;\"><b><span style=\"font-family: 'Ubuntu',serif; color: black;\">K\u00e9szlet\u00fcnk napi szinten v\u00e1ltozik, ez\u00e9rt k\u00e9rj\u00fck, \u00e9rdekl\u0151dj\u00f6n szem\u00e9lyesen, telefonon vagy email-en.<br \/>\nA v\u00e1ltoztat\u00e1s jog\u00e1t fenntartjuk!\u00a0<\/span><\/b><\/p>\n<p><a href=\"https:\/\/tajkertesz.com\/\">https:\/\/tajkertesz.com\/<\/a><\/p>\n<p><a href=\"https:\/\/www.facebook.com\/tajkertesz\">https:\/\/www.facebook.com\/tajkertesz<\/a><\/p>\n<h6><span style=\"color: #ffffff;\">A val\u00f3di p\u00e1fr\u00e1nyok vagy leptosporangiumos p\u00e1fr\u00e1nyok (Pteridopsida, Polypodiopsida vagy Filicopsida) a harasztok t\u00f6rzs\u00e9nek (Pteridophyta) egyik oszt\u00e1lya. Nem tartoznak ide az \u0151sharasztok (Psilotopsida) k\u00f6z\u00e9 sorolt k\u00edgy\u00f3nyelvp\u00e1fr\u00e1nyok (Ophioglossales), valamint a k\u00fcl\u00f6n oszt\u00e1lyt alkot\u00f3 marattiap\u00e1fr\u00e1nyok (Marattiopsida).<\/span><\/h6>\n<h6><span style=\"color: #ffffff;\">K\u00f6z\u00f6s jellemz\u0151j\u00fck, hogy nem a fejletlenebb eusporangium alakul ki n\u00e1luk, mint a t\u00f6rzs t\u00f6bbi oszt\u00e1ly\u00e1n\u00e1l (zsurl\u00f3k, \u0151sharasztok, marattiap\u00e1fr\u00e1nyok), hanem egysejtr\u00e9teg\u0171 leptosporangium, amelynek kialakul\u00e1sa el\u00e9gg\u00e9 egys\u00e9ges a csoporton bel\u00fcl. Az \u0151sibb rendekn\u00e9l (p\u00e9ld\u00e1ul kir\u00e1lyharasztok) m\u00e9g nem minden esetben tal\u00e1lunk leptosporangiumot, \u00e9s az er\u0151sen specializ\u00e1lt alakokn\u00e1l (p\u00e9ld\u00e1ul m\u00e9telyf\u00fcvek \u00e9s ruca\u00f6r\u00f6mp\u00e1fr\u00e1nyok) a leptosporangium er\u0151teljes m\u00f3dosul\u00e1s\u00e1t l\u00e1thatjuk. A genetikai vizsg\u00e1latok azonban biztoss\u00e1 teszik azt, hogy ezek a hajdan\u00e1n k\u00fcl\u00f6n oszt\u00e1lyokban t\u00e1rgyalt csoportok is ide, a Pteridopsida oszt\u00e1lyba tartoznak, mi t\u00f6bb, nagyon sz\u00e9pen beilleszkednek k\u00f6z\u00e9j\u00fck a kladogramon is.<\/span><\/h6>\n<h6><span style=\"color: #ffffff;\">P\u00e1fr\u00e1ny ig\u00e9nyei<\/span><br \/>\n<span style=\"color: #ffffff;\">A p\u00e1fr\u00e1nyok, harasztok f\u00e9l\u00e1rny\u00e9kot kedvel\u0151 lev\u00e9ld\u00edszn\u00f6v\u00e9nyek.<\/span><\/h6>\n<h6><span style=\"color: #ffffff;\">T\u00f6bbs\u00e9g\u00fck a m\u00e9ly \u00e1rny\u00e9kos, h\u0171v\u00f6s, p\u00e1r\u00e1s, gyakran ny\u00edrkos term\u0151helyek n\u00f6v\u00e9nye, lombjuk \u00f6r\u00f6kz\u00f6ld, vagy t\u00e9lire elsz\u00e1rad.<\/span><\/h6>\n<h6><span style=\"color: #ffffff;\">Ellent\u00e9tben a t\u00f6bbi \u00e1rny\u00e9ki \u00e9vel\u0151vel, nem csak elviseli, de kimondottan ig\u00e9nyli is az \u00e1rny\u00e9kot.<\/span><\/h6>\n<h6><span style=\"color: #ffffff;\">A p\u00e1fr\u00e1nyok f\u00e1k, cserj\u00e9k alatti v\u00e1ltoz\u00f3 \u00e1rny\u00e9k\u00fa helyeken, \u00e9p\u00fcletek \u00e9szaki oldal\u00e1n \u00e9rzik j\u00f3l magukat.<\/span><\/h6>\n<h6><span style=\"color: #ffffff;\">A felhaszn\u00e1l\u00e1suk j\u00f3l elk\u00fcl\u00f6n\u00edtve t\u00f6rt\u00e9njen, szoliterk\u00e9nt, vagy kisebb csoportokban. Ha el\u00e9g nagy a hely, c\u00e9lszer\u0171 k\u00fcl\u00f6n p\u00e1fr\u00e1ny kertet kialak\u00edtani sz\u00e1mukra egy \u00e1rny\u00e9kos helyen.<\/span><\/h6>\n<p>&nbsp;<\/p>","protected":false},"excerpt":{"rendered":"<h3>Athyrium filix-femina Frizelliae &#8211; H\u00f6lgyp\u00e1fr\u00e1ny<\/h3>\n<p>&nbsp;<\/p>\n<p class=\"product_title entry-title\">Athyrium filix-femina Frizelliae &#8211; H\u00f6lgyp\u00e1fr\u00e1ny, 15-30 cm magasra n\u00f6v\u0151 lombhullat\u00f3 p\u00e1fr\u00e1ny fajta.Finoman csipk\u00e9zett vil\u00e1gos-z\u00f6ld lombozata \u00edvesen lehajl\u00f3.<br \/>\n\u00c1rny\u00e9kos, f\u00e9l\u00e1rny\u00e9kos, nedves helyen \u00e9rzi j\u00f3l mag\u00e1t.<\/p>","protected":false},"featured_media":6661,"template":"","meta":{"_et_pb_use_builder":"","_et_pb_old_content":"","_et_gb_content_width":""},"product_brand":[],"product_cat":[433,3785],"product_tag":[1934,3833],"class_list":{"0":"post-6658","1":"product","2":"type-product","3":"status-publish","4":"has-post-thumbnail","6":"product_cat-evelo-novenyek","7":"product_cat-uj-termekek","8":"product_tag-athyrium-filix-femina-frizelliae-holgypafrany","9":"product_tag-holgy-pafrany","11":"first","12":"outofstock","13":"shipping-taxable","14":"product-type-simple"},"yoast_head":"<!-- This site is optimized with the Yoast SEO plugin v27.3 - https:\/\/yoast.com\/product\/yoast-seo-wordpress\/ -->\n<title>Athyrium filix-femina Frizelliae - H\u00f6lgyp\u00e1fr\u00e1ny - T\u00e1jkert\u00e9sz<\/title>\n<meta name=\"description\" content=\"Athyrium filix-femina Frizelliae - H\u00f6lgyp\u00e1fr\u00e1ny, 15-30 cm magasra n\u00f6v\u0151 lombhullat\u00f3 p\u00e1fr\u00e1ny fajta.Finoman csipk\u00e9zett vil\u00e1gos-z\u00f6ld\" \/>\n<meta name=\"robots\" content=\"index, follow, max-snippet:-1, max-image-preview:large, max-video-preview:-1\" \/>\n<link rel=\"canonical\" href=\"https:\/\/tajkertesz.com\/en_US\/product\/athyrium-filix-femina-frizelliae-holgypafrany\/\" \/>\n<meta property=\"og:locale\" content=\"en_US\" \/>\n<meta property=\"og:type\" content=\"article\" \/>\n<meta property=\"og:title\" content=\"Athyrium filix-femina Frizelliae - H\u00f6lgyp\u00e1fr\u00e1ny - T\u00e1jkert\u00e9sz\" \/>\n<meta property=\"og:description\" content=\"Athyrium filix-femina Frizelliae - H\u00f6lgyp\u00e1fr\u00e1ny, 15-30 cm magasra n\u00f6v\u0151 lombhullat\u00f3 p\u00e1fr\u00e1ny fajta.Finoman csipk\u00e9zett vil\u00e1gos-z\u00f6ld\" \/>\n<meta property=\"og:url\" content=\"https:\/\/tajkertesz.com\/en_US\/product\/athyrium-filix-femina-frizelliae-holgypafrany\/\" \/>\n<meta property=\"og:site_name\" content=\"T\u00e1jkert\u00e9sz\" \/>\n<meta property=\"article:publisher\" content=\"https:\/\/www.facebook.com\/Tajkertesz\/\" \/>\n<meta property=\"article:modified_time\" content=\"2026-02-16T15:42:43+00:00\" \/>\n<meta property=\"og:image\" content=\"https:\/\/tajkertesz.com\/wp-content\/uploads\/2021\/06\/IMG_20210615_100334.jpg\" \/>\n\t<meta property=\"og:image:width\" content=\"517\" \/>\n\t<meta property=\"og:image:height\" content=\"600\" \/>\n\t<meta property=\"og:image:type\" content=\"image\/jpeg\" \/>\n<meta name=\"twitter:card\" content=\"summary_large_image\" \/>\n<meta name=\"twitter:label1\" content=\"Est. reading time\" \/>\n\t<meta name=\"twitter:data1\" content=\"2 minutes\" \/>\n<script type=\"application\/ld+json\" class=\"yoast-schema-graph\">{\"@context\":\"https:\\\/\\\/schema.org\",\"@graph\":[{\"@type\":\"WebPage\",\"@id\":\"https:\\\/\\\/tajkertesz.com\\\/termek\\\/athyrium-filix-femina-frizelliae-holgypafrany\\\/\",\"url\":\"https:\\\/\\\/tajkertesz.com\\\/termek\\\/athyrium-filix-femina-frizelliae-holgypafrany\\\/\",\"name\":\"Athyrium filix-femina Frizelliae - H\u00f6lgyp\u00e1fr\u00e1ny - T\u00e1jkert\u00e9sz\",\"isPartOf\":{\"@id\":\"https:\\\/\\\/tajkertesz.com\\\/#website\"},\"primaryImageOfPage\":{\"@id\":\"https:\\\/\\\/tajkertesz.com\\\/termek\\\/athyrium-filix-femina-frizelliae-holgypafrany\\\/#primaryimage\"},\"image\":{\"@id\":\"https:\\\/\\\/tajkertesz.com\\\/termek\\\/athyrium-filix-femina-frizelliae-holgypafrany\\\/#primaryimage\"},\"thumbnailUrl\":\"https:\\\/\\\/tajkertesz.com\\\/wp-content\\\/uploads\\\/2021\\\/06\\\/IMG_20210615_100334.jpg\",\"datePublished\":\"2021-06-15T09:02:03+00:00\",\"dateModified\":\"2026-02-16T15:42:43+00:00\",\"description\":\"Athyrium filix-femina Frizelliae - H\u00f6lgyp\u00e1fr\u00e1ny, 15-30 cm magasra n\u00f6v\u0151 lombhullat\u00f3 p\u00e1fr\u00e1ny fajta.Finoman csipk\u00e9zett vil\u00e1gos-z\u00f6ld\",\"breadcrumb\":{\"@id\":\"https:\\\/\\\/tajkertesz.com\\\/termek\\\/athyrium-filix-femina-frizelliae-holgypafrany\\\/#breadcrumb\"},\"inLanguage\":\"en-US\",\"potentialAction\":[{\"@type\":\"ReadAction\",\"target\":[\"https:\\\/\\\/tajkertesz.com\\\/termek\\\/athyrium-filix-femina-frizelliae-holgypafrany\\\/\"]}]},{\"@type\":\"ImageObject\",\"inLanguage\":\"en-US\",\"@id\":\"https:\\\/\\\/tajkertesz.com\\\/termek\\\/athyrium-filix-femina-frizelliae-holgypafrany\\\/#primaryimage\",\"url\":\"https:\\\/\\\/tajkertesz.com\\\/wp-content\\\/uploads\\\/2021\\\/06\\\/IMG_20210615_100334.jpg\",\"contentUrl\":\"https:\\\/\\\/tajkertesz.com\\\/wp-content\\\/uploads\\\/2021\\\/06\\\/IMG_20210615_100334.jpg\",\"width\":517,\"height\":600,\"caption\":\"hdr\"},{\"@type\":\"BreadcrumbList\",\"@id\":\"https:\\\/\\\/tajkertesz.com\\\/termek\\\/athyrium-filix-femina-frizelliae-holgypafrany\\\/#breadcrumb\",\"itemListElement\":[{\"@type\":\"ListItem\",\"position\":1,\"name\":\"Home\",\"item\":\"https:\\\/\\\/tajkertesz.com\\\/\"},{\"@type\":\"ListItem\",\"position\":2,\"name\":\"Kezd\u0151lap\",\"item\":\"https:\\\/\\\/tajkertesz.com\\\/\"},{\"@type\":\"ListItem\",\"position\":3,\"name\":\"Athyrium filix-femina Frizelliae &#8211; H\u00f6lgyp\u00e1fr\u00e1ny\"}]},{\"@type\":\"WebSite\",\"@id\":\"https:\\\/\\\/tajkertesz.com\\\/#website\",\"url\":\"https:\\\/\\\/tajkertesz.com\\\/\",\"name\":\"T\u00e1j-Kert\u00e9sz 84 Kft.\",\"description\":\"Kert\u00e9szeti kis- \u00e9s nagykeresked\u00e9s, D\u00edszn\u00f6v\u00e9ny web\u00e1ruh\u00e1z orsz\u00e1gos h\u00e1zhozsz\u00e1ll\u00edt\u00e1ssal!\",\"publisher\":{\"@id\":\"https:\\\/\\\/tajkertesz.com\\\/#organization\"},\"potentialAction\":[{\"@type\":\"SearchAction\",\"target\":{\"@type\":\"EntryPoint\",\"urlTemplate\":\"https:\\\/\\\/tajkertesz.com\\\/?s={search_term_string}\"},\"query-input\":{\"@type\":\"PropertyValueSpecification\",\"valueRequired\":true,\"valueName\":\"search_term_string\"}}],\"inLanguage\":\"en-US\"},{\"@type\":\"Organization\",\"@id\":\"https:\\\/\\\/tajkertesz.com\\\/#organization\",\"name\":\"T\u00e1j-Kert\u00e9sz 84 Kft.\",\"url\":\"https:\\\/\\\/tajkertesz.com\\\/\",\"logo\":{\"@type\":\"ImageObject\",\"inLanguage\":\"en-US\",\"@id\":\"https:\\\/\\\/tajkertesz.com\\\/#\\\/schema\\\/logo\\\/image\\\/\",\"url\":\"https:\\\/\\\/tajkertesz.com\\\/wp-content\\\/uploads\\\/2018\\\/02\\\/logo-2-e1518678052539.png\",\"contentUrl\":\"https:\\\/\\\/tajkertesz.com\\\/wp-content\\\/uploads\\\/2018\\\/02\\\/logo-2-e1518678052539.png\",\"width\":81,\"height\":140,\"caption\":\"T\u00e1j-Kert\u00e9sz 84 Kft.\"},\"image\":{\"@id\":\"https:\\\/\\\/tajkertesz.com\\\/#\\\/schema\\\/logo\\\/image\\\/\"},\"sameAs\":[\"https:\\\/\\\/www.facebook.com\\\/Tajkertesz\\\/\"]}]}<\/script>\n<!-- \/ Yoast SEO plugin. -->","yoast_head_json":{"title":"Athyrium filix-femina Frizelliae - H\u00f6lgyp\u00e1fr\u00e1ny - T\u00e1jkert\u00e9sz","description":"Athyrium filix-femina Frizelliae - H\u00f6lgyp\u00e1fr\u00e1ny, 15-30 cm magasra n\u00f6v\u0151 lombhullat\u00f3 p\u00e1fr\u00e1ny fajta.Finoman csipk\u00e9zett vil\u00e1gos-z\u00f6ld","robots":{"index":"index","follow":"follow","max-snippet":"max-snippet:-1","max-image-preview":"max-image-preview:large","max-video-preview":"max-video-preview:-1"},"canonical":"https:\/\/tajkertesz.com\/en_US\/product\/athyrium-filix-femina-frizelliae-holgypafrany\/","og_locale":"en_US","og_type":"article","og_title":"Athyrium filix-femina Frizelliae - H\u00f6lgyp\u00e1fr\u00e1ny - T\u00e1jkert\u00e9sz","og_description":"Athyrium filix-femina Frizelliae - H\u00f6lgyp\u00e1fr\u00e1ny, 15-30 cm magasra n\u00f6v\u0151 lombhullat\u00f3 p\u00e1fr\u00e1ny fajta.Finoman csipk\u00e9zett vil\u00e1gos-z\u00f6ld","og_url":"https:\/\/tajkertesz.com\/en_US\/product\/athyrium-filix-femina-frizelliae-holgypafrany\/","og_site_name":"T\u00e1jkert\u00e9sz","article_publisher":"https:\/\/www.facebook.com\/Tajkertesz\/","article_modified_time":"2026-02-16T15:42:43+00:00","og_image":[{"width":517,"height":600,"url":"https:\/\/tajkertesz.com\/wp-content\/uploads\/2021\/06\/IMG_20210615_100334.jpg","type":"image\/jpeg"}],"twitter_card":"summary_large_image","twitter_misc":{"Est. reading time":"2 minutes"},"schema":{"@context":"https:\/\/schema.org","@graph":[{"@type":"WebPage","@id":"https:\/\/tajkertesz.com\/termek\/athyrium-filix-femina-frizelliae-holgypafrany\/","url":"https:\/\/tajkertesz.com\/termek\/athyrium-filix-femina-frizelliae-holgypafrany\/","name":"Athyrium filix-femina Frizelliae - H\u00f6lgyp\u00e1fr\u00e1ny - T\u00e1jkert\u00e9sz","isPartOf":{"@id":"https:\/\/tajkertesz.com\/#website"},"primaryImageOfPage":{"@id":"https:\/\/tajkertesz.com\/termek\/athyrium-filix-femina-frizelliae-holgypafrany\/#primaryimage"},"image":{"@id":"https:\/\/tajkertesz.com\/termek\/athyrium-filix-femina-frizelliae-holgypafrany\/#primaryimage"},"thumbnailUrl":"https:\/\/tajkertesz.com\/wp-content\/uploads\/2021\/06\/IMG_20210615_100334.jpg","datePublished":"2021-06-15T09:02:03+00:00","dateModified":"2026-02-16T15:42:43+00:00","description":"Athyrium filix-femina Frizelliae - H\u00f6lgyp\u00e1fr\u00e1ny, 15-30 cm magasra n\u00f6v\u0151 lombhullat\u00f3 p\u00e1fr\u00e1ny fajta.Finoman csipk\u00e9zett vil\u00e1gos-z\u00f6ld","breadcrumb":{"@id":"https:\/\/tajkertesz.com\/termek\/athyrium-filix-femina-frizelliae-holgypafrany\/#breadcrumb"},"inLanguage":"en-US","potentialAction":[{"@type":"ReadAction","target":["https:\/\/tajkertesz.com\/termek\/athyrium-filix-femina-frizelliae-holgypafrany\/"]}]},{"@type":"ImageObject","inLanguage":"en-US","@id":"https:\/\/tajkertesz.com\/termek\/athyrium-filix-femina-frizelliae-holgypafrany\/#primaryimage","url":"https:\/\/tajkertesz.com\/wp-content\/uploads\/2021\/06\/IMG_20210615_100334.jpg","contentUrl":"https:\/\/tajkertesz.com\/wp-content\/uploads\/2021\/06\/IMG_20210615_100334.jpg","width":517,"height":600,"caption":"hdr"},{"@type":"BreadcrumbList","@id":"https:\/\/tajkertesz.com\/termek\/athyrium-filix-femina-frizelliae-holgypafrany\/#breadcrumb","itemListElement":[{"@type":"ListItem","position":1,"name":"Home","item":"https:\/\/tajkertesz.com\/"},{"@type":"ListItem","position":2,"name":"Kezd\u0151lap","item":"https:\/\/tajkertesz.com\/"},{"@type":"ListItem","position":3,"name":"Athyrium filix-femina Frizelliae &#8211; H\u00f6lgyp\u00e1fr\u00e1ny"}]},{"@type":"WebSite","@id":"https:\/\/tajkertesz.com\/#website","url":"https:\/\/tajkertesz.com\/","name":"T\u00e1j-Kert\u00e9sz 84 Kft.","description":"Kert\u00e9szeti kis- \u00e9s nagykeresked\u00e9s, D\u00edszn\u00f6v\u00e9ny web\u00e1ruh\u00e1z orsz\u00e1gos h\u00e1zhozsz\u00e1ll\u00edt\u00e1ssal!","publisher":{"@id":"https:\/\/tajkertesz.com\/#organization"},"potentialAction":[{"@type":"SearchAction","target":{"@type":"EntryPoint","urlTemplate":"https:\/\/tajkertesz.com\/?s={search_term_string}"},"query-input":{"@type":"PropertyValueSpecification","valueRequired":true,"valueName":"search_term_string"}}],"inLanguage":"en-US"},{"@type":"Organization","@id":"https:\/\/tajkertesz.com\/#organization","name":"T\u00e1j-Kert\u00e9sz 84 Kft.","url":"https:\/\/tajkertesz.com\/","logo":{"@type":"ImageObject","inLanguage":"en-US","@id":"https:\/\/tajkertesz.com\/#\/schema\/logo\/image\/","url":"https:\/\/tajkertesz.com\/wp-content\/uploads\/2018\/02\/logo-2-e1518678052539.png","contentUrl":"https:\/\/tajkertesz.com\/wp-content\/uploads\/2018\/02\/logo-2-e1518678052539.png","width":81,"height":140,"caption":"T\u00e1j-Kert\u00e9sz 84 Kft."},"image":{"@id":"https:\/\/tajkertesz.com\/#\/schema\/logo\/image\/"},"sameAs":["https:\/\/www.facebook.com\/Tajkertesz\/"]}]}},"_links":{"self":[{"href":"https:\/\/tajkertesz.com\/en_US\/wp-json\/wp\/v2\/product\/6658","targetHints":{"allow":["GET"]}}],"collection":[{"href":"https:\/\/tajkertesz.com\/en_US\/wp-json\/wp\/v2\/product"}],"about":[{"href":"https:\/\/tajkertesz.com\/en_US\/wp-json\/wp\/v2\/types\/product"}],"wp:featuredmedia":[{"embeddable":true,"href":"https:\/\/tajkertesz.com\/en_US\/wp-json\/wp\/v2\/media\/6661"}],"wp:attachment":[{"href":"https:\/\/tajkertesz.com\/en_US\/wp-json\/wp\/v2\/media?parent=6658"}],"wp:term":[{"taxonomy":"product_brand","embeddable":true,"href":"https:\/\/tajkertesz.com\/en_US\/wp-json\/wp\/v2\/product_brand?post=6658"},{"taxonomy":"product_cat","embeddable":true,"href":"https:\/\/tajkertesz.com\/en_US\/wp-json\/wp\/v2\/product_cat?post=6658"},{"taxonomy":"product_tag","embeddable":true,"href":"https:\/\/tajkertesz.com\/en_US\/wp-json\/wp\/v2\/product_tag?post=6658"}],"curies":[{"name":"wp","href":"https:\/\/api.w.org\/{rel}","templated":true}]}}