{"id":6685,"date":"2021-06-15T09:37:58","date_gmt":"2021-06-15T09:37:58","guid":{"rendered":"https:\/\/tajkertesz.com\/?post_type=product&#038;p=6685"},"modified":"2023-02-23T08:02:38","modified_gmt":"2023-02-23T08:02:38","slug":"protect-szunyogriaszto-spiral-10-db","status":"publish","type":"product","link":"https:\/\/tajkertesz.com\/en_US\/product\/protect-szunyogriaszto-spiral-10-db\/","title":{"rendered":"\u00a0Protect Sz\u00fanyogriaszt\u00f3 spir\u00e1l, 10 db"},"content":{"rendered":"<div class=\"ef dd dz bw bk eo\" data-dmid=\"detail-page-headline-brand-name\"><\/div>\n<h1 class=\"lx ly bw bk ef lz ma\" data-designsystem=\"true\" data-dmid=\"detail-page-headline-product-title\">\u00a0Protect Sz\u00fanyogriaszt\u00f3 spir\u00e1l, 10 db<\/h1>\n<div class=\"ef dd dz bw bk eo\" data-dmid=\"detail-page-headline-brand-name\"><\/div>\n<p class=\"lx ly bw bk ef lz ma\" data-designsystem=\"true\" data-dmid=\"detail-page-headline-product-title\">Protect Sz\u00fanyogriaszt\u00f3 spir\u00e1l, 10 db, V\u00e9delem a szabadban &#8211; lassan izzik, \u00edgy ak\u00e1r 4 \u00f3r\u00e1n \u00e1t hat\u00e1sos.<\/p>\n<p>Kiz\u00e1r\u00f3lag szabadban (teraszon, kempingben stb.) alkalmazhat\u00f3 sz\u00fanyogok irt\u00e1s\u00e1ra.<\/p>\n<p>1 doboz 10 db spir\u00e1lt tartalmaz.<\/p>\n<p>Haszn\u00e1lati utas\u00edt\u00e1s:<\/p>\n<ol>\n<li>Az egym\u00e1sba csavart, dupla spir\u00e1lt \u00f3vatos, k\u00f6nnyed mozdulatokkal v\u00e1lassza sz\u00e9t. Vigy\u00e1zzon, hogy a spir\u00e1lok ne t\u00f6rjenek meg!<\/li>\n<li>A dobozban tal\u00e1lhat\u00f3 f\u00e9m\u00e1llv\u00e1ny nyelv\u00e9t hajtogassa ki.<\/li>\n<li>Sz\u00farja fel spir\u00e1lt a perfor\u00e1lt v\u00e9g\u00e9n\u00e9l az \u00e1llv\u00e1nyra.<\/li>\n<li>Az \u00f6sszeszerelt spir\u00e1lt helyezze olyan s\u00edk, h\u0151\u00e1ll\u00f3 fel\u00fcletre, melyen a term\u00e9k \u00e9g\u00e9se sor\u00e1n keletkez\u0151 hamu \u00f6sszegy\u0171lhet.<\/li>\n<li>Gy\u00fajtsa meg a spir\u00e1l szabadon \u00e1ll\u00f3 v\u00e9g\u00e9t. N\u00e9h\u00e1ny m\u00e1sodperc m\u00falva a l\u00e1ng kialszik. Ha tov\u00e1bb \u00e9gne, f\u00fajja el. A rovarirt\u00f3 hat\u00e1st a par\u00e1zsl\u00f3 spir\u00e1l \u00e1ltal leadott f\u00fcst biztos\u00edtja.<\/li>\n<\/ol>\n<p>1 db spir\u00e1l maximum 7,5 m<sup>2<\/sup>-nyi ter\u00fclet kezel\u00e9s\u00e9re elenged\u0151, figyelembe v\u00e9ve az id\u0151j\u00e1r\u00e1si k\u00f6r\u00fclm\u00e9nyeket is.<\/p>\n<p>A spir\u00e1l a hat\u00e1s\u00e1t az izz\u00e1s ideje alatt folyamatosan, megszak\u00edt\u00e1s n\u00e9lk\u00fcl fejti ki. \u00c9g\u00e9si ideje: kb. 4 \u00f3ra<\/p>\n<p>Amennyiben a sz\u00fanyogirt\u00e1sra m\u00e1r nincs sz\u00fcks\u00e9g, a megmaradt r\u00e9szt a k\u00f6vetkez\u0151 alkalommal felhaszn\u00e1lhatja. T\u00e1rol\u00e1s el\u0151tt a spir\u00e1l izz\u00f3 r\u00e9sz\u00e9t \u00f3vatosan t\u00f6rje le!<\/p>\n<p><strong>Figyelmeztet\u00e9s:<\/strong><\/p>\n<p>Haszn\u00e1lat el\u0151tt olvassa el a term\u00e9kc\u00edmk\u00e9n k\u00f6z\u00f6lt inform\u00e1ci\u00f3kat, \u00e9s gy\u0151z\u0151dj\u00f6n meg arr\u00f3l, hogy meg\u00e9rtette. Biocid-term\u00e9k, haszn\u00e1lja k\u00f6r\u00fcltekint\u0151en, biztons\u00e1gosan.<\/p>\n<p>Ker\u00fclje a term\u00e9k haszn\u00e1lata sor\u00e1n keletkez\u0151 f\u00fcst bel\u00e9legz\u00e9s\u00e9t.<\/p>\n<p>A par\u00e1zsl\u00f3 spir\u00e1lt soha ne hagyja fel\u00fcgyelet n\u00e9lk\u00fcl!<\/p>\n<p>A spir\u00e1llal t\u00f6rt\u00e9n\u0151 munkav\u00e9gz\u00e9s, valamint az \u00e9g\u00e9s sor\u00e1n keletkez\u0151 hamu \u00f6sszegy\u0171jt\u00e9s\u00e9t k\u00f6vet\u0151en alaposan mosson kezet.<\/p>\n<p>\u00c9lelmiszert\u0151l, italt\u00f3l, takarm\u00e1nyt\u00f3l, valamint az ezekkel \u00e9rintkez\u00e9sbe ker\u00fcl\u0151 eszk\u00f6z\u00f6kt\u0151l, fel\u00fcletekt\u0151l elk\u00fcl\u00f6n\u00edtve kell alkalmazni \u00e9s t\u00e1rolni.<\/p>\n<div id=\"bodyContent\" class=\"mw-body-content\">\n<div id=\"mw-content-text\" class=\"mw-content-ltr\" dir=\"ltr\" lang=\"hu\">\n<div id=\"bodyContent\" class=\"mw-body-content\">\n<div id=\"mw-content-text\" class=\"mw-content-ltr\" dir=\"ltr\" lang=\"hu\">\n<p>Kisz\u00e1ll\u00edt\u00e1s: 200 cm \u00e9s 40 kg is a sz\u00e1ll\u00edt\u00e1s fut\u00e1rszolg\u00e1lattal t\u00f6rt\u00e9nik.<\/p>\n<\/div>\n<\/div>\n<\/div>\n<\/div>\n<p style=\"line-height: 18.0pt; background: white; margin: 0cm 0cm 15.0pt 0cm;\"><b><span style=\"font-family: 'Ubuntu',serif; color: black;\">K\u00e9szlet\u00fcnk napi szinten v\u00e1ltozik, ez\u00e9rt k\u00e9rj\u00fck, \u00e9rdekl\u0151dj\u00f6n szem\u00e9lyesen, telefonon vagy email-en.<br \/>\nA v\u00e1ltoztat\u00e1s jog\u00e1t fenntartjuk!\u00a0<\/span><\/b><\/p>\n<p><span style=\"color: #ffffff;\">A Nortene 1961-es megalakul\u00e1sa \u00f3ta a kerttulajdonosok, vir\u00e1gos teraszokkal \u00e9s z\u00f6ld bels\u0151 terekkel rendelkez\u0151k m\u00e1rk\u00e1ja. Alapvet\u0151 c\u00e9lja \u00e9vr\u0151l-\u00e9vre, hogy a<strong>\u00a0kertberendez\u00e9s, a kerti dekor\u00e1ci\u00f3 \u00e9s a hobby kert\u00e9szet\u00a0<\/strong>term\u00e9keivel piacvezet\u0151 legyen. K\u00edn\u00e1lata k\u00f6z\u00f6tt megtal\u00e1lhat\u00f3k az\u00a0<strong>\u00e1rny\u00e9kol\u00f3h\u00e1l\u00f3k, kerti r\u00e1csok, m\u0171f\u00fcvek, sz\u00fanyogh\u00e1l\u00f3k, t\u00e9relv\u00e1laszt\u00f3k, kert\u00e9szeti f\u00f3li\u00e1k, kar\u00f3k \u00e9s kerti dekor\u00e1ci\u00f3k.\u00a0<\/strong><\/span><\/p>\n<p><span style=\"color: #ffffff;\">A Nortene 1961-es megalakul\u00e1sa \u00f3ta a kerttulajdonosok, vir\u00e1gos teraszokkal \u00e9s z\u00f6ld bels\u0151 terekkel rendelkez\u0151k m\u00e1rk\u00e1ja. Alapvet\u0151 c\u00e9lja \u00e9vr\u0151l-\u00e9vre, hogy a<strong>\u00a0kertberendez\u00e9s, a kerti dekor\u00e1ci\u00f3 \u00e9s a hobby kert\u00e9szet\u00a0<\/strong>term\u00e9keivel piacvezet\u0151 legyen. K\u00edn\u00e1lata k\u00f6z\u00f6tt megtal\u00e1lhat\u00f3k az\u00a0<strong>\u00e1rny\u00e9kol\u00f3h\u00e1l\u00f3k, kerti r\u00e1csok, m\u0171f\u00fcvek, sz\u00fanyogh\u00e1l\u00f3k, t\u00e9relv\u00e1laszt\u00f3k, kert\u00e9szeti f\u00f3li\u00e1k, kar\u00f3k \u00e9s kerti dekor\u00e1ci\u00f3k.\u00a0<\/strong><\/span><\/p>\n<h3><span style=\"color: #ffffff;\">T\u00e1maszok, kar\u00f3k a n\u00f6v\u00e9nyek ig\u00e9nyeire szabva:<\/span><\/h3>\n<p><span style=\"color: #ffffff;\">A n\u00f6v\u00e9nygondoz\u00e1s sor\u00e1n sokszor sz\u00fcks\u00e9g van arra, hogy a n\u00f6v\u00e9nyeket kit\u00e1masszuk annak \u00e9rdek\u00e9ben, hogy a m\u00e9g gyenge n\u00f6v\u00e9ny ne hajoljanak el a saj\u00e1t s\u00falya alatt, illetve, hogy a n\u00f6veked\u00e9s\u00fck egyenesen felfel\u00e9 t\u00f6rt\u00e9njen \u00e9s ne hajoljanak el oldalra.<\/span><\/p>\n<p><span style=\"color: #ffffff;\">Mivel mindegyik n\u00f6v\u00e9ny elt\u00e9r\u0151 tulajdons\u00e1gokkal, m\u00e9retekkel \u00e9s ig\u00e9nyekkel rendelkezik, ez\u00e9rt alaposan fel kell m\u00e9rnie, hogy pontosan milyen t\u00e1maszt\u00e9kokat kell beszereznie az eredm\u00e9nyess\u00e9ghez. A neh\u00e9z sz\u00e1rral rendelkez\u0151 n\u00f6v\u00e9nyek kit\u00e1maszt\u00e1s\u00e1ra vastag, magas kar\u00f3kat \u00e9rdemes venni, melyek el\u00e9g er\u0151sek ahhoz, hogy megtarts\u00e1k \u0151ket.<\/span><\/p>\n<p><span style=\"color: #ffffff;\">A d\u00edszn\u00f6v\u00e9nyek eset\u00e9ben m\u00e1r nagyobb hangs\u00faly van a dekorat\u00edv kin\u00e9zeten, hiszen j\u00f3 es\u00e9ly van r\u00e1, hogy ezek a n\u00f6v\u00e9nyt\u00e1maszok a lak\u00e1sunkat fogj\u00e1k d\u00edsz\u00edteni, pl.: a nappaliban.\u00a0 A megfelel\u0151 m\u00e9ret\u0171, form\u00e1j\u00fa \u00e9s kialak\u00edt\u00e1s\u00fa n\u00f6v\u00e9nyt\u00e1maszok haszn\u00e1lat\u00e1val biztos\u00edthat\u00f3 a n\u00f6v\u00e9nyek eg\u00e9szs\u00e9ges , csod\u00e1s fejl\u0151d\u00e9se.<\/span><\/p>\n<h3><span id=\"Vas_\u00e9s_ac\u00e9l\" class=\"mw-headline\" style=\"color: #ffffff;\">Vas \u00e9s ac\u00e9l:<\/span><\/h3>\n<p><span style=\"color: #ffffff;\">A vas a F\u00f6ld k\u00e9rg\u00e9nek mintegy 4,7%-\u00e1t alkotja t\u00f6bb mint sz\u00e1z vas\u00e1sv\u00e1ny form\u00e1j\u00e1ban, de \u2013 a f\u00e9mek t\u00f6bbs\u00e9g\u00e9hez hasonl\u00f3an \u2013 elemi \u00e1llapotban nem tal\u00e1lhat\u00f3 meg. A vas \u00e9rc\u00e1sv\u00e1nyai k\u00f6z\u00fcl legfontosabbak az oxidok, pl: a magnetit (m\u00e1gnesvas\u00e9rc), a hematit (v\u00f6r\u00f6svas\u00e9rc), a limonit (barnavas\u00e9rc), valamint a karbon\u00e1t alap\u00fa sziderit (vasp\u00e1t). A vasat az \u00e9rcb\u0151l \u00fagy \u00e1ll\u00edtj\u00e1k el\u0151, hogy reduk\u00e1lj\u00e1k, azaz oxig\u00e9ntartalm\u00e1t elt\u00e1vol\u00edtj\u00e1k.<\/span><\/p>\n<div id=\"bodyContent\" class=\"mw-body-content\">\n<div id=\"mw-content-text\" class=\"mw-content-ltr\" dir=\"ltr\" lang=\"hu\">\n<div id=\"bodyContent\" class=\"mw-body-content\">\n<div id=\"mw-content-text\" class=\"mw-content-ltr\" dir=\"ltr\" lang=\"hu\"><\/div>\n<\/div>\n<\/div>\n<\/div>\n<p><a href=\"https:\/\/tajkertesz.com\/\">https:\/\/tajkertesz.com\/<\/a><\/p>\n<p><a href=\"https:\/\/www.facebook.com\/tajkertesz\">https:\/\/www.facebook.com\/tajkertesz<\/a><\/p>\n<p><a href=\"https:\/\/tajkertesz.com\/wp-content\/uploads\/2021\/06\/protect__szunyogirto_spiral___10_db-os_20171206.pdf\">protect__szunyogirto_spiral___10_db-os_20171206<\/a><\/p>\n<p>&nbsp;<\/p>","protected":false},"excerpt":{"rendered":"<h1 class=\"lx ly bw bk ef lz ma\" data-designsystem=\"true\" data-dmid=\"detail-page-headline-product-title\">Protect Sz\u00fanyogriaszt\u00f3 spir\u00e1l, 10 db<\/h1>\n<div class=\"ef dd dz bw bk eo\" data-dmid=\"detail-page-headline-brand-name\"><\/div>\n<p class=\"lx ly bw bk ef lz ma\" data-designsystem=\"true\" data-dmid=\"detail-page-headline-product-title\">Protect Sz\u00fanyogriaszt\u00f3 spir\u00e1l, 10 db, V\u00e9delem a szabadban &#8211; lassan izzik, \u00edgy ak\u00e1r 4 \u00f3r\u00e1n \u00e1t hat\u00e1sos.<\/p>\n<p>Kiz\u00e1r\u00f3lag szabadban (teraszon, kempingben stb.) alkalmazhat\u00f3 sz\u00fanyogok irt\u00e1s\u00e1ra.<\/p>\n<p>1 doboz 10 db spir\u00e1lt tartalmaz.<\/p>","protected":false},"featured_media":6686,"template":"","meta":{"_et_pb_use_builder":"","_et_pb_old_content":"","_et_gb_content_width":""},"product_brand":[],"product_cat":[4091],"product_tag":[1942,1941],"class_list":{"0":"post-6685","1":"product","2":"type-product","3":"status-publish","4":"has-post-thumbnail","6":"product_cat-egyeb-csapdak-riasztok","7":"product_tag-10-db","8":"product_tag-protect-szunyogriaszto-spiral","10":"first","11":"outofstock","12":"shipping-taxable","13":"product-type-simple"},"yoast_head":"<!-- This site is optimized with the Yoast SEO plugin v27.5 - https:\/\/yoast.com\/product\/yoast-seo-wordpress\/ -->\n<title>\u00a0Protect Sz\u00fanyogriaszt\u00f3 spir\u00e1l, 10 db - T\u00e1jkert\u00e9sz<\/title>\n<meta name=\"description\" content=\"Protect Sz\u00fanyogriaszt\u00f3 spir\u00e1l, 10 db, V\u00e9delem a szabadban - lassan izzik, \u00edgy ak\u00e1r 4 \u00f3r\u00e1n \u00e1t hat\u00e1sos.Kiz\u00e1r\u00f3lag szabadban (teraszon, kempingben stb.)\" \/>\n<meta name=\"robots\" content=\"index, follow, max-snippet:-1, max-image-preview:large, max-video-preview:-1\" \/>\n<link rel=\"canonical\" href=\"https:\/\/tajkertesz.com\/en_US\/product\/protect-szunyogriaszto-spiral-10-db\/\" \/>\n<meta property=\"og:locale\" content=\"en_US\" \/>\n<meta property=\"og:type\" content=\"article\" \/>\n<meta property=\"og:title\" content=\"\u00a0Protect Sz\u00fanyogriaszt\u00f3 spir\u00e1l, 10 db - T\u00e1jkert\u00e9sz\" \/>\n<meta property=\"og:description\" content=\"Protect Sz\u00fanyogriaszt\u00f3 spir\u00e1l, 10 db, V\u00e9delem a szabadban - lassan izzik, \u00edgy ak\u00e1r 4 \u00f3r\u00e1n \u00e1t hat\u00e1sos.Kiz\u00e1r\u00f3lag szabadban (teraszon, kempingben stb.)\" \/>\n<meta property=\"og:url\" content=\"https:\/\/tajkertesz.com\/en_US\/product\/protect-szunyogriaszto-spiral-10-db\/\" \/>\n<meta property=\"og:site_name\" content=\"T\u00e1jkert\u00e9sz\" \/>\n<meta property=\"article:publisher\" content=\"https:\/\/www.facebook.com\/Tajkertesz\/\" \/>\n<meta property=\"article:modified_time\" content=\"2023-02-23T08:02:38+00:00\" \/>\n<meta property=\"og:image\" content=\"https:\/\/tajkertesz.com\/wp-content\/uploads\/2021\/06\/041-001-003-0021_00.jpg\" \/>\n\t<meta property=\"og:image:width\" content=\"900\" \/>\n\t<meta property=\"og:image:height\" content=\"500\" \/>\n\t<meta property=\"og:image:type\" content=\"image\/jpeg\" \/>\n<meta name=\"twitter:card\" content=\"summary_large_image\" \/>\n<meta name=\"twitter:label1\" content=\"Est. reading time\" \/>\n\t<meta name=\"twitter:data1\" content=\"3 minutes\" \/>\n<script type=\"application\/ld+json\" class=\"yoast-schema-graph\">{\"@context\":\"https:\\\/\\\/schema.org\",\"@graph\":[{\"@type\":\"WebPage\",\"@id\":\"https:\\\/\\\/tajkertesz.com\\\/termek\\\/protect-szunyogriaszto-spiral-10-db\\\/\",\"url\":\"https:\\\/\\\/tajkertesz.com\\\/termek\\\/protect-szunyogriaszto-spiral-10-db\\\/\",\"name\":\"\u00a0Protect Sz\u00fanyogriaszt\u00f3 spir\u00e1l, 10 db - T\u00e1jkert\u00e9sz\",\"isPartOf\":{\"@id\":\"https:\\\/\\\/tajkertesz.com\\\/#website\"},\"primaryImageOfPage\":{\"@id\":\"https:\\\/\\\/tajkertesz.com\\\/termek\\\/protect-szunyogriaszto-spiral-10-db\\\/#primaryimage\"},\"image\":{\"@id\":\"https:\\\/\\\/tajkertesz.com\\\/termek\\\/protect-szunyogriaszto-spiral-10-db\\\/#primaryimage\"},\"thumbnailUrl\":\"https:\\\/\\\/tajkertesz.com\\\/wp-content\\\/uploads\\\/2021\\\/06\\\/041-001-003-0021_00.jpg\",\"datePublished\":\"2021-06-15T09:37:58+00:00\",\"dateModified\":\"2023-02-23T08:02:38+00:00\",\"description\":\"Protect Sz\u00fanyogriaszt\u00f3 spir\u00e1l, 10 db, V\u00e9delem a szabadban - lassan izzik, \u00edgy ak\u00e1r 4 \u00f3r\u00e1n \u00e1t hat\u00e1sos.Kiz\u00e1r\u00f3lag szabadban (teraszon, kempingben stb.)\",\"breadcrumb\":{\"@id\":\"https:\\\/\\\/tajkertesz.com\\\/termek\\\/protect-szunyogriaszto-spiral-10-db\\\/#breadcrumb\"},\"inLanguage\":\"en-US\",\"potentialAction\":[{\"@type\":\"ReadAction\",\"target\":[\"https:\\\/\\\/tajkertesz.com\\\/termek\\\/protect-szunyogriaszto-spiral-10-db\\\/\"]}]},{\"@type\":\"ImageObject\",\"inLanguage\":\"en-US\",\"@id\":\"https:\\\/\\\/tajkertesz.com\\\/termek\\\/protect-szunyogriaszto-spiral-10-db\\\/#primaryimage\",\"url\":\"https:\\\/\\\/tajkertesz.com\\\/wp-content\\\/uploads\\\/2021\\\/06\\\/041-001-003-0021_00.jpg\",\"contentUrl\":\"https:\\\/\\\/tajkertesz.com\\\/wp-content\\\/uploads\\\/2021\\\/06\\\/041-001-003-0021_00.jpg\",\"width\":900,\"height\":500},{\"@type\":\"BreadcrumbList\",\"@id\":\"https:\\\/\\\/tajkertesz.com\\\/termek\\\/protect-szunyogriaszto-spiral-10-db\\\/#breadcrumb\",\"itemListElement\":[{\"@type\":\"ListItem\",\"position\":1,\"name\":\"Home\",\"item\":\"https:\\\/\\\/tajkertesz.com\\\/\"},{\"@type\":\"ListItem\",\"position\":2,\"name\":\"Kezd\u0151lap\",\"item\":\"https:\\\/\\\/tajkertesz.com\\\/\"},{\"@type\":\"ListItem\",\"position\":3,\"name\":\"\u00a0Protect Sz\u00fanyogriaszt\u00f3 spir\u00e1l, 10 db\"}]},{\"@type\":\"WebSite\",\"@id\":\"https:\\\/\\\/tajkertesz.com\\\/#website\",\"url\":\"https:\\\/\\\/tajkertesz.com\\\/\",\"name\":\"T\u00e1j-Kert\u00e9sz 84 Kft.\",\"description\":\"Kert\u00e9szeti kis- \u00e9s nagykeresked\u00e9s, D\u00edszn\u00f6v\u00e9ny web\u00e1ruh\u00e1z orsz\u00e1gos h\u00e1zhozsz\u00e1ll\u00edt\u00e1ssal!\",\"publisher\":{\"@id\":\"https:\\\/\\\/tajkertesz.com\\\/#organization\"},\"potentialAction\":[{\"@type\":\"SearchAction\",\"target\":{\"@type\":\"EntryPoint\",\"urlTemplate\":\"https:\\\/\\\/tajkertesz.com\\\/?s={search_term_string}\"},\"query-input\":{\"@type\":\"PropertyValueSpecification\",\"valueRequired\":true,\"valueName\":\"search_term_string\"}}],\"inLanguage\":\"en-US\"},{\"@type\":\"Organization\",\"@id\":\"https:\\\/\\\/tajkertesz.com\\\/#organization\",\"name\":\"T\u00e1j-Kert\u00e9sz 84 Kft.\",\"url\":\"https:\\\/\\\/tajkertesz.com\\\/\",\"logo\":{\"@type\":\"ImageObject\",\"inLanguage\":\"en-US\",\"@id\":\"https:\\\/\\\/tajkertesz.com\\\/#\\\/schema\\\/logo\\\/image\\\/\",\"url\":\"https:\\\/\\\/tajkertesz.com\\\/wp-content\\\/uploads\\\/2018\\\/02\\\/logo-2-e1518678052539.png\",\"contentUrl\":\"https:\\\/\\\/tajkertesz.com\\\/wp-content\\\/uploads\\\/2018\\\/02\\\/logo-2-e1518678052539.png\",\"width\":81,\"height\":140,\"caption\":\"T\u00e1j-Kert\u00e9sz 84 Kft.\"},\"image\":{\"@id\":\"https:\\\/\\\/tajkertesz.com\\\/#\\\/schema\\\/logo\\\/image\\\/\"},\"sameAs\":[\"https:\\\/\\\/www.facebook.com\\\/Tajkertesz\\\/\"]}]}<\/script>\n<!-- \/ Yoast SEO plugin. -->","yoast_head_json":{"title":"\u00a0Protect Sz\u00fanyogriaszt\u00f3 spir\u00e1l, 10 db - T\u00e1jkert\u00e9sz","description":"Protect Sz\u00fanyogriaszt\u00f3 spir\u00e1l, 10 db, V\u00e9delem a szabadban - lassan izzik, \u00edgy ak\u00e1r 4 \u00f3r\u00e1n \u00e1t hat\u00e1sos.Kiz\u00e1r\u00f3lag szabadban (teraszon, kempingben stb.)","robots":{"index":"index","follow":"follow","max-snippet":"max-snippet:-1","max-image-preview":"max-image-preview:large","max-video-preview":"max-video-preview:-1"},"canonical":"https:\/\/tajkertesz.com\/en_US\/product\/protect-szunyogriaszto-spiral-10-db\/","og_locale":"en_US","og_type":"article","og_title":"\u00a0Protect Sz\u00fanyogriaszt\u00f3 spir\u00e1l, 10 db - T\u00e1jkert\u00e9sz","og_description":"Protect Sz\u00fanyogriaszt\u00f3 spir\u00e1l, 10 db, V\u00e9delem a szabadban - lassan izzik, \u00edgy ak\u00e1r 4 \u00f3r\u00e1n \u00e1t hat\u00e1sos.Kiz\u00e1r\u00f3lag szabadban (teraszon, kempingben stb.)","og_url":"https:\/\/tajkertesz.com\/en_US\/product\/protect-szunyogriaszto-spiral-10-db\/","og_site_name":"T\u00e1jkert\u00e9sz","article_publisher":"https:\/\/www.facebook.com\/Tajkertesz\/","article_modified_time":"2023-02-23T08:02:38+00:00","og_image":[{"width":900,"height":500,"url":"https:\/\/tajkertesz.com\/wp-content\/uploads\/2021\/06\/041-001-003-0021_00.jpg","type":"image\/jpeg"}],"twitter_card":"summary_large_image","twitter_misc":{"Est. reading time":"3 minutes"},"schema":{"@context":"https:\/\/schema.org","@graph":[{"@type":"WebPage","@id":"https:\/\/tajkertesz.com\/termek\/protect-szunyogriaszto-spiral-10-db\/","url":"https:\/\/tajkertesz.com\/termek\/protect-szunyogriaszto-spiral-10-db\/","name":"\u00a0Protect Sz\u00fanyogriaszt\u00f3 spir\u00e1l, 10 db - T\u00e1jkert\u00e9sz","isPartOf":{"@id":"https:\/\/tajkertesz.com\/#website"},"primaryImageOfPage":{"@id":"https:\/\/tajkertesz.com\/termek\/protect-szunyogriaszto-spiral-10-db\/#primaryimage"},"image":{"@id":"https:\/\/tajkertesz.com\/termek\/protect-szunyogriaszto-spiral-10-db\/#primaryimage"},"thumbnailUrl":"https:\/\/tajkertesz.com\/wp-content\/uploads\/2021\/06\/041-001-003-0021_00.jpg","datePublished":"2021-06-15T09:37:58+00:00","dateModified":"2023-02-23T08:02:38+00:00","description":"Protect Sz\u00fanyogriaszt\u00f3 spir\u00e1l, 10 db, V\u00e9delem a szabadban - lassan izzik, \u00edgy ak\u00e1r 4 \u00f3r\u00e1n \u00e1t hat\u00e1sos.Kiz\u00e1r\u00f3lag szabadban (teraszon, kempingben stb.)","breadcrumb":{"@id":"https:\/\/tajkertesz.com\/termek\/protect-szunyogriaszto-spiral-10-db\/#breadcrumb"},"inLanguage":"en-US","potentialAction":[{"@type":"ReadAction","target":["https:\/\/tajkertesz.com\/termek\/protect-szunyogriaszto-spiral-10-db\/"]}]},{"@type":"ImageObject","inLanguage":"en-US","@id":"https:\/\/tajkertesz.com\/termek\/protect-szunyogriaszto-spiral-10-db\/#primaryimage","url":"https:\/\/tajkertesz.com\/wp-content\/uploads\/2021\/06\/041-001-003-0021_00.jpg","contentUrl":"https:\/\/tajkertesz.com\/wp-content\/uploads\/2021\/06\/041-001-003-0021_00.jpg","width":900,"height":500},{"@type":"BreadcrumbList","@id":"https:\/\/tajkertesz.com\/termek\/protect-szunyogriaszto-spiral-10-db\/#breadcrumb","itemListElement":[{"@type":"ListItem","position":1,"name":"Home","item":"https:\/\/tajkertesz.com\/"},{"@type":"ListItem","position":2,"name":"Kezd\u0151lap","item":"https:\/\/tajkertesz.com\/"},{"@type":"ListItem","position":3,"name":"\u00a0Protect Sz\u00fanyogriaszt\u00f3 spir\u00e1l, 10 db"}]},{"@type":"WebSite","@id":"https:\/\/tajkertesz.com\/#website","url":"https:\/\/tajkertesz.com\/","name":"T\u00e1j-Kert\u00e9sz 84 Kft.","description":"Kert\u00e9szeti kis- \u00e9s nagykeresked\u00e9s, D\u00edszn\u00f6v\u00e9ny web\u00e1ruh\u00e1z orsz\u00e1gos h\u00e1zhozsz\u00e1ll\u00edt\u00e1ssal!","publisher":{"@id":"https:\/\/tajkertesz.com\/#organization"},"potentialAction":[{"@type":"SearchAction","target":{"@type":"EntryPoint","urlTemplate":"https:\/\/tajkertesz.com\/?s={search_term_string}"},"query-input":{"@type":"PropertyValueSpecification","valueRequired":true,"valueName":"search_term_string"}}],"inLanguage":"en-US"},{"@type":"Organization","@id":"https:\/\/tajkertesz.com\/#organization","name":"T\u00e1j-Kert\u00e9sz 84 Kft.","url":"https:\/\/tajkertesz.com\/","logo":{"@type":"ImageObject","inLanguage":"en-US","@id":"https:\/\/tajkertesz.com\/#\/schema\/logo\/image\/","url":"https:\/\/tajkertesz.com\/wp-content\/uploads\/2018\/02\/logo-2-e1518678052539.png","contentUrl":"https:\/\/tajkertesz.com\/wp-content\/uploads\/2018\/02\/logo-2-e1518678052539.png","width":81,"height":140,"caption":"T\u00e1j-Kert\u00e9sz 84 Kft."},"image":{"@id":"https:\/\/tajkertesz.com\/#\/schema\/logo\/image\/"},"sameAs":["https:\/\/www.facebook.com\/Tajkertesz\/"]}]}},"_links":{"self":[{"href":"https:\/\/tajkertesz.com\/en_US\/wp-json\/wp\/v2\/product\/6685","targetHints":{"allow":["GET"]}}],"collection":[{"href":"https:\/\/tajkertesz.com\/en_US\/wp-json\/wp\/v2\/product"}],"about":[{"href":"https:\/\/tajkertesz.com\/en_US\/wp-json\/wp\/v2\/types\/product"}],"wp:featuredmedia":[{"embeddable":true,"href":"https:\/\/tajkertesz.com\/en_US\/wp-json\/wp\/v2\/media\/6686"}],"wp:attachment":[{"href":"https:\/\/tajkertesz.com\/en_US\/wp-json\/wp\/v2\/media?parent=6685"}],"wp:term":[{"taxonomy":"product_brand","embeddable":true,"href":"https:\/\/tajkertesz.com\/en_US\/wp-json\/wp\/v2\/product_brand?post=6685"},{"taxonomy":"product_cat","embeddable":true,"href":"https:\/\/tajkertesz.com\/en_US\/wp-json\/wp\/v2\/product_cat?post=6685"},{"taxonomy":"product_tag","embeddable":true,"href":"https:\/\/tajkertesz.com\/en_US\/wp-json\/wp\/v2\/product_tag?post=6685"}],"curies":[{"name":"wp","href":"https:\/\/api.w.org\/{rel}","templated":true}]}}