{"id":6691,"date":"2021-06-15T09:46:04","date_gmt":"2021-06-15T09:46:04","guid":{"rendered":"https:\/\/tajkertesz.com\/?post_type=product&#038;p=6691"},"modified":"2026-03-16T09:52:45","modified_gmt":"2026-03-16T09:52:45","slug":"tavi-algagatlo-panzi-025-l","status":"publish","type":"product","link":"https:\/\/tajkertesz.com\/en_US\/product\/tavi-algagatlo-panzi-025-l\/","title":{"rendered":"Tavi Algag\u00e1tl\u00f3 \/Panzi\/ 0,25 l"},"content":{"rendered":"<div class=\"artdet__name-rating d-none d-lg-block\">\n<div class=\"row gutters-5\">\n<div class=\"col\">\n<h3>Tavi Algag\u00e1tl\u00f3 \/Panzi\/ 0,25 l<\/h3>\n<p>Tavi Algag\u00e1tl\u00f3 \/Panzi\/ 0,25 l, Tavi algag\u00e1tl\u00f3 k\u00e9sz\u00edtm\u00e9ny Er\u0151s \u00e9s hat\u00e9kony oldat, mely a kerti t\u00f3 t\u00falzott alg\u00e1sod\u00e1sa eset\u00e9n vethet\u0151 be.<\/p>\n<p>Egy flakonnyi szer 10 m3 v\u00edz megtiszt\u00edt\u00e1s\u00e1ra k\u00e9pes.<\/p>\n<p>Elpuszt\u00edt minden lebeg\u0151 \u00e9s fonalas z\u00f6ldalg\u00e1t, \u00e9s g\u00e1tolja \u00fajrak\u00e9pz\u0151d\u00e9s\u00fcket.<\/p>\n<p>Csak sz\u00fcks\u00e9g eset\u00e9n haszn\u00e1lhat\u00f3, tiszta v\u00edzben az alg\u00e1sod\u00e1s megel\u0151z\u00e9s\u00e9re nem alkalmas.<\/p>\n<\/div>\n<\/div>\n<\/div>\n<div><a href=\"https:\/\/www.facebook.com\/tajkertesz\">https:\/\/www.facebook.com\/tajkertesz<\/a><\/div>\n<div>\n<p><a href=\"https:\/\/tajkertesz.com\/\">https:\/\/tajkertesz.com\/<\/a><\/p>\n<\/div>\n<div><a href=\"https:\/\/tajkertesz.com\/wp-content\/uploads\/2021\/06\/tavi_algagatlo_panzi_025_20150518.pdf\">tavi_algagatlo_panzi_025_20150518<\/a><\/div>\n<h3><span style=\"color: #ffffff;\">\u00d6nt\u00f6z\u00e9s :<\/span><\/h3>\n<p><span style=\"color: #ffffff;\">Az\u00a0<b>\u00f6nt\u00f6z\u00e9s<\/b> a talaj nedvess\u00e9gtartalm\u00e1nak mesters\u00e9ges \u00faton t\u00f6rt\u00e9n\u0151 szab\u00e1lyoz\u00e1s\u00e1t, p\u00f3tl\u00e1s\u00e1t jelenti. Az \u00f6nt\u00f6z\u00e9st \u00e1ltal\u00e1ban sz\u00e1raz ter\u00fcleteken, a mez\u0151gazdas\u00e1gi term\u00e9kek n\u00f6veked\u00e9s\u00e9nek el\u0151mozd\u00edt\u00e1s\u00e1ra, valamint a csapad\u00e9kszeg\u00e9ny id\u0151szakokban alkalmazz\u00e1k. Az \u00f6nt\u00f6z\u00e9snek tov\u00e1bbi szerepei is vannak a n\u00f6v\u00e9nytermeszt\u00e9sben, ilyen p\u00e9ld\u00e1ul a n\u00f6v\u00e9nyek v\u00e9delme a fagy ellen,<sup id=\"cite_ref-1\" class=\"reference\"><\/sup> a gabonatermeszt\u00e9sben a gyomn\u00f6v\u00e9nyek elfojt\u00e1sa,<sup id=\"cite_ref-2\" class=\"reference\"><\/sup>\u00a0valamint a talaj t\u00f6m\u00f6r\u00edt\u00e9s\u00e9nek el\u0151seg\u00edt\u00e9se.<sup id=\"cite_ref-3\" class=\"reference\"><\/sup>Az \u00f6nt\u00f6z\u00e9ses gazd\u00e1lkod\u00e1ssal szemben, a k\u00f6zvetlen es\u0151z\u00e9seken alapul\u00f3 gazd\u00e1lkod\u00e1st csapad\u00e9kra \u00e9p\u00fcl\u0151 mez\u0151gazdas\u00e1gnak h\u00edvjuk. Az \u00f6nt\u00f6z\u00e9st igen gyakran a v\u00edzelvezet\u00e9ssel egy\u00fctt kezelik, mely a felsz\u00edni vagy a felsz\u00edn alatti vizek term\u00e9szetes vagy mesters\u00e9ges elvezet\u00e9s\u00e9t jelenti.<\/span><\/p>\n<h2><span id=\"Az_\u00f6nt\u00f6z\u00e9s_fajt\u00e1i\" class=\"mw-headline\" style=\"color: #ffffff;\">Az \u00f6nt\u00f6z\u00e9s fajt\u00e1i:<\/span><\/h2>\n<p><span style=\"color: #ffffff;\">Az \u00f6nt\u00f6z\u00e9si rendszereket a v\u00edz kiemel\u00e9s\u00e9nek m\u00f3dja \u00e9s a mez\u0151gazdas\u00e1gi ter\u00fcletre juttat\u00e1s\u00e1nak mik\u00e9ntje szerint k\u00fcl\u00f6nb\u00f6ztetj\u00fck meg. Az \u00e1ltal\u00e1nos c\u00e9l az, hogy a v\u00edz egyenletesen jusson a teljes \u00f6nt\u00f6z\u00f6tt ter\u00fcletre, vagyis minden n\u00f6v\u00e9ny ig\u00e9ny\u00e9nek megfelel\u0151en, se t\u00fal sok, se t\u00fal kev\u00e9s vizet ne kapjon.<\/span><\/p>\n<h3><span style=\"color: #ffffff;\"><span id=\"Fel.C3.BCleti_.C3.B6nt.C3.B6z.C3.A9s\"><\/span><span id=\"Fel\u00fcleti_\u00f6nt\u00f6z\u00e9s\" class=\"mw-headline\">Fel\u00fcleti \u00f6nt\u00f6z\u00e9s<\/span><\/span><\/h3>\n<div class=\"thumb tright\">\n<div class=\"thumbinner\">\n<div class=\"thumbcaption\">\n<div class=\"magnify\"><span style=\"color: #ffffff;\">B\u00faza \u00e1raszt\u00e1sos \u00f6nt\u00f6z\u00e9se<\/span><\/div>\n<\/div>\n<\/div>\n<\/div>\n<p><span style=\"color: #ffffff;\">A fel\u00fcleti \u00f6nt\u00f6z\u0151rendszerek eset\u00e9ben a v\u00edz gravit\u00e1ci\u00f3s \u00faton \u00e1ramlik \u00e9s ker\u00fcl be a talajba. V\u00e1ltozatai: \u00e1raszt\u00e1sos, cs\u00f6rgedeztet\u0151, s\u00e1vos cs\u00f6rgedeztet\u0151, bar\u00e1zd\u00e1s, m\u00e9lybar\u00e1zd\u00e1s.<sup id=\"cite_ref-18\" class=\"reference\"><\/sup>\u00a0Amikor az \u00f6nt\u00f6z\u00f6tt ter\u00fclet a m\u0171velt f\u00f6ldter\u00fclet teljes vagy csaknem teljes el\u00e1raszt\u00e1s\u00e1val j\u00e1r, a m\u00f3dszert \u00e1raszt\u00e1sos \u00f6nt\u00f6z\u00e9snek nevezik. A t\u00f6rt\u00e9nelem sor\u00e1n ez volt a mez\u0151gazdas\u00e1gilag m\u0171velt ter\u00fcletek \u00f6nt\u00f6z\u00e9s\u00e9nek leg\u00e1ltal\u00e1nosabban haszn\u00e1lt m\u00f3dszere.<\/span><\/p>\n<p><span style=\"color: #ffffff;\">Ahol az \u00f6nt\u00f6z\u0151v\u00edz forr\u00e1sa megengedi, a v\u00edz szintj\u00e9t g\u00e1tokkal szab\u00e1lyozz\u00e1k, melyeket \u00e1ltal\u00e1ban f\u00f6lddel torlaszolnak el. Ez j\u00f3l megfigyelhet\u0151 a teraszos m\u0171vel\u00e9s\u0171 rizsf\u00f6ldeken, melyekn\u00e9l az egyes parcell\u00e1k v\u00edzszintj\u00e9t g\u00e1takkal k\u00fcl\u00f6n-k\u00fcl\u00f6n szab\u00e1lyozz\u00e1k. Bizonyos esetekben emberi vagy \u00e1llati er\u0151vel emelik, szivatty\u00fazz\u00e1k a vizet magasabb ter\u00fcletekre.<\/span><\/p>\n<h3><span style=\"color: #ffffff;\"><span id=\"Lokaliz.C3.A1lt_.C3.B6nt.C3.B6z.C3.A9s\"><\/span><span id=\"Lokaliz\u00e1lt_\u00f6nt\u00f6z\u00e9s\" class=\"mw-headline\">Lokaliz\u00e1lt \u00f6nt\u00f6z\u00e9s<\/span><\/span><\/h3>\n<p><span style=\"color: #ffffff;\">A lokaliz\u00e1lt \u00f6nt\u00f6z\u0151rendszerekn\u00e9l a v\u00edz kisnyom\u00e1s\u00fa cs\u0151h\u00e1l\u00f3zaton jut el az \u00f6nt\u00f6z\u00e9s hely\u00e9re, k\u00f6zvetlen\u00fcl a n\u00f6v\u00e9nyekhez. Ebbe a kateg\u00f3ri\u00e1ba tartozik a csepegtet\u0151 \u00f6nt\u00f6z\u00e9s, a mikrosz\u00f3r\u00f3s \u00f6nt\u00f6z\u00e9s.<\/span><\/p>\n<h4><span style=\"color: #ffffff;\"><span id=\"Csepegtet.C5.91_.C3.B6nt.C3.B6z.C3.A9s\"><\/span><span id=\"Csepegtet\u0151_\u00f6nt\u00f6z\u00e9s\" class=\"mw-headline\">Csepegtet\u0151 \u00f6nt\u00f6z\u00e9s<\/span><\/span><\/h4>\n<p><span style=\"color: #ffffff;\">A csepegtet\u0151 \u00f6nt\u00f6z\u00e9s sor\u00e1n \u2013 mint arra neve is utal \u2013 a v\u00edz cseppenk\u00e9nt jut el, k\u00f6zvetlen\u00fcl a n\u00f6v\u00e9nyek gy\u00f6ker\u00e9hez. V\u00edzfelhaszn\u00e1l\u00e1s szempontj\u00e1b\u00f3l val\u00f3sz\u00edn\u0171leg ez a leghat\u00e9konyabb \u00f6nt\u00f6z\u00e9si m\u00f3dszer, mivel a p\u00e1rolg\u00e1si \u00e9s lefoly\u00e1si vesztes\u00e9g minim\u00e1lis. Napjaink korszer\u0171 mez\u0151gazdas\u00e1gi technol\u00f3gi\u00e1iban a csepegtet\u0151 \u00f6nt\u00f6z\u00e9st talajtakar\u00e1ssal,mulcsoz\u00e1ssal egy\u00fctt is alkalmazz\u00e1k, tov\u00e1bb\u00e1 a m\u0171tr\u00e1gya kijuttat\u00e1s\u00e1ra is haszn\u00e1lhatj\u00e1k. A csepegtet\u0151 \u00f6nt\u00f6z\u00e9st emellett gyakran haszn\u00e1lj\u00e1k \u00fcvegh\u00e1zak \u00e9s h\u00e1zi kertek \u00f6nt\u00f6z\u00e9se c\u00e9lj\u00e1b\u00f3l is.<sup id=\"cite_ref-20\" class=\"reference\"><\/sup><sup id=\"cite_ref-21\" class=\"reference\"><\/sup> Ennek oka \u00e1ltal\u00e1ban az, hogy a csepegtet\u0151 rendszer k\u00f6nnyen be\u00e1ll\u00edthat\u00f3 egyes n\u00f6v\u00e9nyek elt\u00e9r\u0151 v\u00edzig\u00e9ny\u00e9nek kiszolg\u00e1l\u00e1s\u00e1ra is. A kertek \u00f6nt\u00f6z\u00e9s\u00e9hez csepegtet\u0151 \u00f6nt\u00f6z\u0151 k\u00e9szletek v\u00e1s\u00e1rolhat\u00f3ak, amelyeknek r\u00e9sze az id\u0151z\u00edt\u0151, a t\u00f6ml\u0151 \u00e9s az adagol\u00f3. Vir\u00e1gcserepek, vir\u00e1g\u00e1gy\u00e1sok \u00f6nt\u00f6z\u00e9s\u00e9hez speci\u00e1lis 4 millim\u00e9ter \u00e1tm\u00e9r\u0151j\u0171 t\u00f6ml\u0151ket haszn\u00e1lnak. Az ilyen rendszerek gyakran l\u00e1tnak el v\u00edzzel cserjefel\u00fcleteket \u00e9s s\u00f6v\u00e9nyeket, konyhakerteket \u00e9s z\u00f6lds\u00e9geskerteket.<\/span><\/p>\n<h3><span style=\"color: #ffffff;\"><span id=\"Es.C5.91szer.C5.B1_.28vagy_es.C5.91ztet.C5.91.29_.C3.B6nt.C3.B6z.C3.A9s\"><\/span><span id=\"Es\u0151szer\u0171_(vagy_es\u0151ztet\u0151)_\u00f6nt\u00f6z\u00e9s\" class=\"mw-headline\">Es\u0151szer\u0171 (vagy es\u0151ztet\u0151) \u00f6nt\u00f6z\u00e9s<\/span><\/span><\/h3>\n<div class=\"thumb tright\">\n<div class=\"thumbinner\">\n<div class=\"thumbcaption\">\n<div class=\"magnify\"><span style=\"color: #ffffff;\">\u00c1fonya es\u0151ztet\u0151 \u00f6nt\u00f6z\u00e9se a New York \u00e1llambeli Plainville-ben<\/span><\/div>\n<\/div>\n<\/div>\n<\/div>\n<p><span style=\"color: #ffffff;\">Az es\u0151ztet\u0151 \u00f6nt\u00f6z\u00e9sn\u00e9l az \u00f6nt\u00f6z\u00f6tt mez\u0151n a vizet egy vagy t\u00f6bb eloszt\u00f3helyre szivatty\u00fazz\u00e1k, ahonnan nagynyom\u00e1s\u00fa \u00f6nt\u00f6z\u0151fejek vagy v\u00edz\u00e1gy\u00fak juttatj\u00e1k ki a n\u00f6v\u00e9nyekre. Az ilyen, sz\u00f3r\u00f3fejekb\u0151l, es\u0151ztet\u0151kb\u0151l, v\u00edz\u00e1gy\u00fakb\u00f3l \u00e1ll\u00f3 rendszereket fix telep\u00edt\u00e9s\u0171 \u00f6nt\u00f6z\u0151rendszereknek is nevezik. A sz\u00f3r\u00f3fejek elrendez\u00e9s\u00e9t k\u00f6t\u00e9snek nevezik. A k\u00f6t\u00e9s t\u00f6bbf\u00e9le \u2013 n\u00e9gyzet, h\u00e1romsz\u00f6g, t\u00e9glalap \u2013 alak\u00fa lehet. Mivel a sz\u00f3r\u00f3fejek k\u00f6r vagy k\u00f6rcikk alak\u00fa alak\u00fa fel\u00fclet \u00f6nt\u00f6z\u00e9s\u00e9re k\u00e9pesek, ez\u00e9rt az \u00f6nt\u00f6z\u00e9ssel ell\u00e1tott ter\u00fcleten \u00e1tfed\u00e9sek alakulnak ki. A hat\u00e9kony es\u0151szer\u0171 \u00f6nt\u00f6z\u00e9shez a v\u00edzmennyis\u00e9get \u00e1ltal\u00e1ban a ter\u00fcleten tal\u00e1lhat\u00f3 2-3 domin\u00e1ns n\u00f6v\u00e9nyfajta ig\u00e9nyei alapj\u00e1n hat\u00e1rozz\u00e1k meg.<sup id=\"cite_ref-23\" class=\"reference\"><\/sup><\/span><\/p>\n<p><span style=\"color: #ffffff;\">A nagynyom\u00e1s\u00fa \u00f6nt\u00f6z\u0151fejeket mechanikus \u00faton a v\u00edz nyom\u00e1sa forgatja k\u00f6r vagy k\u00f6rcikk alakban. A v\u00edz\u00e1gy\u00fak a nagynyom\u00e1s\u00fa fejekhez hasonl\u00f3ak, \u00e1m \u00e1ltal\u00e1ban sokkal nagyobb (275\u2013900 kPa) nyom\u00e1son \u00fczemelnek \u00e9s v\u00edzsz\u00e1ll\u00edt\u00e1suk el\u00e9rheti a 3\u201376\u00a0l\/s \u00e9rt\u00e9ket, f\u00fav\u00f3k\u00e1juk \u00e1tm\u00e9r\u0151je 10\u201350\u00a0mm lehet.<\/span><\/p>\n<p><span style=\"color: #ffffff;\">Az \u00f6nt\u00f6z\u0151fejeket a v\u00edzh\u00e1l\u00f3zatra cs\u00f6v\u00f6n \u00e1t kapcsol\u00f3d\u00f3 mozg\u00f3 rendszerekre is felszerelhetik. Az ilyen, sz\u00e1rnyvezet\u00e9knek nevezett rendszerek fel\u00fcgyelet n\u00e9lk\u00fcl k\u00e9pesek mez\u00f3gazdas\u00e1gi ter\u00fcletek, sportp\u00e1ly\u00e1k, parkok, legel\u0151k \u00f6nt\u00f6z\u00e9s\u00e9re. A legegyszer\u0171bb g\u00e9pi mozgat\u00e1s\u00fa \u00f6nt\u00f6z\u0151 berendez\u00e9s a vontathat\u00f3 sz\u00e1rnyvezet\u00e9k. A rendszert hosszir\u00e1nyban \u00faj \u00f6nt\u00f6z\u0151\u00e1ll\u00e1sba vontatj\u00e1k, \u00e9s itt csatlakoztatj\u00e1k a f\u0151vezet\u00e9kre. A hazai gyakorlat szerint 24 vagy 36 m\u00e9terenk\u00e9nt csatlakoznak a f\u0151vezet\u00e9khez.<sup id=\"cite_ref-24\" class=\"reference\"><\/sup><\/span><\/p>\n<p><span style=\"color: #ffffff;\">A j\u00e1rva \u00fczemel\u0151 \u00f6nt\u00f6z\u0151berendez\u00e9sek egyik csoportja a cs\u00e9v\u00e9lhet\u0151 t\u00f6ml\u0151s sz\u00e1rnyvezet\u00e9kek, ezekn\u00e9l a sz\u00f3r\u00f3fej folyamatos halad\u00f3 mozg\u00e1s k\u00f6zben is k\u00e9pes a v\u00edz adagol\u00e1s\u00e1ra. F\u0151 r\u00e9sze a 250-450\u00a0m hossz\u00fa, kem\u00e9ny polietil\u00e9n t\u00f6ml\u0151. Ennek hossza hat\u00e1rozza meg a sz\u00e1rnyvezet\u00e9kkel \u00f6nt\u00f6zhet\u0151 s\u00e1v hossz\u00e1t \u00e9s bizonyos m\u00e9rt\u00e9kben sz\u00e9less\u00e9g\u00e9t is. M\u0171k\u00f6d\u00e9s k\u00f6zben a t\u00f6ml\u0151 egy dobra cs\u00e9v\u00e9l\u0151dik fel. A dob forgat\u00e1s\u00e1t hidromotor v\u00e9gzi.<\/span><\/p>\n<p><span style=\"color: #ffffff;\">R\u00e9gebbi technol\u00f3gi\u00e1t k\u00e9pez az a megold\u00e1s, melyn\u00e9l a sz\u00e1rnyvezet\u00e9ket egy k\u00e1bellel vontatj\u00e1k v\u00e9gig az \u00f6nt\u00f6zend\u0151 ter\u00fcleten, a v\u00edzell\u00e1t\u00e1st biztos\u00edt\u00f3 hajl\u00e9kony gumit\u00f6ml\u0151t az \u00f6nt\u00f6z\u0151berendez\u00e9s h\u00fazza maga ut\u00e1n.<\/span><\/p>\n<p><span style=\"color: #ffffff;\">Az es\u0151szer\u0171 \u00f6nt\u00f6z\u00e9s egyes esetekben kisebb ter\u00fcleteken, \u00edgy h\u00e1zi kertek \u00f6nt\u00f6z\u00e9sekor is hat\u00e9kony megold\u00e1s, amennyiben a rendszer m\u0171k\u00f6d\u00e9s\u00e9t az adott viszonyok (n\u00f6v\u00e9nyfajt\u00e1k ig\u00e9nyei, talajt\u00edpus, kl\u00edma, id\u0151j\u00e1r\u00e1s stb.) alapj\u00e1n r\u00e9szletesen megtervezik. A technik\u00e1t emellett gyakran alkalmazz\u00e1k parkok \u00f6nt\u00f6z\u00e9sre is.<\/span><\/p>\n<p>&nbsp;<\/p>\n<h4><\/h4>","protected":false},"excerpt":{"rendered":"<div class=\"artdet__name-rating d-none d-lg-block\">\n<div class=\"row gutters-5\">\n<div class=\"col\">\n<div class=\"artdet__name-rating d-none d-lg-block\">\n<div class=\"row gutters-5\">\n<div class=\"col\">\n<div class=\"artdet__name-rating d-none d-lg-block\">\n<div class=\"row gutters-5\">\n<div class=\"col\">\n<div class=\"artdet__name-rating d-none d-lg-block\">\n<div class=\"row gutters-5\">\n<div class=\"col\">\n<div class=\"artdet__name-rating d-none d-lg-block\">\n<div class=\"row gutters-5\">\n<div class=\"col\">\n<div class=\"artdet__name-rating d-none d-lg-block\">\n<div class=\"row gutters-5\">\n<div class=\"col\">\n<div class=\"artdet__name-rating d-none d-lg-block\">\n<div class=\"row gutters-5\">\n<div class=\"col\">\n<div class=\"artdet__name-rating d-none d-lg-block\">\n<div class=\"row gutters-5\">\n<div class=\"col\">\n<div class=\"artdet__name-rating d-none d-lg-block\">\n<div class=\"row gutters-5\">\n<div class=\"col\">\n<div class=\"artdet__name-rating d-none d-lg-block\">\n<div class=\"row gutters-5\">\n<div class=\"col\">\n<div class=\"artdet__name-rating d-none d-lg-block\">\n<div class=\"row gutters-5\">\n<div class=\"col\">\n<div class=\"artdet__name-rating d-none d-lg-block\">\n<div class=\"row gutters-5\">\n<div class=\"col\">\n<h3>Tavi Algag\u00e1tl\u00f3 \/Panzi\/ 0,25 l<\/h3>\n<p>Tavi Algag\u00e1tl\u00f3 \/Panzi\/ 0,25 l, Tavi algag\u00e1tl\u00f3 k\u00e9sz\u00edtm\u00e9ny Er\u0151s \u00e9s hat\u00e9kony oldat, mely a kerti t\u00f3 t\u00falzott alg\u00e1sod\u00e1sa eset\u00e9n vethet\u0151 be.<\/p>\n<p>Egy flakonnyi szer 10 m3 v\u00edz megtiszt\u00edt\u00e1s\u00e1ra k\u00e9pes.<\/p>\n<p>Elpuszt\u00edt minden lebeg\u0151 \u00e9s fonalas z\u00f6ldalg\u00e1t, \u00e9s g\u00e1tolja \u00fajrak\u00e9pz\u0151d\u00e9s\u00fcket.<\/p>\n<p>Csak sz\u00fcks\u00e9g eset\u00e9n haszn\u00e1lhat\u00f3, tiszta v\u00edzben az alg\u00e1sod\u00e1s megel\u0151z\u00e9s\u00e9re nem alkalmas.<\/p>\n<\/div>\n<\/div>\n<\/div>\n<\/div>\n<\/div>\n<\/div>\n<\/div>\n<\/div>\n<\/div>\n<\/div>\n<\/div>\n<\/div>\n<\/div>\n<\/div>\n<\/div>\n<\/div>\n<\/div>\n<\/div>\n<\/div>\n<\/div>\n<\/div>\n<\/div>\n<\/div>\n<\/div>\n<\/div>\n<\/div>\n<\/div>\n<\/div>\n<\/div>\n<\/div>\n<\/div>\n<\/div>\n<\/div>\n<\/div>\n<\/div>\n<\/div>","protected":false},"featured_media":6692,"template":"","meta":{"_et_pb_use_builder":"","_et_pb_old_content":"","_et_gb_content_width":""},"product_brand":[],"product_cat":[1644],"product_tag":[1946],"class_list":{"0":"post-6691","1":"product","2":"type-product","3":"status-publish","4":"has-post-thumbnail","6":"product_cat-kerti-to-karbantartas","7":"product_tag-tavi-algagatlo-panzi","9":"first","10":"instock","11":"shipping-taxable","12":"purchasable","13":"product-type-simple"},"yoast_head":"<!-- This site is optimized with the Yoast SEO plugin v27.5 - https:\/\/yoast.com\/product\/yoast-seo-wordpress\/ -->\n<title>Tavi Algag\u00e1tl\u00f3 \/Panzi\/ 0,25 l - T\u00e1jkert\u00e9sz<\/title>\n<meta name=\"description\" content=\"Tavi Algag\u00e1tl\u00f3 \/Panzi\/ 0,25 l, Tavi algag\u00e1tl\u00f3 k\u00e9sz\u00edtm\u00e9ny Er\u0151s \u00e9s hat\u00e9kony oldat, mely a kerti t\u00f3 t\u00falzott alg\u00e1sod\u00e1sa eset\u00e9n vethet\u0151 be\" \/>\n<meta name=\"robots\" content=\"index, follow, max-snippet:-1, max-image-preview:large, max-video-preview:-1\" \/>\n<link rel=\"canonical\" href=\"https:\/\/tajkertesz.com\/en_US\/product\/tavi-algagatlo-panzi-025-l\/\" \/>\n<meta property=\"og:locale\" content=\"en_US\" \/>\n<meta property=\"og:type\" content=\"article\" \/>\n<meta property=\"og:title\" content=\"Tavi Algag\u00e1tl\u00f3 \/Panzi\/ 0,25 l - T\u00e1jkert\u00e9sz\" \/>\n<meta property=\"og:description\" content=\"Tavi Algag\u00e1tl\u00f3 \/Panzi\/ 0,25 l, Tavi algag\u00e1tl\u00f3 k\u00e9sz\u00edtm\u00e9ny Er\u0151s \u00e9s hat\u00e9kony oldat, mely a kerti t\u00f3 t\u00falzott alg\u00e1sod\u00e1sa eset\u00e9n vethet\u0151 be\" \/>\n<meta property=\"og:url\" content=\"https:\/\/tajkertesz.com\/en_US\/product\/tavi-algagatlo-panzi-025-l\/\" \/>\n<meta property=\"og:site_name\" content=\"T\u00e1jkert\u00e9sz\" \/>\n<meta property=\"article:publisher\" content=\"https:\/\/www.facebook.com\/Tajkertesz\/\" \/>\n<meta property=\"article:modified_time\" content=\"2026-03-16T09:52:45+00:00\" \/>\n<meta property=\"og:image\" content=\"https:\/\/tajkertesz.com\/wp-content\/uploads\/2021\/06\/panzi-tavi-algagatlo-250ml.jpg\" \/>\n\t<meta property=\"og:image:width\" content=\"250\" \/>\n\t<meta property=\"og:image:height\" content=\"250\" \/>\n\t<meta property=\"og:image:type\" content=\"image\/jpeg\" \/>\n<meta name=\"twitter:card\" content=\"summary_large_image\" \/>\n<meta name=\"twitter:label1\" content=\"Est. reading time\" \/>\n\t<meta name=\"twitter:data1\" content=\"5 minutes\" \/>\n<script type=\"application\/ld+json\" class=\"yoast-schema-graph\">{\"@context\":\"https:\\\/\\\/schema.org\",\"@graph\":[{\"@type\":\"WebPage\",\"@id\":\"https:\\\/\\\/tajkertesz.com\\\/termek\\\/tavi-algagatlo-panzi-025-l\\\/\",\"url\":\"https:\\\/\\\/tajkertesz.com\\\/termek\\\/tavi-algagatlo-panzi-025-l\\\/\",\"name\":\"Tavi Algag\u00e1tl\u00f3 \\\/Panzi\\\/ 0,25 l - T\u00e1jkert\u00e9sz\",\"isPartOf\":{\"@id\":\"https:\\\/\\\/tajkertesz.com\\\/#website\"},\"primaryImageOfPage\":{\"@id\":\"https:\\\/\\\/tajkertesz.com\\\/termek\\\/tavi-algagatlo-panzi-025-l\\\/#primaryimage\"},\"image\":{\"@id\":\"https:\\\/\\\/tajkertesz.com\\\/termek\\\/tavi-algagatlo-panzi-025-l\\\/#primaryimage\"},\"thumbnailUrl\":\"https:\\\/\\\/tajkertesz.com\\\/wp-content\\\/uploads\\\/2021\\\/06\\\/panzi-tavi-algagatlo-250ml.jpg\",\"datePublished\":\"2021-06-15T09:46:04+00:00\",\"dateModified\":\"2026-03-16T09:52:45+00:00\",\"description\":\"Tavi Algag\u00e1tl\u00f3 \\\/Panzi\\\/ 0,25 l, Tavi algag\u00e1tl\u00f3 k\u00e9sz\u00edtm\u00e9ny Er\u0151s \u00e9s hat\u00e9kony oldat, mely a kerti t\u00f3 t\u00falzott alg\u00e1sod\u00e1sa eset\u00e9n vethet\u0151 be\",\"breadcrumb\":{\"@id\":\"https:\\\/\\\/tajkertesz.com\\\/termek\\\/tavi-algagatlo-panzi-025-l\\\/#breadcrumb\"},\"inLanguage\":\"en-US\",\"potentialAction\":[{\"@type\":\"ReadAction\",\"target\":[\"https:\\\/\\\/tajkertesz.com\\\/termek\\\/tavi-algagatlo-panzi-025-l\\\/\"]}]},{\"@type\":\"ImageObject\",\"inLanguage\":\"en-US\",\"@id\":\"https:\\\/\\\/tajkertesz.com\\\/termek\\\/tavi-algagatlo-panzi-025-l\\\/#primaryimage\",\"url\":\"https:\\\/\\\/tajkertesz.com\\\/wp-content\\\/uploads\\\/2021\\\/06\\\/panzi-tavi-algagatlo-250ml.jpg\",\"contentUrl\":\"https:\\\/\\\/tajkertesz.com\\\/wp-content\\\/uploads\\\/2021\\\/06\\\/panzi-tavi-algagatlo-250ml.jpg\",\"width\":250,\"height\":250},{\"@type\":\"BreadcrumbList\",\"@id\":\"https:\\\/\\\/tajkertesz.com\\\/termek\\\/tavi-algagatlo-panzi-025-l\\\/#breadcrumb\",\"itemListElement\":[{\"@type\":\"ListItem\",\"position\":1,\"name\":\"Home\",\"item\":\"https:\\\/\\\/tajkertesz.com\\\/\"},{\"@type\":\"ListItem\",\"position\":2,\"name\":\"Kezd\u0151lap\",\"item\":\"https:\\\/\\\/tajkertesz.com\\\/\"},{\"@type\":\"ListItem\",\"position\":3,\"name\":\"Tavi Algag\u00e1tl\u00f3 \\\/Panzi\\\/ 0,25 l\"}]},{\"@type\":\"WebSite\",\"@id\":\"https:\\\/\\\/tajkertesz.com\\\/#website\",\"url\":\"https:\\\/\\\/tajkertesz.com\\\/\",\"name\":\"T\u00e1j-Kert\u00e9sz 84 Kft.\",\"description\":\"Kert\u00e9szeti kis- \u00e9s nagykeresked\u00e9s, D\u00edszn\u00f6v\u00e9ny web\u00e1ruh\u00e1z orsz\u00e1gos h\u00e1zhozsz\u00e1ll\u00edt\u00e1ssal!\",\"publisher\":{\"@id\":\"https:\\\/\\\/tajkertesz.com\\\/#organization\"},\"potentialAction\":[{\"@type\":\"SearchAction\",\"target\":{\"@type\":\"EntryPoint\",\"urlTemplate\":\"https:\\\/\\\/tajkertesz.com\\\/?s={search_term_string}\"},\"query-input\":{\"@type\":\"PropertyValueSpecification\",\"valueRequired\":true,\"valueName\":\"search_term_string\"}}],\"inLanguage\":\"en-US\"},{\"@type\":\"Organization\",\"@id\":\"https:\\\/\\\/tajkertesz.com\\\/#organization\",\"name\":\"T\u00e1j-Kert\u00e9sz 84 Kft.\",\"url\":\"https:\\\/\\\/tajkertesz.com\\\/\",\"logo\":{\"@type\":\"ImageObject\",\"inLanguage\":\"en-US\",\"@id\":\"https:\\\/\\\/tajkertesz.com\\\/#\\\/schema\\\/logo\\\/image\\\/\",\"url\":\"https:\\\/\\\/tajkertesz.com\\\/wp-content\\\/uploads\\\/2018\\\/02\\\/logo-2-e1518678052539.png\",\"contentUrl\":\"https:\\\/\\\/tajkertesz.com\\\/wp-content\\\/uploads\\\/2018\\\/02\\\/logo-2-e1518678052539.png\",\"width\":81,\"height\":140,\"caption\":\"T\u00e1j-Kert\u00e9sz 84 Kft.\"},\"image\":{\"@id\":\"https:\\\/\\\/tajkertesz.com\\\/#\\\/schema\\\/logo\\\/image\\\/\"},\"sameAs\":[\"https:\\\/\\\/www.facebook.com\\\/Tajkertesz\\\/\"]}]}<\/script>\n<!-- \/ Yoast SEO plugin. -->","yoast_head_json":{"title":"Tavi Algag\u00e1tl\u00f3 \/Panzi\/ 0,25 l - T\u00e1jkert\u00e9sz","description":"Tavi Algag\u00e1tl\u00f3 \/Panzi\/ 0,25 l, Tavi algag\u00e1tl\u00f3 k\u00e9sz\u00edtm\u00e9ny Er\u0151s \u00e9s hat\u00e9kony oldat, mely a kerti t\u00f3 t\u00falzott alg\u00e1sod\u00e1sa eset\u00e9n vethet\u0151 be","robots":{"index":"index","follow":"follow","max-snippet":"max-snippet:-1","max-image-preview":"max-image-preview:large","max-video-preview":"max-video-preview:-1"},"canonical":"https:\/\/tajkertesz.com\/en_US\/product\/tavi-algagatlo-panzi-025-l\/","og_locale":"en_US","og_type":"article","og_title":"Tavi Algag\u00e1tl\u00f3 \/Panzi\/ 0,25 l - T\u00e1jkert\u00e9sz","og_description":"Tavi Algag\u00e1tl\u00f3 \/Panzi\/ 0,25 l, Tavi algag\u00e1tl\u00f3 k\u00e9sz\u00edtm\u00e9ny Er\u0151s \u00e9s hat\u00e9kony oldat, mely a kerti t\u00f3 t\u00falzott alg\u00e1sod\u00e1sa eset\u00e9n vethet\u0151 be","og_url":"https:\/\/tajkertesz.com\/en_US\/product\/tavi-algagatlo-panzi-025-l\/","og_site_name":"T\u00e1jkert\u00e9sz","article_publisher":"https:\/\/www.facebook.com\/Tajkertesz\/","article_modified_time":"2026-03-16T09:52:45+00:00","og_image":[{"width":250,"height":250,"url":"https:\/\/tajkertesz.com\/wp-content\/uploads\/2021\/06\/panzi-tavi-algagatlo-250ml.jpg","type":"image\/jpeg"}],"twitter_card":"summary_large_image","twitter_misc":{"Est. reading time":"5 minutes"},"schema":{"@context":"https:\/\/schema.org","@graph":[{"@type":"WebPage","@id":"https:\/\/tajkertesz.com\/termek\/tavi-algagatlo-panzi-025-l\/","url":"https:\/\/tajkertesz.com\/termek\/tavi-algagatlo-panzi-025-l\/","name":"Tavi Algag\u00e1tl\u00f3 \/Panzi\/ 0,25 l - T\u00e1jkert\u00e9sz","isPartOf":{"@id":"https:\/\/tajkertesz.com\/#website"},"primaryImageOfPage":{"@id":"https:\/\/tajkertesz.com\/termek\/tavi-algagatlo-panzi-025-l\/#primaryimage"},"image":{"@id":"https:\/\/tajkertesz.com\/termek\/tavi-algagatlo-panzi-025-l\/#primaryimage"},"thumbnailUrl":"https:\/\/tajkertesz.com\/wp-content\/uploads\/2021\/06\/panzi-tavi-algagatlo-250ml.jpg","datePublished":"2021-06-15T09:46:04+00:00","dateModified":"2026-03-16T09:52:45+00:00","description":"Tavi Algag\u00e1tl\u00f3 \/Panzi\/ 0,25 l, Tavi algag\u00e1tl\u00f3 k\u00e9sz\u00edtm\u00e9ny Er\u0151s \u00e9s hat\u00e9kony oldat, mely a kerti t\u00f3 t\u00falzott alg\u00e1sod\u00e1sa eset\u00e9n vethet\u0151 be","breadcrumb":{"@id":"https:\/\/tajkertesz.com\/termek\/tavi-algagatlo-panzi-025-l\/#breadcrumb"},"inLanguage":"en-US","potentialAction":[{"@type":"ReadAction","target":["https:\/\/tajkertesz.com\/termek\/tavi-algagatlo-panzi-025-l\/"]}]},{"@type":"ImageObject","inLanguage":"en-US","@id":"https:\/\/tajkertesz.com\/termek\/tavi-algagatlo-panzi-025-l\/#primaryimage","url":"https:\/\/tajkertesz.com\/wp-content\/uploads\/2021\/06\/panzi-tavi-algagatlo-250ml.jpg","contentUrl":"https:\/\/tajkertesz.com\/wp-content\/uploads\/2021\/06\/panzi-tavi-algagatlo-250ml.jpg","width":250,"height":250},{"@type":"BreadcrumbList","@id":"https:\/\/tajkertesz.com\/termek\/tavi-algagatlo-panzi-025-l\/#breadcrumb","itemListElement":[{"@type":"ListItem","position":1,"name":"Home","item":"https:\/\/tajkertesz.com\/"},{"@type":"ListItem","position":2,"name":"Kezd\u0151lap","item":"https:\/\/tajkertesz.com\/"},{"@type":"ListItem","position":3,"name":"Tavi Algag\u00e1tl\u00f3 \/Panzi\/ 0,25 l"}]},{"@type":"WebSite","@id":"https:\/\/tajkertesz.com\/#website","url":"https:\/\/tajkertesz.com\/","name":"T\u00e1j-Kert\u00e9sz 84 Kft.","description":"Kert\u00e9szeti kis- \u00e9s nagykeresked\u00e9s, D\u00edszn\u00f6v\u00e9ny web\u00e1ruh\u00e1z orsz\u00e1gos h\u00e1zhozsz\u00e1ll\u00edt\u00e1ssal!","publisher":{"@id":"https:\/\/tajkertesz.com\/#organization"},"potentialAction":[{"@type":"SearchAction","target":{"@type":"EntryPoint","urlTemplate":"https:\/\/tajkertesz.com\/?s={search_term_string}"},"query-input":{"@type":"PropertyValueSpecification","valueRequired":true,"valueName":"search_term_string"}}],"inLanguage":"en-US"},{"@type":"Organization","@id":"https:\/\/tajkertesz.com\/#organization","name":"T\u00e1j-Kert\u00e9sz 84 Kft.","url":"https:\/\/tajkertesz.com\/","logo":{"@type":"ImageObject","inLanguage":"en-US","@id":"https:\/\/tajkertesz.com\/#\/schema\/logo\/image\/","url":"https:\/\/tajkertesz.com\/wp-content\/uploads\/2018\/02\/logo-2-e1518678052539.png","contentUrl":"https:\/\/tajkertesz.com\/wp-content\/uploads\/2018\/02\/logo-2-e1518678052539.png","width":81,"height":140,"caption":"T\u00e1j-Kert\u00e9sz 84 Kft."},"image":{"@id":"https:\/\/tajkertesz.com\/#\/schema\/logo\/image\/"},"sameAs":["https:\/\/www.facebook.com\/Tajkertesz\/"]}]}},"_links":{"self":[{"href":"https:\/\/tajkertesz.com\/en_US\/wp-json\/wp\/v2\/product\/6691","targetHints":{"allow":["GET"]}}],"collection":[{"href":"https:\/\/tajkertesz.com\/en_US\/wp-json\/wp\/v2\/product"}],"about":[{"href":"https:\/\/tajkertesz.com\/en_US\/wp-json\/wp\/v2\/types\/product"}],"wp:featuredmedia":[{"embeddable":true,"href":"https:\/\/tajkertesz.com\/en_US\/wp-json\/wp\/v2\/media\/6692"}],"wp:attachment":[{"href":"https:\/\/tajkertesz.com\/en_US\/wp-json\/wp\/v2\/media?parent=6691"}],"wp:term":[{"taxonomy":"product_brand","embeddable":true,"href":"https:\/\/tajkertesz.com\/en_US\/wp-json\/wp\/v2\/product_brand?post=6691"},{"taxonomy":"product_cat","embeddable":true,"href":"https:\/\/tajkertesz.com\/en_US\/wp-json\/wp\/v2\/product_cat?post=6691"},{"taxonomy":"product_tag","embeddable":true,"href":"https:\/\/tajkertesz.com\/en_US\/wp-json\/wp\/v2\/product_tag?post=6691"}],"curies":[{"name":"wp","href":"https:\/\/api.w.org\/{rel}","templated":true}]}}