{"id":6693,"date":"2021-06-15T09:49:14","date_gmt":"2021-06-15T09:49:14","guid":{"rendered":"https:\/\/tajkertesz.com\/?post_type=product&#038;p=6693"},"modified":"2023-09-01T11:35:33","modified_gmt":"2023-09-01T11:35:33","slug":"tavi-novenytapso-panzi-025l","status":"publish","type":"product","link":"https:\/\/tajkertesz.com\/en_US\/product\/tavi-novenytapso-panzi-025l\/","title":{"rendered":"Tavi N\u00f6v\u00e9nyt\u00e1ps\u00f3 \/Panzi\/ 0,25l"},"content":{"rendered":"<div class=\"artdet__name-rating d-none d-lg-block\">\n<div class=\"row gutters-5\">\n<div class=\"col\">\n<h3>Tavi N\u00f6v\u00e9nyt\u00e1ps\u00f3 \/Panzi\/ 0,25l<\/h3>\n<p>Tavi N\u00f6v\u00e9nyt\u00e1ps\u00f3 \/Panzi\/ 0,25l, A Tavi N\u00f6v\u00e9nyt\u00e1ps\u00f3 alkalmas a kerti t\u00f3ba telep\u00edtett v\u00edzin\u00f6v\u00e9nyek sz\u00e1m\u00e1ra l\u00e9tfontoss\u00e1g\u00fa mikroelemek ut\u00e1np\u00f3tl\u00e1s\u00e1ra.Nitrog\u00e9n \u00e9s foszfor mentes, hogy az alg\u00e1sod\u00e1st ne fokozza.<br \/>\nRendszeresen 2 hetenk\u00e9nt adjuk a t\u00f3 v\u00edz\u00e9hez.<\/p>\n<p><strong>Adagol\u00e1s:\u00a0\u00a0<\/strong>10ml 200 liter v\u00edzhez, 1 flakon (250ml) 5m3 v\u00edzhez.<\/p>\n<p>Csak kerti d\u00edsztavakban t\u00f6rt\u00e9n\u0151 haszn\u00e1latra !<\/p>\n<p>Gyermekek el\u0151l elz\u00e1rva tartand\u00f3 !<\/p>\n<p>A kerti tavak karbantart\u00e1s\u00e1hoz aj\u00e1nljuk m\u00e9g a Panzi Tavi algag\u00e1tl\u00f3 haszn\u00e1lat\u00e1t.<\/p>\n<\/div>\n<\/div>\n<\/div>\n<div><a href=\"https:\/\/www.facebook.com\/tajkertesz\">https:\/\/www.facebook.com\/tajkertesz<\/a><\/div>\n<div>\n<p><a href=\"https:\/\/tajkertesz.com\/\">https:\/\/tajkertesz.com\/<\/a><\/p>\n<\/div>\n<h4><span style=\"color: #ffffff;\">manaps\u00e1g m\u00e1r elterjedt a m\u0171anyagb\u00f3l k\u00e9sz\u00fclt v\u00e1ltozat is. Kert\u00e9szetekben \u00e9s nagyobb \u00e1ruh\u00e1zakban kaphat\u00f3, ak\u00e1rcsak az \u00e1s\u00f3, a lap\u00e1t, a kapa vagy ritk\u00e1bban a kaszahanem a h\u00e1z k\u00f6r\u00fcl is fontos eszk\u00f6z, a lehullott faleveleket (avart) vagy egy\u00e9b lombokat is \u00f6ssze lehet vele szedni (a speci\u00e1lisan lombgy\u0171jt\u00e9sre szakosodott verzi\u00f3ja a lombsepr\u0171). Nyele \u00e1ltal\u00e1ban f\u00e1b\u00f3l, feje pedig vasb\u00f3l k\u00e9sz\u00fcl, de manapmanaps\u00e1g m\u00e1r elterjedt a m\u0171anyagb\u00f3l k\u00e9sz\u00fclt v\u00e1ltozat is. Kert\u00e9szetekben \u00e9s nagyobb \u00e1ruh\u00e1zakban kaphat\u00f3, ak\u00e1rcsak az \u00e1s\u00f3, a lap\u00e1t, a kapa vagy ritk\u00e1bban a kaszahanem a h\u00e1z k\u00f6r\u00fcl is fontos eszk\u00f6z, a lehullott faleveleket (avart) vagy egy\u00e9b lombokat is \u00f6ssze lehet vele szedni (a speci\u00e1lisan lombgy\u0171jt\u00e9sre szakosodott verzi\u00f3ja a lombsepr\u0171). Nyele \u00e1ltal\u00e1ban f\u00e1b\u00f3l, feje pedig vasb\u00f3l k\u00e9sz\u00fcl, de manaps\u00e1g m\u00e1r elterjedt a m\u0171anyagb\u00f3l k\u00e9sz\u00fclt v\u00e1ltozat is. Kert\u00e9szetekben \u00e9s nagyobb \u00e1ruh\u00e1zakban kaphat\u00f3, ak\u00e1rcsak az \u00e1s\u00f3, a lap\u00e1t, a kapa vagy ritk\u00e1bban a kasza..\u00c1tm\u00e9r\u0151: 6 mms\u00e1g m\u00e1r elterjedt a m\u0171anyagb\u00f3l k\u00e9sz\u00fclt v\u00e1ltozat is. Kert\u00e9szetekben \u00e9s nagyobb \u00e1ruh\u00e1zakban kaphat\u00f3, ak\u00e1rcsak az \u00e1s\u00f3, a lap\u00e1t, a kapa vagy ritk\u00e1bban a kasza..\u00c1tm\u00e9r\u0151: 6 mm<\/span><\/h4>","protected":false},"excerpt":{"rendered":"<div class=\"artdet__name-rating d-none d-lg-block\">\n<div class=\"row gutters-5\">\n<div class=\"col\">\n<div class=\"artdet__name-rating d-none d-lg-block\">\n<div class=\"row gutters-5\">\n<div class=\"col\">\n<div class=\"artdet__name-rating d-none d-lg-block\">\n<div class=\"row gutters-5\">\n<div class=\"col\">\n<div class=\"artdet__name-rating d-none d-lg-block\">\n<div class=\"row gutters-5\">\n<div class=\"col\">\n<div class=\"artdet__name-rating d-none d-lg-block\">\n<div class=\"row gutters-5\">\n<div class=\"col\">\n<div class=\"artdet__name-rating d-none d-lg-block\">\n<div class=\"row gutters-5\">\n<div class=\"col\">\n<div class=\"artdet__name-rating d-none d-lg-block\">\n<div class=\"row gutters-5\">\n<div class=\"col\">\n<div class=\"artdet__name-rating d-none d-lg-block\">\n<div class=\"row gutters-5\">\n<div class=\"col\">\n<div class=\"artdet__name-rating d-none d-lg-block\">\n<div class=\"row gutters-5\">\n<div class=\"col\">\n<div class=\"artdet__name-rating d-none d-lg-block\">\n<div class=\"row gutters-5\">\n<div class=\"col\">\n<div class=\"artdet__name-rating d-none d-lg-block\">\n<div class=\"row gutters-5\">\n<div class=\"col\">\n<div class=\"artdet__name-rating d-none d-lg-block\">\n<div class=\"row gutters-5\">\n<div class=\"col\">\n<h3>Tavi N\u00f6v\u00e9nyt\u00e1ps\u00f3 \/Panzi\/ 0,25l<\/h3>\n<p>Tavi N\u00f6v\u00e9nyt\u00e1ps\u00f3 \/Panzi\/ 0,25l, A Tavi N\u00f6v\u00e9nyt\u00e1ps\u00f3 alkalmas a kerti t\u00f3ba telep\u00edtett v\u00edzin\u00f6v\u00e9nyek sz\u00e1m\u00e1ra l\u00e9tfontoss\u00e1g\u00fa mikroelemek ut\u00e1np\u00f3tl\u00e1s\u00e1ra.Nitrog\u00e9n \u00e9s foszfor mentes, hogy az alg\u00e1sod\u00e1st ne fokozza.<br \/>\nRendszeresen 2 hetenk\u00e9nt adjuk a t\u00f3 v\u00edz\u00e9hez.<\/p>\n<p><strong>Adagol\u00e1s:\u00a0\u00a0<\/strong>10ml 200 liter v\u00edzhez, 1 flakon (250ml) 5m3 v\u00edzhez.<\/p>\n<p>Csak kerti d\u00edsztavakban t\u00f6rt\u00e9n\u0151 haszn\u00e1latra !<\/p>\n<p>Gyermekek el\u0151l elz\u00e1rva tartand\u00f3 !<\/p>\n<p>A kerti tavak karbantart\u00e1s\u00e1hoz aj\u00e1nljuk m\u00e9g a Panzi Tavi algag\u00e1tl\u00f3 haszn\u00e1lat\u00e1t.<\/p>\n<\/div>\n<\/div>\n<\/div>\n<\/div>\n<\/div>\n<\/div>\n<\/div>\n<\/div>\n<\/div>\n<\/div>\n<\/div>\n<\/div>\n<\/div>\n<\/div>\n<\/div>\n<\/div>\n<\/div>\n<\/div>\n<\/div>\n<\/div>\n<\/div>\n<\/div>\n<\/div>\n<\/div>\n<\/div>\n<\/div>\n<\/div>\n<\/div>\n<\/div>\n<\/div>\n<\/div>\n<\/div>\n<\/div>\n<\/div>\n<\/div>\n<\/div>","protected":false},"featured_media":6694,"template":"","meta":{"_et_pb_use_builder":"","_et_pb_old_content":"","_et_gb_content_width":""},"product_brand":[],"product_cat":[1644],"product_tag":[1947],"class_list":{"0":"post-6693","1":"product","2":"type-product","3":"status-publish","4":"has-post-thumbnail","6":"product_cat-kerti-to-karbantartas","7":"product_tag-tavi-novenytapso-panzi","9":"first","10":"instock","11":"shipping-taxable","12":"purchasable","13":"product-type-simple"},"yoast_head":"<!-- This site is optimized with the Yoast SEO plugin v27.5 - https:\/\/yoast.com\/product\/yoast-seo-wordpress\/ -->\n<title>Tavi N\u00f6v\u00e9nyt\u00e1ps\u00f3 \/Panzi\/ 0,25l - T\u00e1jkert\u00e9sz<\/title>\n<meta name=\"description\" content=\"Tavi N\u00f6v\u00e9nyt\u00e1ps\u00f3 \/Panzi\/ 0,25l, A Tavi N\u00f6v\u00e9nyt\u00e1ps\u00f3 alkalmas a kerti t\u00f3ba telep\u00edtett v\u00edzin\u00f6v\u00e9nyek sz\u00e1m\u00e1ra l\u00e9tfontoss\u00e1g\u00fa mikroelemek\" \/>\n<meta name=\"robots\" content=\"index, follow, max-snippet:-1, max-image-preview:large, max-video-preview:-1\" \/>\n<link rel=\"canonical\" href=\"https:\/\/tajkertesz.com\/en_US\/product\/tavi-novenytapso-panzi-025l\/\" \/>\n<meta property=\"og:locale\" content=\"en_US\" \/>\n<meta property=\"og:type\" content=\"article\" \/>\n<meta property=\"og:title\" content=\"https:\/\/www.facebook.com\/tajkertesz\" \/>\n<meta property=\"og:description\" content=\"Tavi N\u00f6v\u00e9nyt\u00e1ps\u00f3 \/Panzi\/ 0,25l, A Tavi N\u00f6v\u00e9nyt\u00e1ps\u00f3 alkalmas a kerti t\u00f3ba telep\u00edtett v\u00edzin\u00f6v\u00e9nyek sz\u00e1m\u00e1ra l\u00e9tfontoss\u00e1g\u00fa mikroelemek ut\u00e1np\u00f3tl\u00e1s\u00e1ra.Nitrog\u00e9n \u00e9s foszfor mentes, hogy az alg\u00e1sod\u00e1st ne fokozza.Rendszeresen 2 hetenk\u00e9nt adjuk a t\u00f3 v\u00edz\u00e9hez.\" \/>\n<meta property=\"og:url\" content=\"https:\/\/tajkertesz.com\/en_US\/product\/tavi-novenytapso-panzi-025l\/\" \/>\n<meta property=\"og:site_name\" content=\"T\u00e1jkert\u00e9sz\" \/>\n<meta property=\"article:publisher\" content=\"https:\/\/www.facebook.com\/Tajkertesz\/\" \/>\n<meta property=\"article:modified_time\" content=\"2023-09-01T11:35:33+00:00\" \/>\n<meta property=\"og:image\" content=\"https:\/\/tajkertesz.com\/wp-content\/uploads\/2021\/06\/neptun-pond-blue.jpg\" \/>\n\t<meta property=\"og:image:width\" content=\"900\" \/>\n\t<meta property=\"og:image:height\" content=\"900\" \/>\n\t<meta property=\"og:image:type\" content=\"image\/jpeg\" \/>\n<meta name=\"twitter:card\" content=\"summary_large_image\" \/>\n<meta name=\"twitter:label1\" content=\"Est. reading time\" \/>\n\t<meta name=\"twitter:data1\" content=\"2 minutes\" \/>\n<script type=\"application\/ld+json\" class=\"yoast-schema-graph\">{\"@context\":\"https:\\\/\\\/schema.org\",\"@graph\":[{\"@type\":\"WebPage\",\"@id\":\"https:\\\/\\\/tajkertesz.com\\\/termek\\\/tavi-novenytapso-panzi-025l\\\/\",\"url\":\"https:\\\/\\\/tajkertesz.com\\\/termek\\\/tavi-novenytapso-panzi-025l\\\/\",\"name\":\"Tavi N\u00f6v\u00e9nyt\u00e1ps\u00f3 \\\/Panzi\\\/ 0,25l - T\u00e1jkert\u00e9sz\",\"isPartOf\":{\"@id\":\"https:\\\/\\\/tajkertesz.com\\\/#website\"},\"primaryImageOfPage\":{\"@id\":\"https:\\\/\\\/tajkertesz.com\\\/termek\\\/tavi-novenytapso-panzi-025l\\\/#primaryimage\"},\"image\":{\"@id\":\"https:\\\/\\\/tajkertesz.com\\\/termek\\\/tavi-novenytapso-panzi-025l\\\/#primaryimage\"},\"thumbnailUrl\":\"https:\\\/\\\/tajkertesz.com\\\/wp-content\\\/uploads\\\/2021\\\/06\\\/panzi-tavi-novenytapso-250ml.jpg\",\"datePublished\":\"2021-06-15T09:49:14+00:00\",\"dateModified\":\"2023-09-01T11:35:33+00:00\",\"description\":\"Tavi N\u00f6v\u00e9nyt\u00e1ps\u00f3 \\\/Panzi\\\/ 0,25l, A Tavi N\u00f6v\u00e9nyt\u00e1ps\u00f3 alkalmas a kerti t\u00f3ba telep\u00edtett v\u00edzin\u00f6v\u00e9nyek sz\u00e1m\u00e1ra l\u00e9tfontoss\u00e1g\u00fa mikroelemek\",\"breadcrumb\":{\"@id\":\"https:\\\/\\\/tajkertesz.com\\\/termek\\\/tavi-novenytapso-panzi-025l\\\/#breadcrumb\"},\"inLanguage\":\"en-US\",\"potentialAction\":[{\"@type\":\"ReadAction\",\"target\":[\"https:\\\/\\\/tajkertesz.com\\\/termek\\\/tavi-novenytapso-panzi-025l\\\/\"]}]},{\"@type\":\"ImageObject\",\"inLanguage\":\"en-US\",\"@id\":\"https:\\\/\\\/tajkertesz.com\\\/termek\\\/tavi-novenytapso-panzi-025l\\\/#primaryimage\",\"url\":\"https:\\\/\\\/tajkertesz.com\\\/wp-content\\\/uploads\\\/2021\\\/06\\\/panzi-tavi-novenytapso-250ml.jpg\",\"contentUrl\":\"https:\\\/\\\/tajkertesz.com\\\/wp-content\\\/uploads\\\/2021\\\/06\\\/panzi-tavi-novenytapso-250ml.jpg\",\"width\":250,\"height\":250},{\"@type\":\"BreadcrumbList\",\"@id\":\"https:\\\/\\\/tajkertesz.com\\\/termek\\\/tavi-novenytapso-panzi-025l\\\/#breadcrumb\",\"itemListElement\":[{\"@type\":\"ListItem\",\"position\":1,\"name\":\"Home\",\"item\":\"https:\\\/\\\/tajkertesz.com\\\/\"},{\"@type\":\"ListItem\",\"position\":2,\"name\":\"Kezd\u0151lap\",\"item\":\"https:\\\/\\\/tajkertesz.com\\\/\"},{\"@type\":\"ListItem\",\"position\":3,\"name\":\"Tavi N\u00f6v\u00e9nyt\u00e1ps\u00f3 \\\/Panzi\\\/ 0,25l\"}]},{\"@type\":\"WebSite\",\"@id\":\"https:\\\/\\\/tajkertesz.com\\\/#website\",\"url\":\"https:\\\/\\\/tajkertesz.com\\\/\",\"name\":\"T\u00e1j-Kert\u00e9sz 84 Kft.\",\"description\":\"Kert\u00e9szeti kis- \u00e9s nagykeresked\u00e9s, D\u00edszn\u00f6v\u00e9ny web\u00e1ruh\u00e1z orsz\u00e1gos h\u00e1zhozsz\u00e1ll\u00edt\u00e1ssal!\",\"publisher\":{\"@id\":\"https:\\\/\\\/tajkertesz.com\\\/#organization\"},\"potentialAction\":[{\"@type\":\"SearchAction\",\"target\":{\"@type\":\"EntryPoint\",\"urlTemplate\":\"https:\\\/\\\/tajkertesz.com\\\/?s={search_term_string}\"},\"query-input\":{\"@type\":\"PropertyValueSpecification\",\"valueRequired\":true,\"valueName\":\"search_term_string\"}}],\"inLanguage\":\"en-US\"},{\"@type\":\"Organization\",\"@id\":\"https:\\\/\\\/tajkertesz.com\\\/#organization\",\"name\":\"T\u00e1j-Kert\u00e9sz 84 Kft.\",\"url\":\"https:\\\/\\\/tajkertesz.com\\\/\",\"logo\":{\"@type\":\"ImageObject\",\"inLanguage\":\"en-US\",\"@id\":\"https:\\\/\\\/tajkertesz.com\\\/#\\\/schema\\\/logo\\\/image\\\/\",\"url\":\"https:\\\/\\\/tajkertesz.com\\\/wp-content\\\/uploads\\\/2018\\\/02\\\/logo-2-e1518678052539.png\",\"contentUrl\":\"https:\\\/\\\/tajkertesz.com\\\/wp-content\\\/uploads\\\/2018\\\/02\\\/logo-2-e1518678052539.png\",\"width\":81,\"height\":140,\"caption\":\"T\u00e1j-Kert\u00e9sz 84 Kft.\"},\"image\":{\"@id\":\"https:\\\/\\\/tajkertesz.com\\\/#\\\/schema\\\/logo\\\/image\\\/\"},\"sameAs\":[\"https:\\\/\\\/www.facebook.com\\\/Tajkertesz\\\/\"]}]}<\/script>\n<!-- \/ Yoast SEO plugin. -->","yoast_head_json":{"title":"Tavi N\u00f6v\u00e9nyt\u00e1ps\u00f3 \/Panzi\/ 0,25l - T\u00e1jkert\u00e9sz","description":"Tavi N\u00f6v\u00e9nyt\u00e1ps\u00f3 \/Panzi\/ 0,25l, A Tavi N\u00f6v\u00e9nyt\u00e1ps\u00f3 alkalmas a kerti t\u00f3ba telep\u00edtett v\u00edzin\u00f6v\u00e9nyek sz\u00e1m\u00e1ra l\u00e9tfontoss\u00e1g\u00fa mikroelemek","robots":{"index":"index","follow":"follow","max-snippet":"max-snippet:-1","max-image-preview":"max-image-preview:large","max-video-preview":"max-video-preview:-1"},"canonical":"https:\/\/tajkertesz.com\/en_US\/product\/tavi-novenytapso-panzi-025l\/","og_locale":"en_US","og_type":"article","og_title":"https:\/\/www.facebook.com\/tajkertesz","og_description":"Tavi N\u00f6v\u00e9nyt\u00e1ps\u00f3 \/Panzi\/ 0,25l, A Tavi N\u00f6v\u00e9nyt\u00e1ps\u00f3 alkalmas a kerti t\u00f3ba telep\u00edtett v\u00edzin\u00f6v\u00e9nyek sz\u00e1m\u00e1ra l\u00e9tfontoss\u00e1g\u00fa mikroelemek ut\u00e1np\u00f3tl\u00e1s\u00e1ra.Nitrog\u00e9n \u00e9s foszfor mentes, hogy az alg\u00e1sod\u00e1st ne fokozza.Rendszeresen 2 hetenk\u00e9nt adjuk a t\u00f3 v\u00edz\u00e9hez.","og_url":"https:\/\/tajkertesz.com\/en_US\/product\/tavi-novenytapso-panzi-025l\/","og_site_name":"T\u00e1jkert\u00e9sz","article_publisher":"https:\/\/www.facebook.com\/Tajkertesz\/","article_modified_time":"2023-09-01T11:35:33+00:00","og_image":[{"width":900,"height":900,"url":"https:\/\/tajkertesz.com\/wp-content\/uploads\/2021\/06\/neptun-pond-blue.jpg","type":"image\/jpeg"}],"twitter_card":"summary_large_image","twitter_misc":{"Est. reading time":"2 minutes"},"schema":{"@context":"https:\/\/schema.org","@graph":[{"@type":"WebPage","@id":"https:\/\/tajkertesz.com\/termek\/tavi-novenytapso-panzi-025l\/","url":"https:\/\/tajkertesz.com\/termek\/tavi-novenytapso-panzi-025l\/","name":"Tavi N\u00f6v\u00e9nyt\u00e1ps\u00f3 \/Panzi\/ 0,25l - T\u00e1jkert\u00e9sz","isPartOf":{"@id":"https:\/\/tajkertesz.com\/#website"},"primaryImageOfPage":{"@id":"https:\/\/tajkertesz.com\/termek\/tavi-novenytapso-panzi-025l\/#primaryimage"},"image":{"@id":"https:\/\/tajkertesz.com\/termek\/tavi-novenytapso-panzi-025l\/#primaryimage"},"thumbnailUrl":"https:\/\/tajkertesz.com\/wp-content\/uploads\/2021\/06\/panzi-tavi-novenytapso-250ml.jpg","datePublished":"2021-06-15T09:49:14+00:00","dateModified":"2023-09-01T11:35:33+00:00","description":"Tavi N\u00f6v\u00e9nyt\u00e1ps\u00f3 \/Panzi\/ 0,25l, A Tavi N\u00f6v\u00e9nyt\u00e1ps\u00f3 alkalmas a kerti t\u00f3ba telep\u00edtett v\u00edzin\u00f6v\u00e9nyek sz\u00e1m\u00e1ra l\u00e9tfontoss\u00e1g\u00fa mikroelemek","breadcrumb":{"@id":"https:\/\/tajkertesz.com\/termek\/tavi-novenytapso-panzi-025l\/#breadcrumb"},"inLanguage":"en-US","potentialAction":[{"@type":"ReadAction","target":["https:\/\/tajkertesz.com\/termek\/tavi-novenytapso-panzi-025l\/"]}]},{"@type":"ImageObject","inLanguage":"en-US","@id":"https:\/\/tajkertesz.com\/termek\/tavi-novenytapso-panzi-025l\/#primaryimage","url":"https:\/\/tajkertesz.com\/wp-content\/uploads\/2021\/06\/panzi-tavi-novenytapso-250ml.jpg","contentUrl":"https:\/\/tajkertesz.com\/wp-content\/uploads\/2021\/06\/panzi-tavi-novenytapso-250ml.jpg","width":250,"height":250},{"@type":"BreadcrumbList","@id":"https:\/\/tajkertesz.com\/termek\/tavi-novenytapso-panzi-025l\/#breadcrumb","itemListElement":[{"@type":"ListItem","position":1,"name":"Home","item":"https:\/\/tajkertesz.com\/"},{"@type":"ListItem","position":2,"name":"Kezd\u0151lap","item":"https:\/\/tajkertesz.com\/"},{"@type":"ListItem","position":3,"name":"Tavi N\u00f6v\u00e9nyt\u00e1ps\u00f3 \/Panzi\/ 0,25l"}]},{"@type":"WebSite","@id":"https:\/\/tajkertesz.com\/#website","url":"https:\/\/tajkertesz.com\/","name":"T\u00e1j-Kert\u00e9sz 84 Kft.","description":"Kert\u00e9szeti kis- \u00e9s nagykeresked\u00e9s, D\u00edszn\u00f6v\u00e9ny web\u00e1ruh\u00e1z orsz\u00e1gos h\u00e1zhozsz\u00e1ll\u00edt\u00e1ssal!","publisher":{"@id":"https:\/\/tajkertesz.com\/#organization"},"potentialAction":[{"@type":"SearchAction","target":{"@type":"EntryPoint","urlTemplate":"https:\/\/tajkertesz.com\/?s={search_term_string}"},"query-input":{"@type":"PropertyValueSpecification","valueRequired":true,"valueName":"search_term_string"}}],"inLanguage":"en-US"},{"@type":"Organization","@id":"https:\/\/tajkertesz.com\/#organization","name":"T\u00e1j-Kert\u00e9sz 84 Kft.","url":"https:\/\/tajkertesz.com\/","logo":{"@type":"ImageObject","inLanguage":"en-US","@id":"https:\/\/tajkertesz.com\/#\/schema\/logo\/image\/","url":"https:\/\/tajkertesz.com\/wp-content\/uploads\/2018\/02\/logo-2-e1518678052539.png","contentUrl":"https:\/\/tajkertesz.com\/wp-content\/uploads\/2018\/02\/logo-2-e1518678052539.png","width":81,"height":140,"caption":"T\u00e1j-Kert\u00e9sz 84 Kft."},"image":{"@id":"https:\/\/tajkertesz.com\/#\/schema\/logo\/image\/"},"sameAs":["https:\/\/www.facebook.com\/Tajkertesz\/"]}]}},"_links":{"self":[{"href":"https:\/\/tajkertesz.com\/en_US\/wp-json\/wp\/v2\/product\/6693","targetHints":{"allow":["GET"]}}],"collection":[{"href":"https:\/\/tajkertesz.com\/en_US\/wp-json\/wp\/v2\/product"}],"about":[{"href":"https:\/\/tajkertesz.com\/en_US\/wp-json\/wp\/v2\/types\/product"}],"wp:featuredmedia":[{"embeddable":true,"href":"https:\/\/tajkertesz.com\/en_US\/wp-json\/wp\/v2\/media\/6694"}],"wp:attachment":[{"href":"https:\/\/tajkertesz.com\/en_US\/wp-json\/wp\/v2\/media?parent=6693"}],"wp:term":[{"taxonomy":"product_brand","embeddable":true,"href":"https:\/\/tajkertesz.com\/en_US\/wp-json\/wp\/v2\/product_brand?post=6693"},{"taxonomy":"product_cat","embeddable":true,"href":"https:\/\/tajkertesz.com\/en_US\/wp-json\/wp\/v2\/product_cat?post=6693"},{"taxonomy":"product_tag","embeddable":true,"href":"https:\/\/tajkertesz.com\/en_US\/wp-json\/wp\/v2\/product_tag?post=6693"}],"curies":[{"name":"wp","href":"https:\/\/api.w.org\/{rel}","templated":true}]}}