{"id":6702,"date":"2021-06-16T08:55:45","date_gmt":"2021-06-16T08:55:45","guid":{"rendered":"https:\/\/tajkertesz.com\/?post_type=product&#038;p=6702"},"modified":"2025-12-15T14:02:06","modified_gmt":"2025-12-15T14:02:06","slug":"carex-oshimensis-everillo-madarlabu-tarka-sas","status":"publish","type":"product","link":"https:\/\/tajkertesz.com\/en_US\/product\/carex-oshimensis-everillo-madarlabu-tarka-sas\/","title":{"rendered":"Carex oshimensis Everillo &#8211; Mad\u00e1rl\u00e1b\u00fa tarka s\u00e1s"},"content":{"rendered":"<h1>Carex oshimensis Everillo &#8211; Mad\u00e1rl\u00e1b\u00fa tarka s\u00e1s<\/h1>\n<p>A Carex oshimensis Everillo &#8211; Mad\u00e1rl\u00e1b\u00fa tarka s\u00e1s egy leny\u0171g\u00f6z\u0151 megjelen\u00e9s\u0171, \u00e9l\u00e9nk limez\u00f6ld \u00e1rnyalat\u00fa d\u00edszf\u0171f\u00e9le, amely eg\u00e9sz \u00e9vben szemet gy\u00f6ny\u00f6rk\u00f6dtet\u0151 l\u00e1tv\u00e1nyt ny\u00fajt. Kompakt m\u00e9ret\u00e9nek \u00e9s s\u0171r\u0171 n\u00f6veked\u00e9s\u00e9nek k\u00f6sz\u00f6nhet\u0151en kiv\u00e1l\u00f3 v\u00e1laszt\u00e1s <strong data-start=\"970\" data-end=\"1012\">\u00e1rny\u00e9kos vagy f\u00e9l\u00e1rny\u00e9kos kertr\u00e9szekbe<\/strong>, sziklakertekbe, szeg\u00e9lyn\u00f6v\u00e9nyk\u00e9nt vagy ak\u00e1r d\u00e9zs\u00e1s tart\u00e1sra is.<\/p>\n<p data-start=\"1079\" data-end=\"1255\">Ez az \u00f6r\u00f6kz\u00f6ld \u00e9vel\u0151 k\u00fcl\u00f6n\u00f6sen n\u00e9pszer\u0171 <strong data-start=\"1119\" data-end=\"1139\">modern kertekben<\/strong>, de term\u00e9szetk\u00f6zeli k\u00f6rnyezetben is j\u00f3l mutat. <strong data-start=\"1187\" data-end=\"1216\">Alacsony gondoz\u00e1si ig\u00e9nye<\/strong> miatt kezd\u0151 kert\u00e9szeknek is aj\u00e1nlott.<\/p>\n<p data-start=\"1257\" data-end=\"1361\">Tavasszal \u00e9s ny\u00e1ron \u00e9l\u00e9nk, s\u00e1rg\u00e1sz\u00f6ld lombja frissess\u00e9get sug\u00e1roz, m\u00edg t\u00e9len is meg\u0151rzi d\u00edsz\u00edt\u0151\u00e9rt\u00e9k\u00e9t.<\/p>\n<h4 data-start=\"1363\" data-end=\"1386\">\ud83c\udf3fCarex oshimensis Everillo jellemz\u0151i:<\/h4>\n<ul data-start=\"1387\" data-end=\"1692\">\n<li data-start=\"1387\" data-end=\"1421\">\n<p data-start=\"1389\" data-end=\"1421\"><strong data-start=\"1389\" data-end=\"1407\">N\u00f6v\u00e9nymagass\u00e1g<\/strong>: kb. 30\u201340 cm<\/p>\n<\/li>\n<li data-start=\"1422\" data-end=\"1475\">\n<p data-start=\"1424\" data-end=\"1475\"><strong data-start=\"1424\" data-end=\"1436\">Lombsz\u00edn<\/strong>: \u00e9l\u00e9nk limez\u00f6ld, aranyl\u00f3 \u00e1rnyalatokkal<\/p>\n<\/li>\n<li data-start=\"1476\" data-end=\"1532\">\n<p data-start=\"1478\" data-end=\"1532\"><strong data-start=\"1478\" data-end=\"1496\">Vir\u00e1gz\u00e1s ideje<\/strong>: tavasz (nem t\u00fal l\u00e1tv\u00e1nyos vir\u00e1gok)<\/p>\n<\/li>\n<li data-start=\"1533\" data-end=\"1568\">\n<p data-start=\"1535\" data-end=\"1568\"><strong data-start=\"1535\" data-end=\"1548\">F\u00e9nyig\u00e9ny<\/strong>: \u00e1rny\u00e9k \u2013 f\u00e9l\u00e1rny\u00e9k<\/p>\n<\/li>\n<li data-start=\"1569\" data-end=\"1592\">\n<p data-start=\"1571\" data-end=\"1592\"><strong data-start=\"1571\" data-end=\"1583\">V\u00edzig\u00e9ny<\/strong>: k\u00f6zepes<\/p>\n<\/li>\n<li data-start=\"1593\" data-end=\"1652\">\n<p data-start=\"1595\" data-end=\"1652\"><strong data-start=\"1595\" data-end=\"1609\">Talajig\u00e9ny<\/strong>: j\u00f3 v\u00edz\u00e1tereszt\u0151, t\u00e1panyagban gazdag talaj<\/p>\n<\/li>\n<li data-start=\"1653\" data-end=\"1692\">\n<p data-start=\"1655\" data-end=\"1692\"><strong data-start=\"1655\" data-end=\"1669\">T\u00e9l\u00e1ll\u00f3s\u00e1g<\/strong>: j\u00f3, -15\u00b0C-ig fagyt\u0171r\u0151<\/p>\n<\/li>\n<\/ul>\n<h4 data-start=\"1694\" data-end=\"1723\">\ud83c\udf3cMad\u00e1rl\u00e1b\u00fa tarka s\u00e1s felhaszn\u00e1l\u00e1sa:<\/h4>\n<ul data-start=\"1724\" data-end=\"1868\">\n<li data-start=\"1724\" data-end=\"1767\">\n<p data-start=\"1726\" data-end=\"1767\">\u00c1rny\u00e9kos szeg\u00e9lyek, kerti \u00f6sv\u00e9nyek ment\u00e9n<\/p>\n<\/li>\n<li data-start=\"1768\" data-end=\"1810\">\n<p data-start=\"1770\" data-end=\"1810\">D\u00e9zs\u00e1s n\u00f6v\u00e9nyk\u00e9nt teraszra vagy erk\u00e9lyre<\/p>\n<\/li>\n<li data-start=\"1811\" data-end=\"1868\">\n<p data-start=\"1813\" data-end=\"1868\">Modern minimalista kertekbe kontrasztos lombozata miatt<\/p>\n<\/li>\n<\/ul>\n<p>&nbsp;<\/p>\n<h5><strong>\ud83d\udd04 K\u00e9szletinform\u00e1ci\u00f3<\/strong><\/h5>\n<p><strong>K\u00e9szlet\u00fcnk napi szinten v\u00e1ltozik, \u00edgy a webshopban szerepl<\/strong><strong>\u0151<\/strong><strong> term\u00e9kek el\u00e9rhet<\/strong><strong>\u0151<\/strong><strong>s\u00e9ge nem garant\u00e1lt.<br \/>\n\ud83d\udcde A megrendel\u00e9s el<\/strong><strong>\u0151<\/strong><strong>tt k\u00e9rj\u00fck, \u00e9rdekl<\/strong><strong>\u0151<\/strong><strong>dj\u00f6n szem\u00e9lyesen, telefonon vagy e-mailben!<\/strong><\/p>\n<h5><strong>\u27a1\ufe0f Kapcsolat:<\/strong><\/h5>\n<ul>\n<li><strong>Weboldal: <\/strong><a href=\"https:\/\/tajkertesz.com\"><strong>tajkertesz.com<\/strong><\/a><\/li>\n<li><strong>Facebook: <\/strong><a href=\"https:\/\/www.facebook.com\/tajkertesz\/\"><strong>facebook.com\/tajkertesz<\/strong><\/a><\/li>\n<li><strong>Telefonsz\u00e1m, e-mail: +36\/20-319-3770 <\/strong><a href=\"mailto:tajkerteszaruda@gmail.com\"><strong>tajkerteszaruda@gmail.com<\/strong><\/a><\/li>\n<\/ul>\n<h5><strong>\ud83d\ude9a Sz\u00e1ll\u00edt\u00e1si inform\u00e1ci\u00f3k<\/strong><\/h5>\n<p><strong>A megrendelt n\u00f6v\u00e9nyek kisz\u00e1ll\u00edt\u00e1sa az al\u00e1bbi felt\u00e9telek mellett t\u00f6rt\u00e9nik:<\/strong><\/p>\n<h5><strong>\ud83d\udce6 Fut\u00e1rszolg\u00e1latos sz\u00e1ll\u00edt\u00e1s<\/strong><\/h5>\n<ul>\n<li><strong>Maxim\u00e1lis m\u00e9ret: 200 cm (hossz\u00fas\u00e1g)<\/strong><\/li>\n<li><strong>Maxim\u00e1lis s\u00faly: 40 kg<\/strong><\/li>\n<li><strong>Az enn\u00e9l kisebb \u00e9s k\u00f6nnyebb csomagokat fut\u00e1rszolg\u00e1lattal k\u00e9zbes\u00edtj\u00fck a lehet<\/strong><strong>\u0151<\/strong><strong> legbiztons\u00e1gosabb csomagol\u00e1sban.<\/strong><\/li>\n<\/ul>\n<h5><strong>\ud83d\udefb Szem\u00e9lyes \u00e1tv\u00e9tel<\/strong><\/h5>\n<ul>\n<li><strong>1173 Budapest, Bakancsos utca 7. sz\u00e1m alatt nyitvatart\u00e1si id<\/strong><strong>\u0151<\/strong><strong>ben szem\u00e9lyesen \u00e1tvehet<\/strong><strong>\u0151<\/strong><strong> kert\u00e9szeti \u00e1rud\u00e1nkban.<\/strong><\/li>\n<li><strong>K\u00f6lts\u00e9ghat\u00e9kony megold\u00e1s nagyobb, t\u00f6r\u00e9kenyebb vagy t\u00falm\u00e9retes n\u00f6v\u00e9nyek eset\u00e9n.<\/strong><\/li>\n<\/ul>\n<h5><strong>\ud83d\udcde Nagy m\u00e9ret<\/strong><strong>\u0171<\/strong><strong> vagy s\u00faly\u00fa n\u00f6v\u00e9nyek eset\u00e9n<\/strong><\/h5>\n<p><strong>Ha a term\u00e9k:<\/strong><\/p>\n<ul>\n<li><strong>meghaladja a 200 cm hossz\u00fas\u00e1got vagy<\/strong><\/li>\n<li><strong>meghaladja a 40 kg s\u00falyt,<\/strong><\/li>\n<\/ul>\n<p><strong>akkor szem\u00e9lyes \u00e1tv\u00e9tellel vagy egyedi, el<\/strong><strong>\u0151<\/strong><strong>re egyeztetett sz\u00e1ll\u00edt\u00e1si felt\u00e9telek mellett t\u00f6rt\u00e9nik.<br \/>\nK\u00e9rj\u00fck, ilyen esetben rendel\u00e9s el<\/strong><strong>\u0151<\/strong><strong>tt vegye fel vel\u00fcnk a kapcsolatot, hogy a lehet<\/strong><strong>\u0151<\/strong><strong> legmegfelel<\/strong><strong>\u0151<\/strong><strong>bb sz\u00e1ll\u00edt\u00e1si megold\u00e1st k\u00edn\u00e1lhassuk.<\/strong><\/p>\n<p><strong>\ud83d\udd14 Fontos: A n\u00f6v\u00e9nyeket minden esetben igyeksz\u00fcnk gondosan, egyes\u00e9vel csomagolni, azonban a sz\u00e1ll\u00edt\u00e1s sor\u00e1n kisebb eszt\u00e9tikai s\u00e9r\u00fcl\u00e9sek el<\/strong><strong>\u0151<\/strong><strong>fordulhatnak (pl. lev\u00e9lhull\u00e1s). Ez nem min<\/strong><strong>\u0151<\/strong><strong>s\u00fcl hib\u00e1s teljes\u00edt\u00e9snek.<\/strong><\/p>\n<h5><strong>\ud83d\udcf7 Fontos tudni a k\u00e9pekr<\/strong><strong>\u0151<\/strong><strong>l<\/strong><\/h5>\n<p><strong>A webshopban szerepl<\/strong><strong>\u0151<\/strong><strong> k\u00e9pek illusztr\u00e1ci\u00f3k, a n\u00f6v\u00e9nyek term\u00e9szet\u00fckn\u00e9l fogva egyediek, \u00edgy m\u00e9retben, alakban \u00e9s sz\u00ednben minim\u00e1lis elt\u00e9r\u00e9sek el<\/strong><strong>\u0151<\/strong><strong>fordulhatnak a k\u00e9pen l\u00e1that\u00f3 \u00e9s a val\u00f3s p\u00e9ld\u00e1nyok k\u00f6z\u00f6tt.<\/strong><\/p>\n<h5><strong>\ud83e\uddfe \u00c1rak \u00e9s el\u00e1ll\u00e1si jog<\/strong><\/h5>\n<ul>\n<li><strong>Az \u00e1rak egy darab\u00a0n\u00f6v\u00e9nyre vonatkoznak.<\/strong><\/li>\n<li><strong>\u00c9l<\/strong><strong>\u0151<\/strong><strong> n\u00f6v\u00e9nyek rendel\u00e9se eset\u00e9n a 14 napos el\u00e1ll\u00e1s joga nem \u00e9rv\u00e9nyes\u00edthet<\/strong><strong>\u0151<\/strong><strong>, mivel azok romland\u00f3, biol\u00f3giailag \u00e9l<\/strong><strong>\u0151<\/strong><strong> term\u00e9keknek min<\/strong><strong>\u0151<\/strong><strong>s\u00fclnek.<br \/>\n\ud83d\udd12 (17\/1999. (II. 5.) Korm. rendelet 5. \u00a7 c) pontja alapj\u00e1n)<\/strong><\/li>\n<\/ul>\n<h5><strong>\ud83d\udce6 K\u00e9zbes\u00edt\u00e9s ut\u00e1ni teend<\/strong><strong>\u0151<\/strong><strong>k<\/strong><\/h5>\n<p><strong>A k\u00e9zbes\u00edt\u00e9st k\u00f6vet<\/strong><strong>\u0151<\/strong><strong>en a csomagot azonnal bontsuk ki, \u00e9s a n\u00f6v\u00e9nyt helyezz\u00fck el megfelel<\/strong><strong>\u0151<\/strong><strong> k\u00f6rnyezetben.<br \/>\nFontos: ha a n\u00f6v\u00e9ny nem r\u00e9szes\u00fcl megfelel<\/strong><strong>\u0151<\/strong><strong> gondoz\u00e1sban \u00e9s ennek k\u00f6vetkezt\u00e9ben k\u00e1rosodik vagy elpusztul, felel<\/strong><strong>\u0151<\/strong><strong>ss\u00e9get nem tudunk v\u00e1llalni.<\/strong><\/p>\n<p><strong>\u00a0<\/strong><\/p>","protected":false},"excerpt":{"rendered":"<p>A Carex oshimensis &#8216;Everillo&#8217; egy alacsony termet\u0171, \u00f6r\u00f6kz\u00f6ld d\u00edszf\u0171, k\u00fcl\u00f6nleges limez\u00f6ld lombozattal. \u00c1rny\u00e9kos \u00e9s f\u00e9l\u00e1rny\u00e9kos helyekre ide\u00e1lis v\u00e1laszt\u00e1s, k\u00f6nnyen nevelhet\u0151, alacsony karbantart\u00e1si ig\u00e9ny\u0171 n\u00f6v\u00e9ny.<\/p>","protected":false},"featured_media":24157,"template":"","meta":{"_et_pb_use_builder":"","_et_pb_old_content":"","_et_gb_content_width":""},"product_brand":[],"product_cat":[197],"product_tag":[6221,6115,6223,5920,4338,6224,6128,6225,6222,24],"class_list":{"0":"post-6702","1":"product","2":"type-product","3":"status-publish","4":"has-post-thumbnail","6":"product_cat-diszfuvek-fufelek","7":"product_tag-alacsony-gondozas","8":"product_tag-arnyekturo-noveny","9":"product_tag-carex","10":"product_tag-diszfu","11":"product_tag-evelo","12":"product_tag-everillo","13":"product_tag-konteneres-noveny","14":"product_tag-limezold-noveny","15":"product_tag-modern-kert","16":"product_tag-orokzold","18":"first","19":"outofstock","20":"shipping-taxable","21":"product-type-simple"},"yoast_head":"<!-- This site is optimized with the Yoast SEO plugin v27.5 - https:\/\/yoast.com\/product\/yoast-seo-wordpress\/ -->\n<title>Carex oshimensis Everillo - Mad\u00e1rl\u00e1b\u00fa tarka s\u00e1s - T\u00e1jkert\u00e9sz<\/title>\n<meta name=\"description\" content=\"Carex oshimensis Everillo - Mad\u00e1rl\u00e1b\u00fa tarka s\u00e1s limez\u00f6ld lomb\u00fa d\u00edszf\u0171 \u00e1rny\u00e9kos \u00e9s f\u00e9l\u00e1rny\u00e9kos helyekre. Modern kertekbe is ide\u00e1lis v\u00e1laszt\u00e1s.\" \/>\n<meta name=\"robots\" content=\"index, follow, max-snippet:-1, max-image-preview:large, max-video-preview:-1\" \/>\n<link rel=\"canonical\" href=\"https:\/\/tajkertesz.com\/en_US\/product\/carex-oshimensis-everillo-madarlabu-tarka-sas\/\" \/>\n<meta property=\"og:locale\" content=\"en_US\" \/>\n<meta property=\"og:type\" content=\"article\" \/>\n<meta property=\"og:title\" content=\"Carex oshimensis Everillo - Mad\u00e1rl\u00e1b\u00fa tarka s\u00e1s - T\u00e1jkert\u00e9sz\" \/>\n<meta property=\"og:description\" content=\"Carex oshimensis Everillo - Mad\u00e1rl\u00e1b\u00fa tarka s\u00e1s limez\u00f6ld lomb\u00fa d\u00edszf\u0171 \u00e1rny\u00e9kos \u00e9s f\u00e9l\u00e1rny\u00e9kos helyekre. Modern kertekbe is ide\u00e1lis v\u00e1laszt\u00e1s.\" \/>\n<meta property=\"og:url\" content=\"https:\/\/tajkertesz.com\/en_US\/product\/carex-oshimensis-everillo-madarlabu-tarka-sas\/\" \/>\n<meta property=\"og:site_name\" content=\"T\u00e1jkert\u00e9sz\" \/>\n<meta property=\"article:publisher\" content=\"https:\/\/www.facebook.com\/Tajkertesz\/\" \/>\n<meta property=\"article:modified_time\" content=\"2025-12-15T14:02:06+00:00\" \/>\n<meta property=\"og:image\" content=\"https:\/\/tajkertesz.com\/wp-content\/uploads\/2021\/06\/20250801_163116-scaled.jpg\" \/>\n\t<meta property=\"og:image:width\" content=\"1852\" \/>\n\t<meta property=\"og:image:height\" content=\"2560\" \/>\n\t<meta property=\"og:image:type\" content=\"image\/jpeg\" \/>\n<meta name=\"twitter:card\" content=\"summary_large_image\" \/>\n<meta name=\"twitter:label1\" content=\"Est. reading time\" \/>\n\t<meta name=\"twitter:data1\" content=\"3 minutes\" \/>\n<script type=\"application\/ld+json\" class=\"yoast-schema-graph\">{\"@context\":\"https:\\\/\\\/schema.org\",\"@graph\":[{\"@type\":\"WebPage\",\"@id\":\"https:\\\/\\\/tajkertesz.com\\\/termek\\\/carex-oshimensis-everillo-madarlabu-tarka-sas\\\/\",\"url\":\"https:\\\/\\\/tajkertesz.com\\\/termek\\\/carex-oshimensis-everillo-madarlabu-tarka-sas\\\/\",\"name\":\"Carex oshimensis Everillo - Mad\u00e1rl\u00e1b\u00fa tarka s\u00e1s - T\u00e1jkert\u00e9sz\",\"isPartOf\":{\"@id\":\"https:\\\/\\\/tajkertesz.com\\\/#website\"},\"primaryImageOfPage\":{\"@id\":\"https:\\\/\\\/tajkertesz.com\\\/termek\\\/carex-oshimensis-everillo-madarlabu-tarka-sas\\\/#primaryimage\"},\"image\":{\"@id\":\"https:\\\/\\\/tajkertesz.com\\\/termek\\\/carex-oshimensis-everillo-madarlabu-tarka-sas\\\/#primaryimage\"},\"thumbnailUrl\":\"https:\\\/\\\/tajkertesz.com\\\/wp-content\\\/uploads\\\/2021\\\/06\\\/20250801_163116-scaled.jpg\",\"datePublished\":\"2021-06-16T08:55:45+00:00\",\"dateModified\":\"2025-12-15T14:02:06+00:00\",\"description\":\"Carex oshimensis Everillo - Mad\u00e1rl\u00e1b\u00fa tarka s\u00e1s limez\u00f6ld lomb\u00fa d\u00edszf\u0171 \u00e1rny\u00e9kos \u00e9s f\u00e9l\u00e1rny\u00e9kos helyekre. Modern kertekbe is ide\u00e1lis v\u00e1laszt\u00e1s.\",\"breadcrumb\":{\"@id\":\"https:\\\/\\\/tajkertesz.com\\\/termek\\\/carex-oshimensis-everillo-madarlabu-tarka-sas\\\/#breadcrumb\"},\"inLanguage\":\"en-US\",\"potentialAction\":[{\"@type\":\"ReadAction\",\"target\":[\"https:\\\/\\\/tajkertesz.com\\\/termek\\\/carex-oshimensis-everillo-madarlabu-tarka-sas\\\/\"]}]},{\"@type\":\"ImageObject\",\"inLanguage\":\"en-US\",\"@id\":\"https:\\\/\\\/tajkertesz.com\\\/termek\\\/carex-oshimensis-everillo-madarlabu-tarka-sas\\\/#primaryimage\",\"url\":\"https:\\\/\\\/tajkertesz.com\\\/wp-content\\\/uploads\\\/2021\\\/06\\\/20250801_163116-scaled.jpg\",\"contentUrl\":\"https:\\\/\\\/tajkertesz.com\\\/wp-content\\\/uploads\\\/2021\\\/06\\\/20250801_163116-scaled.jpg\",\"width\":1852,\"height\":2560,\"caption\":\"Carex oshimensis Everillo - Mad\u00e1rl\u00e1b\u00fa tarka s\u00e1s\"},{\"@type\":\"BreadcrumbList\",\"@id\":\"https:\\\/\\\/tajkertesz.com\\\/termek\\\/carex-oshimensis-everillo-madarlabu-tarka-sas\\\/#breadcrumb\",\"itemListElement\":[{\"@type\":\"ListItem\",\"position\":1,\"name\":\"Home\",\"item\":\"https:\\\/\\\/tajkertesz.com\\\/\"},{\"@type\":\"ListItem\",\"position\":2,\"name\":\"Kezd\u0151lap\",\"item\":\"https:\\\/\\\/tajkertesz.com\\\/\"},{\"@type\":\"ListItem\",\"position\":3,\"name\":\"Carex oshimensis Everillo &#8211; Mad\u00e1rl\u00e1b\u00fa tarka s\u00e1s\"}]},{\"@type\":\"WebSite\",\"@id\":\"https:\\\/\\\/tajkertesz.com\\\/#website\",\"url\":\"https:\\\/\\\/tajkertesz.com\\\/\",\"name\":\"T\u00e1j-Kert\u00e9sz 84 Kft.\",\"description\":\"Kert\u00e9szeti kis- \u00e9s nagykeresked\u00e9s, D\u00edszn\u00f6v\u00e9ny web\u00e1ruh\u00e1z orsz\u00e1gos h\u00e1zhozsz\u00e1ll\u00edt\u00e1ssal!\",\"publisher\":{\"@id\":\"https:\\\/\\\/tajkertesz.com\\\/#organization\"},\"potentialAction\":[{\"@type\":\"SearchAction\",\"target\":{\"@type\":\"EntryPoint\",\"urlTemplate\":\"https:\\\/\\\/tajkertesz.com\\\/?s={search_term_string}\"},\"query-input\":{\"@type\":\"PropertyValueSpecification\",\"valueRequired\":true,\"valueName\":\"search_term_string\"}}],\"inLanguage\":\"en-US\"},{\"@type\":\"Organization\",\"@id\":\"https:\\\/\\\/tajkertesz.com\\\/#organization\",\"name\":\"T\u00e1j-Kert\u00e9sz 84 Kft.\",\"url\":\"https:\\\/\\\/tajkertesz.com\\\/\",\"logo\":{\"@type\":\"ImageObject\",\"inLanguage\":\"en-US\",\"@id\":\"https:\\\/\\\/tajkertesz.com\\\/#\\\/schema\\\/logo\\\/image\\\/\",\"url\":\"https:\\\/\\\/tajkertesz.com\\\/wp-content\\\/uploads\\\/2018\\\/02\\\/logo-2-e1518678052539.png\",\"contentUrl\":\"https:\\\/\\\/tajkertesz.com\\\/wp-content\\\/uploads\\\/2018\\\/02\\\/logo-2-e1518678052539.png\",\"width\":81,\"height\":140,\"caption\":\"T\u00e1j-Kert\u00e9sz 84 Kft.\"},\"image\":{\"@id\":\"https:\\\/\\\/tajkertesz.com\\\/#\\\/schema\\\/logo\\\/image\\\/\"},\"sameAs\":[\"https:\\\/\\\/www.facebook.com\\\/Tajkertesz\\\/\"]}]}<\/script>\n<!-- \/ Yoast SEO plugin. -->","yoast_head_json":{"title":"Carex oshimensis Everillo - Mad\u00e1rl\u00e1b\u00fa tarka s\u00e1s - T\u00e1jkert\u00e9sz","description":"Carex oshimensis Everillo - Mad\u00e1rl\u00e1b\u00fa tarka s\u00e1s limez\u00f6ld lomb\u00fa d\u00edszf\u0171 \u00e1rny\u00e9kos \u00e9s f\u00e9l\u00e1rny\u00e9kos helyekre. Modern kertekbe is ide\u00e1lis v\u00e1laszt\u00e1s.","robots":{"index":"index","follow":"follow","max-snippet":"max-snippet:-1","max-image-preview":"max-image-preview:large","max-video-preview":"max-video-preview:-1"},"canonical":"https:\/\/tajkertesz.com\/en_US\/product\/carex-oshimensis-everillo-madarlabu-tarka-sas\/","og_locale":"en_US","og_type":"article","og_title":"Carex oshimensis Everillo - Mad\u00e1rl\u00e1b\u00fa tarka s\u00e1s - T\u00e1jkert\u00e9sz","og_description":"Carex oshimensis Everillo - Mad\u00e1rl\u00e1b\u00fa tarka s\u00e1s limez\u00f6ld lomb\u00fa d\u00edszf\u0171 \u00e1rny\u00e9kos \u00e9s f\u00e9l\u00e1rny\u00e9kos helyekre. Modern kertekbe is ide\u00e1lis v\u00e1laszt\u00e1s.","og_url":"https:\/\/tajkertesz.com\/en_US\/product\/carex-oshimensis-everillo-madarlabu-tarka-sas\/","og_site_name":"T\u00e1jkert\u00e9sz","article_publisher":"https:\/\/www.facebook.com\/Tajkertesz\/","article_modified_time":"2025-12-15T14:02:06+00:00","og_image":[{"width":1852,"height":2560,"url":"https:\/\/tajkertesz.com\/wp-content\/uploads\/2021\/06\/20250801_163116-scaled.jpg","type":"image\/jpeg"}],"twitter_card":"summary_large_image","twitter_misc":{"Est. reading time":"3 minutes"},"schema":{"@context":"https:\/\/schema.org","@graph":[{"@type":"WebPage","@id":"https:\/\/tajkertesz.com\/termek\/carex-oshimensis-everillo-madarlabu-tarka-sas\/","url":"https:\/\/tajkertesz.com\/termek\/carex-oshimensis-everillo-madarlabu-tarka-sas\/","name":"Carex oshimensis Everillo - Mad\u00e1rl\u00e1b\u00fa tarka s\u00e1s - T\u00e1jkert\u00e9sz","isPartOf":{"@id":"https:\/\/tajkertesz.com\/#website"},"primaryImageOfPage":{"@id":"https:\/\/tajkertesz.com\/termek\/carex-oshimensis-everillo-madarlabu-tarka-sas\/#primaryimage"},"image":{"@id":"https:\/\/tajkertesz.com\/termek\/carex-oshimensis-everillo-madarlabu-tarka-sas\/#primaryimage"},"thumbnailUrl":"https:\/\/tajkertesz.com\/wp-content\/uploads\/2021\/06\/20250801_163116-scaled.jpg","datePublished":"2021-06-16T08:55:45+00:00","dateModified":"2025-12-15T14:02:06+00:00","description":"Carex oshimensis Everillo - Mad\u00e1rl\u00e1b\u00fa tarka s\u00e1s limez\u00f6ld lomb\u00fa d\u00edszf\u0171 \u00e1rny\u00e9kos \u00e9s f\u00e9l\u00e1rny\u00e9kos helyekre. Modern kertekbe is ide\u00e1lis v\u00e1laszt\u00e1s.","breadcrumb":{"@id":"https:\/\/tajkertesz.com\/termek\/carex-oshimensis-everillo-madarlabu-tarka-sas\/#breadcrumb"},"inLanguage":"en-US","potentialAction":[{"@type":"ReadAction","target":["https:\/\/tajkertesz.com\/termek\/carex-oshimensis-everillo-madarlabu-tarka-sas\/"]}]},{"@type":"ImageObject","inLanguage":"en-US","@id":"https:\/\/tajkertesz.com\/termek\/carex-oshimensis-everillo-madarlabu-tarka-sas\/#primaryimage","url":"https:\/\/tajkertesz.com\/wp-content\/uploads\/2021\/06\/20250801_163116-scaled.jpg","contentUrl":"https:\/\/tajkertesz.com\/wp-content\/uploads\/2021\/06\/20250801_163116-scaled.jpg","width":1852,"height":2560,"caption":"Carex oshimensis Everillo - Mad\u00e1rl\u00e1b\u00fa tarka s\u00e1s"},{"@type":"BreadcrumbList","@id":"https:\/\/tajkertesz.com\/termek\/carex-oshimensis-everillo-madarlabu-tarka-sas\/#breadcrumb","itemListElement":[{"@type":"ListItem","position":1,"name":"Home","item":"https:\/\/tajkertesz.com\/"},{"@type":"ListItem","position":2,"name":"Kezd\u0151lap","item":"https:\/\/tajkertesz.com\/"},{"@type":"ListItem","position":3,"name":"Carex oshimensis Everillo &#8211; Mad\u00e1rl\u00e1b\u00fa tarka s\u00e1s"}]},{"@type":"WebSite","@id":"https:\/\/tajkertesz.com\/#website","url":"https:\/\/tajkertesz.com\/","name":"T\u00e1j-Kert\u00e9sz 84 Kft.","description":"Kert\u00e9szeti kis- \u00e9s nagykeresked\u00e9s, D\u00edszn\u00f6v\u00e9ny web\u00e1ruh\u00e1z orsz\u00e1gos h\u00e1zhozsz\u00e1ll\u00edt\u00e1ssal!","publisher":{"@id":"https:\/\/tajkertesz.com\/#organization"},"potentialAction":[{"@type":"SearchAction","target":{"@type":"EntryPoint","urlTemplate":"https:\/\/tajkertesz.com\/?s={search_term_string}"},"query-input":{"@type":"PropertyValueSpecification","valueRequired":true,"valueName":"search_term_string"}}],"inLanguage":"en-US"},{"@type":"Organization","@id":"https:\/\/tajkertesz.com\/#organization","name":"T\u00e1j-Kert\u00e9sz 84 Kft.","url":"https:\/\/tajkertesz.com\/","logo":{"@type":"ImageObject","inLanguage":"en-US","@id":"https:\/\/tajkertesz.com\/#\/schema\/logo\/image\/","url":"https:\/\/tajkertesz.com\/wp-content\/uploads\/2018\/02\/logo-2-e1518678052539.png","contentUrl":"https:\/\/tajkertesz.com\/wp-content\/uploads\/2018\/02\/logo-2-e1518678052539.png","width":81,"height":140,"caption":"T\u00e1j-Kert\u00e9sz 84 Kft."},"image":{"@id":"https:\/\/tajkertesz.com\/#\/schema\/logo\/image\/"},"sameAs":["https:\/\/www.facebook.com\/Tajkertesz\/"]}]}},"_links":{"self":[{"href":"https:\/\/tajkertesz.com\/en_US\/wp-json\/wp\/v2\/product\/6702","targetHints":{"allow":["GET"]}}],"collection":[{"href":"https:\/\/tajkertesz.com\/en_US\/wp-json\/wp\/v2\/product"}],"about":[{"href":"https:\/\/tajkertesz.com\/en_US\/wp-json\/wp\/v2\/types\/product"}],"wp:featuredmedia":[{"embeddable":true,"href":"https:\/\/tajkertesz.com\/en_US\/wp-json\/wp\/v2\/media\/24157"}],"wp:attachment":[{"href":"https:\/\/tajkertesz.com\/en_US\/wp-json\/wp\/v2\/media?parent=6702"}],"wp:term":[{"taxonomy":"product_brand","embeddable":true,"href":"https:\/\/tajkertesz.com\/en_US\/wp-json\/wp\/v2\/product_brand?post=6702"},{"taxonomy":"product_cat","embeddable":true,"href":"https:\/\/tajkertesz.com\/en_US\/wp-json\/wp\/v2\/product_cat?post=6702"},{"taxonomy":"product_tag","embeddable":true,"href":"https:\/\/tajkertesz.com\/en_US\/wp-json\/wp\/v2\/product_tag?post=6702"}],"curies":[{"name":"wp","href":"https:\/\/api.w.org\/{rel}","templated":true}]}}