{"id":6722,"date":"2024-11-12T14:59:52","date_gmt":"2024-11-12T14:59:52","guid":{"rendered":"https:\/\/tajkertesz.com\/?post_type=product&#038;p=6722"},"modified":"2025-09-23T09:33:44","modified_gmt":"2025-09-23T09:33:44","slug":"acer-palmatum-orange-dream-japan-juhar-2","status":"publish","type":"product","link":"https:\/\/tajkertesz.com\/en_US\/product\/acer-palmatum-orange-dream-japan-juhar-2\/","title":{"rendered":"Acer palmatum &#8216;Orange Dream&#8217; &#8211; Jap\u00e1n juhar"},"content":{"rendered":"<h1 class=\"LC20lb DKV0Md\">Acer palmatum &#8216;Orange Dream&#8217; &#8211; Jap\u00e1n juhar<\/h1>\n<p class=\"LC20lb DKV0Md\">Acer palmatum &#8216;Orange Dream&#8217; &#8211; Jap\u00e1n juhar egy k\u00fcl\u00f6nleges \u00e9s dekorat\u00edv d\u00edszfa, amely k\u00fcl\u00f6n\u00f6sen n\u00e9pszer\u0171 a jap\u00e1n st\u00edlus\u00fa kertekben. Ez a fajta a jap\u00e1n juhar (Acer palmatum) egyik v\u00e1ltozata, amelyet \u00e9l\u00e9nk sz\u00edn\u0171 levelei \u00e9s eleg\u00e1ns megjelen\u00e9se k\u00fcl\u00f6nb\u00f6ztet meg.<\/p>\n<h2 class=\"LC20lb DKV0Md\">Acer palmatum &#8216;Orange Dream&#8217; jellemz\u0151i:<\/h2>\n<p class=\"LC20lb DKV0Md\">Az Acer palmatum \u2018Orange Dream\u2019 k\u00f6zepes m\u00e9ret\u0171 fa, amely 2,5-4 m\u00e9ter magasra n\u0151. Lass\u00fa n\u00f6veked\u00e9s\u0171, \u00edgy kisebb kertekbe is ide\u00e1lis v\u00e1laszt\u00e1s.<br \/>\nSzab\u00e1lytalan, erny\u0151szer\u0171 koron\u00e1t nevel, amely d\u00fas lombozat\u00e1val k\u00fcl\u00f6nleges l\u00e1tv\u00e1nyt ny\u00fajt.<br \/>\nLevelei m\u00e9lyen kar\u00e9josak, tavasszal \u00e9l\u00e9nk narancss\u00e1rga sz\u00edn\u0171ek, amelyek ny\u00e1r folyam\u00e1n vil\u00e1gosz\u00f6ldre v\u00e1ltanak, majd \u0151sszel gazdag arany, narancs \u00e9s v\u00f6r\u00f6s \u00e1rnyalatokban pomp\u00e1znak. Ez a sz\u00ednv\u00e1ltoz\u00e1s teszi az \u2018Orange Dream\u2019-et k\u00fcl\u00f6nlegesen vonz\u00f3v\u00e1.<br \/>\nApr\u00f3, szinte \u00e9szrevehetetlen vir\u00e1gai tavasszal ny\u00edlnak, amelyeket apr\u00f3 sz\u00e1rnyas magok k\u00f6vetnek.<\/p>\n<h3>A jap\u00e1n juhar gondoz\u00e1sa<\/h3>\n<p class=\"LC20lb DKV0Md\">A jap\u00e1n juhar f\u00e9l\u00e1rny\u00e9kos helyen \u00e9rzi mag\u00e1t a legjobban, mivel a t\u0171z\u0151 nap meg\u00e9getheti\u00a0 a leveleket. A legszebb sz\u00ednek el\u00e9r\u00e9s\u00e9hez r\u00e9szleges \u00e1rny\u00e9kban \u00e9rdemes \u00fcltetni.<br \/>\nKedveli a j\u00f3 v\u00edzelvezet\u00e9s\u0171, humuszban gazdag, enyh\u00e9n savas talajt. M\u00e9szker\u00fcl\u0151, a savany\u00fa k\u00e9mhat\u00e1s\u00fa (pH 6,1\u20136,5) j\u00f3 v\u00edzvezet\u0151 v\u00e1lyogtalajt kedveli. A t\u0151zeges talaj k\u00fcl\u00f6n\u00f6sen el\u0151ny\u00f6s sz\u00e1m\u00e1ra.<br \/>\nK\u00f6zepes v\u00edzig\u00e9ny\u0171 n\u00f6v\u00e9ny, k\u00fcl\u00f6n\u00f6sen a melegebb napokon ig\u00e9nyel rendszeres \u00f6nt\u00f6z\u00e9st. Fontos, hogy a talaj mindig nyirkos maradjon, de a t\u00fal\u00f6nt\u00f6z\u00e9st ker\u00fclni kell, mert az gy\u00f6k\u00e9rrothad\u00e1st okozhat.<br \/>\n\u00c1ltal\u00e1ban nem ig\u00e9nyel rendszeres metsz\u00e9st, de az elhalt vagy beteg \u00e1gak elt\u00e1vol\u00edt\u00e1sa aj\u00e1nlott. A metsz\u00e9st legjobb k\u00e9s\u0151 t\u00e9len vagy kora tavasszal v\u00e9gezni.<\/p>\n<h4><strong>\ud83d\udd04 K\u00e9szletinform\u00e1ci\u00f3<\/strong><\/h4>\n<p><strong>K\u00e9szlet\u00fcnk napi szinten v\u00e1ltozik, \u00edgy a webshopban szerepl<\/strong><strong>\u0151<\/strong><strong>\u00a0term\u00e9kek el\u00e9rhet<\/strong><strong>\u0151<\/strong><strong>s\u00e9ge nem garant\u00e1lt.<br \/>\n\ud83d\udcde A megrendel\u00e9s el<\/strong><strong>\u0151<\/strong><strong>tt k\u00e9rj\u00fck, \u00e9rdekl<\/strong><strong>\u0151<\/strong><strong>dj\u00f6n szem\u00e9lyesen, telefonon vagy e-mailben!<\/strong><\/p>\n<h4><strong>\u27a1\ufe0f Kapcsolat:<\/strong><\/h4>\n<ul>\n<li><strong>Weboldal:\u00a0<\/strong><a href=\"https:\/\/tajkertesz.com\/\"><strong>tajkertesz.com<\/strong><\/a><\/li>\n<li><strong>Facebook:\u00a0<\/strong><a href=\"https:\/\/www.facebook.com\/tajkertesz\/\"><strong>facebook.com\/tajkertesz<\/strong><\/a><\/li>\n<li><strong>Telefonsz\u00e1m, e-mail: +36\/20-319-3770\u00a0<\/strong><a href=\"mailto:tajkerteszaruda@gmail.com\"><strong>tajkerteszaruda@gmail.com<\/strong><\/a><\/li>\n<\/ul>\n<h4><strong>\ud83d\ude9a Sz\u00e1ll\u00edt\u00e1si inform\u00e1ci\u00f3k<\/strong><\/h4>\n<p><strong>A megrendelt n\u00f6v\u00e9nyek kisz\u00e1ll\u00edt\u00e1sa az al\u00e1bbi felt\u00e9telek mellett t\u00f6rt\u00e9nik:<\/strong><\/p>\n<h4><strong>\ud83d\udce6 Fut\u00e1rszolg\u00e1latos sz\u00e1ll\u00edt\u00e1s<\/strong><\/h4>\n<ul>\n<li><strong>Maxim\u00e1lis m\u00e9ret: 200 cm (hossz\u00fas\u00e1g)<\/strong><\/li>\n<li><strong>Maxim\u00e1lis s\u00faly: 40 kg<\/strong><\/li>\n<li><strong>Az enn\u00e9l kisebb \u00e9s k\u00f6nnyebb csomagokat fut\u00e1rszolg\u00e1lattal k\u00e9zbes\u00edtj\u00fck a lehet<\/strong><strong>\u0151<\/strong><strong>\u00a0legbiztons\u00e1gosabb csomagol\u00e1sban.<\/strong><\/li>\n<\/ul>\n<h4><strong>\ud83d\udefb Szem\u00e9lyes \u00e1tv\u00e9tel<\/strong><\/h4>\n<ul>\n<li><strong>1173 Budapest, Bakancsos utca 7. sz\u00e1m alatt nyitvatart\u00e1si id<\/strong><strong>\u0151<\/strong><strong>ben szem\u00e9lyesen \u00e1tvehet<\/strong><strong>\u0151<\/strong><strong>\u00a0kert\u00e9szeti \u00e1rud\u00e1nkban.<\/strong><\/li>\n<li><strong>K\u00f6lts\u00e9ghat\u00e9kony megold\u00e1s nagyobb, t\u00f6r\u00e9kenyebb vagy t\u00falm\u00e9retes n\u00f6v\u00e9nyek eset\u00e9n.<\/strong><\/li>\n<\/ul>\n<h4><strong>\ud83d\udcde Nagy m\u00e9ret<\/strong><strong>\u0171<\/strong><strong>\u00a0vagy s\u00faly\u00fa n\u00f6v\u00e9nyek eset\u00e9n<\/strong><\/h4>\n<p><strong>Ha a term\u00e9k:<\/strong><\/p>\n<ul>\n<li><strong>meghaladja a 200 cm hossz\u00fas\u00e1got vagy<\/strong><\/li>\n<li><strong>meghaladja a 40 kg s\u00falyt,<\/strong><\/li>\n<\/ul>\n<p><strong>akkor szem\u00e9lyes \u00e1tv\u00e9tellel vagy egyedi, el<\/strong><strong>\u0151<\/strong><strong>re egyeztetett sz\u00e1ll\u00edt\u00e1si felt\u00e9telek mellett t\u00f6rt\u00e9nik.<br \/>\nK\u00e9rj\u00fck, ilyen esetben rendel\u00e9s el<\/strong><strong>\u0151<\/strong><strong>tt vegye fel vel\u00fcnk a kapcsolatot, hogy a lehet<\/strong><strong>\u0151<\/strong><strong>\u00a0legmegfelel<\/strong><strong>\u0151<\/strong><strong>bb sz\u00e1ll\u00edt\u00e1si megold\u00e1st k\u00edn\u00e1lhassuk.<\/strong><\/p>\n<p><strong>\ud83d\udd14 Fontos: A n\u00f6v\u00e9nyeket minden esetben igyeksz\u00fcnk gondosan, egyes\u00e9vel csomagolni, azonban a sz\u00e1ll\u00edt\u00e1s sor\u00e1n kisebb eszt\u00e9tikai s\u00e9r\u00fcl\u00e9sek el<\/strong><strong>\u0151<\/strong><strong>fordulhatnak (pl. lev\u00e9lhull\u00e1s). Ez nem min<\/strong><strong>\u0151<\/strong><strong>s\u00fcl hib\u00e1s teljes\u00edt\u00e9snek.<\/strong><\/p>\n<h4><strong>\ud83d\udcf7 Fontos tudni a k\u00e9pekr<\/strong><strong>\u0151<\/strong><strong>l<\/strong><\/h4>\n<p><strong>A webshopban szerepl<\/strong><strong>\u0151<\/strong><strong>\u00a0k\u00e9pek illusztr\u00e1ci\u00f3k, a n\u00f6v\u00e9nyek term\u00e9szet\u00fckn\u00e9l fogva egyediek, \u00edgy m\u00e9retben, alakban \u00e9s sz\u00ednben minim\u00e1lis elt\u00e9r\u00e9sek el<\/strong><strong>\u0151<\/strong><strong>fordulhatnak a k\u00e9pen l\u00e1that\u00f3 \u00e9s a val\u00f3s p\u00e9ld\u00e1nyok k\u00f6z\u00f6tt.<\/strong><\/p>\n<h4><strong>\ud83e\uddfe \u00c1rak \u00e9s el\u00e1ll\u00e1si jog<\/strong><\/h4>\n<ul>\n<li><strong>Az \u00e1rak egy darab\u00a0n\u00f6v\u00e9nyre vonatkoznak.<\/strong><\/li>\n<li><strong>\u00c9l<\/strong><strong>\u0151<\/strong><strong>\u00a0n\u00f6v\u00e9nyek rendel\u00e9se eset\u00e9n a 14 napos el\u00e1ll\u00e1s joga nem \u00e9rv\u00e9nyes\u00edthet<\/strong><strong>\u0151<\/strong><strong>, mivel azok romland\u00f3, biol\u00f3giailag \u00e9l<\/strong><strong>\u0151<\/strong><strong>\u00a0term\u00e9keknek min<\/strong><strong>\u0151<\/strong><strong>s\u00fclnek.<br \/>\n\ud83d\udd12 (17\/1999. (II. 5.) Korm. rendelet 5. \u00a7 c) pontja alapj\u00e1n)<\/strong><\/li>\n<\/ul>\n<h4><strong>\ud83d\udce6 K\u00e9zbes\u00edt\u00e9s ut\u00e1ni teend<\/strong><strong>\u0151<\/strong><strong>k<\/strong><\/h4>\n<p><strong>A k\u00e9zbes\u00edt\u00e9st k\u00f6vet<\/strong><strong>\u0151<\/strong><strong>en a csomagot azonnal bontsuk ki, \u00e9s a n\u00f6v\u00e9nyt helyezz\u00fck el megfelel<\/strong><strong>\u0151<\/strong><strong>\u00a0k\u00f6rnyezetben.<br \/>\nFontos: ha a n\u00f6v\u00e9ny nem r\u00e9szes\u00fcl megfelel<\/strong><strong>\u0151<\/strong><strong>\u00a0gondoz\u00e1sban \u00e9s ennek k\u00f6vetkezt\u00e9ben k\u00e1rosodik vagy elpusztul, felel<\/strong><strong>\u0151<\/strong><strong>ss\u00e9get nem tudunk v\u00e1llalni.<\/strong><\/p>","protected":false},"excerpt":{"rendered":"<p class=\"LC20lb DKV0Md\">Jap\u00e1n juhar &#8216;Orange Dream&#8217; &#8211; Acer palmatum A s\u00e1rg\u00e1sz\u00f6ld level\u0171 jap\u00e1n juhar sz\u00e9p lombsz\u00edn\u00e9vel d\u00edsz\u00edt lombfakad\u00e1st\u00f3l lombhull\u00e1sig. 3-4 m\u00e9ter magasra megn\u00f6v\u0151&#8230;<\/p>\n<p>N\u00f6v\u00e9ny magass\u00e1ga: 40cm<\/p>\n<p>Cser\u00e9p m\u00e9rete:1l.<\/p>","protected":false},"featured_media":20578,"template":"","meta":{"_et_pb_use_builder":"","_et_pb_old_content":"","_et_gb_content_width":""},"product_brand":[],"product_cat":[28],"product_tag":[42,1832,5200,47],"class_list":{"0":"post-6722","1":"product","2":"type-product","3":"status-publish","4":"has-post-thumbnail","6":"product_cat-diszfak","7":"product_tag-acer","8":"product_tag-japan-juhar-orange-dream-acer-palmatum","9":"product_tag-japanjuhar","10":"product_tag-juhar","12":"first","13":"instock","14":"shipping-taxable","15":"purchasable","16":"product-type-simple"},"yoast_head":"<!-- This site is optimized with the Yoast SEO plugin v27.3 - https:\/\/yoast.com\/product\/yoast-seo-wordpress\/ -->\n<title>Acer palmatum &#039;Orange Dream&#039; - Jap\u00e1n juhar - T\u00e1jkert\u00e9sz<\/title>\n<meta name=\"description\" content=\"Acer palmatum &#039;Orange Dream&#039; - Jap\u00e1n juhar A s\u00e1rg\u00e1sz\u00f6ld level\u0171 jap\u00e1n juhar sz\u00e9p lombsz\u00edn\u00e9vel d\u00edsz\u00edt lombfakad\u00e1st\u00f3l lombhull\u00e1sig.\" \/>\n<meta name=\"robots\" content=\"index, follow, max-snippet:-1, max-image-preview:large, max-video-preview:-1\" \/>\n<link rel=\"canonical\" href=\"https:\/\/tajkertesz.com\/en_US\/product\/acer-palmatum-orange-dream-japan-juhar-2\/\" \/>\n<meta property=\"og:locale\" content=\"en_US\" \/>\n<meta property=\"og:type\" content=\"article\" \/>\n<meta property=\"og:title\" content=\"Acer palmatum &#039;Orange Dream&#039; - Jap\u00e1n juhar - T\u00e1jkert\u00e9sz\" \/>\n<meta property=\"og:description\" content=\"Acer palmatum &#039;Orange Dream&#039; - Jap\u00e1n juhar A s\u00e1rg\u00e1sz\u00f6ld level\u0171 jap\u00e1n juhar sz\u00e9p lombsz\u00edn\u00e9vel d\u00edsz\u00edt lombfakad\u00e1st\u00f3l lombhull\u00e1sig.\" \/>\n<meta property=\"og:url\" content=\"https:\/\/tajkertesz.com\/en_US\/product\/acer-palmatum-orange-dream-japan-juhar-2\/\" \/>\n<meta property=\"og:site_name\" content=\"T\u00e1jkert\u00e9sz\" \/>\n<meta property=\"article:publisher\" content=\"https:\/\/www.facebook.com\/Tajkertesz\/\" \/>\n<meta property=\"article:modified_time\" content=\"2025-09-23T09:33:44+00:00\" \/>\n<meta property=\"og:image\" content=\"https:\/\/tajkertesz.com\/wp-content\/uploads\/2020\/02\/20240614_134526-1-scaled.jpg\" \/>\n\t<meta property=\"og:image:width\" content=\"1154\" \/>\n\t<meta property=\"og:image:height\" content=\"2560\" \/>\n\t<meta property=\"og:image:type\" content=\"image\/jpeg\" \/>\n<meta name=\"twitter:card\" content=\"summary_large_image\" \/>\n<meta name=\"twitter:label1\" content=\"Est. reading time\" \/>\n\t<meta name=\"twitter:data1\" content=\"4 minutes\" \/>\n<script type=\"application\/ld+json\" class=\"yoast-schema-graph\">{\"@context\":\"https:\\\/\\\/schema.org\",\"@graph\":[{\"@type\":\"WebPage\",\"@id\":\"https:\\\/\\\/tajkertesz.com\\\/termek\\\/acer-palmatum-orange-dream-japan-juhar-2\\\/\",\"url\":\"https:\\\/\\\/tajkertesz.com\\\/termek\\\/acer-palmatum-orange-dream-japan-juhar-2\\\/\",\"name\":\"Acer palmatum 'Orange Dream' - Jap\u00e1n juhar - T\u00e1jkert\u00e9sz\",\"isPartOf\":{\"@id\":\"https:\\\/\\\/tajkertesz.com\\\/#website\"},\"primaryImageOfPage\":{\"@id\":\"https:\\\/\\\/tajkertesz.com\\\/termek\\\/acer-palmatum-orange-dream-japan-juhar-2\\\/#primaryimage\"},\"image\":{\"@id\":\"https:\\\/\\\/tajkertesz.com\\\/termek\\\/acer-palmatum-orange-dream-japan-juhar-2\\\/#primaryimage\"},\"thumbnailUrl\":\"https:\\\/\\\/tajkertesz.com\\\/wp-content\\\/uploads\\\/2020\\\/02\\\/20240614_134526-1-scaled.jpg\",\"datePublished\":\"2024-11-12T14:59:52+00:00\",\"dateModified\":\"2025-09-23T09:33:44+00:00\",\"description\":\"Acer palmatum 'Orange Dream' - Jap\u00e1n juhar A s\u00e1rg\u00e1sz\u00f6ld level\u0171 jap\u00e1n juhar sz\u00e9p lombsz\u00edn\u00e9vel d\u00edsz\u00edt lombfakad\u00e1st\u00f3l lombhull\u00e1sig.\",\"breadcrumb\":{\"@id\":\"https:\\\/\\\/tajkertesz.com\\\/termek\\\/acer-palmatum-orange-dream-japan-juhar-2\\\/#breadcrumb\"},\"inLanguage\":\"en-US\",\"potentialAction\":[{\"@type\":\"ReadAction\",\"target\":[\"https:\\\/\\\/tajkertesz.com\\\/termek\\\/acer-palmatum-orange-dream-japan-juhar-2\\\/\"]}]},{\"@type\":\"ImageObject\",\"inLanguage\":\"en-US\",\"@id\":\"https:\\\/\\\/tajkertesz.com\\\/termek\\\/acer-palmatum-orange-dream-japan-juhar-2\\\/#primaryimage\",\"url\":\"https:\\\/\\\/tajkertesz.com\\\/wp-content\\\/uploads\\\/2020\\\/02\\\/20240614_134526-1-scaled.jpg\",\"contentUrl\":\"https:\\\/\\\/tajkertesz.com\\\/wp-content\\\/uploads\\\/2020\\\/02\\\/20240614_134526-1-scaled.jpg\",\"width\":1154,\"height\":2560,\"caption\":\"Acer palmatum 'Orange Dream' - Jap\u00e1n juhar\"},{\"@type\":\"BreadcrumbList\",\"@id\":\"https:\\\/\\\/tajkertesz.com\\\/termek\\\/acer-palmatum-orange-dream-japan-juhar-2\\\/#breadcrumb\",\"itemListElement\":[{\"@type\":\"ListItem\",\"position\":1,\"name\":\"Home\",\"item\":\"https:\\\/\\\/tajkertesz.com\\\/\"},{\"@type\":\"ListItem\",\"position\":2,\"name\":\"Kezd\u0151lap\",\"item\":\"https:\\\/\\\/tajkertesz.com\\\/\"},{\"@type\":\"ListItem\",\"position\":3,\"name\":\"Acer palmatum &#8216;Orange Dream&#8217; &#8211; Jap\u00e1n juhar\"}]},{\"@type\":\"WebSite\",\"@id\":\"https:\\\/\\\/tajkertesz.com\\\/#website\",\"url\":\"https:\\\/\\\/tajkertesz.com\\\/\",\"name\":\"T\u00e1j-Kert\u00e9sz 84 Kft.\",\"description\":\"Kert\u00e9szeti kis- \u00e9s nagykeresked\u00e9s, D\u00edszn\u00f6v\u00e9ny web\u00e1ruh\u00e1z orsz\u00e1gos h\u00e1zhozsz\u00e1ll\u00edt\u00e1ssal!\",\"publisher\":{\"@id\":\"https:\\\/\\\/tajkertesz.com\\\/#organization\"},\"potentialAction\":[{\"@type\":\"SearchAction\",\"target\":{\"@type\":\"EntryPoint\",\"urlTemplate\":\"https:\\\/\\\/tajkertesz.com\\\/?s={search_term_string}\"},\"query-input\":{\"@type\":\"PropertyValueSpecification\",\"valueRequired\":true,\"valueName\":\"search_term_string\"}}],\"inLanguage\":\"en-US\"},{\"@type\":\"Organization\",\"@id\":\"https:\\\/\\\/tajkertesz.com\\\/#organization\",\"name\":\"T\u00e1j-Kert\u00e9sz 84 Kft.\",\"url\":\"https:\\\/\\\/tajkertesz.com\\\/\",\"logo\":{\"@type\":\"ImageObject\",\"inLanguage\":\"en-US\",\"@id\":\"https:\\\/\\\/tajkertesz.com\\\/#\\\/schema\\\/logo\\\/image\\\/\",\"url\":\"https:\\\/\\\/tajkertesz.com\\\/wp-content\\\/uploads\\\/2018\\\/02\\\/logo-2-e1518678052539.png\",\"contentUrl\":\"https:\\\/\\\/tajkertesz.com\\\/wp-content\\\/uploads\\\/2018\\\/02\\\/logo-2-e1518678052539.png\",\"width\":81,\"height\":140,\"caption\":\"T\u00e1j-Kert\u00e9sz 84 Kft.\"},\"image\":{\"@id\":\"https:\\\/\\\/tajkertesz.com\\\/#\\\/schema\\\/logo\\\/image\\\/\"},\"sameAs\":[\"https:\\\/\\\/www.facebook.com\\\/Tajkertesz\\\/\"]}]}<\/script>\n<!-- \/ Yoast SEO plugin. -->","yoast_head_json":{"title":"Acer palmatum 'Orange Dream' - Jap\u00e1n juhar - T\u00e1jkert\u00e9sz","description":"Acer palmatum 'Orange Dream' - Jap\u00e1n juhar A s\u00e1rg\u00e1sz\u00f6ld level\u0171 jap\u00e1n juhar sz\u00e9p lombsz\u00edn\u00e9vel d\u00edsz\u00edt lombfakad\u00e1st\u00f3l lombhull\u00e1sig.","robots":{"index":"index","follow":"follow","max-snippet":"max-snippet:-1","max-image-preview":"max-image-preview:large","max-video-preview":"max-video-preview:-1"},"canonical":"https:\/\/tajkertesz.com\/en_US\/product\/acer-palmatum-orange-dream-japan-juhar-2\/","og_locale":"en_US","og_type":"article","og_title":"Acer palmatum 'Orange Dream' - Jap\u00e1n juhar - T\u00e1jkert\u00e9sz","og_description":"Acer palmatum 'Orange Dream' - Jap\u00e1n juhar A s\u00e1rg\u00e1sz\u00f6ld level\u0171 jap\u00e1n juhar sz\u00e9p lombsz\u00edn\u00e9vel d\u00edsz\u00edt lombfakad\u00e1st\u00f3l lombhull\u00e1sig.","og_url":"https:\/\/tajkertesz.com\/en_US\/product\/acer-palmatum-orange-dream-japan-juhar-2\/","og_site_name":"T\u00e1jkert\u00e9sz","article_publisher":"https:\/\/www.facebook.com\/Tajkertesz\/","article_modified_time":"2025-09-23T09:33:44+00:00","og_image":[{"width":1154,"height":2560,"url":"https:\/\/tajkertesz.com\/wp-content\/uploads\/2020\/02\/20240614_134526-1-scaled.jpg","type":"image\/jpeg"}],"twitter_card":"summary_large_image","twitter_misc":{"Est. reading time":"4 minutes"},"schema":{"@context":"https:\/\/schema.org","@graph":[{"@type":"WebPage","@id":"https:\/\/tajkertesz.com\/termek\/acer-palmatum-orange-dream-japan-juhar-2\/","url":"https:\/\/tajkertesz.com\/termek\/acer-palmatum-orange-dream-japan-juhar-2\/","name":"Acer palmatum 'Orange Dream' - Jap\u00e1n juhar - T\u00e1jkert\u00e9sz","isPartOf":{"@id":"https:\/\/tajkertesz.com\/#website"},"primaryImageOfPage":{"@id":"https:\/\/tajkertesz.com\/termek\/acer-palmatum-orange-dream-japan-juhar-2\/#primaryimage"},"image":{"@id":"https:\/\/tajkertesz.com\/termek\/acer-palmatum-orange-dream-japan-juhar-2\/#primaryimage"},"thumbnailUrl":"https:\/\/tajkertesz.com\/wp-content\/uploads\/2020\/02\/20240614_134526-1-scaled.jpg","datePublished":"2024-11-12T14:59:52+00:00","dateModified":"2025-09-23T09:33:44+00:00","description":"Acer palmatum 'Orange Dream' - Jap\u00e1n juhar A s\u00e1rg\u00e1sz\u00f6ld level\u0171 jap\u00e1n juhar sz\u00e9p lombsz\u00edn\u00e9vel d\u00edsz\u00edt lombfakad\u00e1st\u00f3l lombhull\u00e1sig.","breadcrumb":{"@id":"https:\/\/tajkertesz.com\/termek\/acer-palmatum-orange-dream-japan-juhar-2\/#breadcrumb"},"inLanguage":"en-US","potentialAction":[{"@type":"ReadAction","target":["https:\/\/tajkertesz.com\/termek\/acer-palmatum-orange-dream-japan-juhar-2\/"]}]},{"@type":"ImageObject","inLanguage":"en-US","@id":"https:\/\/tajkertesz.com\/termek\/acer-palmatum-orange-dream-japan-juhar-2\/#primaryimage","url":"https:\/\/tajkertesz.com\/wp-content\/uploads\/2020\/02\/20240614_134526-1-scaled.jpg","contentUrl":"https:\/\/tajkertesz.com\/wp-content\/uploads\/2020\/02\/20240614_134526-1-scaled.jpg","width":1154,"height":2560,"caption":"Acer palmatum 'Orange Dream' - Jap\u00e1n juhar"},{"@type":"BreadcrumbList","@id":"https:\/\/tajkertesz.com\/termek\/acer-palmatum-orange-dream-japan-juhar-2\/#breadcrumb","itemListElement":[{"@type":"ListItem","position":1,"name":"Home","item":"https:\/\/tajkertesz.com\/"},{"@type":"ListItem","position":2,"name":"Kezd\u0151lap","item":"https:\/\/tajkertesz.com\/"},{"@type":"ListItem","position":3,"name":"Acer palmatum &#8216;Orange Dream&#8217; &#8211; Jap\u00e1n juhar"}]},{"@type":"WebSite","@id":"https:\/\/tajkertesz.com\/#website","url":"https:\/\/tajkertesz.com\/","name":"T\u00e1j-Kert\u00e9sz 84 Kft.","description":"Kert\u00e9szeti kis- \u00e9s nagykeresked\u00e9s, D\u00edszn\u00f6v\u00e9ny web\u00e1ruh\u00e1z orsz\u00e1gos h\u00e1zhozsz\u00e1ll\u00edt\u00e1ssal!","publisher":{"@id":"https:\/\/tajkertesz.com\/#organization"},"potentialAction":[{"@type":"SearchAction","target":{"@type":"EntryPoint","urlTemplate":"https:\/\/tajkertesz.com\/?s={search_term_string}"},"query-input":{"@type":"PropertyValueSpecification","valueRequired":true,"valueName":"search_term_string"}}],"inLanguage":"en-US"},{"@type":"Organization","@id":"https:\/\/tajkertesz.com\/#organization","name":"T\u00e1j-Kert\u00e9sz 84 Kft.","url":"https:\/\/tajkertesz.com\/","logo":{"@type":"ImageObject","inLanguage":"en-US","@id":"https:\/\/tajkertesz.com\/#\/schema\/logo\/image\/","url":"https:\/\/tajkertesz.com\/wp-content\/uploads\/2018\/02\/logo-2-e1518678052539.png","contentUrl":"https:\/\/tajkertesz.com\/wp-content\/uploads\/2018\/02\/logo-2-e1518678052539.png","width":81,"height":140,"caption":"T\u00e1j-Kert\u00e9sz 84 Kft."},"image":{"@id":"https:\/\/tajkertesz.com\/#\/schema\/logo\/image\/"},"sameAs":["https:\/\/www.facebook.com\/Tajkertesz\/"]}]}},"_links":{"self":[{"href":"https:\/\/tajkertesz.com\/en_US\/wp-json\/wp\/v2\/product\/6722","targetHints":{"allow":["GET"]}}],"collection":[{"href":"https:\/\/tajkertesz.com\/en_US\/wp-json\/wp\/v2\/product"}],"about":[{"href":"https:\/\/tajkertesz.com\/en_US\/wp-json\/wp\/v2\/types\/product"}],"wp:featuredmedia":[{"embeddable":true,"href":"https:\/\/tajkertesz.com\/en_US\/wp-json\/wp\/v2\/media\/20578"}],"wp:attachment":[{"href":"https:\/\/tajkertesz.com\/en_US\/wp-json\/wp\/v2\/media?parent=6722"}],"wp:term":[{"taxonomy":"product_brand","embeddable":true,"href":"https:\/\/tajkertesz.com\/en_US\/wp-json\/wp\/v2\/product_brand?post=6722"},{"taxonomy":"product_cat","embeddable":true,"href":"https:\/\/tajkertesz.com\/en_US\/wp-json\/wp\/v2\/product_cat?post=6722"},{"taxonomy":"product_tag","embeddable":true,"href":"https:\/\/tajkertesz.com\/en_US\/wp-json\/wp\/v2\/product_tag?post=6722"}],"curies":[{"name":"wp","href":"https:\/\/api.w.org\/{rel}","templated":true}]}}