{"id":6744,"date":"2021-06-16T12:53:53","date_gmt":"2021-06-16T12:53:53","guid":{"rendered":"https:\/\/tajkertesz.com\/?post_type=product&#038;p=6744"},"modified":"2026-02-16T15:40:49","modified_gmt":"2026-02-16T15:40:49","slug":"tru-pro-max-steel-kr-1st-dongolo-acel-nyellel-20-x-20-cm-122-cm-34792","status":"publish","type":"product","link":"https:\/\/tajkertesz.com\/en_US\/product\/tru-pro-max-steel-kr-1st-dongolo-acel-nyellel-20-x-20-cm-122-cm-34792\/","title":{"rendered":"TRU PRO MAX STEEL KR-1ST D\u00f6ng\u00f6l\u0151 ac\u00e9l ny\u00e9llel, 20 x 20 cm \/ 122 cm (34792)"},"content":{"rendered":"<div class=\"top product-page-top lazy\">\n<div class=\"center product-page-center lazy\">\n<h1>TRU PRO MAX STEEL KR-1ST D\u00f6ng\u00f6l\u0151 ac\u00e9l ny\u00e9llel, 20 x 20 cm \/ 122 cm (34792)<\/h1>\n<p>TRU PRO MAX STEEL KR-1ST D\u00f6ng\u00f6l\u0151 ac\u00e9l ny\u00e9llel, 20 x 20 cm \/ 122 cm (34792)<\/p>\n<form id=\"sticky-scroll\" class=\"cart\" action=\"https:\/\/maxma.hu\/termek\/dongolo-kr-1l-20x20cm-femnyelu-fekete-s-truper\/\" enctype=\"multipart\/form-data\" method=\"post\">\n<div class=\"quantity buttons_added\"><\/div>\n<\/form>\n<\/div>\n<\/div>\n<div class=\"product-page-price-wrapper lazy\"><\/div>\n<ul>\n<li>Porsz\u00f3rt ac\u00e9lszerkezet az er\u0151ss\u00e9g \u00e9s tart\u00f3ss\u00e1g \u00e9rdek\u00e9ben<\/li>\n<li>Az egyr\u00e9szes hegesztett ac\u00e9l foganty\u00fa megakad\u00e1lyozza a meglazul\u00e1st a foganty\u00faval, amely k\u00e9nyelmes fog\u00e1st biztos\u00edt haszn\u00e1lat k\u00f6zben<\/li>\n<li>Talaj, kavics, aszfalt \u00e9s egy\u00e9b anyagok sim\u00edt\u00e1s\u00e1hoz vagy t\u00f6m\u00f6r\u00edt\u00e9s\u00e9hez<\/li>\n<li>Teljes hossz: 112 cm<\/li>\n<li>Lap m\u00e9rete: 20 x 20 cm<\/li>\n<li>S\u00faly: 4,4 kg<\/li>\n<\/ul>\n<p><strong>\ud83d\ude9a Sz\u00e1ll\u00edt\u00e1si inform\u00e1ci\u00f3k<\/strong><\/p>\n<ul>\n<li><strong>Weboldal: <\/strong><a href=\"https:\/\/tajkertesz.com\"><strong>tajkertesz.com<\/strong><\/a><\/li>\n<li><strong>Facebook: <\/strong><a href=\"https:\/\/www.facebook.com\/tajkertesz\/\"><strong>facebook.com\/tajkertesz<\/strong><\/a><\/li>\n<li><strong>Telefonsz\u00e1m, e-mail: +36\/20-319-3770 <\/strong><a href=\"mailto:info@tajkertesz.hu\"><strong>info@tajkertesz.hu<\/strong><\/a><\/li>\n<\/ul>\n<p><strong>A megrendelt n\u00f6v\u00e9nyek kisz\u00e1ll\u00edt\u00e1sa az al\u00e1bbi felt\u00e9telek mellett t\u00f6rt\u00e9nik:<\/strong><\/p>\n<p><strong>\ud83d\udce6 Fut\u00e1rszolg\u00e1latos sz\u00e1ll\u00edt\u00e1s<\/strong><\/p>\n<ul>\n<li><strong>Maxim\u00e1lis m\u00e9ret: 200 cm (hossz\u00fas\u00e1g)<\/strong><\/li>\n<li><strong>Maxim\u00e1lis s\u00faly: 40 kg<\/strong><\/li>\n<li><strong>Az enn\u00e9l kisebb \u00e9s k\u00f6nnyebb csomagokat fut\u00e1rszolg\u00e1lattal k\u00e9zbes\u00edtj\u00fck a lehet<\/strong><strong>\u0151<\/strong><strong> legbiztons\u00e1gosabb csomagol\u00e1sban.<\/strong><\/li>\n<\/ul>\n<p><strong>\ud83d\udefb Szem\u00e9lyes \u00e1tv\u00e9tel<\/strong><\/p>\n<ul>\n<li><strong>1173 Budapest, Bakancsos utca 7. sz\u00e1m alatt nyitvatart\u00e1si id<\/strong><strong>\u0151<\/strong><strong>ben szem\u00e9lyesen \u00e1tvehet<\/strong><strong>\u0151<\/strong><strong> kert\u00e9szeti \u00e1rud\u00e1nkban.<\/strong><\/li>\n<li><strong>K\u00f6lts\u00e9ghat\u00e9kony megold\u00e1s nagyobb, t\u00f6r\u00e9kenyebb vagy t\u00falm\u00e9retes n\u00f6v\u00e9nyek eset\u00e9n.<\/strong><\/li>\n<\/ul>\n<p><strong>\ud83d\udcde Nagy m\u00e9ret<\/strong><strong>\u0171<\/strong><strong> vagy s\u00faly\u00fa n\u00f6v\u00e9nyek eset\u00e9n<\/strong><\/p>\n<p><strong>Ha a term\u00e9k:<\/strong><\/p>\n<ul>\n<li><strong>meghaladja a 200 cm hossz\u00fas\u00e1got vagy<\/strong><\/li>\n<li><strong>meghaladja a 40 kg s\u00falyt,<\/strong><\/li>\n<\/ul>\n<p><strong>akkor szem\u00e9lyes \u00e1tv\u00e9tellel vagy egyedi, el<\/strong><strong>\u0151<\/strong><strong>re egyeztetett sz\u00e1ll\u00edt\u00e1si felt\u00e9telek mellett t\u00f6rt\u00e9nik.<br \/>\nK\u00e9rj\u00fck, ilyen esetben rendel\u00e9s el<\/strong><strong>\u0151<\/strong><strong>tt vegye fel vel\u00fcnk a kapcsolatot, hogy a lehet<\/strong><strong>\u0151<\/strong><strong> legmegfelel<\/strong><strong>\u0151<\/strong><strong>bb sz\u00e1ll\u00edt\u00e1si megold\u00e1st k\u00edn\u00e1lhassuk.<\/strong><\/p>\n<p><strong>\ud83d\udd14 Fontos: A n\u00f6v\u00e9nyeket minden esetben igyeksz\u00fcnk gondosan, egyes\u00e9vel csomagolni, azonban a sz\u00e1ll\u00edt\u00e1s sor\u00e1n kisebb eszt\u00e9tikai s\u00e9r\u00fcl\u00e9sek el<\/strong><strong>\u0151<\/strong><strong>fordulhatnak (pl. lev\u00e9lhull\u00e1s). Ez nem min<\/strong><strong>\u0151<\/strong><strong>s\u00fcl hib\u00e1s teljes\u00edt\u00e9snek.<\/strong><\/p>\n<p><strong>\ud83d\udcf7 Fontos tudni a k\u00e9pekr<\/strong><strong>\u0151<\/strong><strong>l<\/strong><\/p>\n<p><strong>A webshopban szerepl<\/strong><strong>\u0151<\/strong><strong> k\u00e9pek illusztr\u00e1ci\u00f3k, a n\u00f6v\u00e9nyek term\u00e9szet\u00fckn\u00e9l fogva egyediek, \u00edgy m\u00e9retben, alakban \u00e9s sz\u00ednben minim\u00e1lis elt\u00e9r\u00e9sek el<\/strong><strong>\u0151<\/strong><strong>fordulhatnak a k\u00e9pen l\u00e1that\u00f3 \u00e9s a val\u00f3s p\u00e9ld\u00e1nyok k\u00f6z\u00f6tt.<\/strong><\/p>\n<p><strong>\ud83e\uddfe \u00c1rak \u00e9s el\u00e1ll\u00e1si jog<\/strong><\/p>\n<ul>\n<li><strong>Az \u00e1rak egy darab\u00a0n\u00f6v\u00e9nyre vonatkoznak.<\/strong><\/li>\n<li><strong>\u00c9l<\/strong><strong>\u0151<\/strong><strong> n\u00f6v\u00e9nyek rendel\u00e9se eset\u00e9n a 14 napos el\u00e1ll\u00e1s joga nem \u00e9rv\u00e9nyes\u00edthet<\/strong><strong>\u0151<\/strong><strong>, mivel azok romland\u00f3, biol\u00f3giailag \u00e9l<\/strong><strong>\u0151<\/strong><strong> term\u00e9keknek min<\/strong><strong>\u0151<\/strong><strong>s\u00fclnek.<br \/>\n\ud83d\udd12 (17\/1999. (II. 5.) Korm. rendelet 5. \u00a7 c) pontja alapj\u00e1n)<\/strong><\/li>\n<\/ul>\n<p><strong>\ud83d\udce6 K\u00e9zbes\u00edt\u00e9s ut\u00e1ni teend<\/strong><strong>\u0151<\/strong><strong>k<\/strong><\/p>\n<p><strong>A k\u00e9zbes\u00edt\u00e9st k\u00f6vet<\/strong><strong>\u0151<\/strong><strong>en a csomagot azonnal bontsuk ki, \u00e9s a n\u00f6v\u00e9nyt helyezz\u00fck el megfelel<\/strong><strong>\u0151<\/strong><strong> k\u00f6rnyezetben.<br \/>\nFontos: ha a n\u00f6v\u00e9ny nem r\u00e9szes\u00fcl megfelel<\/strong><strong>\u0151<\/strong><strong> gondoz\u00e1sban \u00e9s ennek k\u00f6vetkezt\u00e9ben k\u00e1rosodik vagy elpusztul, felel<\/strong><strong>\u0151<\/strong><strong>ss\u00e9get nem tudunk v\u00e1llalni.<\/strong><\/p>","protected":false},"excerpt":{"rendered":"<div class=\"top product-page-top lazy\">\n<div class=\"center product-page-center lazy\">\n<div class=\"top product-page-top lazy\">\n<div class=\"center product-page-center lazy\">\n<div class=\"top product-page-top lazy\">\n<div class=\"center product-page-center lazy\">\n<div class=\"top product-page-top lazy\">\n<div class=\"center product-page-center lazy\">\n<div class=\"top product-page-top lazy\">\n<div class=\"center product-page-center lazy\">\n<ul class=\"nav nav-tabs\" role=\"tablist\">\n<li class=\"active\" role=\"presentation\">Term\u00e9kle\u00edr\u00e1s<\/li>\n<\/ul>\n<div class=\"tab-content\">\n<div id=\"description\" class=\"tab-pane active\" role=\"tabpanel\">A d\u00f6ng\u00f6l\u0151 8&#8243;x 8&#8243; m\u00e9ret\u0171. Edzett ac\u00e9lb\u00f3l k\u00e9sz\u00fclt. Sz\u00edne: fekete.<\/div>\n<div role=\"tabpanel\">\n<p><strong>\ud83d\udd04 K\u00e9szletinform\u00e1ci\u00f3<\/strong><\/p>\n<p><strong>K\u00e9szlet\u00fcnk napi szinten v\u00e1ltozik, \u00edgy a webshopban szerepl<\/strong><strong>\u0151<\/strong><strong> term\u00e9kek el\u00e9rhet<\/strong><strong>\u0151<\/strong><strong>s\u00e9ge nem garant\u00e1lt.<br \/>\n\ud83d\udcde A megrendel\u00e9s el<\/strong><strong>\u0151<\/strong><strong>tt k\u00e9rj\u00fck, \u00e9rdekl<\/strong><strong>\u0151<\/strong><strong>dj\u00f6n szem\u00e9lyesen, telefonon vagy e-mailben!<\/strong><\/p>\n<p><strong>\u27a1\ufe0f Kapcsolat:<\/strong><\/p>\n<ul>\n<li><strong>Weboldal: <\/strong><a href=\"https:\/\/tajkertesz.com\"><strong>tajkertesz.com<\/strong><\/a><\/li>\n<li><strong>Facebook: <\/strong><a href=\"https:\/\/www.facebook.com\/tajkertesz\/\"><strong>facebook.com\/tajkertesz<\/strong><\/a><\/li>\n<li><strong>Telefonsz\u00e1m, e-mail: +36\/20-319-3770 <\/strong><a href=\"mailto:info@tajkertesz.hu\"><strong>info@tajkertesz.hu<\/strong><\/a><\/li>\n<\/ul>\n<\/div>\n<\/div>\n<\/div>\n<\/div>\n<\/div>\n<\/div>\n<\/div>\n<\/div>\n<\/div>\n<\/div>\n<\/div>\n<\/div>","protected":false},"featured_media":19185,"template":"","meta":{"_et_pb_use_builder":"","_et_pb_old_content":"","_et_gb_content_width":""},"product_brand":[],"product_cat":[1952],"product_tag":[1963,4565,927],"class_list":{"0":"post-6744","1":"product","2":"type-product","3":"status-publish","4":"has-post-thumbnail","6":"product_cat-aso-lapat-kapa-gereblye-nyel","7":"product_tag-dongolo-kr-2l-25x25cm","8":"product_tag-szerszam","9":"product_tag-truper","11":"first","12":"instock","13":"shipping-taxable","14":"purchasable","15":"product-type-simple"},"yoast_head":"<!-- This site is optimized with the Yoast SEO plugin v27.5 - https:\/\/yoast.com\/product\/yoast-seo-wordpress\/ -->\n<title>TRU PRO MAX STEEL KR-1ST D\u00f6ng\u00f6l\u0151 ac\u00e9l ny\u00e9llel, 20 x 20 cm \/ 122 cm (34792) - T\u00e1jkert\u00e9sz<\/title>\n<meta name=\"description\" content=\"TRU PRO MAX STEEL KR-1ST D\u00f6ng\u00f6l\u0151 ac\u00e9l ny\u00e9llel, 20 x 20 Ide\u00e1lis \u00fat\u00e9p\u00edt\u00e9shez, parkol\u00f3k \u00e9s j\u00e1rd\u00e1k k\u00e9sz\u00edt\u00e9s\u00e9hez vagy a kerti utak sim\u00edt\u00e1s\u00e1hoz \u00e9s t\u00f6m\u00f6r\u00edt\u00e9s\u00e9hez.\" \/>\n<meta name=\"robots\" content=\"index, follow, max-snippet:-1, max-image-preview:large, max-video-preview:-1\" \/>\n<link rel=\"canonical\" href=\"https:\/\/tajkertesz.com\/en_US\/product\/tru-pro-max-steel-kr-1st-dongolo-acel-nyellel-20-x-20-cm-122-cm-34792\/\" \/>\n<meta property=\"og:locale\" content=\"en_US\" \/>\n<meta property=\"og:type\" content=\"article\" \/>\n<meta property=\"og:title\" content=\"TRU PRO MAX STEEL KR-1ST D\u00f6ng\u00f6l\u0151 ac\u00e9l ny\u00e9llel, 20 x 20 cm \/ 122 cm (34792) - T\u00e1jkert\u00e9sz\" \/>\n<meta property=\"og:description\" content=\"TRU PRO MAX STEEL KR-1ST D\u00f6ng\u00f6l\u0151 ac\u00e9l ny\u00e9llel, 20 x 20 Ide\u00e1lis \u00fat\u00e9p\u00edt\u00e9shez, parkol\u00f3k \u00e9s j\u00e1rd\u00e1k k\u00e9sz\u00edt\u00e9s\u00e9hez vagy a kerti utak sim\u00edt\u00e1s\u00e1hoz \u00e9s t\u00f6m\u00f6r\u00edt\u00e9s\u00e9hez.\" \/>\n<meta property=\"og:url\" content=\"https:\/\/tajkertesz.com\/en_US\/product\/tru-pro-max-steel-kr-1st-dongolo-acel-nyellel-20-x-20-cm-122-cm-34792\/\" \/>\n<meta property=\"og:site_name\" content=\"T\u00e1jkert\u00e9sz\" \/>\n<meta property=\"article:publisher\" content=\"https:\/\/www.facebook.com\/Tajkertesz\/\" \/>\n<meta property=\"article:modified_time\" content=\"2026-02-16T15:40:49+00:00\" \/>\n<meta property=\"og:image\" content=\"https:\/\/tajkertesz.com\/wp-content\/uploads\/2021\/06\/16910478587420.jpg\" \/>\n\t<meta property=\"og:image:width\" content=\"450\" \/>\n\t<meta property=\"og:image:height\" content=\"375\" \/>\n\t<meta property=\"og:image:type\" content=\"image\/jpeg\" \/>\n<meta name=\"twitter:card\" content=\"summary_large_image\" \/>\n<meta name=\"twitter:label1\" content=\"Est. reading time\" \/>\n\t<meta name=\"twitter:data1\" content=\"3 minutes\" \/>\n<script type=\"application\/ld+json\" class=\"yoast-schema-graph\">{\"@context\":\"https:\\\/\\\/schema.org\",\"@graph\":[{\"@type\":\"WebPage\",\"@id\":\"https:\\\/\\\/tajkertesz.com\\\/termek\\\/tru-pro-max-steel-kr-1st-dongolo-acel-nyellel-20-x-20-cm-122-cm-34792\\\/\",\"url\":\"https:\\\/\\\/tajkertesz.com\\\/termek\\\/tru-pro-max-steel-kr-1st-dongolo-acel-nyellel-20-x-20-cm-122-cm-34792\\\/\",\"name\":\"TRU PRO MAX STEEL KR-1ST D\u00f6ng\u00f6l\u0151 ac\u00e9l ny\u00e9llel, 20 x 20 cm \\\/ 122 cm (34792) - T\u00e1jkert\u00e9sz\",\"isPartOf\":{\"@id\":\"https:\\\/\\\/tajkertesz.com\\\/#website\"},\"primaryImageOfPage\":{\"@id\":\"https:\\\/\\\/tajkertesz.com\\\/termek\\\/tru-pro-max-steel-kr-1st-dongolo-acel-nyellel-20-x-20-cm-122-cm-34792\\\/#primaryimage\"},\"image\":{\"@id\":\"https:\\\/\\\/tajkertesz.com\\\/termek\\\/tru-pro-max-steel-kr-1st-dongolo-acel-nyellel-20-x-20-cm-122-cm-34792\\\/#primaryimage\"},\"thumbnailUrl\":\"https:\\\/\\\/tajkertesz.com\\\/wp-content\\\/uploads\\\/2021\\\/06\\\/16910478587420.jpg\",\"datePublished\":\"2021-06-16T12:53:53+00:00\",\"dateModified\":\"2026-02-16T15:40:49+00:00\",\"description\":\"TRU PRO MAX STEEL KR-1ST D\u00f6ng\u00f6l\u0151 ac\u00e9l ny\u00e9llel, 20 x 20 Ide\u00e1lis \u00fat\u00e9p\u00edt\u00e9shez, parkol\u00f3k \u00e9s j\u00e1rd\u00e1k k\u00e9sz\u00edt\u00e9s\u00e9hez vagy a kerti utak sim\u00edt\u00e1s\u00e1hoz \u00e9s t\u00f6m\u00f6r\u00edt\u00e9s\u00e9hez.\",\"breadcrumb\":{\"@id\":\"https:\\\/\\\/tajkertesz.com\\\/termek\\\/tru-pro-max-steel-kr-1st-dongolo-acel-nyellel-20-x-20-cm-122-cm-34792\\\/#breadcrumb\"},\"inLanguage\":\"en-US\",\"potentialAction\":[{\"@type\":\"ReadAction\",\"target\":[\"https:\\\/\\\/tajkertesz.com\\\/termek\\\/tru-pro-max-steel-kr-1st-dongolo-acel-nyellel-20-x-20-cm-122-cm-34792\\\/\"]}]},{\"@type\":\"ImageObject\",\"inLanguage\":\"en-US\",\"@id\":\"https:\\\/\\\/tajkertesz.com\\\/termek\\\/tru-pro-max-steel-kr-1st-dongolo-acel-nyellel-20-x-20-cm-122-cm-34792\\\/#primaryimage\",\"url\":\"https:\\\/\\\/tajkertesz.com\\\/wp-content\\\/uploads\\\/2021\\\/06\\\/16910478587420.jpg\",\"contentUrl\":\"https:\\\/\\\/tajkertesz.com\\\/wp-content\\\/uploads\\\/2021\\\/06\\\/16910478587420.jpg\",\"width\":450,\"height\":375,\"caption\":\"TRU PRO MAX STEEL KR-1ST D\u00f6ng\u00f6l\u0151 ac\u00e9l ny\u00e9llel, 20 x 20 cm \\\/ 122 cm (34792)\"},{\"@type\":\"BreadcrumbList\",\"@id\":\"https:\\\/\\\/tajkertesz.com\\\/termek\\\/tru-pro-max-steel-kr-1st-dongolo-acel-nyellel-20-x-20-cm-122-cm-34792\\\/#breadcrumb\",\"itemListElement\":[{\"@type\":\"ListItem\",\"position\":1,\"name\":\"Home\",\"item\":\"https:\\\/\\\/tajkertesz.com\\\/\"},{\"@type\":\"ListItem\",\"position\":2,\"name\":\"Kezd\u0151lap\",\"item\":\"https:\\\/\\\/tajkertesz.com\\\/\"},{\"@type\":\"ListItem\",\"position\":3,\"name\":\"TRU PRO MAX STEEL KR-1ST D\u00f6ng\u00f6l\u0151 ac\u00e9l ny\u00e9llel, 20 x 20 cm \\\/ 122 cm (34792)\"}]},{\"@type\":\"WebSite\",\"@id\":\"https:\\\/\\\/tajkertesz.com\\\/#website\",\"url\":\"https:\\\/\\\/tajkertesz.com\\\/\",\"name\":\"T\u00e1j-Kert\u00e9sz 84 Kft.\",\"description\":\"Kert\u00e9szeti kis- \u00e9s nagykeresked\u00e9s, D\u00edszn\u00f6v\u00e9ny web\u00e1ruh\u00e1z orsz\u00e1gos h\u00e1zhozsz\u00e1ll\u00edt\u00e1ssal!\",\"publisher\":{\"@id\":\"https:\\\/\\\/tajkertesz.com\\\/#organization\"},\"potentialAction\":[{\"@type\":\"SearchAction\",\"target\":{\"@type\":\"EntryPoint\",\"urlTemplate\":\"https:\\\/\\\/tajkertesz.com\\\/?s={search_term_string}\"},\"query-input\":{\"@type\":\"PropertyValueSpecification\",\"valueRequired\":true,\"valueName\":\"search_term_string\"}}],\"inLanguage\":\"en-US\"},{\"@type\":\"Organization\",\"@id\":\"https:\\\/\\\/tajkertesz.com\\\/#organization\",\"name\":\"T\u00e1j-Kert\u00e9sz 84 Kft.\",\"url\":\"https:\\\/\\\/tajkertesz.com\\\/\",\"logo\":{\"@type\":\"ImageObject\",\"inLanguage\":\"en-US\",\"@id\":\"https:\\\/\\\/tajkertesz.com\\\/#\\\/schema\\\/logo\\\/image\\\/\",\"url\":\"https:\\\/\\\/tajkertesz.com\\\/wp-content\\\/uploads\\\/2018\\\/02\\\/logo-2-e1518678052539.png\",\"contentUrl\":\"https:\\\/\\\/tajkertesz.com\\\/wp-content\\\/uploads\\\/2018\\\/02\\\/logo-2-e1518678052539.png\",\"width\":81,\"height\":140,\"caption\":\"T\u00e1j-Kert\u00e9sz 84 Kft.\"},\"image\":{\"@id\":\"https:\\\/\\\/tajkertesz.com\\\/#\\\/schema\\\/logo\\\/image\\\/\"},\"sameAs\":[\"https:\\\/\\\/www.facebook.com\\\/Tajkertesz\\\/\"]}]}<\/script>\n<!-- \/ Yoast SEO plugin. -->","yoast_head_json":{"title":"TRU PRO MAX STEEL KR-1ST D\u00f6ng\u00f6l\u0151 ac\u00e9l ny\u00e9llel, 20 x 20 cm \/ 122 cm (34792) - T\u00e1jkert\u00e9sz","description":"TRU PRO MAX STEEL KR-1ST D\u00f6ng\u00f6l\u0151 ac\u00e9l ny\u00e9llel, 20 x 20 Ide\u00e1lis \u00fat\u00e9p\u00edt\u00e9shez, parkol\u00f3k \u00e9s j\u00e1rd\u00e1k k\u00e9sz\u00edt\u00e9s\u00e9hez vagy a kerti utak sim\u00edt\u00e1s\u00e1hoz \u00e9s t\u00f6m\u00f6r\u00edt\u00e9s\u00e9hez.","robots":{"index":"index","follow":"follow","max-snippet":"max-snippet:-1","max-image-preview":"max-image-preview:large","max-video-preview":"max-video-preview:-1"},"canonical":"https:\/\/tajkertesz.com\/en_US\/product\/tru-pro-max-steel-kr-1st-dongolo-acel-nyellel-20-x-20-cm-122-cm-34792\/","og_locale":"en_US","og_type":"article","og_title":"TRU PRO MAX STEEL KR-1ST D\u00f6ng\u00f6l\u0151 ac\u00e9l ny\u00e9llel, 20 x 20 cm \/ 122 cm (34792) - T\u00e1jkert\u00e9sz","og_description":"TRU PRO MAX STEEL KR-1ST D\u00f6ng\u00f6l\u0151 ac\u00e9l ny\u00e9llel, 20 x 20 Ide\u00e1lis \u00fat\u00e9p\u00edt\u00e9shez, parkol\u00f3k \u00e9s j\u00e1rd\u00e1k k\u00e9sz\u00edt\u00e9s\u00e9hez vagy a kerti utak sim\u00edt\u00e1s\u00e1hoz \u00e9s t\u00f6m\u00f6r\u00edt\u00e9s\u00e9hez.","og_url":"https:\/\/tajkertesz.com\/en_US\/product\/tru-pro-max-steel-kr-1st-dongolo-acel-nyellel-20-x-20-cm-122-cm-34792\/","og_site_name":"T\u00e1jkert\u00e9sz","article_publisher":"https:\/\/www.facebook.com\/Tajkertesz\/","article_modified_time":"2026-02-16T15:40:49+00:00","og_image":[{"width":450,"height":375,"url":"https:\/\/tajkertesz.com\/wp-content\/uploads\/2021\/06\/16910478587420.jpg","type":"image\/jpeg"}],"twitter_card":"summary_large_image","twitter_misc":{"Est. reading time":"3 minutes"},"schema":{"@context":"https:\/\/schema.org","@graph":[{"@type":"WebPage","@id":"https:\/\/tajkertesz.com\/termek\/tru-pro-max-steel-kr-1st-dongolo-acel-nyellel-20-x-20-cm-122-cm-34792\/","url":"https:\/\/tajkertesz.com\/termek\/tru-pro-max-steel-kr-1st-dongolo-acel-nyellel-20-x-20-cm-122-cm-34792\/","name":"TRU PRO MAX STEEL KR-1ST D\u00f6ng\u00f6l\u0151 ac\u00e9l ny\u00e9llel, 20 x 20 cm \/ 122 cm (34792) - T\u00e1jkert\u00e9sz","isPartOf":{"@id":"https:\/\/tajkertesz.com\/#website"},"primaryImageOfPage":{"@id":"https:\/\/tajkertesz.com\/termek\/tru-pro-max-steel-kr-1st-dongolo-acel-nyellel-20-x-20-cm-122-cm-34792\/#primaryimage"},"image":{"@id":"https:\/\/tajkertesz.com\/termek\/tru-pro-max-steel-kr-1st-dongolo-acel-nyellel-20-x-20-cm-122-cm-34792\/#primaryimage"},"thumbnailUrl":"https:\/\/tajkertesz.com\/wp-content\/uploads\/2021\/06\/16910478587420.jpg","datePublished":"2021-06-16T12:53:53+00:00","dateModified":"2026-02-16T15:40:49+00:00","description":"TRU PRO MAX STEEL KR-1ST D\u00f6ng\u00f6l\u0151 ac\u00e9l ny\u00e9llel, 20 x 20 Ide\u00e1lis \u00fat\u00e9p\u00edt\u00e9shez, parkol\u00f3k \u00e9s j\u00e1rd\u00e1k k\u00e9sz\u00edt\u00e9s\u00e9hez vagy a kerti utak sim\u00edt\u00e1s\u00e1hoz \u00e9s t\u00f6m\u00f6r\u00edt\u00e9s\u00e9hez.","breadcrumb":{"@id":"https:\/\/tajkertesz.com\/termek\/tru-pro-max-steel-kr-1st-dongolo-acel-nyellel-20-x-20-cm-122-cm-34792\/#breadcrumb"},"inLanguage":"en-US","potentialAction":[{"@type":"ReadAction","target":["https:\/\/tajkertesz.com\/termek\/tru-pro-max-steel-kr-1st-dongolo-acel-nyellel-20-x-20-cm-122-cm-34792\/"]}]},{"@type":"ImageObject","inLanguage":"en-US","@id":"https:\/\/tajkertesz.com\/termek\/tru-pro-max-steel-kr-1st-dongolo-acel-nyellel-20-x-20-cm-122-cm-34792\/#primaryimage","url":"https:\/\/tajkertesz.com\/wp-content\/uploads\/2021\/06\/16910478587420.jpg","contentUrl":"https:\/\/tajkertesz.com\/wp-content\/uploads\/2021\/06\/16910478587420.jpg","width":450,"height":375,"caption":"TRU PRO MAX STEEL KR-1ST D\u00f6ng\u00f6l\u0151 ac\u00e9l ny\u00e9llel, 20 x 20 cm \/ 122 cm (34792)"},{"@type":"BreadcrumbList","@id":"https:\/\/tajkertesz.com\/termek\/tru-pro-max-steel-kr-1st-dongolo-acel-nyellel-20-x-20-cm-122-cm-34792\/#breadcrumb","itemListElement":[{"@type":"ListItem","position":1,"name":"Home","item":"https:\/\/tajkertesz.com\/"},{"@type":"ListItem","position":2,"name":"Kezd\u0151lap","item":"https:\/\/tajkertesz.com\/"},{"@type":"ListItem","position":3,"name":"TRU PRO MAX STEEL KR-1ST D\u00f6ng\u00f6l\u0151 ac\u00e9l ny\u00e9llel, 20 x 20 cm \/ 122 cm (34792)"}]},{"@type":"WebSite","@id":"https:\/\/tajkertesz.com\/#website","url":"https:\/\/tajkertesz.com\/","name":"T\u00e1j-Kert\u00e9sz 84 Kft.","description":"Kert\u00e9szeti kis- \u00e9s nagykeresked\u00e9s, D\u00edszn\u00f6v\u00e9ny web\u00e1ruh\u00e1z orsz\u00e1gos h\u00e1zhozsz\u00e1ll\u00edt\u00e1ssal!","publisher":{"@id":"https:\/\/tajkertesz.com\/#organization"},"potentialAction":[{"@type":"SearchAction","target":{"@type":"EntryPoint","urlTemplate":"https:\/\/tajkertesz.com\/?s={search_term_string}"},"query-input":{"@type":"PropertyValueSpecification","valueRequired":true,"valueName":"search_term_string"}}],"inLanguage":"en-US"},{"@type":"Organization","@id":"https:\/\/tajkertesz.com\/#organization","name":"T\u00e1j-Kert\u00e9sz 84 Kft.","url":"https:\/\/tajkertesz.com\/","logo":{"@type":"ImageObject","inLanguage":"en-US","@id":"https:\/\/tajkertesz.com\/#\/schema\/logo\/image\/","url":"https:\/\/tajkertesz.com\/wp-content\/uploads\/2018\/02\/logo-2-e1518678052539.png","contentUrl":"https:\/\/tajkertesz.com\/wp-content\/uploads\/2018\/02\/logo-2-e1518678052539.png","width":81,"height":140,"caption":"T\u00e1j-Kert\u00e9sz 84 Kft."},"image":{"@id":"https:\/\/tajkertesz.com\/#\/schema\/logo\/image\/"},"sameAs":["https:\/\/www.facebook.com\/Tajkertesz\/"]}]}},"_links":{"self":[{"href":"https:\/\/tajkertesz.com\/en_US\/wp-json\/wp\/v2\/product\/6744","targetHints":{"allow":["GET"]}}],"collection":[{"href":"https:\/\/tajkertesz.com\/en_US\/wp-json\/wp\/v2\/product"}],"about":[{"href":"https:\/\/tajkertesz.com\/en_US\/wp-json\/wp\/v2\/types\/product"}],"wp:featuredmedia":[{"embeddable":true,"href":"https:\/\/tajkertesz.com\/en_US\/wp-json\/wp\/v2\/media\/19185"}],"wp:attachment":[{"href":"https:\/\/tajkertesz.com\/en_US\/wp-json\/wp\/v2\/media?parent=6744"}],"wp:term":[{"taxonomy":"product_brand","embeddable":true,"href":"https:\/\/tajkertesz.com\/en_US\/wp-json\/wp\/v2\/product_brand?post=6744"},{"taxonomy":"product_cat","embeddable":true,"href":"https:\/\/tajkertesz.com\/en_US\/wp-json\/wp\/v2\/product_cat?post=6744"},{"taxonomy":"product_tag","embeddable":true,"href":"https:\/\/tajkertesz.com\/en_US\/wp-json\/wp\/v2\/product_tag?post=6744"}],"curies":[{"name":"wp","href":"https:\/\/api.w.org\/{rel}","templated":true}]}}