{"id":6969,"date":"2021-06-21T09:54:42","date_gmt":"2021-06-21T09:54:42","guid":{"rendered":"https:\/\/tajkertesz.com\/?post_type=product&#038;p=6969"},"modified":"2023-12-13T11:24:09","modified_gmt":"2023-12-13T11:24:09","slug":"albizia-julibrissin-ombrella-selyemakac","status":"publish","type":"product","link":"https:\/\/tajkertesz.com\/en_US\/product\/albizia-julibrissin-ombrella-selyemakac\/","title":{"rendered":"Albizia julibrissin &#8216;Ombrella&#8217; &#8211; Selyemak\u00e1c"},"content":{"rendered":"<p>Albizia julibrissin &#8216;Ombrella&#8217; &#8211; Selyemak\u00e1c<\/p>\n<p><b>Az Albizia julibrissin &#8216;Ombrella&#8217; &#8211; Selyemak\u00e1c mediterr\u00e1n jelleg\u0171, k\u00fcl\u00f6nleges lomb\u00fa \u00e9s k\u00fcl\u00f6nleges vir\u00e1g\u00fa d\u00edszfa. Komoly d\u00edsz\u00e9rt\u00e9ke, hogy ny\u00e1ron \u00e9s hosszan vir\u00e1gzik!<\/b><\/p>\n<p>&nbsp;<\/p>\n<p><b>N\u00f6veked\u00e9s, alak: <\/b>A selyemak\u00e1c mediterr\u00e1n jelleg\u0171, k\u00fcl\u00f6nleges lomb\u00fa \u00e9s k\u00fcl\u00f6nleges vir\u00e1g\u00fa d\u00edszfa. Komoly d\u00edsz\u00e9rt\u00e9ke, hogy ny\u00e1ron \u00e9s hosszan vir\u00e1gzik!<br \/>\n<b>Lev\u00e9l:\u00a0 <\/b>p\u00e1rosan sz\u00e1rnyalt levelei, selymes f\u00e9ny\u0171ek<br \/>\n<b>Vir\u00e1g:<\/b> J\u00faniust\u00f3l szeptemberig t\u00f6bb hull\u00e1mban ny\u00edlik sokporz\u00f3s lil\u00e1sr\u00f3zsasz\u00edn porz\u00f3sz\u00e1lakt\u00f3l borzas, illatos, d\u00edszes vir\u00e1gai vannak.<br \/>\n<b>Term\u0151hely<\/b>: A selyemak\u00e1c a napos fekv\u00e9st r\u00e9szes\u00edti el\u0151nyben, ez\u00e9rt ha egy m\u00f3dunk van r\u00e1, meleg, napf\u00e9nyben f\u00fcrd\u0151, v\u00e9dett helyet keress\u00fcnk sz\u00e1m\u00e1ra a kertben. J\u00f3 tulajdons\u00e1ga, hogy talajban nem k\u00fcl\u00f6n\u00f6sebben v\u00e1logat\u00f3s.<br \/>\n<b>Felhaszn\u00e1l\u00e1s:<\/b> kert\u00fcnk \u00e9kess\u00e9ge lehet.<\/p>\n<p>&nbsp;<\/p>\n<p>kb. 200+ cm + a kont\u00e9ner<\/p>\n<h1>Jelen term\u00e9k\u00fcnk postai \u00faton nem sz\u00e1ll\u00edthat\u00f3!<\/h1>\n<p><b>K\u00e9szlet\u00fcnk napi szinten v\u00e1ltozik, ez\u00e9rt k\u00e9rj\u00fck, \u00e9rdekl\u0151dj\u00f6n szem\u00e9lyesen, telefonon vagy email-en.<br \/>\nA v\u00e1ltoztat\u00e1s jog\u00e1t fenntartjuk!<\/b><\/p>\n<p><a href=\"https:\/\/tajkertesz.com\/\">https:\/\/tajkertesz.com\/<\/a><\/p>\n<p style=\"text-align: justify;\"><a href=\"https:\/\/www.facebook.com\/tajkertesz\">https:\/\/www.facebook.com\/tajkertesz<\/a><\/p>\n<h2><span id=\"Elterjed\u00e9se\" class=\"mw-headline\" style=\"color: #ffffff;\">Elterjed\u00e9se<\/span><\/h2>\n<p><span style=\"color: #ffffff;\">A selyemak\u00e1c sok hely\u00fctt meghonosodott; \u0151shaz\u00e1ja\u00a0<a style=\"color: #ffffff;\" title=\"\u00c1zsia\" href=\"https:\/\/hu.wikipedia.org\/wiki\/%C3%81zsia\">\u00c1zsia<\/a>\u00a0keleti, valamint d\u00e9li r\u00e9sz\u00e9n,\u00a0<a style=\"color: #ffffff;\" title=\"Ir\u00e1n\" href=\"https:\/\/hu.wikipedia.org\/wiki\/Ir%C3%A1n\">Ir\u00e1nt\u00f3l<\/a>\u00a0<a style=\"color: #ffffff;\" title=\"K\u00edna\" href=\"https:\/\/hu.wikipedia.org\/wiki\/K%C3%ADna\">K\u00edna<\/a>\u00a0keleti oldal\u00e1ig terjed. A szubtr\u00f3pusi \u00f6v \u00e9szaki hat\u00e1r\u00e1n Perzsi\u00e1t\u00f3l\u00a0<a style=\"color: #ffffff;\" title=\"Jap\u00e1n\" href=\"https:\/\/hu.wikipedia.org\/wiki\/Jap%C3%A1n\">Jap\u00e1nig<\/a>\u00a0\u0151shonos faj. T\u00f6bb mint sz\u00e1z faja \u00e9l \u00c1zsi\u00e1ban, Afrik\u00e1ban, Ausztr\u00e1li\u00e1ban. A 18. sz\u00e1zad \u00f3ta ismert Amerik\u00e1ban \u00e9s Eur\u00f3p\u00e1ban. Utcasorfak\u00e9nt kedvelt \u00e9s elterjedt a\u00a0<a style=\"color: #ffffff;\" title=\"F\u00f6ldk\u00f6zi-tenger\" href=\"https:\/\/hu.wikipedia.org\/wiki\/F%C3%B6ldk%C3%B6zi-tenger\">mediterr\u00e1n<\/a>\u00a0orsz\u00e1gokban.<\/span><\/p>\n<h2><span style=\"color: #ffffff;\"><span id=\"Megjelen.C3.A9se\"><\/span><span id=\"Megjelen\u00e9se\" class=\"mw-headline\">Megjelen\u00e9se<\/span><\/span><\/h2>\n<p><span style=\"color: #ffffff;\">Magass\u00e1ga 6-10 m\u00e9ter lehet, koron\u00e1ja erny\u0151s. Levelei apr\u00f3k, vir\u00e1gai f\u00e9nyes r\u00f3zsasz\u00edn\u0171ek, pamacsszer\u0171 fejecsk\u00e9kben \u00fclnek a hajt\u00e1sokon. J\u00faniust\u00f3l szeptemberig t\u00f6bb hull\u00e1mban ny\u00edlnak sokporz\u00f3s lil\u00e1sr\u00f3zsasz\u00edn porz\u00f3sz\u00e1lakt\u00f3l borzas, illatos, d\u00edszes vir\u00e1gcsom\u00f3i. Vir\u00e1gz\u00e1skor a m\u00e9hek el\u0151szeretettel l\u00e1togatj\u00e1k.<\/span><\/p>\n<p><span style=\"color: #ffffff;\">Term\u00e9se 12\u201318\u00a0cm hossz\u00fa, lapos babh\u00fcvelyhez hasonl\u00f3, a magok \u00e9r\u00e9se ut\u00e1n barn\u00e1s sz\u00edn\u0171v\u00e9 v\u00e1lik. T\u00e9len sok\u00e1ig a f\u00e1n marad.<\/span><\/p>\n<p><span style=\"color: #ffffff;\">Levelei \u00e9jjel felhajlanak (\u00f6sszecsuk\u00f3dnak). A selyemak\u00e1c levelek \u0151sszel s\u00e1rga sz\u00edn\u0171ek. V\u00e9dett, napos, meleg helyet kedvel, m\u00e9rs\u00e9kelten sz\u00e1raz talajt ig\u00e9nyel. B\u00e1rmilyen talaj, m\u00e9g a s\u00f3s is megfelel\u0151 sz\u00e1m\u00e1ra.<\/span><\/p>\n<p>&nbsp;<\/p>\n<p>&nbsp;<\/p>\n<p>&nbsp;<\/p>","protected":false},"excerpt":{"rendered":"<p><b>Az Albizia julibrissin &#8216;Ombrella&#8217; &#8211; Selyemak\u00e1c mediterr\u00e1n jelleg\u0171, k\u00fcl\u00f6nleges lomb\u00fa \u00e9s k\u00fcl\u00f6nleges vir\u00e1g\u00fa d\u00edszfa. Komoly d\u00edsz\u00e9rt\u00e9ke, hogy ny\u00e1ron \u00e9s hosszan vir\u00e1gzik!<\/b><\/p>\n<p>&nbsp;<\/p>\n<p><b>N\u00f6veked\u00e9s, alak: <\/b>A selyemak\u00e1c mediterr\u00e1n jelleg\u0171, k\u00fcl\u00f6nleges lomb\u00fa \u00e9s k\u00fcl\u00f6nleges vir\u00e1g\u00fa d\u00edszfa. Komoly d\u00edsz\u00e9rt\u00e9ke, hogy ny\u00e1ron \u00e9s hosszan vir\u00e1gzik!<br \/>\n<b>Lev\u00e9l:\u00a0 <\/b>p\u00e1rosan sz\u00e1rnyalt levelei, selymes f\u00e9ny\u0171ek<br \/>\n<b>Vir\u00e1g:<\/b> J\u00faniust\u00f3l szeptemberig t\u00f6bb hull\u00e1mban ny\u00edlik sokporz\u00f3s lil\u00e1sr\u00f3zsasz\u00edn porz\u00f3sz\u00e1lakt\u00f3l borzas, illatos, d\u00edszes vir\u00e1gai vannak.<br \/>\n<b>Term\u0151hely<\/b>: A selyemak\u00e1c a napos fekv\u00e9st r\u00e9szes\u00edti el\u0151nyben, ez\u00e9rt ha egy m\u00f3dunk van r\u00e1, meleg, napf\u00e9nyben f\u00fcrd\u0151, v\u00e9dett helyet keress\u00fcnk sz\u00e1m\u00e1ra a kertben. J\u00f3 tulajdons\u00e1ga, hogy talajban nem k\u00fcl\u00f6n\u00f6sebben v\u00e1logat\u00f3s.<br \/>\n<b>Felhaszn\u00e1l\u00e1s:<\/b> kert\u00fcnk \u00e9kess\u00e9ge lehet.<\/p>\n<h1>Jelen term\u00e9k\u00fcnk postai \u00faton nem sz\u00e1ll\u00edthat\u00f3!<\/h1>","protected":false},"featured_media":6974,"template":"","meta":{"_et_pb_use_builder":"","_et_pb_old_content":"","_et_gb_content_width":""},"product_brand":[],"product_cat":[28],"product_tag":[52,189,54,53],"class_list":{"0":"post-6969","1":"product","2":"type-product","3":"status-publish","4":"has-post-thumbnail","6":"product_cat-diszfak","7":"product_tag-akac","8":"product_tag-albizia-julibrissin","9":"product_tag-disznoveny","10":"product_tag-selyemakac","12":"first","13":"instock","14":"shipping-taxable","15":"purchasable","16":"product-type-simple"},"yoast_head":"<!-- This site is optimized with the Yoast SEO plugin v27.3 - https:\/\/yoast.com\/product\/yoast-seo-wordpress\/ -->\n<title>Albizia julibrissin &#039;Ombrella&#039; - Selyemak\u00e1c - T\u00e1jkert\u00e9sz<\/title>\n<meta name=\"description\" content=\"Albizia julibrissin &#039;Ombrella&#039; - Selyemak\u00e1c mediterr\u00e1n jelleg\u0171, k\u00fcl\u00f6nleges lomb\u00fa \u00e9s vir\u00e1g\u00fa d\u00edszfa. Komoly d\u00edsz\u00e9rt\u00e9ke, hogy ny\u00e1ron \u00e9s hosszan vir\u00e1gzik!\" \/>\n<meta name=\"robots\" content=\"index, follow, max-snippet:-1, max-image-preview:large, max-video-preview:-1\" \/>\n<link rel=\"canonical\" href=\"https:\/\/tajkertesz.com\/en_US\/product\/albizia-julibrissin-ombrella-selyemakac\/\" \/>\n<meta property=\"og:locale\" content=\"en_US\" \/>\n<meta property=\"og:type\" content=\"article\" \/>\n<meta property=\"og:title\" content=\"Albizia julibrissin &#039;Ombrella&#039; - Selyemak\u00e1c - T\u00e1jkert\u00e9sz\" \/>\n<meta property=\"og:description\" content=\"Albizia julibrissin &#039;Ombrella&#039; - Selyemak\u00e1c mediterr\u00e1n jelleg\u0171, k\u00fcl\u00f6nleges lomb\u00fa \u00e9s vir\u00e1g\u00fa d\u00edszfa. Komoly d\u00edsz\u00e9rt\u00e9ke, hogy ny\u00e1ron \u00e9s hosszan vir\u00e1gzik!\" \/>\n<meta property=\"og:url\" content=\"https:\/\/tajkertesz.com\/en_US\/product\/albizia-julibrissin-ombrella-selyemakac\/\" \/>\n<meta property=\"og:site_name\" content=\"T\u00e1jkert\u00e9sz\" \/>\n<meta property=\"article:publisher\" content=\"https:\/\/www.facebook.com\/Tajkertesz\/\" \/>\n<meta property=\"article:modified_time\" content=\"2023-12-13T11:24:09+00:00\" \/>\n<meta property=\"og:image\" content=\"https:\/\/tajkertesz.com\/wp-content\/uploads\/2021\/06\/IMG_20210621_103855.jpg\" \/>\n\t<meta property=\"og:image:width\" content=\"450\" \/>\n\t<meta property=\"og:image:height\" content=\"600\" \/>\n\t<meta property=\"og:image:type\" content=\"image\/jpeg\" \/>\n<meta name=\"twitter:card\" content=\"summary_large_image\" \/>\n<meta name=\"twitter:label1\" content=\"Est. reading time\" \/>\n\t<meta name=\"twitter:data1\" content=\"2 minutes\" \/>\n<script type=\"application\/ld+json\" class=\"yoast-schema-graph\">{\"@context\":\"https:\\\/\\\/schema.org\",\"@graph\":[{\"@type\":\"WebPage\",\"@id\":\"https:\\\/\\\/tajkertesz.com\\\/termek\\\/albizia-julibrissin-ombrella-selyemakac\\\/\",\"url\":\"https:\\\/\\\/tajkertesz.com\\\/termek\\\/albizia-julibrissin-ombrella-selyemakac\\\/\",\"name\":\"Albizia julibrissin 'Ombrella' - Selyemak\u00e1c - T\u00e1jkert\u00e9sz\",\"isPartOf\":{\"@id\":\"https:\\\/\\\/tajkertesz.com\\\/#website\"},\"primaryImageOfPage\":{\"@id\":\"https:\\\/\\\/tajkertesz.com\\\/termek\\\/albizia-julibrissin-ombrella-selyemakac\\\/#primaryimage\"},\"image\":{\"@id\":\"https:\\\/\\\/tajkertesz.com\\\/termek\\\/albizia-julibrissin-ombrella-selyemakac\\\/#primaryimage\"},\"thumbnailUrl\":\"https:\\\/\\\/tajkertesz.com\\\/wp-content\\\/uploads\\\/2021\\\/06\\\/IMG_20210621_103855.jpg\",\"datePublished\":\"2021-06-21T09:54:42+00:00\",\"dateModified\":\"2023-12-13T11:24:09+00:00\",\"description\":\"Albizia julibrissin 'Ombrella' - Selyemak\u00e1c mediterr\u00e1n jelleg\u0171, k\u00fcl\u00f6nleges lomb\u00fa \u00e9s vir\u00e1g\u00fa d\u00edszfa. Komoly d\u00edsz\u00e9rt\u00e9ke, hogy ny\u00e1ron \u00e9s hosszan vir\u00e1gzik!\",\"breadcrumb\":{\"@id\":\"https:\\\/\\\/tajkertesz.com\\\/termek\\\/albizia-julibrissin-ombrella-selyemakac\\\/#breadcrumb\"},\"inLanguage\":\"en-US\",\"potentialAction\":[{\"@type\":\"ReadAction\",\"target\":[\"https:\\\/\\\/tajkertesz.com\\\/termek\\\/albizia-julibrissin-ombrella-selyemakac\\\/\"]}]},{\"@type\":\"ImageObject\",\"inLanguage\":\"en-US\",\"@id\":\"https:\\\/\\\/tajkertesz.com\\\/termek\\\/albizia-julibrissin-ombrella-selyemakac\\\/#primaryimage\",\"url\":\"https:\\\/\\\/tajkertesz.com\\\/wp-content\\\/uploads\\\/2021\\\/06\\\/IMG_20210621_103855.jpg\",\"contentUrl\":\"https:\\\/\\\/tajkertesz.com\\\/wp-content\\\/uploads\\\/2021\\\/06\\\/IMG_20210621_103855.jpg\",\"width\":450,\"height\":600,\"caption\":\"hdr\"},{\"@type\":\"BreadcrumbList\",\"@id\":\"https:\\\/\\\/tajkertesz.com\\\/termek\\\/albizia-julibrissin-ombrella-selyemakac\\\/#breadcrumb\",\"itemListElement\":[{\"@type\":\"ListItem\",\"position\":1,\"name\":\"Home\",\"item\":\"https:\\\/\\\/tajkertesz.com\\\/\"},{\"@type\":\"ListItem\",\"position\":2,\"name\":\"Kezd\u0151lap\",\"item\":\"https:\\\/\\\/tajkertesz.com\\\/\"},{\"@type\":\"ListItem\",\"position\":3,\"name\":\"Albizia julibrissin &#8216;Ombrella&#8217; &#8211; Selyemak\u00e1c\"}]},{\"@type\":\"WebSite\",\"@id\":\"https:\\\/\\\/tajkertesz.com\\\/#website\",\"url\":\"https:\\\/\\\/tajkertesz.com\\\/\",\"name\":\"T\u00e1j-Kert\u00e9sz 84 Kft.\",\"description\":\"Kert\u00e9szeti kis- \u00e9s nagykeresked\u00e9s, D\u00edszn\u00f6v\u00e9ny web\u00e1ruh\u00e1z orsz\u00e1gos h\u00e1zhozsz\u00e1ll\u00edt\u00e1ssal!\",\"publisher\":{\"@id\":\"https:\\\/\\\/tajkertesz.com\\\/#organization\"},\"potentialAction\":[{\"@type\":\"SearchAction\",\"target\":{\"@type\":\"EntryPoint\",\"urlTemplate\":\"https:\\\/\\\/tajkertesz.com\\\/?s={search_term_string}\"},\"query-input\":{\"@type\":\"PropertyValueSpecification\",\"valueRequired\":true,\"valueName\":\"search_term_string\"}}],\"inLanguage\":\"en-US\"},{\"@type\":\"Organization\",\"@id\":\"https:\\\/\\\/tajkertesz.com\\\/#organization\",\"name\":\"T\u00e1j-Kert\u00e9sz 84 Kft.\",\"url\":\"https:\\\/\\\/tajkertesz.com\\\/\",\"logo\":{\"@type\":\"ImageObject\",\"inLanguage\":\"en-US\",\"@id\":\"https:\\\/\\\/tajkertesz.com\\\/#\\\/schema\\\/logo\\\/image\\\/\",\"url\":\"https:\\\/\\\/tajkertesz.com\\\/wp-content\\\/uploads\\\/2018\\\/02\\\/logo-2-e1518678052539.png\",\"contentUrl\":\"https:\\\/\\\/tajkertesz.com\\\/wp-content\\\/uploads\\\/2018\\\/02\\\/logo-2-e1518678052539.png\",\"width\":81,\"height\":140,\"caption\":\"T\u00e1j-Kert\u00e9sz 84 Kft.\"},\"image\":{\"@id\":\"https:\\\/\\\/tajkertesz.com\\\/#\\\/schema\\\/logo\\\/image\\\/\"},\"sameAs\":[\"https:\\\/\\\/www.facebook.com\\\/Tajkertesz\\\/\"]}]}<\/script>\n<!-- \/ Yoast SEO plugin. -->","yoast_head_json":{"title":"Albizia julibrissin 'Ombrella' - Selyemak\u00e1c - T\u00e1jkert\u00e9sz","description":"Albizia julibrissin 'Ombrella' - Selyemak\u00e1c mediterr\u00e1n jelleg\u0171, k\u00fcl\u00f6nleges lomb\u00fa \u00e9s vir\u00e1g\u00fa d\u00edszfa. Komoly d\u00edsz\u00e9rt\u00e9ke, hogy ny\u00e1ron \u00e9s hosszan vir\u00e1gzik!","robots":{"index":"index","follow":"follow","max-snippet":"max-snippet:-1","max-image-preview":"max-image-preview:large","max-video-preview":"max-video-preview:-1"},"canonical":"https:\/\/tajkertesz.com\/en_US\/product\/albizia-julibrissin-ombrella-selyemakac\/","og_locale":"en_US","og_type":"article","og_title":"Albizia julibrissin 'Ombrella' - Selyemak\u00e1c - T\u00e1jkert\u00e9sz","og_description":"Albizia julibrissin 'Ombrella' - Selyemak\u00e1c mediterr\u00e1n jelleg\u0171, k\u00fcl\u00f6nleges lomb\u00fa \u00e9s vir\u00e1g\u00fa d\u00edszfa. Komoly d\u00edsz\u00e9rt\u00e9ke, hogy ny\u00e1ron \u00e9s hosszan vir\u00e1gzik!","og_url":"https:\/\/tajkertesz.com\/en_US\/product\/albizia-julibrissin-ombrella-selyemakac\/","og_site_name":"T\u00e1jkert\u00e9sz","article_publisher":"https:\/\/www.facebook.com\/Tajkertesz\/","article_modified_time":"2023-12-13T11:24:09+00:00","og_image":[{"width":450,"height":600,"url":"https:\/\/tajkertesz.com\/wp-content\/uploads\/2021\/06\/IMG_20210621_103855.jpg","type":"image\/jpeg"}],"twitter_card":"summary_large_image","twitter_misc":{"Est. reading time":"2 minutes"},"schema":{"@context":"https:\/\/schema.org","@graph":[{"@type":"WebPage","@id":"https:\/\/tajkertesz.com\/termek\/albizia-julibrissin-ombrella-selyemakac\/","url":"https:\/\/tajkertesz.com\/termek\/albizia-julibrissin-ombrella-selyemakac\/","name":"Albizia julibrissin 'Ombrella' - Selyemak\u00e1c - T\u00e1jkert\u00e9sz","isPartOf":{"@id":"https:\/\/tajkertesz.com\/#website"},"primaryImageOfPage":{"@id":"https:\/\/tajkertesz.com\/termek\/albizia-julibrissin-ombrella-selyemakac\/#primaryimage"},"image":{"@id":"https:\/\/tajkertesz.com\/termek\/albizia-julibrissin-ombrella-selyemakac\/#primaryimage"},"thumbnailUrl":"https:\/\/tajkertesz.com\/wp-content\/uploads\/2021\/06\/IMG_20210621_103855.jpg","datePublished":"2021-06-21T09:54:42+00:00","dateModified":"2023-12-13T11:24:09+00:00","description":"Albizia julibrissin 'Ombrella' - Selyemak\u00e1c mediterr\u00e1n jelleg\u0171, k\u00fcl\u00f6nleges lomb\u00fa \u00e9s vir\u00e1g\u00fa d\u00edszfa. Komoly d\u00edsz\u00e9rt\u00e9ke, hogy ny\u00e1ron \u00e9s hosszan vir\u00e1gzik!","breadcrumb":{"@id":"https:\/\/tajkertesz.com\/termek\/albizia-julibrissin-ombrella-selyemakac\/#breadcrumb"},"inLanguage":"en-US","potentialAction":[{"@type":"ReadAction","target":["https:\/\/tajkertesz.com\/termek\/albizia-julibrissin-ombrella-selyemakac\/"]}]},{"@type":"ImageObject","inLanguage":"en-US","@id":"https:\/\/tajkertesz.com\/termek\/albizia-julibrissin-ombrella-selyemakac\/#primaryimage","url":"https:\/\/tajkertesz.com\/wp-content\/uploads\/2021\/06\/IMG_20210621_103855.jpg","contentUrl":"https:\/\/tajkertesz.com\/wp-content\/uploads\/2021\/06\/IMG_20210621_103855.jpg","width":450,"height":600,"caption":"hdr"},{"@type":"BreadcrumbList","@id":"https:\/\/tajkertesz.com\/termek\/albizia-julibrissin-ombrella-selyemakac\/#breadcrumb","itemListElement":[{"@type":"ListItem","position":1,"name":"Home","item":"https:\/\/tajkertesz.com\/"},{"@type":"ListItem","position":2,"name":"Kezd\u0151lap","item":"https:\/\/tajkertesz.com\/"},{"@type":"ListItem","position":3,"name":"Albizia julibrissin &#8216;Ombrella&#8217; &#8211; Selyemak\u00e1c"}]},{"@type":"WebSite","@id":"https:\/\/tajkertesz.com\/#website","url":"https:\/\/tajkertesz.com\/","name":"T\u00e1j-Kert\u00e9sz 84 Kft.","description":"Kert\u00e9szeti kis- \u00e9s nagykeresked\u00e9s, D\u00edszn\u00f6v\u00e9ny web\u00e1ruh\u00e1z orsz\u00e1gos h\u00e1zhozsz\u00e1ll\u00edt\u00e1ssal!","publisher":{"@id":"https:\/\/tajkertesz.com\/#organization"},"potentialAction":[{"@type":"SearchAction","target":{"@type":"EntryPoint","urlTemplate":"https:\/\/tajkertesz.com\/?s={search_term_string}"},"query-input":{"@type":"PropertyValueSpecification","valueRequired":true,"valueName":"search_term_string"}}],"inLanguage":"en-US"},{"@type":"Organization","@id":"https:\/\/tajkertesz.com\/#organization","name":"T\u00e1j-Kert\u00e9sz 84 Kft.","url":"https:\/\/tajkertesz.com\/","logo":{"@type":"ImageObject","inLanguage":"en-US","@id":"https:\/\/tajkertesz.com\/#\/schema\/logo\/image\/","url":"https:\/\/tajkertesz.com\/wp-content\/uploads\/2018\/02\/logo-2-e1518678052539.png","contentUrl":"https:\/\/tajkertesz.com\/wp-content\/uploads\/2018\/02\/logo-2-e1518678052539.png","width":81,"height":140,"caption":"T\u00e1j-Kert\u00e9sz 84 Kft."},"image":{"@id":"https:\/\/tajkertesz.com\/#\/schema\/logo\/image\/"},"sameAs":["https:\/\/www.facebook.com\/Tajkertesz\/"]}]}},"_links":{"self":[{"href":"https:\/\/tajkertesz.com\/en_US\/wp-json\/wp\/v2\/product\/6969","targetHints":{"allow":["GET"]}}],"collection":[{"href":"https:\/\/tajkertesz.com\/en_US\/wp-json\/wp\/v2\/product"}],"about":[{"href":"https:\/\/tajkertesz.com\/en_US\/wp-json\/wp\/v2\/types\/product"}],"wp:featuredmedia":[{"embeddable":true,"href":"https:\/\/tajkertesz.com\/en_US\/wp-json\/wp\/v2\/media\/6974"}],"wp:attachment":[{"href":"https:\/\/tajkertesz.com\/en_US\/wp-json\/wp\/v2\/media?parent=6969"}],"wp:term":[{"taxonomy":"product_brand","embeddable":true,"href":"https:\/\/tajkertesz.com\/en_US\/wp-json\/wp\/v2\/product_brand?post=6969"},{"taxonomy":"product_cat","embeddable":true,"href":"https:\/\/tajkertesz.com\/en_US\/wp-json\/wp\/v2\/product_cat?post=6969"},{"taxonomy":"product_tag","embeddable":true,"href":"https:\/\/tajkertesz.com\/en_US\/wp-json\/wp\/v2\/product_tag?post=6969"}],"curies":[{"name":"wp","href":"https:\/\/api.w.org\/{rel}","templated":true}]}}