{"id":7008,"date":"2025-04-09T10:43:20","date_gmt":"2025-04-09T10:43:20","guid":{"rendered":"https:\/\/tajkertesz.com\/?post_type=product&#038;p=7008"},"modified":"2026-03-31T10:11:10","modified_gmt":"2026-03-31T10:11:10","slug":"csinos-arvalanyhaj-stipa-tenuissima","status":"publish","type":"product","link":"https:\/\/tajkertesz.com\/en_US\/product\/csinos-arvalanyhaj-stipa-tenuissima\/","title":{"rendered":"Stipa tenuissima &#8211; \u00c1rval\u00e1nyhaj"},"content":{"rendered":"<h1>Stipa tenuissima &#8211; \u00c1rval\u00e1nyhaj<\/h1>\n<p>A <strong data-start=\"22\" data-end=\"42\">Stipa tenuissima<\/strong><span data-start=\"22\" data-end=\"42\"> &#8211; <\/span><strong data-start=\"57\" data-end=\"72\">\u00e1rval\u00e1nyhaj<\/strong>, egy <strong data-start=\"120\" data-end=\"157\">finom megjelen\u00e9s\u0171, eleg\u00e1ns d\u00edszf\u0171<\/strong>, amit els\u0151sorban a <strong data-start=\"177\" data-end=\"195\">l\u00e9gies mozg\u00e1sa<\/strong> \u00e9s a <strong data-start=\"201\" data-end=\"230\">puha, selymes megjelen\u00e9se<\/strong> miatt \u00fcltetnek d\u00edszkertekbe. Egyszerre ad term\u00e9szetes, szell\u0151s hat\u00e1st \u00e9s modern st\u00edlust a kertnek.<\/p>\n<h2 class=\"product-page-heading\">Stipa tenuissima jellemz\u0151i:<\/h2>\n<p>A Stipa tenuissima &#8211; \u00c1rval\u00e1nyhaj k\u00f6zepes magass\u00e1g\u00fa \u00e9vel\u0151 d\u00edszf\u0171.<\/p>\n<p>K\u00f6nnyed, l\u00e9gies hat\u00e1s\u00fa n\u00f6v\u00e9ny, mely alkalmas a vir\u00e1g\u00e1gy\u00e1s laz\u00edt\u00e1s\u00e1ra, csoportosan \u00fcltetve igaz\u00e1n sz\u00e9p l\u00e1tv\u00e1nyt ny\u00fajt.<\/p>\n<p>Lev\u00e9lzet\u00e9t z\u00f6ldess\u00e1rga sz\u00edn\u0171 levelek alkotj\u00e1k.<\/p>\n<p>A n\u00f6v\u00e9ny igazi sz\u00e9ps\u00e9g\u00e9t kr\u00e9m feh\u00e9r sz\u00edn\u0171 vir\u00e1gbug\u00e1i adj\u00e1k, melyek eg\u00e9sz ny\u00e1ron ny\u00edlnak, \u00e9s a legenyh\u00e9bb sz\u00e9lben is \u00e9letet visznek a kertbe mozg\u00e1sukkal.<\/p>\n<h3>Az \u00e1rval\u00e1nyhaj gondoz\u00e1sa:<\/h3>\n<p>A csinos \u00e1rval\u00e1nyhaj egyszer\u0171en nevelhet\u0151 n\u00f6v\u00e9ny, mely meleg, napos, vagy vil\u00e1gos helyen, laza szerkezet\u0171, homokos, kavicsos talajba \u00fcltetve fejl\u0151dik legszebben.<\/p>\n<p>Nem kimondottan v\u00edzig\u00e9nyes n\u00f6v\u00e9ny, de megh\u00e1l\u00e1lja, ha rendszeresen \u00f6nt\u00f6zz\u00fck. Az er\u0151sebb t\u00e9li fagyokt\u00f3l takar\u00e1ssal c\u00e9lszer\u0171 \u00f3vni.<\/p>\n<p>A n\u00f6v\u00e9ny m\u00e9rete: kb. 20\/30 cm magas, 9&#215;9 cm kont\u00e9nerben.<\/p>\n<p><b>K\u00e9szlet\u00fcnk napi szinten v\u00e1ltozik, ez\u00e9rt k\u00e9rj\u00fck, \u00e9rdekl\u0151dj\u00f6n szem\u00e9lyesen, telefonon vagy email-en.<br \/>\nA v\u00e1ltoztat\u00e1s jog\u00e1t fenntartjuk!<\/b><b>\u00a0<\/b><\/p>\n<p><a href=\"https:\/\/tajkertesz.com\/\">https:\/\/tajkertesz.com\/<\/a><\/p>\n<p><a href=\"https:\/\/www.facebook.com\/tajkertesz\/\">https:\/\/www.facebook.com\/tajkertesz\/<\/a><\/p>\n<p>Kisz\u00e1ll\u00edt\u00e1s: 200cm-ig \u00e9s 40 kg-ig a sz\u00e1ll\u00edt\u00e1s fut\u00e1rszolg\u00e1lattal t\u00f6rt\u00e9nik.<\/p>\n<p>Szem\u00e9lyes \u00e1tv\u00e9tel nyitvatart\u00e1si id\u0151ben a 17. ker\u00fclet Bakancsos utca 7. sz\u00e1m alatti Kert\u00e9szeti \u00e1rud\u00e1nkban.<\/p>\n<p>Kert\u00e9p\u00edt\u0151k \u00e9s viszontelad\u00f3k regisztr\u00e1l\u00e1s ut\u00e1n egyedi kedvezm\u00e9nnyel v\u00e1s\u00e1rolhatnak kert\u00e9szeti kis-\u00e9s nagykeresked\u00e9s\u00fcnkben.<\/p>\n<p><strong>Az \u00e1rak egy darab term\u00e9kre vonatkoznak.<\/strong><\/p>\n<p><strong>J\u00f3 tudni!<\/strong><\/p>\n<p>K\u00e9pek-elt\u00e9r\u00e9sek:<\/p>\n<p>A n\u00f6v\u00e9nyekr\u0151l felt\u00f6lt\u00f6tt k\u00e9pek illusztr\u00e1ci\u00f3k. N\u00f6v\u00e9nyekn\u00e9l el\u0151fordulhatnak minim\u00e1lis elt\u00e9r\u00e9sek a k\u00e9peken szerepl\u0151 n\u00f6v\u00e9nyek \u00e9s az \u00e1tvett n\u00f6v\u00e9nyek k\u00f6z\u00f6tt, mivel minden n\u00f6v\u00e9ny egyedi.<\/p>\n<h4>N\u00f6v\u00e9nyek sz\u00e1ll\u00edt\u00e1sa:<\/h4>\n<p>A megrendelt n\u00f6v\u00e9nyeket igyeksz\u00fcnk a lehet\u0151 legbiztons\u00e1gosabban egyes\u00e9vel csomagolni, azonban a sz\u00e1ll\u00edt\u00e1s sor\u00e1n m\u00e9g ennek ellen\u00e9re is\u00a0bek\u00f6vetkezhetnek apr\u00f3bb s\u00e9r\u00fcl\u00e9sek (lev\u00e9l- vagy vir\u00e1ghull\u00e1s).<br \/>\nN\u00f6v\u00e9ny rendel\u00e9s eset\u00e9n k\u00e9rj\u00fck a k\u00e9zbes\u00edt\u00e9st k\u00f6vet\u0151en a lehet\u0151 leghamarabb bonts\u00e1k ki a csomagot.<\/p>\n<p>Abban az esetben, ha a megrendelt n\u00f6v\u00e9ny\u00a0a sz\u00e1ll\u00edt\u00e1st k\u00f6vet\u0151en\u00a0nem megfelel\u0151 gondoz\u00e1sban r\u00e9szes\u00fcl \u00e9s ebb\u0151l kifoly\u00f3lag\u00a0k\u00e1rosodik,\u00a0elpusztul, felel\u0151ss\u00e9get sajnos nem tudunk v\u00e1llalni.<\/p>\n<p>V\u00e1s\u00e1rl\u00e1st\u00f3l val\u00f3 el\u00e1ll\u00e1s \u00e9l\u0151 n\u00f6v\u00e9ny v\u00e1s\u00e1rl\u00e1sa eset\u00e9n:<\/p>\n<p>Az \u00e1ltal\u00e1nos 14 napos el\u00e1ll\u00e1s lehet\u0151s\u00e9ge \u00e9l\u0151 n\u00f6v\u00e9nyekre nem vonatkozik. V\u00e1s\u00e1rl\u00e1st\u00f3l val\u00f3 el\u00e1ll\u00e1sra, visszak\u00fcld\u00e9sre nincs lehet\u0151s\u00e9g.\u00a0(17\/1999. (II. 5.) Korm. rendelet 5c pontja)<\/p>\n<p><strong>K\u00e9rj\u00fck fentiek figyelembev\u00e9tel\u00e9t n\u00f6v\u00e9ny rendel\u00e9se sor\u00e1n!<\/strong><\/p>","protected":false},"excerpt":{"rendered":"<p>A n\u00f6v\u00e9ny m\u00e9rete: kb. 20\/30 cm magas, 9&#215;9 cm kont\u00e9nerben.<\/p>","protected":false},"featured_media":12957,"template":"","meta":{"_et_pb_use_builder":"","_et_pb_old_content":"","_et_gb_content_width":""},"product_brand":[],"product_cat":[197],"product_tag":[648,4395,4394,4396],"class_list":{"0":"post-7008","1":"product","2":"type-product","3":"status-publish","4":"has-post-thumbnail","6":"product_cat-diszfuvek-fufelek","7":"product_tag-arvalanyhaj","8":"product_tag-csinos","9":"product_tag-stipa","10":"product_tag-tenuissima","12":"first","13":"instock","14":"shipping-taxable","15":"purchasable","16":"product-type-simple"},"yoast_head":"<!-- This site is optimized with the Yoast SEO plugin v27.6 - https:\/\/yoast.com\/product\/yoast-seo-wordpress\/ -->\n<title>Stipa tenuissima - \u00c1rval\u00e1nyhaj - T\u00e1jkert\u00e9sz<\/title>\n<meta name=\"description\" content=\"csinos \u00e1rval\u00e1nyhaj (Stipa tenuissima) k\u00f6zepes magass\u00e1g\u00fa \u00e9vel\u0151 d\u00edszf\u0171.\u00a0K\u00f6nnyed, l\u00e9gies hat\u00e1s\u00fa n\u00f6v\u00e9ny, mely alkalmas a vir\u00e1g\u00e1gy\u00e1s laz\u00edt\u00e1s\u00e1ra.\" \/>\n<meta name=\"robots\" content=\"index, follow, max-snippet:-1, max-image-preview:large, max-video-preview:-1\" \/>\n<link rel=\"canonical\" href=\"https:\/\/tajkertesz.com\/en_US\/product\/csinos-arvalanyhaj-stipa-tenuissima\/\" \/>\n<meta property=\"og:locale\" content=\"en_US\" \/>\n<meta property=\"og:type\" content=\"article\" \/>\n<meta property=\"og:title\" content=\"Stipa tenuissima - \u00c1rval\u00e1nyhaj - T\u00e1jkert\u00e9sz\" \/>\n<meta property=\"og:description\" content=\"csinos \u00e1rval\u00e1nyhaj (Stipa tenuissima) k\u00f6zepes magass\u00e1g\u00fa \u00e9vel\u0151 d\u00edszf\u0171.\u00a0K\u00f6nnyed, l\u00e9gies hat\u00e1s\u00fa n\u00f6v\u00e9ny, mely alkalmas a vir\u00e1g\u00e1gy\u00e1s laz\u00edt\u00e1s\u00e1ra.\" \/>\n<meta property=\"og:url\" content=\"https:\/\/tajkertesz.com\/en_US\/product\/csinos-arvalanyhaj-stipa-tenuissima\/\" \/>\n<meta property=\"og:site_name\" content=\"T\u00e1jkert\u00e9sz\" \/>\n<meta property=\"article:publisher\" content=\"https:\/\/www.facebook.com\/Tajkertesz\/\" \/>\n<meta property=\"article:modified_time\" content=\"2026-03-31T10:11:10+00:00\" \/>\n<meta property=\"og:image\" content=\"https:\/\/tajkertesz.com\/wp-content\/uploads\/2021\/06\/Stipa.jpg\" \/>\n\t<meta property=\"og:image:width\" content=\"409\" \/>\n\t<meta property=\"og:image:height\" content=\"600\" \/>\n\t<meta property=\"og:image:type\" content=\"image\/jpeg\" \/>\n<meta name=\"twitter:card\" content=\"summary_large_image\" \/>\n<meta name=\"twitter:label1\" content=\"Est. reading time\" \/>\n\t<meta name=\"twitter:data1\" content=\"2 minutes\" \/>\n<script type=\"application\/ld+json\" class=\"yoast-schema-graph\">{\"@context\":\"https:\\\/\\\/schema.org\",\"@graph\":[{\"@type\":\"WebPage\",\"@id\":\"https:\\\/\\\/tajkertesz.com\\\/termek\\\/csinos-arvalanyhaj-stipa-tenuissima\\\/\",\"url\":\"https:\\\/\\\/tajkertesz.com\\\/termek\\\/csinos-arvalanyhaj-stipa-tenuissima\\\/\",\"name\":\"Stipa tenuissima - \u00c1rval\u00e1nyhaj - T\u00e1jkert\u00e9sz\",\"isPartOf\":{\"@id\":\"https:\\\/\\\/tajkertesz.com\\\/#website\"},\"primaryImageOfPage\":{\"@id\":\"https:\\\/\\\/tajkertesz.com\\\/termek\\\/csinos-arvalanyhaj-stipa-tenuissima\\\/#primaryimage\"},\"image\":{\"@id\":\"https:\\\/\\\/tajkertesz.com\\\/termek\\\/csinos-arvalanyhaj-stipa-tenuissima\\\/#primaryimage\"},\"thumbnailUrl\":\"https:\\\/\\\/tajkertesz.com\\\/wp-content\\\/uploads\\\/2021\\\/06\\\/Stipa.jpg\",\"datePublished\":\"2025-04-09T10:43:20+00:00\",\"dateModified\":\"2026-03-31T10:11:10+00:00\",\"description\":\"csinos \u00e1rval\u00e1nyhaj (Stipa tenuissima) k\u00f6zepes magass\u00e1g\u00fa \u00e9vel\u0151 d\u00edszf\u0171.\u00a0K\u00f6nnyed, l\u00e9gies hat\u00e1s\u00fa n\u00f6v\u00e9ny, mely alkalmas a vir\u00e1g\u00e1gy\u00e1s laz\u00edt\u00e1s\u00e1ra.\",\"breadcrumb\":{\"@id\":\"https:\\\/\\\/tajkertesz.com\\\/termek\\\/csinos-arvalanyhaj-stipa-tenuissima\\\/#breadcrumb\"},\"inLanguage\":\"en-US\",\"potentialAction\":[{\"@type\":\"ReadAction\",\"target\":[\"https:\\\/\\\/tajkertesz.com\\\/termek\\\/csinos-arvalanyhaj-stipa-tenuissima\\\/\"]}]},{\"@type\":\"ImageObject\",\"inLanguage\":\"en-US\",\"@id\":\"https:\\\/\\\/tajkertesz.com\\\/termek\\\/csinos-arvalanyhaj-stipa-tenuissima\\\/#primaryimage\",\"url\":\"https:\\\/\\\/tajkertesz.com\\\/wp-content\\\/uploads\\\/2021\\\/06\\\/Stipa.jpg\",\"contentUrl\":\"https:\\\/\\\/tajkertesz.com\\\/wp-content\\\/uploads\\\/2021\\\/06\\\/Stipa.jpg\",\"width\":409,\"height\":600,\"caption\":\"Stipa tenuissima - \u00c1rval\u00e1nyhaj\"},{\"@type\":\"BreadcrumbList\",\"@id\":\"https:\\\/\\\/tajkertesz.com\\\/termek\\\/csinos-arvalanyhaj-stipa-tenuissima\\\/#breadcrumb\",\"itemListElement\":[{\"@type\":\"ListItem\",\"position\":1,\"name\":\"Home\",\"item\":\"https:\\\/\\\/tajkertesz.com\\\/\"},{\"@type\":\"ListItem\",\"position\":2,\"name\":\"Kezd\u0151lap\",\"item\":\"https:\\\/\\\/tajkertesz.com\\\/\"},{\"@type\":\"ListItem\",\"position\":3,\"name\":\"Stipa tenuissima &#8211; \u00c1rval\u00e1nyhaj\"}]},{\"@type\":\"WebSite\",\"@id\":\"https:\\\/\\\/tajkertesz.com\\\/#website\",\"url\":\"https:\\\/\\\/tajkertesz.com\\\/\",\"name\":\"T\u00e1j-Kert\u00e9sz 84 Kft.\",\"description\":\"Kert\u00e9szeti kis- \u00e9s nagykeresked\u00e9s, D\u00edszn\u00f6v\u00e9ny web\u00e1ruh\u00e1z orsz\u00e1gos h\u00e1zhozsz\u00e1ll\u00edt\u00e1ssal!\",\"publisher\":{\"@id\":\"https:\\\/\\\/tajkertesz.com\\\/#organization\"},\"potentialAction\":[{\"@type\":\"SearchAction\",\"target\":{\"@type\":\"EntryPoint\",\"urlTemplate\":\"https:\\\/\\\/tajkertesz.com\\\/?s={search_term_string}\"},\"query-input\":{\"@type\":\"PropertyValueSpecification\",\"valueRequired\":true,\"valueName\":\"search_term_string\"}}],\"inLanguage\":\"en-US\"},{\"@type\":\"Organization\",\"@id\":\"https:\\\/\\\/tajkertesz.com\\\/#organization\",\"name\":\"T\u00e1j-Kert\u00e9sz 84 Kft.\",\"url\":\"https:\\\/\\\/tajkertesz.com\\\/\",\"logo\":{\"@type\":\"ImageObject\",\"inLanguage\":\"en-US\",\"@id\":\"https:\\\/\\\/tajkertesz.com\\\/#\\\/schema\\\/logo\\\/image\\\/\",\"url\":\"https:\\\/\\\/tajkertesz.com\\\/wp-content\\\/uploads\\\/2018\\\/02\\\/logo-2-e1518678052539.png\",\"contentUrl\":\"https:\\\/\\\/tajkertesz.com\\\/wp-content\\\/uploads\\\/2018\\\/02\\\/logo-2-e1518678052539.png\",\"width\":81,\"height\":140,\"caption\":\"T\u00e1j-Kert\u00e9sz 84 Kft.\"},\"image\":{\"@id\":\"https:\\\/\\\/tajkertesz.com\\\/#\\\/schema\\\/logo\\\/image\\\/\"},\"sameAs\":[\"https:\\\/\\\/www.facebook.com\\\/Tajkertesz\\\/\"]}]}<\/script>\n<!-- \/ Yoast SEO plugin. -->","yoast_head_json":{"title":"Stipa tenuissima - \u00c1rval\u00e1nyhaj - T\u00e1jkert\u00e9sz","description":"csinos \u00e1rval\u00e1nyhaj (Stipa tenuissima) k\u00f6zepes magass\u00e1g\u00fa \u00e9vel\u0151 d\u00edszf\u0171.\u00a0K\u00f6nnyed, l\u00e9gies hat\u00e1s\u00fa n\u00f6v\u00e9ny, mely alkalmas a vir\u00e1g\u00e1gy\u00e1s laz\u00edt\u00e1s\u00e1ra.","robots":{"index":"index","follow":"follow","max-snippet":"max-snippet:-1","max-image-preview":"max-image-preview:large","max-video-preview":"max-video-preview:-1"},"canonical":"https:\/\/tajkertesz.com\/en_US\/product\/csinos-arvalanyhaj-stipa-tenuissima\/","og_locale":"en_US","og_type":"article","og_title":"Stipa tenuissima - \u00c1rval\u00e1nyhaj - T\u00e1jkert\u00e9sz","og_description":"csinos \u00e1rval\u00e1nyhaj (Stipa tenuissima) k\u00f6zepes magass\u00e1g\u00fa \u00e9vel\u0151 d\u00edszf\u0171.\u00a0K\u00f6nnyed, l\u00e9gies hat\u00e1s\u00fa n\u00f6v\u00e9ny, mely alkalmas a vir\u00e1g\u00e1gy\u00e1s laz\u00edt\u00e1s\u00e1ra.","og_url":"https:\/\/tajkertesz.com\/en_US\/product\/csinos-arvalanyhaj-stipa-tenuissima\/","og_site_name":"T\u00e1jkert\u00e9sz","article_publisher":"https:\/\/www.facebook.com\/Tajkertesz\/","article_modified_time":"2026-03-31T10:11:10+00:00","og_image":[{"width":409,"height":600,"url":"https:\/\/tajkertesz.com\/wp-content\/uploads\/2021\/06\/Stipa.jpg","type":"image\/jpeg"}],"twitter_card":"summary_large_image","twitter_misc":{"Est. reading time":"2 minutes"},"schema":{"@context":"https:\/\/schema.org","@graph":[{"@type":"WebPage","@id":"https:\/\/tajkertesz.com\/termek\/csinos-arvalanyhaj-stipa-tenuissima\/","url":"https:\/\/tajkertesz.com\/termek\/csinos-arvalanyhaj-stipa-tenuissima\/","name":"Stipa tenuissima - \u00c1rval\u00e1nyhaj - T\u00e1jkert\u00e9sz","isPartOf":{"@id":"https:\/\/tajkertesz.com\/#website"},"primaryImageOfPage":{"@id":"https:\/\/tajkertesz.com\/termek\/csinos-arvalanyhaj-stipa-tenuissima\/#primaryimage"},"image":{"@id":"https:\/\/tajkertesz.com\/termek\/csinos-arvalanyhaj-stipa-tenuissima\/#primaryimage"},"thumbnailUrl":"https:\/\/tajkertesz.com\/wp-content\/uploads\/2021\/06\/Stipa.jpg","datePublished":"2025-04-09T10:43:20+00:00","dateModified":"2026-03-31T10:11:10+00:00","description":"csinos \u00e1rval\u00e1nyhaj (Stipa tenuissima) k\u00f6zepes magass\u00e1g\u00fa \u00e9vel\u0151 d\u00edszf\u0171.\u00a0K\u00f6nnyed, l\u00e9gies hat\u00e1s\u00fa n\u00f6v\u00e9ny, mely alkalmas a vir\u00e1g\u00e1gy\u00e1s laz\u00edt\u00e1s\u00e1ra.","breadcrumb":{"@id":"https:\/\/tajkertesz.com\/termek\/csinos-arvalanyhaj-stipa-tenuissima\/#breadcrumb"},"inLanguage":"en-US","potentialAction":[{"@type":"ReadAction","target":["https:\/\/tajkertesz.com\/termek\/csinos-arvalanyhaj-stipa-tenuissima\/"]}]},{"@type":"ImageObject","inLanguage":"en-US","@id":"https:\/\/tajkertesz.com\/termek\/csinos-arvalanyhaj-stipa-tenuissima\/#primaryimage","url":"https:\/\/tajkertesz.com\/wp-content\/uploads\/2021\/06\/Stipa.jpg","contentUrl":"https:\/\/tajkertesz.com\/wp-content\/uploads\/2021\/06\/Stipa.jpg","width":409,"height":600,"caption":"Stipa tenuissima - \u00c1rval\u00e1nyhaj"},{"@type":"BreadcrumbList","@id":"https:\/\/tajkertesz.com\/termek\/csinos-arvalanyhaj-stipa-tenuissima\/#breadcrumb","itemListElement":[{"@type":"ListItem","position":1,"name":"Home","item":"https:\/\/tajkertesz.com\/"},{"@type":"ListItem","position":2,"name":"Kezd\u0151lap","item":"https:\/\/tajkertesz.com\/"},{"@type":"ListItem","position":3,"name":"Stipa tenuissima &#8211; \u00c1rval\u00e1nyhaj"}]},{"@type":"WebSite","@id":"https:\/\/tajkertesz.com\/#website","url":"https:\/\/tajkertesz.com\/","name":"T\u00e1j-Kert\u00e9sz 84 Kft.","description":"Kert\u00e9szeti kis- \u00e9s nagykeresked\u00e9s, D\u00edszn\u00f6v\u00e9ny web\u00e1ruh\u00e1z orsz\u00e1gos h\u00e1zhozsz\u00e1ll\u00edt\u00e1ssal!","publisher":{"@id":"https:\/\/tajkertesz.com\/#organization"},"potentialAction":[{"@type":"SearchAction","target":{"@type":"EntryPoint","urlTemplate":"https:\/\/tajkertesz.com\/?s={search_term_string}"},"query-input":{"@type":"PropertyValueSpecification","valueRequired":true,"valueName":"search_term_string"}}],"inLanguage":"en-US"},{"@type":"Organization","@id":"https:\/\/tajkertesz.com\/#organization","name":"T\u00e1j-Kert\u00e9sz 84 Kft.","url":"https:\/\/tajkertesz.com\/","logo":{"@type":"ImageObject","inLanguage":"en-US","@id":"https:\/\/tajkertesz.com\/#\/schema\/logo\/image\/","url":"https:\/\/tajkertesz.com\/wp-content\/uploads\/2018\/02\/logo-2-e1518678052539.png","contentUrl":"https:\/\/tajkertesz.com\/wp-content\/uploads\/2018\/02\/logo-2-e1518678052539.png","width":81,"height":140,"caption":"T\u00e1j-Kert\u00e9sz 84 Kft."},"image":{"@id":"https:\/\/tajkertesz.com\/#\/schema\/logo\/image\/"},"sameAs":["https:\/\/www.facebook.com\/Tajkertesz\/"]}]}},"_links":{"self":[{"href":"https:\/\/tajkertesz.com\/en_US\/wp-json\/wp\/v2\/product\/7008","targetHints":{"allow":["GET"]}}],"collection":[{"href":"https:\/\/tajkertesz.com\/en_US\/wp-json\/wp\/v2\/product"}],"about":[{"href":"https:\/\/tajkertesz.com\/en_US\/wp-json\/wp\/v2\/types\/product"}],"wp:featuredmedia":[{"embeddable":true,"href":"https:\/\/tajkertesz.com\/en_US\/wp-json\/wp\/v2\/media\/12957"}],"wp:attachment":[{"href":"https:\/\/tajkertesz.com\/en_US\/wp-json\/wp\/v2\/media?parent=7008"}],"wp:term":[{"taxonomy":"product_brand","embeddable":true,"href":"https:\/\/tajkertesz.com\/en_US\/wp-json\/wp\/v2\/product_brand?post=7008"},{"taxonomy":"product_cat","embeddable":true,"href":"https:\/\/tajkertesz.com\/en_US\/wp-json\/wp\/v2\/product_cat?post=7008"},{"taxonomy":"product_tag","embeddable":true,"href":"https:\/\/tajkertesz.com\/en_US\/wp-json\/wp\/v2\/product_tag?post=7008"}],"curies":[{"name":"wp","href":"https:\/\/api.w.org\/{rel}","templated":true}]}}