{"id":7055,"date":"2021-06-23T10:35:33","date_gmt":"2021-06-23T10:35:33","guid":{"rendered":"https:\/\/tajkertesz.com\/?post_type=product&#038;p=7055"},"modified":"2024-02-16T09:01:02","modified_gmt":"2024-02-16T09:01:02","slug":"nortene-jute-kerti-zsineg-50-m-zold","status":"publish","type":"product","link":"https:\/\/tajkertesz.com\/en_US\/product\/nortene-jute-kerti-zsineg-50-m-zold\/","title":{"rendered":"Nortene Jute kerti zsineg, 50 m, Z\u00f6ld"},"content":{"rendered":"<h1 class=\"page-head-title product-page-head-title position-relative\"><span class=\"product-page-product-name\">Nortene Jute kerti zsineg, 50 m, Z\u00f6ld<\/span><\/h1>\n<p class=\"page-head-title product-page-head-title position-relative\"><span class=\"product-page-product-name\">Nortene Jute kerti zsineg, 50 m, Z\u00f6ld<\/span><\/p>\n<h2 class=\"justtellmewhat uppercase color-green-2 text-3xl mt-10\">EL\u0150NY\u00d6K<\/h2>\n<div class=\"mt-2 color-brown text-lg\">\n<p>&#8211; 100%-ban biol\u00f3giailag leboml\u00f3. &#8211; Term\u00e9szetes \u00e9s fenntarthat\u00f3 megold\u00e1st ny\u00fajt. &#8211; Nagyon ellen\u00e1ll\u00f3. &#8211; Egyszer\u0171 a haszn\u00e1lata. &#8211; Sokoldal\u00fa kert\u00e9szeti eszk\u00f6z. &#8211; Haszn\u00e1lhat\u00f3 a n\u00f6v\u00e9nyek n\u00f6veked\u00e9s\u00e9nek el\u0151seg\u00edt\u00e9s\u00e9hez, mint k\u00f6t\u00f6z\u0151, de dekor\u00e1ci\u00f3s, DIY \u00f6tletek megval\u00f3s\u00edt\u00e1s\u00e1hoz is hasznos kieg\u00e9sz\u00edt\u0151 lehet.<\/p>\n<\/div>\n<h2 class=\"justtellmewhat uppercase color-green-2 text-3xl mt-10\">JELLEMZ\u0150K<\/h2>\n<div class=\"mt-2 color-brown text-lg\">\n<p>&#8211; Anyaga: juta &#8211; Sz\u00edne: z\u00f6ld vagy nat\u00far &#8211; M\u00e9ret: 50 m\/80 m &#8211; S\u00falya: 50g &#8211; Eur\u00f3p\u00e1ban gy\u00e1rtott term\u00e9k<\/p>\n<\/div>\n<div class=\"p-desc\">\n<div class=\"p-action\"><\/div>\n<\/div>\n<div class=\"p-action\"><\/div>\n<p style=\"line-height: 18.0pt; background: white; margin: 0cm 0cm 15.0pt 0cm;\"><b><span style=\"font-family: 'Ubuntu',serif; color: black;\">K\u00e9szlet\u00fcnk napi szinten v\u00e1ltozik, ez\u00e9rt k\u00e9rj\u00fck, \u00e9rdekl\u0151dj\u00f6n szem\u00e9lyesen, telefonon vagy email-en.<br \/>\nA v\u00e1ltoztat\u00e1s jog\u00e1t fenntartjuk!\u00a0<\/span><\/b><\/p>\n<p><a href=\"https:\/\/tajkertesz.com\/\">https:\/\/tajkertesz.com\/<\/a><\/p>\n<p><a href=\"https:\/\/www.facebook.com\/tajkertesz\">https:\/\/www.facebook.com\/tajkertesz<\/a><\/p>\n<p>Kisz\u00e1ll\u00edt\u00e1s: 200cm-ig \u00a0\u00e9s 40 kg-ig a sz\u00e1ll\u00edt\u00e1s fut\u00e1rszolg\u00e1lattal \u00a0t\u00f6rt\u00e9nik.<\/p>\n<p>Szem\u00e9lyes \u00e1tv\u00e9tel nyitvatart\u00e1si id\u0151ben a 17. ker\u00fclet Bakancsos utca 7. sz\u00e1m alatti Kert\u00e9szeti \u00e1rud\u00e1ban.<\/p>\n<h6 class=\"justtellmewhat uppercase color-green-2 text-3xl mt-10\"><span style=\"color: #ffffff;\">EL\u0150NY\u00d6K &#8211; 100%-ban biol\u00f3giailag leboml\u00f3. &#8211; Term\u00e9szetes \u00e9s fenntarthat\u00f3 megold\u00e1st ny\u00fajt. &#8211; Nagyon ellen\u00e1ll\u00f3. &#8211; Egyszer\u0171 a haszn\u00e1lata. &#8211; Sokoldal\u00fa kert\u00e9szeti eszk\u00f6z. &#8211; Haszn\u00e1lhat\u00f3 a n\u00f6v\u00e9nyek n\u00f6veked\u00e9s\u00e9nek el\u0151seg\u00edt\u00e9s\u00e9hez, mint k\u00f6t\u00f6z\u0151, de dekor\u00e1ci\u00f3s, DIY \u00f6tletek megval\u00f3s\u00edt\u00e1s\u00e1hoz is hasznos kieg\u00e9sz\u00edt\u0151 lehet. JELLEMZ\u0150K &#8211; Anyaga: juta &#8211; Sz\u00edne: z\u00f6ld vagy nat\u00far &#8211; M\u00e9ret: 50 m\/80 m &#8211; S\u00falya: 50g &#8211; Eur\u00f3p\u00e1ban gy\u00e1rtott term\u00e9k\u00a0\u00a0<b><span style=\"font-family: Ubuntu, serif;\">K\u00e9szlet\u00fcnk napi szinten v\u00e1ltozik, ez\u00e9rt k\u00e9rj\u00fck, \u00e9rdekl\u0151dj\u00f6n szem\u00e9lyesen, telefonon vagy email-en. A v\u00e1ltoztat\u00e1s jog\u00e1t fenntartjuk!\u00a0\u00a0<\/span><\/b>EL\u0150NY\u00d6K &#8211; 100%-ban biol\u00f3giailag leboml\u00f3. &#8211; Term\u00e9szetes \u00e9s fenntarthat\u00f3 megold\u00e1st ny\u00fajt. &#8211; Nagyon ellen\u00e1ll\u00f3. &#8211; Egyszer\u0171 a haszn\u00e1lata. &#8211; Sokoldal\u00fa kert\u00e9szeti eszk\u00f6z. &#8211; Haszn\u00e1lhat\u00f3 a n\u00f6v\u00e9nyek n\u00f6veked\u00e9s\u00e9nek el\u0151seg\u00edt\u00e9s\u00e9hez, mint k\u00f6t\u00f6z\u0151, de dekor\u00e1ci\u00f3s, DIY \u00f6tletek megval\u00f3s\u00edt\u00e1s\u00e1hoz is hasznos kieg\u00e9sz\u00edt\u0151 lehet. JELLEMZ\u0150K &#8211; Anyaga: juta &#8211; Sz\u00edne: z\u00f6ld vagy nat\u00far &#8211; M\u00e9ret: 50 m\/80 m &#8211; S\u00falya: 50g &#8211; Eur\u00f3p\u00e1ban gy\u00e1rtott term\u00e9k\u00a0 <b><span style=\"font-family: Ubuntu, serif;\">\u00e9szlet\u00fcnk napi szinten v\u00e1ltozik, ez\u00e9rt k\u00e9rj\u00fck, \u00e9rdekl\u0151dj\u00f6n szem\u00e9lyesen, telefonon vagy email-en.<br \/>\nA v\u00e1ltoztat\u00e1s jog\u00e1t fenntartjuk!\u00a0<\/span><\/b><\/span><\/h6>","protected":false},"excerpt":{"rendered":"<h1 class=\"page-head-title product-page-head-title position-relative\"><span class=\"product-page-product-name\">Nortene Jute kerti zsineg, 50 m, Z\u00f6ld<\/span><\/h1>\n<h1 class=\"justtellmewhat color-green-2 mt-4 text-2xl leading-none\">Term\u00e9szetes zsineg sokoldal\u00fa kert\u00e9szeti alkalmaz\u00e1sra.<\/h1>\n<div class=\"mt-2 color-brown text-lg\">100%-ban term\u00e9szetes kertet szeretne mag\u00e1nak k\u00e9miai kezel\u00e9s \u00e9s n\u00f6v\u00e9nyv\u00e9d\u0151 szerek n\u00e9lk\u00fcl? Haszn\u00e1ljon term\u00e9szetes juta zsineget k\u00f6t\u00f6z\u00e9s c\u00e9lj\u00e1b\u00f3l.<\/div>\n<div class=\"p-desc\">\n<div class=\"p-desc\"><\/div>\n<\/div>","protected":false},"featured_media":19233,"template":"","meta":{"_et_pb_use_builder":"","_et_pb_old_content":"","_et_gb_content_width":""},"product_brand":[],"product_cat":[1526],"product_tag":[2011,4923,4924,2010,1078,4925],"class_list":{"0":"post-7055","1":"product","2":"type-product","3":"status-publish","4":"has-post-thumbnail","6":"product_cat-kotozok","7":"product_tag-50-m","8":"product_tag-juta","9":"product_tag-jute","10":"product_tag-nortene-jute-kerti-zsineg","11":"product_tag-zold","12":"product_tag-zsinor","14":"first","15":"instock","16":"shipping-taxable","17":"purchasable","18":"product-type-simple"},"yoast_head":"<!-- This site is optimized with the Yoast SEO plugin v27.3 - https:\/\/yoast.com\/product\/yoast-seo-wordpress\/ -->\n<title>Nortene Jute kerti zsineg, 50 m, Z\u00f6ld - T\u00e1jkert\u00e9sz<\/title>\n<meta name=\"description\" content=\"Nortene Jute kerti zsineg, 50 m, Z\u00f6ld sz\u00edn\u0171 100%-ban biol\u00f3giailag leboml\u00f3. Term\u00e9szetes \u00e9s fenntarthat\u00f3 megold\u00e1st ny\u00fajt. Nagyon ellen\u00e1ll\u00f3.\" \/>\n<meta name=\"robots\" content=\"index, follow, max-snippet:-1, max-image-preview:large, max-video-preview:-1\" \/>\n<link rel=\"canonical\" href=\"https:\/\/tajkertesz.com\/en_US\/product\/nortene-jute-kerti-zsineg-50-m-zold\/\" \/>\n<meta property=\"og:locale\" content=\"en_US\" \/>\n<meta property=\"og:type\" content=\"article\" \/>\n<meta property=\"og:title\" content=\"Nortene Jute kerti zsineg, 50 m, Z\u00f6ld - T\u00e1jkert\u00e9sz\" \/>\n<meta property=\"og:description\" content=\"Nortene Jute kerti zsineg, 50 m, Z\u00f6ld sz\u00edn\u0171 100%-ban biol\u00f3giailag leboml\u00f3. Term\u00e9szetes \u00e9s fenntarthat\u00f3 megold\u00e1st ny\u00fajt. Nagyon ellen\u00e1ll\u00f3.\" \/>\n<meta property=\"og:url\" content=\"https:\/\/tajkertesz.com\/en_US\/product\/nortene-jute-kerti-zsineg-50-m-zold\/\" \/>\n<meta property=\"og:site_name\" content=\"T\u00e1jkert\u00e9sz\" \/>\n<meta property=\"article:publisher\" content=\"https:\/\/www.facebook.com\/Tajkertesz\/\" \/>\n<meta property=\"article:modified_time\" content=\"2024-02-16T09:01:02+00:00\" \/>\n<meta property=\"og:image\" content=\"https:\/\/tajkertesz.com\/wp-content\/uploads\/2021\/06\/juta.jpg\" \/>\n\t<meta property=\"og:image:width\" content=\"406\" \/>\n\t<meta property=\"og:image:height\" content=\"904\" \/>\n\t<meta property=\"og:image:type\" content=\"image\/jpeg\" \/>\n<meta name=\"twitter:card\" content=\"summary_large_image\" \/>\n<meta name=\"twitter:label1\" content=\"Est. reading time\" \/>\n\t<meta name=\"twitter:data1\" content=\"2 minutes\" \/>\n<script type=\"application\/ld+json\" class=\"yoast-schema-graph\">{\"@context\":\"https:\\\/\\\/schema.org\",\"@graph\":[{\"@type\":\"WebPage\",\"@id\":\"https:\\\/\\\/tajkertesz.com\\\/termek\\\/nortene-jute-kerti-zsineg-50-m-zold\\\/\",\"url\":\"https:\\\/\\\/tajkertesz.com\\\/termek\\\/nortene-jute-kerti-zsineg-50-m-zold\\\/\",\"name\":\"Nortene Jute kerti zsineg, 50 m, Z\u00f6ld - T\u00e1jkert\u00e9sz\",\"isPartOf\":{\"@id\":\"https:\\\/\\\/tajkertesz.com\\\/#website\"},\"primaryImageOfPage\":{\"@id\":\"https:\\\/\\\/tajkertesz.com\\\/termek\\\/nortene-jute-kerti-zsineg-50-m-zold\\\/#primaryimage\"},\"image\":{\"@id\":\"https:\\\/\\\/tajkertesz.com\\\/termek\\\/nortene-jute-kerti-zsineg-50-m-zold\\\/#primaryimage\"},\"thumbnailUrl\":\"https:\\\/\\\/tajkertesz.com\\\/wp-content\\\/uploads\\\/2021\\\/06\\\/juta.jpg\",\"datePublished\":\"2021-06-23T10:35:33+00:00\",\"dateModified\":\"2024-02-16T09:01:02+00:00\",\"description\":\"Nortene Jute kerti zsineg, 50 m, Z\u00f6ld sz\u00edn\u0171 100%-ban biol\u00f3giailag leboml\u00f3. Term\u00e9szetes \u00e9s fenntarthat\u00f3 megold\u00e1st ny\u00fajt. Nagyon ellen\u00e1ll\u00f3.\",\"breadcrumb\":{\"@id\":\"https:\\\/\\\/tajkertesz.com\\\/termek\\\/nortene-jute-kerti-zsineg-50-m-zold\\\/#breadcrumb\"},\"inLanguage\":\"en-US\",\"potentialAction\":[{\"@type\":\"ReadAction\",\"target\":[\"https:\\\/\\\/tajkertesz.com\\\/termek\\\/nortene-jute-kerti-zsineg-50-m-zold\\\/\"]}]},{\"@type\":\"ImageObject\",\"inLanguage\":\"en-US\",\"@id\":\"https:\\\/\\\/tajkertesz.com\\\/termek\\\/nortene-jute-kerti-zsineg-50-m-zold\\\/#primaryimage\",\"url\":\"https:\\\/\\\/tajkertesz.com\\\/wp-content\\\/uploads\\\/2021\\\/06\\\/juta.jpg\",\"contentUrl\":\"https:\\\/\\\/tajkertesz.com\\\/wp-content\\\/uploads\\\/2021\\\/06\\\/juta.jpg\",\"width\":406,\"height\":904},{\"@type\":\"BreadcrumbList\",\"@id\":\"https:\\\/\\\/tajkertesz.com\\\/termek\\\/nortene-jute-kerti-zsineg-50-m-zold\\\/#breadcrumb\",\"itemListElement\":[{\"@type\":\"ListItem\",\"position\":1,\"name\":\"Home\",\"item\":\"https:\\\/\\\/tajkertesz.com\\\/\"},{\"@type\":\"ListItem\",\"position\":2,\"name\":\"Kezd\u0151lap\",\"item\":\"https:\\\/\\\/tajkertesz.com\\\/\"},{\"@type\":\"ListItem\",\"position\":3,\"name\":\"Nortene Jute kerti zsineg, 50 m, Z\u00f6ld\"}]},{\"@type\":\"WebSite\",\"@id\":\"https:\\\/\\\/tajkertesz.com\\\/#website\",\"url\":\"https:\\\/\\\/tajkertesz.com\\\/\",\"name\":\"T\u00e1j-Kert\u00e9sz 84 Kft.\",\"description\":\"Kert\u00e9szeti kis- \u00e9s nagykeresked\u00e9s, D\u00edszn\u00f6v\u00e9ny web\u00e1ruh\u00e1z orsz\u00e1gos h\u00e1zhozsz\u00e1ll\u00edt\u00e1ssal!\",\"publisher\":{\"@id\":\"https:\\\/\\\/tajkertesz.com\\\/#organization\"},\"potentialAction\":[{\"@type\":\"SearchAction\",\"target\":{\"@type\":\"EntryPoint\",\"urlTemplate\":\"https:\\\/\\\/tajkertesz.com\\\/?s={search_term_string}\"},\"query-input\":{\"@type\":\"PropertyValueSpecification\",\"valueRequired\":true,\"valueName\":\"search_term_string\"}}],\"inLanguage\":\"en-US\"},{\"@type\":\"Organization\",\"@id\":\"https:\\\/\\\/tajkertesz.com\\\/#organization\",\"name\":\"T\u00e1j-Kert\u00e9sz 84 Kft.\",\"url\":\"https:\\\/\\\/tajkertesz.com\\\/\",\"logo\":{\"@type\":\"ImageObject\",\"inLanguage\":\"en-US\",\"@id\":\"https:\\\/\\\/tajkertesz.com\\\/#\\\/schema\\\/logo\\\/image\\\/\",\"url\":\"https:\\\/\\\/tajkertesz.com\\\/wp-content\\\/uploads\\\/2018\\\/02\\\/logo-2-e1518678052539.png\",\"contentUrl\":\"https:\\\/\\\/tajkertesz.com\\\/wp-content\\\/uploads\\\/2018\\\/02\\\/logo-2-e1518678052539.png\",\"width\":81,\"height\":140,\"caption\":\"T\u00e1j-Kert\u00e9sz 84 Kft.\"},\"image\":{\"@id\":\"https:\\\/\\\/tajkertesz.com\\\/#\\\/schema\\\/logo\\\/image\\\/\"},\"sameAs\":[\"https:\\\/\\\/www.facebook.com\\\/Tajkertesz\\\/\"]}]}<\/script>\n<!-- \/ Yoast SEO plugin. -->","yoast_head_json":{"title":"Nortene Jute kerti zsineg, 50 m, Z\u00f6ld - T\u00e1jkert\u00e9sz","description":"Nortene Jute kerti zsineg, 50 m, Z\u00f6ld sz\u00edn\u0171 100%-ban biol\u00f3giailag leboml\u00f3. Term\u00e9szetes \u00e9s fenntarthat\u00f3 megold\u00e1st ny\u00fajt. Nagyon ellen\u00e1ll\u00f3.","robots":{"index":"index","follow":"follow","max-snippet":"max-snippet:-1","max-image-preview":"max-image-preview:large","max-video-preview":"max-video-preview:-1"},"canonical":"https:\/\/tajkertesz.com\/en_US\/product\/nortene-jute-kerti-zsineg-50-m-zold\/","og_locale":"en_US","og_type":"article","og_title":"Nortene Jute kerti zsineg, 50 m, Z\u00f6ld - T\u00e1jkert\u00e9sz","og_description":"Nortene Jute kerti zsineg, 50 m, Z\u00f6ld sz\u00edn\u0171 100%-ban biol\u00f3giailag leboml\u00f3. Term\u00e9szetes \u00e9s fenntarthat\u00f3 megold\u00e1st ny\u00fajt. Nagyon ellen\u00e1ll\u00f3.","og_url":"https:\/\/tajkertesz.com\/en_US\/product\/nortene-jute-kerti-zsineg-50-m-zold\/","og_site_name":"T\u00e1jkert\u00e9sz","article_publisher":"https:\/\/www.facebook.com\/Tajkertesz\/","article_modified_time":"2024-02-16T09:01:02+00:00","og_image":[{"width":406,"height":904,"url":"https:\/\/tajkertesz.com\/wp-content\/uploads\/2021\/06\/juta.jpg","type":"image\/jpeg"}],"twitter_card":"summary_large_image","twitter_misc":{"Est. reading time":"2 minutes"},"schema":{"@context":"https:\/\/schema.org","@graph":[{"@type":"WebPage","@id":"https:\/\/tajkertesz.com\/termek\/nortene-jute-kerti-zsineg-50-m-zold\/","url":"https:\/\/tajkertesz.com\/termek\/nortene-jute-kerti-zsineg-50-m-zold\/","name":"Nortene Jute kerti zsineg, 50 m, Z\u00f6ld - T\u00e1jkert\u00e9sz","isPartOf":{"@id":"https:\/\/tajkertesz.com\/#website"},"primaryImageOfPage":{"@id":"https:\/\/tajkertesz.com\/termek\/nortene-jute-kerti-zsineg-50-m-zold\/#primaryimage"},"image":{"@id":"https:\/\/tajkertesz.com\/termek\/nortene-jute-kerti-zsineg-50-m-zold\/#primaryimage"},"thumbnailUrl":"https:\/\/tajkertesz.com\/wp-content\/uploads\/2021\/06\/juta.jpg","datePublished":"2021-06-23T10:35:33+00:00","dateModified":"2024-02-16T09:01:02+00:00","description":"Nortene Jute kerti zsineg, 50 m, Z\u00f6ld sz\u00edn\u0171 100%-ban biol\u00f3giailag leboml\u00f3. Term\u00e9szetes \u00e9s fenntarthat\u00f3 megold\u00e1st ny\u00fajt. Nagyon ellen\u00e1ll\u00f3.","breadcrumb":{"@id":"https:\/\/tajkertesz.com\/termek\/nortene-jute-kerti-zsineg-50-m-zold\/#breadcrumb"},"inLanguage":"en-US","potentialAction":[{"@type":"ReadAction","target":["https:\/\/tajkertesz.com\/termek\/nortene-jute-kerti-zsineg-50-m-zold\/"]}]},{"@type":"ImageObject","inLanguage":"en-US","@id":"https:\/\/tajkertesz.com\/termek\/nortene-jute-kerti-zsineg-50-m-zold\/#primaryimage","url":"https:\/\/tajkertesz.com\/wp-content\/uploads\/2021\/06\/juta.jpg","contentUrl":"https:\/\/tajkertesz.com\/wp-content\/uploads\/2021\/06\/juta.jpg","width":406,"height":904},{"@type":"BreadcrumbList","@id":"https:\/\/tajkertesz.com\/termek\/nortene-jute-kerti-zsineg-50-m-zold\/#breadcrumb","itemListElement":[{"@type":"ListItem","position":1,"name":"Home","item":"https:\/\/tajkertesz.com\/"},{"@type":"ListItem","position":2,"name":"Kezd\u0151lap","item":"https:\/\/tajkertesz.com\/"},{"@type":"ListItem","position":3,"name":"Nortene Jute kerti zsineg, 50 m, Z\u00f6ld"}]},{"@type":"WebSite","@id":"https:\/\/tajkertesz.com\/#website","url":"https:\/\/tajkertesz.com\/","name":"T\u00e1j-Kert\u00e9sz 84 Kft.","description":"Kert\u00e9szeti kis- \u00e9s nagykeresked\u00e9s, D\u00edszn\u00f6v\u00e9ny web\u00e1ruh\u00e1z orsz\u00e1gos h\u00e1zhozsz\u00e1ll\u00edt\u00e1ssal!","publisher":{"@id":"https:\/\/tajkertesz.com\/#organization"},"potentialAction":[{"@type":"SearchAction","target":{"@type":"EntryPoint","urlTemplate":"https:\/\/tajkertesz.com\/?s={search_term_string}"},"query-input":{"@type":"PropertyValueSpecification","valueRequired":true,"valueName":"search_term_string"}}],"inLanguage":"en-US"},{"@type":"Organization","@id":"https:\/\/tajkertesz.com\/#organization","name":"T\u00e1j-Kert\u00e9sz 84 Kft.","url":"https:\/\/tajkertesz.com\/","logo":{"@type":"ImageObject","inLanguage":"en-US","@id":"https:\/\/tajkertesz.com\/#\/schema\/logo\/image\/","url":"https:\/\/tajkertesz.com\/wp-content\/uploads\/2018\/02\/logo-2-e1518678052539.png","contentUrl":"https:\/\/tajkertesz.com\/wp-content\/uploads\/2018\/02\/logo-2-e1518678052539.png","width":81,"height":140,"caption":"T\u00e1j-Kert\u00e9sz 84 Kft."},"image":{"@id":"https:\/\/tajkertesz.com\/#\/schema\/logo\/image\/"},"sameAs":["https:\/\/www.facebook.com\/Tajkertesz\/"]}]}},"_links":{"self":[{"href":"https:\/\/tajkertesz.com\/en_US\/wp-json\/wp\/v2\/product\/7055","targetHints":{"allow":["GET"]}}],"collection":[{"href":"https:\/\/tajkertesz.com\/en_US\/wp-json\/wp\/v2\/product"}],"about":[{"href":"https:\/\/tajkertesz.com\/en_US\/wp-json\/wp\/v2\/types\/product"}],"wp:featuredmedia":[{"embeddable":true,"href":"https:\/\/tajkertesz.com\/en_US\/wp-json\/wp\/v2\/media\/19233"}],"wp:attachment":[{"href":"https:\/\/tajkertesz.com\/en_US\/wp-json\/wp\/v2\/media?parent=7055"}],"wp:term":[{"taxonomy":"product_brand","embeddable":true,"href":"https:\/\/tajkertesz.com\/en_US\/wp-json\/wp\/v2\/product_brand?post=7055"},{"taxonomy":"product_cat","embeddable":true,"href":"https:\/\/tajkertesz.com\/en_US\/wp-json\/wp\/v2\/product_cat?post=7055"},{"taxonomy":"product_tag","embeddable":true,"href":"https:\/\/tajkertesz.com\/en_US\/wp-json\/wp\/v2\/product_tag?post=7055"}],"curies":[{"name":"wp","href":"https:\/\/api.w.org\/{rel}","templated":true}]}}