{"id":7072,"date":"2021-06-23T11:09:18","date_gmt":"2021-06-23T11:09:18","guid":{"rendered":"https:\/\/tajkertesz.com\/?post_type=product&#038;p=7072"},"modified":"2022-02-16T07:35:22","modified_gmt":"2022-02-16T07:35:22","slug":"nortene-jute-kerti-zsineg-adagoloval-natur-80m","status":"publish","type":"product","link":"https:\/\/tajkertesz.com\/en_US\/product\/nortene-jute-kerti-zsineg-adagoloval-natur-80m\/","title":{"rendered":"Nortene JUTE kerti zsineg adagol\u00f3val, nat\u00far, 80m"},"content":{"rendered":"<h1 class=\"product-page-heading\"><span class=\"product-page-product-name\">Nortene JUTE kerti zsineg adagol\u00f3val, nat\u00far, 80m<\/span><\/h1>\n<p class=\"product-page-heading\"><span class=\"product-page-product-name\">Nortene JUTE kerti zsineg adagol\u00f3val, nat\u00far, 80m<\/span><\/p>\n<div class=\"p-desc\">\n<div class=\"p-action\"><\/div>\n<\/div>\n<div class=\"p-action\"><\/div>\n<p style=\"line-height: 18.0pt; background: white; margin: 0cm 0cm 15.0pt 0cm;\"><b><span style=\"font-family: 'Ubuntu',serif; color: black;\">K\u00e9szlet\u00fcnk napi szinten v\u00e1ltozik, ez\u00e9rt k\u00e9rj\u00fck, \u00e9rdekl\u0151dj\u00f6n szem\u00e9lyesen, telefonon vagy email-en.<br \/>\nA v\u00e1ltoztat\u00e1s jog\u00e1t fenntartjuk!\u00a0<\/span><\/b><\/p>\n<p><a href=\"https:\/\/tajkertesz.com\/\">https:\/\/tajkertesz.com\/<\/a><\/p>\n<p><a href=\"https:\/\/www.facebook.com\/tajkertesz\">https:\/\/www.facebook.com\/tajkertesz<\/a><\/p>\n<h2><span style=\"color: #ffffff;\"><span id=\"\u00c9p\u00fclet\" class=\"mw-headline\">\u00c9p\u00fclet<\/span><span class=\"mw-editsection\"><span class=\"mw-editsection-bracket\">[<\/span><a style=\"color: #ffffff;\" title=\"Szakasz szerkeszt\u00e9se: \u00c9p\u00fclet\" href=\"https:\/\/hu.wikipedia.org\/w\/index.php?title=Napellenz%C5%91&amp;action=edit&amp;section=1\">szerkeszt\u00e9s<\/a><span class=\"mw-editsection-bracket\">]<\/span><\/span><\/span><\/h2>\n<p><span style=\"color: #ffffff;\">A napellenz\u0151 \u00e1rny\u00e9kot vet az ablakokra \u00e9s\/vagy a falakra. Archeot\u00edpusa a\u00a0<a class=\"mw-redirect\" style=\"color: #ffffff;\" title=\"Paraszth\u00e1z\" href=\"https:\/\/hu.wikipedia.org\/wiki\/Paraszth%C3%A1z\">paraszth\u00e1zak<\/a>\u00a0fedett\u00a0<a class=\"new\" style=\"color: #ffffff;\" title=\"Torn\u00e1c (a lap nem l\u00e9tezik)\" href=\"https:\/\/hu.wikipedia.org\/w\/index.php?title=Torn%C3%A1c&amp;action=edit&amp;redlink=1\">torn\u00e1ca<\/a>. Technikai kialak\u00edt\u00e1s\u00e1t illet\u0151en k\u00f6ny\u00f6kkaros, oll\u00f3karos, vagy ejt\u0151karos szerkezetek terjedtek el. \u00c9ttermek kerthelyis\u00e9geibe az \u00fagynevezett gastro-szerkezet v\u00e1lt n\u00e9pszer\u0171v\u00e9. Jellemz\u0151je a talajba betonozott, vagy er\u0151sen les\u00falyozott talpakon \u00e1ll\u00f3 ac\u00e9lkeret, melyre k\u00e9t oldalr\u00f3l s\u00e1tortet\u0151 form\u00e1ban szerelt napellenz\u0151kkel \u00e1rny\u00e9kolnak. Ezzel a megold\u00e1ssal ak\u00e1r 10m hossz\u00fa, 6m sz\u00e9les ter\u00fcletet lehet le\u00e1rny\u00e9kolni. A napellenz\u0151 szerkezeti r\u00e9sz\u00e9nek anyaga nagyr\u00e9szt AlMgSi \u00f6tv\u00f6zet. A f\u0151tart\u00f3 profil 40&#215;40 horganyzott ac\u00e9lprofil. Az \u00e1rny\u00e9kot ad\u00f3 textil U.V. stabil poli\u00e9szter, esetenk\u00e9nt Acrill.<\/span><\/p>\n<p><span style=\"color: #ffffff;\">Tendencia a napellenz\u0151 vez\u00e9rl\u00e9s\u00e9nek integr\u00e1l\u00e1sa az \u00e9p\u00fcletautomatiz\u00e1l\u00e1s Standard Motor Interface (SMI) rendszerrel. A motoros napellenz\u0151ket biztons\u00e1gi megfontol\u00e1sb\u00f3l sz\u00e9l\u00e9rz\u00e9kel\u0151vel l\u00e1tj\u00e1k el. Ennek szerepe a 4\u20135\u00a0m\/s feletti sz\u00e9lj\u00e1r\u00e1s eset\u00e9n a napellenz\u0151k automatikus behajt\u00e1sa. A motoros napellenz\u0151k komfortoss\u00e1g\u00e1nak n\u00f6vel\u00e9sek\u00e9nt f\u00e9ny\u00e9rz\u00e9kel\u0151vel l\u00e1tj\u00e1k el. A be\u00e1ll\u00edtott f\u00e9nyer\u0151 felett automatikusan kiny\u00edlik, alatta viszont automatikusan bez\u00e1r\u00f3dik a napellenz\u0151. A felt\u00e1mad\u00f3 er\u0151s sz\u00e9l okozta s\u00e9r\u00fcl\u00e9seket a homlok-profikra szerelt rezg\u00e9s\u00e9rz\u00e9kel\u0151vel is lehets\u00e9ges megel\u0151zni. A gy\u00e1rilag (Somfy, Elero, Becker) kalibr\u00e1lt \u00e9rz\u00e9kel\u0151, a be\u00e1ll\u00edtott \u00e9rt\u00e9k feletti mozg\u00e1s eset\u00e9n lez\u00e1rja a napellenz\u0151t. Az \u00e9p\u00fcletekre szerelt \u00e1rny\u00e9kol\u00f3k meghat\u00e1rozhatj\u00e1k az utca\/v\u00e1rosr\u00e9sz \u00f6sszk\u00e9p\u00e9t, ez\u00e9rt esetenk\u00e9nt, bejelent\u00e9si k\u00f6telezetts\u00e9ghez k\u00f6tik a telep\u00edt\u00e9s\u00e9t.<\/span><\/p>\n<h2><span style=\"color: #ffffff;\"><span id=\"Ter.C3.BClet\"><\/span><span id=\"Ter\u00fclet\" class=\"mw-headline\">Ter\u00fclet<\/span><span class=\"mw-editsection\"><span class=\"mw-editsection-bracket\">[<\/span><a style=\"color: #ffffff;\" title=\"Szakasz szerkeszt\u00e9se: Ter\u00fclet\" href=\"https:\/\/hu.wikipedia.org\/w\/index.php?title=Napellenz%C5%91&amp;action=edit&amp;section=2\">szerkeszt\u00e9s<\/a><span class=\"mw-editsection-bracket\">]<\/span><\/span><\/span><\/h2>\n<p><span style=\"color: #ffffff;\">Ny\u00e1ron amikor a nap er\u0151sen s\u00fct, haszn\u00e1lj\u00e1k a &#8222;s\u00f6rs\u00e1trakat&#8221;, vagy &#8222;kerti pavilonokat&#8221;, ami \u00e1ltal\u00e1ban n\u00e9gy l\u00e1bon \u00e1ll\u00f3 v\u00e1szontet\u0151. Tipikusan feh\u00e9r, vagy vil\u00e1gos sz\u00edn\u0171.<\/span><\/p>\n<p><span style=\"color: #ffffff;\">V\u00e1ratlan vihar a nem megfelel\u0151en r\u00f6gz\u00edtett pavilonokat &#8222;felkaphatja&#8221;, ami balesethez vezethet.<\/span><\/p>\n<h2><span style=\"color: #ffffff;\"><span id=\"Aut.C3.B3\"><\/span><span id=\"Aut\u00f3\" class=\"mw-headline\">Aut\u00f3<\/span><span class=\"mw-editsection\"><span class=\"mw-editsection-bracket\">[<\/span><a style=\"color: #ffffff;\" title=\"Szakasz szerkeszt\u00e9se: Aut\u00f3\" href=\"https:\/\/hu.wikipedia.org\/w\/index.php?title=Napellenz%C5%91&amp;action=edit&amp;section=3\">szerkeszt\u00e9s<\/a><span class=\"mw-editsection-bracket\">]<\/span><\/span><\/span><\/h2>\n<p><span style=\"color: #ffffff;\">Az aut\u00f3k napellenz\u0151je\u00a0<a class=\"mw-redirect\" style=\"color: #ffffff;\" title=\"Szem\u00e9lyaut\u00f3\" href=\"https:\/\/hu.wikipedia.org\/wiki\/Szem%C3%A9lyaut%C3%B3\">szem\u00e9lyaut\u00f3n<\/a>\u00a0p\u00e1rn\u00e1zott lehajthat\u00f3 lemez,\u00a0<a style=\"color: #ffffff;\" title=\"Aut\u00f3busz\" href=\"https:\/\/hu.wikipedia.org\/wiki\/Aut%C3%B3busz\">buszokon<\/a>,\u00a0<a class=\"mw-redirect\" style=\"color: #ffffff;\" title=\"Kamion\" href=\"https:\/\/hu.wikipedia.org\/wiki\/Kamion\">kamionokon<\/a>\u00a0<a class=\"new\" style=\"color: #ffffff;\" title=\"Roletta (a lap nem l\u00e9tezik)\" href=\"https:\/\/hu.wikipedia.org\/w\/index.php?title=Roletta&amp;action=edit&amp;redlink=1\">roletta<\/a>\u00a0jelleg\u0171 v\u00e1szoncs\u00edk, de k\u00fcls\u0151 tartoz\u00e9kk\u00e9nt a teheraut\u00f3k sz\u00e9lv\u00e9d\u0151j\u00e9nek fels\u0151 perem\u00e9nek teljes sz\u00e9less\u00e9ge al\u00e1 bel\u00f3g\u00f3, s\u00f6t\u00e9t\u00edtett-\u00e1tl\u00e1tsz\u00f3 vagy fekete\u00a0<a style=\"color: #ffffff;\" title=\"M\u0171anyag\" href=\"https:\/\/hu.wikipedia.org\/wiki\/M%C5%B1anyag\">m\u0171anyag<\/a>\u00a0alkatr\u00e9szk\u00e9nt is el\u0151fordul. Buszokon gyakran a sz\u00e9lv\u00e9d\u0151 fels\u0151 r\u00e9sz\u00e9nek s\u00f6t\u00e9t\u00edt\u00e9se is napellenz\u0151k\u00e9nt funkcion\u00e1l. C\u00e9lja a nagyon f\u00e9nyes \u00e9gbolt, illetve a napkorong kitakar\u00e1sa a vezet\u0151 l\u00e1t\u00f3ter\u00e9b\u0151l.<\/span><\/p>\n<p><span style=\"color: #ffffff;\">Ide tartozik a parkol\u00e1skor az ablakba helyezhet\u0151 pap\u00edr leporell\u00f3, ami megv\u00e9di az aut\u00f3t a nagyobb felmeleged\u00e9st\u0151l, illetve a m\u0171szerfalat a kiszikkaszt\u00e1st\u00f3<\/span>l.<\/p>\n<p>&nbsp;<\/p>\n","protected":false},"excerpt":{"rendered":"<h1 class=\"product-page-heading\"><span class=\"product-page-product-name\">Nortene JUTE kerti zsineg adagol\u00f3val, nat\u00far, 80m<\/span><\/h1>\n<div class=\"p-desc\">\n<div class=\"p-desc\"><\/div>\n<\/div>","protected":false},"featured_media":7074,"template":"","meta":{"_et_pb_use_builder":"","_et_pb_old_content":"","_et_gb_content_width":""},"product_brand":[],"product_cat":[1526],"product_tag":[2019,2018,2017],"class_list":{"0":"post-7072","1":"product","2":"type-product","3":"status-publish","4":"has-post-thumbnail","6":"product_cat-kotozok","7":"product_tag-80m","8":"product_tag-natur","9":"product_tag-nortene-jute-kerti-zsineg-adagoloval","11":"first","12":"instock","13":"shipping-taxable","14":"purchasable","15":"product-type-simple"},"yoast_head":"<!-- This site is optimized with the Yoast SEO plugin v27.3 - https:\/\/yoast.com\/product\/yoast-seo-wordpress\/ -->\n<title>Nortene JUTE kerti zsineg adagol\u00f3val, nat\u00far, 80m - T\u00e1jkert\u00e9sz<\/title>\n<meta name=\"description\" content=\"Nortene JUTE kerti zsineg adagol\u00f3val, nat\u00far, 80m\" \/>\n<meta name=\"robots\" content=\"index, follow, max-snippet:-1, max-image-preview:large, max-video-preview:-1\" \/>\n<link rel=\"canonical\" href=\"https:\/\/tajkertesz.com\/en_US\/product\/nortene-jute-kerti-zsineg-adagoloval-natur-80m\/\" \/>\n<meta property=\"og:locale\" content=\"en_US\" \/>\n<meta property=\"og:type\" content=\"article\" \/>\n<meta property=\"og:title\" content=\"Nortene JUTE kerti zsineg adagol\u00f3val, nat\u00far, 80m - T\u00e1jkert\u00e9sz\" \/>\n<meta property=\"og:description\" content=\"Nortene JUTE kerti zsineg adagol\u00f3val, nat\u00far, 80m\" \/>\n<meta property=\"og:url\" content=\"https:\/\/tajkertesz.com\/en_US\/product\/nortene-jute-kerti-zsineg-adagoloval-natur-80m\/\" \/>\n<meta property=\"og:site_name\" content=\"T\u00e1jkert\u00e9sz\" \/>\n<meta property=\"article:publisher\" content=\"https:\/\/www.facebook.com\/Tajkertesz\/\" \/>\n<meta property=\"article:modified_time\" content=\"2022-02-16T07:35:22+00:00\" \/>\n<meta property=\"og:image\" content=\"https:\/\/tajkertesz.com\/wp-content\/uploads\/2021\/06\/IMG_20210623_121741-scaled.jpg\" \/>\n\t<meta property=\"og:image:width\" content=\"2560\" \/>\n\t<meta property=\"og:image:height\" content=\"1038\" \/>\n\t<meta property=\"og:image:type\" content=\"image\/jpeg\" \/>\n<meta name=\"twitter:card\" content=\"summary_large_image\" \/>\n<meta name=\"twitter:label1\" content=\"Est. reading time\" \/>\n\t<meta name=\"twitter:data1\" content=\"2 minutes\" \/>\n<script type=\"application\/ld+json\" class=\"yoast-schema-graph\">{\"@context\":\"https:\\\/\\\/schema.org\",\"@graph\":[{\"@type\":\"WebPage\",\"@id\":\"https:\\\/\\\/tajkertesz.com\\\/termek\\\/nortene-jute-kerti-zsineg-adagoloval-natur-80m\\\/\",\"url\":\"https:\\\/\\\/tajkertesz.com\\\/termek\\\/nortene-jute-kerti-zsineg-adagoloval-natur-80m\\\/\",\"name\":\"Nortene JUTE kerti zsineg adagol\u00f3val, nat\u00far, 80m - T\u00e1jkert\u00e9sz\",\"isPartOf\":{\"@id\":\"https:\\\/\\\/tajkertesz.com\\\/#website\"},\"primaryImageOfPage\":{\"@id\":\"https:\\\/\\\/tajkertesz.com\\\/termek\\\/nortene-jute-kerti-zsineg-adagoloval-natur-80m\\\/#primaryimage\"},\"image\":{\"@id\":\"https:\\\/\\\/tajkertesz.com\\\/termek\\\/nortene-jute-kerti-zsineg-adagoloval-natur-80m\\\/#primaryimage\"},\"thumbnailUrl\":\"https:\\\/\\\/tajkertesz.com\\\/wp-content\\\/uploads\\\/2021\\\/06\\\/IMG_20210623_121741-scaled.jpg\",\"datePublished\":\"2021-06-23T11:09:18+00:00\",\"dateModified\":\"2022-02-16T07:35:22+00:00\",\"description\":\"Nortene JUTE kerti zsineg adagol\u00f3val, nat\u00far, 80m\",\"breadcrumb\":{\"@id\":\"https:\\\/\\\/tajkertesz.com\\\/termek\\\/nortene-jute-kerti-zsineg-adagoloval-natur-80m\\\/#breadcrumb\"},\"inLanguage\":\"en-US\",\"potentialAction\":[{\"@type\":\"ReadAction\",\"target\":[\"https:\\\/\\\/tajkertesz.com\\\/termek\\\/nortene-jute-kerti-zsineg-adagoloval-natur-80m\\\/\"]}]},{\"@type\":\"ImageObject\",\"inLanguage\":\"en-US\",\"@id\":\"https:\\\/\\\/tajkertesz.com\\\/termek\\\/nortene-jute-kerti-zsineg-adagoloval-natur-80m\\\/#primaryimage\",\"url\":\"https:\\\/\\\/tajkertesz.com\\\/wp-content\\\/uploads\\\/2021\\\/06\\\/IMG_20210623_121741-scaled.jpg\",\"contentUrl\":\"https:\\\/\\\/tajkertesz.com\\\/wp-content\\\/uploads\\\/2021\\\/06\\\/IMG_20210623_121741-scaled.jpg\",\"width\":2560,\"height\":1038,\"caption\":\"hdr\"},{\"@type\":\"BreadcrumbList\",\"@id\":\"https:\\\/\\\/tajkertesz.com\\\/termek\\\/nortene-jute-kerti-zsineg-adagoloval-natur-80m\\\/#breadcrumb\",\"itemListElement\":[{\"@type\":\"ListItem\",\"position\":1,\"name\":\"Home\",\"item\":\"https:\\\/\\\/tajkertesz.com\\\/\"},{\"@type\":\"ListItem\",\"position\":2,\"name\":\"Kezd\u0151lap\",\"item\":\"https:\\\/\\\/tajkertesz.com\\\/\"},{\"@type\":\"ListItem\",\"position\":3,\"name\":\"Nortene JUTE kerti zsineg adagol\u00f3val, nat\u00far, 80m\"}]},{\"@type\":\"WebSite\",\"@id\":\"https:\\\/\\\/tajkertesz.com\\\/#website\",\"url\":\"https:\\\/\\\/tajkertesz.com\\\/\",\"name\":\"T\u00e1j-Kert\u00e9sz 84 Kft.\",\"description\":\"Kert\u00e9szeti kis- \u00e9s nagykeresked\u00e9s, D\u00edszn\u00f6v\u00e9ny web\u00e1ruh\u00e1z orsz\u00e1gos h\u00e1zhozsz\u00e1ll\u00edt\u00e1ssal!\",\"publisher\":{\"@id\":\"https:\\\/\\\/tajkertesz.com\\\/#organization\"},\"potentialAction\":[{\"@type\":\"SearchAction\",\"target\":{\"@type\":\"EntryPoint\",\"urlTemplate\":\"https:\\\/\\\/tajkertesz.com\\\/?s={search_term_string}\"},\"query-input\":{\"@type\":\"PropertyValueSpecification\",\"valueRequired\":true,\"valueName\":\"search_term_string\"}}],\"inLanguage\":\"en-US\"},{\"@type\":\"Organization\",\"@id\":\"https:\\\/\\\/tajkertesz.com\\\/#organization\",\"name\":\"T\u00e1j-Kert\u00e9sz 84 Kft.\",\"url\":\"https:\\\/\\\/tajkertesz.com\\\/\",\"logo\":{\"@type\":\"ImageObject\",\"inLanguage\":\"en-US\",\"@id\":\"https:\\\/\\\/tajkertesz.com\\\/#\\\/schema\\\/logo\\\/image\\\/\",\"url\":\"https:\\\/\\\/tajkertesz.com\\\/wp-content\\\/uploads\\\/2018\\\/02\\\/logo-2-e1518678052539.png\",\"contentUrl\":\"https:\\\/\\\/tajkertesz.com\\\/wp-content\\\/uploads\\\/2018\\\/02\\\/logo-2-e1518678052539.png\",\"width\":81,\"height\":140,\"caption\":\"T\u00e1j-Kert\u00e9sz 84 Kft.\"},\"image\":{\"@id\":\"https:\\\/\\\/tajkertesz.com\\\/#\\\/schema\\\/logo\\\/image\\\/\"},\"sameAs\":[\"https:\\\/\\\/www.facebook.com\\\/Tajkertesz\\\/\"]}]}<\/script>\n<!-- \/ Yoast SEO plugin. -->","yoast_head_json":{"title":"Nortene JUTE kerti zsineg adagol\u00f3val, nat\u00far, 80m - T\u00e1jkert\u00e9sz","description":"Nortene JUTE kerti zsineg adagol\u00f3val, nat\u00far, 80m","robots":{"index":"index","follow":"follow","max-snippet":"max-snippet:-1","max-image-preview":"max-image-preview:large","max-video-preview":"max-video-preview:-1"},"canonical":"https:\/\/tajkertesz.com\/en_US\/product\/nortene-jute-kerti-zsineg-adagoloval-natur-80m\/","og_locale":"en_US","og_type":"article","og_title":"Nortene JUTE kerti zsineg adagol\u00f3val, nat\u00far, 80m - T\u00e1jkert\u00e9sz","og_description":"Nortene JUTE kerti zsineg adagol\u00f3val, nat\u00far, 80m","og_url":"https:\/\/tajkertesz.com\/en_US\/product\/nortene-jute-kerti-zsineg-adagoloval-natur-80m\/","og_site_name":"T\u00e1jkert\u00e9sz","article_publisher":"https:\/\/www.facebook.com\/Tajkertesz\/","article_modified_time":"2022-02-16T07:35:22+00:00","og_image":[{"width":2560,"height":1038,"url":"https:\/\/tajkertesz.com\/wp-content\/uploads\/2021\/06\/IMG_20210623_121741-scaled.jpg","type":"image\/jpeg"}],"twitter_card":"summary_large_image","twitter_misc":{"Est. reading time":"2 minutes"},"schema":{"@context":"https:\/\/schema.org","@graph":[{"@type":"WebPage","@id":"https:\/\/tajkertesz.com\/termek\/nortene-jute-kerti-zsineg-adagoloval-natur-80m\/","url":"https:\/\/tajkertesz.com\/termek\/nortene-jute-kerti-zsineg-adagoloval-natur-80m\/","name":"Nortene JUTE kerti zsineg adagol\u00f3val, nat\u00far, 80m - T\u00e1jkert\u00e9sz","isPartOf":{"@id":"https:\/\/tajkertesz.com\/#website"},"primaryImageOfPage":{"@id":"https:\/\/tajkertesz.com\/termek\/nortene-jute-kerti-zsineg-adagoloval-natur-80m\/#primaryimage"},"image":{"@id":"https:\/\/tajkertesz.com\/termek\/nortene-jute-kerti-zsineg-adagoloval-natur-80m\/#primaryimage"},"thumbnailUrl":"https:\/\/tajkertesz.com\/wp-content\/uploads\/2021\/06\/IMG_20210623_121741-scaled.jpg","datePublished":"2021-06-23T11:09:18+00:00","dateModified":"2022-02-16T07:35:22+00:00","description":"Nortene JUTE kerti zsineg adagol\u00f3val, nat\u00far, 80m","breadcrumb":{"@id":"https:\/\/tajkertesz.com\/termek\/nortene-jute-kerti-zsineg-adagoloval-natur-80m\/#breadcrumb"},"inLanguage":"en-US","potentialAction":[{"@type":"ReadAction","target":["https:\/\/tajkertesz.com\/termek\/nortene-jute-kerti-zsineg-adagoloval-natur-80m\/"]}]},{"@type":"ImageObject","inLanguage":"en-US","@id":"https:\/\/tajkertesz.com\/termek\/nortene-jute-kerti-zsineg-adagoloval-natur-80m\/#primaryimage","url":"https:\/\/tajkertesz.com\/wp-content\/uploads\/2021\/06\/IMG_20210623_121741-scaled.jpg","contentUrl":"https:\/\/tajkertesz.com\/wp-content\/uploads\/2021\/06\/IMG_20210623_121741-scaled.jpg","width":2560,"height":1038,"caption":"hdr"},{"@type":"BreadcrumbList","@id":"https:\/\/tajkertesz.com\/termek\/nortene-jute-kerti-zsineg-adagoloval-natur-80m\/#breadcrumb","itemListElement":[{"@type":"ListItem","position":1,"name":"Home","item":"https:\/\/tajkertesz.com\/"},{"@type":"ListItem","position":2,"name":"Kezd\u0151lap","item":"https:\/\/tajkertesz.com\/"},{"@type":"ListItem","position":3,"name":"Nortene JUTE kerti zsineg adagol\u00f3val, nat\u00far, 80m"}]},{"@type":"WebSite","@id":"https:\/\/tajkertesz.com\/#website","url":"https:\/\/tajkertesz.com\/","name":"T\u00e1j-Kert\u00e9sz 84 Kft.","description":"Kert\u00e9szeti kis- \u00e9s nagykeresked\u00e9s, D\u00edszn\u00f6v\u00e9ny web\u00e1ruh\u00e1z orsz\u00e1gos h\u00e1zhozsz\u00e1ll\u00edt\u00e1ssal!","publisher":{"@id":"https:\/\/tajkertesz.com\/#organization"},"potentialAction":[{"@type":"SearchAction","target":{"@type":"EntryPoint","urlTemplate":"https:\/\/tajkertesz.com\/?s={search_term_string}"},"query-input":{"@type":"PropertyValueSpecification","valueRequired":true,"valueName":"search_term_string"}}],"inLanguage":"en-US"},{"@type":"Organization","@id":"https:\/\/tajkertesz.com\/#organization","name":"T\u00e1j-Kert\u00e9sz 84 Kft.","url":"https:\/\/tajkertesz.com\/","logo":{"@type":"ImageObject","inLanguage":"en-US","@id":"https:\/\/tajkertesz.com\/#\/schema\/logo\/image\/","url":"https:\/\/tajkertesz.com\/wp-content\/uploads\/2018\/02\/logo-2-e1518678052539.png","contentUrl":"https:\/\/tajkertesz.com\/wp-content\/uploads\/2018\/02\/logo-2-e1518678052539.png","width":81,"height":140,"caption":"T\u00e1j-Kert\u00e9sz 84 Kft."},"image":{"@id":"https:\/\/tajkertesz.com\/#\/schema\/logo\/image\/"},"sameAs":["https:\/\/www.facebook.com\/Tajkertesz\/"]}]}},"_links":{"self":[{"href":"https:\/\/tajkertesz.com\/en_US\/wp-json\/wp\/v2\/product\/7072","targetHints":{"allow":["GET"]}}],"collection":[{"href":"https:\/\/tajkertesz.com\/en_US\/wp-json\/wp\/v2\/product"}],"about":[{"href":"https:\/\/tajkertesz.com\/en_US\/wp-json\/wp\/v2\/types\/product"}],"wp:featuredmedia":[{"embeddable":true,"href":"https:\/\/tajkertesz.com\/en_US\/wp-json\/wp\/v2\/media\/7074"}],"wp:attachment":[{"href":"https:\/\/tajkertesz.com\/en_US\/wp-json\/wp\/v2\/media?parent=7072"}],"wp:term":[{"taxonomy":"product_brand","embeddable":true,"href":"https:\/\/tajkertesz.com\/en_US\/wp-json\/wp\/v2\/product_brand?post=7072"},{"taxonomy":"product_cat","embeddable":true,"href":"https:\/\/tajkertesz.com\/en_US\/wp-json\/wp\/v2\/product_cat?post=7072"},{"taxonomy":"product_tag","embeddable":true,"href":"https:\/\/tajkertesz.com\/en_US\/wp-json\/wp\/v2\/product_tag?post=7072"}],"curies":[{"name":"wp","href":"https:\/\/api.w.org\/{rel}","templated":true}]}}