{"id":717,"date":"2020-02-12T14:41:49","date_gmt":"2020-02-12T14:41:49","guid":{"rendered":"https:\/\/tajkertesz.com\/?post_type=product&#038;p=717"},"modified":"2024-09-30T10:27:45","modified_gmt":"2024-09-30T10:27:45","slug":"acer-negundo-flamingo","status":"publish","type":"product","link":"https:\/\/tajkertesz.com\/en_US\/product\/acer-negundo-flamingo\/","title":{"rendered":"Acer negundo &#8216;Flamingo&#8217; &#8211; Flaming\u00f3 juhar"},"content":{"rendered":"<h3>Acer negundo &#8216;Flamingo&#8217; &#8211; Flaming\u00f3 juhar<\/h3>\n<p>Az Acer negundo &#8216;Flamingo&#8217; k\u00f6zepes termet\u0171 (10-15 m) fa vagy bokorfa, k\u00f6z\u00e9per\u0151s n\u00f6veked\u00e9s\u0171. Jelenlegi m\u00e9rete: 7.5 literes kont\u00e9nerben, magass\u00e1ga 150\/200cm.<\/p>\n<p><b>N\u00f6veked\u00e9s, alak:<\/b>\u00a0A fajn\u00e1l l\u00e9nyegesen gyeng\u00e9bb n\u00f6veked\u00e9s\u0171, kisebb fa, de nagy bokorr\u00e1, t\u00f6bbt\u00f6rzs\u0171 kis f\u00e1v\u00e1 is nevelhet\u0151. 5-7 m magas, 4-6 m sz\u00e9les, \u00e9ves n\u00f6veked\u00e9se 25 cm. G\u00f6mb\u00f6lyded koron\u00e1t k\u00e9pez.<br \/>\n<b>Lev\u00e9l:<\/b>\u00a0Ez\u00fcstfeh\u00e9ren szeg\u00e9lyezett, fiatalon flaming\u00f3-r\u00f3zsasz\u00edn\u0171 foltokkal d\u00edsz\u00edt\u0151 tarka level\u0171. Ha a veget\u00e1ci\u00f3ban is visszav\u00e1gjuk\/metsz\u00fck\/cs\u00edpj\u00fck, \u00faj hajt\u00e1sk\u00e9pz\u0151d\u00e9ssel folyamatoss\u00e1 tehetj\u00fck a fiatal, rendk\u00edv\u00fcl d\u00edsz\u00edt\u0151 tarka levelek jelenl\u00e9t\u00e9t.<br \/>\n<b>Vir\u00e1g:<\/b>\u00a0S\u00e1rg\u00e1sz\u00f6ld sz\u00edn\u0171, k\u00e9tlaki, \u00e1prilisban, lombfakad\u00e1skor.<br \/>\n<b>Term\u00e9s:<\/b>\u00a0Sz\u00e1rnyas, a fajn\u00e1l kicsit apr\u00f3bb term\u00e9se f\u00fcrt\u00f6kben<br \/>\n<b>Term\u0151hely, ig\u00e9ny:<\/b>\u00a0Talajig\u00e9nye csek\u00e9ly: a nedvest\u0151l a sz\u00e1raz talajokig sok mindent elvisel. Intenz\u00edv lombsz\u00ednre, sz\u00ednez\u0151d\u00e9sre csak napos fekv\u00e9sben (esetleg gyenge sz\u00f3rt \u00e1rny\u00e9kban) sz\u00e1m\u00edthatunk. M\u00e9ly\u00e1rny\u00e9kban visszaz\u00f6ld\u00fcl.<br \/>\n<b>Felhaszn\u00e1l\u00e1s:<\/b>\u00a0Els\u0151sorban kertekbe, parkokba, szoliterk\u00e9nt, ed\u00e9nyes n\u00f6v\u00e9nyk\u00e9nt d\u00edsz\u00edt\u00e9sre, de utcai sorf\u00e1nak is alkalmas<\/p>\n<p>&nbsp;<\/p>\n<p><b>K\u00e9szlet\u00fcnk napi szinten v\u00e1ltozik, ez\u00e9rt k\u00e9rj\u00fck, \u00e9rdekl\u0151dj\u00f6n szem\u00e9lyesen, telefonon vagy email-en.<br \/>\nA v\u00e1ltoztat\u00e1s jog\u00e1t fenntartjuk!<\/b><\/p>\n<p><a href=\"https:\/\/tajkertesz.com\/\">https:\/\/tajkertesz.com\/<\/a><\/p>\n<p><a href=\"https:\/\/hu.wikipedia.org\/wiki\/K%C5%91rislevel%C5%B1_juhar\">https:\/\/hu.wikipedia.org\/wiki\/K%C5%91rislevel%C5%B1_juhar<\/a><\/p>\n<p><span style=\"color: #ffffff;\">\u00c9szak-Amerik\u00e1b\u00f3l sz\u00e1rmazik, az\u00a0<a style=\"color: #ffffff;\" title=\"Amerikai Egyes\u00fclt \u00c1llamok\" href=\"https:\/\/hu.wikipedia.org\/wiki\/Amerikai_Egyes%C3%BClt_%C3%81llamok\">Amerikai Egyes\u00fclt \u00c1llamok<\/a>\u00a0\u00e9s a szomsz\u00e9dos orsz\u00e1gok foly\u00f3parti \u00e9s mocs\u00e1ri \u00e9l\u0151helyein sz\u00e9les k\u00f6rben elterjedt D\u00e9l-<a style=\"color: #ffffff;\" title=\"Kanada\" href=\"https:\/\/hu.wikipedia.org\/wiki\/Kanada\">Kanad\u00e1t\u00f3l<\/a>\u00a0\u00c9szak-<a style=\"color: #ffffff;\" title=\"Mexik\u00f3\" href=\"https:\/\/hu.wikipedia.org\/wiki\/Mexik%C3%B3\">Mexik\u00f3ig<\/a>. V\u00e1ltozatai megtal\u00e1lhat\u00f3k\u00a0<a style=\"color: #ffffff;\" title=\"Mexik\u00f3\" href=\"https:\/\/hu.wikipedia.org\/wiki\/Mexik%C3%B3\">Mexik\u00f3<\/a>\u00a0hegys\u00e9geiben, s\u0151t\u00a0<a style=\"color: #ffffff;\" title=\"Guatemala\" href=\"https:\/\/hu.wikipedia.org\/wiki\/Guatemala\">Guatemal\u00e1ban<\/a>\u00a0is.\u00a0<a style=\"color: #ffffff;\" title=\"Arizona\" href=\"https:\/\/hu.wikipedia.org\/wiki\/Arizona\">Arizon\u00e1ban<\/a>\u00a0\u00e9s\u00a0<a style=\"color: #ffffff;\" title=\"\u00daj-Mexik\u00f3\" href=\"https:\/\/hu.wikipedia.org\/wiki\/%C3%9Aj-Mexik%C3%B3\">\u00daj-Mexik\u00f3ban<\/a>\u00a0sz\u00e1mos hegyvid\u00e9ki v\u00edzparti erd\u0151t\u00e1rsul\u00e1sban uralkod\u00f3 fafaj.\u00a0<a style=\"color: #ffffff;\" title=\"Maine\" href=\"https:\/\/hu.wikipedia.org\/wiki\/Maine\">Maine<\/a>\u00a0\u00e1llamban,\u00a0<a style=\"color: #ffffff;\" title=\"Qu\u00e9bec (tartom\u00e1ny)\" href=\"https:\/\/hu.wikipedia.org\/wiki\/Qu%C3%A9bec_(tartom%C3%A1ny)\">Qu\u00e9bec<\/a>\u00a0d\u00e9li r\u00e9sz\u00e9n,\u00a0<a style=\"color: #ffffff;\" title=\"\u00daj-Brunswick\" href=\"https:\/\/hu.wikipedia.org\/wiki\/%C3%9Aj-Brunswick\">\u00daj-Brunswickben<\/a>,\u00a0<a style=\"color: #ffffff;\" title=\"\u00daj-Sk\u00f3cia\" href=\"https:\/\/hu.wikipedia.org\/wiki\/%C3%9Aj-Sk%C3%B3cia\">\u00daj-Sk\u00f3ci\u00e1ban<\/a>, a\u00a0<a style=\"color: #ffffff;\" title=\"Prince Edward-sziget\" href=\"https:\/\/hu.wikipedia.org\/wiki\/Prince_Edward-sziget\">Prince Edward-szigeten<\/a>, valamint\u00a0<a style=\"color: #ffffff;\" title=\"Washington (\u00e1llam)\" href=\"https:\/\/hu.wikipedia.org\/wiki\/Washington_(%C3%A1llam)\">Washington<\/a>\u00a0d\u00e9lkeleti \u00e9s\u00a0<a class=\"mw-redirect\" style=\"color: #ffffff;\" title=\"Oregon\" href=\"https:\/\/hu.wikipedia.org\/wiki\/Oregon\">Oregon<\/a>\u00a0keleti r\u00e9sz\u00e9n meghonosodott.<\/span><\/p>\n<p><span style=\"color: #ffffff;\"><a style=\"color: #ffffff;\" title=\"Eur\u00f3pa\" href=\"https:\/\/hu.wikipedia.org\/wiki\/Eur%C3%B3pa\">Eur\u00f3p\u00e1ba<\/a>\u00a0a\u00a0<a style=\"color: #ffffff;\" title=\"17. sz\u00e1zad\" href=\"https:\/\/hu.wikipedia.org\/wiki\/17._sz%C3%A1zad\">17. sz\u00e1zadban<\/a>\u00a0ker\u00fclt, az els\u0151 ismert d\u00e1tum 1688, amikor t\u00f6bb m\u00e1s amerikai n\u00f6v\u00e9nnyel egy\u00fctt\u00a0<a style=\"color: #ffffff;\" title=\"Anglia\" href=\"https:\/\/hu.wikipedia.org\/wiki\/Anglia\">Angli\u00e1ba<\/a>\u00a0hozt\u00e1k be. 1690-99 k\u00f6z\u00f6tt\u00a0<a style=\"color: #ffffff;\" title=\"Hollandia\" href=\"https:\/\/hu.wikipedia.org\/wiki\/Hollandia\">Hollandi\u00e1ba<\/a>,\u00a0<a style=\"color: #ffffff;\" title=\"N\u00e9metorsz\u00e1g\" href=\"https:\/\/hu.wikipedia.org\/wiki\/N%C3%A9metorsz%C3%A1g\">N\u00e9metorsz\u00e1gba<\/a>\u00a0\u00e9s\u00a0<a style=\"color: #ffffff;\" title=\"Lengyelorsz\u00e1g\" href=\"https:\/\/hu.wikipedia.org\/wiki\/Lengyelorsz%C3%A1g\">Lengyelorsz\u00e1gba<\/a>\u00a0is import\u00e1lt\u00e1k.\u00a0<a style=\"color: #ffffff;\" title=\"Oroszorsz\u00e1g\" href=\"https:\/\/hu.wikipedia.org\/wiki\/Oroszorsz%C3%A1g\">Oroszorsz\u00e1gban<\/a>\u00a0a\u00a0<a style=\"color: #ffffff;\" title=\"18. sz\u00e1zad\" href=\"https:\/\/hu.wikipedia.org\/wiki\/18._sz%C3%A1zad\">18. sz\u00e1zad<\/a>\u00a0m\u00e1sodik fel\u00e9ben pr\u00f3b\u00e1lkoztak el\u0151sz\u00f6r\u00a0<a style=\"color: #ffffff;\" title=\"Szentp\u00e9terv\u00e1r\" href=\"https:\/\/hu.wikipedia.org\/wiki\/Szentp%C3%A9terv%C3%A1r\">Szentp\u00e9terv\u00e1r<\/a>\u00a0\u00e9s\u00a0<a style=\"color: #ffffff;\" title=\"Moszkva\" href=\"https:\/\/hu.wikipedia.org\/wiki\/Moszkva\">Moszkva<\/a>\u00a0botanikus kertjeiben Amerika d\u00e9li \u00e1llamaib\u00f3l sz\u00e1rmaz\u00f3 magok \u00fcltet\u00e9s\u00e9vel, de a pal\u00e1nt\u00e1k elpusztultak. A\u00a0<a style=\"color: #ffffff;\" title=\"19. sz\u00e1zad\" href=\"https:\/\/hu.wikipedia.org\/wiki\/19._sz%C3%A1zad\">19. sz\u00e1zadban<\/a>\u00a0<a style=\"color: #ffffff;\" title=\"Kanada\" href=\"https:\/\/hu.wikipedia.org\/wiki\/Kanada\">Kanad\u00e1b\u00f3l<\/a>\u00a0hozott magokb\u00f3l m\u00e1r sikeresen tudtak f\u00e1kat nevelni.<\/span><\/p>\n<p><span style=\"color: #ffffff;\"><a style=\"color: #ffffff;\" title=\"Litv\u00e1nia\" href=\"https:\/\/hu.wikipedia.org\/wiki\/Litv%C3%A1nia\">Litv\u00e1ni\u00e1ban<\/a>\u00a0az\u00a0<a style=\"color: #ffffff;\" title=\"1930-as \u00e9vek\" href=\"https:\/\/hu.wikipedia.org\/wiki\/1930-as_%C3%A9vek\">1930-as \u00e9vekben<\/a>\u00a0kezdt\u00e9k \u00fcltetni. 1963-ban itt figyelt\u00e9k meg el\u0151sz\u00f6r, hogy a faj vadon terjeszkedik.<\/span><\/p>\n<p>&nbsp;<\/p>","protected":false},"excerpt":{"rendered":"<h3>Acer negundo &#8216;Flamingo&#8217; Flaming\u00f3 juhar<\/h3>\n<p>Az Acer negundo &#8216;Flamingo&#8217; k\u00f6zepes termet\u0171 (10-15 m) fa vagy bokorfa, k\u00f6z\u00e9per\u0151s n\u00f6veked\u00e9s\u0171.<\/p>\n<p>A Flaming\u00f3 juhar feh\u00e9r szeg\u00e9ly\u0171 levelei k\u00fcl\u00f6n\u00f6sen a hajt\u00e1s cs\u00facsokon r\u00f3zsasz\u00edn-tark\u00e1k.<\/p>\n<p>\u00dcde talajba, f\u00e9l\u00e1rny\u00e9kban jobban \u00e9rzi mag\u00e1t. Szoliterk\u00e9nt \u00fcltethetj\u00fck, k\u00fcl\u00f6nleges sz\u00ednhat\u00e1st ad.<\/p>\n<p>&nbsp;<\/p>","protected":false},"featured_media":720,"template":"","meta":{"_et_pb_use_builder":"","_et_pb_old_content":"","_et_gb_content_width":""},"product_brand":[],"product_cat":[28],"product_tag":[209,33,210],"class_list":{"0":"post-717","1":"product","2":"type-product","3":"status-publish","4":"has-post-thumbnail","6":"product_cat-diszfak","7":"product_tag-acer-negundo-flamingo","8":"product_tag-diszfa","9":"product_tag-flamingo-juhar","11":"first","12":"outofstock","13":"shipping-taxable","14":"purchasable","15":"product-type-simple"},"yoast_head":"<!-- This site is optimized with the Yoast SEO plugin v27.3 - https:\/\/yoast.com\/product\/yoast-seo-wordpress\/ -->\n<title>Acer negundo &#039;Flamingo&#039; - Flaming\u00f3 juhar - T\u00e1jkert\u00e9sz<\/title>\n<meta name=\"description\" content=\"Az Acer negundo &#039;Flamingo&#039; k\u00f6zepes termet\u0171 (10-15 m) fa vagy bokorfa, k\u00f6z\u00e9per\u0151s n\u00f6veked\u00e9s\u0171.A flaming\u00f3 juhar feh\u00e9r szeg\u00e9ly\u0171 leveleivel d\u00edsz\u00edt.\" \/>\n<meta name=\"robots\" content=\"index, follow, max-snippet:-1, max-image-preview:large, max-video-preview:-1\" \/>\n<link rel=\"canonical\" href=\"https:\/\/tajkertesz.com\/en_US\/product\/acer-negundo-flamingo\/\" \/>\n<meta property=\"og:locale\" content=\"en_US\" \/>\n<meta property=\"og:type\" content=\"article\" \/>\n<meta property=\"og:title\" content=\"Acer negundo &#039;Flamingo&#039; - Flaming\u00f3 juhar - T\u00e1jkert\u00e9sz\" \/>\n<meta property=\"og:description\" content=\"Az Acer negundo &#039;Flamingo&#039; k\u00f6zepes termet\u0171 (10-15 m) fa vagy bokorfa, k\u00f6z\u00e9per\u0151s n\u00f6veked\u00e9s\u0171.A flaming\u00f3 juhar feh\u00e9r szeg\u00e9ly\u0171 leveleivel d\u00edsz\u00edt.\" \/>\n<meta property=\"og:url\" content=\"https:\/\/tajkertesz.com\/en_US\/product\/acer-negundo-flamingo\/\" \/>\n<meta property=\"og:site_name\" content=\"T\u00e1jkert\u00e9sz\" \/>\n<meta property=\"article:publisher\" content=\"https:\/\/www.facebook.com\/Tajkertesz\/\" \/>\n<meta property=\"article:modified_time\" content=\"2024-09-30T10:27:45+00:00\" \/>\n<meta property=\"og:image\" content=\"https:\/\/tajkertesz.com\/wp-content\/uploads\/2020\/02\/Acerneg.-Flamingo.jpg\" \/>\n\t<meta property=\"og:image:width\" content=\"214\" \/>\n\t<meta property=\"og:image:height\" content=\"299\" \/>\n\t<meta property=\"og:image:type\" content=\"image\/jpeg\" \/>\n<meta name=\"twitter:card\" content=\"summary_large_image\" \/>\n<meta name=\"twitter:label1\" content=\"Est. reading time\" \/>\n\t<meta name=\"twitter:data1\" content=\"2 minutes\" \/>\n<script type=\"application\/ld+json\" class=\"yoast-schema-graph\">{\"@context\":\"https:\\\/\\\/schema.org\",\"@graph\":[{\"@type\":\"WebPage\",\"@id\":\"https:\\\/\\\/tajkertesz.com\\\/termek\\\/acer-negundo-flamingo\\\/\",\"url\":\"https:\\\/\\\/tajkertesz.com\\\/termek\\\/acer-negundo-flamingo\\\/\",\"name\":\"Acer negundo 'Flamingo' - Flaming\u00f3 juhar - T\u00e1jkert\u00e9sz\",\"isPartOf\":{\"@id\":\"https:\\\/\\\/tajkertesz.com\\\/#website\"},\"primaryImageOfPage\":{\"@id\":\"https:\\\/\\\/tajkertesz.com\\\/termek\\\/acer-negundo-flamingo\\\/#primaryimage\"},\"image\":{\"@id\":\"https:\\\/\\\/tajkertesz.com\\\/termek\\\/acer-negundo-flamingo\\\/#primaryimage\"},\"thumbnailUrl\":\"https:\\\/\\\/tajkertesz.com\\\/wp-content\\\/uploads\\\/2020\\\/02\\\/Acerneg.-Flamingo.jpg\",\"datePublished\":\"2020-02-12T14:41:49+00:00\",\"dateModified\":\"2024-09-30T10:27:45+00:00\",\"description\":\"Az Acer negundo 'Flamingo' k\u00f6zepes termet\u0171 (10-15 m) fa vagy bokorfa, k\u00f6z\u00e9per\u0151s n\u00f6veked\u00e9s\u0171.A flaming\u00f3 juhar feh\u00e9r szeg\u00e9ly\u0171 leveleivel d\u00edsz\u00edt.\",\"breadcrumb\":{\"@id\":\"https:\\\/\\\/tajkertesz.com\\\/termek\\\/acer-negundo-flamingo\\\/#breadcrumb\"},\"inLanguage\":\"en-US\",\"potentialAction\":[{\"@type\":\"ReadAction\",\"target\":[\"https:\\\/\\\/tajkertesz.com\\\/termek\\\/acer-negundo-flamingo\\\/\"]}]},{\"@type\":\"ImageObject\",\"inLanguage\":\"en-US\",\"@id\":\"https:\\\/\\\/tajkertesz.com\\\/termek\\\/acer-negundo-flamingo\\\/#primaryimage\",\"url\":\"https:\\\/\\\/tajkertesz.com\\\/wp-content\\\/uploads\\\/2020\\\/02\\\/Acerneg.-Flamingo.jpg\",\"contentUrl\":\"https:\\\/\\\/tajkertesz.com\\\/wp-content\\\/uploads\\\/2020\\\/02\\\/Acerneg.-Flamingo.jpg\",\"width\":214,\"height\":299},{\"@type\":\"BreadcrumbList\",\"@id\":\"https:\\\/\\\/tajkertesz.com\\\/termek\\\/acer-negundo-flamingo\\\/#breadcrumb\",\"itemListElement\":[{\"@type\":\"ListItem\",\"position\":1,\"name\":\"Home\",\"item\":\"https:\\\/\\\/tajkertesz.com\\\/\"},{\"@type\":\"ListItem\",\"position\":2,\"name\":\"Kezd\u0151lap\",\"item\":\"https:\\\/\\\/tajkertesz.com\\\/\"},{\"@type\":\"ListItem\",\"position\":3,\"name\":\"Acer negundo &#8216;Flamingo&#8217; &#8211; Flaming\u00f3 juhar\"}]},{\"@type\":\"WebSite\",\"@id\":\"https:\\\/\\\/tajkertesz.com\\\/#website\",\"url\":\"https:\\\/\\\/tajkertesz.com\\\/\",\"name\":\"T\u00e1j-Kert\u00e9sz 84 Kft.\",\"description\":\"Kert\u00e9szeti kis- \u00e9s nagykeresked\u00e9s, D\u00edszn\u00f6v\u00e9ny web\u00e1ruh\u00e1z orsz\u00e1gos h\u00e1zhozsz\u00e1ll\u00edt\u00e1ssal!\",\"publisher\":{\"@id\":\"https:\\\/\\\/tajkertesz.com\\\/#organization\"},\"potentialAction\":[{\"@type\":\"SearchAction\",\"target\":{\"@type\":\"EntryPoint\",\"urlTemplate\":\"https:\\\/\\\/tajkertesz.com\\\/?s={search_term_string}\"},\"query-input\":{\"@type\":\"PropertyValueSpecification\",\"valueRequired\":true,\"valueName\":\"search_term_string\"}}],\"inLanguage\":\"en-US\"},{\"@type\":\"Organization\",\"@id\":\"https:\\\/\\\/tajkertesz.com\\\/#organization\",\"name\":\"T\u00e1j-Kert\u00e9sz 84 Kft.\",\"url\":\"https:\\\/\\\/tajkertesz.com\\\/\",\"logo\":{\"@type\":\"ImageObject\",\"inLanguage\":\"en-US\",\"@id\":\"https:\\\/\\\/tajkertesz.com\\\/#\\\/schema\\\/logo\\\/image\\\/\",\"url\":\"https:\\\/\\\/tajkertesz.com\\\/wp-content\\\/uploads\\\/2018\\\/02\\\/logo-2-e1518678052539.png\",\"contentUrl\":\"https:\\\/\\\/tajkertesz.com\\\/wp-content\\\/uploads\\\/2018\\\/02\\\/logo-2-e1518678052539.png\",\"width\":81,\"height\":140,\"caption\":\"T\u00e1j-Kert\u00e9sz 84 Kft.\"},\"image\":{\"@id\":\"https:\\\/\\\/tajkertesz.com\\\/#\\\/schema\\\/logo\\\/image\\\/\"},\"sameAs\":[\"https:\\\/\\\/www.facebook.com\\\/Tajkertesz\\\/\"]}]}<\/script>\n<!-- \/ Yoast SEO plugin. -->","yoast_head_json":{"title":"Acer negundo 'Flamingo' - Flaming\u00f3 juhar - T\u00e1jkert\u00e9sz","description":"Az Acer negundo 'Flamingo' k\u00f6zepes termet\u0171 (10-15 m) fa vagy bokorfa, k\u00f6z\u00e9per\u0151s n\u00f6veked\u00e9s\u0171.A flaming\u00f3 juhar feh\u00e9r szeg\u00e9ly\u0171 leveleivel d\u00edsz\u00edt.","robots":{"index":"index","follow":"follow","max-snippet":"max-snippet:-1","max-image-preview":"max-image-preview:large","max-video-preview":"max-video-preview:-1"},"canonical":"https:\/\/tajkertesz.com\/en_US\/product\/acer-negundo-flamingo\/","og_locale":"en_US","og_type":"article","og_title":"Acer negundo 'Flamingo' - Flaming\u00f3 juhar - T\u00e1jkert\u00e9sz","og_description":"Az Acer negundo 'Flamingo' k\u00f6zepes termet\u0171 (10-15 m) fa vagy bokorfa, k\u00f6z\u00e9per\u0151s n\u00f6veked\u00e9s\u0171.A flaming\u00f3 juhar feh\u00e9r szeg\u00e9ly\u0171 leveleivel d\u00edsz\u00edt.","og_url":"https:\/\/tajkertesz.com\/en_US\/product\/acer-negundo-flamingo\/","og_site_name":"T\u00e1jkert\u00e9sz","article_publisher":"https:\/\/www.facebook.com\/Tajkertesz\/","article_modified_time":"2024-09-30T10:27:45+00:00","og_image":[{"width":214,"height":299,"url":"https:\/\/tajkertesz.com\/wp-content\/uploads\/2020\/02\/Acerneg.-Flamingo.jpg","type":"image\/jpeg"}],"twitter_card":"summary_large_image","twitter_misc":{"Est. reading time":"2 minutes"},"schema":{"@context":"https:\/\/schema.org","@graph":[{"@type":"WebPage","@id":"https:\/\/tajkertesz.com\/termek\/acer-negundo-flamingo\/","url":"https:\/\/tajkertesz.com\/termek\/acer-negundo-flamingo\/","name":"Acer negundo 'Flamingo' - Flaming\u00f3 juhar - T\u00e1jkert\u00e9sz","isPartOf":{"@id":"https:\/\/tajkertesz.com\/#website"},"primaryImageOfPage":{"@id":"https:\/\/tajkertesz.com\/termek\/acer-negundo-flamingo\/#primaryimage"},"image":{"@id":"https:\/\/tajkertesz.com\/termek\/acer-negundo-flamingo\/#primaryimage"},"thumbnailUrl":"https:\/\/tajkertesz.com\/wp-content\/uploads\/2020\/02\/Acerneg.-Flamingo.jpg","datePublished":"2020-02-12T14:41:49+00:00","dateModified":"2024-09-30T10:27:45+00:00","description":"Az Acer negundo 'Flamingo' k\u00f6zepes termet\u0171 (10-15 m) fa vagy bokorfa, k\u00f6z\u00e9per\u0151s n\u00f6veked\u00e9s\u0171.A flaming\u00f3 juhar feh\u00e9r szeg\u00e9ly\u0171 leveleivel d\u00edsz\u00edt.","breadcrumb":{"@id":"https:\/\/tajkertesz.com\/termek\/acer-negundo-flamingo\/#breadcrumb"},"inLanguage":"en-US","potentialAction":[{"@type":"ReadAction","target":["https:\/\/tajkertesz.com\/termek\/acer-negundo-flamingo\/"]}]},{"@type":"ImageObject","inLanguage":"en-US","@id":"https:\/\/tajkertesz.com\/termek\/acer-negundo-flamingo\/#primaryimage","url":"https:\/\/tajkertesz.com\/wp-content\/uploads\/2020\/02\/Acerneg.-Flamingo.jpg","contentUrl":"https:\/\/tajkertesz.com\/wp-content\/uploads\/2020\/02\/Acerneg.-Flamingo.jpg","width":214,"height":299},{"@type":"BreadcrumbList","@id":"https:\/\/tajkertesz.com\/termek\/acer-negundo-flamingo\/#breadcrumb","itemListElement":[{"@type":"ListItem","position":1,"name":"Home","item":"https:\/\/tajkertesz.com\/"},{"@type":"ListItem","position":2,"name":"Kezd\u0151lap","item":"https:\/\/tajkertesz.com\/"},{"@type":"ListItem","position":3,"name":"Acer negundo &#8216;Flamingo&#8217; &#8211; Flaming\u00f3 juhar"}]},{"@type":"WebSite","@id":"https:\/\/tajkertesz.com\/#website","url":"https:\/\/tajkertesz.com\/","name":"T\u00e1j-Kert\u00e9sz 84 Kft.","description":"Kert\u00e9szeti kis- \u00e9s nagykeresked\u00e9s, D\u00edszn\u00f6v\u00e9ny web\u00e1ruh\u00e1z orsz\u00e1gos h\u00e1zhozsz\u00e1ll\u00edt\u00e1ssal!","publisher":{"@id":"https:\/\/tajkertesz.com\/#organization"},"potentialAction":[{"@type":"SearchAction","target":{"@type":"EntryPoint","urlTemplate":"https:\/\/tajkertesz.com\/?s={search_term_string}"},"query-input":{"@type":"PropertyValueSpecification","valueRequired":true,"valueName":"search_term_string"}}],"inLanguage":"en-US"},{"@type":"Organization","@id":"https:\/\/tajkertesz.com\/#organization","name":"T\u00e1j-Kert\u00e9sz 84 Kft.","url":"https:\/\/tajkertesz.com\/","logo":{"@type":"ImageObject","inLanguage":"en-US","@id":"https:\/\/tajkertesz.com\/#\/schema\/logo\/image\/","url":"https:\/\/tajkertesz.com\/wp-content\/uploads\/2018\/02\/logo-2-e1518678052539.png","contentUrl":"https:\/\/tajkertesz.com\/wp-content\/uploads\/2018\/02\/logo-2-e1518678052539.png","width":81,"height":140,"caption":"T\u00e1j-Kert\u00e9sz 84 Kft."},"image":{"@id":"https:\/\/tajkertesz.com\/#\/schema\/logo\/image\/"},"sameAs":["https:\/\/www.facebook.com\/Tajkertesz\/"]}]}},"_links":{"self":[{"href":"https:\/\/tajkertesz.com\/en_US\/wp-json\/wp\/v2\/product\/717","targetHints":{"allow":["GET"]}}],"collection":[{"href":"https:\/\/tajkertesz.com\/en_US\/wp-json\/wp\/v2\/product"}],"about":[{"href":"https:\/\/tajkertesz.com\/en_US\/wp-json\/wp\/v2\/types\/product"}],"wp:featuredmedia":[{"embeddable":true,"href":"https:\/\/tajkertesz.com\/en_US\/wp-json\/wp\/v2\/media\/720"}],"wp:attachment":[{"href":"https:\/\/tajkertesz.com\/en_US\/wp-json\/wp\/v2\/media?parent=717"}],"wp:term":[{"taxonomy":"product_brand","embeddable":true,"href":"https:\/\/tajkertesz.com\/en_US\/wp-json\/wp\/v2\/product_brand?post=717"},{"taxonomy":"product_cat","embeddable":true,"href":"https:\/\/tajkertesz.com\/en_US\/wp-json\/wp\/v2\/product_cat?post=717"},{"taxonomy":"product_tag","embeddable":true,"href":"https:\/\/tajkertesz.com\/en_US\/wp-json\/wp\/v2\/product_tag?post=717"}],"curies":[{"name":"wp","href":"https:\/\/api.w.org\/{rel}","templated":true}]}}