{"id":7176,"date":"2021-06-24T09:51:26","date_gmt":"2021-06-24T09:51:26","guid":{"rendered":"https:\/\/tajkertesz.com\/?post_type=product&#038;p=7176"},"modified":"2026-02-24T11:11:29","modified_gmt":"2026-02-24T11:11:29","slug":"nortene-heron-kocsag-figura-fembol","status":"publish","type":"product","link":"https:\/\/tajkertesz.com\/en_US\/product\/nortene-heron-kocsag-figura-fembol\/","title":{"rendered":"Nortene Heron K\u00f3csag figura f\u00e9mb\u0151l 24-400-2"},"content":{"rendered":"<h1 class=\"page-head-title product-page-head-title position-relative\"><span class=\"product-page-product-name\">Nortene Heron K\u00f3csag figura f\u00e9mb\u0151l<\/span><\/h1>\n<p class=\"page-head-title product-page-head-title position-relative\"><span class=\"product-page-product-name\">Nortene Heron K\u00f3csag figura f\u00e9mb\u0151l, K\u00f3csag figura kerti t\u00f3 mell\u00e9.<br \/>\nAntik hat\u00e1s\u00fa f\u00e9m<\/span><\/p>\n<p>&nbsp;<\/p>\n<h3 class=\"product-attribute-name\">M\u00e9ret (m): <span class=\"product-attribute-value\">0,45 x 0,22 x 0,9<\/span><\/h3>\n<p><span style=\"color: #ffffff;\">A p\u00e1vafajok nagy r\u00e9sze \u00c1zsi\u00e1ban \u0151shonos, ami al\u00f3l kiv\u00e9telt k\u00e9pez\u00a0 a kong\u00f3i p\u00e1va , ami K\u00f6z\u00e9p-Afrik\u00e1ban \u00e9l. H\u00e1rom faj d\u00e9lkelet-\u00e1zsiai elterjed\u00e9s\u0171: a gy\u00f6ngy\u00f6s p\u00e1va\u00a0 az Indok\u00ednai-f\u00e9lsziget keleti r\u00e9sz\u00e9n, az Argus p\u00e1va a Mal\u00e1j-f\u00e9lszigeten, Borne\u00f3 \u00e9s Szum\u00e1tra sziget\u00e9n honos, a z\u00f6ld p\u00e1va pedig a k\u00ednai J\u00fcnnant\u00f3l eg\u00e9szen J\u00e1v\u00e1ig el\u0151fordul. A k\u00e9k p\u00e1va az indiai szubkontinensen \u0151shonos, de d\u00edszmad\u00e1rk\u00e9nt sokfel\u00e9 teny\u00e9szteni kezdt\u00e9k, \u00edgy a vil\u00e1g sz\u00e1mos r\u00e9sz\u00e9n elterjedt.<\/span><\/p>\n<div id=\"bodyContent\" class=\"mw-body-content\">\n<div id=\"mw-content-text\" class=\"mw-content-ltr\" dir=\"ltr\" lang=\"hu\">\n<div id=\"bodyContent\" class=\"mw-body-content\">\n<div id=\"mw-content-text\" class=\"mw-content-ltr\" dir=\"ltr\" lang=\"hu\">\n<p>Kisz\u00e1ll\u00edt\u00e1s: 200 cm \u00e9s 40 kg is a sz\u00e1ll\u00edt\u00e1s fut\u00e1rszolg\u00e1lattal t\u00f6rt\u00e9nik.<\/p>\n<\/div>\n<\/div>\n<\/div>\n<\/div>\n<p style=\"line-height: 18.0pt; background: white; margin: 0cm 0cm 15.0pt 0cm;\"><b><span style=\"font-family: 'Ubuntu',serif; color: black;\">K\u00e9szlet\u00fcnk napi szinten v\u00e1ltozik, ez\u00e9rt k\u00e9rj\u00fck, \u00e9rdekl\u0151dj\u00f6n szem\u00e9lyesen, telefonon vagy email-en.<br \/>\nA v\u00e1ltoztat\u00e1s jog\u00e1t fenntartjuk!\u00a0<\/span><\/b><\/p>\n<p><a href=\"https:\/\/tajkertesz.com\/\">https:\/\/tajkertesz.com\/<\/a><\/p>\n<p><a href=\"https:\/\/www.nortene.hu\/\">https:\/\/www.nortene.hu\/<\/a><\/p>\n<p>&nbsp;<\/p>\n<p><span style=\"color: #ffffff;\">A Nortene 1961-es megalakul\u00e1sa \u00f3ta a kerttulajdonosok, vir\u00e1gos teraszokkal \u00e9s z\u00f6ld bels\u0151 terekkel rendelkez\u0151k m\u00e1rk\u00e1ja. Alapvet\u0151 c\u00e9lja \u00e9vr\u0151l-\u00e9vre, hogy a<strong>\u00a0kertberendez\u00e9s, a kerti dekor\u00e1ci\u00f3 \u00e9s a hobby kert\u00e9szet\u00a0<\/strong>term\u00e9keivel piacvezet\u0151 legyen. K\u00edn\u00e1lata k\u00f6z\u00f6tt megtal\u00e1lhat\u00f3k az\u00a0<strong>\u00e1rny\u00e9kol\u00f3h\u00e1l\u00f3k, kerti r\u00e1csok, m\u0171f\u00fcvek, sz\u00fanyogh\u00e1l\u00f3k, t\u00e9relv\u00e1laszt\u00f3k, kert\u00e9szeti f\u00f3li\u00e1k, kar\u00f3k \u00e9s kerti dekor\u00e1ci\u00f3k.\u00a0<\/strong><\/span><\/p>\n<h2><span style=\"color: #ffffff;\"><span id=\"\u00c9p\u00fclet\" class=\"mw-headline\">\u00c9p\u00fclet<\/span><span class=\"mw-editsection\"><span class=\"mw-editsection-bracket\">[<\/span><a style=\"color: #ffffff;\" title=\"Szakasz szerkeszt\u00e9se: \u00c9p\u00fclet\" href=\"https:\/\/hu.wikipedia.org\/w\/index.php?title=Napellenz%C5%91&amp;action=edit&amp;section=1\">szerkeszt\u00e9s<\/a><span class=\"mw-editsection-bracket\">]<\/span><\/span><\/span><\/h2>\n<p><span style=\"color: #ffffff;\">A napellenz\u0151 \u00e1rny\u00e9kot vet az ablakokra \u00e9s\/vagy a falakra. Archeot\u00edpusa a\u00a0<a class=\"mw-redirect\" style=\"color: #ffffff;\" title=\"Paraszth\u00e1z\" href=\"https:\/\/hu.wikipedia.org\/wiki\/Paraszth%C3%A1z\">paraszth\u00e1zak<\/a>\u00a0fedett\u00a0<a class=\"new\" style=\"color: #ffffff;\" title=\"Torn\u00e1c (a lap nem l\u00e9tezik)\" href=\"https:\/\/hu.wikipedia.org\/w\/index.php?title=Torn%C3%A1c&amp;action=edit&amp;redlink=1\">torn\u00e1ca<\/a>. Technikai kialak\u00edt\u00e1s\u00e1t illet\u0151en k\u00f6ny\u00f6kkaros, oll\u00f3karos, vagy ejt\u0151karos szerkezetek terjedtek el. \u00c9ttermek kerthelyis\u00e9geibe az \u00fagynevezett gastro-szerkezet v\u00e1lt n\u00e9pszer\u0171v\u00e9. Jellemz\u0151je a talajba betonozott, vagy er\u0151sen les\u00falyozott talpakon \u00e1ll\u00f3 ac\u00e9lkeret, melyre k\u00e9t oldalr\u00f3l s\u00e1tortet\u0151 form\u00e1ban szerelt napellenz\u0151kkel \u00e1rny\u00e9kolnak. Ezzel a megold\u00e1ssal ak\u00e1r 10m hossz\u00fa, 6m sz\u00e9les ter\u00fcletet lehet le\u00e1rny\u00e9kolni. A napellenz\u0151 szerkezeti r\u00e9sz\u00e9nek anyaga nagyr\u00e9szt AlMgSi \u00f6tv\u00f6zet. A f\u0151tart\u00f3 profil 40&#215;40 horganyzott ac\u00e9lprofil. Az \u00e1rny\u00e9kot ad\u00f3 textil U.V. stabil poli\u00e9szter, esetenk\u00e9nt Acrill.<\/span><\/p>\n<p><span style=\"color: #ffffff;\">Tendencia a napellenz\u0151 vez\u00e9rl\u00e9s\u00e9nek integr\u00e1l\u00e1sa az \u00e9p\u00fcletautomatiz\u00e1l\u00e1s Standard Motor Interface (SMI) rendszerrel. A motoros napellenz\u0151ket biztons\u00e1gi megfontol\u00e1sb\u00f3l sz\u00e9l\u00e9rz\u00e9kel\u0151vel l\u00e1tj\u00e1k el. Ennek szerepe a 4\u20135\u00a0m\/s feletti sz\u00e9lj\u00e1r\u00e1s eset\u00e9n a napellenz\u0151k automatikus behajt\u00e1sa. A motoros napellenz\u0151k komfortoss\u00e1g\u00e1nak n\u00f6vel\u00e9sek\u00e9nt f\u00e9ny\u00e9rz\u00e9kel\u0151vel l\u00e1tj\u00e1k el. A be\u00e1ll\u00edtott f\u00e9nyer\u0151 felett automatikusan kiny\u00edlik, alatta viszont automatikusan bez\u00e1r\u00f3dik a napellenz\u0151. A felt\u00e1mad\u00f3 er\u0151s sz\u00e9l okozta s\u00e9r\u00fcl\u00e9seket a homlok-profikra szerelt rezg\u00e9s\u00e9rz\u00e9kel\u0151vel is lehets\u00e9ges megel\u0151zni. A gy\u00e1rilag (Somfy, Elero, Becker) kalibr\u00e1lt \u00e9rz\u00e9kel\u0151, a be\u00e1ll\u00edtott \u00e9rt\u00e9k feletti mozg\u00e1s eset\u00e9n lez\u00e1rja a napellenz\u0151t. Az \u00e9p\u00fcletekre szerelt \u00e1rny\u00e9kol\u00f3k meghat\u00e1rozhatj\u00e1k az utca\/v\u00e1rosr\u00e9sz \u00f6sszk\u00e9p\u00e9t, ez\u00e9rt esetenk\u00e9nt, bejelent\u00e9si k\u00f6telezetts\u00e9ghez k\u00f6tik a telep\u00edt\u00e9s\u00e9t.<\/span><\/p>\n","protected":false},"excerpt":{"rendered":"<p class=\"page-head-title product-page-head-title position-relative\"><span class=\"product-page-product-name\">Nortene Heron K\u00f3csag figura f\u00e9mb\u0151l, K\u00f3csag figura kerti t\u00f3 mell\u00e9.<br \/>\nAntik hat\u00e1s\u00fa f\u00e9m<\/span><\/p>\n<p>&nbsp;<\/p>","protected":false},"featured_media":7177,"template":"","meta":{"_et_pb_use_builder":"","_et_pb_old_content":"","_et_gb_content_width":""},"product_brand":[],"product_cat":[1361],"product_tag":[2062],"class_list":{"0":"post-7176","1":"product","2":"type-product","3":"status-publish","4":"has-post-thumbnail","6":"product_cat-keramia-agyag-es-fem-figurak","7":"product_tag-nortene-heron-kocsag-figura-fembol","9":"first","10":"instock","11":"shipping-taxable","12":"purchasable","13":"product-type-simple"},"yoast_head":"<!-- This site is optimized with the Yoast SEO plugin v27.5 - https:\/\/yoast.com\/product\/yoast-seo-wordpress\/ -->\n<title>Nortene Heron K\u00f3csag figura f\u00e9mb\u0151l 24-400-2 - T\u00e1jkert\u00e9sz<\/title>\n<meta name=\"description\" content=\"Nortene Heron K\u00f3csag figura f\u00e9mb\u0151l, K\u00f3csag figura kerti t\u00f3 mell\u00e9.Antik hat\u00e1s\u00fa f\u00e9m\" \/>\n<meta name=\"robots\" content=\"index, follow, max-snippet:-1, max-image-preview:large, max-video-preview:-1\" \/>\n<link rel=\"canonical\" href=\"https:\/\/tajkertesz.com\/en_US\/product\/nortene-heron-kocsag-figura-fembol\/\" \/>\n<meta property=\"og:locale\" content=\"en_US\" \/>\n<meta property=\"og:type\" content=\"article\" \/>\n<meta property=\"og:title\" content=\"Nortene Heron K\u00f3csag figura f\u00e9mb\u0151l 24-400-2 - T\u00e1jkert\u00e9sz\" \/>\n<meta property=\"og:description\" content=\"Nortene Heron K\u00f3csag figura f\u00e9mb\u0151l, K\u00f3csag figura kerti t\u00f3 mell\u00e9.Antik hat\u00e1s\u00fa f\u00e9m\" \/>\n<meta property=\"og:url\" content=\"https:\/\/tajkertesz.com\/en_US\/product\/nortene-heron-kocsag-figura-fembol\/\" \/>\n<meta property=\"og:site_name\" content=\"T\u00e1jkert\u00e9sz\" \/>\n<meta property=\"article:publisher\" content=\"https:\/\/www.facebook.com\/Tajkertesz\/\" \/>\n<meta property=\"article:modified_time\" content=\"2026-02-24T11:11:29+00:00\" \/>\n<meta property=\"og:image\" content=\"https:\/\/tajkertesz.com\/wp-content\/uploads\/2021\/06\/2010277A.jpg\" \/>\n\t<meta property=\"og:image:width\" content=\"900\" \/>\n\t<meta property=\"og:image:height\" content=\"900\" \/>\n\t<meta property=\"og:image:type\" content=\"image\/jpeg\" \/>\n<meta name=\"twitter:card\" content=\"summary_large_image\" \/>\n<meta name=\"twitter:label1\" content=\"Est. reading time\" \/>\n\t<meta name=\"twitter:data1\" content=\"3 minutes\" \/>\n<script type=\"application\/ld+json\" class=\"yoast-schema-graph\">{\"@context\":\"https:\\\/\\\/schema.org\",\"@graph\":[{\"@type\":\"WebPage\",\"@id\":\"https:\\\/\\\/tajkertesz.com\\\/termek\\\/nortene-heron-kocsag-figura-fembol\\\/\",\"url\":\"https:\\\/\\\/tajkertesz.com\\\/termek\\\/nortene-heron-kocsag-figura-fembol\\\/\",\"name\":\"Nortene Heron K\u00f3csag figura f\u00e9mb\u0151l 24-400-2 - T\u00e1jkert\u00e9sz\",\"isPartOf\":{\"@id\":\"https:\\\/\\\/tajkertesz.com\\\/#website\"},\"primaryImageOfPage\":{\"@id\":\"https:\\\/\\\/tajkertesz.com\\\/termek\\\/nortene-heron-kocsag-figura-fembol\\\/#primaryimage\"},\"image\":{\"@id\":\"https:\\\/\\\/tajkertesz.com\\\/termek\\\/nortene-heron-kocsag-figura-fembol\\\/#primaryimage\"},\"thumbnailUrl\":\"https:\\\/\\\/tajkertesz.com\\\/wp-content\\\/uploads\\\/2021\\\/06\\\/2010277A.jpg\",\"datePublished\":\"2021-06-24T09:51:26+00:00\",\"dateModified\":\"2026-02-24T11:11:29+00:00\",\"description\":\"Nortene Heron K\u00f3csag figura f\u00e9mb\u0151l, K\u00f3csag figura kerti t\u00f3 mell\u00e9.Antik hat\u00e1s\u00fa f\u00e9m\",\"breadcrumb\":{\"@id\":\"https:\\\/\\\/tajkertesz.com\\\/termek\\\/nortene-heron-kocsag-figura-fembol\\\/#breadcrumb\"},\"inLanguage\":\"en-US\",\"potentialAction\":[{\"@type\":\"ReadAction\",\"target\":[\"https:\\\/\\\/tajkertesz.com\\\/termek\\\/nortene-heron-kocsag-figura-fembol\\\/\"]}]},{\"@type\":\"ImageObject\",\"inLanguage\":\"en-US\",\"@id\":\"https:\\\/\\\/tajkertesz.com\\\/termek\\\/nortene-heron-kocsag-figura-fembol\\\/#primaryimage\",\"url\":\"https:\\\/\\\/tajkertesz.com\\\/wp-content\\\/uploads\\\/2021\\\/06\\\/2010277A.jpg\",\"contentUrl\":\"https:\\\/\\\/tajkertesz.com\\\/wp-content\\\/uploads\\\/2021\\\/06\\\/2010277A.jpg\",\"width\":900,\"height\":900},{\"@type\":\"BreadcrumbList\",\"@id\":\"https:\\\/\\\/tajkertesz.com\\\/termek\\\/nortene-heron-kocsag-figura-fembol\\\/#breadcrumb\",\"itemListElement\":[{\"@type\":\"ListItem\",\"position\":1,\"name\":\"Home\",\"item\":\"https:\\\/\\\/tajkertesz.com\\\/\"},{\"@type\":\"ListItem\",\"position\":2,\"name\":\"Kezd\u0151lap\",\"item\":\"https:\\\/\\\/tajkertesz.com\\\/\"},{\"@type\":\"ListItem\",\"position\":3,\"name\":\"Nortene Heron K\u00f3csag figura f\u00e9mb\u0151l 24-400-2\"}]},{\"@type\":\"WebSite\",\"@id\":\"https:\\\/\\\/tajkertesz.com\\\/#website\",\"url\":\"https:\\\/\\\/tajkertesz.com\\\/\",\"name\":\"T\u00e1j-Kert\u00e9sz 84 Kft.\",\"description\":\"Kert\u00e9szeti kis- \u00e9s nagykeresked\u00e9s, D\u00edszn\u00f6v\u00e9ny web\u00e1ruh\u00e1z orsz\u00e1gos h\u00e1zhozsz\u00e1ll\u00edt\u00e1ssal!\",\"publisher\":{\"@id\":\"https:\\\/\\\/tajkertesz.com\\\/#organization\"},\"potentialAction\":[{\"@type\":\"SearchAction\",\"target\":{\"@type\":\"EntryPoint\",\"urlTemplate\":\"https:\\\/\\\/tajkertesz.com\\\/?s={search_term_string}\"},\"query-input\":{\"@type\":\"PropertyValueSpecification\",\"valueRequired\":true,\"valueName\":\"search_term_string\"}}],\"inLanguage\":\"en-US\"},{\"@type\":\"Organization\",\"@id\":\"https:\\\/\\\/tajkertesz.com\\\/#organization\",\"name\":\"T\u00e1j-Kert\u00e9sz 84 Kft.\",\"url\":\"https:\\\/\\\/tajkertesz.com\\\/\",\"logo\":{\"@type\":\"ImageObject\",\"inLanguage\":\"en-US\",\"@id\":\"https:\\\/\\\/tajkertesz.com\\\/#\\\/schema\\\/logo\\\/image\\\/\",\"url\":\"https:\\\/\\\/tajkertesz.com\\\/wp-content\\\/uploads\\\/2018\\\/02\\\/logo-2-e1518678052539.png\",\"contentUrl\":\"https:\\\/\\\/tajkertesz.com\\\/wp-content\\\/uploads\\\/2018\\\/02\\\/logo-2-e1518678052539.png\",\"width\":81,\"height\":140,\"caption\":\"T\u00e1j-Kert\u00e9sz 84 Kft.\"},\"image\":{\"@id\":\"https:\\\/\\\/tajkertesz.com\\\/#\\\/schema\\\/logo\\\/image\\\/\"},\"sameAs\":[\"https:\\\/\\\/www.facebook.com\\\/Tajkertesz\\\/\"]}]}<\/script>\n<!-- \/ Yoast SEO plugin. -->","yoast_head_json":{"title":"Nortene Heron K\u00f3csag figura f\u00e9mb\u0151l 24-400-2 - T\u00e1jkert\u00e9sz","description":"Nortene Heron K\u00f3csag figura f\u00e9mb\u0151l, K\u00f3csag figura kerti t\u00f3 mell\u00e9.Antik hat\u00e1s\u00fa f\u00e9m","robots":{"index":"index","follow":"follow","max-snippet":"max-snippet:-1","max-image-preview":"max-image-preview:large","max-video-preview":"max-video-preview:-1"},"canonical":"https:\/\/tajkertesz.com\/en_US\/product\/nortene-heron-kocsag-figura-fembol\/","og_locale":"en_US","og_type":"article","og_title":"Nortene Heron K\u00f3csag figura f\u00e9mb\u0151l 24-400-2 - T\u00e1jkert\u00e9sz","og_description":"Nortene Heron K\u00f3csag figura f\u00e9mb\u0151l, K\u00f3csag figura kerti t\u00f3 mell\u00e9.Antik hat\u00e1s\u00fa f\u00e9m","og_url":"https:\/\/tajkertesz.com\/en_US\/product\/nortene-heron-kocsag-figura-fembol\/","og_site_name":"T\u00e1jkert\u00e9sz","article_publisher":"https:\/\/www.facebook.com\/Tajkertesz\/","article_modified_time":"2026-02-24T11:11:29+00:00","og_image":[{"width":900,"height":900,"url":"https:\/\/tajkertesz.com\/wp-content\/uploads\/2021\/06\/2010277A.jpg","type":"image\/jpeg"}],"twitter_card":"summary_large_image","twitter_misc":{"Est. reading time":"3 minutes"},"schema":{"@context":"https:\/\/schema.org","@graph":[{"@type":"WebPage","@id":"https:\/\/tajkertesz.com\/termek\/nortene-heron-kocsag-figura-fembol\/","url":"https:\/\/tajkertesz.com\/termek\/nortene-heron-kocsag-figura-fembol\/","name":"Nortene Heron K\u00f3csag figura f\u00e9mb\u0151l 24-400-2 - T\u00e1jkert\u00e9sz","isPartOf":{"@id":"https:\/\/tajkertesz.com\/#website"},"primaryImageOfPage":{"@id":"https:\/\/tajkertesz.com\/termek\/nortene-heron-kocsag-figura-fembol\/#primaryimage"},"image":{"@id":"https:\/\/tajkertesz.com\/termek\/nortene-heron-kocsag-figura-fembol\/#primaryimage"},"thumbnailUrl":"https:\/\/tajkertesz.com\/wp-content\/uploads\/2021\/06\/2010277A.jpg","datePublished":"2021-06-24T09:51:26+00:00","dateModified":"2026-02-24T11:11:29+00:00","description":"Nortene Heron K\u00f3csag figura f\u00e9mb\u0151l, K\u00f3csag figura kerti t\u00f3 mell\u00e9.Antik hat\u00e1s\u00fa f\u00e9m","breadcrumb":{"@id":"https:\/\/tajkertesz.com\/termek\/nortene-heron-kocsag-figura-fembol\/#breadcrumb"},"inLanguage":"en-US","potentialAction":[{"@type":"ReadAction","target":["https:\/\/tajkertesz.com\/termek\/nortene-heron-kocsag-figura-fembol\/"]}]},{"@type":"ImageObject","inLanguage":"en-US","@id":"https:\/\/tajkertesz.com\/termek\/nortene-heron-kocsag-figura-fembol\/#primaryimage","url":"https:\/\/tajkertesz.com\/wp-content\/uploads\/2021\/06\/2010277A.jpg","contentUrl":"https:\/\/tajkertesz.com\/wp-content\/uploads\/2021\/06\/2010277A.jpg","width":900,"height":900},{"@type":"BreadcrumbList","@id":"https:\/\/tajkertesz.com\/termek\/nortene-heron-kocsag-figura-fembol\/#breadcrumb","itemListElement":[{"@type":"ListItem","position":1,"name":"Home","item":"https:\/\/tajkertesz.com\/"},{"@type":"ListItem","position":2,"name":"Kezd\u0151lap","item":"https:\/\/tajkertesz.com\/"},{"@type":"ListItem","position":3,"name":"Nortene Heron K\u00f3csag figura f\u00e9mb\u0151l 24-400-2"}]},{"@type":"WebSite","@id":"https:\/\/tajkertesz.com\/#website","url":"https:\/\/tajkertesz.com\/","name":"T\u00e1j-Kert\u00e9sz 84 Kft.","description":"Kert\u00e9szeti kis- \u00e9s nagykeresked\u00e9s, D\u00edszn\u00f6v\u00e9ny web\u00e1ruh\u00e1z orsz\u00e1gos h\u00e1zhozsz\u00e1ll\u00edt\u00e1ssal!","publisher":{"@id":"https:\/\/tajkertesz.com\/#organization"},"potentialAction":[{"@type":"SearchAction","target":{"@type":"EntryPoint","urlTemplate":"https:\/\/tajkertesz.com\/?s={search_term_string}"},"query-input":{"@type":"PropertyValueSpecification","valueRequired":true,"valueName":"search_term_string"}}],"inLanguage":"en-US"},{"@type":"Organization","@id":"https:\/\/tajkertesz.com\/#organization","name":"T\u00e1j-Kert\u00e9sz 84 Kft.","url":"https:\/\/tajkertesz.com\/","logo":{"@type":"ImageObject","inLanguage":"en-US","@id":"https:\/\/tajkertesz.com\/#\/schema\/logo\/image\/","url":"https:\/\/tajkertesz.com\/wp-content\/uploads\/2018\/02\/logo-2-e1518678052539.png","contentUrl":"https:\/\/tajkertesz.com\/wp-content\/uploads\/2018\/02\/logo-2-e1518678052539.png","width":81,"height":140,"caption":"T\u00e1j-Kert\u00e9sz 84 Kft."},"image":{"@id":"https:\/\/tajkertesz.com\/#\/schema\/logo\/image\/"},"sameAs":["https:\/\/www.facebook.com\/Tajkertesz\/"]}]}},"_links":{"self":[{"href":"https:\/\/tajkertesz.com\/en_US\/wp-json\/wp\/v2\/product\/7176","targetHints":{"allow":["GET"]}}],"collection":[{"href":"https:\/\/tajkertesz.com\/en_US\/wp-json\/wp\/v2\/product"}],"about":[{"href":"https:\/\/tajkertesz.com\/en_US\/wp-json\/wp\/v2\/types\/product"}],"wp:featuredmedia":[{"embeddable":true,"href":"https:\/\/tajkertesz.com\/en_US\/wp-json\/wp\/v2\/media\/7177"}],"wp:attachment":[{"href":"https:\/\/tajkertesz.com\/en_US\/wp-json\/wp\/v2\/media?parent=7176"}],"wp:term":[{"taxonomy":"product_brand","embeddable":true,"href":"https:\/\/tajkertesz.com\/en_US\/wp-json\/wp\/v2\/product_brand?post=7176"},{"taxonomy":"product_cat","embeddable":true,"href":"https:\/\/tajkertesz.com\/en_US\/wp-json\/wp\/v2\/product_cat?post=7176"},{"taxonomy":"product_tag","embeddable":true,"href":"https:\/\/tajkertesz.com\/en_US\/wp-json\/wp\/v2\/product_tag?post=7176"}],"curies":[{"name":"wp","href":"https:\/\/api.w.org\/{rel}","templated":true}]}}