{"id":7186,"date":"2021-06-24T10:41:59","date_gmt":"2021-06-24T10:41:59","guid":{"rendered":"https:\/\/tajkertesz.com\/?post_type=product&#038;p=7186"},"modified":"2024-06-28T10:21:09","modified_gmt":"2024-06-28T10:21:09","slug":"nortene-privatex-szintetikus-palmahancs-1x3m-barna","status":"publish","type":"product","link":"https:\/\/tajkertesz.com\/en_US\/product\/nortene-privatex-szintetikus-palmahancs-1x3m-barna\/","title":{"rendered":"Nortene Privatex szintetikus p\u00e1lmah\u00e1ncs, 1x3m barna (29)"},"content":{"rendered":"<h1 class=\"page-head-title product-page-head-title position-relative\"><span class=\"product-page-product-name\">Nortene Privatex szintetikus p\u00e1lmah\u00e1ncs, 1x3m barna<\/span><\/h1>\n<p class=\"page-head-title product-page-head-title position-relative\"><span class=\"product-page-product-name\">Nortene Privatex szintetikus p\u00e1lmah\u00e1ncs, 1x3m barna<\/span><\/p>\n<p>Szintetikus p\u00e1lmah\u00e1ncs. Kertje, terasza vagy erk\u00e9lye 100 %-os takar\u00e1s\u00e1hoz.<\/p>\n<p><strong>El\u0151ny\u00f6k<\/strong><\/p>\n<p>Felfogja a szelet, de egyben l\u00e9g\u00e1tereszt\u0151 is. Anyag\u00e1nak k\u00f6sz\u00f6nhet\u0151en nem ig\u00e9nyel karbantart\u00e1st.<\/p>\n<p><strong>Jellemz\u0151k<\/strong><\/p>\n<p>K\u00f6nnyen felszerelhet\u0151, m\u00e9retre szabhat\u00f3 bel\u00e1t\u00e1skorl\u00e1toz\u00f3. R\u00f6gz\u00edtse megfelel\u0151 sz\u00edn\u0171 FIXCANE vagy BRIDFIX term\u00e9kkel, minden ir\u00e1nyban 50 cm-enk\u00e9nt! V\u00edzszintes ir\u00e1nyban v\u00e1ghat\u00f3. Felszerel\u00e9skor ne v\u00e1gja el a csom\u00f3z\u00e1sokat, helyette a v\u00e9gekb\u0151l megmaradt f\u00f6l\u00f6sleges anyagot tekerje fel vagy hajtsa vissza.<\/p>\n<p>Anyaga: UV \u00e1ll\u00f3 HDPE, mely a napsug\u00e1rz\u00e1snak \u00e9s az id\u0151j\u00e1r\u00e1s viszontags\u00e1gainak is ellen\u00e1ll.<\/p>\n<p style=\"line-height: 18.0pt; background: white; margin: 0cm 0cm 15.0pt 0cm;\"><b><span style=\"font-family: 'Ubuntu',serif; color: black;\">K\u00e9szlet\u00fcnk napi szinten v\u00e1ltozik, ez\u00e9rt k\u00e9rj\u00fck, \u00e9rdekl\u0151dj\u00f6n szem\u00e9lyesen, telefonon vagy email-en.<br \/>\nA v\u00e1ltoztat\u00e1s jog\u00e1t fenntartjuk!\u00a0<\/span><\/b><\/p>\n<p><a href=\"https:\/\/tajkertesz.com\/\">https:\/\/tajkertesz.com\/<\/a><\/p>\n<p><a href=\"https:\/\/www.facebook.com\/tajkertesz\">https:\/\/www.facebook.com\/tajkertesz<\/a><\/p>\n<h6 class=\"page-head-title product-page-head-title position-relative\"><span class=\"product-page-product-name\" style=\"color: #ffffff;\">Nortene Privatex szintetikus p\u00e1lmah\u00e1ncs, 1x3m barna<\/span><\/h6>\n<h6><span style=\"color: #ffffff;\"><strong>Szintetikus p\u00e1lmah\u00e1ncs 100 %-os takar\u00e1ssal<\/strong><\/span><br \/>\n<span style=\"color: #ffffff;\">Szeretn\u00e9 kertj\u00e9t, terasz\u00e1t nyugalmasan \u00e9lvezni bar\u00e1taival illetve csal\u00e1dj\u00e1val? Ez a sz\u0151tt h\u00e1l\u00f3 t\u00f6k\u00e9letes megold\u00e1st k\u00edn\u00e1l \u00d6nnek: seg\u00edts\u00e9g\u00e9vel sz\u00e1m\u0171zheti a k\u00edv\u00e1ncsiskod\u00f3 tekinteteket.\u00a0Ism\u00e9telje meg a r\u00f6gz\u00edt\u0151k felhelyez\u00e9s\u00e9t 50 cm-enk\u00e9nt.<\/span><br \/>\n<span style=\"color: #ffffff;\">Szeles ter\u00fcleteken cs\u00f6kkentse a r\u00f6gz\u00edt\u00e9si pontok k\u00f6zti t\u00e1vols\u00e1got a biztosabb tart\u00e1s \u00e9rdek\u00e9ben. Javasoljuk, hogy a r\u00f6gz\u00edt\u0151ket kar\u00f3hoz, oszlophoz vagy merev t\u00e1maszt\u00e9khoz, p\u00e9ld\u00e1ul erk\u00e9lykorl\u00e1thoz r\u00f6gz\u00edtse, p\u00e9ld\u00e1ul erk\u00e9lykorl\u00e1thoz r\u00f6gz\u00edtse. Vagy merev h\u00e1l\u00f3hoz r\u00f6gz\u00edtse.\u00a0Szintetikus p\u00e1lmah\u00e1ncs. Kertje, terasza vagy erk\u00e9lye 100 %-os takar\u00e1s\u00e1hoz.\u00a0 <strong>El\u0151ny\u00f6k\u00a0<\/strong>Felfogja a szelet, de egyben l\u00e9g\u00e1tereszt\u0151 is. Anyag\u00e1nak k\u00f6sz\u00f6nhet\u0151en nem ig\u00e9nyel karbantart\u00e1st.\u00a0<strong>Jellemz\u0151k\u00a0\u00a0<\/strong>K\u00f6nnyen felszerelhet\u0151, m\u00e9retre szabhat\u00f3 bel\u00e1t\u00e1skorl\u00e1toz\u00f3. R\u00f6gz\u00edtse megfelel\u0151 sz\u00edn\u0171 FIXCANE vagy BRIDFIX term\u00e9kkel, minden ir\u00e1nyban 50 cm-enk\u00e9nt! V\u00edzszintes ir\u00e1nyban v\u00e1ghat\u00f3. Felszerel\u00e9skor ne v\u00e1gja el a csom\u00f3z\u00e1sokat, helyette a v\u00e9gekb\u0151l megmaradt f\u00f6l\u00f6sleges anyagot tekerje fel vagy hajtsa vissza.\u00a0Anyaga: UV \u00e1ll\u00f3 HDPE, mely a napsug\u00e1rz\u00e1snak \u00e9s az id\u0151j\u00e1r\u00e1s viszontags\u00e1gainak is ellen\u00e1ll.\u00a0<\/span><\/h6>\n<p>&nbsp;<\/p>\n<p style=\"line-height: 18.0pt; background: white; margin: 0cm 0cm 15.0pt 0cm;\">","protected":false},"excerpt":{"rendered":"<p class=\"page-head-title product-page-head-title position-relative\"><span class=\"product-page-product-name\">Nortene Privatex szintetikus p\u00e1lmah\u00e1ncs, 1x3m barna<\/span><\/p>\n<p>Szintetikus p\u00e1lmah\u00e1ncs. Kertje, terasza vagy erk\u00e9lye 100 %-os takar\u00e1s\u00e1hoz.<\/p>\n<p>Felfogja a szelet, de egyben l\u00e9g\u00e1tereszt\u0151 is. Anyag\u00e1nak k\u00f6sz\u00f6nhet\u0151en nem ig\u00e9nyel karbantart\u00e1st.<\/p>","protected":false},"featured_media":7187,"template":"","meta":{"_et_pb_use_builder":"","_et_pb_old_content":"","_et_gb_content_width":""},"product_brand":[],"product_cat":[1663,3785],"product_tag":[3820,2063,3824,3823],"class_list":{"0":"post-7186","1":"product","2":"type-product","3":"status-publish","4":"has-post-thumbnail","6":"product_cat-arnyekolo-halok","7":"product_cat-uj-termekek","8":"product_tag-belatasgatlo","9":"product_tag-nortene-privatex-szintetikus-palmahancs","10":"product_tag-palmahancs","11":"product_tag-privatex","13":"first","14":"instock","15":"shipping-taxable","16":"purchasable","17":"product-type-simple"},"yoast_head":"<!-- This site is optimized with the Yoast SEO plugin v27.3 - https:\/\/yoast.com\/product\/yoast-seo-wordpress\/ -->\n<title>Nortene Privatex szintetikus p\u00e1lmah\u00e1ncs, 1x3m barna (29) - T\u00e1jkert\u00e9sz<\/title>\n<meta name=\"description\" content=\"Nortene Privatex szintetikus p\u00e1lmah\u00e1ncs, 1x3m barna Szintetikus p\u00e1lmah\u00e1ncs. Kertje, terasza vagy erk\u00e9lye 100 %-os takar\u00e1s\u00e1hoz.\" \/>\n<meta name=\"robots\" content=\"index, follow, max-snippet:-1, max-image-preview:large, max-video-preview:-1\" \/>\n<link rel=\"canonical\" href=\"https:\/\/tajkertesz.com\/en_US\/product\/nortene-privatex-szintetikus-palmahancs-1x3m-barna\/\" \/>\n<meta property=\"og:locale\" content=\"en_US\" \/>\n<meta property=\"og:type\" content=\"article\" \/>\n<meta property=\"og:title\" content=\"Nortene Privatex szintetikus p\u00e1lmah\u00e1ncs, 1x3m barna (29) - T\u00e1jkert\u00e9sz\" \/>\n<meta property=\"og:description\" content=\"Nortene Privatex szintetikus p\u00e1lmah\u00e1ncs, 1x3m barna Szintetikus p\u00e1lmah\u00e1ncs. Kertje, terasza vagy erk\u00e9lye 100 %-os takar\u00e1s\u00e1hoz.\" \/>\n<meta property=\"og:url\" content=\"https:\/\/tajkertesz.com\/en_US\/product\/nortene-privatex-szintetikus-palmahancs-1x3m-barna\/\" \/>\n<meta property=\"og:site_name\" content=\"T\u00e1jkert\u00e9sz\" \/>\n<meta property=\"article:publisher\" content=\"https:\/\/www.facebook.com\/Tajkertesz\/\" \/>\n<meta property=\"article:modified_time\" content=\"2024-06-28T10:21:09+00:00\" \/>\n<meta property=\"og:image\" content=\"https:\/\/tajkertesz.com\/wp-content\/uploads\/2021\/06\/2007577a.jpg\" \/>\n\t<meta property=\"og:image:width\" content=\"900\" \/>\n\t<meta property=\"og:image:height\" content=\"900\" \/>\n\t<meta property=\"og:image:type\" content=\"image\/jpeg\" \/>\n<meta name=\"twitter:card\" content=\"summary_large_image\" \/>\n<meta name=\"twitter:label1\" content=\"Est. reading time\" \/>\n\t<meta name=\"twitter:data1\" content=\"2 minutes\" \/>\n<script type=\"application\/ld+json\" class=\"yoast-schema-graph\">{\"@context\":\"https:\\\/\\\/schema.org\",\"@graph\":[{\"@type\":\"WebPage\",\"@id\":\"https:\\\/\\\/tajkertesz.com\\\/termek\\\/nortene-privatex-szintetikus-palmahancs-1x3m-barna\\\/\",\"url\":\"https:\\\/\\\/tajkertesz.com\\\/termek\\\/nortene-privatex-szintetikus-palmahancs-1x3m-barna\\\/\",\"name\":\"Nortene Privatex szintetikus p\u00e1lmah\u00e1ncs, 1x3m barna (29) - T\u00e1jkert\u00e9sz\",\"isPartOf\":{\"@id\":\"https:\\\/\\\/tajkertesz.com\\\/#website\"},\"primaryImageOfPage\":{\"@id\":\"https:\\\/\\\/tajkertesz.com\\\/termek\\\/nortene-privatex-szintetikus-palmahancs-1x3m-barna\\\/#primaryimage\"},\"image\":{\"@id\":\"https:\\\/\\\/tajkertesz.com\\\/termek\\\/nortene-privatex-szintetikus-palmahancs-1x3m-barna\\\/#primaryimage\"},\"thumbnailUrl\":\"https:\\\/\\\/tajkertesz.com\\\/wp-content\\\/uploads\\\/2021\\\/06\\\/2007577a.jpg\",\"datePublished\":\"2021-06-24T10:41:59+00:00\",\"dateModified\":\"2024-06-28T10:21:09+00:00\",\"description\":\"Nortene Privatex szintetikus p\u00e1lmah\u00e1ncs, 1x3m barna Szintetikus p\u00e1lmah\u00e1ncs. Kertje, terasza vagy erk\u00e9lye 100 %-os takar\u00e1s\u00e1hoz.\",\"breadcrumb\":{\"@id\":\"https:\\\/\\\/tajkertesz.com\\\/termek\\\/nortene-privatex-szintetikus-palmahancs-1x3m-barna\\\/#breadcrumb\"},\"inLanguage\":\"en-US\",\"potentialAction\":[{\"@type\":\"ReadAction\",\"target\":[\"https:\\\/\\\/tajkertesz.com\\\/termek\\\/nortene-privatex-szintetikus-palmahancs-1x3m-barna\\\/\"]}]},{\"@type\":\"ImageObject\",\"inLanguage\":\"en-US\",\"@id\":\"https:\\\/\\\/tajkertesz.com\\\/termek\\\/nortene-privatex-szintetikus-palmahancs-1x3m-barna\\\/#primaryimage\",\"url\":\"https:\\\/\\\/tajkertesz.com\\\/wp-content\\\/uploads\\\/2021\\\/06\\\/2007577a.jpg\",\"contentUrl\":\"https:\\\/\\\/tajkertesz.com\\\/wp-content\\\/uploads\\\/2021\\\/06\\\/2007577a.jpg\",\"width\":900,\"height\":900},{\"@type\":\"BreadcrumbList\",\"@id\":\"https:\\\/\\\/tajkertesz.com\\\/termek\\\/nortene-privatex-szintetikus-palmahancs-1x3m-barna\\\/#breadcrumb\",\"itemListElement\":[{\"@type\":\"ListItem\",\"position\":1,\"name\":\"Home\",\"item\":\"https:\\\/\\\/tajkertesz.com\\\/\"},{\"@type\":\"ListItem\",\"position\":2,\"name\":\"Kezd\u0151lap\",\"item\":\"https:\\\/\\\/tajkertesz.com\\\/\"},{\"@type\":\"ListItem\",\"position\":3,\"name\":\"Nortene Privatex szintetikus p\u00e1lmah\u00e1ncs, 1x3m barna (29)\"}]},{\"@type\":\"WebSite\",\"@id\":\"https:\\\/\\\/tajkertesz.com\\\/#website\",\"url\":\"https:\\\/\\\/tajkertesz.com\\\/\",\"name\":\"T\u00e1j-Kert\u00e9sz 84 Kft.\",\"description\":\"Kert\u00e9szeti kis- \u00e9s nagykeresked\u00e9s, D\u00edszn\u00f6v\u00e9ny web\u00e1ruh\u00e1z orsz\u00e1gos h\u00e1zhozsz\u00e1ll\u00edt\u00e1ssal!\",\"publisher\":{\"@id\":\"https:\\\/\\\/tajkertesz.com\\\/#organization\"},\"potentialAction\":[{\"@type\":\"SearchAction\",\"target\":{\"@type\":\"EntryPoint\",\"urlTemplate\":\"https:\\\/\\\/tajkertesz.com\\\/?s={search_term_string}\"},\"query-input\":{\"@type\":\"PropertyValueSpecification\",\"valueRequired\":true,\"valueName\":\"search_term_string\"}}],\"inLanguage\":\"en-US\"},{\"@type\":\"Organization\",\"@id\":\"https:\\\/\\\/tajkertesz.com\\\/#organization\",\"name\":\"T\u00e1j-Kert\u00e9sz 84 Kft.\",\"url\":\"https:\\\/\\\/tajkertesz.com\\\/\",\"logo\":{\"@type\":\"ImageObject\",\"inLanguage\":\"en-US\",\"@id\":\"https:\\\/\\\/tajkertesz.com\\\/#\\\/schema\\\/logo\\\/image\\\/\",\"url\":\"https:\\\/\\\/tajkertesz.com\\\/wp-content\\\/uploads\\\/2018\\\/02\\\/logo-2-e1518678052539.png\",\"contentUrl\":\"https:\\\/\\\/tajkertesz.com\\\/wp-content\\\/uploads\\\/2018\\\/02\\\/logo-2-e1518678052539.png\",\"width\":81,\"height\":140,\"caption\":\"T\u00e1j-Kert\u00e9sz 84 Kft.\"},\"image\":{\"@id\":\"https:\\\/\\\/tajkertesz.com\\\/#\\\/schema\\\/logo\\\/image\\\/\"},\"sameAs\":[\"https:\\\/\\\/www.facebook.com\\\/Tajkertesz\\\/\"]}]}<\/script>\n<!-- \/ Yoast SEO plugin. -->","yoast_head_json":{"title":"Nortene Privatex szintetikus p\u00e1lmah\u00e1ncs, 1x3m barna (29) - T\u00e1jkert\u00e9sz","description":"Nortene Privatex szintetikus p\u00e1lmah\u00e1ncs, 1x3m barna Szintetikus p\u00e1lmah\u00e1ncs. Kertje, terasza vagy erk\u00e9lye 100 %-os takar\u00e1s\u00e1hoz.","robots":{"index":"index","follow":"follow","max-snippet":"max-snippet:-1","max-image-preview":"max-image-preview:large","max-video-preview":"max-video-preview:-1"},"canonical":"https:\/\/tajkertesz.com\/en_US\/product\/nortene-privatex-szintetikus-palmahancs-1x3m-barna\/","og_locale":"en_US","og_type":"article","og_title":"Nortene Privatex szintetikus p\u00e1lmah\u00e1ncs, 1x3m barna (29) - T\u00e1jkert\u00e9sz","og_description":"Nortene Privatex szintetikus p\u00e1lmah\u00e1ncs, 1x3m barna Szintetikus p\u00e1lmah\u00e1ncs. Kertje, terasza vagy erk\u00e9lye 100 %-os takar\u00e1s\u00e1hoz.","og_url":"https:\/\/tajkertesz.com\/en_US\/product\/nortene-privatex-szintetikus-palmahancs-1x3m-barna\/","og_site_name":"T\u00e1jkert\u00e9sz","article_publisher":"https:\/\/www.facebook.com\/Tajkertesz\/","article_modified_time":"2024-06-28T10:21:09+00:00","og_image":[{"width":900,"height":900,"url":"https:\/\/tajkertesz.com\/wp-content\/uploads\/2021\/06\/2007577a.jpg","type":"image\/jpeg"}],"twitter_card":"summary_large_image","twitter_misc":{"Est. reading time":"2 minutes"},"schema":{"@context":"https:\/\/schema.org","@graph":[{"@type":"WebPage","@id":"https:\/\/tajkertesz.com\/termek\/nortene-privatex-szintetikus-palmahancs-1x3m-barna\/","url":"https:\/\/tajkertesz.com\/termek\/nortene-privatex-szintetikus-palmahancs-1x3m-barna\/","name":"Nortene Privatex szintetikus p\u00e1lmah\u00e1ncs, 1x3m barna (29) - T\u00e1jkert\u00e9sz","isPartOf":{"@id":"https:\/\/tajkertesz.com\/#website"},"primaryImageOfPage":{"@id":"https:\/\/tajkertesz.com\/termek\/nortene-privatex-szintetikus-palmahancs-1x3m-barna\/#primaryimage"},"image":{"@id":"https:\/\/tajkertesz.com\/termek\/nortene-privatex-szintetikus-palmahancs-1x3m-barna\/#primaryimage"},"thumbnailUrl":"https:\/\/tajkertesz.com\/wp-content\/uploads\/2021\/06\/2007577a.jpg","datePublished":"2021-06-24T10:41:59+00:00","dateModified":"2024-06-28T10:21:09+00:00","description":"Nortene Privatex szintetikus p\u00e1lmah\u00e1ncs, 1x3m barna Szintetikus p\u00e1lmah\u00e1ncs. Kertje, terasza vagy erk\u00e9lye 100 %-os takar\u00e1s\u00e1hoz.","breadcrumb":{"@id":"https:\/\/tajkertesz.com\/termek\/nortene-privatex-szintetikus-palmahancs-1x3m-barna\/#breadcrumb"},"inLanguage":"en-US","potentialAction":[{"@type":"ReadAction","target":["https:\/\/tajkertesz.com\/termek\/nortene-privatex-szintetikus-palmahancs-1x3m-barna\/"]}]},{"@type":"ImageObject","inLanguage":"en-US","@id":"https:\/\/tajkertesz.com\/termek\/nortene-privatex-szintetikus-palmahancs-1x3m-barna\/#primaryimage","url":"https:\/\/tajkertesz.com\/wp-content\/uploads\/2021\/06\/2007577a.jpg","contentUrl":"https:\/\/tajkertesz.com\/wp-content\/uploads\/2021\/06\/2007577a.jpg","width":900,"height":900},{"@type":"BreadcrumbList","@id":"https:\/\/tajkertesz.com\/termek\/nortene-privatex-szintetikus-palmahancs-1x3m-barna\/#breadcrumb","itemListElement":[{"@type":"ListItem","position":1,"name":"Home","item":"https:\/\/tajkertesz.com\/"},{"@type":"ListItem","position":2,"name":"Kezd\u0151lap","item":"https:\/\/tajkertesz.com\/"},{"@type":"ListItem","position":3,"name":"Nortene Privatex szintetikus p\u00e1lmah\u00e1ncs, 1x3m barna (29)"}]},{"@type":"WebSite","@id":"https:\/\/tajkertesz.com\/#website","url":"https:\/\/tajkertesz.com\/","name":"T\u00e1j-Kert\u00e9sz 84 Kft.","description":"Kert\u00e9szeti kis- \u00e9s nagykeresked\u00e9s, D\u00edszn\u00f6v\u00e9ny web\u00e1ruh\u00e1z orsz\u00e1gos h\u00e1zhozsz\u00e1ll\u00edt\u00e1ssal!","publisher":{"@id":"https:\/\/tajkertesz.com\/#organization"},"potentialAction":[{"@type":"SearchAction","target":{"@type":"EntryPoint","urlTemplate":"https:\/\/tajkertesz.com\/?s={search_term_string}"},"query-input":{"@type":"PropertyValueSpecification","valueRequired":true,"valueName":"search_term_string"}}],"inLanguage":"en-US"},{"@type":"Organization","@id":"https:\/\/tajkertesz.com\/#organization","name":"T\u00e1j-Kert\u00e9sz 84 Kft.","url":"https:\/\/tajkertesz.com\/","logo":{"@type":"ImageObject","inLanguage":"en-US","@id":"https:\/\/tajkertesz.com\/#\/schema\/logo\/image\/","url":"https:\/\/tajkertesz.com\/wp-content\/uploads\/2018\/02\/logo-2-e1518678052539.png","contentUrl":"https:\/\/tajkertesz.com\/wp-content\/uploads\/2018\/02\/logo-2-e1518678052539.png","width":81,"height":140,"caption":"T\u00e1j-Kert\u00e9sz 84 Kft."},"image":{"@id":"https:\/\/tajkertesz.com\/#\/schema\/logo\/image\/"},"sameAs":["https:\/\/www.facebook.com\/Tajkertesz\/"]}]}},"_links":{"self":[{"href":"https:\/\/tajkertesz.com\/en_US\/wp-json\/wp\/v2\/product\/7186","targetHints":{"allow":["GET"]}}],"collection":[{"href":"https:\/\/tajkertesz.com\/en_US\/wp-json\/wp\/v2\/product"}],"about":[{"href":"https:\/\/tajkertesz.com\/en_US\/wp-json\/wp\/v2\/types\/product"}],"wp:featuredmedia":[{"embeddable":true,"href":"https:\/\/tajkertesz.com\/en_US\/wp-json\/wp\/v2\/media\/7187"}],"wp:attachment":[{"href":"https:\/\/tajkertesz.com\/en_US\/wp-json\/wp\/v2\/media?parent=7186"}],"wp:term":[{"taxonomy":"product_brand","embeddable":true,"href":"https:\/\/tajkertesz.com\/en_US\/wp-json\/wp\/v2\/product_brand?post=7186"},{"taxonomy":"product_cat","embeddable":true,"href":"https:\/\/tajkertesz.com\/en_US\/wp-json\/wp\/v2\/product_cat?post=7186"},{"taxonomy":"product_tag","embeddable":true,"href":"https:\/\/tajkertesz.com\/en_US\/wp-json\/wp\/v2\/product_tag?post=7186"}],"curies":[{"name":"wp","href":"https:\/\/api.w.org\/{rel}","templated":true}]}}