{"id":7201,"date":"2021-06-25T06:06:23","date_gmt":"2021-06-25T06:06:23","guid":{"rendered":"https:\/\/tajkertesz.com\/?post_type=product&#038;p=7201"},"modified":"2023-02-23T08:28:04","modified_gmt":"2023-02-23T08:28:04","slug":"swissinno-elektromos-szunyog-es-legy-rovarirto","status":"publish","type":"product","link":"https:\/\/tajkertesz.com\/en_US\/product\/swissinno-elektromos-szunyog-es-legy-rovarirto\/","title":{"rendered":"SWISSINNO ELEKTROMOS SZ\u00daNYOG \u00c9S L\u00c9GY ROVAR\u00cdRT\u00d3"},"content":{"rendered":"<div class=\"artdet__name-rating d-none d-lg-block\">\n<div class=\"row gutters-5\">\n<div class=\"col\">\n<h1 class=\"h1 product-title\">SWISSINNO ELEKTROMOS SZ\u00daNYOG \u00c9S L\u00c9GY ROVAR\u00cdRT\u00d3<\/h1>\n<p>SWISSINNO ELEKTROMOS SZ\u00daNYOG \u00c9S L\u00c9GY ROVAR\u00cdRT\u00d3<\/p>\n<p>Ez a term\u00e9k a gy\u00e1rt\u00f3 egyik cs\u00facsterm\u00e9ke, amelyet az apr\u00f3l\u00e9kosan kialak\u00edtott diz\u00e1jn tesz t\u00f6k\u00e9letess\u00e9.<\/p>\n<p>A sz\u00fanyogcsapda \u00fagy m\u0171k\u00f6dik, hogy a k\u00f6z\u00e9pen tal\u00e1lhat\u00f3, egy f\u00fcgg\u0151legesen elhelyezett vil\u00e1g\u00edt\u00f3test, amely ultraibolya f\u00e9nyt bocs\u00e1t ki. Ez jelent\u0151s vonzer\u0151t gyakorol a sz\u00fanyogokra \u00e9s a legyekre, amelyek megpr\u00f3b\u00e1lj\u00e1k megk\u00f6zel\u00edteni, majd neki \u00fctk\u00f6znek a f\u00e9mr\u00e1csnak, amely \u00e1rtalmatlan\u00edtja \u0151ket \u00e9s az als\u00f3 gy\u0171jt\u0151s sarokba hullanak.<\/p>\n<p>A \u00a0k\u00e9sz\u00fcl\u00e9k \u00e1ltal kibocs\u00e1tott UV f\u00e9ny, az emberi szem sz\u00e1m\u00e1ra nem k\u00e1ros. \u00dagy l\u00e1tja el feladat\u00e1t, hogy k\u00f6zben semmilyen k\u00e1ros, vesz\u00e9lyes anyagot nem juttat a k\u00f6rnyezetbe, ez\u00e9rt sem az emberre sem az el\u0151 k\u00f6rnyezetre a feladat\u00e1n k\u00edv\u00fcl, k\u00e1ros hat\u00e1st nem fejt ki.<\/p>\n<\/div>\n<\/div>\n<\/div>\n<div>\n<p><a href=\"https:\/\/tajkertesz.com\/\">https:\/\/tajkertesz.com\/<\/a><\/p>\n<p><a href=\"https:\/\/www.facebook.com\/tajkertesz\">https:\/\/www.facebook.com\/tajkertesz<\/a><\/p>\n<\/div>\n<p>K\u00e9szlet\u00fcnk napi szinten v\u00e1ltozik, \u00edgy a v\u00e1ltoz\u00e1s jog\u00e1t fenntartjuk.<\/p>\n<div>\n<p>&nbsp;<\/p>\n<\/div>\n<h3><span style=\"color: #ffffff;\">\u00d6nt\u00f6z\u00e9s<\/span><\/h3>\n<p><span style=\"color: #ffffff;\">Az\u00a0<b>\u00f6nt\u00f6z\u00e9s<\/b> a talaj nedvess\u00e9gtartalm\u00e1nak mesters\u00e9ges \u00faton t\u00f6rt\u00e9n\u0151 szab\u00e1lyoz\u00e1s\u00e1t, p\u00f3tl\u00e1s\u00e1t jelenti. Az \u00f6nt\u00f6z\u00e9st \u00e1ltal\u00e1ban sz\u00e1raz ter\u00fcleteken, a mez\u0151gazdas\u00e1gi term\u00e9kek n\u00f6veked\u00e9s\u00e9nek el\u0151mozd\u00edt\u00e1s\u00e1ra, valamint a csapad\u00e9kszeg\u00e9ny id\u0151szakokban alkalmazz\u00e1k. Az \u00f6nt\u00f6z\u00e9snek tov\u00e1bbi szerepei is vannak a n\u00f6v\u00e9nytermeszt\u00e9sben, ilyen p\u00e9ld\u00e1ul a n\u00f6v\u00e9nyek v\u00e9delme a fagy ellen,<sup id=\"cite_ref-1\" class=\"reference\"><\/sup> a gabonatermeszt\u00e9sben a gyomn\u00f6v\u00e9nyek elfojt\u00e1sa,<sup id=\"cite_ref-2\" class=\"reference\"><\/sup>\u00a0valamint a talaj t\u00f6m\u00f6r\u00edt\u00e9s\u00e9nek el\u0151seg\u00edt\u00e9se.<sup id=\"cite_ref-3\" class=\"reference\"><\/sup>Az \u00f6nt\u00f6z\u00e9ses gazd\u00e1lkod\u00e1ssal szemben, a k\u00f6zvetlen es\u0151z\u00e9seken alapul\u00f3 gazd\u00e1lkod\u00e1st csapad\u00e9kra \u00e9p\u00fcl\u0151 mez\u0151gazdas\u00e1gnak h\u00edvjuk. Az \u00f6nt\u00f6z\u00e9st igen gyakran a v\u00edzelvezet\u00e9ssel egy\u00fctt kezelik, mely a felsz\u00edni vagy a felsz\u00edn alatti vizA sz\u00fanyogcsapda \u00fagy m\u0171k\u00f6dik, hogy a k\u00f6z\u00e9pen tal\u00e1lhat\u00f3, egy f\u00fcgg\u0151legesen elhelyezett vil\u00e1g\u00edt\u00f3test, amely ultraibolya f\u00e9nyt bocs\u00e1t ki. Ez jelent\u0151s vonzer\u0151t gyakorol a sz\u00fanyogokra \u00e9s a legyekre, amelyek megpr\u00f3b\u00e1lj\u00e1k megk\u00f6zel\u00edteni, majd neki \u00fctk\u00f6znek a f\u00e9mr\u00e1csnak, amely \u00e1rtalmatlan\u00edtja \u0151ket \u00e9s az als\u00f3 gy\u0171jt\u0151s sarokba hullanak.A \u00a0k\u00e9sz\u00fcl\u00e9k \u00e1ltal kibocs\u00e1tott UV f\u00e9ny, az emberi szem sz\u00e1m\u00e1ra nem k\u00e1ros. \u00dagy l\u00e1tja el feladat\u00e1t, hogy k\u00f6zben semmilyen k\u00e1ros, vesz\u00e9lyes anyagot nem juttat a k\u00f6rnyezetbe, ez\u00e9rt sem az emberre sem az el\u0151 k\u00f6rnyezetre a feladat\u00e1n k\u00edv\u00fcl, k\u00e1ros hat\u00e1st nem fejt ki.ek term\u00e9szetes vagy mesters\u00e9ges elvezet\u00e9s\u00e9t jelenti.<\/span><\/p>\n<h2><span id=\"Az_\u00f6nt\u00f6z\u00e9s_fajt\u00e1i\" class=\"mw-headline\" style=\"color: #ffffff;\">Az \u00f6nt\u00f6z\u00e9s fajt\u00e1i:<\/span><\/h2>\n<p><span style=\"color: #ffffff;\">Az \u00f6nt\u00f6z\u00e9si rendszereket a v\u00edz kiemel\u00e9s\u00e9nek m\u00f3dja \u00e9s a mez\u0151gazdas\u00e1gi ter\u00fcletre juttat\u00e1s\u00e1nak mik\u00e9ntje szerint k\u00fcl\u00f6nb\u00f6ztetj\u00fck meg. Az \u00e1ltal\u00e1nos c\u00e9l az, hogy a v\u00edz egyenletesen jusson a teljes \u00f6nt\u00f6z\u00f6tt ter\u00fcletre, vagyis minden n\u00f6v\u00e9ny ig\u00e9ny\u00e9nek megfelel\u0151en, se t\u00fal sok, se t\u00fal kev\u00e9s vizet ne kapjon.<\/span><\/p>\n<h3><span style=\"color: #ffffff;\"><span id=\"Fel.C3.BCleti_.C3.B6nt.C3.B6z.C3.A9s\"><\/span><span id=\"Fel\u00fcleti_\u00f6nt\u00f6z\u00e9s\" class=\"mw-headline\">Fel\u00fcleti \u00f6nt\u00f6z\u00e9s<\/span><\/span><\/h3>\n<div class=\"thumb tright\">\n<div class=\"thumbinner\">\n<div class=\"thumbcaption\">\n<div class=\"magnify\"><span style=\"color: #ffffff;\">B\u00faza \u00e1raszt\u00e1sos \u00f6nt\u00f6z\u00e9se<\/span><\/div>\n<\/div>\n<\/div>\n<\/div>\n<p><span style=\"color: #ffffff;\">A fel\u00fcleti \u00f6nt\u00f6z\u0151rendszerek eset\u00e9ben a v\u00edz gravit\u00e1ci\u00f3s \u00faton \u00e1ramlik \u00e9s ker\u00fcl be a talajba. V\u00e1ltozatai: \u00e1raszt\u00e1sos, cs\u00f6rgedeztet\u0151, s\u00e1vos cs\u00f6rgedeztet\u0151, bar\u00e1zd\u00e1s, m\u00e9lybar\u00e1zd\u00e1s.<sup id=\"cite_ref-18\" class=\"reference\"><\/sup>\u00a0Amikor az \u00f6nt\u00f6z\u00f6tt ter\u00fclet a m\u0171velt f\u00f6ldter\u00fclet teljes vagy csaknem teljes el\u00e1raszt\u00e1s\u00e1val j\u00e1r, a m\u00f3dszert \u00e1raszt\u00e1sos \u00f6nt\u00f6z\u00e9snek nevezik. A t\u00f6rt\u00e9nelem sor\u00e1n ez volt a mez\u0151gazdas\u00e1gilag m\u0171velt ter\u00fcletek \u00f6nt\u00f6z\u00e9s\u00e9nek leg\u00e1ltal\u00e1nosabban haszn\u00e1lt m\u00f3dszere.<\/span><\/p>\n<p><span style=\"color: #ffffff;\">Ahol az \u00f6nt\u00f6z\u0151v\u00edz forr\u00e1sa megengedi, a v\u00edz szintj\u00e9t g\u00e1tokkal szab\u00e1lyozz\u00e1k, melyeket \u00e1ltal\u00e1ban f\u00f6lddel torlaszolnak el. Ez j\u00f3l megfigyelhet\u0151 a teraszos m\u0171vel\u00e9s\u0171 rizsf\u00f6ldeken, melyekn\u00e9l az egyes parcell\u00e1k v\u00edzszintj\u00e9t g\u00e1takkal k\u00fcl\u00f6n-k\u00fcl\u00f6n szab\u00e1lyozz\u00e1k. Bizonyos esetekben emberi vagy \u00e1llati er\u0151vel emelik, szivatty\u00fazz\u00e1k a vizet magasabb ter\u00fcletekre.<\/span><\/p>\n<h3><span style=\"color: #ffffff;\"><span id=\"Lokaliz.C3.A1lt_.C3.B6nt.C3.B6z.C3.A9s\"><\/span><span id=\"Lokaliz\u00e1lt_\u00f6nt\u00f6z\u00e9s\" class=\"mw-headline\">Lokaliz\u00e1lt \u00f6nt\u00f6z\u00e9s<\/span><\/span><\/h3>\n<p><span style=\"color: #ffffff;\">A lokaliz\u00e1lt \u00f6nt\u00f6z\u0151rendszerekn\u00e9l a v\u00edz kisnyom\u00e1s\u00fa cs\u0151h\u00e1l\u00f3zaton jut el az \u00f6nt\u00f6z\u00e9s hely\u00e9re, k\u00f6zvetlen\u00fcl a n\u00f6v\u00e9nyekhez. Ebbe a kateg\u00f3ri\u00e1ba tartozik a csepegtet\u0151 \u00f6nt\u00f6z\u00e9s, a mikrosz\u00f3r\u00f3s \u00f6nt\u00f6z\u00e9s.<\/span><\/p>\n<h4><span style=\"color: #ffffff;\"><span id=\"Csepegtet.C5.91_.C3.B6nt.C3.B6z.C3.A9s\"><\/span><span id=\"Csepegtet\u0151_\u00f6nt\u00f6z\u00e9s\" class=\"mw-headline\">Csepegtet\u0151 \u00f6nt\u00f6z\u00e9s<\/span><\/span><\/h4>\n<p><span style=\"color: #ffffff;\">A csepegtet\u0151 \u00f6nt\u00f6z\u00e9s sor\u00e1n \u2013 mint arra neve is utal \u2013 a v\u00edz cseppenk\u00e9nt jut el, k\u00f6zvetlen\u00fcl a n\u00f6v\u00e9nyek gy\u00f6ker\u00e9hez. V\u00edzfelhaszn\u00e1l\u00e1s szempontj\u00e1b\u00f3l val\u00f3sz\u00edn\u0171leg ez a leghat\u00e9konyabb \u00f6nt\u00f6z\u00e9si m\u00f3dszer, mivel a p\u00e1rolg\u00e1si \u00e9s lefoly\u00e1si vesztes\u00e9g minim\u00e1lis. Napjaink korszer\u0171 mez\u0151gazdas\u00e1gi technol\u00f3gi\u00e1iban a csepegtet\u0151 \u00f6nt\u00f6z\u00e9st talajtakar\u00e1ssal,mulcsoz\u00e1ssal egy\u00fctt is alkalmazz\u00e1k, tov\u00e1bb\u00e1 a m\u0171tr\u00e1gya kijuttat\u00e1s\u00e1ra is haszn\u00e1lhatj\u00e1k. A csepegtet\u0151 \u00f6nt\u00f6z\u00e9st emellett gyakran haszn\u00e1lj\u00e1k \u00fcvegh\u00e1zak \u00e9s h\u00e1zi kertek \u00f6nt\u00f6z\u00e9se c\u00e9lj\u00e1b\u00f3l is.<sup id=\"cite_ref-20\" class=\"reference\"><\/sup><sup id=\"cite_ref-21\" class=\"reference\"><\/sup> Ennek oka \u00e1ltal\u00e1ban az, hogy a csepegtet\u0151 rendszer k\u00f6nnyen be\u00e1ll\u00edthat\u00f3 egyes n\u00f6v\u00e9nyek elt\u00e9r\u0151 v\u00edzig\u00e9ny\u00e9nek kiszolg\u00e1l\u00e1s\u00e1ra is. A kertek \u00f6nt\u00f6z\u00e9s\u00e9hez csepegtet\u0151 \u00f6nt\u00f6z\u0151 k\u00e9szletek v\u00e1s\u00e1rolhat\u00f3ak, amelyeknek r\u00e9sze az id\u0151z\u00edt\u0151, a t\u00f6ml\u0151 \u00e9s az adagol\u00f3. Vir\u00e1gcserepek, vir\u00e1g\u00e1gy\u00e1sok \u00f6nt\u00f6z\u00e9s\u00e9hez speci\u00e1lis 4 millim\u00e9ter \u00e1tm\u00e9r\u0151j\u0171 t\u00f6ml\u0151ket haszn\u00e1lnak. Az ilyen rendszerek gyakran l\u00e1tnak el v\u00edzzel cserjefel\u00fcleteket \u00e9s s\u00f6v\u00e9nyeket, konyhakerteket \u00e9s z\u00f6lds\u00e9geskerteket.<\/span><\/p>\n<h3><span style=\"color: #ffffff;\"><span id=\"Es.C5.91szer.C5.B1_.28vagy_es.C5.91ztet.C5.91.29_.C3.B6nt.C3.B6z.C3.A9s\"><\/span><span id=\"Es\u0151szer\u0171_(vagy_es\u0151ztet\u0151)_\u00f6nt\u00f6z\u00e9s\" class=\"mw-headline\">Es\u0151szer\u0171 (vagy es\u0151ztet\u0151) \u00f6nt\u00f6z\u00e9s<\/span><\/span><\/h3>\n<div class=\"thumb tright\">\n<div class=\"thumbinner\">\n<div class=\"thumbcaption\"><\/div>\n<\/div>\n<\/div>\n<h4><\/h4>","protected":false},"excerpt":{"rendered":"<div class=\"artdet__name-rating d-none d-lg-block\">\n<div class=\"row gutters-5\">\n<div class=\"col\">\n<div class=\"artdet__name-rating d-none d-lg-block\">\n<div class=\"row gutters-5\">\n<div class=\"col\">\n<div class=\"artdet__name-rating d-none d-lg-block\">\n<div class=\"row gutters-5\">\n<div class=\"col\">\n<div class=\"artdet__name-rating d-none d-lg-block\">\n<div class=\"row gutters-5\">\n<div class=\"col\">\n<div class=\"artdet__name-rating d-none d-lg-block\">\n<div class=\"row gutters-5\">\n<div class=\"col\">\n<div class=\"artdet__name-rating d-none d-lg-block\">\n<div class=\"row gutters-5\">\n<div class=\"col\">\n<div class=\"artdet__name-rating d-none d-lg-block\">\n<div class=\"row gutters-5\">\n<div class=\"col\">\n<div class=\"artdet__name-rating d-none d-lg-block\">\n<div class=\"row gutters-5\">\n<div class=\"col\">\n<div class=\"artdet__name-rating d-none d-lg-block\">\n<div class=\"row gutters-5\">\n<div class=\"col\">\n<div class=\"artdet__name-rating d-none d-lg-block\">\n<div class=\"row gutters-5\">\n<div class=\"col\">\n<div class=\"artdet__name-rating d-none d-lg-block\">\n<div class=\"row gutters-5\">\n<div class=\"col\">\n<div class=\"artdet__name-rating d-none d-lg-block\">\n<div class=\"row gutters-5\">\n<div class=\"col\">\n<h1 class=\"h1 product-title\">SWISSINNO ELEKTROMOS SZ\u00daNYOG \u00c9S L\u00c9GY ROVAR\u00cdRT\u00d3<\/h1>\n<\/div>\n<\/div>\n<\/div>\n<\/div>\n<\/div>\n<\/div>\n<\/div>\n<\/div>\n<\/div>\n<\/div>\n<\/div>\n<\/div>\n<\/div>\n<\/div>\n<\/div>\n<\/div>\n<\/div>\n<\/div>\n<\/div>\n<\/div>\n<\/div>\n<\/div>\n<\/div>\n<\/div>\n<\/div>\n<\/div>\n<\/div>\n<\/div>\n<\/div>\n<\/div>\n<\/div>\n<\/div>\n<\/div>\n<\/div>\n<\/div>\n<\/div>","protected":false},"featured_media":7202,"template":"","meta":{"_et_pb_use_builder":"","_et_pb_old_content":"","_et_gb_content_width":""},"product_brand":[],"product_cat":[4091],"product_tag":[2066],"class_list":{"0":"post-7201","1":"product","2":"type-product","3":"status-publish","4":"has-post-thumbnail","6":"product_cat-egyeb-csapdak-riasztok","7":"product_tag-swissinno-elektromos-szunyog-es-legy-rovarirto","9":"first","10":"outofstock","11":"shipping-taxable","12":"product-type-simple"},"yoast_head":"<!-- This site is optimized with the Yoast SEO plugin v27.4 - https:\/\/yoast.com\/product\/yoast-seo-wordpress\/ -->\n<title>SWISSINNO ELEKTROMOS SZ\u00daNYOG \u00c9S L\u00c9GY ROVAR\u00cdRT\u00d3 - T\u00e1jkert\u00e9sz<\/title>\n<meta name=\"description\" content=\"SWISSINNO ELEKTROMOS SZ\u00daNYOG \u00c9S L\u00c9GY ROVAR\u00cdRT\u00d3, Ez a term\u00e9k a gy\u00e1rt\u00f3 egyik cs\u00facsterm\u00e9ke, amelyet az apr\u00f3l\u00e9kosan kialak\u00edtott\" \/>\n<meta name=\"robots\" content=\"index, follow, max-snippet:-1, max-image-preview:large, max-video-preview:-1\" \/>\n<link rel=\"canonical\" href=\"https:\/\/tajkertesz.com\/en_US\/product\/swissinno-elektromos-szunyog-es-legy-rovarirto\/\" \/>\n<meta property=\"og:locale\" content=\"en_US\" \/>\n<meta property=\"og:type\" content=\"article\" \/>\n<meta property=\"og:title\" content=\"SWISSINNO ELEKTROMOS SZ\u00daNYOG \u00c9S L\u00c9GY ROVAR\u00cdRT\u00d3 - T\u00e1jkert\u00e9sz\" \/>\n<meta property=\"og:description\" content=\"SWISSINNO ELEKTROMOS SZ\u00daNYOG \u00c9S L\u00c9GY ROVAR\u00cdRT\u00d3, Ez a term\u00e9k a gy\u00e1rt\u00f3 egyik cs\u00facsterm\u00e9ke, amelyet az apr\u00f3l\u00e9kosan kialak\u00edtott\" \/>\n<meta property=\"og:url\" content=\"https:\/\/tajkertesz.com\/en_US\/product\/swissinno-elektromos-szunyog-es-legy-rovarirto\/\" \/>\n<meta property=\"og:site_name\" content=\"T\u00e1jkert\u00e9sz\" \/>\n<meta property=\"article:publisher\" content=\"https:\/\/www.facebook.com\/Tajkertesz\/\" \/>\n<meta property=\"article:modified_time\" content=\"2023-02-23T08:28:04+00:00\" \/>\n<meta property=\"og:image\" content=\"https:\/\/tajkertesz.com\/wp-content\/uploads\/2021\/06\/IMG_20210622_130751-scaled.jpg\" \/>\n\t<meta property=\"og:image:width\" content=\"1210\" \/>\n\t<meta property=\"og:image:height\" content=\"2560\" \/>\n\t<meta property=\"og:image:type\" content=\"image\/jpeg\" \/>\n<meta name=\"twitter:card\" content=\"summary_large_image\" \/>\n<meta name=\"twitter:label1\" content=\"Est. reading time\" \/>\n\t<meta name=\"twitter:data1\" content=\"4 minutes\" \/>\n<script type=\"application\/ld+json\" class=\"yoast-schema-graph\">{\"@context\":\"https:\\\/\\\/schema.org\",\"@graph\":[{\"@type\":\"WebPage\",\"@id\":\"https:\\\/\\\/tajkertesz.com\\\/termek\\\/swissinno-elektromos-szunyog-es-legy-rovarirto\\\/\",\"url\":\"https:\\\/\\\/tajkertesz.com\\\/termek\\\/swissinno-elektromos-szunyog-es-legy-rovarirto\\\/\",\"name\":\"SWISSINNO ELEKTROMOS SZ\u00daNYOG \u00c9S L\u00c9GY ROVAR\u00cdRT\u00d3 - T\u00e1jkert\u00e9sz\",\"isPartOf\":{\"@id\":\"https:\\\/\\\/tajkertesz.com\\\/#website\"},\"primaryImageOfPage\":{\"@id\":\"https:\\\/\\\/tajkertesz.com\\\/termek\\\/swissinno-elektromos-szunyog-es-legy-rovarirto\\\/#primaryimage\"},\"image\":{\"@id\":\"https:\\\/\\\/tajkertesz.com\\\/termek\\\/swissinno-elektromos-szunyog-es-legy-rovarirto\\\/#primaryimage\"},\"thumbnailUrl\":\"https:\\\/\\\/tajkertesz.com\\\/wp-content\\\/uploads\\\/2021\\\/06\\\/IMG_20210622_130751-scaled.jpg\",\"datePublished\":\"2021-06-25T06:06:23+00:00\",\"dateModified\":\"2023-02-23T08:28:04+00:00\",\"description\":\"SWISSINNO ELEKTROMOS SZ\u00daNYOG \u00c9S L\u00c9GY ROVAR\u00cdRT\u00d3, Ez a term\u00e9k a gy\u00e1rt\u00f3 egyik cs\u00facsterm\u00e9ke, amelyet az apr\u00f3l\u00e9kosan kialak\u00edtott\",\"breadcrumb\":{\"@id\":\"https:\\\/\\\/tajkertesz.com\\\/termek\\\/swissinno-elektromos-szunyog-es-legy-rovarirto\\\/#breadcrumb\"},\"inLanguage\":\"en-US\",\"potentialAction\":[{\"@type\":\"ReadAction\",\"target\":[\"https:\\\/\\\/tajkertesz.com\\\/termek\\\/swissinno-elektromos-szunyog-es-legy-rovarirto\\\/\"]}]},{\"@type\":\"ImageObject\",\"inLanguage\":\"en-US\",\"@id\":\"https:\\\/\\\/tajkertesz.com\\\/termek\\\/swissinno-elektromos-szunyog-es-legy-rovarirto\\\/#primaryimage\",\"url\":\"https:\\\/\\\/tajkertesz.com\\\/wp-content\\\/uploads\\\/2021\\\/06\\\/IMG_20210622_130751-scaled.jpg\",\"contentUrl\":\"https:\\\/\\\/tajkertesz.com\\\/wp-content\\\/uploads\\\/2021\\\/06\\\/IMG_20210622_130751-scaled.jpg\",\"width\":1210,\"height\":2560,\"caption\":\"hdr\"},{\"@type\":\"BreadcrumbList\",\"@id\":\"https:\\\/\\\/tajkertesz.com\\\/termek\\\/swissinno-elektromos-szunyog-es-legy-rovarirto\\\/#breadcrumb\",\"itemListElement\":[{\"@type\":\"ListItem\",\"position\":1,\"name\":\"Home\",\"item\":\"https:\\\/\\\/tajkertesz.com\\\/\"},{\"@type\":\"ListItem\",\"position\":2,\"name\":\"Kezd\u0151lap\",\"item\":\"https:\\\/\\\/tajkertesz.com\\\/\"},{\"@type\":\"ListItem\",\"position\":3,\"name\":\"SWISSINNO ELEKTROMOS SZ\u00daNYOG \u00c9S L\u00c9GY ROVAR\u00cdRT\u00d3\"}]},{\"@type\":\"WebSite\",\"@id\":\"https:\\\/\\\/tajkertesz.com\\\/#website\",\"url\":\"https:\\\/\\\/tajkertesz.com\\\/\",\"name\":\"T\u00e1j-Kert\u00e9sz 84 Kft.\",\"description\":\"Kert\u00e9szeti kis- \u00e9s nagykeresked\u00e9s, D\u00edszn\u00f6v\u00e9ny web\u00e1ruh\u00e1z orsz\u00e1gos h\u00e1zhozsz\u00e1ll\u00edt\u00e1ssal!\",\"publisher\":{\"@id\":\"https:\\\/\\\/tajkertesz.com\\\/#organization\"},\"potentialAction\":[{\"@type\":\"SearchAction\",\"target\":{\"@type\":\"EntryPoint\",\"urlTemplate\":\"https:\\\/\\\/tajkertesz.com\\\/?s={search_term_string}\"},\"query-input\":{\"@type\":\"PropertyValueSpecification\",\"valueRequired\":true,\"valueName\":\"search_term_string\"}}],\"inLanguage\":\"en-US\"},{\"@type\":\"Organization\",\"@id\":\"https:\\\/\\\/tajkertesz.com\\\/#organization\",\"name\":\"T\u00e1j-Kert\u00e9sz 84 Kft.\",\"url\":\"https:\\\/\\\/tajkertesz.com\\\/\",\"logo\":{\"@type\":\"ImageObject\",\"inLanguage\":\"en-US\",\"@id\":\"https:\\\/\\\/tajkertesz.com\\\/#\\\/schema\\\/logo\\\/image\\\/\",\"url\":\"https:\\\/\\\/tajkertesz.com\\\/wp-content\\\/uploads\\\/2018\\\/02\\\/logo-2-e1518678052539.png\",\"contentUrl\":\"https:\\\/\\\/tajkertesz.com\\\/wp-content\\\/uploads\\\/2018\\\/02\\\/logo-2-e1518678052539.png\",\"width\":81,\"height\":140,\"caption\":\"T\u00e1j-Kert\u00e9sz 84 Kft.\"},\"image\":{\"@id\":\"https:\\\/\\\/tajkertesz.com\\\/#\\\/schema\\\/logo\\\/image\\\/\"},\"sameAs\":[\"https:\\\/\\\/www.facebook.com\\\/Tajkertesz\\\/\"]}]}<\/script>\n<!-- \/ Yoast SEO plugin. -->","yoast_head_json":{"title":"SWISSINNO ELEKTROMOS SZ\u00daNYOG \u00c9S L\u00c9GY ROVAR\u00cdRT\u00d3 - T\u00e1jkert\u00e9sz","description":"SWISSINNO ELEKTROMOS SZ\u00daNYOG \u00c9S L\u00c9GY ROVAR\u00cdRT\u00d3, Ez a term\u00e9k a gy\u00e1rt\u00f3 egyik cs\u00facsterm\u00e9ke, amelyet az apr\u00f3l\u00e9kosan kialak\u00edtott","robots":{"index":"index","follow":"follow","max-snippet":"max-snippet:-1","max-image-preview":"max-image-preview:large","max-video-preview":"max-video-preview:-1"},"canonical":"https:\/\/tajkertesz.com\/en_US\/product\/swissinno-elektromos-szunyog-es-legy-rovarirto\/","og_locale":"en_US","og_type":"article","og_title":"SWISSINNO ELEKTROMOS SZ\u00daNYOG \u00c9S L\u00c9GY ROVAR\u00cdRT\u00d3 - T\u00e1jkert\u00e9sz","og_description":"SWISSINNO ELEKTROMOS SZ\u00daNYOG \u00c9S L\u00c9GY ROVAR\u00cdRT\u00d3, Ez a term\u00e9k a gy\u00e1rt\u00f3 egyik cs\u00facsterm\u00e9ke, amelyet az apr\u00f3l\u00e9kosan kialak\u00edtott","og_url":"https:\/\/tajkertesz.com\/en_US\/product\/swissinno-elektromos-szunyog-es-legy-rovarirto\/","og_site_name":"T\u00e1jkert\u00e9sz","article_publisher":"https:\/\/www.facebook.com\/Tajkertesz\/","article_modified_time":"2023-02-23T08:28:04+00:00","og_image":[{"width":1210,"height":2560,"url":"https:\/\/tajkertesz.com\/wp-content\/uploads\/2021\/06\/IMG_20210622_130751-scaled.jpg","type":"image\/jpeg"}],"twitter_card":"summary_large_image","twitter_misc":{"Est. reading time":"4 minutes"},"schema":{"@context":"https:\/\/schema.org","@graph":[{"@type":"WebPage","@id":"https:\/\/tajkertesz.com\/termek\/swissinno-elektromos-szunyog-es-legy-rovarirto\/","url":"https:\/\/tajkertesz.com\/termek\/swissinno-elektromos-szunyog-es-legy-rovarirto\/","name":"SWISSINNO ELEKTROMOS SZ\u00daNYOG \u00c9S L\u00c9GY ROVAR\u00cdRT\u00d3 - T\u00e1jkert\u00e9sz","isPartOf":{"@id":"https:\/\/tajkertesz.com\/#website"},"primaryImageOfPage":{"@id":"https:\/\/tajkertesz.com\/termek\/swissinno-elektromos-szunyog-es-legy-rovarirto\/#primaryimage"},"image":{"@id":"https:\/\/tajkertesz.com\/termek\/swissinno-elektromos-szunyog-es-legy-rovarirto\/#primaryimage"},"thumbnailUrl":"https:\/\/tajkertesz.com\/wp-content\/uploads\/2021\/06\/IMG_20210622_130751-scaled.jpg","datePublished":"2021-06-25T06:06:23+00:00","dateModified":"2023-02-23T08:28:04+00:00","description":"SWISSINNO ELEKTROMOS SZ\u00daNYOG \u00c9S L\u00c9GY ROVAR\u00cdRT\u00d3, Ez a term\u00e9k a gy\u00e1rt\u00f3 egyik cs\u00facsterm\u00e9ke, amelyet az apr\u00f3l\u00e9kosan kialak\u00edtott","breadcrumb":{"@id":"https:\/\/tajkertesz.com\/termek\/swissinno-elektromos-szunyog-es-legy-rovarirto\/#breadcrumb"},"inLanguage":"en-US","potentialAction":[{"@type":"ReadAction","target":["https:\/\/tajkertesz.com\/termek\/swissinno-elektromos-szunyog-es-legy-rovarirto\/"]}]},{"@type":"ImageObject","inLanguage":"en-US","@id":"https:\/\/tajkertesz.com\/termek\/swissinno-elektromos-szunyog-es-legy-rovarirto\/#primaryimage","url":"https:\/\/tajkertesz.com\/wp-content\/uploads\/2021\/06\/IMG_20210622_130751-scaled.jpg","contentUrl":"https:\/\/tajkertesz.com\/wp-content\/uploads\/2021\/06\/IMG_20210622_130751-scaled.jpg","width":1210,"height":2560,"caption":"hdr"},{"@type":"BreadcrumbList","@id":"https:\/\/tajkertesz.com\/termek\/swissinno-elektromos-szunyog-es-legy-rovarirto\/#breadcrumb","itemListElement":[{"@type":"ListItem","position":1,"name":"Home","item":"https:\/\/tajkertesz.com\/"},{"@type":"ListItem","position":2,"name":"Kezd\u0151lap","item":"https:\/\/tajkertesz.com\/"},{"@type":"ListItem","position":3,"name":"SWISSINNO ELEKTROMOS SZ\u00daNYOG \u00c9S L\u00c9GY ROVAR\u00cdRT\u00d3"}]},{"@type":"WebSite","@id":"https:\/\/tajkertesz.com\/#website","url":"https:\/\/tajkertesz.com\/","name":"T\u00e1j-Kert\u00e9sz 84 Kft.","description":"Kert\u00e9szeti kis- \u00e9s nagykeresked\u00e9s, D\u00edszn\u00f6v\u00e9ny web\u00e1ruh\u00e1z orsz\u00e1gos h\u00e1zhozsz\u00e1ll\u00edt\u00e1ssal!","publisher":{"@id":"https:\/\/tajkertesz.com\/#organization"},"potentialAction":[{"@type":"SearchAction","target":{"@type":"EntryPoint","urlTemplate":"https:\/\/tajkertesz.com\/?s={search_term_string}"},"query-input":{"@type":"PropertyValueSpecification","valueRequired":true,"valueName":"search_term_string"}}],"inLanguage":"en-US"},{"@type":"Organization","@id":"https:\/\/tajkertesz.com\/#organization","name":"T\u00e1j-Kert\u00e9sz 84 Kft.","url":"https:\/\/tajkertesz.com\/","logo":{"@type":"ImageObject","inLanguage":"en-US","@id":"https:\/\/tajkertesz.com\/#\/schema\/logo\/image\/","url":"https:\/\/tajkertesz.com\/wp-content\/uploads\/2018\/02\/logo-2-e1518678052539.png","contentUrl":"https:\/\/tajkertesz.com\/wp-content\/uploads\/2018\/02\/logo-2-e1518678052539.png","width":81,"height":140,"caption":"T\u00e1j-Kert\u00e9sz 84 Kft."},"image":{"@id":"https:\/\/tajkertesz.com\/#\/schema\/logo\/image\/"},"sameAs":["https:\/\/www.facebook.com\/Tajkertesz\/"]}]}},"_links":{"self":[{"href":"https:\/\/tajkertesz.com\/en_US\/wp-json\/wp\/v2\/product\/7201","targetHints":{"allow":["GET"]}}],"collection":[{"href":"https:\/\/tajkertesz.com\/en_US\/wp-json\/wp\/v2\/product"}],"about":[{"href":"https:\/\/tajkertesz.com\/en_US\/wp-json\/wp\/v2\/types\/product"}],"wp:featuredmedia":[{"embeddable":true,"href":"https:\/\/tajkertesz.com\/en_US\/wp-json\/wp\/v2\/media\/7202"}],"wp:attachment":[{"href":"https:\/\/tajkertesz.com\/en_US\/wp-json\/wp\/v2\/media?parent=7201"}],"wp:term":[{"taxonomy":"product_brand","embeddable":true,"href":"https:\/\/tajkertesz.com\/en_US\/wp-json\/wp\/v2\/product_brand?post=7201"},{"taxonomy":"product_cat","embeddable":true,"href":"https:\/\/tajkertesz.com\/en_US\/wp-json\/wp\/v2\/product_cat?post=7201"},{"taxonomy":"product_tag","embeddable":true,"href":"https:\/\/tajkertesz.com\/en_US\/wp-json\/wp\/v2\/product_tag?post=7201"}],"curies":[{"name":"wp","href":"https:\/\/api.w.org\/{rel}","templated":true}]}}