{"id":721,"date":"2020-02-12T15:32:44","date_gmt":"2020-02-12T15:32:44","guid":{"rendered":"https:\/\/tajkertesz.com\/?post_type=product&#038;p=721"},"modified":"2022-09-22T11:43:09","modified_gmt":"2022-09-22T11:43:09","slug":"acer-norwegian-sunset-skarlatvoros-oszi-juhar-k10-8-10","status":"publish","type":"product","link":"https:\/\/tajkertesz.com\/en_US\/product\/acer-norwegian-sunset-skarlatvoros-oszi-juhar-k10-8-10\/","title":{"rendered":"Acer &#8216;Norwegian &#8216;Sunset&#8217; Skarl\u00e1tv\u00f6r\u00f6s \u0150szi Juhar K10. 8\/10"},"content":{"rendered":"<p><strong>Acer &#8216;Norwegian &#8216;Sunset&#8217; , Skarl\u00e1t v\u00f6r\u00f6s \u0150szi Juhar<\/strong><\/p>\n<p><strong>Az Acer &#8216;Norwegian &#8216;Sunset&#8217; , Skarl\u00e1t v\u00f6r\u00f6s \u0150szi Juhar kiv\u00e1l\u00f3an alkalmas utcai sorf\u00e1nak, parkokban. Kertekben szoliterk\u00e9nt is sz\u00e9pen mutat\u00f3 fa.<\/strong><\/p>\n<p><b>N\u00f6veked\u00e9s, alak:<\/b>\u00a010 m magasra, 6 m sz\u00e9lesre k\u00f6zepesen gyorsan n\u00f6v\u0151, ov\u00e1lis alak\u00fa fa.<br \/>\n<b>Lev\u00e9l:<\/b>\u00a0F\u00e9nyesen s\u00f6t\u00e9tz\u00f6ld, ujjas levelei \u0151sszel s\u00e1rga, narancs, skarl\u00e1tv\u00f6r\u00f6s sz\u00edn\u0171re v\u00e1ltoznak.<br \/>\n<b>Vir\u00e1g:<\/b>\u00a0S\u00e1rga, m\u00e1jusban vir\u00e1gzik<br \/>\n<b>Term\u0151hely, ig\u00e9ny:<\/b>\u00a0F\u00e9nyig\u00e9nyes, a sz\u00e1razabb peri\u00f3dusokat \u00e9s a v\u00e1rosi k\u00f6rnyezetet viszonylag j\u00f3l t\u0171ri, talajban nem v\u00e1logat\u00f3s.<br \/>\n<b>Felhaszn\u00e1l\u00e1s:<\/b>\u00a0Kiv\u00e1l\u00f3an alkalmas utcai sorf\u00e1nak, parkokban, kertekben szoliterk\u00e9nt is sz\u00e9pen mutat\u00f3 fa.<br \/>\n<b>Sz\u00e1rmaz\u00e1s:<\/b>\u00a0\u00c9szak-Eur\u00f3pa, Norv\u00e9gia<\/p>\n<p>Tov\u00e1bbi el\u00e9rhet\u0151 m\u00e9retek:K35. 10\/12<\/p>\n<p><b>K\u00e9szlet\u00fcnk napi szinten v\u00e1ltozik, ez\u00e9rt k\u00e9rj\u00fck, \u00e9rdekl\u0151dj\u00f6n szem\u00e9lyesen, telefonon vagy email-en.<br \/>\nA v\u00e1ltoztat\u00e1s jog\u00e1t fenntartjuk!<\/b><\/p>\n<p><a href=\"https:\/\/tajkertesz.com\/\">https:\/\/tajkertesz.com\/<\/a><\/p>\n<p><a href=\"https:\/\/pt.wikipedia.org\/wiki\/Acer_%27Norwegian_Sunset%27\">https:\/\/pt.wikipedia.org\/wiki\/Acer_%27Norwegian_Sunset%27<\/a><\/p>\n<p>&nbsp;<\/p>\n<p><span style=\"color: #ffffff;\">Ig\u00e9ny: Napos, f\u00e9l\u00e1rny\u00e9kos helyet \u00e9s\u00a0<a style=\"color: #ffffff;\" href=\"https:\/\/borhykert.hu\/kertepiteskerteszet~VIRAGFOLDEKbr_tap__tragya__tozeg_12~Florasca-BIO-B-viragfold-semleges-kemhatasu-_5-5-6-5-pH_-20l_4967#ptop\">semleges, j\u00f3 v\u00edzelvezet\u00e9s\u0171 talajt kedvel.<\/a>\u00a0\u00a0<a style=\"color: #ffffff;\" href=\"https:\/\/borhykert.hu\/kertepiteskerteszet~ONTOZESTECHNIKAI_ALKATRESZEK_29~LocsolO-TisztitO-Classic-18300-20-GARDENA-_3176#ptop\">Telep\u00edt\u00e9st k\u00f6vet\u0151 \u00e9vekben \u00e9s meleg nyarakon\u00a0\u00f6nt\u00f6z\u00e9s\u00e9r\u0151l gondoskodjunk.<\/a>\u00a0Haz\u00e1nk kl\u00edm\u00e1j\u00e1t j\u00f3l b\u00edrja, teljesen t\u00e9l\u00e1ll\u00f3. Sz\u00e1razs\u00e1got \u00e9s l\u00e9gszennyez\u00e9st j\u00f3l viseli.<\/span><\/p>\n<p><span style=\"color: #ffffff;\">Felhaszn\u00e1l\u00e1s: Nagyobb\u00a0kertek d\u00edszf\u00e1ja. Utcai sorf\u00e1nak is kiv\u00e1l\u00f3.<\/span><\/p>\n<p><span style=\"color: #ffffff;\">\u00dcltet\u00e9si id\u0151: A cserepes kiszerel\u00e9s\u0171 d\u00edszf\u00e1k eg\u00e9sz \u00e9vben telep\u00edthet\u0151ek\u00a0megfelel\u0151 \u00f6nt\u00f6z\u00e9s mellett. (Kiv\u00e9ve a t\u00e9li id\u0151szakban, tart\u00f3s nappali \u00e9s \u00e9jszakai fagyok eset\u00e9n.) F\u00f6ldlabd\u00e1s kiszerel\u00e9s\u0171 d\u00edszf\u00e1k\u00a0tavasszal \u00e9s \u0151sszel telep\u00edthet\u0151ek. A\u00a0szakmailag helyes id\u0151szakban kitermelt f\u00f6ldlabd\u00e1s n\u00f6v\u00e9nyek, intenz\u00edv \u00f6nt\u00f6z\u00e9s mellett, eg\u00e9sz \u00e9vben telep\u00edthet\u0151ek. (Kiv\u00e9ve\u00a0ny\u00e1ri h\u0151s\u00e9gben \u00e9s\u00a0t\u00e9li id\u0151szakban, tart\u00f3s nappali \u00e9s \u00e9jszakai fagyok eset\u00e9n.<\/span><\/p>\n<p>&nbsp;<\/p>\n<p><span style=\"color: #ffffff;\"><b>N\u00f6veked\u00e9s, alak:<\/b>\u00a010 m magasra, 6 m sz\u00e9lesre k\u00f6zepesen gyorsan n\u00f6v\u0151, ov\u00e1lis alak\u00fa fa.<\/span><br \/>\n<span style=\"color: #ffffff;\"><b>Lev\u00e9l:<\/b>\u00a0F\u00e9nyesen s\u00f6t\u00e9tz\u00f6ld, ujjas levelei \u0151sszel s\u00e1rga, narancs, skarl\u00e1tv\u00f6r\u00f6s sz\u00edn\u0171re v\u00e1ltoznak.<\/span><br \/>\n<span style=\"color: #ffffff;\"><b>Vir\u00e1g:<\/b>\u00a0S\u00e1rga, m\u00e1jusban vir\u00e1gzik<\/span><br \/>\n<span style=\"color: #ffffff;\"><b>Term\u0151hely, ig\u00e9ny:<\/b>\u00a0F\u00e9nyig\u00e9nyes, a sz\u00e1razabb peri\u00f3dusokat \u00e9s a v\u00e1rosi k\u00f6rnyezetet viszonylag j\u00f3l t\u0171ri, talajban nem v\u00e1logat\u00f3s.<\/span><br \/>\n<span style=\"color: #ffffff;\"><b>Felhaszn\u00e1l\u00e1s:<\/b>\u00a0Kiv\u00e1l\u00f3an alkalmas utcai sorf\u00e1nak, parkokban, kertekben szoliterk\u00e9nt is sz\u00e9pen mutat\u00f3 fa.<\/span><br \/>\n<span style=\"color: #ffffff;\"><b>Sz\u00e1rmaz\u00e1s:<\/b>\u00a0\u00c9szak-Eur\u00f3pa, Norv\u00e9gia<\/span><br \/>\n<span style=\"color: #ffffff;\"><b>Kl\u00edmabesorol\u00e1s:<\/b>\u00a05<\/span><\/p>\n<p>&nbsp;<\/p>\n<p>&nbsp;<\/p>","protected":false},"excerpt":{"rendered":"<p><strong>Acer norwegian &#8216;Sunset&#8217;\u00a0 Skarl\u00e1tv\u00f6r\u00f6s \u0150szi Juhar<\/strong><\/p>\n<p><b>N\u00f6veked\u00e9s, alak:<\/b>\u00a010 m magasra, 6 m sz\u00e9lesre k\u00f6zepesen gyorsan n\u00f6v\u0151, ov\u00e1lis alak\u00fa fa.<br \/>\n<b>Lev\u00e9l:<\/b>\u00a0F\u00e9nyesen s\u00f6t\u00e9tz\u00f6ld, ujjas levelei \u0151sszel s\u00e1rga, narancs, skarl\u00e1tv\u00f6r\u00f6s sz\u00edn\u0171re v\u00e1ltoznak.<br \/>\n<b>Vir\u00e1g:<\/b>\u00a0S\u00e1rga, m\u00e1jusban vir\u00e1gzik<br \/>\n<b>Term\u0151hely, ig\u00e9ny:<\/b>\u00a0F\u00e9nyig\u00e9nyes, a sz\u00e1razabb peri\u00f3dusokat \u00e9s a v\u00e1rosi k\u00f6rnyezetet viszonylag j\u00f3l t\u0171ri, talajban nem v\u00e1logat\u00f3s.<br \/>\n<b>Felhaszn\u00e1l\u00e1s:<\/b>\u00a0Kiv\u00e1l\u00f3an alkalmas utcai sorf\u00e1nak, parkokban, kertekben szoliterk\u00e9nt is sz\u00e9pen mutat\u00f3 fa.<br \/>\n<b>Sz\u00e1rmaz\u00e1s:<\/b>\u00a0\u00c9szak-Eur\u00f3pa, Norv\u00e9gia<\/p>\n<p>Tov\u00e1bbi el\u00e9rhet\u0151 m\u00e9retek:K35. 10\/12<\/p>\n<p><b>K\u00e9szlet\u00fcnk napi szinten v\u00e1ltozik, ez\u00e9rt k\u00e9rj\u00fck, \u00e9rdekl\u0151dj\u00f6n szem\u00e9lyesen, telefonon vagy email-en.<br \/>\nA v\u00e1ltoztat\u00e1s jog\u00e1t fenntartjuk!<\/b><\/p>","protected":false},"featured_media":722,"template":"","meta":{"_et_pb_use_builder":"","_et_pb_old_content":"","_et_gb_content_width":""},"product_brand":[],"product_cat":[28],"product_tag":[214,217,216,215],"class_list":{"0":"post-721","1":"product","2":"type-product","3":"status-publish","4":"has-post-thumbnail","6":"product_cat-diszfak","7":"product_tag-acer-norwegian-sunset","8":"product_tag-oszi-juhar","9":"product_tag-skarlatvoros","10":"product_tag-skarlatvoros-oszi-juhar","12":"first","13":"outofstock","14":"shipping-taxable","15":"product-type-simple"},"yoast_head":"<!-- This site is optimized with the Yoast SEO plugin v27.3 - https:\/\/yoast.com\/product\/yoast-seo-wordpress\/ -->\n<title>Acer &#039;Norwegian &#039;Sunset&#039; Skarl\u00e1tv\u00f6r\u00f6s \u0150szi Juhar K10. 8\/10 - T\u00e1jkert\u00e9sz<\/title>\n<meta name=\"description\" content=\"Az Acer &#039;Norwegian &#039;Sunset&#039; , Skarl\u00e1t v\u00f6r\u00f6s \u0150szi Juhar kiv\u00e1l\u00f3an alkalmas utcai sorf\u00e1nak, parkokban. Kertekben szoliterk\u00e9nt is sz\u00e9pen mutat\u00f3 fa.\" \/>\n<meta name=\"robots\" content=\"index, follow, max-snippet:-1, max-image-preview:large, max-video-preview:-1\" \/>\n<link rel=\"canonical\" href=\"https:\/\/tajkertesz.com\/en_US\/product\/acer-norwegian-sunset-skarlatvoros-oszi-juhar-k10-8-10\/\" \/>\n<meta property=\"og:locale\" content=\"en_US\" \/>\n<meta property=\"og:type\" content=\"article\" \/>\n<meta property=\"og:title\" content=\"Acer &#039;Norwegian &#039;Sunset&#039; Skarl\u00e1tv\u00f6r\u00f6s \u0150szi Juhar K10. 8\/10 - T\u00e1jkert\u00e9sz\" \/>\n<meta property=\"og:description\" content=\"Az Acer &#039;Norwegian &#039;Sunset&#039; , Skarl\u00e1t v\u00f6r\u00f6s \u0150szi Juhar kiv\u00e1l\u00f3an alkalmas utcai sorf\u00e1nak, parkokban. Kertekben szoliterk\u00e9nt is sz\u00e9pen mutat\u00f3 fa.\" \/>\n<meta property=\"og:url\" content=\"https:\/\/tajkertesz.com\/en_US\/product\/acer-norwegian-sunset-skarlatvoros-oszi-juhar-k10-8-10\/\" \/>\n<meta property=\"og:site_name\" content=\"T\u00e1jkert\u00e9sz\" \/>\n<meta property=\"article:publisher\" content=\"https:\/\/www.facebook.com\/Tajkertesz\/\" \/>\n<meta property=\"article:modified_time\" content=\"2022-09-22T11:43:09+00:00\" \/>\n<meta property=\"og:image\" content=\"https:\/\/tajkertesz.com\/wp-content\/uploads\/2020\/02\/Acer-Norwegian-Sunset.jpg\" \/>\n\t<meta property=\"og:image:width\" content=\"499\" \/>\n\t<meta property=\"og:image:height\" content=\"750\" \/>\n\t<meta property=\"og:image:type\" content=\"image\/jpeg\" \/>\n<meta name=\"twitter:card\" content=\"summary_large_image\" \/>\n<meta name=\"twitter:label1\" content=\"Est. reading time\" \/>\n\t<meta name=\"twitter:data1\" content=\"2 minutes\" \/>\n<script type=\"application\/ld+json\" class=\"yoast-schema-graph\">{\"@context\":\"https:\\\/\\\/schema.org\",\"@graph\":[{\"@type\":\"WebPage\",\"@id\":\"https:\\\/\\\/tajkertesz.com\\\/termek\\\/acer-norwegian-sunset-skarlatvoros-oszi-juhar-k10-8-10\\\/\",\"url\":\"https:\\\/\\\/tajkertesz.com\\\/termek\\\/acer-norwegian-sunset-skarlatvoros-oszi-juhar-k10-8-10\\\/\",\"name\":\"Acer 'Norwegian 'Sunset' Skarl\u00e1tv\u00f6r\u00f6s \u0150szi Juhar K10. 8\\\/10 - T\u00e1jkert\u00e9sz\",\"isPartOf\":{\"@id\":\"https:\\\/\\\/tajkertesz.com\\\/#website\"},\"primaryImageOfPage\":{\"@id\":\"https:\\\/\\\/tajkertesz.com\\\/termek\\\/acer-norwegian-sunset-skarlatvoros-oszi-juhar-k10-8-10\\\/#primaryimage\"},\"image\":{\"@id\":\"https:\\\/\\\/tajkertesz.com\\\/termek\\\/acer-norwegian-sunset-skarlatvoros-oszi-juhar-k10-8-10\\\/#primaryimage\"},\"thumbnailUrl\":\"https:\\\/\\\/tajkertesz.com\\\/wp-content\\\/uploads\\\/2020\\\/02\\\/Acer-Norwegian-Sunset.jpg\",\"datePublished\":\"2020-02-12T15:32:44+00:00\",\"dateModified\":\"2022-09-22T11:43:09+00:00\",\"description\":\"Az Acer 'Norwegian 'Sunset' , Skarl\u00e1t v\u00f6r\u00f6s \u0150szi Juhar kiv\u00e1l\u00f3an alkalmas utcai sorf\u00e1nak, parkokban. Kertekben szoliterk\u00e9nt is sz\u00e9pen mutat\u00f3 fa.\",\"breadcrumb\":{\"@id\":\"https:\\\/\\\/tajkertesz.com\\\/termek\\\/acer-norwegian-sunset-skarlatvoros-oszi-juhar-k10-8-10\\\/#breadcrumb\"},\"inLanguage\":\"en-US\",\"potentialAction\":[{\"@type\":\"ReadAction\",\"target\":[\"https:\\\/\\\/tajkertesz.com\\\/termek\\\/acer-norwegian-sunset-skarlatvoros-oszi-juhar-k10-8-10\\\/\"]}]},{\"@type\":\"ImageObject\",\"inLanguage\":\"en-US\",\"@id\":\"https:\\\/\\\/tajkertesz.com\\\/termek\\\/acer-norwegian-sunset-skarlatvoros-oszi-juhar-k10-8-10\\\/#primaryimage\",\"url\":\"https:\\\/\\\/tajkertesz.com\\\/wp-content\\\/uploads\\\/2020\\\/02\\\/Acer-Norwegian-Sunset.jpg\",\"contentUrl\":\"https:\\\/\\\/tajkertesz.com\\\/wp-content\\\/uploads\\\/2020\\\/02\\\/Acer-Norwegian-Sunset.jpg\",\"width\":499,\"height\":750,\"caption\":\"Acer 'Norwegian 'Sunset' Skarl\u00e1tv\u00f6r\u00f6s \u0150szi Juhar Fl.10\\\/12.\"},{\"@type\":\"BreadcrumbList\",\"@id\":\"https:\\\/\\\/tajkertesz.com\\\/termek\\\/acer-norwegian-sunset-skarlatvoros-oszi-juhar-k10-8-10\\\/#breadcrumb\",\"itemListElement\":[{\"@type\":\"ListItem\",\"position\":1,\"name\":\"Home\",\"item\":\"https:\\\/\\\/tajkertesz.com\\\/\"},{\"@type\":\"ListItem\",\"position\":2,\"name\":\"Kezd\u0151lap\",\"item\":\"https:\\\/\\\/tajkertesz.com\\\/\"},{\"@type\":\"ListItem\",\"position\":3,\"name\":\"Acer &#8216;Norwegian &#8216;Sunset&#8217; Skarl\u00e1tv\u00f6r\u00f6s \u0150szi Juhar K10. 8\\\/10\"}]},{\"@type\":\"WebSite\",\"@id\":\"https:\\\/\\\/tajkertesz.com\\\/#website\",\"url\":\"https:\\\/\\\/tajkertesz.com\\\/\",\"name\":\"T\u00e1j-Kert\u00e9sz 84 Kft.\",\"description\":\"Kert\u00e9szeti kis- \u00e9s nagykeresked\u00e9s, D\u00edszn\u00f6v\u00e9ny web\u00e1ruh\u00e1z orsz\u00e1gos h\u00e1zhozsz\u00e1ll\u00edt\u00e1ssal!\",\"publisher\":{\"@id\":\"https:\\\/\\\/tajkertesz.com\\\/#organization\"},\"potentialAction\":[{\"@type\":\"SearchAction\",\"target\":{\"@type\":\"EntryPoint\",\"urlTemplate\":\"https:\\\/\\\/tajkertesz.com\\\/?s={search_term_string}\"},\"query-input\":{\"@type\":\"PropertyValueSpecification\",\"valueRequired\":true,\"valueName\":\"search_term_string\"}}],\"inLanguage\":\"en-US\"},{\"@type\":\"Organization\",\"@id\":\"https:\\\/\\\/tajkertesz.com\\\/#organization\",\"name\":\"T\u00e1j-Kert\u00e9sz 84 Kft.\",\"url\":\"https:\\\/\\\/tajkertesz.com\\\/\",\"logo\":{\"@type\":\"ImageObject\",\"inLanguage\":\"en-US\",\"@id\":\"https:\\\/\\\/tajkertesz.com\\\/#\\\/schema\\\/logo\\\/image\\\/\",\"url\":\"https:\\\/\\\/tajkertesz.com\\\/wp-content\\\/uploads\\\/2018\\\/02\\\/logo-2-e1518678052539.png\",\"contentUrl\":\"https:\\\/\\\/tajkertesz.com\\\/wp-content\\\/uploads\\\/2018\\\/02\\\/logo-2-e1518678052539.png\",\"width\":81,\"height\":140,\"caption\":\"T\u00e1j-Kert\u00e9sz 84 Kft.\"},\"image\":{\"@id\":\"https:\\\/\\\/tajkertesz.com\\\/#\\\/schema\\\/logo\\\/image\\\/\"},\"sameAs\":[\"https:\\\/\\\/www.facebook.com\\\/Tajkertesz\\\/\"]}]}<\/script>\n<!-- \/ Yoast SEO plugin. -->","yoast_head_json":{"title":"Acer 'Norwegian 'Sunset' Skarl\u00e1tv\u00f6r\u00f6s \u0150szi Juhar K10. 8\/10 - T\u00e1jkert\u00e9sz","description":"Az Acer 'Norwegian 'Sunset' , Skarl\u00e1t v\u00f6r\u00f6s \u0150szi Juhar kiv\u00e1l\u00f3an alkalmas utcai sorf\u00e1nak, parkokban. Kertekben szoliterk\u00e9nt is sz\u00e9pen mutat\u00f3 fa.","robots":{"index":"index","follow":"follow","max-snippet":"max-snippet:-1","max-image-preview":"max-image-preview:large","max-video-preview":"max-video-preview:-1"},"canonical":"https:\/\/tajkertesz.com\/en_US\/product\/acer-norwegian-sunset-skarlatvoros-oszi-juhar-k10-8-10\/","og_locale":"en_US","og_type":"article","og_title":"Acer 'Norwegian 'Sunset' Skarl\u00e1tv\u00f6r\u00f6s \u0150szi Juhar K10. 8\/10 - T\u00e1jkert\u00e9sz","og_description":"Az Acer 'Norwegian 'Sunset' , Skarl\u00e1t v\u00f6r\u00f6s \u0150szi Juhar kiv\u00e1l\u00f3an alkalmas utcai sorf\u00e1nak, parkokban. Kertekben szoliterk\u00e9nt is sz\u00e9pen mutat\u00f3 fa.","og_url":"https:\/\/tajkertesz.com\/en_US\/product\/acer-norwegian-sunset-skarlatvoros-oszi-juhar-k10-8-10\/","og_site_name":"T\u00e1jkert\u00e9sz","article_publisher":"https:\/\/www.facebook.com\/Tajkertesz\/","article_modified_time":"2022-09-22T11:43:09+00:00","og_image":[{"width":499,"height":750,"url":"https:\/\/tajkertesz.com\/wp-content\/uploads\/2020\/02\/Acer-Norwegian-Sunset.jpg","type":"image\/jpeg"}],"twitter_card":"summary_large_image","twitter_misc":{"Est. reading time":"2 minutes"},"schema":{"@context":"https:\/\/schema.org","@graph":[{"@type":"WebPage","@id":"https:\/\/tajkertesz.com\/termek\/acer-norwegian-sunset-skarlatvoros-oszi-juhar-k10-8-10\/","url":"https:\/\/tajkertesz.com\/termek\/acer-norwegian-sunset-skarlatvoros-oszi-juhar-k10-8-10\/","name":"Acer 'Norwegian 'Sunset' Skarl\u00e1tv\u00f6r\u00f6s \u0150szi Juhar K10. 8\/10 - T\u00e1jkert\u00e9sz","isPartOf":{"@id":"https:\/\/tajkertesz.com\/#website"},"primaryImageOfPage":{"@id":"https:\/\/tajkertesz.com\/termek\/acer-norwegian-sunset-skarlatvoros-oszi-juhar-k10-8-10\/#primaryimage"},"image":{"@id":"https:\/\/tajkertesz.com\/termek\/acer-norwegian-sunset-skarlatvoros-oszi-juhar-k10-8-10\/#primaryimage"},"thumbnailUrl":"https:\/\/tajkertesz.com\/wp-content\/uploads\/2020\/02\/Acer-Norwegian-Sunset.jpg","datePublished":"2020-02-12T15:32:44+00:00","dateModified":"2022-09-22T11:43:09+00:00","description":"Az Acer 'Norwegian 'Sunset' , Skarl\u00e1t v\u00f6r\u00f6s \u0150szi Juhar kiv\u00e1l\u00f3an alkalmas utcai sorf\u00e1nak, parkokban. Kertekben szoliterk\u00e9nt is sz\u00e9pen mutat\u00f3 fa.","breadcrumb":{"@id":"https:\/\/tajkertesz.com\/termek\/acer-norwegian-sunset-skarlatvoros-oszi-juhar-k10-8-10\/#breadcrumb"},"inLanguage":"en-US","potentialAction":[{"@type":"ReadAction","target":["https:\/\/tajkertesz.com\/termek\/acer-norwegian-sunset-skarlatvoros-oszi-juhar-k10-8-10\/"]}]},{"@type":"ImageObject","inLanguage":"en-US","@id":"https:\/\/tajkertesz.com\/termek\/acer-norwegian-sunset-skarlatvoros-oszi-juhar-k10-8-10\/#primaryimage","url":"https:\/\/tajkertesz.com\/wp-content\/uploads\/2020\/02\/Acer-Norwegian-Sunset.jpg","contentUrl":"https:\/\/tajkertesz.com\/wp-content\/uploads\/2020\/02\/Acer-Norwegian-Sunset.jpg","width":499,"height":750,"caption":"Acer 'Norwegian 'Sunset' Skarl\u00e1tv\u00f6r\u00f6s \u0150szi Juhar Fl.10\/12."},{"@type":"BreadcrumbList","@id":"https:\/\/tajkertesz.com\/termek\/acer-norwegian-sunset-skarlatvoros-oszi-juhar-k10-8-10\/#breadcrumb","itemListElement":[{"@type":"ListItem","position":1,"name":"Home","item":"https:\/\/tajkertesz.com\/"},{"@type":"ListItem","position":2,"name":"Kezd\u0151lap","item":"https:\/\/tajkertesz.com\/"},{"@type":"ListItem","position":3,"name":"Acer &#8216;Norwegian &#8216;Sunset&#8217; Skarl\u00e1tv\u00f6r\u00f6s \u0150szi Juhar K10. 8\/10"}]},{"@type":"WebSite","@id":"https:\/\/tajkertesz.com\/#website","url":"https:\/\/tajkertesz.com\/","name":"T\u00e1j-Kert\u00e9sz 84 Kft.","description":"Kert\u00e9szeti kis- \u00e9s nagykeresked\u00e9s, D\u00edszn\u00f6v\u00e9ny web\u00e1ruh\u00e1z orsz\u00e1gos h\u00e1zhozsz\u00e1ll\u00edt\u00e1ssal!","publisher":{"@id":"https:\/\/tajkertesz.com\/#organization"},"potentialAction":[{"@type":"SearchAction","target":{"@type":"EntryPoint","urlTemplate":"https:\/\/tajkertesz.com\/?s={search_term_string}"},"query-input":{"@type":"PropertyValueSpecification","valueRequired":true,"valueName":"search_term_string"}}],"inLanguage":"en-US"},{"@type":"Organization","@id":"https:\/\/tajkertesz.com\/#organization","name":"T\u00e1j-Kert\u00e9sz 84 Kft.","url":"https:\/\/tajkertesz.com\/","logo":{"@type":"ImageObject","inLanguage":"en-US","@id":"https:\/\/tajkertesz.com\/#\/schema\/logo\/image\/","url":"https:\/\/tajkertesz.com\/wp-content\/uploads\/2018\/02\/logo-2-e1518678052539.png","contentUrl":"https:\/\/tajkertesz.com\/wp-content\/uploads\/2018\/02\/logo-2-e1518678052539.png","width":81,"height":140,"caption":"T\u00e1j-Kert\u00e9sz 84 Kft."},"image":{"@id":"https:\/\/tajkertesz.com\/#\/schema\/logo\/image\/"},"sameAs":["https:\/\/www.facebook.com\/Tajkertesz\/"]}]}},"_links":{"self":[{"href":"https:\/\/tajkertesz.com\/en_US\/wp-json\/wp\/v2\/product\/721","targetHints":{"allow":["GET"]}}],"collection":[{"href":"https:\/\/tajkertesz.com\/en_US\/wp-json\/wp\/v2\/product"}],"about":[{"href":"https:\/\/tajkertesz.com\/en_US\/wp-json\/wp\/v2\/types\/product"}],"wp:featuredmedia":[{"embeddable":true,"href":"https:\/\/tajkertesz.com\/en_US\/wp-json\/wp\/v2\/media\/722"}],"wp:attachment":[{"href":"https:\/\/tajkertesz.com\/en_US\/wp-json\/wp\/v2\/media?parent=721"}],"wp:term":[{"taxonomy":"product_brand","embeddable":true,"href":"https:\/\/tajkertesz.com\/en_US\/wp-json\/wp\/v2\/product_brand?post=721"},{"taxonomy":"product_cat","embeddable":true,"href":"https:\/\/tajkertesz.com\/en_US\/wp-json\/wp\/v2\/product_cat?post=721"},{"taxonomy":"product_tag","embeddable":true,"href":"https:\/\/tajkertesz.com\/en_US\/wp-json\/wp\/v2\/product_tag?post=721"}],"curies":[{"name":"wp","href":"https:\/\/api.w.org\/{rel}","templated":true}]}}