{"id":7249,"date":"2021-06-25T09:00:53","date_gmt":"2021-06-25T09:00:53","guid":{"rendered":"https:\/\/tajkertesz.com\/?post_type=product&#038;p=7249"},"modified":"2023-02-23T09:20:46","modified_gmt":"2023-02-23T09:20:46","slug":"biostop-plusz-ragasztos-legycsapda-2db","status":"publish","type":"product","link":"https:\/\/tajkertesz.com\/en_US\/product\/biostop-plusz-ragasztos-legycsapda-2db\/","title":{"rendered":"Biostop plusz ragaszt\u00f3s l\u00e9gycsapda 2db"},"content":{"rendered":"<div class=\"artdet__name-rating d-none d-lg-block\">\n<div class=\"row gutters-5\">\n<div class=\"col\">\n<div class=\"artdet__name-pagination-wrap d-flex\">\n<div class=\"top product-page-top\">\n<div class=\"center product-page-center\">\n<div class=\"artdet__name-pagination-wrap d-flex\">\n<div class=\"summary entry-summary\">\n<div class=\"elementor-column elementor-col-50 elementor-inner-column elementor-element elementor-element-072daa9\" data-id=\"072daa9\" data-element_type=\"column\">\n<div class=\"elementor-widget-wrap elementor-element-populated\">\n<div class=\"elementor-element elementor-element-54ae97b elementor-widget__width-auto elementor-widget elementor-widget-jet-single-title\" data-id=\"54ae97b\" data-element_type=\"widget\" data-widget_type=\"jet-single-title.default\">\n<div class=\"elementor-widget-container\">\n<div class=\"elementor-jet-single-title jet-woo-builder\">\n<div class=\"top product-page-top\">\n<div class=\"center product-page-center\">\n<h1 class=\"heading-title\">Biostop plusz ragaszt\u00f3s l\u00e9gycsapda 2db<\/h1>\n<\/div>\n<\/div>\n<div class=\"product-page-price-wrapper\"><\/div>\n<div class=\"top product-page-top\">\n<div class=\"center product-page-center\">\n<p class=\"heading-title\">Biostop plusz ragaszt\u00f3s l\u00e9gycsapda 2db, Felhaszn\u00e1lhat\u00f3: z\u00e1rt t\u00e9rben, valamint h\u00e1z k\u00f6r\u00fcli fedett helyeken h\u00e1zi legyek befog\u00e1s\u00e1ra. A k\u00f6rnyezetre teljesen vesz\u00e9lytelen, \u00edrt\u00f3szert nem tartalmaz. Olyan helyeken is alkalmas a l\u00e9gyirt\u00e1sra, ahol az irt\u00f3szerek alkalmaz\u00e1sa tilos. Ragaszt\u00f3anyaga hossz\u00fa \u00e9lettartam\u00fa. Laborat\u00f3riumban kifejlesztett, speci\u00e1lis l\u00e9gyfog\u00f3 lap, amely attrakt\u00e1ns tartalm\u00e1t, sz\u00edn\u00e9n\u00e9l \u00e9s grafik\u00e1j\u00e1n\u00e1l fogva kiv\u00e1l\u00f3an vonzza a legyeket.<\/p>\n<\/div>\n<\/div>\n<\/div>\n<\/div>\n<\/div>\n<\/div>\n<\/div>\n<div class=\"elementor-column elementor-col-50 elementor-inner-column elementor-element elementor-element-fe6e915\" data-id=\"fe6e915\" data-element_type=\"column\">\n<div class=\"elementor-widget-wrap elementor-element-populated\">\n<div class=\"elementor-element elementor-element-f74de4b elementor-widget__width-auto elementor-widget elementor-widget-jet-single-price\" data-id=\"f74de4b\" data-element_type=\"widget\" data-widget_type=\"jet-single-price.default\">\n<div><\/div>\n<\/div>\n<\/div>\n<\/div>\n<\/div>\n<\/div>\n<\/div>\n<\/div>\n<\/div>\n<\/div>\n<\/div>\n<\/div>\n<div><a href=\"https:\/\/www.facebook.com\/tajkertesz\">https:\/\/www.facebook.com\/tajkertesz<\/a><\/div>\n<div>\n<p><a href=\"https:\/\/tajkertesz.com\/\">https:\/\/tajkertesz.com\/<\/a><\/p>\n<p><a href=\"https:\/\/tajkertesz.com\/wp-content\/uploads\/2021\/06\/Biostop-legycsapda.pdf\">Biostop l\u00e9gycsapda<\/a><\/p>\n<\/div>\n<div><\/div>\n<h3><span style=\"color: #ffffff;\">A\u00a0<b>rovarriaszt\u00f3, repellens:<\/b><\/span><\/h3>\n<p><span style=\"color: #ffffff;\">(<i>latin:<\/i>\u00a0elriaszt\u00f3, t\u00e1vol tart\u00f3, pl.: rovart<sup id=\"cite_ref-1\" class=\"reference\"><\/sup>) olyan anyag,\u00a0 fizikai elj\u00e1r\u00e1s, amely elriasztja, t\u00e1vol tartja a rovarokat az ember b\u0151r\u00e9t\u0151l, ruh\u00e1zat\u00e1t\u00f3l, lak\u00f3hely\u00e9t\u0151l vagy az \u00e1llatok k\u00fcltakar\u00f3j\u00e1t\u00f3l, k\u00f6rnyezet\u00e9t\u0151l, \u00e9l\u0151hely\u00e9t\u0151l. <sup id=\"cite_ref-2\" class=\"reference\"><\/sup>Repellens hat\u00e1s alatt bizonyos hat\u00f3anyagok kullancsokra \u00e9s rovarokra kifejtett t\u00e1vol tart\u00f3 hat\u00e1s\u00e1t \u00e9rtj\u00fck, ami megakad\u00e1lyozza a parazit\u00e1k megtapad\u00e1s\u00e1t, sz\u00far\u00e1s\u00e1t vagy v\u00e9rsz\u00edv\u00e1s\u00e1t a kezelt emberen, \u00e1llaton. Fert\u0151z\u00f6tt rovarok cs\u00edp\u00e9se betegs\u00e9g terjed\u00e9s\u00e9nek forr\u00e1sa lehet.<sup id=\"cite_ref-3\" class=\"reference\"><\/sup><\/span><\/p>\n<p><span style=\"color: #ffffff;\">Elengedhetetlen fontoss\u00e1g\u00fa annak ismerete, hogy melyik\u00a0<i>rovarriaszt\u00f3<\/i>\u00a0term\u00e9kek kisz\u00e1m\u00edthat\u00f3k \u00e9s tart\u00f3s v\u00e9delmet ny\u00fajtanak. K\u00f6zel 100%-os v\u00e9delem \u00e9rhet\u0151 el, ha hosszabb hat\u00e1startam\u00fa rovar\u0171z\u0151 szereket c\u00e9lszer\u0171 haszn\u00e1lunk, kombin\u00e1lva\u00a0<i>permetrinnel<\/i> kezelt ruh\u00e1zattal. Ugyanolyan szem\u00e9lyi v\u00e9delmi int\u00e9zked\u00e9seket kell foganatos\u00edtani kullancsok \u00e9s cs\u00edp\u0151s rovarok, legyek eset\u00e9ben, mint a sz\u00fanyogokn\u00e1l, mert ezek az \u00e9l\u0151sk\u00f6d\u0151k is tov\u00e1bb\u00edtja a Lyme-k\u00f3rt, kullancsencephalitist, visszat\u00e9r\u0151 l\u00e1zt, t\u00edfuszt, leishmaniasist, onchocerciasist, trypanosomiasist, \u00e9s sz\u00e1mos m\u00e1s tr\u00f3pusi \u00e9s fert\u0151z\u0151 betegs\u00e9geket.<\/span><\/p>\n<p><span style=\"color: #ffffff;\">A\u00a0<b>permetrin:<\/b><\/span><\/p>\n<p><span style=\"color: #ffffff;\">a piretroidok k\u00f6z\u00e9 tartoz\u00f3 rovar- \u00e9s atkairt\u00f3 hat\u00f3anyag, amelyet tet\u0171- \u00e9s bolhairt\u00f3k\u00e9nt a hum\u00e1n- \u00e9s \u00e1llatgy\u00f3gy\u00e1szatban, biocidk\u00e9nt pedig \u00e1ltal\u00e1nos rovarirt\u00f3szerekben alkalmaznak. K\u00f6rnyezetk\u00e1ros\u00edt\u00f3 hat\u00e1sa miatt 2003 \u00f3ta az Eur\u00f3pai Uni\u00f3ban nem haszn\u00e1lhat\u00f3 n\u00f6v\u00e9nyv\u00e9d\u0151szerk\u00e9nt. Az \u0151szi margitvir\u00e1gban tal\u00e1lhat\u00f3 term\u00e9szetes rovar\u00f6l\u0151 anyag alapj\u00e1n fejlesztett\u00e9k ki, majd kezdt\u00e9k el ipari gy\u00e1rt\u00e1s\u00e1t.<\/span><\/p>\n<p><b>K\u00e9szlet\u00fcnk napi szinten v\u00e1ltozik, ez\u00e9rt k\u00e9rj\u00fck, \u00e9rdekl\u0151dj\u00f6n szem\u00e9lyesen, telefonon vagy email-en.<br \/>\nA v\u00e1ltoztat\u00e1s jog\u00e1t fenntartjuk!\u00a0<\/b><\/p>","protected":false},"excerpt":{"rendered":"<p>Biostop plusz ragaszt\u00f3s l\u00e9gycsapda 2db, Felhaszn\u00e1lhat\u00f3: z\u00e1rt t\u00e9rben, valamint h\u00e1z k\u00f6r\u00fcli fedett helyeken h\u00e1zi legyek befog\u00e1s\u00e1ra<\/p>","protected":false},"featured_media":7251,"template":"","meta":{"_et_pb_use_builder":"","_et_pb_old_content":"","_et_gb_content_width":""},"product_brand":[],"product_cat":[4089],"product_tag":[2092],"class_list":{"0":"post-7249","1":"product","2":"type-product","3":"status-publish","4":"has-post-thumbnail","6":"product_cat-bio-stop-termekek","7":"product_tag-biostop-plussz-ragasztos-orias-legylap","9":"first","10":"outofstock","11":"shipping-taxable","12":"product-type-simple"},"yoast_head":"<!-- This site is optimized with the Yoast SEO plugin v27.3 - https:\/\/yoast.com\/product\/yoast-seo-wordpress\/ -->\n<title>Biostop plusz ragaszt\u00f3s l\u00e9gycsapda 2db - T\u00e1jkert\u00e9sz<\/title>\n<meta name=\"description\" content=\"Biostop plusz ragaszt\u00f3s l\u00e9gycsapda 2db, Felhaszn\u00e1lhat\u00f3: z\u00e1rt t\u00e9rben, valamint h\u00e1z k\u00f6r\u00fcli fedett helyeken h\u00e1zi legyek befog\u00e1s\u00e1ra\" \/>\n<meta name=\"robots\" content=\"index, follow, max-snippet:-1, max-image-preview:large, max-video-preview:-1\" \/>\n<link rel=\"canonical\" href=\"https:\/\/tajkertesz.com\/en_US\/product\/biostop-plusz-ragasztos-legycsapda-2db\/\" \/>\n<meta property=\"og:locale\" content=\"en_US\" \/>\n<meta property=\"og:type\" content=\"article\" \/>\n<meta property=\"og:title\" content=\"Biostop plusz ragaszt\u00f3s l\u00e9gycsapda 2db - T\u00e1jkert\u00e9sz\" \/>\n<meta property=\"og:description\" content=\"Biostop plusz ragaszt\u00f3s l\u00e9gycsapda 2db, Felhaszn\u00e1lhat\u00f3: z\u00e1rt t\u00e9rben, valamint h\u00e1z k\u00f6r\u00fcli fedett helyeken h\u00e1zi legyek befog\u00e1s\u00e1ra\" \/>\n<meta property=\"og:url\" content=\"https:\/\/tajkertesz.com\/en_US\/product\/biostop-plusz-ragasztos-legycsapda-2db\/\" \/>\n<meta property=\"og:site_name\" content=\"T\u00e1jkert\u00e9sz\" \/>\n<meta property=\"article:publisher\" content=\"https:\/\/www.facebook.com\/Tajkertesz\/\" \/>\n<meta property=\"article:modified_time\" content=\"2023-02-23T09:20:46+00:00\" \/>\n<meta property=\"og:image\" content=\"https:\/\/tajkertesz.com\/wp-content\/uploads\/2021\/06\/686115507.biostop-rovarirto-legycsapda-ragasztolap-biostop-2db-os-irtoszermentes.jpg\" \/>\n\t<meta property=\"og:image:width\" content=\"260\" \/>\n\t<meta property=\"og:image:height\" content=\"497\" \/>\n\t<meta property=\"og:image:type\" content=\"image\/jpeg\" \/>\n<meta name=\"twitter:card\" content=\"summary_large_image\" \/>\n<meta name=\"twitter:label1\" content=\"Est. reading time\" \/>\n\t<meta name=\"twitter:data1\" content=\"2 minutes\" \/>\n<script type=\"application\/ld+json\" class=\"yoast-schema-graph\">{\"@context\":\"https:\\\/\\\/schema.org\",\"@graph\":[{\"@type\":\"WebPage\",\"@id\":\"https:\\\/\\\/tajkertesz.com\\\/termek\\\/biostop-plusz-ragasztos-legycsapda-2db\\\/\",\"url\":\"https:\\\/\\\/tajkertesz.com\\\/termek\\\/biostop-plusz-ragasztos-legycsapda-2db\\\/\",\"name\":\"Biostop plusz ragaszt\u00f3s l\u00e9gycsapda 2db - T\u00e1jkert\u00e9sz\",\"isPartOf\":{\"@id\":\"https:\\\/\\\/tajkertesz.com\\\/#website\"},\"primaryImageOfPage\":{\"@id\":\"https:\\\/\\\/tajkertesz.com\\\/termek\\\/biostop-plusz-ragasztos-legycsapda-2db\\\/#primaryimage\"},\"image\":{\"@id\":\"https:\\\/\\\/tajkertesz.com\\\/termek\\\/biostop-plusz-ragasztos-legycsapda-2db\\\/#primaryimage\"},\"thumbnailUrl\":\"https:\\\/\\\/tajkertesz.com\\\/wp-content\\\/uploads\\\/2021\\\/06\\\/686115507.biostop-rovarirto-legycsapda-ragasztolap-biostop-2db-os-irtoszermentes.jpg\",\"datePublished\":\"2021-06-25T09:00:53+00:00\",\"dateModified\":\"2023-02-23T09:20:46+00:00\",\"description\":\"Biostop plusz ragaszt\u00f3s l\u00e9gycsapda 2db, Felhaszn\u00e1lhat\u00f3: z\u00e1rt t\u00e9rben, valamint h\u00e1z k\u00f6r\u00fcli fedett helyeken h\u00e1zi legyek befog\u00e1s\u00e1ra\",\"breadcrumb\":{\"@id\":\"https:\\\/\\\/tajkertesz.com\\\/termek\\\/biostop-plusz-ragasztos-legycsapda-2db\\\/#breadcrumb\"},\"inLanguage\":\"en-US\",\"potentialAction\":[{\"@type\":\"ReadAction\",\"target\":[\"https:\\\/\\\/tajkertesz.com\\\/termek\\\/biostop-plusz-ragasztos-legycsapda-2db\\\/\"]}]},{\"@type\":\"ImageObject\",\"inLanguage\":\"en-US\",\"@id\":\"https:\\\/\\\/tajkertesz.com\\\/termek\\\/biostop-plusz-ragasztos-legycsapda-2db\\\/#primaryimage\",\"url\":\"https:\\\/\\\/tajkertesz.com\\\/wp-content\\\/uploads\\\/2021\\\/06\\\/686115507.biostop-rovarirto-legycsapda-ragasztolap-biostop-2db-os-irtoszermentes.jpg\",\"contentUrl\":\"https:\\\/\\\/tajkertesz.com\\\/wp-content\\\/uploads\\\/2021\\\/06\\\/686115507.biostop-rovarirto-legycsapda-ragasztolap-biostop-2db-os-irtoszermentes.jpg\",\"width\":260,\"height\":497},{\"@type\":\"BreadcrumbList\",\"@id\":\"https:\\\/\\\/tajkertesz.com\\\/termek\\\/biostop-plusz-ragasztos-legycsapda-2db\\\/#breadcrumb\",\"itemListElement\":[{\"@type\":\"ListItem\",\"position\":1,\"name\":\"Home\",\"item\":\"https:\\\/\\\/tajkertesz.com\\\/\"},{\"@type\":\"ListItem\",\"position\":2,\"name\":\"Kezd\u0151lap\",\"item\":\"https:\\\/\\\/tajkertesz.com\\\/\"},{\"@type\":\"ListItem\",\"position\":3,\"name\":\"Biostop plusz ragaszt\u00f3s l\u00e9gycsapda 2db\"}]},{\"@type\":\"WebSite\",\"@id\":\"https:\\\/\\\/tajkertesz.com\\\/#website\",\"url\":\"https:\\\/\\\/tajkertesz.com\\\/\",\"name\":\"T\u00e1j-Kert\u00e9sz 84 Kft.\",\"description\":\"Kert\u00e9szeti kis- \u00e9s nagykeresked\u00e9s, D\u00edszn\u00f6v\u00e9ny web\u00e1ruh\u00e1z orsz\u00e1gos h\u00e1zhozsz\u00e1ll\u00edt\u00e1ssal!\",\"publisher\":{\"@id\":\"https:\\\/\\\/tajkertesz.com\\\/#organization\"},\"potentialAction\":[{\"@type\":\"SearchAction\",\"target\":{\"@type\":\"EntryPoint\",\"urlTemplate\":\"https:\\\/\\\/tajkertesz.com\\\/?s={search_term_string}\"},\"query-input\":{\"@type\":\"PropertyValueSpecification\",\"valueRequired\":true,\"valueName\":\"search_term_string\"}}],\"inLanguage\":\"en-US\"},{\"@type\":\"Organization\",\"@id\":\"https:\\\/\\\/tajkertesz.com\\\/#organization\",\"name\":\"T\u00e1j-Kert\u00e9sz 84 Kft.\",\"url\":\"https:\\\/\\\/tajkertesz.com\\\/\",\"logo\":{\"@type\":\"ImageObject\",\"inLanguage\":\"en-US\",\"@id\":\"https:\\\/\\\/tajkertesz.com\\\/#\\\/schema\\\/logo\\\/image\\\/\",\"url\":\"https:\\\/\\\/tajkertesz.com\\\/wp-content\\\/uploads\\\/2018\\\/02\\\/logo-2-e1518678052539.png\",\"contentUrl\":\"https:\\\/\\\/tajkertesz.com\\\/wp-content\\\/uploads\\\/2018\\\/02\\\/logo-2-e1518678052539.png\",\"width\":81,\"height\":140,\"caption\":\"T\u00e1j-Kert\u00e9sz 84 Kft.\"},\"image\":{\"@id\":\"https:\\\/\\\/tajkertesz.com\\\/#\\\/schema\\\/logo\\\/image\\\/\"},\"sameAs\":[\"https:\\\/\\\/www.facebook.com\\\/Tajkertesz\\\/\"]}]}<\/script>\n<!-- \/ Yoast SEO plugin. -->","yoast_head_json":{"title":"Biostop plusz ragaszt\u00f3s l\u00e9gycsapda 2db - T\u00e1jkert\u00e9sz","description":"Biostop plusz ragaszt\u00f3s l\u00e9gycsapda 2db, Felhaszn\u00e1lhat\u00f3: z\u00e1rt t\u00e9rben, valamint h\u00e1z k\u00f6r\u00fcli fedett helyeken h\u00e1zi legyek befog\u00e1s\u00e1ra","robots":{"index":"index","follow":"follow","max-snippet":"max-snippet:-1","max-image-preview":"max-image-preview:large","max-video-preview":"max-video-preview:-1"},"canonical":"https:\/\/tajkertesz.com\/en_US\/product\/biostop-plusz-ragasztos-legycsapda-2db\/","og_locale":"en_US","og_type":"article","og_title":"Biostop plusz ragaszt\u00f3s l\u00e9gycsapda 2db - T\u00e1jkert\u00e9sz","og_description":"Biostop plusz ragaszt\u00f3s l\u00e9gycsapda 2db, Felhaszn\u00e1lhat\u00f3: z\u00e1rt t\u00e9rben, valamint h\u00e1z k\u00f6r\u00fcli fedett helyeken h\u00e1zi legyek befog\u00e1s\u00e1ra","og_url":"https:\/\/tajkertesz.com\/en_US\/product\/biostop-plusz-ragasztos-legycsapda-2db\/","og_site_name":"T\u00e1jkert\u00e9sz","article_publisher":"https:\/\/www.facebook.com\/Tajkertesz\/","article_modified_time":"2023-02-23T09:20:46+00:00","og_image":[{"width":260,"height":497,"url":"https:\/\/tajkertesz.com\/wp-content\/uploads\/2021\/06\/686115507.biostop-rovarirto-legycsapda-ragasztolap-biostop-2db-os-irtoszermentes.jpg","type":"image\/jpeg"}],"twitter_card":"summary_large_image","twitter_misc":{"Est. reading time":"2 minutes"},"schema":{"@context":"https:\/\/schema.org","@graph":[{"@type":"WebPage","@id":"https:\/\/tajkertesz.com\/termek\/biostop-plusz-ragasztos-legycsapda-2db\/","url":"https:\/\/tajkertesz.com\/termek\/biostop-plusz-ragasztos-legycsapda-2db\/","name":"Biostop plusz ragaszt\u00f3s l\u00e9gycsapda 2db - T\u00e1jkert\u00e9sz","isPartOf":{"@id":"https:\/\/tajkertesz.com\/#website"},"primaryImageOfPage":{"@id":"https:\/\/tajkertesz.com\/termek\/biostop-plusz-ragasztos-legycsapda-2db\/#primaryimage"},"image":{"@id":"https:\/\/tajkertesz.com\/termek\/biostop-plusz-ragasztos-legycsapda-2db\/#primaryimage"},"thumbnailUrl":"https:\/\/tajkertesz.com\/wp-content\/uploads\/2021\/06\/686115507.biostop-rovarirto-legycsapda-ragasztolap-biostop-2db-os-irtoszermentes.jpg","datePublished":"2021-06-25T09:00:53+00:00","dateModified":"2023-02-23T09:20:46+00:00","description":"Biostop plusz ragaszt\u00f3s l\u00e9gycsapda 2db, Felhaszn\u00e1lhat\u00f3: z\u00e1rt t\u00e9rben, valamint h\u00e1z k\u00f6r\u00fcli fedett helyeken h\u00e1zi legyek befog\u00e1s\u00e1ra","breadcrumb":{"@id":"https:\/\/tajkertesz.com\/termek\/biostop-plusz-ragasztos-legycsapda-2db\/#breadcrumb"},"inLanguage":"en-US","potentialAction":[{"@type":"ReadAction","target":["https:\/\/tajkertesz.com\/termek\/biostop-plusz-ragasztos-legycsapda-2db\/"]}]},{"@type":"ImageObject","inLanguage":"en-US","@id":"https:\/\/tajkertesz.com\/termek\/biostop-plusz-ragasztos-legycsapda-2db\/#primaryimage","url":"https:\/\/tajkertesz.com\/wp-content\/uploads\/2021\/06\/686115507.biostop-rovarirto-legycsapda-ragasztolap-biostop-2db-os-irtoszermentes.jpg","contentUrl":"https:\/\/tajkertesz.com\/wp-content\/uploads\/2021\/06\/686115507.biostop-rovarirto-legycsapda-ragasztolap-biostop-2db-os-irtoszermentes.jpg","width":260,"height":497},{"@type":"BreadcrumbList","@id":"https:\/\/tajkertesz.com\/termek\/biostop-plusz-ragasztos-legycsapda-2db\/#breadcrumb","itemListElement":[{"@type":"ListItem","position":1,"name":"Home","item":"https:\/\/tajkertesz.com\/"},{"@type":"ListItem","position":2,"name":"Kezd\u0151lap","item":"https:\/\/tajkertesz.com\/"},{"@type":"ListItem","position":3,"name":"Biostop plusz ragaszt\u00f3s l\u00e9gycsapda 2db"}]},{"@type":"WebSite","@id":"https:\/\/tajkertesz.com\/#website","url":"https:\/\/tajkertesz.com\/","name":"T\u00e1j-Kert\u00e9sz 84 Kft.","description":"Kert\u00e9szeti kis- \u00e9s nagykeresked\u00e9s, D\u00edszn\u00f6v\u00e9ny web\u00e1ruh\u00e1z orsz\u00e1gos h\u00e1zhozsz\u00e1ll\u00edt\u00e1ssal!","publisher":{"@id":"https:\/\/tajkertesz.com\/#organization"},"potentialAction":[{"@type":"SearchAction","target":{"@type":"EntryPoint","urlTemplate":"https:\/\/tajkertesz.com\/?s={search_term_string}"},"query-input":{"@type":"PropertyValueSpecification","valueRequired":true,"valueName":"search_term_string"}}],"inLanguage":"en-US"},{"@type":"Organization","@id":"https:\/\/tajkertesz.com\/#organization","name":"T\u00e1j-Kert\u00e9sz 84 Kft.","url":"https:\/\/tajkertesz.com\/","logo":{"@type":"ImageObject","inLanguage":"en-US","@id":"https:\/\/tajkertesz.com\/#\/schema\/logo\/image\/","url":"https:\/\/tajkertesz.com\/wp-content\/uploads\/2018\/02\/logo-2-e1518678052539.png","contentUrl":"https:\/\/tajkertesz.com\/wp-content\/uploads\/2018\/02\/logo-2-e1518678052539.png","width":81,"height":140,"caption":"T\u00e1j-Kert\u00e9sz 84 Kft."},"image":{"@id":"https:\/\/tajkertesz.com\/#\/schema\/logo\/image\/"},"sameAs":["https:\/\/www.facebook.com\/Tajkertesz\/"]}]}},"_links":{"self":[{"href":"https:\/\/tajkertesz.com\/en_US\/wp-json\/wp\/v2\/product\/7249","targetHints":{"allow":["GET"]}}],"collection":[{"href":"https:\/\/tajkertesz.com\/en_US\/wp-json\/wp\/v2\/product"}],"about":[{"href":"https:\/\/tajkertesz.com\/en_US\/wp-json\/wp\/v2\/types\/product"}],"wp:featuredmedia":[{"embeddable":true,"href":"https:\/\/tajkertesz.com\/en_US\/wp-json\/wp\/v2\/media\/7251"}],"wp:attachment":[{"href":"https:\/\/tajkertesz.com\/en_US\/wp-json\/wp\/v2\/media?parent=7249"}],"wp:term":[{"taxonomy":"product_brand","embeddable":true,"href":"https:\/\/tajkertesz.com\/en_US\/wp-json\/wp\/v2\/product_brand?post=7249"},{"taxonomy":"product_cat","embeddable":true,"href":"https:\/\/tajkertesz.com\/en_US\/wp-json\/wp\/v2\/product_cat?post=7249"},{"taxonomy":"product_tag","embeddable":true,"href":"https:\/\/tajkertesz.com\/en_US\/wp-json\/wp\/v2\/product_tag?post=7249"}],"curies":[{"name":"wp","href":"https:\/\/api.w.org\/{rel}","templated":true}]}}