{"id":7261,"date":"2021-06-25T09:15:59","date_gmt":"2021-06-25T09:15:59","guid":{"rendered":"https:\/\/tajkertesz.com\/?post_type=product&#038;p=7261"},"modified":"2023-02-23T09:32:17","modified_gmt":"2023-02-23T09:32:17","slug":"bros-molyirto-aeroszol-150-ml","status":"publish","type":"product","link":"https:\/\/tajkertesz.com\/en_US\/product\/bros-molyirto-aeroszol-150-ml\/","title":{"rendered":"BROS molyirt\u00f3 aeroszol 150 ml"},"content":{"rendered":"<div class=\"artdet__name-rating d-none d-lg-block\">\n<div class=\"row gutters-5\">\n<div class=\"col\">\n<div class=\"artdet__name-pagination-wrap d-flex\">\n<div class=\"top product-page-top\">\n<div class=\"center product-page-center\">\n<div class=\"artdet__name-pagination-wrap d-flex\">\n<div class=\"summary entry-summary\">\n<div class=\"elementor-column elementor-col-50 elementor-inner-column elementor-element elementor-element-072daa9\" data-id=\"072daa9\" data-element_type=\"column\">\n<div class=\"elementor-widget-wrap elementor-element-populated\">\n<div class=\"elementor-element elementor-element-54ae97b elementor-widget__width-auto elementor-widget elementor-widget-jet-single-title\" data-id=\"54ae97b\" data-element_type=\"widget\" data-widget_type=\"jet-single-title.default\">\n<div class=\"elementor-widget-container\">\n<div class=\"elementor-jet-single-title jet-woo-builder\">\n<div class=\"top product-page-top\">\n<div class=\"center product-page-center\">\n<h1 class=\"product-title\">BROS molyirt\u00f3 aeroszol 150 ml<\/h1>\n<\/div>\n<\/div>\n<div class=\"product-page-price-wrapper\"><\/div>\n<div class=\"top product-page-top\">\n<div class=\"center product-page-center\">\n<p class=\"product-title\">BROS molyirt\u00f3 aeroszol 150 ml, A k\u00e9sz\u00edtm\u00e9ny rep\u00fcl\u0151 (moly, muslinca, sz\u00fanyog,l\u00e9gy stb) \u00e9s m\u00e1sz\u00f3 (cs\u00f3t\u00e1ny, sv\u00e1bbog\u00e1r, ez\u00fcst pikkelyke stb) rovarok irt\u00e1s\u00e1ra alkalmazhat\u00f3. Azonnal hat!<\/p>\n<div>Haszn\u00e1lati utas\u00edt\u00e1s:<\/div>\n<div>A szert a molyok gy\u00fclekez\u0151helyein, rejtekhelyein (r\u00e9sek, reped\u00e9sek stb) kell permetezni. A k\u00e9sz\u00edtm\u00e9ny azonnal hat.<\/div>\n<div>Permetez\u00e9s ut\u00e1n hagyja el a helyis\u00e9get a szekr\u00e9nyt vagy a gardr\u00f3bot pedig m\u00e9g kb 1 \u00f3r\u00e1ig tartsa z\u00e1rva, azut\u00e1n gondosan szell\u0151ztessen ki, am\u00edg a k\u00e9sz\u00edtm\u00e9ny szaga teljesen el nem t\u0171nik.<\/div>\n<div>Figyelmeztet\u00e9sek:<\/div>\n<div>Vigye ki a h\u00e1zi\u00e1llatokat abb\u00f3l a helyis\u00e9gb\u0151l ahol v\u00e9gre lesz hajtva a rovarirt\u00e1s. \u00c9lelmiszereket, \u00e9lelmiszer feldolgoz\u00e1sra \u00e9s t\u00e1rol\u00e1sra haszn\u00e1lt ed\u00e9nyeket \u00e9s g\u00e9peket takarja le pap\u00edrral vagy helyezze \u00e1t permetez\u00e9s idej\u00e9re m\u00e1s helyis\u00e9gbe. Permetez\u00e9s alatt tilos enni \u00e9s inni. A helyis\u00e9gben csak a permetez\u00e9st v\u00e9gz\u0151 szem\u00e9ly tart\u00f3zkodhat. \u00c9lelmiszerekt\u0151l \u00e9s takarm\u00e1nyokt\u00f3l t\u00e1vol tartand\u00f3. M\u00e9rgez\u00e9s gyan\u00faja eset\u00e9n azonnal orvost kell h\u00edvni, csomagol\u00f3 burkolatot \u00e9s a c\u00edmk\u00e9t az orvosnak meg kell mutatni. Szembejut\u00e1s eset\u00e9n b\u0151 v\u00edzzel ki kell mosni \u00e9s orvoshoz kell fordulni. B\u0151rrel val\u00f3 \u00e9rintkez\u00e9seset\u00e9n b\u0151 szappanos v\u00edzzel ki kell mosni.<\/div>\n<div>Hat\u00f3anyag: 1-R-transz-fenotrin 0,1% (0,1g\/100g); pralletrin 0,09% (0,09g\/100g); piperonil-butoxid\/PBo 0,45% (0,45g\/100g).<\/div>\n<\/div>\n<\/div>\n<\/div>\n<\/div>\n<\/div>\n<\/div>\n<\/div>\n<div class=\"elementor-column elementor-col-50 elementor-inner-column elementor-element elementor-element-fe6e915\" data-id=\"fe6e915\" data-element_type=\"column\">\n<div class=\"elementor-widget-wrap elementor-element-populated\">\n<div class=\"elementor-element elementor-element-f74de4b elementor-widget__width-auto elementor-widget elementor-widget-jet-single-price\" data-id=\"f74de4b\" data-element_type=\"widget\" data-widget_type=\"jet-single-price.default\">\n<div><\/div>\n<\/div>\n<\/div>\n<\/div>\n<\/div>\n<\/div>\n<\/div>\n<\/div>\n<\/div>\n<\/div>\n<\/div>\n<\/div>\n<div><a href=\"https:\/\/www.facebook.com\/tajkertesz\">https:\/\/www.facebook.com\/tajkertesz<\/a><\/div>\n<div>\n<p><a href=\"https:\/\/tajkertesz.com\/\">https:\/\/tajkertesz.com\/<\/a><\/p>\n<p><a href=\"https:\/\/tajkertesz.com\/wp-content\/uploads\/2021\/06\/bros_moly_-_ruhamoly_elleni_ae_015_20170524.pdf\">bros_moly_-_ruhamoly_elleni_ae_015_20170524<\/a><\/p>\n<\/div>\n<p><span style=\"color: #ffffff;\">manaps\u00e1g m\u00e1r elterjedt a m\u0171anyagb\u00f3l k\u00e9sz\u00fclt v\u00e1ltozat is. Kert\u00e9szetekben \u00e9s nagyobb \u00e1ruh\u00e1zakban kaphat\u00f3, ak\u00e1rcsak az \u00e1s\u00f3, a lap\u00e1t, a kapa vagy ritk\u00e1bban a kaszahanem a h\u00e1z k\u00f6r\u00fcl is fontos eszk\u00f6z, a lehullott faleveleket (avart) vagy egy\u00e9b lombokat is \u00f6ssze lehet vele szedni (a speci\u00e1lisan lombgy\u0171jt\u00e9sre szakosodott verzi\u00f3ja a lombsepr\u0171). Nyele \u00e1ltal\u00e1ban f\u00e1b\u00f3l, feje pedig vasb\u00f3l k\u00e9sz\u00fcl, de manaps\u00e1g m\u00e1r elterjedt a m\u0171anyagb\u00f3l k\u00e9sz\u00fclt v\u00e1ltozat is. Kert\u00e9szetekben \u00e9s nagyobb \u00e1ruh\u00e1zakban kaphat\u00f3, ak\u00e1rcsak az \u00e1s\u00f3, a lap\u00e1t, a kapa vagy ritk\u00e1bban a kasza..\u00c1tm\u00e9r\u0151: 6 mm<\/span><\/p>\n<p><b>K\u00e9szlet\u00fcnk napi szinten v\u00e1ltozik, ez\u00e9rt k\u00e9rj\u00fck, \u00e9rdekl\u0151dj\u00f6n szem\u00e9lyesen, telefonon vagy email-en.<br \/>\nA v\u00e1ltoztat\u00e1s jog\u00e1t fenntartjuk!\u00a0<\/b><\/p>","protected":false},"excerpt":{"rendered":"<h1 class=\"product-title\">BROS molyirt\u00f3 aeroszol 150 ml<\/h1>","protected":false},"featured_media":7262,"template":"","meta":{"_et_pb_use_builder":"","_et_pb_old_content":"","_et_gb_content_width":""},"product_brand":[],"product_cat":[4088],"product_tag":[2096],"class_list":{"0":"post-7261","1":"product","2":"type-product","3":"status-publish","4":"has-post-thumbnail","6":"product_cat-bros","7":"product_tag-bros-molyirto-aeroszol-150-ml","9":"first","10":"outofstock","11":"shipping-taxable","12":"product-type-simple"},"yoast_head":"<!-- This site is optimized with the Yoast SEO plugin v27.4 - https:\/\/yoast.com\/product\/yoast-seo-wordpress\/ -->\n<title>BROS molyirt\u00f3 aeroszol 150 ml - T\u00e1jkert\u00e9sz<\/title>\n<meta name=\"description\" content=\"BROS molyirt\u00f3 aeroszol 150 ml, A k\u00e9sz\u00edtm\u00e9ny rep\u00fcl\u0151 (moly, muslinca, sz\u00fanyog,l\u00e9gy stb) \u00e9s m\u00e1sz\u00f3 (cs\u00f3t\u00e1ny, sv\u00e1bbog\u00e1r, ez\u00fcst pikkelyke stb)\" \/>\n<meta name=\"robots\" content=\"index, follow, max-snippet:-1, max-image-preview:large, max-video-preview:-1\" \/>\n<link rel=\"canonical\" href=\"https:\/\/tajkertesz.com\/en_US\/product\/bros-molyirto-aeroszol-150-ml\/\" \/>\n<meta property=\"og:locale\" content=\"en_US\" \/>\n<meta property=\"og:type\" content=\"article\" \/>\n<meta property=\"og:title\" content=\"BROS molyirt\u00f3 aeroszol 150 ml - T\u00e1jkert\u00e9sz\" \/>\n<meta property=\"og:description\" content=\"BROS molyirt\u00f3 aeroszol 150 ml, A k\u00e9sz\u00edtm\u00e9ny rep\u00fcl\u0151 (moly, muslinca, sz\u00fanyog,l\u00e9gy stb) \u00e9s m\u00e1sz\u00f3 (cs\u00f3t\u00e1ny, sv\u00e1bbog\u00e1r, ez\u00fcst pikkelyke stb)\" \/>\n<meta property=\"og:url\" content=\"https:\/\/tajkertesz.com\/en_US\/product\/bros-molyirto-aeroszol-150-ml\/\" \/>\n<meta property=\"og:site_name\" content=\"T\u00e1jkert\u00e9sz\" \/>\n<meta property=\"article:publisher\" content=\"https:\/\/www.facebook.com\/Tajkertesz\/\" \/>\n<meta property=\"article:modified_time\" content=\"2023-02-23T09:32:17+00:00\" \/>\n<meta property=\"og:image\" content=\"https:\/\/tajkertesz.com\/wp-content\/uploads\/2021\/06\/BROS-molyirto-aeroszol.jpg\" \/>\n\t<meta property=\"og:image:width\" content=\"567\" \/>\n\t<meta property=\"og:image:height\" content=\"567\" \/>\n\t<meta property=\"og:image:type\" content=\"image\/jpeg\" \/>\n<meta name=\"twitter:card\" content=\"summary_large_image\" \/>\n<meta name=\"twitter:label1\" content=\"Est. reading time\" \/>\n\t<meta name=\"twitter:data1\" content=\"2 minutes\" \/>\n<script type=\"application\/ld+json\" class=\"yoast-schema-graph\">{\"@context\":\"https:\\\/\\\/schema.org\",\"@graph\":[{\"@type\":\"WebPage\",\"@id\":\"https:\\\/\\\/tajkertesz.com\\\/termek\\\/bros-molyirto-aeroszol-150-ml\\\/\",\"url\":\"https:\\\/\\\/tajkertesz.com\\\/termek\\\/bros-molyirto-aeroszol-150-ml\\\/\",\"name\":\"BROS molyirt\u00f3 aeroszol 150 ml - T\u00e1jkert\u00e9sz\",\"isPartOf\":{\"@id\":\"https:\\\/\\\/tajkertesz.com\\\/#website\"},\"primaryImageOfPage\":{\"@id\":\"https:\\\/\\\/tajkertesz.com\\\/termek\\\/bros-molyirto-aeroszol-150-ml\\\/#primaryimage\"},\"image\":{\"@id\":\"https:\\\/\\\/tajkertesz.com\\\/termek\\\/bros-molyirto-aeroszol-150-ml\\\/#primaryimage\"},\"thumbnailUrl\":\"https:\\\/\\\/tajkertesz.com\\\/wp-content\\\/uploads\\\/2021\\\/06\\\/BROS-molyirto-aeroszol.jpg\",\"datePublished\":\"2021-06-25T09:15:59+00:00\",\"dateModified\":\"2023-02-23T09:32:17+00:00\",\"description\":\"BROS molyirt\u00f3 aeroszol 150 ml, A k\u00e9sz\u00edtm\u00e9ny rep\u00fcl\u0151 (moly, muslinca, sz\u00fanyog,l\u00e9gy stb) \u00e9s m\u00e1sz\u00f3 (cs\u00f3t\u00e1ny, sv\u00e1bbog\u00e1r, ez\u00fcst pikkelyke stb)\",\"breadcrumb\":{\"@id\":\"https:\\\/\\\/tajkertesz.com\\\/termek\\\/bros-molyirto-aeroszol-150-ml\\\/#breadcrumb\"},\"inLanguage\":\"en-US\",\"potentialAction\":[{\"@type\":\"ReadAction\",\"target\":[\"https:\\\/\\\/tajkertesz.com\\\/termek\\\/bros-molyirto-aeroszol-150-ml\\\/\"]}]},{\"@type\":\"ImageObject\",\"inLanguage\":\"en-US\",\"@id\":\"https:\\\/\\\/tajkertesz.com\\\/termek\\\/bros-molyirto-aeroszol-150-ml\\\/#primaryimage\",\"url\":\"https:\\\/\\\/tajkertesz.com\\\/wp-content\\\/uploads\\\/2021\\\/06\\\/BROS-molyirto-aeroszol.jpg\",\"contentUrl\":\"https:\\\/\\\/tajkertesz.com\\\/wp-content\\\/uploads\\\/2021\\\/06\\\/BROS-molyirto-aeroszol.jpg\",\"width\":567,\"height\":567},{\"@type\":\"BreadcrumbList\",\"@id\":\"https:\\\/\\\/tajkertesz.com\\\/termek\\\/bros-molyirto-aeroszol-150-ml\\\/#breadcrumb\",\"itemListElement\":[{\"@type\":\"ListItem\",\"position\":1,\"name\":\"Home\",\"item\":\"https:\\\/\\\/tajkertesz.com\\\/\"},{\"@type\":\"ListItem\",\"position\":2,\"name\":\"Kezd\u0151lap\",\"item\":\"https:\\\/\\\/tajkertesz.com\\\/\"},{\"@type\":\"ListItem\",\"position\":3,\"name\":\"BROS molyirt\u00f3 aeroszol 150 ml\"}]},{\"@type\":\"WebSite\",\"@id\":\"https:\\\/\\\/tajkertesz.com\\\/#website\",\"url\":\"https:\\\/\\\/tajkertesz.com\\\/\",\"name\":\"T\u00e1j-Kert\u00e9sz 84 Kft.\",\"description\":\"Kert\u00e9szeti kis- \u00e9s nagykeresked\u00e9s, D\u00edszn\u00f6v\u00e9ny web\u00e1ruh\u00e1z orsz\u00e1gos h\u00e1zhozsz\u00e1ll\u00edt\u00e1ssal!\",\"publisher\":{\"@id\":\"https:\\\/\\\/tajkertesz.com\\\/#organization\"},\"potentialAction\":[{\"@type\":\"SearchAction\",\"target\":{\"@type\":\"EntryPoint\",\"urlTemplate\":\"https:\\\/\\\/tajkertesz.com\\\/?s={search_term_string}\"},\"query-input\":{\"@type\":\"PropertyValueSpecification\",\"valueRequired\":true,\"valueName\":\"search_term_string\"}}],\"inLanguage\":\"en-US\"},{\"@type\":\"Organization\",\"@id\":\"https:\\\/\\\/tajkertesz.com\\\/#organization\",\"name\":\"T\u00e1j-Kert\u00e9sz 84 Kft.\",\"url\":\"https:\\\/\\\/tajkertesz.com\\\/\",\"logo\":{\"@type\":\"ImageObject\",\"inLanguage\":\"en-US\",\"@id\":\"https:\\\/\\\/tajkertesz.com\\\/#\\\/schema\\\/logo\\\/image\\\/\",\"url\":\"https:\\\/\\\/tajkertesz.com\\\/wp-content\\\/uploads\\\/2018\\\/02\\\/logo-2-e1518678052539.png\",\"contentUrl\":\"https:\\\/\\\/tajkertesz.com\\\/wp-content\\\/uploads\\\/2018\\\/02\\\/logo-2-e1518678052539.png\",\"width\":81,\"height\":140,\"caption\":\"T\u00e1j-Kert\u00e9sz 84 Kft.\"},\"image\":{\"@id\":\"https:\\\/\\\/tajkertesz.com\\\/#\\\/schema\\\/logo\\\/image\\\/\"},\"sameAs\":[\"https:\\\/\\\/www.facebook.com\\\/Tajkertesz\\\/\"]}]}<\/script>\n<!-- \/ Yoast SEO plugin. -->","yoast_head_json":{"title":"BROS molyirt\u00f3 aeroszol 150 ml - T\u00e1jkert\u00e9sz","description":"BROS molyirt\u00f3 aeroszol 150 ml, A k\u00e9sz\u00edtm\u00e9ny rep\u00fcl\u0151 (moly, muslinca, sz\u00fanyog,l\u00e9gy stb) \u00e9s m\u00e1sz\u00f3 (cs\u00f3t\u00e1ny, sv\u00e1bbog\u00e1r, ez\u00fcst pikkelyke stb)","robots":{"index":"index","follow":"follow","max-snippet":"max-snippet:-1","max-image-preview":"max-image-preview:large","max-video-preview":"max-video-preview:-1"},"canonical":"https:\/\/tajkertesz.com\/en_US\/product\/bros-molyirto-aeroszol-150-ml\/","og_locale":"en_US","og_type":"article","og_title":"BROS molyirt\u00f3 aeroszol 150 ml - T\u00e1jkert\u00e9sz","og_description":"BROS molyirt\u00f3 aeroszol 150 ml, A k\u00e9sz\u00edtm\u00e9ny rep\u00fcl\u0151 (moly, muslinca, sz\u00fanyog,l\u00e9gy stb) \u00e9s m\u00e1sz\u00f3 (cs\u00f3t\u00e1ny, sv\u00e1bbog\u00e1r, ez\u00fcst pikkelyke stb)","og_url":"https:\/\/tajkertesz.com\/en_US\/product\/bros-molyirto-aeroszol-150-ml\/","og_site_name":"T\u00e1jkert\u00e9sz","article_publisher":"https:\/\/www.facebook.com\/Tajkertesz\/","article_modified_time":"2023-02-23T09:32:17+00:00","og_image":[{"width":567,"height":567,"url":"https:\/\/tajkertesz.com\/wp-content\/uploads\/2021\/06\/BROS-molyirto-aeroszol.jpg","type":"image\/jpeg"}],"twitter_card":"summary_large_image","twitter_misc":{"Est. reading time":"2 minutes"},"schema":{"@context":"https:\/\/schema.org","@graph":[{"@type":"WebPage","@id":"https:\/\/tajkertesz.com\/termek\/bros-molyirto-aeroszol-150-ml\/","url":"https:\/\/tajkertesz.com\/termek\/bros-molyirto-aeroszol-150-ml\/","name":"BROS molyirt\u00f3 aeroszol 150 ml - T\u00e1jkert\u00e9sz","isPartOf":{"@id":"https:\/\/tajkertesz.com\/#website"},"primaryImageOfPage":{"@id":"https:\/\/tajkertesz.com\/termek\/bros-molyirto-aeroszol-150-ml\/#primaryimage"},"image":{"@id":"https:\/\/tajkertesz.com\/termek\/bros-molyirto-aeroszol-150-ml\/#primaryimage"},"thumbnailUrl":"https:\/\/tajkertesz.com\/wp-content\/uploads\/2021\/06\/BROS-molyirto-aeroszol.jpg","datePublished":"2021-06-25T09:15:59+00:00","dateModified":"2023-02-23T09:32:17+00:00","description":"BROS molyirt\u00f3 aeroszol 150 ml, A k\u00e9sz\u00edtm\u00e9ny rep\u00fcl\u0151 (moly, muslinca, sz\u00fanyog,l\u00e9gy stb) \u00e9s m\u00e1sz\u00f3 (cs\u00f3t\u00e1ny, sv\u00e1bbog\u00e1r, ez\u00fcst pikkelyke stb)","breadcrumb":{"@id":"https:\/\/tajkertesz.com\/termek\/bros-molyirto-aeroszol-150-ml\/#breadcrumb"},"inLanguage":"en-US","potentialAction":[{"@type":"ReadAction","target":["https:\/\/tajkertesz.com\/termek\/bros-molyirto-aeroszol-150-ml\/"]}]},{"@type":"ImageObject","inLanguage":"en-US","@id":"https:\/\/tajkertesz.com\/termek\/bros-molyirto-aeroszol-150-ml\/#primaryimage","url":"https:\/\/tajkertesz.com\/wp-content\/uploads\/2021\/06\/BROS-molyirto-aeroszol.jpg","contentUrl":"https:\/\/tajkertesz.com\/wp-content\/uploads\/2021\/06\/BROS-molyirto-aeroszol.jpg","width":567,"height":567},{"@type":"BreadcrumbList","@id":"https:\/\/tajkertesz.com\/termek\/bros-molyirto-aeroszol-150-ml\/#breadcrumb","itemListElement":[{"@type":"ListItem","position":1,"name":"Home","item":"https:\/\/tajkertesz.com\/"},{"@type":"ListItem","position":2,"name":"Kezd\u0151lap","item":"https:\/\/tajkertesz.com\/"},{"@type":"ListItem","position":3,"name":"BROS molyirt\u00f3 aeroszol 150 ml"}]},{"@type":"WebSite","@id":"https:\/\/tajkertesz.com\/#website","url":"https:\/\/tajkertesz.com\/","name":"T\u00e1j-Kert\u00e9sz 84 Kft.","description":"Kert\u00e9szeti kis- \u00e9s nagykeresked\u00e9s, D\u00edszn\u00f6v\u00e9ny web\u00e1ruh\u00e1z orsz\u00e1gos h\u00e1zhozsz\u00e1ll\u00edt\u00e1ssal!","publisher":{"@id":"https:\/\/tajkertesz.com\/#organization"},"potentialAction":[{"@type":"SearchAction","target":{"@type":"EntryPoint","urlTemplate":"https:\/\/tajkertesz.com\/?s={search_term_string}"},"query-input":{"@type":"PropertyValueSpecification","valueRequired":true,"valueName":"search_term_string"}}],"inLanguage":"en-US"},{"@type":"Organization","@id":"https:\/\/tajkertesz.com\/#organization","name":"T\u00e1j-Kert\u00e9sz 84 Kft.","url":"https:\/\/tajkertesz.com\/","logo":{"@type":"ImageObject","inLanguage":"en-US","@id":"https:\/\/tajkertesz.com\/#\/schema\/logo\/image\/","url":"https:\/\/tajkertesz.com\/wp-content\/uploads\/2018\/02\/logo-2-e1518678052539.png","contentUrl":"https:\/\/tajkertesz.com\/wp-content\/uploads\/2018\/02\/logo-2-e1518678052539.png","width":81,"height":140,"caption":"T\u00e1j-Kert\u00e9sz 84 Kft."},"image":{"@id":"https:\/\/tajkertesz.com\/#\/schema\/logo\/image\/"},"sameAs":["https:\/\/www.facebook.com\/Tajkertesz\/"]}]}},"_links":{"self":[{"href":"https:\/\/tajkertesz.com\/en_US\/wp-json\/wp\/v2\/product\/7261","targetHints":{"allow":["GET"]}}],"collection":[{"href":"https:\/\/tajkertesz.com\/en_US\/wp-json\/wp\/v2\/product"}],"about":[{"href":"https:\/\/tajkertesz.com\/en_US\/wp-json\/wp\/v2\/types\/product"}],"wp:featuredmedia":[{"embeddable":true,"href":"https:\/\/tajkertesz.com\/en_US\/wp-json\/wp\/v2\/media\/7262"}],"wp:attachment":[{"href":"https:\/\/tajkertesz.com\/en_US\/wp-json\/wp\/v2\/media?parent=7261"}],"wp:term":[{"taxonomy":"product_brand","embeddable":true,"href":"https:\/\/tajkertesz.com\/en_US\/wp-json\/wp\/v2\/product_brand?post=7261"},{"taxonomy":"product_cat","embeddable":true,"href":"https:\/\/tajkertesz.com\/en_US\/wp-json\/wp\/v2\/product_cat?post=7261"},{"taxonomy":"product_tag","embeddable":true,"href":"https:\/\/tajkertesz.com\/en_US\/wp-json\/wp\/v2\/product_tag?post=7261"}],"curies":[{"name":"wp","href":"https:\/\/api.w.org\/{rel}","templated":true}]}}