{"id":727,"date":"2020-02-13T08:26:29","date_gmt":"2020-02-13T08:26:29","guid":{"rendered":"https:\/\/tajkertesz.com\/?post_type=product&#038;p=727"},"modified":"2026-02-24T10:10:24","modified_gmt":"2026-02-24T10:10:24","slug":"marhatragya-15-literes","status":"publish","type":"product","link":"https:\/\/tajkertesz.com\/en_US\/product\/marhatragya-15-literes\/","title":{"rendered":"Marhatr\u00e1gya 15 literes"},"content":{"rendered":"<h3>Marhatr\u00e1gya 15 literes<\/h3>\n<p>A Marhatr\u00e1gya 15 literes felhaszn\u00e1lhat\u00f3\u00a0 \u00a0kert\u00e9szeti kult\u00far\u00e1kban, z\u00f6lds\u00e9g termeszt\u00e9sben ,gy\u00fcm\u00f6lcsf\u00e1k , sz\u0151l\u0151 telep\u00edt\u00e9sekor.<\/p>\n<p>A marhatr\u00e1gya cserj\u00e9k \u00fcltet\u00e9sekor is aj\u00e1nlott, de rengeteg a j\u00f3t\u00e9kony hat\u00e1sa gyep fel\u00fcleten is.<\/p>\n<p><a href=\"https:\/\/tajkertesz.com\/\">https:\/\/tajkertesz.com\/<\/a><\/p>\n<p><a href=\"https:\/\/hu.wikipedia.org\/wiki\/Tr%C3%A1gya\">https:\/\/hu.wikipedia.org\/wiki\/Tr%C3%A1gya<\/a><\/p>\n<p style=\"line-height: 18.0pt; background: white; margin: 0cm 0cm 15.0pt 0cm;\"><span style=\"font-family: 'Ubuntu',serif; color: black;\">El\u00e9rhet\u0151 t\u00f6bbf\u00e9le m\u00e9retben \u00e9s \u00e1rban.<\/span><\/p>\n<p>Kert\u00e9szet\u00fcnkben t\u00f6bbf\u00e9le kiszerel\u00e9sben is kaphat\u00f3: 5 l, 15l , 50l.<\/p>\n<p style=\"line-height: 18.0pt; background: white; margin: 0cm 0cm 15.0pt 0cm;\"><b><span style=\"font-family: 'Ubuntu',serif; color: black;\">K\u00e9szlet\u00fcnk napi szinten v\u00e1ltozik, ez\u00e9rt k\u00e9rj\u00fck, \u00e9rdekl\u0151dj\u00f6n szem\u00e9lyesen, telefonon vagy email-en.<br \/>\nA v\u00e1ltoztat\u00e1s jog\u00e1t fenntartjuk!\u00a0<\/span><\/b><\/p>\n<p>A\u00a0<b>szerves tr\u00e1gy\u00e1k<\/b>\u00a0k\u00e9t nagy csoportja az \u00e1llati, illetve a n\u00f6v\u00e9nyi eredet\u0171 tr\u00e1gy\u00e1k\u00e9.<\/p>\n<ul>\n<li>Az \u00e1llati eredet\u0171 tr\u00e1gy\u00e1k k\u00fcl\u00f6nf\u00e9le haszon\u00e1llatok kihelyez\u00e9s el\u0151tt t\u00f6bbnyire kezelt, m\u00e1s anyagokkal kevert \u00fcr\u00fcl\u00e9kei. Az ilyen tr\u00e1gya \u00e9rt\u00e9ke egyr\u00e9szt az \u00e1llat fajt\u00e1j\u00e1t\u00f3l, m\u00e1sr\u00e9szt a feletetett takarm\u00e1nyt\u00f3l f\u00fcgg. Az \u00f3kori g\u00f6r\u00f6g\u00f6k \u00e9s r\u00f3maiak m\u00e1r az i.e. 1. sz\u00e1zadra felismert\u00e9k, hogy a baromfitr\u00e1gya hat\u00e1sosabb, mint a marha- vagy juhtr\u00e1gya.<\/li>\n<\/ul>\n<p>Valamennyi tr\u00e1gyaf\u00e9le k\u00f6z\u00fcl a legr\u00e9gebben alkalmazott \u00e9s ma is m\u00e9g a legfontosabb az ist\u00e1ll\u00f3tr\u00e1gya, amit az \u00e1llati \u00fcr\u00fcl\u00e9kb\u0151l\u00a0 \u00e9s az alomb\u00f3l kevernek \u00f6ssze. Kev\u00e9s benne a foszfor, de sok a nitrog\u00e9n \u00e9s a k\u00e1lium. A vizelet nitrog\u00e9n-tartalma gyorsan nitr\u00e1tt\u00e1 alakul; a szil\u00e1rd \u00fcr\u00fcl\u00e9k t\u00e1panyagai lassabban bomlanak, hat\u00e1suk elh\u00faz\u00f3d\u00f3. Az ist\u00e1ll\u00f3tr\u00e1gya \u00e9rt\u00e9k\u00e9t befoly\u00e1solja a<span style=\"color: #003366;\">z <a class=\"new\" style=\"color: #003366;\" title=\"Alom (a lap nem l\u00e9tezik)\" href=\"https:\/\/hu.wikipedia.org\/w\/index.php?title=Alom&amp;action=edit&amp;redlink=1\">alom<\/a> je<\/span>llege; ann\u00e1l t\u00f6bbet \u00e9r, min\u00e9l jobban felsz\u00edvja a vizeletet, min\u00e9l jobban elegyedik az \u00fcr\u00fcl\u00e9kkel \u00e9s min\u00e9l t\u00f6bb n\u00f6v\u00e9nyi t\u00e1pl\u00e1l\u00e9kot tartalmaz.<\/p>\n<p><span style=\"color: #ffffff;\">A Border m\u0171anyag \u00e1gy\u00e1s- \u00e9s gyepszeg\u00e9ly , 100 x 8 x 4,5 cm m\u00e9ret\u0171 k\u00f6nnyen telep\u00edthet\u0151 rugalmas m\u00e9gis er\u0151s mely seg\u00edt elv\u00e1lasztani\u00a0 a k\u00fcl\u00f6nb\u00f6z\u0151 fel\u00fcleteket.<\/span><\/p>\n<p><span style=\"color: #ffffff;\">Ez az \u00e1gy\u00e1sszeg\u00e9ly seg\u00edt elv\u00e1lasztani p\u00e9ld\u00e1ul a f\u00fcvet, mulcsot, k\u00f6vet egym\u00e1st\u00f3l.\u00a0 Metsz\u0151oll\u00f3 seg\u00edts\u00e9g\u00e9vel k\u00f6nnyen v\u00e1ghat\u00f3.<\/span><\/p>\n<p><span style=\"color: #ffffff;\">Rugalmass\u00e1g\u00e1nak k\u00f6sz\u00f6nhet\u0151en a kert kialak\u00edt\u00e1s\u00e1ban v\u00e1ltozatos formai megold\u00e1st biztos\u00edt. Egyenes, \u00edvelt, k\u00f6r \u00e9s ov\u00e1lis form\u00e1k is k\u00f6nnyed\u00e9n kialak\u00edthat\u00f3k haszn\u00e1lat\u00e1val.\u00a0 R\u00f6gz\u00edt\u00e9s\u00e9hez egyenes szakaszon 2-3 db, \u00edves szeg\u00e9ly eset\u00e9n 3-6 db lesz\u00far\u00f3 (FIXING PEG) haszn\u00e1lata sz\u00fcks\u00e9ges m\u00e9terenk\u00e9nt.<\/span><\/p>\n<p><span style=\"color: #ffffff;\">Anyaga: PP (polipropil\u00e9n)<\/span><\/p>\n<p><span style=\"color: #ffffff;\">Sz\u00edne: fekete<\/span><\/p>\n<p><span style=\"color: #ffffff;\">Jellemz\u0151je m\u00e9g, hogy ellen\u00e1ll az UV sug\u00e1rz\u00e1snak.<\/span><\/p>\n<p>&nbsp;<\/p>\n<p>&nbsp;<\/p>","protected":false},"excerpt":{"rendered":"<p>Felhaszn\u00e1lhat\u00f3 a marhatr\u00e1gya kert\u00e9szeti kult\u00far\u00e1kban, z\u00f6lds\u00e9g termeszt\u00e9sben ,gy\u00fcm\u00f6lcsf\u00e1k , sz\u0151l\u0151 telep\u00edt\u00e9sekor.<\/p>\n<p>A marhatr\u00e1gya cserj\u00e9k \u00fcltet\u00e9sekor is aj\u00e1nlott, de rengeteg a j\u00f3t\u00e9kony hat\u00e1sa gyep fel\u00fcleten is.<\/p>\n<p>Kert\u00e9szet\u00fcnkben t\u00f6bbf\u00e9le kiszerel\u00e9sben is kaphat\u00f3: 5 l, 15l , 50l.<\/p>\n<p>&nbsp;<\/p>","protected":false},"featured_media":728,"template":"","meta":{"_et_pb_use_builder":"","_et_pb_old_content":"","_et_gb_content_width":""},"product_brand":[],"product_cat":[35],"product_tag":[37,36,38],"class_list":{"0":"post-727","1":"product","2":"type-product","3":"status-publish","4":"has-post-thumbnail","6":"product_cat-tragyak","7":"product_tag-marhatragya","8":"product_tag-tragya","9":"product_tag-ulteteshez","11":"first","12":"instock","13":"shipping-taxable","14":"purchasable","15":"product-type-simple"},"yoast_head":"<!-- This site is optimized with the Yoast SEO plugin v27.3 - https:\/\/yoast.com\/product\/yoast-seo-wordpress\/ -->\n<title>Marhatr\u00e1gya 15 literes - T\u00e1jkert\u00e9sz<\/title>\n<meta name=\"description\" content=\"Felhaszn\u00e1lhat\u00f3 a marhatr\u00e1gya kert\u00e9szeti kult\u00far\u00e1kban, z\u00f6lds\u00e9g termeszt\u00e9sben ,gy\u00fcm\u00f6lcsf\u00e1k , sz\u0151l\u0151 telep\u00edt\u00e9sekor.\" \/>\n<meta name=\"robots\" content=\"index, follow, max-snippet:-1, max-image-preview:large, max-video-preview:-1\" \/>\n<link rel=\"canonical\" href=\"https:\/\/tajkertesz.com\/en_US\/product\/marhatragya-15-literes\/\" \/>\n<meta property=\"og:locale\" content=\"en_US\" \/>\n<meta property=\"og:type\" content=\"article\" \/>\n<meta property=\"og:title\" content=\"Marhatr\u00e1gya 15 literes - T\u00e1jkert\u00e9sz\" \/>\n<meta property=\"og:description\" content=\"Felhaszn\u00e1lhat\u00f3 a marhatr\u00e1gya kert\u00e9szeti kult\u00far\u00e1kban, z\u00f6lds\u00e9g termeszt\u00e9sben ,gy\u00fcm\u00f6lcsf\u00e1k , sz\u0151l\u0151 telep\u00edt\u00e9sekor.\" \/>\n<meta property=\"og:url\" content=\"https:\/\/tajkertesz.com\/en_US\/product\/marhatragya-15-literes\/\" \/>\n<meta property=\"og:site_name\" content=\"T\u00e1jkert\u00e9sz\" \/>\n<meta property=\"article:publisher\" content=\"https:\/\/www.facebook.com\/Tajkertesz\/\" \/>\n<meta property=\"article:modified_time\" content=\"2026-02-24T10:10:24+00:00\" \/>\n<meta property=\"og:image\" content=\"https:\/\/tajkertesz.com\/wp-content\/uploads\/2020\/02\/image0-rotated.jpeg\" \/>\n\t<meta property=\"og:image:width\" content=\"240\" \/>\n\t<meta property=\"og:image:height\" content=\"320\" \/>\n\t<meta property=\"og:image:type\" content=\"image\/jpeg\" \/>\n<meta name=\"twitter:card\" content=\"summary_large_image\" \/>\n<meta name=\"twitter:label1\" content=\"Est. reading time\" \/>\n\t<meta name=\"twitter:data1\" content=\"2 minutes\" \/>\n<script type=\"application\/ld+json\" class=\"yoast-schema-graph\">{\"@context\":\"https:\\\/\\\/schema.org\",\"@graph\":[{\"@type\":\"WebPage\",\"@id\":\"https:\\\/\\\/tajkertesz.com\\\/termek\\\/marhatragya-15-literes\\\/\",\"url\":\"https:\\\/\\\/tajkertesz.com\\\/termek\\\/marhatragya-15-literes\\\/\",\"name\":\"Marhatr\u00e1gya 15 literes - T\u00e1jkert\u00e9sz\",\"isPartOf\":{\"@id\":\"https:\\\/\\\/tajkertesz.com\\\/#website\"},\"primaryImageOfPage\":{\"@id\":\"https:\\\/\\\/tajkertesz.com\\\/termek\\\/marhatragya-15-literes\\\/#primaryimage\"},\"image\":{\"@id\":\"https:\\\/\\\/tajkertesz.com\\\/termek\\\/marhatragya-15-literes\\\/#primaryimage\"},\"thumbnailUrl\":\"https:\\\/\\\/tajkertesz.com\\\/wp-content\\\/uploads\\\/2020\\\/02\\\/image0-rotated.jpeg\",\"datePublished\":\"2020-02-13T08:26:29+00:00\",\"dateModified\":\"2026-02-24T10:10:24+00:00\",\"description\":\"Felhaszn\u00e1lhat\u00f3 a marhatr\u00e1gya kert\u00e9szeti kult\u00far\u00e1kban, z\u00f6lds\u00e9g termeszt\u00e9sben ,gy\u00fcm\u00f6lcsf\u00e1k , sz\u0151l\u0151 telep\u00edt\u00e9sekor.\",\"breadcrumb\":{\"@id\":\"https:\\\/\\\/tajkertesz.com\\\/termek\\\/marhatragya-15-literes\\\/#breadcrumb\"},\"inLanguage\":\"en-US\",\"potentialAction\":[{\"@type\":\"ReadAction\",\"target\":[\"https:\\\/\\\/tajkertesz.com\\\/termek\\\/marhatragya-15-literes\\\/\"]}]},{\"@type\":\"ImageObject\",\"inLanguage\":\"en-US\",\"@id\":\"https:\\\/\\\/tajkertesz.com\\\/termek\\\/marhatragya-15-literes\\\/#primaryimage\",\"url\":\"https:\\\/\\\/tajkertesz.com\\\/wp-content\\\/uploads\\\/2020\\\/02\\\/image0-rotated.jpeg\",\"contentUrl\":\"https:\\\/\\\/tajkertesz.com\\\/wp-content\\\/uploads\\\/2020\\\/02\\\/image0-rotated.jpeg\",\"width\":240,\"height\":320},{\"@type\":\"BreadcrumbList\",\"@id\":\"https:\\\/\\\/tajkertesz.com\\\/termek\\\/marhatragya-15-literes\\\/#breadcrumb\",\"itemListElement\":[{\"@type\":\"ListItem\",\"position\":1,\"name\":\"Home\",\"item\":\"https:\\\/\\\/tajkertesz.com\\\/\"},{\"@type\":\"ListItem\",\"position\":2,\"name\":\"Kezd\u0151lap\",\"item\":\"https:\\\/\\\/tajkertesz.com\\\/\"},{\"@type\":\"ListItem\",\"position\":3,\"name\":\"Marhatr\u00e1gya 15 literes\"}]},{\"@type\":\"WebSite\",\"@id\":\"https:\\\/\\\/tajkertesz.com\\\/#website\",\"url\":\"https:\\\/\\\/tajkertesz.com\\\/\",\"name\":\"T\u00e1j-Kert\u00e9sz 84 Kft.\",\"description\":\"Kert\u00e9szeti kis- \u00e9s nagykeresked\u00e9s, D\u00edszn\u00f6v\u00e9ny web\u00e1ruh\u00e1z orsz\u00e1gos h\u00e1zhozsz\u00e1ll\u00edt\u00e1ssal!\",\"publisher\":{\"@id\":\"https:\\\/\\\/tajkertesz.com\\\/#organization\"},\"potentialAction\":[{\"@type\":\"SearchAction\",\"target\":{\"@type\":\"EntryPoint\",\"urlTemplate\":\"https:\\\/\\\/tajkertesz.com\\\/?s={search_term_string}\"},\"query-input\":{\"@type\":\"PropertyValueSpecification\",\"valueRequired\":true,\"valueName\":\"search_term_string\"}}],\"inLanguage\":\"en-US\"},{\"@type\":\"Organization\",\"@id\":\"https:\\\/\\\/tajkertesz.com\\\/#organization\",\"name\":\"T\u00e1j-Kert\u00e9sz 84 Kft.\",\"url\":\"https:\\\/\\\/tajkertesz.com\\\/\",\"logo\":{\"@type\":\"ImageObject\",\"inLanguage\":\"en-US\",\"@id\":\"https:\\\/\\\/tajkertesz.com\\\/#\\\/schema\\\/logo\\\/image\\\/\",\"url\":\"https:\\\/\\\/tajkertesz.com\\\/wp-content\\\/uploads\\\/2018\\\/02\\\/logo-2-e1518678052539.png\",\"contentUrl\":\"https:\\\/\\\/tajkertesz.com\\\/wp-content\\\/uploads\\\/2018\\\/02\\\/logo-2-e1518678052539.png\",\"width\":81,\"height\":140,\"caption\":\"T\u00e1j-Kert\u00e9sz 84 Kft.\"},\"image\":{\"@id\":\"https:\\\/\\\/tajkertesz.com\\\/#\\\/schema\\\/logo\\\/image\\\/\"},\"sameAs\":[\"https:\\\/\\\/www.facebook.com\\\/Tajkertesz\\\/\"]}]}<\/script>\n<!-- \/ Yoast SEO plugin. -->","yoast_head_json":{"title":"Marhatr\u00e1gya 15 literes - T\u00e1jkert\u00e9sz","description":"Felhaszn\u00e1lhat\u00f3 a marhatr\u00e1gya kert\u00e9szeti kult\u00far\u00e1kban, z\u00f6lds\u00e9g termeszt\u00e9sben ,gy\u00fcm\u00f6lcsf\u00e1k , sz\u0151l\u0151 telep\u00edt\u00e9sekor.","robots":{"index":"index","follow":"follow","max-snippet":"max-snippet:-1","max-image-preview":"max-image-preview:large","max-video-preview":"max-video-preview:-1"},"canonical":"https:\/\/tajkertesz.com\/en_US\/product\/marhatragya-15-literes\/","og_locale":"en_US","og_type":"article","og_title":"Marhatr\u00e1gya 15 literes - T\u00e1jkert\u00e9sz","og_description":"Felhaszn\u00e1lhat\u00f3 a marhatr\u00e1gya kert\u00e9szeti kult\u00far\u00e1kban, z\u00f6lds\u00e9g termeszt\u00e9sben ,gy\u00fcm\u00f6lcsf\u00e1k , sz\u0151l\u0151 telep\u00edt\u00e9sekor.","og_url":"https:\/\/tajkertesz.com\/en_US\/product\/marhatragya-15-literes\/","og_site_name":"T\u00e1jkert\u00e9sz","article_publisher":"https:\/\/www.facebook.com\/Tajkertesz\/","article_modified_time":"2026-02-24T10:10:24+00:00","og_image":[{"width":240,"height":320,"url":"https:\/\/tajkertesz.com\/wp-content\/uploads\/2020\/02\/image0-rotated.jpeg","type":"image\/jpeg"}],"twitter_card":"summary_large_image","twitter_misc":{"Est. reading time":"2 minutes"},"schema":{"@context":"https:\/\/schema.org","@graph":[{"@type":"WebPage","@id":"https:\/\/tajkertesz.com\/termek\/marhatragya-15-literes\/","url":"https:\/\/tajkertesz.com\/termek\/marhatragya-15-literes\/","name":"Marhatr\u00e1gya 15 literes - T\u00e1jkert\u00e9sz","isPartOf":{"@id":"https:\/\/tajkertesz.com\/#website"},"primaryImageOfPage":{"@id":"https:\/\/tajkertesz.com\/termek\/marhatragya-15-literes\/#primaryimage"},"image":{"@id":"https:\/\/tajkertesz.com\/termek\/marhatragya-15-literes\/#primaryimage"},"thumbnailUrl":"https:\/\/tajkertesz.com\/wp-content\/uploads\/2020\/02\/image0-rotated.jpeg","datePublished":"2020-02-13T08:26:29+00:00","dateModified":"2026-02-24T10:10:24+00:00","description":"Felhaszn\u00e1lhat\u00f3 a marhatr\u00e1gya kert\u00e9szeti kult\u00far\u00e1kban, z\u00f6lds\u00e9g termeszt\u00e9sben ,gy\u00fcm\u00f6lcsf\u00e1k , sz\u0151l\u0151 telep\u00edt\u00e9sekor.","breadcrumb":{"@id":"https:\/\/tajkertesz.com\/termek\/marhatragya-15-literes\/#breadcrumb"},"inLanguage":"en-US","potentialAction":[{"@type":"ReadAction","target":["https:\/\/tajkertesz.com\/termek\/marhatragya-15-literes\/"]}]},{"@type":"ImageObject","inLanguage":"en-US","@id":"https:\/\/tajkertesz.com\/termek\/marhatragya-15-literes\/#primaryimage","url":"https:\/\/tajkertesz.com\/wp-content\/uploads\/2020\/02\/image0-rotated.jpeg","contentUrl":"https:\/\/tajkertesz.com\/wp-content\/uploads\/2020\/02\/image0-rotated.jpeg","width":240,"height":320},{"@type":"BreadcrumbList","@id":"https:\/\/tajkertesz.com\/termek\/marhatragya-15-literes\/#breadcrumb","itemListElement":[{"@type":"ListItem","position":1,"name":"Home","item":"https:\/\/tajkertesz.com\/"},{"@type":"ListItem","position":2,"name":"Kezd\u0151lap","item":"https:\/\/tajkertesz.com\/"},{"@type":"ListItem","position":3,"name":"Marhatr\u00e1gya 15 literes"}]},{"@type":"WebSite","@id":"https:\/\/tajkertesz.com\/#website","url":"https:\/\/tajkertesz.com\/","name":"T\u00e1j-Kert\u00e9sz 84 Kft.","description":"Kert\u00e9szeti kis- \u00e9s nagykeresked\u00e9s, D\u00edszn\u00f6v\u00e9ny web\u00e1ruh\u00e1z orsz\u00e1gos h\u00e1zhozsz\u00e1ll\u00edt\u00e1ssal!","publisher":{"@id":"https:\/\/tajkertesz.com\/#organization"},"potentialAction":[{"@type":"SearchAction","target":{"@type":"EntryPoint","urlTemplate":"https:\/\/tajkertesz.com\/?s={search_term_string}"},"query-input":{"@type":"PropertyValueSpecification","valueRequired":true,"valueName":"search_term_string"}}],"inLanguage":"en-US"},{"@type":"Organization","@id":"https:\/\/tajkertesz.com\/#organization","name":"T\u00e1j-Kert\u00e9sz 84 Kft.","url":"https:\/\/tajkertesz.com\/","logo":{"@type":"ImageObject","inLanguage":"en-US","@id":"https:\/\/tajkertesz.com\/#\/schema\/logo\/image\/","url":"https:\/\/tajkertesz.com\/wp-content\/uploads\/2018\/02\/logo-2-e1518678052539.png","contentUrl":"https:\/\/tajkertesz.com\/wp-content\/uploads\/2018\/02\/logo-2-e1518678052539.png","width":81,"height":140,"caption":"T\u00e1j-Kert\u00e9sz 84 Kft."},"image":{"@id":"https:\/\/tajkertesz.com\/#\/schema\/logo\/image\/"},"sameAs":["https:\/\/www.facebook.com\/Tajkertesz\/"]}]}},"_links":{"self":[{"href":"https:\/\/tajkertesz.com\/en_US\/wp-json\/wp\/v2\/product\/727","targetHints":{"allow":["GET"]}}],"collection":[{"href":"https:\/\/tajkertesz.com\/en_US\/wp-json\/wp\/v2\/product"}],"about":[{"href":"https:\/\/tajkertesz.com\/en_US\/wp-json\/wp\/v2\/types\/product"}],"wp:featuredmedia":[{"embeddable":true,"href":"https:\/\/tajkertesz.com\/en_US\/wp-json\/wp\/v2\/media\/728"}],"wp:attachment":[{"href":"https:\/\/tajkertesz.com\/en_US\/wp-json\/wp\/v2\/media?parent=727"}],"wp:term":[{"taxonomy":"product_brand","embeddable":true,"href":"https:\/\/tajkertesz.com\/en_US\/wp-json\/wp\/v2\/product_brand?post=727"},{"taxonomy":"product_cat","embeddable":true,"href":"https:\/\/tajkertesz.com\/en_US\/wp-json\/wp\/v2\/product_cat?post=727"},{"taxonomy":"product_tag","embeddable":true,"href":"https:\/\/tajkertesz.com\/en_US\/wp-json\/wp\/v2\/product_tag?post=727"}],"curies":[{"name":"wp","href":"https:\/\/api.w.org\/{rel}","templated":true}]}}