{"id":7273,"date":"2021-06-25T09:48:54","date_gmt":"2021-06-25T09:48:54","guid":{"rendered":"https:\/\/tajkertesz.com\/?post_type=product&#038;p=7273"},"modified":"2023-09-12T10:28:03","modified_gmt":"2023-09-12T10:28:03","slug":"protect-ragcsaloirto-pep-150-g","status":"publish","type":"product","link":"https:\/\/tajkertesz.com\/en_US\/product\/protect-ragcsaloirto-pep-150-g\/","title":{"rendered":"Protect r\u00e1gcs\u00e1l\u00f3irt\u00f3 p\u00e9p 150 g"},"content":{"rendered":"<div class=\"artdet__name-rating d-none d-lg-block\">\n<div class=\"row gutters-5\">\n<div class=\"col\">\n<div class=\"artdet__name-pagination-wrap d-flex\">\n<div class=\"top product-page-top\">\n<div class=\"center product-page-center\">\n<div class=\"artdet__name-pagination-wrap d-flex\">\n<div class=\"summary entry-summary\">\n<div class=\"elementor-column elementor-col-50 elementor-inner-column elementor-element elementor-element-072daa9\" data-id=\"072daa9\" data-element_type=\"column\">\n<div class=\"elementor-widget-wrap elementor-element-populated\">\n<div class=\"elementor-element elementor-element-54ae97b elementor-widget__width-auto elementor-widget elementor-widget-jet-single-title\" data-id=\"54ae97b\" data-element_type=\"widget\" data-widget_type=\"jet-single-title.default\">\n<div class=\"elementor-widget-container\">\n<div class=\"elementor-jet-single-title jet-woo-builder\">\n<div class=\"top product-page-top\">\n<div class=\"center product-page-center\">\n<h1 class=\"product-details-tile__title\">Protect r\u00e1gcs\u00e1l\u00f3irt\u00f3 p\u00e9p 150 g<\/h1>\n<\/div>\n<\/div>\n<div class=\"product-page-price-wrapper\"><\/div>\n<div class=\"top product-page-top\">\n<div class=\"center product-page-center\">\n<h1 class=\"product-details-tile__title\">Protect r\u00e1gcs\u00e1l\u00f3irt\u00f3 p\u00e9p 150 g,<\/h1>\n<div class=\"groupItem\">\n<div class=\"longTextItems\">\n<p>R\u00e1gcs\u00e1l\u00f3irt\u00e1s mesterfokon, Aroma\u00e1tereszt\u0151 csomagol\u00e1s, Biztos hat\u00e1s<\/p>\n<\/div>\n<div class=\"memo\">\n<p>A k\u00e9sz\u00edtm\u00e9ny z\u00e1rt t\u00e9rben \u00e9s \u00e9p\u00fcletek k\u00f6zvetlen k\u00f6rny\u00e9k\u00e9n v\u00e1ndorpatk\u00e1ny (Rattus norvegicus) \u00e9s h\u00e1zi eg\u00e9r (Mus musculus) irt\u00e1s\u00e1ra haszn\u00e1lhat\u00f3.<\/p>\n<\/div>\n<\/div>\n<div class=\"groupItem\">\n<h3>Elk\u00e9sz\u00edt\u00e9s \u00e9s t\u00e1rol\u00e1s:<\/h3>\n<div class=\"memo\">\n<p>A r\u00e9szletes haszn\u00e1lati \u00fatmutat\u00f3 a csomagol\u00e1s bels\u0151 oldal\u00e1n olvashat\u00f3. El\u00e9r\u00e9s\u00e9hez v\u00e1gja fel a dobozt az oldal\u00e1n tal\u00e1lhat\u00f3, oll\u00f3val jel\u00f6lt perfor\u00e1ci\u00f3 ment\u00e9n. A m\u0171veletet \u00f3vatosan, a r\u00e1gcs\u00e1l\u00f3irt\u00f3szert tartalmaz\u00f3 tasak megs\u00e9rt\u00e9se n\u00e9lk\u00fcl v\u00e9gezze. A term\u00e9k csomagol\u00e1s\u00e1t legal\u00e1bb a kezel\u00e9s v\u00e9g\u00e9ig \u0151rizze meg, mert az azon szerepl\u0151 inform\u00e1ci\u00f3kra a k\u00e9s\u0151bbiekben is sz\u00fcks\u00e9ge lehet.<\/p>\n<p>Alkalmaz\u00e1si d\u00f3zis:<br \/>\nPatk\u00e1nyok irt\u00e1sakor:<br \/>\n\u2022 kism\u00e9rt\u00e9k\u0171 \u00e1rtalom eset\u00e9n: 10 m\u00e9terenk\u00e9nt 100 gramm (10 db zacsk\u00f3)<br \/>\n\u2022 nagym\u00e9rt\u00e9k\u0171 \u00e1rtalom eset\u00e9n: 5 m\u00e9terenk\u00e9nt 100 gramm (10 db zacsk\u00f3)<br \/>\nEgerek irt\u00e1sakor:<br \/>\n\u2022 kism\u00e9rt\u00e9k\u0171 \u00e1rtalom eset\u00e9n: 10 m\u00e9terenk\u00e9nt 40 gramm (4 db zacsk\u00f3)<br \/>\n\u2022 nagym\u00e9rt\u00e9k\u0171 \u00e1rtalom eset\u00e9n: 5 m\u00e9terenk\u00e9nt 40 gramm (4 db zacsk\u00f3)<br \/>\nAz irt\u00f3szer kiz\u00e1r\u00f3lag z\u00e1rt, felnyit\u00e1s ellen v\u00e9dett etet\u0151l\u00e1d\u00e1ban helyezhet\u0151 ki! Egy etet\u0151l\u00e1d\u00e1ba az alkalmaz\u00e1si d\u00f3zisnak megfelel\u0151 maximum mennyis\u00e9g ker\u00fclhet. Az etet\u0151l\u00e1d\u00e1t a csomagol\u00e1s nem tartalmazza.<\/p>\n<p>Kiz\u00e1r\u00f3lag r\u00e1gcs\u00e1l\u00f3irt\u00e1sra \u00e9s csak a haszn\u00e1lati utas\u00edt\u00e1s szerint alkalmazza!<\/p>\n<p>Fontos inform\u00e1ci\u00f3!<br \/>\nJogszab\u00e1lyi v\u00e1ltoz\u00e1sok miatt a r\u00e1gcs\u00e1l\u00f3irt\u00f3 szerek lakoss\u00e1g r\u00e9sz\u00e9re t\u00f6rt\u00e9n\u0151 forgalmaz\u00e1s\u00e1ban jelent\u0151s v\u00e1ltoz\u00e1sok k\u00f6vetkeztek be, amelyeknek a legfontosabb elemei a k\u00f6vetkez\u0151k:<br \/>\n1. A hat\u00f3anyagtartalom nem haladhatja meg a 0,003%-ot.<br \/>\n2. A forgalmazhat\u00f3 maxim\u00e1lis csomagol\u00e1s m\u00e9rete egerek ellen 50 g, patk\u00e1nyok ellen 150 g lehet.<br \/>\n3. A term\u00e9keket k\u00f6telez\u0151 illet\u00e9ktelenek \u00e1ltal ki nem nyithat\u00f3 etet\u0151l\u00e1d\u00e1ba kihelyezni.<br \/>\nEz a term\u00e9k m\u00e1r az \u00faj jogszab\u00e1lyi felt\u00e9teleknek megfelel\u0151en ker\u00fclt forgalomba.<\/p>\n<\/div>\n<div class=\"memo\">\n<h4 class=\"itemHeader\">T\u00e1rol\u00e1s<\/h4>\n<p>Eltarthat\u00f3s\u00e1g \u00e9s t\u00e1rol\u00e1s: Eredeti, z\u00e1rt csomagol\u00e1sban, f\u00e9nyt\u0151l v\u00e9dett, sz\u00e1raz, h\u0171v\u00f6s, j\u00f3l szell\u0151z\u0151 helyen t\u00e1rolva, a gy\u00e1rt\u00e1st\u00f3l sz\u00e1m\u00edtva 2 \u00e9vig haszn\u00e1lhat\u00f3 fel. Tartsa t\u00e1vol gy\u00fajt\u00f3forr\u00e1sokt\u00f3l \u00e9s oxid\u00e1l\u00f3 anyagokt\u00f3l.<\/p>\n<\/div>\n<\/div>\n<p>&nbsp;<\/p>\n<\/div>\n<\/div>\n<\/div>\n<\/div>\n<\/div>\n<\/div>\n<\/div>\n<div class=\"elementor-widget-wrap elementor-element-populated\">\n<div class=\"elementor-element elementor-element-f74de4b elementor-widget__width-auto elementor-widget elementor-widget-jet-single-price\" data-id=\"f74de4b\" data-element_type=\"widget\" data-widget_type=\"jet-single-price.default\">\n<div><\/div>\n<\/div>\n<\/div>\n<\/div>\n<\/div>\n<\/div>\n<\/div>\n<\/div>\n<\/div>\n<\/div>\n<\/div>\n<p><a href=\"https:\/\/www.facebook.com\/tajkertesz\">https:\/\/www.facebook.com\/tajkertesz<\/a><\/p>\n<p><a href=\"https:\/\/tajkertesz.com\/\">https:\/\/tajkertesz.com\/<\/a><\/p>\n<p><a href=\"https:\/\/tajkertesz.com\/wp-content\/uploads\/2021\/06\/protect_ragcsaloirto_pep_20170510.pdf\">protect_ragcsaloirto_pep_20170510<\/a><\/p>\n<p>&nbsp;<\/p>\n<p><span style=\"color: #ffffff;\">A\u00a0<b>rovarriaszt\u00f3, repellens:<\/b><\/span><\/p>\n<p><span style=\"color: #ffffff;\">(<i>latin:<\/i>\u00a0elriaszt\u00f3, t\u00e1vol tart\u00f3, pl.: rovart<sup id=\"cite_ref-1\" class=\"reference\"><\/sup>) olyan anyag,\u00a0 fizikai elj\u00e1r\u00e1s, amely elriasztja, t\u00e1vol tartja a rovarokat az ember b\u0151r\u00e9t\u0151l, ruh\u00e1zat\u00e1t\u00f3l, lak\u00f3hely\u00e9t\u0151l vagy az \u00e1llatok k\u00fcltakar\u00f3j\u00e1t\u00f3l, k\u00f6rnyezet\u00e9t\u0151l, \u00e9l\u0151hely\u00e9t\u0151l. <sup id=\"cite_ref-2\" class=\"reference\"><\/sup>Repellens hat\u00e1s alatt bizonyos hat\u00f3anyagok kullancsokra \u00e9s rovarokra kifejtett t\u00e1vol tart\u00f3 hat\u00e1s\u00e1t \u00e9rtj\u00fck, ami megakad\u00e1lyozza a parazit\u00e1k megtapad\u00e1s\u00e1t, sz\u00far\u00e1s\u00e1t vagy v\u00e9rsz\u00edv\u00e1s\u00e1t a kezelt emberen, \u00e1llaton. Fert\u0151z\u00f6tt rovarok cs\u00edp\u00e9se betegs\u00e9g terjed\u00e9s\u00e9nek forr\u00e1sa lehet.<sup id=\"cite_ref-3\" class=\"reference\"><\/sup><\/span><\/p>\n<p><span style=\"color: #ffffff;\">Elengedhetetlen fontoss\u00e1g\u00fa annak ismerete, hogy melyik\u00a0<i>rovarriaszt\u00f3<\/i>\u00a0term\u00e9kek kisz\u00e1m\u00edthat\u00f3k \u00e9s tart\u00f3s v\u00e9delmet ny\u00fajtanak. K\u00f6zel 100%-os v\u00e9delem \u00e9rhet\u0151 el, ha hosszabb hat\u00e1startam\u00fa rovar\u0171z\u0151 szereket c\u00e9lszer\u0171 haszn\u00e1lunk, kombin\u00e1lva\u00a0<i>permetrinnel<\/i> kezelt ruh\u00e1zattal. Ugyanolyan szem\u00e9lyi v\u00e9delmi int\u00e9zked\u00e9seket kell foganatos\u00edtani kullancsok \u00e9s cs\u00edp\u0151s rovarok, legyek eset\u00e9ben, mint a sz\u00fanyogokn\u00e1l, mert ezek az \u00e9l\u0151sk\u00f6d\u0151k is tov\u00e1bb\u00edtja a Lyme-k\u00f3rt, kullancsencephalitist, visszat\u00e9r\u0151 l\u00e1zt, t\u00edfuszt, leishmaniasist, onchocerciasist, trypanosomiasist, \u00e9s sz\u00e1mos m\u00e1s tr\u00f3pusi \u00e9s fert\u0151z\u0151 betegs\u00e9geket.<\/span><\/p>\n<p><span style=\"color: #ffffff;\">A\u00a0<b>permetrin:<\/b><\/span><\/p>\n<p><span style=\"color: #ffffff;\">a piretroidok k\u00f6z\u00e9 tartoz\u00f3 rovar- \u00e9s atkairt\u00f3 hat\u00f3anyag, amelyet tet\u0171- \u00e9s bolhairt\u00f3k\u00e9nt a hum\u00e1n- \u00e9s \u00e1llatgy\u00f3gy\u00e1szatban, biocidk\u00e9nt pedig \u00e1ltal\u00e1nos rovarirt\u00f3szerekben alkalmaznak. K\u00f6rnyezetk\u00e1ros\u00edt\u00f3 hat\u00e1sa miatt 2003 \u00f3ta az Eur\u00f3pai Uni\u00f3ban nem haszn\u00e1lhat\u00f3 n\u00f6v\u00e9nyv\u00e9d\u0151szerk\u00e9nt. Az \u0151szi margitvir\u00e1gban tal\u00e1lhat\u00f3 term\u00e9szetes rovar\u00f6l\u0151 anyag alapj\u00e1n fejlesztett\u00e9k ki, majd kezdt\u00e9k el ipari gy\u00e1rt\u00e1s\u00e1t.<\/span><\/p>\n<p><b>K\u00e9szlet\u00fcnk napi szinten v\u00e1ltozik, ez\u00e9rt k\u00e9rj\u00fck, \u00e9rdekl\u0151dj\u00f6n szem\u00e9lyesen, telefonon vagy email-en.<br \/>\nA v\u00e1ltoztat\u00e1s jog\u00e1t fenntartjuk!\u00a0<\/b><\/p>","protected":false},"excerpt":{"rendered":"<h1 class=\"product-details-tile__title\">Protect r\u00e1gcs\u00e1l\u00f3irt\u00f3 p\u00e9p 150 g,<\/h1>\n<div class=\"groupItem\">\n<div class=\"longTextItems\">\n<p>R\u00e1gcs\u00e1l\u00f3irt\u00e1s mesterfokon, Aroma\u00e1tereszt\u0151 csomagol\u00e1s, Biztos hat\u00e1s<\/p>\n<\/div>\n<div class=\"memo\">\n<p>A k\u00e9sz\u00edtm\u00e9ny z\u00e1rt t\u00e9rben \u00e9s \u00e9p\u00fcletek k\u00f6zvetlen k\u00f6rny\u00e9k\u00e9n v\u00e1ndorpatk\u00e1ny (Rattus norvegicus) \u00e9s h\u00e1zi eg\u00e9r (Mus musculus) irt\u00e1s\u00e1ra haszn\u00e1lhat\u00f3.<\/p>\n<\/div>\n<\/div>","protected":false},"featured_media":7274,"template":"","meta":{"_et_pb_use_builder":"","_et_pb_old_content":"","_et_gb_content_width":""},"product_brand":[],"product_cat":[4094],"product_tag":[2102],"class_list":{"0":"post-7273","1":"product","2":"type-product","3":"status-publish","4":"has-post-thumbnail","6":"product_cat-protect-termekek","7":"product_tag-protect-ragcsaloirto-pep-150-g","9":"first","10":"instock","11":"shipping-taxable","12":"purchasable","13":"product-type-simple"},"yoast_head":"<!-- This site is optimized with the Yoast SEO plugin v27.5 - https:\/\/yoast.com\/product\/yoast-seo-wordpress\/ -->\n<title>Protect r\u00e1gcs\u00e1l\u00f3irt\u00f3 p\u00e9p 150 g - T\u00e1jkert\u00e9sz<\/title>\n<meta name=\"description\" content=\"Protect r\u00e1gcs\u00e1l\u00f3irt\u00f3 p\u00e9p 150 g,R\u00e1gcs\u00e1l\u00f3irt\u00e1s mesterfokon, Aroma\u00e1tereszt\u0151 csomagol\u00e1s, Biztos hat\u00e1sA k\u00e9sz\u00edtm\u00e9ny z\u00e1rt t\u00e9rben \u00e9s\" \/>\n<meta name=\"robots\" content=\"index, follow, max-snippet:-1, max-image-preview:large, max-video-preview:-1\" \/>\n<link rel=\"canonical\" href=\"https:\/\/tajkertesz.com\/en_US\/product\/protect-ragcsaloirto-pep-150-g\/\" \/>\n<meta property=\"og:locale\" content=\"en_US\" \/>\n<meta property=\"og:type\" content=\"article\" \/>\n<meta property=\"og:title\" content=\"Protect r\u00e1gcs\u00e1l\u00f3irt\u00f3 p\u00e9p 150 g - T\u00e1jkert\u00e9sz\" \/>\n<meta property=\"og:description\" content=\"Protect r\u00e1gcs\u00e1l\u00f3irt\u00f3 p\u00e9p 150 g,R\u00e1gcs\u00e1l\u00f3irt\u00e1s mesterfokon, Aroma\u00e1tereszt\u0151 csomagol\u00e1s, Biztos hat\u00e1sA k\u00e9sz\u00edtm\u00e9ny z\u00e1rt t\u00e9rben \u00e9s\" \/>\n<meta property=\"og:url\" content=\"https:\/\/tajkertesz.com\/en_US\/product\/protect-ragcsaloirto-pep-150-g\/\" \/>\n<meta property=\"og:site_name\" content=\"T\u00e1jkert\u00e9sz\" \/>\n<meta property=\"article:publisher\" content=\"https:\/\/www.facebook.com\/Tajkertesz\/\" \/>\n<meta property=\"article:modified_time\" content=\"2023-09-12T10:28:03+00:00\" \/>\n<meta property=\"og:image\" content=\"https:\/\/tajkertesz.com\/wp-content\/uploads\/2021\/06\/pep.jpg\" \/>\n\t<meta property=\"og:image:width\" content=\"540\" \/>\n\t<meta property=\"og:image:height\" content=\"540\" \/>\n\t<meta property=\"og:image:type\" content=\"image\/jpeg\" \/>\n<meta name=\"twitter:card\" content=\"summary_large_image\" \/>\n<meta name=\"twitter:label1\" content=\"Est. reading time\" \/>\n\t<meta name=\"twitter:data1\" content=\"3 minutes\" \/>\n<script type=\"application\/ld+json\" class=\"yoast-schema-graph\">{\"@context\":\"https:\\\/\\\/schema.org\",\"@graph\":[{\"@type\":\"WebPage\",\"@id\":\"https:\\\/\\\/tajkertesz.com\\\/termek\\\/protect-ragcsaloirto-pep-150-g\\\/\",\"url\":\"https:\\\/\\\/tajkertesz.com\\\/termek\\\/protect-ragcsaloirto-pep-150-g\\\/\",\"name\":\"Protect r\u00e1gcs\u00e1l\u00f3irt\u00f3 p\u00e9p 150 g - T\u00e1jkert\u00e9sz\",\"isPartOf\":{\"@id\":\"https:\\\/\\\/tajkertesz.com\\\/#website\"},\"primaryImageOfPage\":{\"@id\":\"https:\\\/\\\/tajkertesz.com\\\/termek\\\/protect-ragcsaloirto-pep-150-g\\\/#primaryimage\"},\"image\":{\"@id\":\"https:\\\/\\\/tajkertesz.com\\\/termek\\\/protect-ragcsaloirto-pep-150-g\\\/#primaryimage\"},\"thumbnailUrl\":\"https:\\\/\\\/tajkertesz.com\\\/wp-content\\\/uploads\\\/2021\\\/06\\\/pep.jpg\",\"datePublished\":\"2021-06-25T09:48:54+00:00\",\"dateModified\":\"2023-09-12T10:28:03+00:00\",\"description\":\"Protect r\u00e1gcs\u00e1l\u00f3irt\u00f3 p\u00e9p 150 g,R\u00e1gcs\u00e1l\u00f3irt\u00e1s mesterfokon, Aroma\u00e1tereszt\u0151 csomagol\u00e1s, Biztos hat\u00e1sA k\u00e9sz\u00edtm\u00e9ny z\u00e1rt t\u00e9rben \u00e9s\",\"breadcrumb\":{\"@id\":\"https:\\\/\\\/tajkertesz.com\\\/termek\\\/protect-ragcsaloirto-pep-150-g\\\/#breadcrumb\"},\"inLanguage\":\"en-US\",\"potentialAction\":[{\"@type\":\"ReadAction\",\"target\":[\"https:\\\/\\\/tajkertesz.com\\\/termek\\\/protect-ragcsaloirto-pep-150-g\\\/\"]}]},{\"@type\":\"ImageObject\",\"inLanguage\":\"en-US\",\"@id\":\"https:\\\/\\\/tajkertesz.com\\\/termek\\\/protect-ragcsaloirto-pep-150-g\\\/#primaryimage\",\"url\":\"https:\\\/\\\/tajkertesz.com\\\/wp-content\\\/uploads\\\/2021\\\/06\\\/pep.jpg\",\"contentUrl\":\"https:\\\/\\\/tajkertesz.com\\\/wp-content\\\/uploads\\\/2021\\\/06\\\/pep.jpg\",\"width\":540,\"height\":540},{\"@type\":\"BreadcrumbList\",\"@id\":\"https:\\\/\\\/tajkertesz.com\\\/termek\\\/protect-ragcsaloirto-pep-150-g\\\/#breadcrumb\",\"itemListElement\":[{\"@type\":\"ListItem\",\"position\":1,\"name\":\"Home\",\"item\":\"https:\\\/\\\/tajkertesz.com\\\/\"},{\"@type\":\"ListItem\",\"position\":2,\"name\":\"Kezd\u0151lap\",\"item\":\"https:\\\/\\\/tajkertesz.com\\\/\"},{\"@type\":\"ListItem\",\"position\":3,\"name\":\"Protect r\u00e1gcs\u00e1l\u00f3irt\u00f3 p\u00e9p 150 g\"}]},{\"@type\":\"WebSite\",\"@id\":\"https:\\\/\\\/tajkertesz.com\\\/#website\",\"url\":\"https:\\\/\\\/tajkertesz.com\\\/\",\"name\":\"T\u00e1j-Kert\u00e9sz 84 Kft.\",\"description\":\"Kert\u00e9szeti kis- \u00e9s nagykeresked\u00e9s, D\u00edszn\u00f6v\u00e9ny web\u00e1ruh\u00e1z orsz\u00e1gos h\u00e1zhozsz\u00e1ll\u00edt\u00e1ssal!\",\"publisher\":{\"@id\":\"https:\\\/\\\/tajkertesz.com\\\/#organization\"},\"potentialAction\":[{\"@type\":\"SearchAction\",\"target\":{\"@type\":\"EntryPoint\",\"urlTemplate\":\"https:\\\/\\\/tajkertesz.com\\\/?s={search_term_string}\"},\"query-input\":{\"@type\":\"PropertyValueSpecification\",\"valueRequired\":true,\"valueName\":\"search_term_string\"}}],\"inLanguage\":\"en-US\"},{\"@type\":\"Organization\",\"@id\":\"https:\\\/\\\/tajkertesz.com\\\/#organization\",\"name\":\"T\u00e1j-Kert\u00e9sz 84 Kft.\",\"url\":\"https:\\\/\\\/tajkertesz.com\\\/\",\"logo\":{\"@type\":\"ImageObject\",\"inLanguage\":\"en-US\",\"@id\":\"https:\\\/\\\/tajkertesz.com\\\/#\\\/schema\\\/logo\\\/image\\\/\",\"url\":\"https:\\\/\\\/tajkertesz.com\\\/wp-content\\\/uploads\\\/2018\\\/02\\\/logo-2-e1518678052539.png\",\"contentUrl\":\"https:\\\/\\\/tajkertesz.com\\\/wp-content\\\/uploads\\\/2018\\\/02\\\/logo-2-e1518678052539.png\",\"width\":81,\"height\":140,\"caption\":\"T\u00e1j-Kert\u00e9sz 84 Kft.\"},\"image\":{\"@id\":\"https:\\\/\\\/tajkertesz.com\\\/#\\\/schema\\\/logo\\\/image\\\/\"},\"sameAs\":[\"https:\\\/\\\/www.facebook.com\\\/Tajkertesz\\\/\"]}]}<\/script>\n<!-- \/ Yoast SEO plugin. -->","yoast_head_json":{"title":"Protect r\u00e1gcs\u00e1l\u00f3irt\u00f3 p\u00e9p 150 g - T\u00e1jkert\u00e9sz","description":"Protect r\u00e1gcs\u00e1l\u00f3irt\u00f3 p\u00e9p 150 g,R\u00e1gcs\u00e1l\u00f3irt\u00e1s mesterfokon, Aroma\u00e1tereszt\u0151 csomagol\u00e1s, Biztos hat\u00e1sA k\u00e9sz\u00edtm\u00e9ny z\u00e1rt t\u00e9rben \u00e9s","robots":{"index":"index","follow":"follow","max-snippet":"max-snippet:-1","max-image-preview":"max-image-preview:large","max-video-preview":"max-video-preview:-1"},"canonical":"https:\/\/tajkertesz.com\/en_US\/product\/protect-ragcsaloirto-pep-150-g\/","og_locale":"en_US","og_type":"article","og_title":"Protect r\u00e1gcs\u00e1l\u00f3irt\u00f3 p\u00e9p 150 g - T\u00e1jkert\u00e9sz","og_description":"Protect r\u00e1gcs\u00e1l\u00f3irt\u00f3 p\u00e9p 150 g,R\u00e1gcs\u00e1l\u00f3irt\u00e1s mesterfokon, Aroma\u00e1tereszt\u0151 csomagol\u00e1s, Biztos hat\u00e1sA k\u00e9sz\u00edtm\u00e9ny z\u00e1rt t\u00e9rben \u00e9s","og_url":"https:\/\/tajkertesz.com\/en_US\/product\/protect-ragcsaloirto-pep-150-g\/","og_site_name":"T\u00e1jkert\u00e9sz","article_publisher":"https:\/\/www.facebook.com\/Tajkertesz\/","article_modified_time":"2023-09-12T10:28:03+00:00","og_image":[{"width":540,"height":540,"url":"https:\/\/tajkertesz.com\/wp-content\/uploads\/2021\/06\/pep.jpg","type":"image\/jpeg"}],"twitter_card":"summary_large_image","twitter_misc":{"Est. reading time":"3 minutes"},"schema":{"@context":"https:\/\/schema.org","@graph":[{"@type":"WebPage","@id":"https:\/\/tajkertesz.com\/termek\/protect-ragcsaloirto-pep-150-g\/","url":"https:\/\/tajkertesz.com\/termek\/protect-ragcsaloirto-pep-150-g\/","name":"Protect r\u00e1gcs\u00e1l\u00f3irt\u00f3 p\u00e9p 150 g - T\u00e1jkert\u00e9sz","isPartOf":{"@id":"https:\/\/tajkertesz.com\/#website"},"primaryImageOfPage":{"@id":"https:\/\/tajkertesz.com\/termek\/protect-ragcsaloirto-pep-150-g\/#primaryimage"},"image":{"@id":"https:\/\/tajkertesz.com\/termek\/protect-ragcsaloirto-pep-150-g\/#primaryimage"},"thumbnailUrl":"https:\/\/tajkertesz.com\/wp-content\/uploads\/2021\/06\/pep.jpg","datePublished":"2021-06-25T09:48:54+00:00","dateModified":"2023-09-12T10:28:03+00:00","description":"Protect r\u00e1gcs\u00e1l\u00f3irt\u00f3 p\u00e9p 150 g,R\u00e1gcs\u00e1l\u00f3irt\u00e1s mesterfokon, Aroma\u00e1tereszt\u0151 csomagol\u00e1s, Biztos hat\u00e1sA k\u00e9sz\u00edtm\u00e9ny z\u00e1rt t\u00e9rben \u00e9s","breadcrumb":{"@id":"https:\/\/tajkertesz.com\/termek\/protect-ragcsaloirto-pep-150-g\/#breadcrumb"},"inLanguage":"en-US","potentialAction":[{"@type":"ReadAction","target":["https:\/\/tajkertesz.com\/termek\/protect-ragcsaloirto-pep-150-g\/"]}]},{"@type":"ImageObject","inLanguage":"en-US","@id":"https:\/\/tajkertesz.com\/termek\/protect-ragcsaloirto-pep-150-g\/#primaryimage","url":"https:\/\/tajkertesz.com\/wp-content\/uploads\/2021\/06\/pep.jpg","contentUrl":"https:\/\/tajkertesz.com\/wp-content\/uploads\/2021\/06\/pep.jpg","width":540,"height":540},{"@type":"BreadcrumbList","@id":"https:\/\/tajkertesz.com\/termek\/protect-ragcsaloirto-pep-150-g\/#breadcrumb","itemListElement":[{"@type":"ListItem","position":1,"name":"Home","item":"https:\/\/tajkertesz.com\/"},{"@type":"ListItem","position":2,"name":"Kezd\u0151lap","item":"https:\/\/tajkertesz.com\/"},{"@type":"ListItem","position":3,"name":"Protect r\u00e1gcs\u00e1l\u00f3irt\u00f3 p\u00e9p 150 g"}]},{"@type":"WebSite","@id":"https:\/\/tajkertesz.com\/#website","url":"https:\/\/tajkertesz.com\/","name":"T\u00e1j-Kert\u00e9sz 84 Kft.","description":"Kert\u00e9szeti kis- \u00e9s nagykeresked\u00e9s, D\u00edszn\u00f6v\u00e9ny web\u00e1ruh\u00e1z orsz\u00e1gos h\u00e1zhozsz\u00e1ll\u00edt\u00e1ssal!","publisher":{"@id":"https:\/\/tajkertesz.com\/#organization"},"potentialAction":[{"@type":"SearchAction","target":{"@type":"EntryPoint","urlTemplate":"https:\/\/tajkertesz.com\/?s={search_term_string}"},"query-input":{"@type":"PropertyValueSpecification","valueRequired":true,"valueName":"search_term_string"}}],"inLanguage":"en-US"},{"@type":"Organization","@id":"https:\/\/tajkertesz.com\/#organization","name":"T\u00e1j-Kert\u00e9sz 84 Kft.","url":"https:\/\/tajkertesz.com\/","logo":{"@type":"ImageObject","inLanguage":"en-US","@id":"https:\/\/tajkertesz.com\/#\/schema\/logo\/image\/","url":"https:\/\/tajkertesz.com\/wp-content\/uploads\/2018\/02\/logo-2-e1518678052539.png","contentUrl":"https:\/\/tajkertesz.com\/wp-content\/uploads\/2018\/02\/logo-2-e1518678052539.png","width":81,"height":140,"caption":"T\u00e1j-Kert\u00e9sz 84 Kft."},"image":{"@id":"https:\/\/tajkertesz.com\/#\/schema\/logo\/image\/"},"sameAs":["https:\/\/www.facebook.com\/Tajkertesz\/"]}]}},"_links":{"self":[{"href":"https:\/\/tajkertesz.com\/en_US\/wp-json\/wp\/v2\/product\/7273","targetHints":{"allow":["GET"]}}],"collection":[{"href":"https:\/\/tajkertesz.com\/en_US\/wp-json\/wp\/v2\/product"}],"about":[{"href":"https:\/\/tajkertesz.com\/en_US\/wp-json\/wp\/v2\/types\/product"}],"wp:featuredmedia":[{"embeddable":true,"href":"https:\/\/tajkertesz.com\/en_US\/wp-json\/wp\/v2\/media\/7274"}],"wp:attachment":[{"href":"https:\/\/tajkertesz.com\/en_US\/wp-json\/wp\/v2\/media?parent=7273"}],"wp:term":[{"taxonomy":"product_brand","embeddable":true,"href":"https:\/\/tajkertesz.com\/en_US\/wp-json\/wp\/v2\/product_brand?post=7273"},{"taxonomy":"product_cat","embeddable":true,"href":"https:\/\/tajkertesz.com\/en_US\/wp-json\/wp\/v2\/product_cat?post=7273"},{"taxonomy":"product_tag","embeddable":true,"href":"https:\/\/tajkertesz.com\/en_US\/wp-json\/wp\/v2\/product_tag?post=7273"}],"curies":[{"name":"wp","href":"https:\/\/api.w.org\/{rel}","templated":true}]}}