{"id":7275,"date":"2021-06-25T09:51:39","date_gmt":"2021-06-25T09:51:39","guid":{"rendered":"https:\/\/tajkertesz.com\/?post_type=product&#038;p=7275"},"modified":"2025-10-15T07:52:32","modified_gmt":"2025-10-15T07:52:32","slug":"kilrat-ragcsaloirto-pep","status":"publish","type":"product","link":"https:\/\/tajkertesz.com\/en_US\/product\/kilrat-ragcsaloirto-pep\/","title":{"rendered":"Kilrat r\u00e1gcs\u00e1l\u00f3irt\u00f3 p\u00e9p 0,15 kg"},"content":{"rendered":"<div class=\"artdet__name-rating d-none d-lg-block\">\n<div class=\"row gutters-5\">\n<div class=\"col\">\n<div class=\"artdet__name-pagination-wrap d-flex\">\n<div class=\"top product-page-top\">\n<div class=\"center product-page-center\">\n<div class=\"artdet__name-pagination-wrap d-flex\">\n<div class=\"summary entry-summary\">\n<div class=\"elementor-column elementor-col-50 elementor-inner-column elementor-element elementor-element-072daa9\" data-id=\"072daa9\" data-element_type=\"column\">\n<div class=\"elementor-widget-wrap elementor-element-populated\">\n<div class=\"elementor-element elementor-element-54ae97b elementor-widget__width-auto elementor-widget elementor-widget-jet-single-title\" data-id=\"54ae97b\" data-element_type=\"widget\" data-widget_type=\"jet-single-title.default\">\n<div class=\"elementor-widget-container\">\n<div class=\"elementor-jet-single-title jet-woo-builder\">\n<div class=\"top product-page-top\">\n<div class=\"center product-page-center\">\n<h1 class=\"h1 product-title\">Kilrat r\u00e1gcs\u00e1l\u00f3irt\u00f3 p\u00e9p 0,15 kg<\/h1>\n<div class=\"product-title-addittional\">\u00a0Kilrat r\u00e1gcs\u00e1l\u00f3irt\u00f3 p\u00e9p 0,15 kg, KILRAT\u00ae r\u00e1gcs\u00e1l\u00f3irt\u00f3 p\u00e9p Felhaszn\u00e1lhat\u00f3: Z\u00e1rt t\u00e9rben \u00e9s \u00e9p\u00fcletek k\u00f6zvetlen k\u00f6rny\u00e9k\u00e9n v\u00e1ndorpatk\u00e1ny (Rattus norvegicus) \u00e9s z\u00e1rt t\u00e9rben h\u00e1z eg\u00e9r (Mus musculus) irt\u00e1s\u00e1ra. Lakoss\u00e1gi felhaszn\u00e1l\u00e1sra.<\/div>\n<\/div>\n<\/div>\n<div class=\"top product-page-top\">\n<div class=\"center product-page-center\">\n<div class=\"product-title-addittional\"><\/div>\n<div class=\"groupItem\">\n<div class=\"longTextItems\"><\/div>\n<\/div>\n<\/div>\n<\/div>\n<\/div>\n<\/div>\n<\/div>\n<\/div>\n<\/div>\n<div class=\"elementor-widget-wrap elementor-element-populated\">\n<div class=\"elementor-element elementor-element-f74de4b elementor-widget__width-auto elementor-widget elementor-widget-jet-single-price\" data-id=\"f74de4b\" data-element_type=\"widget\" data-widget_type=\"jet-single-price.default\">\n<p>Z\u00e1rt t\u00e9rben \u00e9s \u00e9p\u00fcletek k\u00f6zvetlen k\u00f6rny\u00e9k\u00e9n v\u00e1ndorpatk\u00e1ny (Rattus norvegicus) \u00e9s z\u00e1rt t\u00e9rben h\u00e1z eg\u00e9r (Mus musculus) irt\u00e1s\u00e1ra. Lakoss\u00e1gi felhaszn\u00e1l\u00e1sra.<\/p>\n<h4>Haszn\u00e1lati utas\u00edt\u00e1s:<\/h4>\n<p>Az irt\u00f3szer haszn\u00e1lat\u00e1t megel\u0151z\u0151 tev\u00e9kenys\u00e9gek:<\/p>\n<p>A k\u00e9sz\u00edtm\u00e9nyt olyan helyeken alkalmazza, ahol patk\u00e1nyok, egerek el\u0151fordul\u00e1sa \u00e9szlelhet\u0151. A r\u00e1gcs\u00e1l\u00f3k jelenl\u00e9t\u00e9re jellegzetes nyomaikb\u00f3l (f\u00e9szkek, lyukak, vonul\u00e1si utak, \u00fcr\u00fcl\u00e9k, stb.) vagy a r\u00e1g\u00e1suk okozta k\u00e1rokb\u00f3l k\u00f6vetkeztethet. A nyomok vagy a l\u00e1that\u00f3 k\u00e1rokoz\u00e1sok alapj\u00e1n becs\u00fclje meg, milyen m\u00e9rt\u00e9kben szaporodtak el a r\u00e1gcs\u00e1l\u00f3k, majd az irt\u00e1st ennek ismeret\u00e9ben v\u00e9gezze el.<\/p>\n<p>A k\u00e9sz\u00edtm\u00e9ny kihelyez\u00e9se el\u0151tt m\u00e9rlegelje, hogy a tapasztalt r\u00e1gcs\u00e1l\u00f3\u00e1rtalom megsz\u00fcntethet\u0151-e irt\u00f3szer alkalmaz\u00e1sa n\u00e9lk\u00fcl. Irt\u00f3szert csak indokolt esetben haszn\u00e1ljon! R\u00e1gcs\u00e1l\u00f3fert\u0151z\u00f6tts\u00e9g megel\u0151z\u00e9s\u00e9re vagy r\u00e1gcs\u00e1l\u00f3 aktivit\u00e1s kimutat\u00e1s\u00e1ra ne alkalmazza.<\/p>\n<p>Az irt\u00e1s megkezd\u00e9se el\u0151tt \u2013 a kezel\u00e9s hat\u00e9konys\u00e1g\u00e1nak n\u00f6vel\u00e9se \u00e9s az \u00fajra- fert\u0151z\u0151d\u00e9s megel\u0151z\u00e9se \u00e9rdek\u00e9ben \u2013 ellen\u0151rizze a kezelend\u0151 ter\u00fcletet. A lyukakat, felf\u00far\u00e1sokat sz\u00fcntesse meg \u00e9s lehet\u0151s\u00e9g szerint minden, a r\u00e1gcs\u00e1l\u00f3k sz\u00e1m\u00e1ra el\u00e9rhet\u0151 t\u00e1pl\u00e1l\u00e9k (p\u00e9ld\u00e1ul \u00e9lelmiszerhullad\u00e9k, ki\u00f6ml\u00f6tt gabona, stb.) \u00e9s folyad\u00e9kforr\u00e1st sz\u00fcntessen meg. Ett\u0151l eltekintve a r\u00e1gcs\u00e1l\u00f3irt\u00f3szer kihelyez\u00e9sekor m\u00e1r ne takar\u00edtsa fel a fert\u0151z\u00f6tt ter\u00fcletet, mert azzal megzavarja a r\u00e1gcs\u00e1l\u00f3popul\u00e1ci\u00f3t \u00e9s az irt\u00f3szerb\u0151l t\u00f6rt\u00e9n\u0151 fogyaszt\u00e1st nehezebb lesz el\u00e9rni.<\/p>\n<h4>Az irt\u00f3szer haszn\u00e1latra t\u00f6rt\u00e9n\u0151 el\u0151k\u00e9sz\u00edt\u00e9se:<\/h4>\n<p>A r\u00e1gcs\u00e1l\u00f3irt\u00f3 p\u00e9pet tartalmaz\u00f3 tasakot ne bontsa fel. A tasak aroma\u00e1tereszt\u0151 tulajdons\u00e1g\u00e1nak k\u00f6sz\u00f6nhet\u0151en a r\u00e1gcs\u00e1l\u00f3k felbont\u00e1s n\u00e9lk\u00fcl is megtal\u00e1lj\u00e1k az irt\u00f3szert. A k\u00fcl\u00f6nleges csomagol\u00e1s lehet\u0151v\u00e9 tesz azt, hogy az irt\u00f3szert annak k\u00f6zvetlen \u00e9rint\u00e9se n\u00e9lk\u00fcl, biztons\u00e1gosan tudja kihelyezni.<\/p>\n<p>A tasakot helyezze felnyit\u00e1s ellen v\u00e9dett etet\u0151l\u00e1d\u00e1ba, mely ellen\u00e1ll a gyermekek \u00e9s nem c\u00e9lszervezetek elleni felnyit\u00e1snak, a belehelyezett r\u00e1gcs\u00e1l\u00f3irt\u00f3szerrel t\u00f6rt\u00e9n\u0151 \u00e9rintkez\u00e9snek. Javasoljuk a B\u00e1bolna Bio Kft. \u00e1ltal forgalmazott \u00fan. Multibaiter\u00ae etet\u0151l\u00e1da alkalmaz\u00e1s\u00e1t.<\/p>\n<p>A filterpap\u00edr tasakot lehet\u0151s\u00e9g szerint r\u00f6gz\u00edtse az etet\u0151l\u00e1d\u00e1ban tal\u00e1lhat\u00f3 r\u00fad vagy t\u00fcske seg\u00edts\u00e9g\u00e9vel.<\/p>\n<p>Az etet\u0151l\u00e1d\u00e1n j\u00f3l l\u00e1that\u00f3 \u00e9s j\u00f3l olvashat\u00f3 m\u00f3don, let\u00f6r\u00f6lhetetlen\u00fcl t\u00fcntesse fel a k\u00f6vetkez\u0151ket: Figyelem! r\u00e1gcs\u00e1l\u00f3irt\u00f3szert tartalmaz! tilos elmozd\u00edtani vagy felnyitni! baleset eset\u00e9n forduljon toxikol\u00f3giai k\u00f6zponthoz! (06-80-201-199) Kilrat r\u00e1gcs\u00e1l\u00f3irt\u00f3 p\u00e9p, hat\u00f3anyaga: 0,0025 %<\/p>\n<h4>Az irt\u00f3szer kihelyez\u00e9se:<\/h4>\n<p>Az irt\u00f3szert tartalmaz\u00f3 etet\u0151l\u00e1d\u00e1t helyezze a patk\u00e1nyok, egerek \u00e1ltal l\u00e1togatott helyekre, azok vonul\u00e1si \u00fatjaira, illetve felt\u00e9telezett b\u00fav\u00f3helyeik k\u00f6zel\u00e9be. Els\u0151sorban a falak ment\u00e9n, a szekr\u00e9nyek alatt, a b\u00fatorok m\u00f6g\u00f6tt alak\u00edtson ki \u00fan. etet\u0151helyeket.<\/p>\n<p>\u00dcgyeljen arra, hogy az etet\u0151l\u00e1da gyermekek, h\u00e1zi- \u00e9s haszon\u00e1llatok, valamint egy\u00e9b vadon \u00e9l\u0151 \u00e1llatok sz\u00e1m\u00e1ra hozz\u00e1 nem f\u00e9rhet\u0151 helyre ker\u00fclj\u00f6n!<\/p>\n<p>Lehet\u0151s\u00e9g szerint gondoskodjon az etet\u0151l\u00e1da r\u00f6gz\u00edt\u00e9s\u00e9r\u0151l. V\u00e9dje a l\u00e1d\u00e1t a k\u00f6zvetlen v\u00edzt\u0151l, es\u0151t\u0151l, az id\u0151j\u00e1r\u00e1s viszontags\u00e1gait\u00f3l. Irt\u00f3szert kiz\u00e1r\u00f3lag z\u00e1rt etet\u0151l\u00e1d\u00e1ban szabad kihelyezni!<\/p>\n<p>A kezel\u00e9s l\u00e9p\u00e9sei:<\/p>\n<h4>Alkalmaz\u00e1si d\u00f3zis:<\/h4>\n<p>Patk\u00e1nyok irt\u00e1sakor: a fert\u0151z\u00f6tts\u00e9g m\u00e9rt\u00e9kt\u0151l f\u00fcgg\u0151en 5 m\u00e9terenk\u00e9nt 100 g-200g.<\/p>\n<p>Egerek irt\u00e1sakor: a fert\u0151z\u00f6tts\u00e9g m\u00e9rt\u00e9kt\u0151l f\u00fcgg\u0151en 5 m\u00e9terenk\u00e9nt 20 g \u2013 40 g.<\/p>\n<p>Az etet\u0151helyeket rendszeresen (egerek eset\u00e9n kezdetben 2-3 naponta, ezt k\u00f6vet\u0151en legal\u00e1bb heti rendszeress\u00e9ggel, patk\u00e1nyok eset\u00e9n 5-7 nap eltelt\u00e9vel, majd legal\u00e1bb hetente) ellen\u0151rizze. Amennyiben a tasakot a r\u00e1gcs\u00e1l\u00f3k ki\u00fcr\u00edtett\u00e9k, helyezzen \u00faj tasakot a l\u00e1d\u00e1ba. A beszennyezett vagy megromlott r\u00e1gcs\u00e1l\u00f3irt\u00f3szert t\u00e1vol\u00edtsa el \u00e9s tegyen \u00fajat a l\u00e1d\u00e1ba.<\/p>\n<p>Ha a kihelyezett csal\u00e9tek folyamatosan elfogy, akkor l\u00e9tes\u00edtsen t\u00f6bb etet\u0151helyet. Amennyiben a csal\u00e9tkek \u00e9rintetlen\u00fcl maradnak, de a r\u00e1gcs\u00e1l\u00f3k tov\u00e1bbra is jelen vannak, helyezze \u00e1t az irt\u00f3szert tartalmaz\u00f3 etet\u0151l\u00e1d\u00e1t m\u00e1shov\u00e1.<\/p>\n<p>A r\u00e1gcs\u00e1l\u00f3k elhull\u00e1sa a fogyaszt\u00e1s ut\u00e1n 3-5 nappal k\u00e9s\u0151bb kezd\u0151dik. A csal\u00e9tket csak addig hagyja kihelyezve, am\u00edg azt a r\u00e1gcs\u00e1l\u00f3k aktivit\u00e1sa indokolja. A r\u00e1gcs\u00e1l\u00f3\u00e1rtalom a kezel\u00e9s hat\u00e1s\u00e1ra \u00e1ltal\u00e1ban 2-6 h\u00e9t alatt sz\u0171nik meg. Amennyiben a r\u00e1gcs\u00e1l\u00f3\u00e1rtalom 35 nap alatt sem cs\u00f6kken \u00e9rz\u00e9kelhet\u0151en, forduljon k\u00e1rtev\u0151irt\u00f3 szakemberhez.<\/p>\n<p>Legk\u00e9s\u0151bb az irt\u00f3szer kihelyez\u00e9s\u00e9t k\u00f6vet\u0151 6 h\u00e9t eltelt\u00e9vel az etet\u0151helyeket sz\u00fcntesse meg, az esetlegesen sz\u00e9tsz\u00f3r\u00f3dott irt\u00f3szert gy\u0171jtse \u00f6ssze.<\/p>\n<h4>\u00d3vint\u00e9zked\u00e9sek<\/h4>\n<p>Kiz\u00e1r\u00f3lag r\u00e1gcs\u00e1l\u00f3irt\u00e1sra \u00e9s csak a haszn\u00e1lati utas\u00edt\u00e1s szerint alkalmazhat\u00f3! Az emberek eg\u00e9szs\u00e9g\u00e9t \u00e9s a k\u00f6rnyezetet vesz\u00e9lyeztet\u0151 kock\u00e1zatok elker\u00fcl\u00e9se \u00e9rdek\u00e9ben tartsa be a haszn\u00e1lati utas\u00edt\u00e1st.<\/p>\n<p>A term\u00e9k haszn\u00e1lata k\u00f6zben ne egyen, ne igyon, ne doh\u00e1nyozzon. Haszn\u00e1lat ut\u00e1n mosson kezet \u00e9s mossa le a b\u0151fel\u00fcletet, amely az irt\u00f3szerrel k\u00f6zvetlen\u00fcl \u00e9rintkezett.<\/p>\n<p>Tilos a k\u00e9sz\u00edtm\u00e9nyt nem c\u00e9lszervezet \u00e1llatok elpuszt\u00edt\u00e1s\u00e1ra haszn\u00e1lni! Az etet\u0151helyeket \u00fagy kell kijel\u00f6lni, hogy a csal\u00e9tekhez sem a gyermekek, sem a nem c\u00e9lszervezet \u00e1llatok ne f\u00e9rhessenek hozz\u00e1. A k\u00e9sz\u00edtm\u00e9ny m\u00e9rgez\u0151 az eml\u0151s\u00f6kre \u00e9s a madarakra. A kutya, macska, sert\u00e9s \u00e9s minden egy\u00e9b ragadoz\u00f3 \u00e9s\/vagy d\u00f6gev\u0151 \u00e1llat m\u00e9rgez\u0151dhet, ha a r\u00e1gcs\u00e1l\u00f3irt\u00f3 szert\u0151l elpusztult, vagy legyeng\u00fclt patk\u00e1nyt, egeret fogyasztja.<\/p>\n<p>Beszennyezett, romlott r\u00e1gcs\u00e1l\u00f3irt\u00f3 szert ne haszn\u00e1ljon fel.<\/p>\n<p>\u00c9lelmiszert\u0151l, italt\u00f3l \u00e9s takarm\u00e1nyt\u00f3l elk\u00fcl\u00f6n\u00edtve, gyermekek \u00e9s nem c\u00e9lszervezet \u00e1llatok \u00e1ltal hozz\u00e1 nem f\u00e9rhet\u0151 helyen t\u00e1roland\u00f3. Ne juttassa a k\u00e9sz\u00edtm\u00e9nyt \u00e9l\u0151v\u00edzbe.<\/p>\n<p>Felhaszn\u00e1l\u00e1s el\u0151tt mindig olvassa el a term\u00e9k c\u00edmk\u00e9j\u00e9t is, \u00e9s a felhaszn\u00e1l\u00e1si utas\u00edt\u00e1sban le\u00edrtakat minden k\u00f6r\u00fclm\u00e9ny k\u00f6z\u00f6tt tartsa be!<\/p>\n<\/div>\n<\/div>\n<\/div>\n<\/div>\n<\/div>\n<\/div>\n<\/div>\n<\/div>\n<\/div>\n<\/div>\n<p><a href=\"https:\/\/www.facebook.com\/tajkertesz\">https:\/\/www.facebook.com\/tajkertesz<\/a><\/p>\n<p><a href=\"https:\/\/tajkertesz.com\/\">https:\/\/tajkertesz.com\/<\/a><\/p>\n<p><a href=\"https:\/\/tajkertesz.com\/wp-content\/uploads\/2021\/06\/kilrat_ragcsaloirto_pep_plus_20170512.pdf\">kilrat_ragcsaloirto_pep_plus_20170512<\/a><\/p>\n<p>&nbsp;<\/p>\n<p><span style=\"color: #ffffff;\">A\u00a0<b>rovarriaszt\u00f3, repellens:<\/b><\/span><\/p>\n<p><span style=\"color: #ffffff;\">(<i>latin:<\/i>\u00a0elriaszt\u00f3, t\u00e1vol tart\u00f3, pl.: rovart<sup id=\"cite_ref-1\" class=\"reference\"><\/sup>) olyan anyag,\u00a0 fizikai elj\u00e1r\u00e1s, amely elriasztja, t\u00e1vol tartja a rovarokat az ember b\u0151r\u00e9t\u0151l, ruh\u00e1zat\u00e1t\u00f3l, lak\u00f3hely\u00e9t\u0151l vagy az \u00e1llatok k\u00fcltakar\u00f3j\u00e1t\u00f3l, k\u00f6rnyezet\u00e9t\u0151l, \u00e9l\u0151hely\u00e9t\u0151l. <sup id=\"cite_ref-2\" class=\"reference\"><\/sup>Repellens hat\u00e1s alatt bizonyos hat\u00f3anyagok kullancsokra \u00e9s rovarokra kifejtett t\u00e1vol tart\u00f3 hat\u00e1s\u00e1t \u00e9rtj\u00fck, ami megakad\u00e1lyozza a parazit\u00e1k megtapad\u00e1s\u00e1t, sz\u00far\u00e1s\u00e1t vagy v\u00e9rsz\u00edv\u00e1s\u00e1t a kezelt emberen, \u00e1llaton. Fert\u0151z\u00f6tt rovarok cs\u00edp\u00e9se betegs\u00e9g terjed\u00e9s\u00e9nek forr\u00e1sa lehet.<sup id=\"cite_ref-3\" class=\"reference\"><\/sup><\/span><\/p>\n<p><span style=\"color: #ffffff;\">Elengedhetetlen fontoss\u00e1g\u00fa annak ismerete, hogy melyik\u00a0<i>rovarriaszt\u00f3<\/i>\u00a0term\u00e9kek kisz\u00e1m\u00edthat\u00f3k \u00e9s tart\u00f3s v\u00e9delmet ny\u00fajtanak. K\u00f6zel 100%-os v\u00e9delem \u00e9rhet\u0151 el, ha hosszabb hat\u00e1startam\u00fa rovar\u0171z\u0151 szereket c\u00e9lszer\u0171 haszn\u00e1lunk, kombin\u00e1lva\u00a0<i>permetrinnel<\/i> kezelt ruh\u00e1zattal. Ugyanolyan szem\u00e9lyi v\u00e9delmi int\u00e9zked\u00e9seket kell foganatos\u00edtani kullancsok \u00e9s cs\u00edp\u0151s rovarok, legyek eset\u00e9ben, mint a sz\u00fanyogokn\u00e1l, mert ezek az \u00e9l\u0151sk\u00f6d\u0151k is tov\u00e1bb\u00edtja a Lyme-k\u00f3rt, kullancsencephalitist, visszat\u00e9r\u0151 l\u00e1zt, t\u00edfuszt, leishmaniasist, onchocerciasist, trypanosomiasist, \u00e9s sz\u00e1mos m\u00e1s tr\u00f3pusi \u00e9s fert\u0151z\u0151 betegs\u00e9geket.<\/span><\/p>\n<p><span style=\"color: #ffffff;\">A\u00a0<b>permetrin:<\/b><\/span><\/p>\n<p><span style=\"color: #ffffff;\">a piretroidok k\u00f6z\u00e9 tartoz\u00f3 rovar- \u00e9s atkairt\u00f3 hat\u00f3anyag, amelyet tet\u0171- \u00e9s bolhairt\u00f3k\u00e9nt a hum\u00e1n- \u00e9s \u00e1llatgy\u00f3gy\u00e1szatban, biocidk\u00e9nt pedig \u00e1ltal\u00e1nos rovarirt\u00f3szerekben alkalmaznak. K\u00f6rnyezetk\u00e1ros\u00edt\u00f3 hat\u00e1sa miatt 2003 \u00f3ta az Eur\u00f3pai Uni\u00f3ban nem haszn\u00e1lhat\u00f3 n\u00f6v\u00e9nyv\u00e9d\u0151szerk\u00e9nt. Az \u0151szi margitvir\u00e1gban tal\u00e1lhat\u00f3 term\u00e9szetes rovar\u00f6l\u0151 anyag alapj\u00e1n fejlesztett\u00e9k ki, majd kezdt\u00e9k el ipari gy\u00e1rt\u00e1s\u00e1t.<\/span><\/p>\n<p><b>K\u00e9szlet\u00fcnk napi szinten v\u00e1ltozik, ez\u00e9rt k\u00e9rj\u00fck, \u00e9rdekl\u0151dj\u00f6n szem\u00e9lyesen, telefonon vagy email-en.<br \/>\nA v\u00e1ltoztat\u00e1s jog\u00e1t fenntartjuk!\u00a0<\/b><\/p>","protected":false},"excerpt":{"rendered":"<p class=\"product-details-tile__title\">Kilrat r\u00e1gcs\u00e1l\u00f3irt\u00f3 p\u00e9p 0,15 kg, KILRAT\u00ae r\u00e1gcs\u00e1l\u00f3irt\u00f3 p\u00e9p Felhaszn\u00e1lhat\u00f3: Z\u00e1rt t\u00e9rben \u00e9s \u00e9p\u00fcletek k\u00f6zvetlen k\u00f6rny\u00e9k\u00e9n v\u00e1ndorpatk\u00e1ny (Rattus norvegicus) \u00e9s z\u00e1rt t\u00e9rben h\u00e1z eg\u00e9r (Mus musculus) irt\u00e1s\u00e1ra. Lakoss\u00e1gi felhaszn\u00e1l\u00e1sra.<\/p>","protected":false},"featured_media":7276,"template":"","meta":{"_et_pb_use_builder":"","_et_pb_old_content":"","_et_gb_content_width":""},"product_brand":[],"product_cat":[4091],"product_tag":[2103],"class_list":{"0":"post-7275","1":"product","2":"type-product","3":"status-publish","4":"has-post-thumbnail","6":"product_cat-egyeb-csapdak-riasztok","7":"product_tag-kilrat-ragcsaloirto-pep","9":"first","10":"instock","11":"shipping-taxable","12":"purchasable","13":"product-type-simple"},"yoast_head":"<!-- This site is optimized with the Yoast SEO plugin v27.5 - https:\/\/yoast.com\/product\/yoast-seo-wordpress\/ -->\n<title>Kilrat r\u00e1gcs\u00e1l\u00f3irt\u00f3 p\u00e9p 0,15 kg - T\u00e1jkert\u00e9sz<\/title>\n<meta name=\"description\" content=\"Kilrat r\u00e1gcs\u00e1l\u00f3irt\u00f3 p\u00e9p 0,15 kg, KILRAT\u00ae r\u00e1gcs\u00e1l\u00f3irt\u00f3 p\u00e9p Felhaszn\u00e1lhat\u00f3: Z\u00e1rt t\u00e9rben \u00e9s \u00e9p\u00fcletek k\u00f6zvetlen k\u00f6rny\u00e9k\u00e9n v\u00e1ndorpatk\u00e1ny\" \/>\n<meta name=\"robots\" content=\"index, follow, max-snippet:-1, max-image-preview:large, max-video-preview:-1\" \/>\n<link rel=\"canonical\" href=\"https:\/\/tajkertesz.com\/en_US\/product\/kilrat-ragcsaloirto-pep\/\" \/>\n<meta property=\"og:locale\" content=\"en_US\" \/>\n<meta property=\"og:type\" content=\"article\" \/>\n<meta property=\"og:title\" content=\"Kilrat r\u00e1gcs\u00e1l\u00f3irt\u00f3 p\u00e9p 0,15 kg - T\u00e1jkert\u00e9sz\" \/>\n<meta property=\"og:description\" content=\"Kilrat r\u00e1gcs\u00e1l\u00f3irt\u00f3 p\u00e9p 0,15 kg, KILRAT\u00ae r\u00e1gcs\u00e1l\u00f3irt\u00f3 p\u00e9p Felhaszn\u00e1lhat\u00f3: Z\u00e1rt t\u00e9rben \u00e9s \u00e9p\u00fcletek k\u00f6zvetlen k\u00f6rny\u00e9k\u00e9n v\u00e1ndorpatk\u00e1ny\" \/>\n<meta property=\"og:url\" content=\"https:\/\/tajkertesz.com\/en_US\/product\/kilrat-ragcsaloirto-pep\/\" \/>\n<meta property=\"og:site_name\" content=\"T\u00e1jkert\u00e9sz\" \/>\n<meta property=\"article:publisher\" content=\"https:\/\/www.facebook.com\/Tajkertesz\/\" \/>\n<meta property=\"article:modified_time\" content=\"2025-10-15T07:52:32+00:00\" \/>\n<meta property=\"og:image\" content=\"https:\/\/tajkertesz.com\/wp-content\/uploads\/2021\/06\/kilrat-ragcsaloirto-pep-015-kg.jpg\" \/>\n\t<meta property=\"og:image:width\" content=\"800\" \/>\n\t<meta property=\"og:image:height\" content=\"800\" \/>\n\t<meta property=\"og:image:type\" content=\"image\/jpeg\" \/>\n<meta name=\"twitter:card\" content=\"summary_large_image\" \/>\n<meta name=\"twitter:label1\" content=\"Est. reading time\" \/>\n\t<meta name=\"twitter:data1\" content=\"6 minutes\" \/>\n<script type=\"application\/ld+json\" class=\"yoast-schema-graph\">{\"@context\":\"https:\\\/\\\/schema.org\",\"@graph\":[{\"@type\":\"WebPage\",\"@id\":\"https:\\\/\\\/tajkertesz.com\\\/termek\\\/kilrat-ragcsaloirto-pep\\\/\",\"url\":\"https:\\\/\\\/tajkertesz.com\\\/termek\\\/kilrat-ragcsaloirto-pep\\\/\",\"name\":\"Kilrat r\u00e1gcs\u00e1l\u00f3irt\u00f3 p\u00e9p 0,15 kg - T\u00e1jkert\u00e9sz\",\"isPartOf\":{\"@id\":\"https:\\\/\\\/tajkertesz.com\\\/#website\"},\"primaryImageOfPage\":{\"@id\":\"https:\\\/\\\/tajkertesz.com\\\/termek\\\/kilrat-ragcsaloirto-pep\\\/#primaryimage\"},\"image\":{\"@id\":\"https:\\\/\\\/tajkertesz.com\\\/termek\\\/kilrat-ragcsaloirto-pep\\\/#primaryimage\"},\"thumbnailUrl\":\"https:\\\/\\\/tajkertesz.com\\\/wp-content\\\/uploads\\\/2021\\\/06\\\/kilrat-ragcsaloirto-pep-015-kg.jpg\",\"datePublished\":\"2021-06-25T09:51:39+00:00\",\"dateModified\":\"2025-10-15T07:52:32+00:00\",\"description\":\"Kilrat r\u00e1gcs\u00e1l\u00f3irt\u00f3 p\u00e9p 0,15 kg, KILRAT\u00ae r\u00e1gcs\u00e1l\u00f3irt\u00f3 p\u00e9p Felhaszn\u00e1lhat\u00f3: Z\u00e1rt t\u00e9rben \u00e9s \u00e9p\u00fcletek k\u00f6zvetlen k\u00f6rny\u00e9k\u00e9n v\u00e1ndorpatk\u00e1ny\",\"breadcrumb\":{\"@id\":\"https:\\\/\\\/tajkertesz.com\\\/termek\\\/kilrat-ragcsaloirto-pep\\\/#breadcrumb\"},\"inLanguage\":\"en-US\",\"potentialAction\":[{\"@type\":\"ReadAction\",\"target\":[\"https:\\\/\\\/tajkertesz.com\\\/termek\\\/kilrat-ragcsaloirto-pep\\\/\"]}]},{\"@type\":\"ImageObject\",\"inLanguage\":\"en-US\",\"@id\":\"https:\\\/\\\/tajkertesz.com\\\/termek\\\/kilrat-ragcsaloirto-pep\\\/#primaryimage\",\"url\":\"https:\\\/\\\/tajkertesz.com\\\/wp-content\\\/uploads\\\/2021\\\/06\\\/kilrat-ragcsaloirto-pep-015-kg.jpg\",\"contentUrl\":\"https:\\\/\\\/tajkertesz.com\\\/wp-content\\\/uploads\\\/2021\\\/06\\\/kilrat-ragcsaloirto-pep-015-kg.jpg\",\"width\":800,\"height\":800},{\"@type\":\"BreadcrumbList\",\"@id\":\"https:\\\/\\\/tajkertesz.com\\\/termek\\\/kilrat-ragcsaloirto-pep\\\/#breadcrumb\",\"itemListElement\":[{\"@type\":\"ListItem\",\"position\":1,\"name\":\"Home\",\"item\":\"https:\\\/\\\/tajkertesz.com\\\/\"},{\"@type\":\"ListItem\",\"position\":2,\"name\":\"Kezd\u0151lap\",\"item\":\"https:\\\/\\\/tajkertesz.com\\\/\"},{\"@type\":\"ListItem\",\"position\":3,\"name\":\"Kilrat r\u00e1gcs\u00e1l\u00f3irt\u00f3 p\u00e9p 0,15 kg\"}]},{\"@type\":\"WebSite\",\"@id\":\"https:\\\/\\\/tajkertesz.com\\\/#website\",\"url\":\"https:\\\/\\\/tajkertesz.com\\\/\",\"name\":\"T\u00e1j-Kert\u00e9sz 84 Kft.\",\"description\":\"Kert\u00e9szeti kis- \u00e9s nagykeresked\u00e9s, D\u00edszn\u00f6v\u00e9ny web\u00e1ruh\u00e1z orsz\u00e1gos h\u00e1zhozsz\u00e1ll\u00edt\u00e1ssal!\",\"publisher\":{\"@id\":\"https:\\\/\\\/tajkertesz.com\\\/#organization\"},\"potentialAction\":[{\"@type\":\"SearchAction\",\"target\":{\"@type\":\"EntryPoint\",\"urlTemplate\":\"https:\\\/\\\/tajkertesz.com\\\/?s={search_term_string}\"},\"query-input\":{\"@type\":\"PropertyValueSpecification\",\"valueRequired\":true,\"valueName\":\"search_term_string\"}}],\"inLanguage\":\"en-US\"},{\"@type\":\"Organization\",\"@id\":\"https:\\\/\\\/tajkertesz.com\\\/#organization\",\"name\":\"T\u00e1j-Kert\u00e9sz 84 Kft.\",\"url\":\"https:\\\/\\\/tajkertesz.com\\\/\",\"logo\":{\"@type\":\"ImageObject\",\"inLanguage\":\"en-US\",\"@id\":\"https:\\\/\\\/tajkertesz.com\\\/#\\\/schema\\\/logo\\\/image\\\/\",\"url\":\"https:\\\/\\\/tajkertesz.com\\\/wp-content\\\/uploads\\\/2018\\\/02\\\/logo-2-e1518678052539.png\",\"contentUrl\":\"https:\\\/\\\/tajkertesz.com\\\/wp-content\\\/uploads\\\/2018\\\/02\\\/logo-2-e1518678052539.png\",\"width\":81,\"height\":140,\"caption\":\"T\u00e1j-Kert\u00e9sz 84 Kft.\"},\"image\":{\"@id\":\"https:\\\/\\\/tajkertesz.com\\\/#\\\/schema\\\/logo\\\/image\\\/\"},\"sameAs\":[\"https:\\\/\\\/www.facebook.com\\\/Tajkertesz\\\/\"]}]}<\/script>\n<!-- \/ Yoast SEO plugin. -->","yoast_head_json":{"title":"Kilrat r\u00e1gcs\u00e1l\u00f3irt\u00f3 p\u00e9p 0,15 kg - T\u00e1jkert\u00e9sz","description":"Kilrat r\u00e1gcs\u00e1l\u00f3irt\u00f3 p\u00e9p 0,15 kg, KILRAT\u00ae r\u00e1gcs\u00e1l\u00f3irt\u00f3 p\u00e9p Felhaszn\u00e1lhat\u00f3: Z\u00e1rt t\u00e9rben \u00e9s \u00e9p\u00fcletek k\u00f6zvetlen k\u00f6rny\u00e9k\u00e9n v\u00e1ndorpatk\u00e1ny","robots":{"index":"index","follow":"follow","max-snippet":"max-snippet:-1","max-image-preview":"max-image-preview:large","max-video-preview":"max-video-preview:-1"},"canonical":"https:\/\/tajkertesz.com\/en_US\/product\/kilrat-ragcsaloirto-pep\/","og_locale":"en_US","og_type":"article","og_title":"Kilrat r\u00e1gcs\u00e1l\u00f3irt\u00f3 p\u00e9p 0,15 kg - T\u00e1jkert\u00e9sz","og_description":"Kilrat r\u00e1gcs\u00e1l\u00f3irt\u00f3 p\u00e9p 0,15 kg, KILRAT\u00ae r\u00e1gcs\u00e1l\u00f3irt\u00f3 p\u00e9p Felhaszn\u00e1lhat\u00f3: Z\u00e1rt t\u00e9rben \u00e9s \u00e9p\u00fcletek k\u00f6zvetlen k\u00f6rny\u00e9k\u00e9n v\u00e1ndorpatk\u00e1ny","og_url":"https:\/\/tajkertesz.com\/en_US\/product\/kilrat-ragcsaloirto-pep\/","og_site_name":"T\u00e1jkert\u00e9sz","article_publisher":"https:\/\/www.facebook.com\/Tajkertesz\/","article_modified_time":"2025-10-15T07:52:32+00:00","og_image":[{"width":800,"height":800,"url":"https:\/\/tajkertesz.com\/wp-content\/uploads\/2021\/06\/kilrat-ragcsaloirto-pep-015-kg.jpg","type":"image\/jpeg"}],"twitter_card":"summary_large_image","twitter_misc":{"Est. reading time":"6 minutes"},"schema":{"@context":"https:\/\/schema.org","@graph":[{"@type":"WebPage","@id":"https:\/\/tajkertesz.com\/termek\/kilrat-ragcsaloirto-pep\/","url":"https:\/\/tajkertesz.com\/termek\/kilrat-ragcsaloirto-pep\/","name":"Kilrat r\u00e1gcs\u00e1l\u00f3irt\u00f3 p\u00e9p 0,15 kg - T\u00e1jkert\u00e9sz","isPartOf":{"@id":"https:\/\/tajkertesz.com\/#website"},"primaryImageOfPage":{"@id":"https:\/\/tajkertesz.com\/termek\/kilrat-ragcsaloirto-pep\/#primaryimage"},"image":{"@id":"https:\/\/tajkertesz.com\/termek\/kilrat-ragcsaloirto-pep\/#primaryimage"},"thumbnailUrl":"https:\/\/tajkertesz.com\/wp-content\/uploads\/2021\/06\/kilrat-ragcsaloirto-pep-015-kg.jpg","datePublished":"2021-06-25T09:51:39+00:00","dateModified":"2025-10-15T07:52:32+00:00","description":"Kilrat r\u00e1gcs\u00e1l\u00f3irt\u00f3 p\u00e9p 0,15 kg, KILRAT\u00ae r\u00e1gcs\u00e1l\u00f3irt\u00f3 p\u00e9p Felhaszn\u00e1lhat\u00f3: Z\u00e1rt t\u00e9rben \u00e9s \u00e9p\u00fcletek k\u00f6zvetlen k\u00f6rny\u00e9k\u00e9n v\u00e1ndorpatk\u00e1ny","breadcrumb":{"@id":"https:\/\/tajkertesz.com\/termek\/kilrat-ragcsaloirto-pep\/#breadcrumb"},"inLanguage":"en-US","potentialAction":[{"@type":"ReadAction","target":["https:\/\/tajkertesz.com\/termek\/kilrat-ragcsaloirto-pep\/"]}]},{"@type":"ImageObject","inLanguage":"en-US","@id":"https:\/\/tajkertesz.com\/termek\/kilrat-ragcsaloirto-pep\/#primaryimage","url":"https:\/\/tajkertesz.com\/wp-content\/uploads\/2021\/06\/kilrat-ragcsaloirto-pep-015-kg.jpg","contentUrl":"https:\/\/tajkertesz.com\/wp-content\/uploads\/2021\/06\/kilrat-ragcsaloirto-pep-015-kg.jpg","width":800,"height":800},{"@type":"BreadcrumbList","@id":"https:\/\/tajkertesz.com\/termek\/kilrat-ragcsaloirto-pep\/#breadcrumb","itemListElement":[{"@type":"ListItem","position":1,"name":"Home","item":"https:\/\/tajkertesz.com\/"},{"@type":"ListItem","position":2,"name":"Kezd\u0151lap","item":"https:\/\/tajkertesz.com\/"},{"@type":"ListItem","position":3,"name":"Kilrat r\u00e1gcs\u00e1l\u00f3irt\u00f3 p\u00e9p 0,15 kg"}]},{"@type":"WebSite","@id":"https:\/\/tajkertesz.com\/#website","url":"https:\/\/tajkertesz.com\/","name":"T\u00e1j-Kert\u00e9sz 84 Kft.","description":"Kert\u00e9szeti kis- \u00e9s nagykeresked\u00e9s, D\u00edszn\u00f6v\u00e9ny web\u00e1ruh\u00e1z orsz\u00e1gos h\u00e1zhozsz\u00e1ll\u00edt\u00e1ssal!","publisher":{"@id":"https:\/\/tajkertesz.com\/#organization"},"potentialAction":[{"@type":"SearchAction","target":{"@type":"EntryPoint","urlTemplate":"https:\/\/tajkertesz.com\/?s={search_term_string}"},"query-input":{"@type":"PropertyValueSpecification","valueRequired":true,"valueName":"search_term_string"}}],"inLanguage":"en-US"},{"@type":"Organization","@id":"https:\/\/tajkertesz.com\/#organization","name":"T\u00e1j-Kert\u00e9sz 84 Kft.","url":"https:\/\/tajkertesz.com\/","logo":{"@type":"ImageObject","inLanguage":"en-US","@id":"https:\/\/tajkertesz.com\/#\/schema\/logo\/image\/","url":"https:\/\/tajkertesz.com\/wp-content\/uploads\/2018\/02\/logo-2-e1518678052539.png","contentUrl":"https:\/\/tajkertesz.com\/wp-content\/uploads\/2018\/02\/logo-2-e1518678052539.png","width":81,"height":140,"caption":"T\u00e1j-Kert\u00e9sz 84 Kft."},"image":{"@id":"https:\/\/tajkertesz.com\/#\/schema\/logo\/image\/"},"sameAs":["https:\/\/www.facebook.com\/Tajkertesz\/"]}]}},"_links":{"self":[{"href":"https:\/\/tajkertesz.com\/en_US\/wp-json\/wp\/v2\/product\/7275","targetHints":{"allow":["GET"]}}],"collection":[{"href":"https:\/\/tajkertesz.com\/en_US\/wp-json\/wp\/v2\/product"}],"about":[{"href":"https:\/\/tajkertesz.com\/en_US\/wp-json\/wp\/v2\/types\/product"}],"wp:featuredmedia":[{"embeddable":true,"href":"https:\/\/tajkertesz.com\/en_US\/wp-json\/wp\/v2\/media\/7276"}],"wp:attachment":[{"href":"https:\/\/tajkertesz.com\/en_US\/wp-json\/wp\/v2\/media?parent=7275"}],"wp:term":[{"taxonomy":"product_brand","embeddable":true,"href":"https:\/\/tajkertesz.com\/en_US\/wp-json\/wp\/v2\/product_brand?post=7275"},{"taxonomy":"product_cat","embeddable":true,"href":"https:\/\/tajkertesz.com\/en_US\/wp-json\/wp\/v2\/product_cat?post=7275"},{"taxonomy":"product_tag","embeddable":true,"href":"https:\/\/tajkertesz.com\/en_US\/wp-json\/wp\/v2\/product_tag?post=7275"}],"curies":[{"name":"wp","href":"https:\/\/api.w.org\/{rel}","templated":true}]}}