{"id":7286,"date":"2021-06-25T10:11:29","date_gmt":"2021-06-25T10:11:29","guid":{"rendered":"https:\/\/tajkertesz.com\/?post_type=product&#038;p=7286"},"modified":"2026-02-18T14:29:16","modified_gmt":"2026-02-18T14:29:16","slug":"zig-zag-darazs-es-feszekirto-spray-400-ml","status":"publish","type":"product","link":"https:\/\/tajkertesz.com\/en_US\/product\/zig-zag-darazs-es-feszekirto-spray-400-ml\/","title":{"rendered":"Zig Zag dar\u00e1zs \u00e9s f\u00e9szekirt\u00f3 spray 400 ml"},"content":{"rendered":"<div class=\"artdet__name-rating d-none d-lg-block\">\n<div class=\"row gutters-5\">\n<div class=\"col\">\n<div class=\"artdet__name-pagination-wrap d-flex\">\n<div class=\"top product-page-top\">\n<div class=\"center product-page-center\">\n<div class=\"artdet__name-pagination-wrap d-flex\">\n<div class=\"summary entry-summary\">\n<div class=\"elementor-column elementor-col-50 elementor-inner-column elementor-element elementor-element-072daa9\" data-id=\"072daa9\" data-element_type=\"column\">\n<div class=\"elementor-widget-wrap elementor-element-populated\">\n<div class=\"elementor-element elementor-element-54ae97b elementor-widget__width-auto elementor-widget elementor-widget-jet-single-title\" data-id=\"54ae97b\" data-element_type=\"widget\" data-widget_type=\"jet-single-title.default\">\n<div class=\"elementor-widget-container\">\n<div class=\"elementor-jet-single-title jet-woo-builder\">\n<div class=\"top product-page-top\">\n<div class=\"center product-page-center\">\n<h1><span class=\"brandname\">Zig Zag<\/span>\u00a0dar\u00e1zs \u00e9s f\u00e9szekirt\u00f3 spray 400 ml<\/h1>\n<div class=\"product-title-addittional\">\n<section class=\"article__content\">\n<div class=\"article__body richtext\">\n<p><span class=\"brandname\">Zig Zag<\/span> dar\u00e1zs \u00e9s f\u00e9szekirt\u00f3 spray 400 ml, A dar\u00e1zsirt\u00f3 spray, a h\u00e1z k\u00f6r\u00fcl, padl\u00e1son, teraszon, kertben tal\u00e1lhat\u00f3 dar\u00e1zsf\u00e9szkekben l\u00e9v\u0151 darazsak elpuszt\u00edt\u00e1s\u00e1ra. A speci\u00e1lis sz\u00f3r\u00f3fej seg\u00edts\u00e9g\u00e9vel biztons\u00e1gos t\u00e1vols\u00e1gr\u00f3l lehet \u00e1rtalmatlan\u00edtani a darazsakat. A hat\u00f3anyagt\u00f3l a rovarok r\u00f6vid id\u0151n bel\u00fcl elpusztulnak. A permetet a darazsak f\u00e9szk\u00e9re kell ir\u00e1ny\u00edtani \u00fagy, hogy a dar\u00e1zsf\u00e9szket, az ott tart\u00f3zkod\u00f3 darazsakat \u00e9s a f\u00e9szek k\u00f6rnyezet\u00e9t a szer teljesen belepje. Kijuttat\u00e1s\u00e1t mindenk\u00e9ppen a kora reggeli, illetve esti \u00f3r\u00e1kban aj\u00e1nljuk, mivel ilyenkor nem akt\u00edvak a darazsak!<br \/>\npontosan tud c\u00e9lozni ak\u00e1r 4 -6 m-r\u0151l is<br \/>\nmagas hat\u00e9konys\u00e1g\u00fa, terrametrin, permetrin hat\u00f3anyag<br \/>\ndarazsakat azonnal meg\u00f6li + hosszantart\u00f3 hat\u00e1s<br \/>\nelpuszt\u00edtja a feln\u0151tt darazsakat \u00e9s a f\u00e9szek tartalm\u00e1t, a l\u00e1rv\u00e1kat, toj\u00e1sokat is<br \/>\npolosk\u00e1k ellen is hat\u00e9kony<\/p>\n<\/div>\n<\/section>\n<\/div>\n<\/div>\n<\/div>\n<\/div>\n<\/div>\n<\/div>\n<\/div>\n<\/div>\n<\/div>\n<\/div>\n<\/div>\n<\/div>\n<\/div>\n<\/div>\n<\/div>\n<\/div>\n<p><a href=\"https:\/\/www.facebook.com\/tajkertesz\">https:\/\/www.facebook.com\/tajkertesz<\/a><\/p>\n<p><a href=\"https:\/\/tajkertesz.com\/\">https:\/\/tajkertesz.com\/<\/a><\/p>\n<p><a href=\"https:\/\/tajkertesz.com\/wp-content\/uploads\/2021\/06\/Zig-Zag-darazsirtoaeroszol.pdf\">Zig-Zag-dar\u00e1zsirt\u00f3aeroszol<\/a><\/p>\n<p>&nbsp;<\/p>\n<p>&nbsp;<\/p>\n<p><span style=\"color: #ffffff;\">A\u00a0<b>rovarriaszt\u00f3, repellens:<\/b><\/span><\/p>\n<p><span style=\"color: #ffffff;\">(<i>latin:<\/i>\u00a0elriaszt\u00f3, t\u00e1vol tart\u00f3, pl.: rovart<sup id=\"cite_ref-1\" class=\"reference\"><\/sup>) olyan anyag,\u00a0 fizikai elj\u00e1r\u00e1s, amely elriasztja, t\u00e1vol tartja a rovarokat az ember b\u0151r\u00e9t\u0151l, ruh\u00e1zat\u00e1t\u00f3l, lak\u00f3hely\u00e9t\u0151l vagy az \u00e1llatok k\u00fcltakar\u00f3j\u00e1t\u00f3l, k\u00f6rnyezet\u00e9t\u0151l, \u00e9l\u0151hely\u00e9t\u0151l. <sup id=\"cite_ref-2\" class=\"reference\"><\/sup>Repellens hat\u00e1s alatt bizonyos hat\u00f3anyagok kullancsokra \u00e9s rovarokra kifejtett t\u00e1vol tart\u00f3 hat\u00e1s\u00e1t \u00e9rtj\u00fck, ami megakad\u00e1lyozza a parazit\u00e1k megtapad\u00e1s\u00e1t, sz\u00far\u00e1s\u00e1t vagy v\u00e9rsz\u00edv\u00e1s\u00e1t a kezelt emberen, \u00e1llaton. Fert\u0151z\u00f6tt rovarok cs\u00edp\u00e9se betegs\u00e9g terjed\u00e9s\u00e9nek forr\u00e1sa lehet.<sup id=\"cite_ref-3\" class=\"reference\"><\/sup><\/span><\/p>\n<p><span style=\"color: #ffffff;\">Elengedhetetlen fontoss\u00e1g\u00fa annak ismerete, hogy melyik\u00a0<i>rovarriaszt\u00f3<\/i>\u00a0term\u00e9kek kisz\u00e1m\u00edthat\u00f3k \u00e9s tart\u00f3s v\u00e9delmet ny\u00fajtanak. K\u00f6zel 100%-os v\u00e9delem \u00e9rhet\u0151 el, ha hosszabb hat\u00e1startam\u00fa rovar\u0171z\u0151 szereket c\u00e9lszer\u0171 haszn\u00e1lunk, kombin\u00e1lva\u00a0<i>permetrinnel<\/i> kezelt ruh\u00e1zattal. Ugyanolyan szem\u00e9lyi v\u00e9delmi int\u00e9zked\u00e9seket kell foganatos\u00edtani kullancsok \u00e9s cs\u00edp\u0151s rovarok, legyek eset\u00e9ben, mint a sz\u00fanyogokn\u00e1l, mert ezek az \u00e9l\u0151sk\u00f6d\u0151k is tov\u00e1bb\u00edtja a Lyme-k\u00f3rt, kullancsencephalitist, visszat\u00e9r\u0151 l\u00e1zt, t\u00edfuszt, leishmaniasist, onchocerciasist, trypanosomiasist, \u00e9s sz\u00e1mos m\u00e1s tr\u00f3pusi \u00e9s fert\u0151z\u0151 betegs\u00e9geket.<\/span><\/p>\n<p><span style=\"color: #ffffff;\">A\u00a0<b>permetrin:<\/b><\/span><\/p>\n<p><span style=\"color: #ffffff;\">a piretroidok k\u00f6z\u00e9 tartoz\u00f3 rovar- \u00e9s atkairt\u00f3 hat\u00f3anyag, amelyet tet\u0171- \u00e9s bolhairt\u00f3k\u00e9nt a hum\u00e1n- \u00e9s \u00e1llatgy\u00f3gy\u00e1szatban, biocidk\u00e9nt pedig \u00e1ltal\u00e1nos rovarirt\u00f3szerekben alkalmaznak. K\u00f6rnyezetk\u00e1ros\u00edt\u00f3 hat\u00e1sa miatt 2003 \u00f3ta az Eur\u00f3pai Uni\u00f3ban nem haszn\u00e1lhat\u00f3 n\u00f6v\u00e9nyv\u00e9d\u0151szerk\u00e9nt. Az \u0151szi margitvir\u00e1gban tal\u00e1lhat\u00f3 term\u00e9szetes rovar\u00f6l\u0151 anyag alapj\u00e1n fejlesztett\u00e9k ki, majd kezdt\u00e9k el ipari gy\u00e1rt\u00e1s\u00e1t.<\/span><\/p>\n<p><b>K\u00e9szlet\u00fcnk napi szinten v\u00e1ltozik, ez\u00e9rt k\u00e9rj\u00fck, \u00e9rdekl\u0151dj\u00f6n szem\u00e9lyesen, telefonon vagy email-en.<br \/>\nA v\u00e1ltoztat\u00e1s jog\u00e1t fenntartjuk!\u00a0<\/b><\/p>","protected":false},"excerpt":{"rendered":"<p class=\"page-head-title product-page-head-title position-relative\"><span class=\"brandname\">Zig Zag<\/span> dar\u00e1zs \u00e9s f\u00e9szekirt\u00f3 spray 400 ml, A dar\u00e1zsirt\u00f3 spray, a h\u00e1z k\u00f6r\u00fcl, padl\u00e1son, teraszon, kertben tal\u00e1lhat\u00f3 dar\u00e1zsf\u00e9szkekben l\u00e9v\u0151 darazsak elpuszt\u00edt\u00e1s\u00e1ra.<\/p>","protected":false},"featured_media":7287,"template":"","meta":{"_et_pb_use_builder":"","_et_pb_old_content":"","_et_gb_content_width":""},"product_brand":[],"product_cat":[4091],"product_tag":[2109],"class_list":{"0":"post-7286","1":"product","2":"type-product","3":"status-publish","4":"has-post-thumbnail","6":"product_cat-egyeb-csapdak-riasztok","7":"product_tag-zig-zag-darazs-es-feszekirto-spray-400-ml","9":"first","10":"instock","11":"shipping-taxable","12":"purchasable","13":"product-type-simple"},"yoast_head":"<!-- This site is optimized with the Yoast SEO plugin v27.5 - https:\/\/yoast.com\/product\/yoast-seo-wordpress\/ -->\n<title>Zig Zag dar\u00e1zs \u00e9s f\u00e9szekirt\u00f3 spray 400 ml - T\u00e1jkert\u00e9sz<\/title>\n<meta name=\"description\" content=\"Zig Zag dar\u00e1zs \u00e9s f\u00e9szekirt\u00f3 spray 400 ml, A dar\u00e1zsirt\u00f3 spray, a h\u00e1z k\u00f6r\u00fcl, padl\u00e1son, teraszon, kertben tal\u00e1lhat\u00f3 dar\u00e1zsf\u00e9szkekben\" \/>\n<meta name=\"robots\" content=\"index, follow, max-snippet:-1, max-image-preview:large, max-video-preview:-1\" \/>\n<link rel=\"canonical\" href=\"https:\/\/tajkertesz.com\/en_US\/product\/zig-zag-darazs-es-feszekirto-spray-400-ml\/\" \/>\n<meta property=\"og:locale\" content=\"en_US\" \/>\n<meta property=\"og:type\" content=\"article\" \/>\n<meta property=\"og:title\" content=\"Zig Zag dar\u00e1zs \u00e9s f\u00e9szekirt\u00f3 spray 400 ml - T\u00e1jkert\u00e9sz\" \/>\n<meta property=\"og:description\" content=\"Zig Zag dar\u00e1zs \u00e9s f\u00e9szekirt\u00f3 spray 400 ml, A dar\u00e1zsirt\u00f3 spray, a h\u00e1z k\u00f6r\u00fcl, padl\u00e1son, teraszon, kertben tal\u00e1lhat\u00f3 dar\u00e1zsf\u00e9szkekben\" \/>\n<meta property=\"og:url\" content=\"https:\/\/tajkertesz.com\/en_US\/product\/zig-zag-darazs-es-feszekirto-spray-400-ml\/\" \/>\n<meta property=\"og:site_name\" content=\"T\u00e1jkert\u00e9sz\" \/>\n<meta property=\"article:publisher\" content=\"https:\/\/www.facebook.com\/Tajkertesz\/\" \/>\n<meta property=\"article:modified_time\" content=\"2026-02-18T14:29:16+00:00\" \/>\n<meta property=\"og:image\" content=\"https:\/\/tajkertesz.com\/wp-content\/uploads\/2021\/06\/zig-zag-darazs-es-poloskairto-400-ml.jpg\" \/>\n\t<meta property=\"og:image:width\" content=\"800\" \/>\n\t<meta property=\"og:image:height\" content=\"800\" \/>\n\t<meta property=\"og:image:type\" content=\"image\/jpeg\" \/>\n<meta name=\"twitter:card\" content=\"summary_large_image\" \/>\n<meta name=\"twitter:label1\" content=\"Est. reading time\" \/>\n\t<meta name=\"twitter:data1\" content=\"2 minutes\" \/>\n<script type=\"application\/ld+json\" class=\"yoast-schema-graph\">{\"@context\":\"https:\\\/\\\/schema.org\",\"@graph\":[{\"@type\":\"WebPage\",\"@id\":\"https:\\\/\\\/tajkertesz.com\\\/termek\\\/zig-zag-darazs-es-feszekirto-spray-400-ml\\\/\",\"url\":\"https:\\\/\\\/tajkertesz.com\\\/termek\\\/zig-zag-darazs-es-feszekirto-spray-400-ml\\\/\",\"name\":\"Zig Zag dar\u00e1zs \u00e9s f\u00e9szekirt\u00f3 spray 400 ml - T\u00e1jkert\u00e9sz\",\"isPartOf\":{\"@id\":\"https:\\\/\\\/tajkertesz.com\\\/#website\"},\"primaryImageOfPage\":{\"@id\":\"https:\\\/\\\/tajkertesz.com\\\/termek\\\/zig-zag-darazs-es-feszekirto-spray-400-ml\\\/#primaryimage\"},\"image\":{\"@id\":\"https:\\\/\\\/tajkertesz.com\\\/termek\\\/zig-zag-darazs-es-feszekirto-spray-400-ml\\\/#primaryimage\"},\"thumbnailUrl\":\"https:\\\/\\\/tajkertesz.com\\\/wp-content\\\/uploads\\\/2021\\\/06\\\/zig-zag-darazs-es-poloskairto-400-ml.jpg\",\"datePublished\":\"2021-06-25T10:11:29+00:00\",\"dateModified\":\"2026-02-18T14:29:16+00:00\",\"description\":\"Zig Zag dar\u00e1zs \u00e9s f\u00e9szekirt\u00f3 spray 400 ml, A dar\u00e1zsirt\u00f3 spray, a h\u00e1z k\u00f6r\u00fcl, padl\u00e1son, teraszon, kertben tal\u00e1lhat\u00f3 dar\u00e1zsf\u00e9szkekben\",\"breadcrumb\":{\"@id\":\"https:\\\/\\\/tajkertesz.com\\\/termek\\\/zig-zag-darazs-es-feszekirto-spray-400-ml\\\/#breadcrumb\"},\"inLanguage\":\"en-US\",\"potentialAction\":[{\"@type\":\"ReadAction\",\"target\":[\"https:\\\/\\\/tajkertesz.com\\\/termek\\\/zig-zag-darazs-es-feszekirto-spray-400-ml\\\/\"]}]},{\"@type\":\"ImageObject\",\"inLanguage\":\"en-US\",\"@id\":\"https:\\\/\\\/tajkertesz.com\\\/termek\\\/zig-zag-darazs-es-feszekirto-spray-400-ml\\\/#primaryimage\",\"url\":\"https:\\\/\\\/tajkertesz.com\\\/wp-content\\\/uploads\\\/2021\\\/06\\\/zig-zag-darazs-es-poloskairto-400-ml.jpg\",\"contentUrl\":\"https:\\\/\\\/tajkertesz.com\\\/wp-content\\\/uploads\\\/2021\\\/06\\\/zig-zag-darazs-es-poloskairto-400-ml.jpg\",\"width\":800,\"height\":800},{\"@type\":\"BreadcrumbList\",\"@id\":\"https:\\\/\\\/tajkertesz.com\\\/termek\\\/zig-zag-darazs-es-feszekirto-spray-400-ml\\\/#breadcrumb\",\"itemListElement\":[{\"@type\":\"ListItem\",\"position\":1,\"name\":\"Home\",\"item\":\"https:\\\/\\\/tajkertesz.com\\\/\"},{\"@type\":\"ListItem\",\"position\":2,\"name\":\"Kezd\u0151lap\",\"item\":\"https:\\\/\\\/tajkertesz.com\\\/\"},{\"@type\":\"ListItem\",\"position\":3,\"name\":\"Zig Zag dar\u00e1zs \u00e9s f\u00e9szekirt\u00f3 spray 400 ml\"}]},{\"@type\":\"WebSite\",\"@id\":\"https:\\\/\\\/tajkertesz.com\\\/#website\",\"url\":\"https:\\\/\\\/tajkertesz.com\\\/\",\"name\":\"T\u00e1j-Kert\u00e9sz 84 Kft.\",\"description\":\"Kert\u00e9szeti kis- \u00e9s nagykeresked\u00e9s, D\u00edszn\u00f6v\u00e9ny web\u00e1ruh\u00e1z orsz\u00e1gos h\u00e1zhozsz\u00e1ll\u00edt\u00e1ssal!\",\"publisher\":{\"@id\":\"https:\\\/\\\/tajkertesz.com\\\/#organization\"},\"potentialAction\":[{\"@type\":\"SearchAction\",\"target\":{\"@type\":\"EntryPoint\",\"urlTemplate\":\"https:\\\/\\\/tajkertesz.com\\\/?s={search_term_string}\"},\"query-input\":{\"@type\":\"PropertyValueSpecification\",\"valueRequired\":true,\"valueName\":\"search_term_string\"}}],\"inLanguage\":\"en-US\"},{\"@type\":\"Organization\",\"@id\":\"https:\\\/\\\/tajkertesz.com\\\/#organization\",\"name\":\"T\u00e1j-Kert\u00e9sz 84 Kft.\",\"url\":\"https:\\\/\\\/tajkertesz.com\\\/\",\"logo\":{\"@type\":\"ImageObject\",\"inLanguage\":\"en-US\",\"@id\":\"https:\\\/\\\/tajkertesz.com\\\/#\\\/schema\\\/logo\\\/image\\\/\",\"url\":\"https:\\\/\\\/tajkertesz.com\\\/wp-content\\\/uploads\\\/2018\\\/02\\\/logo-2-e1518678052539.png\",\"contentUrl\":\"https:\\\/\\\/tajkertesz.com\\\/wp-content\\\/uploads\\\/2018\\\/02\\\/logo-2-e1518678052539.png\",\"width\":81,\"height\":140,\"caption\":\"T\u00e1j-Kert\u00e9sz 84 Kft.\"},\"image\":{\"@id\":\"https:\\\/\\\/tajkertesz.com\\\/#\\\/schema\\\/logo\\\/image\\\/\"},\"sameAs\":[\"https:\\\/\\\/www.facebook.com\\\/Tajkertesz\\\/\"]}]}<\/script>\n<!-- \/ Yoast SEO plugin. -->","yoast_head_json":{"title":"Zig Zag dar\u00e1zs \u00e9s f\u00e9szekirt\u00f3 spray 400 ml - T\u00e1jkert\u00e9sz","description":"Zig Zag dar\u00e1zs \u00e9s f\u00e9szekirt\u00f3 spray 400 ml, A dar\u00e1zsirt\u00f3 spray, a h\u00e1z k\u00f6r\u00fcl, padl\u00e1son, teraszon, kertben tal\u00e1lhat\u00f3 dar\u00e1zsf\u00e9szkekben","robots":{"index":"index","follow":"follow","max-snippet":"max-snippet:-1","max-image-preview":"max-image-preview:large","max-video-preview":"max-video-preview:-1"},"canonical":"https:\/\/tajkertesz.com\/en_US\/product\/zig-zag-darazs-es-feszekirto-spray-400-ml\/","og_locale":"en_US","og_type":"article","og_title":"Zig Zag dar\u00e1zs \u00e9s f\u00e9szekirt\u00f3 spray 400 ml - T\u00e1jkert\u00e9sz","og_description":"Zig Zag dar\u00e1zs \u00e9s f\u00e9szekirt\u00f3 spray 400 ml, A dar\u00e1zsirt\u00f3 spray, a h\u00e1z k\u00f6r\u00fcl, padl\u00e1son, teraszon, kertben tal\u00e1lhat\u00f3 dar\u00e1zsf\u00e9szkekben","og_url":"https:\/\/tajkertesz.com\/en_US\/product\/zig-zag-darazs-es-feszekirto-spray-400-ml\/","og_site_name":"T\u00e1jkert\u00e9sz","article_publisher":"https:\/\/www.facebook.com\/Tajkertesz\/","article_modified_time":"2026-02-18T14:29:16+00:00","og_image":[{"width":800,"height":800,"url":"https:\/\/tajkertesz.com\/wp-content\/uploads\/2021\/06\/zig-zag-darazs-es-poloskairto-400-ml.jpg","type":"image\/jpeg"}],"twitter_card":"summary_large_image","twitter_misc":{"Est. reading time":"2 minutes"},"schema":{"@context":"https:\/\/schema.org","@graph":[{"@type":"WebPage","@id":"https:\/\/tajkertesz.com\/termek\/zig-zag-darazs-es-feszekirto-spray-400-ml\/","url":"https:\/\/tajkertesz.com\/termek\/zig-zag-darazs-es-feszekirto-spray-400-ml\/","name":"Zig Zag dar\u00e1zs \u00e9s f\u00e9szekirt\u00f3 spray 400 ml - T\u00e1jkert\u00e9sz","isPartOf":{"@id":"https:\/\/tajkertesz.com\/#website"},"primaryImageOfPage":{"@id":"https:\/\/tajkertesz.com\/termek\/zig-zag-darazs-es-feszekirto-spray-400-ml\/#primaryimage"},"image":{"@id":"https:\/\/tajkertesz.com\/termek\/zig-zag-darazs-es-feszekirto-spray-400-ml\/#primaryimage"},"thumbnailUrl":"https:\/\/tajkertesz.com\/wp-content\/uploads\/2021\/06\/zig-zag-darazs-es-poloskairto-400-ml.jpg","datePublished":"2021-06-25T10:11:29+00:00","dateModified":"2026-02-18T14:29:16+00:00","description":"Zig Zag dar\u00e1zs \u00e9s f\u00e9szekirt\u00f3 spray 400 ml, A dar\u00e1zsirt\u00f3 spray, a h\u00e1z k\u00f6r\u00fcl, padl\u00e1son, teraszon, kertben tal\u00e1lhat\u00f3 dar\u00e1zsf\u00e9szkekben","breadcrumb":{"@id":"https:\/\/tajkertesz.com\/termek\/zig-zag-darazs-es-feszekirto-spray-400-ml\/#breadcrumb"},"inLanguage":"en-US","potentialAction":[{"@type":"ReadAction","target":["https:\/\/tajkertesz.com\/termek\/zig-zag-darazs-es-feszekirto-spray-400-ml\/"]}]},{"@type":"ImageObject","inLanguage":"en-US","@id":"https:\/\/tajkertesz.com\/termek\/zig-zag-darazs-es-feszekirto-spray-400-ml\/#primaryimage","url":"https:\/\/tajkertesz.com\/wp-content\/uploads\/2021\/06\/zig-zag-darazs-es-poloskairto-400-ml.jpg","contentUrl":"https:\/\/tajkertesz.com\/wp-content\/uploads\/2021\/06\/zig-zag-darazs-es-poloskairto-400-ml.jpg","width":800,"height":800},{"@type":"BreadcrumbList","@id":"https:\/\/tajkertesz.com\/termek\/zig-zag-darazs-es-feszekirto-spray-400-ml\/#breadcrumb","itemListElement":[{"@type":"ListItem","position":1,"name":"Home","item":"https:\/\/tajkertesz.com\/"},{"@type":"ListItem","position":2,"name":"Kezd\u0151lap","item":"https:\/\/tajkertesz.com\/"},{"@type":"ListItem","position":3,"name":"Zig Zag dar\u00e1zs \u00e9s f\u00e9szekirt\u00f3 spray 400 ml"}]},{"@type":"WebSite","@id":"https:\/\/tajkertesz.com\/#website","url":"https:\/\/tajkertesz.com\/","name":"T\u00e1j-Kert\u00e9sz 84 Kft.","description":"Kert\u00e9szeti kis- \u00e9s nagykeresked\u00e9s, D\u00edszn\u00f6v\u00e9ny web\u00e1ruh\u00e1z orsz\u00e1gos h\u00e1zhozsz\u00e1ll\u00edt\u00e1ssal!","publisher":{"@id":"https:\/\/tajkertesz.com\/#organization"},"potentialAction":[{"@type":"SearchAction","target":{"@type":"EntryPoint","urlTemplate":"https:\/\/tajkertesz.com\/?s={search_term_string}"},"query-input":{"@type":"PropertyValueSpecification","valueRequired":true,"valueName":"search_term_string"}}],"inLanguage":"en-US"},{"@type":"Organization","@id":"https:\/\/tajkertesz.com\/#organization","name":"T\u00e1j-Kert\u00e9sz 84 Kft.","url":"https:\/\/tajkertesz.com\/","logo":{"@type":"ImageObject","inLanguage":"en-US","@id":"https:\/\/tajkertesz.com\/#\/schema\/logo\/image\/","url":"https:\/\/tajkertesz.com\/wp-content\/uploads\/2018\/02\/logo-2-e1518678052539.png","contentUrl":"https:\/\/tajkertesz.com\/wp-content\/uploads\/2018\/02\/logo-2-e1518678052539.png","width":81,"height":140,"caption":"T\u00e1j-Kert\u00e9sz 84 Kft."},"image":{"@id":"https:\/\/tajkertesz.com\/#\/schema\/logo\/image\/"},"sameAs":["https:\/\/www.facebook.com\/Tajkertesz\/"]}]}},"_links":{"self":[{"href":"https:\/\/tajkertesz.com\/en_US\/wp-json\/wp\/v2\/product\/7286","targetHints":{"allow":["GET"]}}],"collection":[{"href":"https:\/\/tajkertesz.com\/en_US\/wp-json\/wp\/v2\/product"}],"about":[{"href":"https:\/\/tajkertesz.com\/en_US\/wp-json\/wp\/v2\/types\/product"}],"wp:featuredmedia":[{"embeddable":true,"href":"https:\/\/tajkertesz.com\/en_US\/wp-json\/wp\/v2\/media\/7287"}],"wp:attachment":[{"href":"https:\/\/tajkertesz.com\/en_US\/wp-json\/wp\/v2\/media?parent=7286"}],"wp:term":[{"taxonomy":"product_brand","embeddable":true,"href":"https:\/\/tajkertesz.com\/en_US\/wp-json\/wp\/v2\/product_brand?post=7286"},{"taxonomy":"product_cat","embeddable":true,"href":"https:\/\/tajkertesz.com\/en_US\/wp-json\/wp\/v2\/product_cat?post=7286"},{"taxonomy":"product_tag","embeddable":true,"href":"https:\/\/tajkertesz.com\/en_US\/wp-json\/wp\/v2\/product_tag?post=7286"}],"curies":[{"name":"wp","href":"https:\/\/api.w.org\/{rel}","templated":true}]}}