{"id":7311,"date":"2025-01-14T08:11:31","date_gmt":"2025-01-14T08:11:31","guid":{"rendered":"https:\/\/tajkertesz.com\/?post_type=product&#038;p=7311"},"modified":"2026-02-12T14:24:53","modified_gmt":"2026-02-12T14:24:53","slug":"fekete-sarokba-helyezheto-egerdoboz","status":"publish","type":"product","link":"https:\/\/tajkertesz.com\/en_US\/product\/fekete-sarokba-helyezheto-egerdoboz\/","title":{"rendered":"Fekete sarokba helyezhet\u0151 eg\u00e9retet\u0151 doboz"},"content":{"rendered":"<div class=\"artdet__name-rating d-none d-lg-block\">\n<div class=\"row gutters-5\">\n<div class=\"col\">\n<div class=\"artdet__name-pagination-wrap d-flex\">\n<div class=\"top product-page-top\">\n<div class=\"center product-page-center\">\n<div class=\"artdet__name-pagination-wrap d-flex\">\n<div class=\"summary entry-summary\">\n<div class=\"elementor-column elementor-col-50 elementor-inner-column elementor-element elementor-element-072daa9\" data-id=\"072daa9\" data-element_type=\"column\">\n<div class=\"elementor-widget-wrap elementor-element-populated\">\n<div class=\"elementor-element elementor-element-54ae97b elementor-widget__width-auto elementor-widget elementor-widget-jet-single-title\" data-id=\"54ae97b\" data-element_type=\"widget\" data-widget_type=\"jet-single-title.default\">\n<div class=\"elementor-widget-container\">\n<div class=\"elementor-jet-single-title jet-woo-builder\">\n<div class=\"top product-page-top\">\n<div class=\"center product-page-center\">\n<h1 class=\"product_title entry-title\">Fekete sarokba helyezhet\u0151 eg\u00e9retet\u0151 doboz<\/h1>\n<p class=\"product_title entry-title\">Fekete sarokba helyezhet\u0151 eg\u00e9retet\u0151 doboz<\/p>\n<p>Gazdas\u00e1gosan \u00e9s biztons\u00e1gosan haszn\u00e1lhat\u00f3 m\u0171anyag monitoring eszk\u00f6z. A term\u00e9khez mell\u00e9kelt saj\u00e1t kulccsal biztons\u00e1gosan z\u00e1rhat\u00f3, ez\u00e1ltal megel\u0151zhet\u0151, hogy az irt\u00f3szerhez illet\u00e9ktelenek hozz\u00e1f\u00e9rjenek. Kialak\u00edt\u00e1s\u00e1nak megfelel\u0151en olyan m\u00f3don helyezhet\u0151 a sarokba, hogy megtartja a kett\u0151s bej\u00e1rat\u00e1t. Ha valamilyen baleset folyt\u00e1n elt\u00f6rt a term\u00e9k teteje, nem kell az eg\u00e9szet \u00fajra v\u00e1s\u00e1rolni, el\u00e9g ha csak azt cser\u00e9li. Amennyiben \u00d6n professzion\u00e1lis felhaszn\u00e1l\u00f3, regisztr\u00e1ci\u00f3 \u00e9s bejelentkez\u00e9s ut\u00e1n kedvez\u0151bb \u00e1ron kapja a term\u00e9ket. M\u00e9reg n\u00e9lk\u00fcl ker\u00fcl kisz\u00e1ll\u00edt\u00e1sra.<\/p>\n<div class=\"product-title-addittional\">\n<section class=\"article__content\"><span style=\"color: #ffffff;\">Teraszon \u00e9s utakon alkalmazhat\u00f3 hangyairt\u00f3, haszn\u00e1lhat\u00f3 \u00f6nt\u00f6z\u0151szerk\u00e9nt, vagy kisz\u00f3rva. A hangy\u00e1k a bolyban pusztulnak el miut\u00e1n felvett\u00e9k a hat\u00f3anyagot, a boly k\u00f6zel\u00e9ben kell kisz\u00f3rni\/\u00f6nt\u00f6zni. Hat\u00f3anyag: cipermetrin. Kiszerel\u00e9s: 100 g-os \u00e9s 500g-os dob<\/span><span style=\"color: #ffffff;\">Teraszon \u00e9s utakon alkalmazhat\u00f3 hangyairt\u00f3, haszn\u00e1lhat\u00f3 \u00f6nt\u00f6z\u0151szerk\u00e9nt, vagy kisz\u00f3rva. A hangy\u00e1k a bolyban pusztulnak el miut\u00e1n felvett\u00e9k a hat\u00f3anyagot, a boly k\u00f6zel\u00e9ben kell kisz\u00f3rni\/\u00f6nt\u00f6zni. Hat\u00f3anyag: cipermetrin. Kiszerel\u00e9s: 100 g-os \u00e9s 500g-os dobozban.ozban.<\/span><\/section>\n<\/div>\n<\/div>\n<\/div>\n<\/div>\n<\/div>\n<\/div>\n<\/div>\n<\/div>\n<\/div>\n<\/div>\n<\/div>\n<\/div>\n<\/div>\n<\/div>\n<\/div>\n<\/div>\n<p><a href=\"https:\/\/www.facebook.com\/tajkertesz\">https:\/\/www.facebook.com\/tajkertesz<\/a><\/p>\n<p><a href=\"https:\/\/tajkertesz.com\/\">https:\/\/tajkertesz.com\/<\/a><\/p>\n<p><span style=\"color: #ffffff;\">A\u00a0<b>rovarriaszt\u00f3, repellens:<\/b><\/span><\/p>\n<p><span style=\"color: #ffffff;\">(<i>latin:<\/i>\u00a0elriaszt\u00f3, t\u00e1vol tart\u00f3, pl.: rovart<sup id=\"cite_ref-1\" class=\"reference\"><\/sup>) olyan anyag,\u00a0 fizikai elj\u00e1r\u00e1s, amely elriasztja, t\u00e1vol tartja a rovarokat az ember b\u0151r\u00e9t\u0151l, ruh\u00e1zat\u00e1t\u00f3l, lak\u00f3hely\u00e9t\u0151l vagy az \u00e1llatok k\u00fcltakar\u00f3j\u00e1t\u00f3l, k\u00f6rnyezet\u00e9t\u0151l, \u00e9l\u0151hely\u00e9t\u0151l. <sup id=\"cite_ref-2\" class=\"reference\"><\/sup>Repellens hat\u00e1s alatt bizonyos hat\u00f3anyagok kullancsokra \u00e9s rovarokra kifejtett t\u00e1vol tart\u00f3 hat\u00e1s\u00e1t \u00e9rtj\u00fck, ami megakad\u00e1lyozza a parazit\u00e1k megtapad\u00e1s\u00e1t, sz\u00far\u00e1s\u00e1t vagy v\u00e9rsz\u00edv\u00e1s\u00e1t a kezelt emberen, \u00e1llaton. Fert\u0151z\u00f6tt rovarok cs\u00edp\u00e9se betegs\u00e9g terjed\u00e9s\u00e9nek forr\u00e1sa lehet.<sup id=\"cite_ref-3\" class=\"reference\"><\/sup><\/span><\/p>\n<p><span style=\"color: #ffffff;\">Elengedhetetlen fontoss\u00e1g\u00fa annak ismerete, hogy melyik\u00a0<i>rovarriaszt\u00f3<\/i>\u00a0term\u00e9kek kisz\u00e1m\u00edthat\u00f3k \u00e9s tart\u00f3s v\u00e9delmet ny\u00fajtanak. K\u00f6zel 100%-os v\u00e9delem \u00e9rhet\u0151 el, ha hosszabb hat\u00e1startam\u00fa rovar\u0171z\u0151 szereket c\u00e9lszer\u0171 haszn\u00e1lunk, kombin\u00e1lva\u00a0<i>permetrinnel<\/i> kezelt ruh\u00e1zattal. Ugyanolyan szem\u00e9lyi v\u00e9delmi int\u00e9zked\u00e9seket kell foganatos\u00edtani kullancsok \u00e9s cs\u00edp\u0151s rovarok, legyek eset\u00e9ben, mint a sz\u00fanyogokn\u00e1l, mert ezek az \u00e9l\u0151sk\u00f6d\u0151k is tov\u00e1bb\u00edtja a Lyme-k\u00f3rt, kullancsencephalitist, visszat\u00e9r\u0151 l\u00e1zt, t\u00edfuszt, leishmaniasist, onchocerciasist, trypanosomiasist, \u00e9s sz\u00e1mos m\u00e1s tr\u00f3pusi \u00e9s fert\u0151z\u0151 betegs\u00e9geket.<\/span><\/p>\n<p><span style=\"color: #ffffff;\">A\u00a0<b>permetrin:<\/b><\/span><\/p>\n<p><span style=\"color: #ffffff;\">a piretroidok k\u00f6z\u00e9 tartoz\u00f3 rovar- \u00e9s atkairt\u00f3 hat\u00f3anyag, amelyet tet\u0171- \u00e9s bolhairt\u00f3k\u00e9nt a hum\u00e1n- \u00e9s \u00e1llatgy\u00f3gy\u00e1szatban, biocidk\u00e9nt pedig \u00e1ltal\u00e1nos rovarirt\u00f3szerekben alkalmaznak. K\u00f6rnyezetk\u00e1ros\u00edt\u00f3 hat\u00e1sa miatt 2003 \u00f3ta az Eur\u00f3pai Uni\u00f3ban nem haszn\u00e1lhat\u00f3 n\u00f6v\u00e9nyv\u00e9d\u0151szerk\u00e9nt. Az \u0151szi margitvir\u00e1gban tal\u00e1lhat\u00f3 term\u00e9szetes rovar\u00f6l\u0151 anyag alapj\u00e1n fejlesztett\u00e9k ki, majd kezdt\u00e9k el ipari gy\u00e1rt\u00e1s\u00e1t.<\/span><\/p>\n<p><b>K\u00e9szlet\u00fcnk napi szinten v\u00e1ltozik, ez\u00e9rt k\u00e9rj\u00fck, \u00e9rdekl\u0151dj\u00f6n szem\u00e9lyesen, telefonon vagy email-en.<br \/>\nA v\u00e1ltoztat\u00e1s jog\u00e1t fenntartjuk!\u00a0<\/b><\/p>","protected":false},"excerpt":{"rendered":"<p>Fekete sarokba helyezhet\u0151 eg\u00e9retet\u0151 doboz. Gazdas\u00e1gosan \u00e9s biztons\u00e1gosan haszn\u00e1lhat\u00f3 m\u0171anyag monitoring eszk\u00f6z. Helyezze bele az eg\u00e9rm\u00e9rget majd z\u00e1rja azt vissza<\/p>","protected":false},"featured_media":7312,"template":"","meta":{"_et_pb_use_builder":"","_et_pb_old_content":"","_et_gb_content_width":""},"product_brand":[],"product_cat":[4091],"product_tag":[5603,5602,4559,4455,5604],"class_list":{"0":"post-7311","1":"product","2":"type-product","3":"status-publish","4":"has-post-thumbnail","6":"product_cat-egyeb-csapdak-riasztok","7":"product_tag-box","8":"product_tag-doboz","9":"product_tag-eger","10":"product_tag-eteto","11":"product_tag-patkany","13":"first","14":"instock","15":"shipping-taxable","16":"purchasable","17":"product-type-simple"},"yoast_head":"<!-- This site is optimized with the Yoast SEO plugin v27.6 - https:\/\/yoast.com\/product\/yoast-seo-wordpress\/ -->\n<title>Fekete sarokba helyezhet\u0151 eg\u00e9retet\u0151 doboz - T\u00e1jkert\u00e9sz<\/title>\n<meta name=\"description\" content=\"Fekete sarokba helyezhet\u0151 eg\u00e9retet\u0151 doboz Gazdas\u00e1gosan \u00e9s biztons\u00e1gosan haszn\u00e1lhat\u00f3 m\u0171anyag monitoring eszk\u00f6z. Helyezze bele az eg\u00e9rm\u00e9rget majd z\u00e1rja vissza\" \/>\n<meta name=\"robots\" content=\"index, follow, max-snippet:-1, max-image-preview:large, max-video-preview:-1\" \/>\n<link rel=\"canonical\" href=\"https:\/\/tajkertesz.com\/en_US\/product\/fekete-sarokba-helyezheto-egerdoboz\/\" \/>\n<meta property=\"og:locale\" content=\"en_US\" \/>\n<meta property=\"og:type\" content=\"article\" \/>\n<meta property=\"og:title\" content=\"Fekete sarokba helyezhet\u0151 eg\u00e9retet\u0151 doboz - T\u00e1jkert\u00e9sz\" \/>\n<meta property=\"og:description\" content=\"Fekete sarokba helyezhet\u0151 eg\u00e9retet\u0151 doboz Gazdas\u00e1gosan \u00e9s biztons\u00e1gosan haszn\u00e1lhat\u00f3 m\u0171anyag monitoring eszk\u00f6z. Helyezze bele az eg\u00e9rm\u00e9rget majd z\u00e1rja vissza\" \/>\n<meta property=\"og:url\" content=\"https:\/\/tajkertesz.com\/en_US\/product\/fekete-sarokba-helyezheto-egerdoboz\/\" \/>\n<meta property=\"og:site_name\" content=\"T\u00e1jkert\u00e9sz\" \/>\n<meta property=\"article:publisher\" content=\"https:\/\/www.facebook.com\/Tajkertesz\/\" \/>\n<meta property=\"article:modified_time\" content=\"2026-02-12T14:24:53+00:00\" \/>\n<meta property=\"og:image\" content=\"https:\/\/tajkertesz.com\/wp-content\/uploads\/2021\/06\/egerdoboz.jpg\" \/>\n\t<meta property=\"og:image:width\" content=\"1000\" \/>\n\t<meta property=\"og:image:height\" content=\"1000\" \/>\n\t<meta property=\"og:image:type\" content=\"image\/jpeg\" \/>\n<meta name=\"twitter:card\" content=\"summary_large_image\" \/>\n<meta name=\"twitter:label1\" content=\"Est. reading time\" \/>\n\t<meta name=\"twitter:data1\" content=\"3 minutes\" \/>\n<script type=\"application\/ld+json\" class=\"yoast-schema-graph\">{\"@context\":\"https:\\\/\\\/schema.org\",\"@graph\":[{\"@type\":\"WebPage\",\"@id\":\"https:\\\/\\\/tajkertesz.com\\\/termek\\\/fekete-sarokba-helyezheto-egerdoboz\\\/\",\"url\":\"https:\\\/\\\/tajkertesz.com\\\/termek\\\/fekete-sarokba-helyezheto-egerdoboz\\\/\",\"name\":\"Fekete sarokba helyezhet\u0151 eg\u00e9retet\u0151 doboz - T\u00e1jkert\u00e9sz\",\"isPartOf\":{\"@id\":\"https:\\\/\\\/tajkertesz.com\\\/#website\"},\"primaryImageOfPage\":{\"@id\":\"https:\\\/\\\/tajkertesz.com\\\/termek\\\/fekete-sarokba-helyezheto-egerdoboz\\\/#primaryimage\"},\"image\":{\"@id\":\"https:\\\/\\\/tajkertesz.com\\\/termek\\\/fekete-sarokba-helyezheto-egerdoboz\\\/#primaryimage\"},\"thumbnailUrl\":\"https:\\\/\\\/tajkertesz.com\\\/wp-content\\\/uploads\\\/2021\\\/06\\\/egerdoboz.jpg\",\"datePublished\":\"2025-01-14T08:11:31+00:00\",\"dateModified\":\"2026-02-12T14:24:53+00:00\",\"description\":\"Fekete sarokba helyezhet\u0151 eg\u00e9retet\u0151 doboz Gazdas\u00e1gosan \u00e9s biztons\u00e1gosan haszn\u00e1lhat\u00f3 m\u0171anyag monitoring eszk\u00f6z. Helyezze bele az eg\u00e9rm\u00e9rget majd z\u00e1rja vissza\",\"breadcrumb\":{\"@id\":\"https:\\\/\\\/tajkertesz.com\\\/termek\\\/fekete-sarokba-helyezheto-egerdoboz\\\/#breadcrumb\"},\"inLanguage\":\"en-US\",\"potentialAction\":[{\"@type\":\"ReadAction\",\"target\":[\"https:\\\/\\\/tajkertesz.com\\\/termek\\\/fekete-sarokba-helyezheto-egerdoboz\\\/\"]}]},{\"@type\":\"ImageObject\",\"inLanguage\":\"en-US\",\"@id\":\"https:\\\/\\\/tajkertesz.com\\\/termek\\\/fekete-sarokba-helyezheto-egerdoboz\\\/#primaryimage\",\"url\":\"https:\\\/\\\/tajkertesz.com\\\/wp-content\\\/uploads\\\/2021\\\/06\\\/egerdoboz.jpg\",\"contentUrl\":\"https:\\\/\\\/tajkertesz.com\\\/wp-content\\\/uploads\\\/2021\\\/06\\\/egerdoboz.jpg\",\"width\":1000,\"height\":1000,\"caption\":\"Fekete sarokba helyezhet\u0151 eg\u00e9retet\u0151 doboz\"},{\"@type\":\"BreadcrumbList\",\"@id\":\"https:\\\/\\\/tajkertesz.com\\\/termek\\\/fekete-sarokba-helyezheto-egerdoboz\\\/#breadcrumb\",\"itemListElement\":[{\"@type\":\"ListItem\",\"position\":1,\"name\":\"Home\",\"item\":\"https:\\\/\\\/tajkertesz.com\\\/\"},{\"@type\":\"ListItem\",\"position\":2,\"name\":\"Kezd\u0151lap\",\"item\":\"https:\\\/\\\/tajkertesz.com\\\/\"},{\"@type\":\"ListItem\",\"position\":3,\"name\":\"Fekete sarokba helyezhet\u0151 eg\u00e9retet\u0151 doboz\"}]},{\"@type\":\"WebSite\",\"@id\":\"https:\\\/\\\/tajkertesz.com\\\/#website\",\"url\":\"https:\\\/\\\/tajkertesz.com\\\/\",\"name\":\"T\u00e1j-Kert\u00e9sz 84 Kft.\",\"description\":\"Kert\u00e9szeti kis- \u00e9s nagykeresked\u00e9s, D\u00edszn\u00f6v\u00e9ny web\u00e1ruh\u00e1z orsz\u00e1gos h\u00e1zhozsz\u00e1ll\u00edt\u00e1ssal!\",\"publisher\":{\"@id\":\"https:\\\/\\\/tajkertesz.com\\\/#organization\"},\"potentialAction\":[{\"@type\":\"SearchAction\",\"target\":{\"@type\":\"EntryPoint\",\"urlTemplate\":\"https:\\\/\\\/tajkertesz.com\\\/?s={search_term_string}\"},\"query-input\":{\"@type\":\"PropertyValueSpecification\",\"valueRequired\":true,\"valueName\":\"search_term_string\"}}],\"inLanguage\":\"en-US\"},{\"@type\":\"Organization\",\"@id\":\"https:\\\/\\\/tajkertesz.com\\\/#organization\",\"name\":\"T\u00e1j-Kert\u00e9sz 84 Kft.\",\"url\":\"https:\\\/\\\/tajkertesz.com\\\/\",\"logo\":{\"@type\":\"ImageObject\",\"inLanguage\":\"en-US\",\"@id\":\"https:\\\/\\\/tajkertesz.com\\\/#\\\/schema\\\/logo\\\/image\\\/\",\"url\":\"https:\\\/\\\/tajkertesz.com\\\/wp-content\\\/uploads\\\/2018\\\/02\\\/logo-2-e1518678052539.png\",\"contentUrl\":\"https:\\\/\\\/tajkertesz.com\\\/wp-content\\\/uploads\\\/2018\\\/02\\\/logo-2-e1518678052539.png\",\"width\":81,\"height\":140,\"caption\":\"T\u00e1j-Kert\u00e9sz 84 Kft.\"},\"image\":{\"@id\":\"https:\\\/\\\/tajkertesz.com\\\/#\\\/schema\\\/logo\\\/image\\\/\"},\"sameAs\":[\"https:\\\/\\\/www.facebook.com\\\/Tajkertesz\\\/\"]}]}<\/script>\n<!-- \/ Yoast SEO plugin. -->","yoast_head_json":{"title":"Fekete sarokba helyezhet\u0151 eg\u00e9retet\u0151 doboz - T\u00e1jkert\u00e9sz","description":"Fekete sarokba helyezhet\u0151 eg\u00e9retet\u0151 doboz Gazdas\u00e1gosan \u00e9s biztons\u00e1gosan haszn\u00e1lhat\u00f3 m\u0171anyag monitoring eszk\u00f6z. Helyezze bele az eg\u00e9rm\u00e9rget majd z\u00e1rja vissza","robots":{"index":"index","follow":"follow","max-snippet":"max-snippet:-1","max-image-preview":"max-image-preview:large","max-video-preview":"max-video-preview:-1"},"canonical":"https:\/\/tajkertesz.com\/en_US\/product\/fekete-sarokba-helyezheto-egerdoboz\/","og_locale":"en_US","og_type":"article","og_title":"Fekete sarokba helyezhet\u0151 eg\u00e9retet\u0151 doboz - T\u00e1jkert\u00e9sz","og_description":"Fekete sarokba helyezhet\u0151 eg\u00e9retet\u0151 doboz Gazdas\u00e1gosan \u00e9s biztons\u00e1gosan haszn\u00e1lhat\u00f3 m\u0171anyag monitoring eszk\u00f6z. Helyezze bele az eg\u00e9rm\u00e9rget majd z\u00e1rja vissza","og_url":"https:\/\/tajkertesz.com\/en_US\/product\/fekete-sarokba-helyezheto-egerdoboz\/","og_site_name":"T\u00e1jkert\u00e9sz","article_publisher":"https:\/\/www.facebook.com\/Tajkertesz\/","article_modified_time":"2026-02-12T14:24:53+00:00","og_image":[{"width":1000,"height":1000,"url":"https:\/\/tajkertesz.com\/wp-content\/uploads\/2021\/06\/egerdoboz.jpg","type":"image\/jpeg"}],"twitter_card":"summary_large_image","twitter_misc":{"Est. reading time":"3 minutes"},"schema":{"@context":"https:\/\/schema.org","@graph":[{"@type":"WebPage","@id":"https:\/\/tajkertesz.com\/termek\/fekete-sarokba-helyezheto-egerdoboz\/","url":"https:\/\/tajkertesz.com\/termek\/fekete-sarokba-helyezheto-egerdoboz\/","name":"Fekete sarokba helyezhet\u0151 eg\u00e9retet\u0151 doboz - T\u00e1jkert\u00e9sz","isPartOf":{"@id":"https:\/\/tajkertesz.com\/#website"},"primaryImageOfPage":{"@id":"https:\/\/tajkertesz.com\/termek\/fekete-sarokba-helyezheto-egerdoboz\/#primaryimage"},"image":{"@id":"https:\/\/tajkertesz.com\/termek\/fekete-sarokba-helyezheto-egerdoboz\/#primaryimage"},"thumbnailUrl":"https:\/\/tajkertesz.com\/wp-content\/uploads\/2021\/06\/egerdoboz.jpg","datePublished":"2025-01-14T08:11:31+00:00","dateModified":"2026-02-12T14:24:53+00:00","description":"Fekete sarokba helyezhet\u0151 eg\u00e9retet\u0151 doboz Gazdas\u00e1gosan \u00e9s biztons\u00e1gosan haszn\u00e1lhat\u00f3 m\u0171anyag monitoring eszk\u00f6z. Helyezze bele az eg\u00e9rm\u00e9rget majd z\u00e1rja vissza","breadcrumb":{"@id":"https:\/\/tajkertesz.com\/termek\/fekete-sarokba-helyezheto-egerdoboz\/#breadcrumb"},"inLanguage":"en-US","potentialAction":[{"@type":"ReadAction","target":["https:\/\/tajkertesz.com\/termek\/fekete-sarokba-helyezheto-egerdoboz\/"]}]},{"@type":"ImageObject","inLanguage":"en-US","@id":"https:\/\/tajkertesz.com\/termek\/fekete-sarokba-helyezheto-egerdoboz\/#primaryimage","url":"https:\/\/tajkertesz.com\/wp-content\/uploads\/2021\/06\/egerdoboz.jpg","contentUrl":"https:\/\/tajkertesz.com\/wp-content\/uploads\/2021\/06\/egerdoboz.jpg","width":1000,"height":1000,"caption":"Fekete sarokba helyezhet\u0151 eg\u00e9retet\u0151 doboz"},{"@type":"BreadcrumbList","@id":"https:\/\/tajkertesz.com\/termek\/fekete-sarokba-helyezheto-egerdoboz\/#breadcrumb","itemListElement":[{"@type":"ListItem","position":1,"name":"Home","item":"https:\/\/tajkertesz.com\/"},{"@type":"ListItem","position":2,"name":"Kezd\u0151lap","item":"https:\/\/tajkertesz.com\/"},{"@type":"ListItem","position":3,"name":"Fekete sarokba helyezhet\u0151 eg\u00e9retet\u0151 doboz"}]},{"@type":"WebSite","@id":"https:\/\/tajkertesz.com\/#website","url":"https:\/\/tajkertesz.com\/","name":"T\u00e1j-Kert\u00e9sz 84 Kft.","description":"Kert\u00e9szeti kis- \u00e9s nagykeresked\u00e9s, D\u00edszn\u00f6v\u00e9ny web\u00e1ruh\u00e1z orsz\u00e1gos h\u00e1zhozsz\u00e1ll\u00edt\u00e1ssal!","publisher":{"@id":"https:\/\/tajkertesz.com\/#organization"},"potentialAction":[{"@type":"SearchAction","target":{"@type":"EntryPoint","urlTemplate":"https:\/\/tajkertesz.com\/?s={search_term_string}"},"query-input":{"@type":"PropertyValueSpecification","valueRequired":true,"valueName":"search_term_string"}}],"inLanguage":"en-US"},{"@type":"Organization","@id":"https:\/\/tajkertesz.com\/#organization","name":"T\u00e1j-Kert\u00e9sz 84 Kft.","url":"https:\/\/tajkertesz.com\/","logo":{"@type":"ImageObject","inLanguage":"en-US","@id":"https:\/\/tajkertesz.com\/#\/schema\/logo\/image\/","url":"https:\/\/tajkertesz.com\/wp-content\/uploads\/2018\/02\/logo-2-e1518678052539.png","contentUrl":"https:\/\/tajkertesz.com\/wp-content\/uploads\/2018\/02\/logo-2-e1518678052539.png","width":81,"height":140,"caption":"T\u00e1j-Kert\u00e9sz 84 Kft."},"image":{"@id":"https:\/\/tajkertesz.com\/#\/schema\/logo\/image\/"},"sameAs":["https:\/\/www.facebook.com\/Tajkertesz\/"]}]}},"_links":{"self":[{"href":"https:\/\/tajkertesz.com\/en_US\/wp-json\/wp\/v2\/product\/7311","targetHints":{"allow":["GET"]}}],"collection":[{"href":"https:\/\/tajkertesz.com\/en_US\/wp-json\/wp\/v2\/product"}],"about":[{"href":"https:\/\/tajkertesz.com\/en_US\/wp-json\/wp\/v2\/types\/product"}],"wp:featuredmedia":[{"embeddable":true,"href":"https:\/\/tajkertesz.com\/en_US\/wp-json\/wp\/v2\/media\/7312"}],"wp:attachment":[{"href":"https:\/\/tajkertesz.com\/en_US\/wp-json\/wp\/v2\/media?parent=7311"}],"wp:term":[{"taxonomy":"product_brand","embeddable":true,"href":"https:\/\/tajkertesz.com\/en_US\/wp-json\/wp\/v2\/product_brand?post=7311"},{"taxonomy":"product_cat","embeddable":true,"href":"https:\/\/tajkertesz.com\/en_US\/wp-json\/wp\/v2\/product_cat?post=7311"},{"taxonomy":"product_tag","embeddable":true,"href":"https:\/\/tajkertesz.com\/en_US\/wp-json\/wp\/v2\/product_tag?post=7311"}],"curies":[{"name":"wp","href":"https:\/\/api.w.org\/{rel}","templated":true}]}}