{"id":7326,"date":"2021-06-25T12:29:54","date_gmt":"2021-06-25T12:29:54","guid":{"rendered":"https:\/\/tajkertesz.com\/?post_type=product&#038;p=7326"},"modified":"2023-02-23T08:22:48","modified_gmt":"2023-02-23T08:22:48","slug":"piret-mix-rovarirto-permet-200-ml","status":"publish","type":"product","link":"https:\/\/tajkertesz.com\/en_US\/product\/piret-mix-rovarirto-permet-200-ml\/","title":{"rendered":"Piret-Mix rovar\u00edrt\u00f3 permet 200 ml"},"content":{"rendered":"<div class=\"artdet__name-rating d-none d-lg-block\">\n<div class=\"row gutters-5\">\n<div class=\"col\">\n<div class=\"artdet__name-pagination-wrap d-flex\">\n<div class=\"top product-page-top\">\n<div class=\"center product-page-center\">\n<div class=\"artdet__name-pagination-wrap d-flex\">\n<div class=\"summary entry-summary\">\n<div class=\"elementor-column elementor-col-50 elementor-inner-column elementor-element elementor-element-072daa9\" data-id=\"072daa9\" data-element_type=\"column\">\n<div class=\"elementor-widget-wrap elementor-element-populated\">\n<div class=\"elementor-element elementor-element-54ae97b elementor-widget__width-auto elementor-widget elementor-widget-jet-single-title\" data-id=\"54ae97b\" data-element_type=\"widget\" data-widget_type=\"jet-single-title.default\">\n<div class=\"elementor-widget-container\">\n<div class=\"elementor-jet-single-title jet-woo-builder\">\n<div class=\"top product-page-top\">\n<div class=\"center product-page-center\">\n<h1 class=\"title\">Piret-Mix rovar\u00edrt\u00f3 permet 200 ml<\/h1>\n<p class=\"title\">Piret-Mix rovar\u00edrt\u00f3 permet 200 ml,kuty\u00e1k, d\u00edszmadarak, r\u00e1gcs\u00e1l\u00f3k, s\u00fcn\u00f6k \u00e9s kisragadoz\u00f3k ( g\u00f6r\u00e9ny stb) r\u00e9sz\u00e9re.Macsk\u00e1kon NEM alkalmazhat\u00f3!<\/p>\n<p>Z\u00e1rt t\u00e9rben rejtett \u00e9letm\u00f3d\u00fa rovarok (pl:cs\u00f3t\u00e1ny, \u00e1gyi poloska, hangya, ez\u00fcst\u00f6s pikkelyke, bolha\u2026 stb) \u00e9s ruhamoly \u00edrt\u00e1s\u00e1ra haszn\u00e1lhat\u00f3 fel.<\/p>\n<p>Fizikai, k\u00e9miai, hat\u00e1stani \u00e9s toxikol\u00f3giai tulajdons\u00e1gok:<br \/>\nfeh\u00e9rsz\u00edn\u0171, jellemz\u0151 szag\u00fa, enyh\u00e9n viszk\u00f3zus emulzi\u00f3. Hat\u00e1s\u00e1t \u00e9rint\u0151 \u00e9s gyomorm\u00e9regk\u00e9nt fejti ki.<\/p>\n<h3>Alkalmaz\u00e1sa:<br \/>\nHig\u00edt\u00e1s n\u00e9lk\u00fcl alkalmazand\u00f3, haszn\u00e1lat el\u0151tt felr\u00e1zand\u00f3!<br \/>\nA kezelend\u0151 fel\u00fclett\u0151l kb. 30cm t\u00e1vols\u00e1gra tartva a finom k\u00f6dpermetet c\u00e9lzottan juttassuk ki a rovarok b\u00fav\u00f3- \u00e9s tart\u00f3zkod\u00e1si helyeire \u00fagy, hogy a fel\u00fclet egyenletesen kiss\u00e9 nedves legyen a szert\u0151l. Cs\u00f3t\u00e1nyok \u00edrt\u00e1sakor a szem\u00e9tt\u00e1rol\u00f3, mosogat\u00f3, mosd\u00f3kagyl\u00f3, f\u00fcrd\u0151k\u00e1d, Wc k\u00f6rny\u00e9k\u00e9t kezelj\u00fck, hangy\u00e1k megjelen\u00e9sekor azok el\u0151fordul\u00e1si helyeit permetezz\u00fck.<\/h3>\n<p>Hat\u00f3anyagtartalom:<br \/>\n0.3% Permetrin, 0.08% term\u00e9szetes piretrin<\/p>\n<p>Figyelmeztet\u00e9s:<br \/>\n\u00c9lelmiszert\u0151l elk\u00fcl\u00f6n\u00edtve, gyermekek el\u0151l elz\u00e1rva tartand\u00f3! A k\u00e9sz\u00edtm\u00e9ny haszn\u00e1lata ut\u00e1n alaposan kezet kell mosni! Letakaratlan \u00e9lelmiszer, iv\u00f3- \u00e9s ev\u0151ed\u00e9nyek k\u00f6zel\u00e9ben nem szabad felhaszn\u00e1lni. Hidegv\u00e9r\u0171 \u00e1llatokra \u00e1rtalmas(hal, h\u00fcll\u0151, k\u00e9t\u00e9lt\u0171..)!<\/p>\n<p>&nbsp;<\/p>\n<div class=\"product-title-addittional\">\n<section class=\"article__content\"><span style=\"color: #ffffff;\">Teraszon \u00e9s utakon alkalmazhat\u00f3 hangyairt\u00f3, haszn\u00e1lhat\u00f3 \u00f6nt\u00f6z\u0151szerk\u00e9nt, vagy kisz\u00f3rva. A hangy\u00e1k a bolyban pusztulnak el miut\u00e1n felvett\u00e9k a hat\u00f3anyagot, a boly k\u00f6zel\u00e9ben kell kisz\u00f3rni\/\u00f6nt\u00f6zni. Hat\u00f3anyag: cipermetrin. Kiszerel\u00e9s: 100 g-os \u00e9s 500g-os dob<\/span><span style=\"color: #ffffff;\">Teraszon \u00e9s utakon alkalmazhat\u00f3 hangyairt\u00f3, haszn\u00e1lhat\u00f3 \u00f6nt\u00f6z\u0151szerk\u00e9nt, vagy kisz\u00f3rva. A hangy\u00e1k a bolyban pusztulnak el miut\u00e1n felvett\u00e9k a hat\u00f3anyagot, a boly k\u00f6zel\u00e9ben kell kisz\u00f3rni\/\u00f6nt\u00f6zni. Hat\u00f3anyag: cipermetrin. Kiszerel\u00e9s: 100 g-os \u00e9s 500g-os dobozban.ozban.<\/span><\/section>\n<\/div>\n<\/div>\n<\/div>\n<\/div>\n<\/div>\n<\/div>\n<\/div>\n<\/div>\n<\/div>\n<\/div>\n<\/div>\n<\/div>\n<\/div>\n<\/div>\n<\/div>\n<\/div>\n<p><a href=\"https:\/\/www.facebook.com\/tajkertesz\">https:\/\/www.facebook.com\/tajkertesz<\/a><\/p>\n<p><a href=\"https:\/\/tajkertesz.com\/\">https:\/\/tajkertesz.com\/<\/a><\/p>\n<p><a href=\"https:\/\/tajkertesz.com\/wp-content\/uploads\/2021\/06\/piret_mix_allatra_zold_permet_pu_20160707.pdf\">piret_mix_allatra_zold_permet_pu_20160707<\/a><\/p>\n<p><span style=\"color: #ffffff;\">A\u00a0<b>rovarriaszt\u00f3, repellens:<\/b><\/span><\/p>\n<p><span style=\"color: #ffffff;\">(<i>latin:<\/i>\u00a0elriaszt\u00f3, t\u00e1vol tart\u00f3, pl.: rovart<sup id=\"cite_ref-1\" class=\"reference\"><\/sup>) olyan anyag,\u00a0 fizikai elj\u00e1r\u00e1s, amely elriasztja, t\u00e1vol tartja a rovarokat az ember b\u0151r\u00e9t\u0151l, ruh\u00e1zat\u00e1t\u00f3l, lak\u00f3hely\u00e9t\u0151l vagy az \u00e1llatok k\u00fcltakar\u00f3j\u00e1t\u00f3l, k\u00f6rnyezet\u00e9t\u0151l, \u00e9l\u0151hely\u00e9t\u0151l. <sup id=\"cite_ref-2\" class=\"reference\"><\/sup>Repellens hat\u00e1s alatt bizonyos hat\u00f3anyagok kullancsokra \u00e9s rovarokra kifejtett t\u00e1vol tart\u00f3 hat\u00e1s\u00e1t \u00e9rtj\u00fck, ami megakad\u00e1lyozza a parazit\u00e1k megtapad\u00e1s\u00e1t, sz\u00far\u00e1s\u00e1t vagy v\u00e9rsz\u00edv\u00e1s\u00e1t a kezelt emberen, \u00e1llaton. Fert\u0151z\u00f6tt rovarok cs\u00edp\u00e9se betegs\u00e9g terjed\u00e9s\u00e9nek forr\u00e1sa lehet.<sup id=\"cite_ref-3\" class=\"reference\"><\/sup><\/span><\/p>\n<p><span style=\"color: #ffffff;\">Elengedhetetlen fontoss\u00e1g\u00fa annak ismerete, hogy melyik\u00a0<i>rovarriaszt\u00f3<\/i>\u00a0term\u00e9kek kisz\u00e1m\u00edthat\u00f3k \u00e9s tart\u00f3s v\u00e9delmet ny\u00fajtanak. K\u00f6zel 100%-os v\u00e9delem \u00e9rhet\u0151 el, ha hosszabb hat\u00e1startam\u00fa rovar\u0171z\u0151 szereket c\u00e9lszer\u0171 haszn\u00e1lunk, kombin\u00e1lva\u00a0<i>permetrinnel<\/i> kezelt ruh\u00e1zattal. Ugyanolyan szem\u00e9lyi v\u00e9delmi int\u00e9zked\u00e9seket kell foganatos\u00edtani kullancsok \u00e9s cs\u00edp\u0151s rovarok, legyek eset\u00e9ben, mint a sz\u00fanyogokn\u00e1l, mert ezek az \u00e9l\u0151sk\u00f6d\u0151k is tov\u00e1bb\u00edtja a Lyme-k\u00f3rt, kullancsencephalitist, visszat\u00e9r\u0151 l\u00e1zt, t\u00edfuszt, leishmaniasist, onchocerciasist, trypanosomiasist, \u00e9s sz\u00e1mos m\u00e1s tr\u00f3pusi \u00e9s fert\u0151z\u0151 betegs\u00e9geket.<\/span><\/p>\n<p><span style=\"color: #ffffff;\">A\u00a0<b>permetrin:<\/b><\/span><\/p>\n<p><span style=\"color: #ffffff;\">a piretroidok k\u00f6z\u00e9 tartoz\u00f3 rovar- \u00e9s atkairt\u00f3 hat\u00f3anyag, amelyet tet\u0171- \u00e9s bolhairt\u00f3k\u00e9nt a hum\u00e1n- \u00e9s \u00e1llatgy\u00f3gy\u00e1szatban, biocidk\u00e9nt pedig \u00e1ltal\u00e1nos rovarirt\u00f3szerekben alkalmaznak. K\u00f6rnyezetk\u00e1ros\u00edt\u00f3 hat\u00e1sa miatt 2003 \u00f3ta az Eur\u00f3pai Uni\u00f3ban nem haszn\u00e1lhat\u00f3 n\u00f6v\u00e9nyv\u00e9d\u0151szerk\u00e9nt. Az \u0151szi margitvir\u00e1gban tal\u00e1lhat\u00f3 term\u00e9szetes rovar\u00f6l\u0151 anyag alapj\u00e1n fejlesztett\u00e9k ki, majd kezdt\u00e9k el ipari gy\u00e1rt\u00e1s\u00e1t.<\/span><\/p>\n<p><b>K\u00e9szlet\u00fcnk napi szinten v\u00e1ltozik, ez\u00e9rt k\u00e9rj\u00fck, \u00e9rdekl\u0151dj\u00f6n szem\u00e9lyesen, telefonon vagy email-en.<br \/>\nA v\u00e1ltoztat\u00e1s jog\u00e1t fenntartjuk!\u00a0<\/b><\/p>","protected":false},"excerpt":{"rendered":"<p class=\"h1 product-title\">Piret-Mix rovar\u00edrt\u00f3 permet 200 ml,kuty\u00e1k, d\u00edszmadarak, r\u00e1gcs\u00e1l\u00f3k, s\u00fcn\u00f6k \u00e9s kisragadoz\u00f3k ( g\u00f6r\u00e9ny stb) r\u00e9sz\u00e9re.Macsk\u00e1kon NEM alkalmazhat\u00f3!<\/p>","protected":false},"featured_media":7327,"template":"","meta":{"_et_pb_use_builder":"","_et_pb_old_content":"","_et_gb_content_width":""},"product_brand":[],"product_cat":[4091],"product_tag":[2128],"class_list":{"0":"post-7326","1":"product","2":"type-product","3":"status-publish","4":"has-post-thumbnail","6":"product_cat-egyeb-csapdak-riasztok","7":"product_tag-piret-mix-rovarirto-permet-200-ml","9":"first","10":"outofstock","11":"shipping-taxable","12":"product-type-simple"},"yoast_head":"<!-- This site is optimized with the Yoast SEO plugin v27.5 - https:\/\/yoast.com\/product\/yoast-seo-wordpress\/ -->\n<title>Piret-Mix rovar\u00edrt\u00f3 permet 200 ml - T\u00e1jkert\u00e9sz<\/title>\n<meta name=\"description\" content=\"Piret-Mix rovar\u00edrt\u00f3 permet 200 ml\" \/>\n<meta name=\"robots\" content=\"index, follow, max-snippet:-1, max-image-preview:large, max-video-preview:-1\" \/>\n<link rel=\"canonical\" href=\"https:\/\/tajkertesz.com\/en_US\/product\/piret-mix-rovarirto-permet-200-ml\/\" \/>\n<meta property=\"og:locale\" content=\"en_US\" \/>\n<meta property=\"og:type\" content=\"article\" \/>\n<meta property=\"og:title\" content=\"Piret-Mix rovar\u00edrt\u00f3 permet 200 ml - T\u00e1jkert\u00e9sz\" \/>\n<meta property=\"og:description\" content=\"Piret-Mix rovar\u00edrt\u00f3 permet 200 ml\" \/>\n<meta property=\"og:url\" content=\"https:\/\/tajkertesz.com\/en_US\/product\/piret-mix-rovarirto-permet-200-ml\/\" \/>\n<meta property=\"og:site_name\" content=\"T\u00e1jkert\u00e9sz\" \/>\n<meta property=\"article:publisher\" content=\"https:\/\/www.facebook.com\/Tajkertesz\/\" \/>\n<meta property=\"article:modified_time\" content=\"2023-02-23T08:22:48+00:00\" \/>\n<meta property=\"og:image\" content=\"https:\/\/tajkertesz.com\/wp-content\/uploads\/2021\/06\/206275703_469733461122544_30888932242199608_n.jpg\" \/>\n\t<meta property=\"og:image:width\" content=\"295\" \/>\n\t<meta property=\"og:image:height\" content=\"705\" \/>\n\t<meta property=\"og:image:type\" content=\"image\/jpeg\" \/>\n<meta name=\"twitter:card\" content=\"summary_large_image\" \/>\n<meta name=\"twitter:label1\" content=\"Est. reading time\" \/>\n\t<meta name=\"twitter:data1\" content=\"3 minutes\" \/>\n<script type=\"application\/ld+json\" class=\"yoast-schema-graph\">{\"@context\":\"https:\\\/\\\/schema.org\",\"@graph\":[{\"@type\":\"WebPage\",\"@id\":\"https:\\\/\\\/tajkertesz.com\\\/termek\\\/piret-mix-rovarirto-permet-200-ml\\\/\",\"url\":\"https:\\\/\\\/tajkertesz.com\\\/termek\\\/piret-mix-rovarirto-permet-200-ml\\\/\",\"name\":\"Piret-Mix rovar\u00edrt\u00f3 permet 200 ml - T\u00e1jkert\u00e9sz\",\"isPartOf\":{\"@id\":\"https:\\\/\\\/tajkertesz.com\\\/#website\"},\"primaryImageOfPage\":{\"@id\":\"https:\\\/\\\/tajkertesz.com\\\/termek\\\/piret-mix-rovarirto-permet-200-ml\\\/#primaryimage\"},\"image\":{\"@id\":\"https:\\\/\\\/tajkertesz.com\\\/termek\\\/piret-mix-rovarirto-permet-200-ml\\\/#primaryimage\"},\"thumbnailUrl\":\"https:\\\/\\\/tajkertesz.com\\\/wp-content\\\/uploads\\\/2021\\\/06\\\/206275703_469733461122544_30888932242199608_n.jpg\",\"datePublished\":\"2021-06-25T12:29:54+00:00\",\"dateModified\":\"2023-02-23T08:22:48+00:00\",\"description\":\"Piret-Mix rovar\u00edrt\u00f3 permet 200 ml\",\"breadcrumb\":{\"@id\":\"https:\\\/\\\/tajkertesz.com\\\/termek\\\/piret-mix-rovarirto-permet-200-ml\\\/#breadcrumb\"},\"inLanguage\":\"en-US\",\"potentialAction\":[{\"@type\":\"ReadAction\",\"target\":[\"https:\\\/\\\/tajkertesz.com\\\/termek\\\/piret-mix-rovarirto-permet-200-ml\\\/\"]}]},{\"@type\":\"ImageObject\",\"inLanguage\":\"en-US\",\"@id\":\"https:\\\/\\\/tajkertesz.com\\\/termek\\\/piret-mix-rovarirto-permet-200-ml\\\/#primaryimage\",\"url\":\"https:\\\/\\\/tajkertesz.com\\\/wp-content\\\/uploads\\\/2021\\\/06\\\/206275703_469733461122544_30888932242199608_n.jpg\",\"contentUrl\":\"https:\\\/\\\/tajkertesz.com\\\/wp-content\\\/uploads\\\/2021\\\/06\\\/206275703_469733461122544_30888932242199608_n.jpg\",\"width\":295,\"height\":705},{\"@type\":\"BreadcrumbList\",\"@id\":\"https:\\\/\\\/tajkertesz.com\\\/termek\\\/piret-mix-rovarirto-permet-200-ml\\\/#breadcrumb\",\"itemListElement\":[{\"@type\":\"ListItem\",\"position\":1,\"name\":\"Home\",\"item\":\"https:\\\/\\\/tajkertesz.com\\\/\"},{\"@type\":\"ListItem\",\"position\":2,\"name\":\"Kezd\u0151lap\",\"item\":\"https:\\\/\\\/tajkertesz.com\\\/\"},{\"@type\":\"ListItem\",\"position\":3,\"name\":\"Piret-Mix rovar\u00edrt\u00f3 permet 200 ml\"}]},{\"@type\":\"WebSite\",\"@id\":\"https:\\\/\\\/tajkertesz.com\\\/#website\",\"url\":\"https:\\\/\\\/tajkertesz.com\\\/\",\"name\":\"T\u00e1j-Kert\u00e9sz 84 Kft.\",\"description\":\"Kert\u00e9szeti kis- \u00e9s nagykeresked\u00e9s, D\u00edszn\u00f6v\u00e9ny web\u00e1ruh\u00e1z orsz\u00e1gos h\u00e1zhozsz\u00e1ll\u00edt\u00e1ssal!\",\"publisher\":{\"@id\":\"https:\\\/\\\/tajkertesz.com\\\/#organization\"},\"potentialAction\":[{\"@type\":\"SearchAction\",\"target\":{\"@type\":\"EntryPoint\",\"urlTemplate\":\"https:\\\/\\\/tajkertesz.com\\\/?s={search_term_string}\"},\"query-input\":{\"@type\":\"PropertyValueSpecification\",\"valueRequired\":true,\"valueName\":\"search_term_string\"}}],\"inLanguage\":\"en-US\"},{\"@type\":\"Organization\",\"@id\":\"https:\\\/\\\/tajkertesz.com\\\/#organization\",\"name\":\"T\u00e1j-Kert\u00e9sz 84 Kft.\",\"url\":\"https:\\\/\\\/tajkertesz.com\\\/\",\"logo\":{\"@type\":\"ImageObject\",\"inLanguage\":\"en-US\",\"@id\":\"https:\\\/\\\/tajkertesz.com\\\/#\\\/schema\\\/logo\\\/image\\\/\",\"url\":\"https:\\\/\\\/tajkertesz.com\\\/wp-content\\\/uploads\\\/2018\\\/02\\\/logo-2-e1518678052539.png\",\"contentUrl\":\"https:\\\/\\\/tajkertesz.com\\\/wp-content\\\/uploads\\\/2018\\\/02\\\/logo-2-e1518678052539.png\",\"width\":81,\"height\":140,\"caption\":\"T\u00e1j-Kert\u00e9sz 84 Kft.\"},\"image\":{\"@id\":\"https:\\\/\\\/tajkertesz.com\\\/#\\\/schema\\\/logo\\\/image\\\/\"},\"sameAs\":[\"https:\\\/\\\/www.facebook.com\\\/Tajkertesz\\\/\"]}]}<\/script>\n<!-- \/ Yoast SEO plugin. -->","yoast_head_json":{"title":"Piret-Mix rovar\u00edrt\u00f3 permet 200 ml - T\u00e1jkert\u00e9sz","description":"Piret-Mix rovar\u00edrt\u00f3 permet 200 ml","robots":{"index":"index","follow":"follow","max-snippet":"max-snippet:-1","max-image-preview":"max-image-preview:large","max-video-preview":"max-video-preview:-1"},"canonical":"https:\/\/tajkertesz.com\/en_US\/product\/piret-mix-rovarirto-permet-200-ml\/","og_locale":"en_US","og_type":"article","og_title":"Piret-Mix rovar\u00edrt\u00f3 permet 200 ml - T\u00e1jkert\u00e9sz","og_description":"Piret-Mix rovar\u00edrt\u00f3 permet 200 ml","og_url":"https:\/\/tajkertesz.com\/en_US\/product\/piret-mix-rovarirto-permet-200-ml\/","og_site_name":"T\u00e1jkert\u00e9sz","article_publisher":"https:\/\/www.facebook.com\/Tajkertesz\/","article_modified_time":"2023-02-23T08:22:48+00:00","og_image":[{"width":295,"height":705,"url":"https:\/\/tajkertesz.com\/wp-content\/uploads\/2021\/06\/206275703_469733461122544_30888932242199608_n.jpg","type":"image\/jpeg"}],"twitter_card":"summary_large_image","twitter_misc":{"Est. reading time":"3 minutes"},"schema":{"@context":"https:\/\/schema.org","@graph":[{"@type":"WebPage","@id":"https:\/\/tajkertesz.com\/termek\/piret-mix-rovarirto-permet-200-ml\/","url":"https:\/\/tajkertesz.com\/termek\/piret-mix-rovarirto-permet-200-ml\/","name":"Piret-Mix rovar\u00edrt\u00f3 permet 200 ml - T\u00e1jkert\u00e9sz","isPartOf":{"@id":"https:\/\/tajkertesz.com\/#website"},"primaryImageOfPage":{"@id":"https:\/\/tajkertesz.com\/termek\/piret-mix-rovarirto-permet-200-ml\/#primaryimage"},"image":{"@id":"https:\/\/tajkertesz.com\/termek\/piret-mix-rovarirto-permet-200-ml\/#primaryimage"},"thumbnailUrl":"https:\/\/tajkertesz.com\/wp-content\/uploads\/2021\/06\/206275703_469733461122544_30888932242199608_n.jpg","datePublished":"2021-06-25T12:29:54+00:00","dateModified":"2023-02-23T08:22:48+00:00","description":"Piret-Mix rovar\u00edrt\u00f3 permet 200 ml","breadcrumb":{"@id":"https:\/\/tajkertesz.com\/termek\/piret-mix-rovarirto-permet-200-ml\/#breadcrumb"},"inLanguage":"en-US","potentialAction":[{"@type":"ReadAction","target":["https:\/\/tajkertesz.com\/termek\/piret-mix-rovarirto-permet-200-ml\/"]}]},{"@type":"ImageObject","inLanguage":"en-US","@id":"https:\/\/tajkertesz.com\/termek\/piret-mix-rovarirto-permet-200-ml\/#primaryimage","url":"https:\/\/tajkertesz.com\/wp-content\/uploads\/2021\/06\/206275703_469733461122544_30888932242199608_n.jpg","contentUrl":"https:\/\/tajkertesz.com\/wp-content\/uploads\/2021\/06\/206275703_469733461122544_30888932242199608_n.jpg","width":295,"height":705},{"@type":"BreadcrumbList","@id":"https:\/\/tajkertesz.com\/termek\/piret-mix-rovarirto-permet-200-ml\/#breadcrumb","itemListElement":[{"@type":"ListItem","position":1,"name":"Home","item":"https:\/\/tajkertesz.com\/"},{"@type":"ListItem","position":2,"name":"Kezd\u0151lap","item":"https:\/\/tajkertesz.com\/"},{"@type":"ListItem","position":3,"name":"Piret-Mix rovar\u00edrt\u00f3 permet 200 ml"}]},{"@type":"WebSite","@id":"https:\/\/tajkertesz.com\/#website","url":"https:\/\/tajkertesz.com\/","name":"T\u00e1j-Kert\u00e9sz 84 Kft.","description":"Kert\u00e9szeti kis- \u00e9s nagykeresked\u00e9s, D\u00edszn\u00f6v\u00e9ny web\u00e1ruh\u00e1z orsz\u00e1gos h\u00e1zhozsz\u00e1ll\u00edt\u00e1ssal!","publisher":{"@id":"https:\/\/tajkertesz.com\/#organization"},"potentialAction":[{"@type":"SearchAction","target":{"@type":"EntryPoint","urlTemplate":"https:\/\/tajkertesz.com\/?s={search_term_string}"},"query-input":{"@type":"PropertyValueSpecification","valueRequired":true,"valueName":"search_term_string"}}],"inLanguage":"en-US"},{"@type":"Organization","@id":"https:\/\/tajkertesz.com\/#organization","name":"T\u00e1j-Kert\u00e9sz 84 Kft.","url":"https:\/\/tajkertesz.com\/","logo":{"@type":"ImageObject","inLanguage":"en-US","@id":"https:\/\/tajkertesz.com\/#\/schema\/logo\/image\/","url":"https:\/\/tajkertesz.com\/wp-content\/uploads\/2018\/02\/logo-2-e1518678052539.png","contentUrl":"https:\/\/tajkertesz.com\/wp-content\/uploads\/2018\/02\/logo-2-e1518678052539.png","width":81,"height":140,"caption":"T\u00e1j-Kert\u00e9sz 84 Kft."},"image":{"@id":"https:\/\/tajkertesz.com\/#\/schema\/logo\/image\/"},"sameAs":["https:\/\/www.facebook.com\/Tajkertesz\/"]}]}},"_links":{"self":[{"href":"https:\/\/tajkertesz.com\/en_US\/wp-json\/wp\/v2\/product\/7326","targetHints":{"allow":["GET"]}}],"collection":[{"href":"https:\/\/tajkertesz.com\/en_US\/wp-json\/wp\/v2\/product"}],"about":[{"href":"https:\/\/tajkertesz.com\/en_US\/wp-json\/wp\/v2\/types\/product"}],"wp:featuredmedia":[{"embeddable":true,"href":"https:\/\/tajkertesz.com\/en_US\/wp-json\/wp\/v2\/media\/7327"}],"wp:attachment":[{"href":"https:\/\/tajkertesz.com\/en_US\/wp-json\/wp\/v2\/media?parent=7326"}],"wp:term":[{"taxonomy":"product_brand","embeddable":true,"href":"https:\/\/tajkertesz.com\/en_US\/wp-json\/wp\/v2\/product_brand?post=7326"},{"taxonomy":"product_cat","embeddable":true,"href":"https:\/\/tajkertesz.com\/en_US\/wp-json\/wp\/v2\/product_cat?post=7326"},{"taxonomy":"product_tag","embeddable":true,"href":"https:\/\/tajkertesz.com\/en_US\/wp-json\/wp\/v2\/product_tag?post=7326"}],"curies":[{"name":"wp","href":"https:\/\/api.w.org\/{rel}","templated":true}]}}