{"id":733,"date":"2020-02-13T12:49:22","date_gmt":"2020-02-13T12:49:22","guid":{"rendered":"https:\/\/tajkertesz.com\/?post_type=product&#038;p=733"},"modified":"2025-09-22T11:56:49","modified_gmt":"2025-09-22T11:56:49","slug":"acer-palmatum-atropurpureum-voroslevelu-japan-juhar","status":"publish","type":"product","link":"https:\/\/tajkertesz.com\/en_US\/product\/acer-palmatum-atropurpureum-voroslevelu-japan-juhar\/","title":{"rendered":"Acer palmatum &#8216;Atropurpureum&#8217; &#8211; V\u00f6r\u00f6slevel\u0171 jap\u00e1n juhar"},"content":{"rendered":"<h2>Acer palmatum &#8216;Atropurpureum &#8216; &#8211; V\u00f6r\u00f6slevel\u0171 jap\u00e1n juhar<\/h2>\n<p><b>Acer palmatum &#8216;Atropurpureum &#8216; &#8211; V\u00f6r\u00f6slevel\u0171 jap\u00e1n juhar levelei lombfakad\u00e1skor v\u00f6r\u00f6sek, k\u00e9s\u0151bb z\u00f6ld sz\u00edn\u0171ek. \u0150szi lombsz\u00edne \u00e9l\u00e9nkv\u00f6r\u00f6s.<\/b><\/p>\n<ul>\n<li><b>N\u00f6veked\u00e9s, alak:<\/b>\u00a03-5 m magas bokor vagy kis fa. Vessz\u0151i v\u00e9konyak, t\u00f6bbnyire \u00e9l\u00e9nkpirosak.<br \/>\n<b>Lev\u00e9l:<\/b>\u00a0Levelei lombfakad\u00e1skor v\u00f6r\u00f6sek, k\u00e9s\u0151bb z\u00f6ld sz\u00edn\u0171ek. \u0150szi lombsz\u00edne \u00e9l\u00e9nkv\u00f6r\u00f6s.<br \/>\n<b>Vir\u00e1g:<\/b>\u00a0Vir\u00e1gai apr\u00f3k, b\u00edbor sz\u00edn\u0171ek, j\u00faniusban ny\u00edlnak.<br \/>\n<b>Term\u00e9s:<\/b>\u00a0Van, de jelent\u00e9ktelen.<br \/>\n<b>Term\u0151hely, ig\u00e9ny:<\/b>\u00a0\u00dcde, t\u00e1pd\u00fas, m\u00e9szmentes talajba, f\u00e9l\u00e1rny\u00e9kos helyre \u00fcltess\u00fck.<\/li>\n<li><strong>Talaj<\/strong>: Savas k\u00e9mhat\u00e1s\u00fa agyagos, vagy homokos talajban \u00e9rzi j\u00f3l mag\u00e1t.<\/li>\n<li>V\u00edz- \u00e9s p\u00e1raig\u00e9nyes n\u00f6v\u00e9ny, ugyanakkor a fagyokkal szemben ellen\u00e1ll\u00f3 fajta (de a kisz\u00e1m\u00edthatatlan t\u00e9li hidegek miatt \u00e9rdemes t\u00f6v\u00e9t lombtakar\u00e1ssal v\u00e9deni a t\u00e9li \u00e9vszakban).<br \/>\n<b>Felhaszn\u00e1l\u00e1s:<\/b> Szoliterk\u00e9nt parkokba, kertekbe. Jap\u00e1n kertek elengedhetetlen n\u00f6v\u00e9nye, de b\u00e1rmilyen m\u00e1s kertben, el\u0151kertben is sz\u00e9pen mutat. A jap\u00e1n juhar lev\u00e9lform\u00e1ja, \u0151szi sz\u00edne, mutat\u00f3s \u00e1grendszere eg\u00e9sz szezon alatt d\u00edsz\u00edt, ez\u00e9rt kert\u00fcnk j\u00f3l l\u00e1that\u00f3 hely\u00e9re \u00fcltess\u00fck, \u00e9s sz\u00e1njunk neki kiemelt szerepet.<\/li>\n<li><strong>Tavaszi lombsz\u00edn:\u00a0<\/strong>v\u00f6r\u00f6s-lila<\/li>\n<li><strong>\u0150szi lombsz\u00edn:<\/strong>\u00a0v\u00f6r\u00f6s<strong><br \/>\n<\/strong><\/li>\n<li><strong>Sz\u00e1rmaz\u00e1si hely:\u00a0<\/strong>Jap\u00e1nban, Kore\u00e1ban, K\u00edn\u00e1ban \u0151shonos n\u00f6v\u00e9ny.<\/li>\n<\/ul>\n<div class=\"x11i5rnm xat24cr x1mh8g0r x1vvkbs xtlvy1s x126k92a\">\n<div dir=\"auto\">Jelen term\u00e9k\u00fcnk 1 literes cser\u00e9pben kaphat\u00f3 \u00e9s kb.\u00a0 40 cm magass\u00e1g\u00fa.<\/div>\n<div dir=\"auto\"><\/div>\n<\/div>\n<h4><strong>\ud83d\udd04 K\u00e9szletinform\u00e1ci\u00f3<\/strong><\/h4>\n<p><strong>K\u00e9szlet\u00fcnk napi szinten v\u00e1ltozik, \u00edgy a webshopban szerepl<\/strong><strong>\u0151<\/strong><strong>\u00a0term\u00e9kek el\u00e9rhet<\/strong><strong>\u0151<\/strong><strong>s\u00e9ge nem garant\u00e1lt.<br \/>\n\ud83d\udcde A megrendel\u00e9s el<\/strong><strong>\u0151<\/strong><strong>tt k\u00e9rj\u00fck, \u00e9rdekl<\/strong><strong>\u0151<\/strong><strong>dj\u00f6n szem\u00e9lyesen, telefonon vagy e-mailben!<\/strong><\/p>\n<h4><strong>\u27a1\ufe0f Kapcsolat:<\/strong><\/h4>\n<ul>\n<li><strong>Weboldal:\u00a0<\/strong><a href=\"https:\/\/tajkertesz.com\/\"><strong>tajkertesz.com<\/strong><\/a><\/li>\n<li><strong>Facebook:\u00a0<\/strong><a href=\"https:\/\/www.facebook.com\/tajkertesz\/\"><strong>facebook.com\/tajkertesz<\/strong><\/a><\/li>\n<li><strong>Telefonsz\u00e1m, e-mail: +36\/20-319-3770\u00a0<\/strong><a href=\"mailto:tajkerteszaruda@gmail.com\"><strong>tajkerteszaruda@gmail.com<\/strong><\/a><\/li>\n<\/ul>\n<h4><strong>\ud83d\ude9a Sz\u00e1ll\u00edt\u00e1si inform\u00e1ci\u00f3k<\/strong><\/h4>\n<p><strong>A megrendelt n\u00f6v\u00e9nyek kisz\u00e1ll\u00edt\u00e1sa az al\u00e1bbi felt\u00e9telek mellett t\u00f6rt\u00e9nik:<\/strong><\/p>\n<h4><strong>\ud83d\udce6 Fut\u00e1rszolg\u00e1latos sz\u00e1ll\u00edt\u00e1s<\/strong><\/h4>\n<ul>\n<li><strong>Maxim\u00e1lis m\u00e9ret: 200 cm (hossz\u00fas\u00e1g)<\/strong><\/li>\n<li><strong>Maxim\u00e1lis s\u00faly: 40 kg<\/strong><\/li>\n<li><strong>Az enn\u00e9l kisebb \u00e9s k\u00f6nnyebb csomagokat fut\u00e1rszolg\u00e1lattal k\u00e9zbes\u00edtj\u00fck a lehet<\/strong><strong>\u0151<\/strong><strong>\u00a0legbiztons\u00e1gosabb csomagol\u00e1sban.<\/strong><\/li>\n<\/ul>\n<h4><strong>\ud83d\udefb Szem\u00e9lyes \u00e1tv\u00e9tel<\/strong><\/h4>\n<ul>\n<li><strong>1173 Budapest, Bakancsos utca 7. sz\u00e1m alatt nyitvatart\u00e1si id<\/strong><strong>\u0151<\/strong><strong>ben szem\u00e9lyesen \u00e1tvehet<\/strong><strong>\u0151<\/strong><strong>\u00a0kert\u00e9szeti \u00e1rud\u00e1nkban.<\/strong><\/li>\n<li><strong>K\u00f6lts\u00e9ghat\u00e9kony megold\u00e1s nagyobb, t\u00f6r\u00e9kenyebb vagy t\u00falm\u00e9retes n\u00f6v\u00e9nyek eset\u00e9n.<\/strong><\/li>\n<\/ul>\n<h4><strong>\ud83d\udcde Nagy m\u00e9ret<\/strong><strong>\u0171<\/strong><strong>\u00a0vagy s\u00faly\u00fa n\u00f6v\u00e9nyek eset\u00e9n<\/strong><\/h4>\n<p><strong>Ha a term\u00e9k:<\/strong><\/p>\n<ul>\n<li><strong>meghaladja a 200 cm hossz\u00fas\u00e1got vagy<\/strong><\/li>\n<li><strong>meghaladja a 40 kg s\u00falyt,<\/strong><\/li>\n<\/ul>\n<p><strong>akkor szem\u00e9lyes \u00e1tv\u00e9tellel vagy egyedi, el<\/strong><strong>\u0151<\/strong><strong>re egyeztetett sz\u00e1ll\u00edt\u00e1si felt\u00e9telek mellett t\u00f6rt\u00e9nik.<br \/>\nK\u00e9rj\u00fck, ilyen esetben rendel\u00e9s el<\/strong><strong>\u0151<\/strong><strong>tt vegye fel vel\u00fcnk a kapcsolatot, hogy a lehet<\/strong><strong>\u0151<\/strong><strong>\u00a0legmegfelel<\/strong><strong>\u0151<\/strong><strong>bb sz\u00e1ll\u00edt\u00e1si megold\u00e1st k\u00edn\u00e1lhassuk.<\/strong><\/p>\n<p><strong>\ud83d\udd14 Fontos: A n\u00f6v\u00e9nyeket minden esetben igyeksz\u00fcnk gondosan, egyes\u00e9vel csomagolni, azonban a sz\u00e1ll\u00edt\u00e1s sor\u00e1n kisebb eszt\u00e9tikai s\u00e9r\u00fcl\u00e9sek el<\/strong><strong>\u0151<\/strong><strong>fordulhatnak (pl. lev\u00e9lhull\u00e1s). Ez nem min<\/strong><strong>\u0151<\/strong><strong>s\u00fcl hib\u00e1s teljes\u00edt\u00e9snek.<\/strong><\/p>\n<h4><strong>\ud83d\udcf7 Fontos tudni a k\u00e9pekr<\/strong><strong>\u0151<\/strong><strong>l<\/strong><\/h4>\n<p><strong>A webshopban szerepl<\/strong><strong>\u0151<\/strong><strong>\u00a0k\u00e9pek illusztr\u00e1ci\u00f3k, a n\u00f6v\u00e9nyek term\u00e9szet\u00fckn\u00e9l fogva egyediek, \u00edgy m\u00e9retben, alakban \u00e9s sz\u00ednben minim\u00e1lis elt\u00e9r\u00e9sek el<\/strong><strong>\u0151<\/strong><strong>fordulhatnak a k\u00e9pen l\u00e1that\u00f3 \u00e9s a val\u00f3s p\u00e9ld\u00e1nyok k\u00f6z\u00f6tt.<\/strong><\/p>\n<h4><strong>\ud83e\uddfe \u00c1rak \u00e9s el\u00e1ll\u00e1si jog<\/strong><\/h4>\n<ul>\n<li><strong>Az \u00e1rak egy darab\u00a0n\u00f6v\u00e9nyre vonatkoznak.<\/strong><\/li>\n<li><strong>\u00c9l<\/strong><strong>\u0151<\/strong><strong>\u00a0n\u00f6v\u00e9nyek rendel\u00e9se eset\u00e9n a 14 napos el\u00e1ll\u00e1s joga nem \u00e9rv\u00e9nyes\u00edthet<\/strong><strong>\u0151<\/strong><strong>, mivel azok romland\u00f3, biol\u00f3giailag \u00e9l<\/strong><strong>\u0151<\/strong><strong>\u00a0term\u00e9keknek min<\/strong><strong>\u0151<\/strong><strong>s\u00fclnek.<br \/>\n\ud83d\udd12 (17\/1999. (II. 5.) Korm. rendelet 5. \u00a7 c) pontja alapj\u00e1n)<\/strong><\/li>\n<\/ul>\n<h4><strong>\ud83d\udce6 K\u00e9zbes\u00edt\u00e9s ut\u00e1ni teend<\/strong><strong>\u0151<\/strong><strong>k<\/strong><\/h4>\n<p><strong>A k\u00e9zbes\u00edt\u00e9st k\u00f6vet<\/strong><strong>\u0151<\/strong><strong>en a csomagot azonnal bontsuk ki, \u00e9s a n\u00f6v\u00e9nyt helyezz\u00fck el megfelel<\/strong><strong>\u0151<\/strong><strong>\u00a0k\u00f6rnyezetben.<br \/>\nFontos: ha a n\u00f6v\u00e9ny nem r\u00e9szes\u00fcl megfelel<\/strong><strong>\u0151<\/strong><strong>\u00a0gondoz\u00e1sban \u00e9s ennek k\u00f6vetkezt\u00e9ben k\u00e1rosodik vagy elpusztul, felel<\/strong><strong>\u0151<\/strong><strong>ss\u00e9get nem tudunk v\u00e1llalni.<\/strong><\/p>","protected":false},"excerpt":{"rendered":"<p>Eleg\u00e1ns megjelen\u00e9s\u0171, v\u00f6r\u00f6s lomb\u00fa jap\u00e1n juhar, amely t\u00f6k\u00e9letes v\u00e1laszt\u00e1s kertekbe, sziklakertekbe vagy d\u00edszf\u00e1k k\u00f6z\u00e9. Kompakt m\u00e9ret\u0171, lass\u00fa n\u00f6veked\u00e9s\u0171 fajta, dekorat\u00edv lombj\u00e1val tavaszt\u00f3l \u0151szig d\u00edsz\u00edt.<\/p>\n<p>N\u00f6v\u00e9ny magass\u00e1ga: 40cm<\/p>\n<p>Cser\u00e9p m\u00e9rete:1l.<\/p>","protected":false},"featured_media":20575,"template":"","meta":{"_et_pb_use_builder":"","_et_pb_old_content":"","_et_gb_content_width":""},"product_brand":[],"product_cat":[28],"product_tag":[6619,6591,44,33,54,6247,4564,5819,6620,6618],"class_list":{"0":"post-733","1":"product","2":"type-product","3":"status-publish","4":"has-post-thumbnail","6":"product_cat-diszfak","7":"product_tag-acer-palmatum","8":"product_tag-arnyekkedvelo-noveny","9":"product_tag-atropurpureum","10":"product_tag-diszfa","11":"product_tag-disznoveny","12":"product_tag-japan-kert","13":"product_tag-kerteszet","14":"product_tag-lombhullato","15":"product_tag-sziklakertek-novenyei","16":"product_tag-voroslevelu-japan-juhar","18":"first","19":"outofstock","20":"shipping-taxable","21":"product-type-simple"},"yoast_head":"<!-- This site is optimized with the Yoast SEO plugin v27.5 - https:\/\/yoast.com\/product\/yoast-seo-wordpress\/ -->\n<title>Acer palmatum &#039;Atropurpureum&#039; - V\u00f6r\u00f6slevel\u0171 jap\u00e1n juhar - T\u00e1jkert\u00e9sz<\/title>\n<meta name=\"description\" content=\"Acer palmatum &#039;Atropurpureum&#039; - V\u00f6r\u00f6slevel\u0171 jap\u00e1n juhar Eleg\u00e1ns d\u00edszfa bord\u00f3 lombbal, kis kertekbe is ide\u00e1lis. Fagy\u00e1ll\u00f3, lassan n\u00f6vekv\u0151 fajta.\" \/>\n<meta name=\"robots\" content=\"index, follow, max-snippet:-1, max-image-preview:large, max-video-preview:-1\" \/>\n<link rel=\"canonical\" href=\"https:\/\/tajkertesz.com\/en_US\/product\/acer-palmatum-atropurpureum-voroslevelu-japan-juhar\/\" \/>\n<meta property=\"og:locale\" content=\"en_US\" \/>\n<meta property=\"og:type\" content=\"article\" \/>\n<meta property=\"og:title\" content=\"Acer palmatum &#039;Atropurpureum&#039; - V\u00f6r\u00f6slevel\u0171 jap\u00e1n juhar - T\u00e1jkert\u00e9sz\" \/>\n<meta property=\"og:description\" content=\"Acer palmatum &#039;Atropurpureum&#039; - V\u00f6r\u00f6slevel\u0171 jap\u00e1n juhar Eleg\u00e1ns d\u00edszfa bord\u00f3 lombbal, kis kertekbe is ide\u00e1lis. Fagy\u00e1ll\u00f3, lassan n\u00f6vekv\u0151 fajta.\" \/>\n<meta property=\"og:url\" content=\"https:\/\/tajkertesz.com\/en_US\/product\/acer-palmatum-atropurpureum-voroslevelu-japan-juhar\/\" \/>\n<meta property=\"og:site_name\" content=\"T\u00e1jkert\u00e9sz\" \/>\n<meta property=\"article:publisher\" content=\"https:\/\/www.facebook.com\/Tajkertesz\/\" \/>\n<meta property=\"article:modified_time\" content=\"2025-09-22T11:56:49+00:00\" \/>\n<meta property=\"og:image\" content=\"https:\/\/tajkertesz.com\/wp-content\/uploads\/2020\/02\/20240614_134546-1-scaled.jpg\" \/>\n\t<meta property=\"og:image:width\" content=\"1154\" \/>\n\t<meta property=\"og:image:height\" content=\"2560\" \/>\n\t<meta property=\"og:image:type\" content=\"image\/jpeg\" \/>\n<meta name=\"twitter:card\" content=\"summary_large_image\" \/>\n<meta name=\"twitter:label1\" content=\"Est. reading time\" \/>\n\t<meta name=\"twitter:data1\" content=\"3 minutes\" \/>\n<script type=\"application\/ld+json\" class=\"yoast-schema-graph\">{\"@context\":\"https:\\\/\\\/schema.org\",\"@graph\":[{\"@type\":\"WebPage\",\"@id\":\"https:\\\/\\\/tajkertesz.com\\\/termek\\\/acer-palmatum-atropurpureum-voroslevelu-japan-juhar\\\/\",\"url\":\"https:\\\/\\\/tajkertesz.com\\\/termek\\\/acer-palmatum-atropurpureum-voroslevelu-japan-juhar\\\/\",\"name\":\"Acer palmatum 'Atropurpureum' - V\u00f6r\u00f6slevel\u0171 jap\u00e1n juhar - T\u00e1jkert\u00e9sz\",\"isPartOf\":{\"@id\":\"https:\\\/\\\/tajkertesz.com\\\/#website\"},\"primaryImageOfPage\":{\"@id\":\"https:\\\/\\\/tajkertesz.com\\\/termek\\\/acer-palmatum-atropurpureum-voroslevelu-japan-juhar\\\/#primaryimage\"},\"image\":{\"@id\":\"https:\\\/\\\/tajkertesz.com\\\/termek\\\/acer-palmatum-atropurpureum-voroslevelu-japan-juhar\\\/#primaryimage\"},\"thumbnailUrl\":\"https:\\\/\\\/tajkertesz.com\\\/wp-content\\\/uploads\\\/2020\\\/02\\\/20240614_134546-1-scaled.jpg\",\"datePublished\":\"2020-02-13T12:49:22+00:00\",\"dateModified\":\"2025-09-22T11:56:49+00:00\",\"description\":\"Acer palmatum 'Atropurpureum' - V\u00f6r\u00f6slevel\u0171 jap\u00e1n juhar Eleg\u00e1ns d\u00edszfa bord\u00f3 lombbal, kis kertekbe is ide\u00e1lis. Fagy\u00e1ll\u00f3, lassan n\u00f6vekv\u0151 fajta.\",\"breadcrumb\":{\"@id\":\"https:\\\/\\\/tajkertesz.com\\\/termek\\\/acer-palmatum-atropurpureum-voroslevelu-japan-juhar\\\/#breadcrumb\"},\"inLanguage\":\"en-US\",\"potentialAction\":[{\"@type\":\"ReadAction\",\"target\":[\"https:\\\/\\\/tajkertesz.com\\\/termek\\\/acer-palmatum-atropurpureum-voroslevelu-japan-juhar\\\/\"]}]},{\"@type\":\"ImageObject\",\"inLanguage\":\"en-US\",\"@id\":\"https:\\\/\\\/tajkertesz.com\\\/termek\\\/acer-palmatum-atropurpureum-voroslevelu-japan-juhar\\\/#primaryimage\",\"url\":\"https:\\\/\\\/tajkertesz.com\\\/wp-content\\\/uploads\\\/2020\\\/02\\\/20240614_134546-1-scaled.jpg\",\"contentUrl\":\"https:\\\/\\\/tajkertesz.com\\\/wp-content\\\/uploads\\\/2020\\\/02\\\/20240614_134546-1-scaled.jpg\",\"width\":1154,\"height\":2560,\"caption\":\"Acer palmatum 'Atropurpureum' - V\u00f6r\u00f6s level\u0171 jap\u00e1n juhar\"},{\"@type\":\"BreadcrumbList\",\"@id\":\"https:\\\/\\\/tajkertesz.com\\\/termek\\\/acer-palmatum-atropurpureum-voroslevelu-japan-juhar\\\/#breadcrumb\",\"itemListElement\":[{\"@type\":\"ListItem\",\"position\":1,\"name\":\"Home\",\"item\":\"https:\\\/\\\/tajkertesz.com\\\/\"},{\"@type\":\"ListItem\",\"position\":2,\"name\":\"Kezd\u0151lap\",\"item\":\"https:\\\/\\\/tajkertesz.com\\\/\"},{\"@type\":\"ListItem\",\"position\":3,\"name\":\"Acer palmatum &#8216;Atropurpureum&#8217; &#8211; V\u00f6r\u00f6slevel\u0171 jap\u00e1n juhar\"}]},{\"@type\":\"WebSite\",\"@id\":\"https:\\\/\\\/tajkertesz.com\\\/#website\",\"url\":\"https:\\\/\\\/tajkertesz.com\\\/\",\"name\":\"T\u00e1j-Kert\u00e9sz 84 Kft.\",\"description\":\"Kert\u00e9szeti kis- \u00e9s nagykeresked\u00e9s, D\u00edszn\u00f6v\u00e9ny web\u00e1ruh\u00e1z orsz\u00e1gos h\u00e1zhozsz\u00e1ll\u00edt\u00e1ssal!\",\"publisher\":{\"@id\":\"https:\\\/\\\/tajkertesz.com\\\/#organization\"},\"potentialAction\":[{\"@type\":\"SearchAction\",\"target\":{\"@type\":\"EntryPoint\",\"urlTemplate\":\"https:\\\/\\\/tajkertesz.com\\\/?s={search_term_string}\"},\"query-input\":{\"@type\":\"PropertyValueSpecification\",\"valueRequired\":true,\"valueName\":\"search_term_string\"}}],\"inLanguage\":\"en-US\"},{\"@type\":\"Organization\",\"@id\":\"https:\\\/\\\/tajkertesz.com\\\/#organization\",\"name\":\"T\u00e1j-Kert\u00e9sz 84 Kft.\",\"url\":\"https:\\\/\\\/tajkertesz.com\\\/\",\"logo\":{\"@type\":\"ImageObject\",\"inLanguage\":\"en-US\",\"@id\":\"https:\\\/\\\/tajkertesz.com\\\/#\\\/schema\\\/logo\\\/image\\\/\",\"url\":\"https:\\\/\\\/tajkertesz.com\\\/wp-content\\\/uploads\\\/2018\\\/02\\\/logo-2-e1518678052539.png\",\"contentUrl\":\"https:\\\/\\\/tajkertesz.com\\\/wp-content\\\/uploads\\\/2018\\\/02\\\/logo-2-e1518678052539.png\",\"width\":81,\"height\":140,\"caption\":\"T\u00e1j-Kert\u00e9sz 84 Kft.\"},\"image\":{\"@id\":\"https:\\\/\\\/tajkertesz.com\\\/#\\\/schema\\\/logo\\\/image\\\/\"},\"sameAs\":[\"https:\\\/\\\/www.facebook.com\\\/Tajkertesz\\\/\"]}]}<\/script>\n<!-- \/ Yoast SEO plugin. -->","yoast_head_json":{"title":"Acer palmatum 'Atropurpureum' - V\u00f6r\u00f6slevel\u0171 jap\u00e1n juhar - T\u00e1jkert\u00e9sz","description":"Acer palmatum 'Atropurpureum' - V\u00f6r\u00f6slevel\u0171 jap\u00e1n juhar Eleg\u00e1ns d\u00edszfa bord\u00f3 lombbal, kis kertekbe is ide\u00e1lis. Fagy\u00e1ll\u00f3, lassan n\u00f6vekv\u0151 fajta.","robots":{"index":"index","follow":"follow","max-snippet":"max-snippet:-1","max-image-preview":"max-image-preview:large","max-video-preview":"max-video-preview:-1"},"canonical":"https:\/\/tajkertesz.com\/en_US\/product\/acer-palmatum-atropurpureum-voroslevelu-japan-juhar\/","og_locale":"en_US","og_type":"article","og_title":"Acer palmatum 'Atropurpureum' - V\u00f6r\u00f6slevel\u0171 jap\u00e1n juhar - T\u00e1jkert\u00e9sz","og_description":"Acer palmatum 'Atropurpureum' - V\u00f6r\u00f6slevel\u0171 jap\u00e1n juhar Eleg\u00e1ns d\u00edszfa bord\u00f3 lombbal, kis kertekbe is ide\u00e1lis. Fagy\u00e1ll\u00f3, lassan n\u00f6vekv\u0151 fajta.","og_url":"https:\/\/tajkertesz.com\/en_US\/product\/acer-palmatum-atropurpureum-voroslevelu-japan-juhar\/","og_site_name":"T\u00e1jkert\u00e9sz","article_publisher":"https:\/\/www.facebook.com\/Tajkertesz\/","article_modified_time":"2025-09-22T11:56:49+00:00","og_image":[{"width":1154,"height":2560,"url":"https:\/\/tajkertesz.com\/wp-content\/uploads\/2020\/02\/20240614_134546-1-scaled.jpg","type":"image\/jpeg"}],"twitter_card":"summary_large_image","twitter_misc":{"Est. reading time":"3 minutes"},"schema":{"@context":"https:\/\/schema.org","@graph":[{"@type":"WebPage","@id":"https:\/\/tajkertesz.com\/termek\/acer-palmatum-atropurpureum-voroslevelu-japan-juhar\/","url":"https:\/\/tajkertesz.com\/termek\/acer-palmatum-atropurpureum-voroslevelu-japan-juhar\/","name":"Acer palmatum 'Atropurpureum' - V\u00f6r\u00f6slevel\u0171 jap\u00e1n juhar - T\u00e1jkert\u00e9sz","isPartOf":{"@id":"https:\/\/tajkertesz.com\/#website"},"primaryImageOfPage":{"@id":"https:\/\/tajkertesz.com\/termek\/acer-palmatum-atropurpureum-voroslevelu-japan-juhar\/#primaryimage"},"image":{"@id":"https:\/\/tajkertesz.com\/termek\/acer-palmatum-atropurpureum-voroslevelu-japan-juhar\/#primaryimage"},"thumbnailUrl":"https:\/\/tajkertesz.com\/wp-content\/uploads\/2020\/02\/20240614_134546-1-scaled.jpg","datePublished":"2020-02-13T12:49:22+00:00","dateModified":"2025-09-22T11:56:49+00:00","description":"Acer palmatum 'Atropurpureum' - V\u00f6r\u00f6slevel\u0171 jap\u00e1n juhar Eleg\u00e1ns d\u00edszfa bord\u00f3 lombbal, kis kertekbe is ide\u00e1lis. Fagy\u00e1ll\u00f3, lassan n\u00f6vekv\u0151 fajta.","breadcrumb":{"@id":"https:\/\/tajkertesz.com\/termek\/acer-palmatum-atropurpureum-voroslevelu-japan-juhar\/#breadcrumb"},"inLanguage":"en-US","potentialAction":[{"@type":"ReadAction","target":["https:\/\/tajkertesz.com\/termek\/acer-palmatum-atropurpureum-voroslevelu-japan-juhar\/"]}]},{"@type":"ImageObject","inLanguage":"en-US","@id":"https:\/\/tajkertesz.com\/termek\/acer-palmatum-atropurpureum-voroslevelu-japan-juhar\/#primaryimage","url":"https:\/\/tajkertesz.com\/wp-content\/uploads\/2020\/02\/20240614_134546-1-scaled.jpg","contentUrl":"https:\/\/tajkertesz.com\/wp-content\/uploads\/2020\/02\/20240614_134546-1-scaled.jpg","width":1154,"height":2560,"caption":"Acer palmatum 'Atropurpureum' - V\u00f6r\u00f6s level\u0171 jap\u00e1n juhar"},{"@type":"BreadcrumbList","@id":"https:\/\/tajkertesz.com\/termek\/acer-palmatum-atropurpureum-voroslevelu-japan-juhar\/#breadcrumb","itemListElement":[{"@type":"ListItem","position":1,"name":"Home","item":"https:\/\/tajkertesz.com\/"},{"@type":"ListItem","position":2,"name":"Kezd\u0151lap","item":"https:\/\/tajkertesz.com\/"},{"@type":"ListItem","position":3,"name":"Acer palmatum &#8216;Atropurpureum&#8217; &#8211; V\u00f6r\u00f6slevel\u0171 jap\u00e1n juhar"}]},{"@type":"WebSite","@id":"https:\/\/tajkertesz.com\/#website","url":"https:\/\/tajkertesz.com\/","name":"T\u00e1j-Kert\u00e9sz 84 Kft.","description":"Kert\u00e9szeti kis- \u00e9s nagykeresked\u00e9s, D\u00edszn\u00f6v\u00e9ny web\u00e1ruh\u00e1z orsz\u00e1gos h\u00e1zhozsz\u00e1ll\u00edt\u00e1ssal!","publisher":{"@id":"https:\/\/tajkertesz.com\/#organization"},"potentialAction":[{"@type":"SearchAction","target":{"@type":"EntryPoint","urlTemplate":"https:\/\/tajkertesz.com\/?s={search_term_string}"},"query-input":{"@type":"PropertyValueSpecification","valueRequired":true,"valueName":"search_term_string"}}],"inLanguage":"en-US"},{"@type":"Organization","@id":"https:\/\/tajkertesz.com\/#organization","name":"T\u00e1j-Kert\u00e9sz 84 Kft.","url":"https:\/\/tajkertesz.com\/","logo":{"@type":"ImageObject","inLanguage":"en-US","@id":"https:\/\/tajkertesz.com\/#\/schema\/logo\/image\/","url":"https:\/\/tajkertesz.com\/wp-content\/uploads\/2018\/02\/logo-2-e1518678052539.png","contentUrl":"https:\/\/tajkertesz.com\/wp-content\/uploads\/2018\/02\/logo-2-e1518678052539.png","width":81,"height":140,"caption":"T\u00e1j-Kert\u00e9sz 84 Kft."},"image":{"@id":"https:\/\/tajkertesz.com\/#\/schema\/logo\/image\/"},"sameAs":["https:\/\/www.facebook.com\/Tajkertesz\/"]}]}},"_links":{"self":[{"href":"https:\/\/tajkertesz.com\/en_US\/wp-json\/wp\/v2\/product\/733","targetHints":{"allow":["GET"]}}],"collection":[{"href":"https:\/\/tajkertesz.com\/en_US\/wp-json\/wp\/v2\/product"}],"about":[{"href":"https:\/\/tajkertesz.com\/en_US\/wp-json\/wp\/v2\/types\/product"}],"wp:featuredmedia":[{"embeddable":true,"href":"https:\/\/tajkertesz.com\/en_US\/wp-json\/wp\/v2\/media\/20575"}],"wp:attachment":[{"href":"https:\/\/tajkertesz.com\/en_US\/wp-json\/wp\/v2\/media?parent=733"}],"wp:term":[{"taxonomy":"product_brand","embeddable":true,"href":"https:\/\/tajkertesz.com\/en_US\/wp-json\/wp\/v2\/product_brand?post=733"},{"taxonomy":"product_cat","embeddable":true,"href":"https:\/\/tajkertesz.com\/en_US\/wp-json\/wp\/v2\/product_cat?post=733"},{"taxonomy":"product_tag","embeddable":true,"href":"https:\/\/tajkertesz.com\/en_US\/wp-json\/wp\/v2\/product_tag?post=733"}],"curies":[{"name":"wp","href":"https:\/\/api.w.org\/{rel}","templated":true}]}}