{"id":7348,"date":"2021-06-28T06:34:53","date_gmt":"2021-06-28T06:34:53","guid":{"rendered":"https:\/\/tajkertesz.com\/?post_type=product&#038;p=7348"},"modified":"2026-02-17T15:15:56","modified_gmt":"2026-02-17T15:15:56","slug":"protect-hangyairto-csaletek","status":"publish","type":"product","link":"https:\/\/tajkertesz.com\/en_US\/product\/protect-hangyairto-csaletek\/","title":{"rendered":"Protect hangyairt\u00f3 csal\u00e9tek 5g"},"content":{"rendered":"<div class=\"artdet__name-rating d-none d-lg-block\">\n<div class=\"row gutters-5\">\n<div class=\"col\">\n<div class=\"artdet__name-pagination-wrap d-flex\">\n<div class=\"top product-page-top\">\n<div class=\"center product-page-center\">\n<div class=\"artdet__name-pagination-wrap d-flex\">\n<div class=\"summary entry-summary\">\n<div class=\"elementor-column elementor-col-50 elementor-inner-column elementor-element elementor-element-072daa9\" data-id=\"072daa9\" data-element_type=\"column\">\n<div class=\"elementor-widget-wrap elementor-element-populated\">\n<div class=\"elementor-element elementor-element-54ae97b elementor-widget__width-auto elementor-widget elementor-widget-jet-single-title\" data-id=\"54ae97b\" data-element_type=\"widget\" data-widget_type=\"jet-single-title.default\">\n<div class=\"elementor-widget-container\">\n<div class=\"elementor-jet-single-title jet-woo-builder\">\n<div class=\"top product-page-top\">\n<div class=\"center product-page-center\">\n<h1 class=\"product-page-heading\"><span class=\"product-page-product-name\">Protect hangyairt\u00f3 csal\u00e9tek<\/span><\/h1>\n<p class=\"product-page-heading\"><span class=\"product-page-product-name\">Protect hangyairt\u00f3 csal\u00e9tek<\/span><\/p>\n<h4 class=\"product-page-heading\"><span class=\"product-page-product-name\">Felhaszn\u00e1lhat\u00f3: <\/span><\/h4>\n<p class=\"product-page-heading\"><span class=\"product-page-product-name\">Z\u00e1rt t\u00e9rben \u00e9s teraszon el\u0151fordul\u00f3 h\u00e1zi \u00e9s kerti hangy\u00e1k elpuszt\u00edt\u00e1s\u00e1ra Haszn\u00e1lati utas\u00edt\u00e1s: A csal\u00e9tek kihelyez\u00e9se el\u0151tt minden \u00e9lelmiszert \u00e9s \u00e9lelmiszermarad\u00e9kot t\u00e1vol\u00edtson el, illetve z\u00e1rjon el. <\/span><\/p>\n<p class=\"product-page-heading\"><span class=\"product-page-product-name\">A csal\u00e9tek\u00e1llom\u00e1s aktiv\u00e1l\u00e1s\u00e1t a k\u00f6vetkez\u0151 l\u00e9p\u00e9sekben v\u00e9gezze el: 1. Helyezze a csal\u00e9tek\u00e1llom\u00e1st v\u00edzszintes fel\u00fcletre. 2. Az \u00e1llom\u00e1s tetej\u00e9n tal\u00e1lhat\u00f3 z\u00e1r\u00f3 korongot t\u00e1vol\u00edtsa el. 3. A hangyairt\u00f3 g\u00e9lt tartalmaz\u00f3 kapszula tetej\u00e9t ujjbeggyel hat\u00e1rozottan, kattan\u00e1sig nyomja be. Ennek hat\u00e1s\u00e1ra a g\u00e9l a csal\u00e9tek\u00e1llom\u00e1s alj\u00e1ba folyik.<\/span><span class=\"product-page-product-name\">4. <\/span><span class=\"product-page-product-name\">A z\u00e1r\u00f3 korongot pattintsa vissza az \u00e1llom\u00e1s tetej\u00e9re. A csal\u00e9tek\u00e1llom\u00e1st &#8211; aktiv\u00e1l\u00e1st k\u00f6vet\u0151en &#8211; a hangy\u00e1k vonul\u00e1si \u00fatvonala ment\u00e9n, illetve a f\u00e9szek bej\u00e1rat\u00e1hoz k\u00f6zel, v\u00edzszintes helyzetben, a padl\u00f3 szintj\u00e9n helyezze el. Nagyobb m\u00e9rt\u00e9k\u0171 fert\u0151z\u00e9s eset\u00e9n t\u00f6bb csal\u00e9tek \u00e1llom\u00e1s egyidej\u0171 haszn\u00e1lata javasolt. <\/span><\/p>\n<p class=\"product-page-heading\"><span class=\"product-page-product-name\">A csal\u00e9tekb\u0151l fogyaszt\u00f3 hangy\u00e1k t\u00f6bbs\u00e9ge 14 napon bel\u00fcl elpusztul, de a hangyamentess\u00e9g el\u00e9r\u00e9s\u00e9hez kb. 12 h\u00e9t sz\u00fcks\u00e9ges. A Protect\u00ae hangyairt\u00f3 csal\u00e9tek olyan rovarn\u00f6veked\u00e9st g\u00e1tl\u00f3 hat\u00f3anyagot is tartalmaz, amelynek azonnali \u00f6l\u0151hat\u00e1sa nincs, de megg\u00e1tolja a kir\u00e1lyn\u0151k peterak\u00e1s\u00e1t, illetve zavart id\u00e9z el\u0151 a l\u00e1rv\u00e1k fejl\u0151d\u00e9s\u00e9ben, \u00edgy a hangyaboly kihal. Amennyiben azt tapasztalja, hogy a hangy\u00e1k nem l\u00e1togatj\u00e1k a kihelyezett csal\u00e9tket, tegye \u00e1t m\u00e1s helyre. Sz\u00fcks\u00e9g eset\u00e9n a kezel\u00e9st ism\u00e9telje meg. <\/span><\/p>\n<h4 class=\"product-page-heading\"><span class=\"product-page-product-name\">A g\u00e9l alkalmaz\u00e1s\u00e1val egyidej\u0171leg m\u00e1s rovarirt\u00f3 szert (pl. aeroszol, permet, poroz\u00f3szer, stb.) ne haszn\u00e1ljon, mert ezek a hangy\u00e1kat elriasztj\u00e1k a g\u00e9lt\u0151l. A kifolyt g\u00e9l mos\u00f3szeres meleg v\u00edzzel elt\u00e1vol\u00edthat\u00f3 a fel\u00fcletekr\u0151l.<\/span><\/h4>\n<\/div>\n<div class=\"center product-page-center\">\n<div class=\"product-title-addittional\">\n<section class=\"article__content\"><span style=\"color: #ffffff;\">Teraszon \u00e9s utakon alkalmazhat\u00f3 hangyairt\u00f3, haszn\u00e1lhat\u00f3 \u00f6nt\u00f6z\u0151szerk\u00e9nt, vagy kisz\u00f3rva. A hangy\u00e1k a bolyban pusztulnak el miut\u00e1n felvett\u00e9k a hat\u00f3anyagot, a boly k\u00f6zel\u00e9ben kell kisz\u00f3rni\/\u00f6nt\u00f6zni. Hat\u00f3anyag: cipermetrin. Kiszerel\u00e9s: 100 g-os \u00e9s 500g-os dob<\/span><span style=\"color: #ffffff;\">Teraszon \u00e9s utakon alkalmazhat\u00f3 hangyairt\u00f3, haszn\u00e1lhat\u00f3 \u00f6nt\u00f6z\u0151szerk\u00e9nt, vagy kisz\u00f3rva. A hangy\u00e1k a bolyban pusztulnak el miut\u00e1n felvett\u00e9k a hat\u00f3anyagot, a boly k\u00f6zel\u00e9ben kell kisz\u00f3rni\/\u00f6nt\u00f6zni. Hat\u00f3anyag: cipermetrin. Kiszerel\u00e9s: 100 g-os \u00e9s 500g-os dobozban.ozban.<\/span><\/section>\n<\/div>\n<\/div>\n<\/div>\n<\/div>\n<\/div>\n<\/div>\n<\/div>\n<\/div>\n<\/div>\n<\/div>\n<\/div>\n<\/div>\n<\/div>\n<\/div>\n<\/div>\n<\/div>\n<p><a href=\"https:\/\/www.facebook.com\/tajkertesz\">https:\/\/www.facebook.com\/tajkertesz<\/a><\/p>\n<p><a href=\"https:\/\/tajkertesz.com\/\">https:\/\/tajkertesz.com\/<\/a><\/p>\n<p>Biztons\u00e1gi adatlap:<\/p>\n<p><a href=\"https:\/\/tajkertesz.com\/wp-content\/uploads\/2021\/06\/protect_hangyacsali_combi_3_db-os_20180720-1.pdf\">protect_hangyacsali_combi_3_db-os_20180720<\/a><\/p>\n<p>&nbsp;<\/p>\n<p><span style=\"color: #ffffff;\">A\u00a0<b>rovarriaszt\u00f3, repellens:<\/b><\/span><\/p>\n<p><span style=\"color: #ffffff;\">(<i>latin:<\/i>\u00a0elriaszt\u00f3, t\u00e1vol tart\u00f3, pl.: rovart<sup id=\"cite_ref-1\" class=\"reference\"><\/sup>) olyan anyag,\u00a0 fizikai elj\u00e1r\u00e1s, amely elriasztja, t\u00e1vol tartja a rovarokat az ember b\u0151r\u00e9t\u0151l, ruh\u00e1zat\u00e1t\u00f3l, lak\u00f3hely\u00e9t\u0151l vagy az \u00e1llatok k\u00fcltakar\u00f3j\u00e1t\u00f3l, k\u00f6rnyezet\u00e9t\u0151l, \u00e9l\u0151hely\u00e9t\u0151l. <sup id=\"cite_ref-2\" class=\"reference\"><\/sup>Repellens hat\u00e1s alatt bizonyos hat\u00f3anyagok kullancsokra \u00e9s rovarokra kifejtett t\u00e1vol tart\u00f3 hat\u00e1s\u00e1t \u00e9rtj\u00fck, ami megakad\u00e1lyozza a parazit\u00e1k megtapad\u00e1s\u00e1t, sz\u00far\u00e1s\u00e1t vagy v\u00e9rsz\u00edv\u00e1s\u00e1t a kezelt emberen, \u00e1llaton. Fert\u0151z\u00f6tt rovarok cs\u00edp\u00e9se betegs\u00e9g terjed\u00e9s\u00e9nek forr\u00e1sa lehet.<sup id=\"cite_ref-3\" class=\"reference\"><\/sup><\/span><\/p>\n<p><span style=\"color: #ffffff;\">Elengedhetetlen fontoss\u00e1g\u00fa annak ismerete, hogy melyik\u00a0<i>rovarriaszt\u00f3<\/i>\u00a0term\u00e9kek kisz\u00e1m\u00edthat\u00f3k \u00e9s tart\u00f3s v\u00e9delmet ny\u00fajtanak. K\u00f6zel 100%-os v\u00e9delem \u00e9rhet\u0151 el, ha hosszabb hat\u00e1startam\u00fa rovar\u0171z\u0151 szereket c\u00e9lszer\u0171 haszn\u00e1lunk, kombin\u00e1lva\u00a0<i>permetrinnel<\/i> kezelt ruh\u00e1zattal. Ugyanolyan szem\u00e9lyi v\u00e9delmi int\u00e9zked\u00e9seket kell foganatos\u00edtani kullancsok \u00e9s cs\u00edp\u0151s rovarok, legyek eset\u00e9ben, mint a sz\u00fanyogokn\u00e1l, mert ezek az \u00e9l\u0151sk\u00f6d\u0151k is tov\u00e1bb\u00edtja a Lyme-k\u00f3rt, kullancsencephalitist, visszat\u00e9r\u0151 l\u00e1zt, t\u00edfuszt, leishmaniasist, onchocerciasist, trypanosomiasist, \u00e9s sz\u00e1mos m\u00e1s tr\u00f3pusi \u00e9s fert\u0151z\u0151 betegs\u00e9geket.<\/span><\/p>\n<p><span style=\"color: #ffffff;\">A\u00a0<b>permetrin:<\/b><\/span><\/p>\n<p><span style=\"color: #ffffff;\">a piretroidok k\u00f6z\u00e9 tartoz\u00f3 rovar- \u00e9s atkairt\u00f3 hat\u00f3anyag, amelyet tet\u0171- \u00e9s bolhairt\u00f3k\u00e9nt a hum\u00e1n- \u00e9s \u00e1llatgy\u00f3gy\u00e1szatban, biocidk\u00e9nt pedig \u00e1ltal\u00e1nos rovarirt\u00f3szerekben alkalmaznak. K\u00f6rnyezetk\u00e1ros\u00edt\u00f3 hat\u00e1sa miatt 2003 \u00f3ta az Eur\u00f3pai Uni\u00f3ban nem haszn\u00e1lhat\u00f3 n\u00f6v\u00e9nyv\u00e9d\u0151szerk\u00e9nt. Az \u0151szi margitvir\u00e1gban tal\u00e1lhat\u00f3 term\u00e9szetes rovar\u00f6l\u0151 anyag alapj\u00e1n fejlesztett\u00e9k ki, majd kezdt\u00e9k el ipari gy\u00e1rt\u00e1s\u00e1t.<\/span><\/p>\n<p><b>K\u00e9szlet\u00fcnk napi szinten v\u00e1ltozik, ez\u00e9rt k\u00e9rj\u00fck, \u00e9rdekl\u0151dj\u00f6n szem\u00e9lyesen, telefonon vagy email-en.<br \/>\nA v\u00e1ltoztat\u00e1s jog\u00e1t fenntartjuk!\u00a0<\/b><\/p>","protected":false},"excerpt":{"rendered":"<h1 class=\"product-page-heading\"><span class=\"product-page-product-name\">Protect hangyairt\u00f3 csal\u00e9tek<\/span><\/h1>","protected":false},"featured_media":7349,"template":"","meta":{"_et_pb_use_builder":"","_et_pb_old_content":"","_et_gb_content_width":""},"product_brand":[],"product_cat":[4094],"product_tag":[2138],"class_list":{"0":"post-7348","1":"product","2":"type-product","3":"status-publish","4":"has-post-thumbnail","6":"product_cat-protect-termekek","7":"product_tag-protect-hangyairto-csaletek","9":"first","10":"outofstock","11":"shipping-taxable","12":"product-type-simple"},"yoast_head":"<!-- This site is optimized with the Yoast SEO plugin v27.4 - https:\/\/yoast.com\/product\/yoast-seo-wordpress\/ -->\n<title>Protect hangyairt\u00f3 csal\u00e9tek 5g - T\u00e1jkert\u00e9sz<\/title>\n<meta name=\"description\" content=\"Protect hangyairt\u00f3 csal\u00e9tek, Felhaszn\u00e1lhat\u00f3: Z\u00e1rt t\u00e9rben \u00e9s teraszon el\u0151fordul\u00f3 h\u00e1zi \u00e9s kerti hangy\u00e1k elpuszt\u00edt\u00e1s\u00e1ra Haszn\u00e1lati utas\u00edt\u00e1s\" \/>\n<meta name=\"robots\" content=\"index, follow, max-snippet:-1, max-image-preview:large, max-video-preview:-1\" \/>\n<link rel=\"canonical\" href=\"https:\/\/tajkertesz.com\/en_US\/product\/protect-hangyairto-csaletek\/\" \/>\n<meta property=\"og:locale\" content=\"en_US\" \/>\n<meta property=\"og:type\" content=\"article\" \/>\n<meta property=\"og:title\" content=\"Protect hangyairt\u00f3 csal\u00e9tek 5g - T\u00e1jkert\u00e9sz\" \/>\n<meta property=\"og:description\" content=\"Protect hangyairt\u00f3 csal\u00e9tek, Felhaszn\u00e1lhat\u00f3: Z\u00e1rt t\u00e9rben \u00e9s teraszon el\u0151fordul\u00f3 h\u00e1zi \u00e9s kerti hangy\u00e1k elpuszt\u00edt\u00e1s\u00e1ra Haszn\u00e1lati utas\u00edt\u00e1s\" \/>\n<meta property=\"og:url\" content=\"https:\/\/tajkertesz.com\/en_US\/product\/protect-hangyairto-csaletek\/\" \/>\n<meta property=\"og:site_name\" content=\"T\u00e1jkert\u00e9sz\" \/>\n<meta property=\"article:publisher\" content=\"https:\/\/www.facebook.com\/Tajkertesz\/\" \/>\n<meta property=\"article:modified_time\" content=\"2026-02-17T15:15:56+00:00\" \/>\n<meta property=\"og:image\" content=\"https:\/\/tajkertesz.com\/wp-content\/uploads\/2021\/06\/0001.jpg\" \/>\n\t<meta property=\"og:image:width\" content=\"900\" \/>\n\t<meta property=\"og:image:height\" content=\"500\" \/>\n\t<meta property=\"og:image:type\" content=\"image\/jpeg\" \/>\n<meta name=\"twitter:card\" content=\"summary_large_image\" \/>\n<meta name=\"twitter:label1\" content=\"Est. reading time\" \/>\n\t<meta name=\"twitter:data1\" content=\"3 minutes\" \/>\n<script type=\"application\/ld+json\" class=\"yoast-schema-graph\">{\"@context\":\"https:\\\/\\\/schema.org\",\"@graph\":[{\"@type\":\"WebPage\",\"@id\":\"https:\\\/\\\/tajkertesz.com\\\/termek\\\/protect-hangyairto-csaletek\\\/\",\"url\":\"https:\\\/\\\/tajkertesz.com\\\/termek\\\/protect-hangyairto-csaletek\\\/\",\"name\":\"Protect hangyairt\u00f3 csal\u00e9tek 5g - T\u00e1jkert\u00e9sz\",\"isPartOf\":{\"@id\":\"https:\\\/\\\/tajkertesz.com\\\/#website\"},\"primaryImageOfPage\":{\"@id\":\"https:\\\/\\\/tajkertesz.com\\\/termek\\\/protect-hangyairto-csaletek\\\/#primaryimage\"},\"image\":{\"@id\":\"https:\\\/\\\/tajkertesz.com\\\/termek\\\/protect-hangyairto-csaletek\\\/#primaryimage\"},\"thumbnailUrl\":\"https:\\\/\\\/tajkertesz.com\\\/wp-content\\\/uploads\\\/2021\\\/06\\\/0001.jpg\",\"datePublished\":\"2021-06-28T06:34:53+00:00\",\"dateModified\":\"2026-02-17T15:15:56+00:00\",\"description\":\"Protect hangyairt\u00f3 csal\u00e9tek, Felhaszn\u00e1lhat\u00f3: Z\u00e1rt t\u00e9rben \u00e9s teraszon el\u0151fordul\u00f3 h\u00e1zi \u00e9s kerti hangy\u00e1k elpuszt\u00edt\u00e1s\u00e1ra Haszn\u00e1lati utas\u00edt\u00e1s\",\"breadcrumb\":{\"@id\":\"https:\\\/\\\/tajkertesz.com\\\/termek\\\/protect-hangyairto-csaletek\\\/#breadcrumb\"},\"inLanguage\":\"en-US\",\"potentialAction\":[{\"@type\":\"ReadAction\",\"target\":[\"https:\\\/\\\/tajkertesz.com\\\/termek\\\/protect-hangyairto-csaletek\\\/\"]}]},{\"@type\":\"ImageObject\",\"inLanguage\":\"en-US\",\"@id\":\"https:\\\/\\\/tajkertesz.com\\\/termek\\\/protect-hangyairto-csaletek\\\/#primaryimage\",\"url\":\"https:\\\/\\\/tajkertesz.com\\\/wp-content\\\/uploads\\\/2021\\\/06\\\/0001.jpg\",\"contentUrl\":\"https:\\\/\\\/tajkertesz.com\\\/wp-content\\\/uploads\\\/2021\\\/06\\\/0001.jpg\",\"width\":900,\"height\":500},{\"@type\":\"BreadcrumbList\",\"@id\":\"https:\\\/\\\/tajkertesz.com\\\/termek\\\/protect-hangyairto-csaletek\\\/#breadcrumb\",\"itemListElement\":[{\"@type\":\"ListItem\",\"position\":1,\"name\":\"Home\",\"item\":\"https:\\\/\\\/tajkertesz.com\\\/\"},{\"@type\":\"ListItem\",\"position\":2,\"name\":\"Kezd\u0151lap\",\"item\":\"https:\\\/\\\/tajkertesz.com\\\/\"},{\"@type\":\"ListItem\",\"position\":3,\"name\":\"Protect hangyairt\u00f3 csal\u00e9tek 5g\"}]},{\"@type\":\"WebSite\",\"@id\":\"https:\\\/\\\/tajkertesz.com\\\/#website\",\"url\":\"https:\\\/\\\/tajkertesz.com\\\/\",\"name\":\"T\u00e1j-Kert\u00e9sz 84 Kft.\",\"description\":\"Kert\u00e9szeti kis- \u00e9s nagykeresked\u00e9s, D\u00edszn\u00f6v\u00e9ny web\u00e1ruh\u00e1z orsz\u00e1gos h\u00e1zhozsz\u00e1ll\u00edt\u00e1ssal!\",\"publisher\":{\"@id\":\"https:\\\/\\\/tajkertesz.com\\\/#organization\"},\"potentialAction\":[{\"@type\":\"SearchAction\",\"target\":{\"@type\":\"EntryPoint\",\"urlTemplate\":\"https:\\\/\\\/tajkertesz.com\\\/?s={search_term_string}\"},\"query-input\":{\"@type\":\"PropertyValueSpecification\",\"valueRequired\":true,\"valueName\":\"search_term_string\"}}],\"inLanguage\":\"en-US\"},{\"@type\":\"Organization\",\"@id\":\"https:\\\/\\\/tajkertesz.com\\\/#organization\",\"name\":\"T\u00e1j-Kert\u00e9sz 84 Kft.\",\"url\":\"https:\\\/\\\/tajkertesz.com\\\/\",\"logo\":{\"@type\":\"ImageObject\",\"inLanguage\":\"en-US\",\"@id\":\"https:\\\/\\\/tajkertesz.com\\\/#\\\/schema\\\/logo\\\/image\\\/\",\"url\":\"https:\\\/\\\/tajkertesz.com\\\/wp-content\\\/uploads\\\/2018\\\/02\\\/logo-2-e1518678052539.png\",\"contentUrl\":\"https:\\\/\\\/tajkertesz.com\\\/wp-content\\\/uploads\\\/2018\\\/02\\\/logo-2-e1518678052539.png\",\"width\":81,\"height\":140,\"caption\":\"T\u00e1j-Kert\u00e9sz 84 Kft.\"},\"image\":{\"@id\":\"https:\\\/\\\/tajkertesz.com\\\/#\\\/schema\\\/logo\\\/image\\\/\"},\"sameAs\":[\"https:\\\/\\\/www.facebook.com\\\/Tajkertesz\\\/\"]}]}<\/script>\n<!-- \/ Yoast SEO plugin. -->","yoast_head_json":{"title":"Protect hangyairt\u00f3 csal\u00e9tek 5g - T\u00e1jkert\u00e9sz","description":"Protect hangyairt\u00f3 csal\u00e9tek, Felhaszn\u00e1lhat\u00f3: Z\u00e1rt t\u00e9rben \u00e9s teraszon el\u0151fordul\u00f3 h\u00e1zi \u00e9s kerti hangy\u00e1k elpuszt\u00edt\u00e1s\u00e1ra Haszn\u00e1lati utas\u00edt\u00e1s","robots":{"index":"index","follow":"follow","max-snippet":"max-snippet:-1","max-image-preview":"max-image-preview:large","max-video-preview":"max-video-preview:-1"},"canonical":"https:\/\/tajkertesz.com\/en_US\/product\/protect-hangyairto-csaletek\/","og_locale":"en_US","og_type":"article","og_title":"Protect hangyairt\u00f3 csal\u00e9tek 5g - T\u00e1jkert\u00e9sz","og_description":"Protect hangyairt\u00f3 csal\u00e9tek, Felhaszn\u00e1lhat\u00f3: Z\u00e1rt t\u00e9rben \u00e9s teraszon el\u0151fordul\u00f3 h\u00e1zi \u00e9s kerti hangy\u00e1k elpuszt\u00edt\u00e1s\u00e1ra Haszn\u00e1lati utas\u00edt\u00e1s","og_url":"https:\/\/tajkertesz.com\/en_US\/product\/protect-hangyairto-csaletek\/","og_site_name":"T\u00e1jkert\u00e9sz","article_publisher":"https:\/\/www.facebook.com\/Tajkertesz\/","article_modified_time":"2026-02-17T15:15:56+00:00","og_image":[{"width":900,"height":500,"url":"https:\/\/tajkertesz.com\/wp-content\/uploads\/2021\/06\/0001.jpg","type":"image\/jpeg"}],"twitter_card":"summary_large_image","twitter_misc":{"Est. reading time":"3 minutes"},"schema":{"@context":"https:\/\/schema.org","@graph":[{"@type":"WebPage","@id":"https:\/\/tajkertesz.com\/termek\/protect-hangyairto-csaletek\/","url":"https:\/\/tajkertesz.com\/termek\/protect-hangyairto-csaletek\/","name":"Protect hangyairt\u00f3 csal\u00e9tek 5g - T\u00e1jkert\u00e9sz","isPartOf":{"@id":"https:\/\/tajkertesz.com\/#website"},"primaryImageOfPage":{"@id":"https:\/\/tajkertesz.com\/termek\/protect-hangyairto-csaletek\/#primaryimage"},"image":{"@id":"https:\/\/tajkertesz.com\/termek\/protect-hangyairto-csaletek\/#primaryimage"},"thumbnailUrl":"https:\/\/tajkertesz.com\/wp-content\/uploads\/2021\/06\/0001.jpg","datePublished":"2021-06-28T06:34:53+00:00","dateModified":"2026-02-17T15:15:56+00:00","description":"Protect hangyairt\u00f3 csal\u00e9tek, Felhaszn\u00e1lhat\u00f3: Z\u00e1rt t\u00e9rben \u00e9s teraszon el\u0151fordul\u00f3 h\u00e1zi \u00e9s kerti hangy\u00e1k elpuszt\u00edt\u00e1s\u00e1ra Haszn\u00e1lati utas\u00edt\u00e1s","breadcrumb":{"@id":"https:\/\/tajkertesz.com\/termek\/protect-hangyairto-csaletek\/#breadcrumb"},"inLanguage":"en-US","potentialAction":[{"@type":"ReadAction","target":["https:\/\/tajkertesz.com\/termek\/protect-hangyairto-csaletek\/"]}]},{"@type":"ImageObject","inLanguage":"en-US","@id":"https:\/\/tajkertesz.com\/termek\/protect-hangyairto-csaletek\/#primaryimage","url":"https:\/\/tajkertesz.com\/wp-content\/uploads\/2021\/06\/0001.jpg","contentUrl":"https:\/\/tajkertesz.com\/wp-content\/uploads\/2021\/06\/0001.jpg","width":900,"height":500},{"@type":"BreadcrumbList","@id":"https:\/\/tajkertesz.com\/termek\/protect-hangyairto-csaletek\/#breadcrumb","itemListElement":[{"@type":"ListItem","position":1,"name":"Home","item":"https:\/\/tajkertesz.com\/"},{"@type":"ListItem","position":2,"name":"Kezd\u0151lap","item":"https:\/\/tajkertesz.com\/"},{"@type":"ListItem","position":3,"name":"Protect hangyairt\u00f3 csal\u00e9tek 5g"}]},{"@type":"WebSite","@id":"https:\/\/tajkertesz.com\/#website","url":"https:\/\/tajkertesz.com\/","name":"T\u00e1j-Kert\u00e9sz 84 Kft.","description":"Kert\u00e9szeti kis- \u00e9s nagykeresked\u00e9s, D\u00edszn\u00f6v\u00e9ny web\u00e1ruh\u00e1z orsz\u00e1gos h\u00e1zhozsz\u00e1ll\u00edt\u00e1ssal!","publisher":{"@id":"https:\/\/tajkertesz.com\/#organization"},"potentialAction":[{"@type":"SearchAction","target":{"@type":"EntryPoint","urlTemplate":"https:\/\/tajkertesz.com\/?s={search_term_string}"},"query-input":{"@type":"PropertyValueSpecification","valueRequired":true,"valueName":"search_term_string"}}],"inLanguage":"en-US"},{"@type":"Organization","@id":"https:\/\/tajkertesz.com\/#organization","name":"T\u00e1j-Kert\u00e9sz 84 Kft.","url":"https:\/\/tajkertesz.com\/","logo":{"@type":"ImageObject","inLanguage":"en-US","@id":"https:\/\/tajkertesz.com\/#\/schema\/logo\/image\/","url":"https:\/\/tajkertesz.com\/wp-content\/uploads\/2018\/02\/logo-2-e1518678052539.png","contentUrl":"https:\/\/tajkertesz.com\/wp-content\/uploads\/2018\/02\/logo-2-e1518678052539.png","width":81,"height":140,"caption":"T\u00e1j-Kert\u00e9sz 84 Kft."},"image":{"@id":"https:\/\/tajkertesz.com\/#\/schema\/logo\/image\/"},"sameAs":["https:\/\/www.facebook.com\/Tajkertesz\/"]}]}},"_links":{"self":[{"href":"https:\/\/tajkertesz.com\/en_US\/wp-json\/wp\/v2\/product\/7348","targetHints":{"allow":["GET"]}}],"collection":[{"href":"https:\/\/tajkertesz.com\/en_US\/wp-json\/wp\/v2\/product"}],"about":[{"href":"https:\/\/tajkertesz.com\/en_US\/wp-json\/wp\/v2\/types\/product"}],"wp:featuredmedia":[{"embeddable":true,"href":"https:\/\/tajkertesz.com\/en_US\/wp-json\/wp\/v2\/media\/7349"}],"wp:attachment":[{"href":"https:\/\/tajkertesz.com\/en_US\/wp-json\/wp\/v2\/media?parent=7348"}],"wp:term":[{"taxonomy":"product_brand","embeddable":true,"href":"https:\/\/tajkertesz.com\/en_US\/wp-json\/wp\/v2\/product_brand?post=7348"},{"taxonomy":"product_cat","embeddable":true,"href":"https:\/\/tajkertesz.com\/en_US\/wp-json\/wp\/v2\/product_cat?post=7348"},{"taxonomy":"product_tag","embeddable":true,"href":"https:\/\/tajkertesz.com\/en_US\/wp-json\/wp\/v2\/product_tag?post=7348"}],"curies":[{"name":"wp","href":"https:\/\/api.w.org\/{rel}","templated":true}]}}