{"id":7352,"date":"2021-06-28T06:46:30","date_gmt":"2021-06-28T06:46:30","guid":{"rendered":"https:\/\/tajkertesz.com\/?post_type=product&#038;p=7352"},"modified":"2026-02-17T15:21:33","modified_gmt":"2026-02-17T15:21:33","slug":"protect-faraohangyairto-csaletek-3-db","status":"publish","type":"product","link":"https:\/\/tajkertesz.com\/en_US\/product\/protect-faraohangyairto-csaletek-3-db\/","title":{"rendered":"Protect f\u00e1ra\u00f3hangyairt\u00f3 csal\u00e9tek 3 db"},"content":{"rendered":"<div class=\"artdet__name-rating d-none d-lg-block\">\n<div class=\"row gutters-5\">\n<div class=\"col\">\n<div class=\"artdet__name-pagination-wrap d-flex\">\n<div class=\"top product-page-top\">\n<div class=\"center product-page-center\">\n<div class=\"artdet__name-pagination-wrap d-flex\">\n<div class=\"summary entry-summary\">\n<div class=\"elementor-column elementor-col-50 elementor-inner-column elementor-element elementor-element-072daa9\" data-id=\"072daa9\" data-element_type=\"column\">\n<div class=\"elementor-widget-wrap elementor-element-populated\">\n<div class=\"elementor-element elementor-element-54ae97b elementor-widget__width-auto elementor-widget elementor-widget-jet-single-title\" data-id=\"54ae97b\" data-element_type=\"widget\" data-widget_type=\"jet-single-title.default\">\n<div class=\"elementor-widget-container\">\n<div class=\"elementor-jet-single-title jet-woo-builder\">\n<div class=\"top product-page-top\">\n<div class=\"center product-page-center\">\n<h1 class=\"product-details-tile__title\">Protect f\u00e1ra\u00f3hangyairt\u00f3 csal\u00e9tek 3 db<\/h1>\n<p class=\"product-details-tile__title\">Protect f\u00e1ra\u00f3hangyairt\u00f3 csal\u00e9tek 3 db,Hangyairt\u00e1s mesterfokon, Elpuszt\u00edtja a teljes bolyt!Az \u00e9p\u00fcletekben \u00e9l\u0151 f\u00e1ra\u00f3hangy\u00e1k irt\u00e1s\u00e1ra kifejlesztett csal\u00e9tek<\/p>\n<div class=\"groupItem\">\n<div class=\"memo\">\n<h4 class=\"itemHeader\">Term\u00e9k inform\u00e1ci\u00f3k<\/h4>\n<p>Felhaszn\u00e1lhat\u00f3: Z\u00e1rt t\u00e9rben f\u00e1ra\u00f3hangy\u00e1k irt\u00e1s\u00e1ra.<br \/>\nA szabad szemmel alig l\u00e1that\u00f3, 2-2,5 mm nagys\u00e1g\u00fa, s\u00e1rg\u00e1s- vagy v\u00f6r\u00f6sesbarna sz\u00edn\u0171 f\u00e1ra\u00f3hangy\u00e1k jellemz\u0151 tulajdons\u00e1ga, hogy f\u00e9szk\u00fcket a falak reped\u00e9seiben, a cs\u0151vezet\u00e9kek, a konnektorok ment\u00e9n alak\u00edtj\u00e1k ki. Egy-egy boly t\u00f6bb ezer dolgoz\u00f3b\u00f3l &#8211; \u00e9s m\u00e1s hangyafajokt\u00f3l elt\u00e9r\u0151en &#8211; t\u00f6bb kir\u00e1lyn\u0151b\u0151l \u00e1ll. A bolyban tal\u00e1lhat\u00f3 kir\u00e1lyn\u0151k \u00e9s ut\u00f3dok t\u00e1pl\u00e1l\u00e9k\u00e1r\u00f3l a t\u00f6megesen megjelen\u0151, igen apr\u00f3 termet\u0171 dolgoz\u00f3 hangy\u00e1k gondoskodnak. A Protect\u00ae f\u00e1ra\u00f3hangyairt\u00f3 csal\u00e9tek olyan rovarn\u00f6veked\u00e9st g\u00e1tl\u00f3 szert tartalmaz, amelynek nincs azonnali \u00f6l\u0151hat\u00e1sa, azonban megg\u00e1tolja a kir\u00e1lyn\u0151k peterak\u00e1s\u00e1t, illetve a l\u00e1rv\u00e1k fejl\u0151d\u00e9s\u00e9ben zavart id\u00e9z el\u0151, \u00e9s a hangyaboly 10-14 h\u00e9t alatt elhal.<\/p>\n<\/div>\n<div class=\"memo\">\n<p>F\u00e1ra\u00f3hangya-irt\u00f3 csal\u00e9tek<\/p>\n<\/div>\n<div class=\"memo\">\n<h4 class=\"itemHeader\">Egy\u00e9b inform\u00e1ci\u00f3k<\/h4>\n<h4 class=\"itemHeader\">Hangyaismertet\u0151:<br \/>\nF\u00e1ra\u00f3hangya:<br \/>\nM\u00e9ret: 2-2,5 mm<br \/>\nSz\u00edn: s\u00e1rg\u00e1s- vagy v\u00f6r\u00f6sesbarna<br \/>\nMozg\u00e1s: viszonylag lass\u00fa mozg\u00e1s\u00fa<br \/>\nEl\u0151fordul\u00e1s: k\u00f6zponti vagy t\u00e1vf\u0171t\u00e9s\u0171 \u00e9p\u00fcletek konyh\u00e1iban, f\u00fcrd\u0151szob\u00e1iban.<br \/>\nT\u00e1pl\u00e1l\u00e9k: feh\u00e9rje \u00e9s cukortartalm\u00fa t\u00e1pl\u00e1l\u00e9kot fogyaszt.<\/h4>\n<p>Kerti hangya:<br \/>\nM\u00e9ret: 3-4 mm<br \/>\nSz\u00edn: s\u00f6t\u00e9tbarna vagy fekete<br \/>\nMozg\u00e1s: gyors porty\u00e1z\u00f3 mozg\u00e1s\u00fa<br \/>\nEl\u0151fordul\u00e1s: a h\u00e1z k\u00f6r\u00fcl a f\u00f6ldben f\u00e9szkel, de az \u00e9p\u00fcletekbe bel\u00e1togat.<br \/>\nT\u00e1pl\u00e1l\u00e9k: cukortartalm\u00fa \u00e9lelmiszereket el\u0151nyben r\u00e9szes\u00edti.<\/p>\n<\/div>\n<\/div>\n<div class=\"groupItem\">\n<div class=\"memo\">\n<h4 class=\"itemHeader\">Elk\u00e9sz\u00edt\u00e9s \u00e9s felhaszn\u00e1l\u00e1s<\/h4>\n<p>Haszn\u00e1lati utas\u00edt\u00e1s:<br \/>\nA m\u0171anyag csal\u00e9tek \u00e1llom\u00e1s fels\u0151 z\u00e1r\u00f3 r\u00e9sz\u00e9t a jelz\u00e9s ment\u00e9n v\u00e1gja le, majd a ragaszt\u00f3 korongr\u00f3l a v\u00e9d\u0151f\u00f3li\u00e1t h\u00fazza le. A csal\u00e9tek \u00e1llom\u00e1st a hangy\u00e1k vonul\u00e1si \u00fatvonal\u00e1hoz k\u00f6zel, de ne arra, \u00fagy ragassza fel, hogy azok ny\u00edl\u00e1sa fel\u00fclre, vagy oldalra ker\u00fclj\u00f6n. A csal\u00e9tek \u00e1llom\u00e1st a f\u00e1ra\u00f3hangy\u00e1k el\u0151fordul\u00e1si helyeire, els\u0151sorban a konyha, az \u00e9l\u00e9skamra (\u00e9lelmiszer szekr\u00e9ny) \u00e9s a f\u00fcrd\u0151szoba oldalaira r\u00f6gz\u00edts\u00fck, de amennyiben m\u00e1s helyis\u00e9gekben is megjelennek, \u00fagy oda is tegy\u00fcnk.<br \/>\nAj\u00e1nlott mennyis\u00e9g: 3 db csal\u00e9tek \u00e1llom\u00e1s\/20m\u00b2.<br \/>\nA biztos hat\u00e1s \u00e9rdek\u00e9ben a kihelyezett csal\u00e9tket c\u00e9lszer\u0171 3 h\u00f3napon kereszt\u00fcl azonos helyen kint hagyni akkor is, ha a hangy\u00e1k el\u0151fordul\u00e1sa m\u00e1r esetleg j\u00f3val kor\u00e1bban megsz\u0171nik. A csal\u00e9tek kihelyez\u00e9se ut\u00e1n el\u0151fordulhat, hogy r\u00f6vid ideig a kor\u00e1bbin\u00e1l t\u00f6bb hangya \u00e9szlelhet\u0151, de ez a kiv\u00e1l\u00f3 vonz\u00f3 hat\u00e1s k\u00f6vetkezm\u00e9nye. Ha sok a hangya \u00e9s a csal\u00e9tek elfogy, vagy megrong\u00e1l\u00f3dik, \u00fagy \u00fajabb csal\u00e9tek \u00e1llom\u00e1st kell kihelyezni. A kihelyezett csal\u00e9tek \u00e1llom\u00e1st takar\u00edt\u00e1skor v\u00edzt\u0151l \u00f3vjuk, mert hat\u00e9konys\u00e1ga megsz\u0171nik! Vigy\u00e1zat! A csal\u00e9tek alkalmaz\u00e1sakor semmilyen m\u00e1s rovarirt\u00f3szert ne haszn\u00e1ljon. A csal\u00e9tek alkalmaz\u00e1s\u00e1t k\u00f6vet\u0151en Protect\u00ae h\u00e1ztart\u00e1si permetez\u0151szerrel a megmaradt hangya dolgoz\u00f3k elpuszt\u00edthat\u00f3k.<br \/>\nA k\u00e9sz\u00edtm\u00e9ny egy rendk\u00edv\u00fcl keser\u0171 anyagot &#8211; denat\u00f3nium benzo\u00e1tot &#8211; tartalmaz, amely seg\u00edt megel\u0151zni a v\u00e9letlenszer\u0171 emberi fogyaszt\u00e1st. A csomagol\u00f3anyag \u00e9s a szer esetleges marad\u00e9ka a h\u00e1ztart\u00e1si szem\u00e9tbe dobhat\u00f3.<\/p>\n<\/div>\n<div class=\"memo\">\n<h4 class=\"itemHeader\">T\u00e1rol\u00e1s<\/h4>\n<p>Eltarthat\u00f3s\u00e1g \u00e9s t\u00e1rol\u00e1s: eredeti csomagol\u00e1sban, sz\u00e1raz, h\u0171v\u00f6s helyen t\u00e1rolva a gy\u00e1rt\u00e1st\u00f3l sz\u00e1m\u00edtott 3 \u00e9vig haszn\u00e1lhat\u00f3 fel.<\/p>\n<\/div>\n<\/div>\n<p>&nbsp;<\/p>\n<p class=\"product-page-heading\">\n<\/div>\n<div class=\"center product-page-center\">\n<div class=\"product-title-addittional\">\n<section class=\"article__content\"><span style=\"color: #ffffff;\">Teraszon \u00e9s utakon alkalmazhat\u00f3 hangyairt\u00f3, haszn\u00e1lhat\u00f3 \u00f6nt\u00f6z\u0151szerk\u00e9nt, vagy kisz\u00f3rva. A hangy\u00e1k a bolyban pusztulnak el miut\u00e1n felvett\u00e9k a hat\u00f3anyagot, a boly k\u00f6zel\u00e9ben kell kisz\u00f3rni\/\u00f6nt\u00f6zni. Hat\u00f3anyag: cipermetrin. Kiszerel\u00e9s: 100 g-os \u00e9s 500g-os dob<\/span><span style=\"color: #ffffff;\">Teraszon \u00e9s utakon alkalmazhat\u00f3 hangyairt\u00f3, haszn\u00e1lhat\u00f3 \u00f6nt\u00f6z\u0151szerk\u00e9nt, vagy kisz\u00f3rva. A hangy\u00e1k a bolyban pusztulnak el miut\u00e1n felvett\u00e9k a hat\u00f3anyagot, a boly k\u00f6zel\u00e9ben kell kisz\u00f3rni\/\u00f6nt\u00f6zni. Hat\u00f3anyag: cipermetrin. Kiszerel\u00e9s: 100 g-os \u00e9s 500g-os dobozban.ozban.<\/span><\/section>\n<\/div>\n<\/div>\n<\/div>\n<\/div>\n<\/div>\n<\/div>\n<\/div>\n<\/div>\n<\/div>\n<\/div>\n<\/div>\n<\/div>\n<\/div>\n<\/div>\n<\/div>\n<\/div>\n<p><a href=\"https:\/\/www.facebook.com\/tajkertesz\">https:\/\/www.facebook.com\/tajkertesz<\/a><\/p>\n<p><a href=\"https:\/\/tajkertesz.com\/\">https:\/\/tajkertesz.com\/<\/a><\/p>\n<p><a href=\"https:\/\/tajkertesz.com\/wp-content\/uploads\/2021\/06\/protect_hangyacsali_combi_3_db-os_20180720-3.pdf\">protect_hangyacsali_combi_3_db-os_20180720<\/a><\/p>\n<p><span style=\"color: #ffffff;\">A\u00a0<b>rovarriaszt\u00f3, repellens:<\/b><\/span><\/p>\n<p><span style=\"color: #ffffff;\">(<i>latin:<\/i>\u00a0elriaszt\u00f3, t\u00e1vol tart\u00f3, pl.: rovart<sup id=\"cite_ref-1\" class=\"reference\"><\/sup>) olyan anyag,\u00a0 fizikai elj\u00e1r\u00e1s, amely elriasztja, t\u00e1vol tartja a rovarokat az ember b\u0151r\u00e9t\u0151l, ruh\u00e1zat\u00e1t\u00f3l, lak\u00f3hely\u00e9t\u0151l vagy az \u00e1llatok k\u00fcltakar\u00f3j\u00e1t\u00f3l, k\u00f6rnyezet\u00e9t\u0151l, \u00e9l\u0151hely\u00e9t\u0151l. <sup id=\"cite_ref-2\" class=\"reference\"><\/sup>Repellens hat\u00e1s alatt bizonyos hat\u00f3anyagok kullancsokra \u00e9s rovarokra kifejtett t\u00e1vol tart\u00f3 hat\u00e1s\u00e1t \u00e9rtj\u00fck, ami megakad\u00e1lyozza a parazit\u00e1k megtapad\u00e1s\u00e1t, sz\u00far\u00e1s\u00e1t vagy v\u00e9rsz\u00edv\u00e1s\u00e1t a kezelt emberen, \u00e1llaton. Fert\u0151z\u00f6tt rovarok cs\u00edp\u00e9se betegs\u00e9g terjed\u00e9s\u00e9nek forr\u00e1sa lehet.<sup id=\"cite_ref-3\" class=\"reference\"><\/sup><\/span><\/p>\n<p><span style=\"color: #ffffff;\">Elengedhetetlen fontoss\u00e1g\u00fa annak ismerete, hogy melyik\u00a0<i>rovarriaszt\u00f3<\/i>\u00a0term\u00e9kek kisz\u00e1m\u00edthat\u00f3k \u00e9s tart\u00f3s v\u00e9delmet ny\u00fajtanak. K\u00f6zel 100%-os v\u00e9delem \u00e9rhet\u0151 el, ha hosszabb hat\u00e1startam\u00fa rovar\u0171z\u0151 szereket c\u00e9lszer\u0171 haszn\u00e1lunk, kombin\u00e1lva\u00a0<i>permetrinnel<\/i> kezelt ruh\u00e1zattal. Ugyanolyan szem\u00e9lyi v\u00e9delmi int\u00e9zked\u00e9seket kell foganatos\u00edtani kullancsok \u00e9s cs\u00edp\u0151s rovarok, legyek eset\u00e9ben, mint a sz\u00fanyogokn\u00e1l, mert ezek az \u00e9l\u0151sk\u00f6d\u0151k is tov\u00e1bb\u00edtja a Lyme-k\u00f3rt, kullancsencephalitist, visszat\u00e9r\u0151 l\u00e1zt, t\u00edfuszt, leishmaniasist, onchocerciasist, trypanosomiasist, \u00e9s sz\u00e1mos m\u00e1s tr\u00f3pusi \u00e9s fert\u0151z\u0151 betegs\u00e9geket.<\/span><\/p>\n<p><span style=\"color: #ffffff;\">A\u00a0<b>permetrin:<\/b><\/span><\/p>\n<p><span style=\"color: #ffffff;\">a piretroidok k\u00f6z\u00e9 tartoz\u00f3 rovar- \u00e9s atkairt\u00f3 hat\u00f3anyag, amelyet tet\u0171- \u00e9s bolhairt\u00f3k\u00e9nt a hum\u00e1n- \u00e9s \u00e1llatgy\u00f3gy\u00e1szatban, biocidk\u00e9nt pedig \u00e1ltal\u00e1nos rovarirt\u00f3szerekben alkalmaznak. K\u00f6rnyezetk\u00e1ros\u00edt\u00f3 hat\u00e1sa miatt 2003 \u00f3ta az Eur\u00f3pai Uni\u00f3ban nem haszn\u00e1lhat\u00f3 n\u00f6v\u00e9nyv\u00e9d\u0151szerk\u00e9nt. Az \u0151szi margitvir\u00e1gban tal\u00e1lhat\u00f3 term\u00e9szetes rovar\u00f6l\u0151 anyag alapj\u00e1n fejlesztett\u00e9k ki, majd kezdt\u00e9k el ipari gy\u00e1rt\u00e1s\u00e1t.<\/span><\/p>\n<p><b>K\u00e9szlet\u00fcnk napi szinten v\u00e1ltozik, ez\u00e9rt k\u00e9rj\u00fck, \u00e9rdekl\u0151dj\u00f6n szem\u00e9lyesen, telefonon vagy email-en.<br \/>\nA v\u00e1ltoztat\u00e1s jog\u00e1t fenntartjuk!\u00a0<\/b><\/p>","protected":false},"excerpt":{"rendered":"<h1 class=\"product-details-tile__title\">Protect f\u00e1ra\u00f3hangyairt\u00f3 csal\u00e9tek 3 db<\/h1>","protected":false},"featured_media":7353,"template":"","meta":{"_et_pb_use_builder":"","_et_pb_old_content":"","_et_gb_content_width":""},"product_brand":[],"product_cat":[4094],"product_tag":[2140],"class_list":{"0":"post-7352","1":"product","2":"type-product","3":"status-publish","4":"has-post-thumbnail","6":"product_cat-protect-termekek","7":"product_tag-protect-faraohangyairto-csaletek","9":"first","10":"instock","11":"shipping-taxable","12":"purchasable","13":"product-type-simple"},"yoast_head":"<!-- This site is optimized with the Yoast SEO plugin v27.4 - https:\/\/yoast.com\/product\/yoast-seo-wordpress\/ -->\n<title>Protect f\u00e1ra\u00f3hangyairt\u00f3 csal\u00e9tek 3 db - T\u00e1jkert\u00e9sz<\/title>\n<meta name=\"description\" content=\"Protect f\u00e1ra\u00f3hangyairt\u00f3 csal\u00e9tek 3 db, Hangyairt\u00e1s mesterfokon, Elpuszt\u00edtja a teljes bolyt!Az \u00e9p\u00fcletekben \u00e9l\u0151 f\u00e1ra\u00f3hangy\u00e1k irt\u00e1s\u00e1ra\" \/>\n<meta name=\"robots\" content=\"index, follow, max-snippet:-1, max-image-preview:large, max-video-preview:-1\" \/>\n<link rel=\"canonical\" href=\"https:\/\/tajkertesz.com\/en_US\/product\/protect-faraohangyairto-csaletek-3-db\/\" \/>\n<meta property=\"og:locale\" content=\"en_US\" \/>\n<meta property=\"og:type\" content=\"article\" \/>\n<meta property=\"og:title\" content=\"Protect f\u00e1ra\u00f3hangyairt\u00f3 csal\u00e9tek 3 db - T\u00e1jkert\u00e9sz\" \/>\n<meta property=\"og:description\" content=\"Protect f\u00e1ra\u00f3hangyairt\u00f3 csal\u00e9tek 3 db, Hangyairt\u00e1s mesterfokon, Elpuszt\u00edtja a teljes bolyt!Az \u00e9p\u00fcletekben \u00e9l\u0151 f\u00e1ra\u00f3hangy\u00e1k irt\u00e1s\u00e1ra\" \/>\n<meta property=\"og:url\" content=\"https:\/\/tajkertesz.com\/en_US\/product\/protect-faraohangyairto-csaletek-3-db\/\" \/>\n<meta property=\"og:site_name\" content=\"T\u00e1jkert\u00e9sz\" \/>\n<meta property=\"article:publisher\" content=\"https:\/\/www.facebook.com\/Tajkertesz\/\" \/>\n<meta property=\"article:modified_time\" content=\"2026-02-17T15:21:33+00:00\" \/>\n<meta property=\"og:image\" content=\"https:\/\/tajkertesz.com\/wp-content\/uploads\/2021\/06\/protect-farao.jpg\" \/>\n\t<meta property=\"og:image:width\" content=\"540\" \/>\n\t<meta property=\"og:image:height\" content=\"540\" \/>\n\t<meta property=\"og:image:type\" content=\"image\/jpeg\" \/>\n<meta name=\"twitter:card\" content=\"summary_large_image\" \/>\n<meta name=\"twitter:label1\" content=\"Est. reading time\" \/>\n\t<meta name=\"twitter:data1\" content=\"4 minutes\" \/>\n<script type=\"application\/ld+json\" class=\"yoast-schema-graph\">{\"@context\":\"https:\\\/\\\/schema.org\",\"@graph\":[{\"@type\":\"WebPage\",\"@id\":\"https:\\\/\\\/tajkertesz.com\\\/termek\\\/protect-faraohangyairto-csaletek-3-db\\\/\",\"url\":\"https:\\\/\\\/tajkertesz.com\\\/termek\\\/protect-faraohangyairto-csaletek-3-db\\\/\",\"name\":\"Protect f\u00e1ra\u00f3hangyairt\u00f3 csal\u00e9tek 3 db - T\u00e1jkert\u00e9sz\",\"isPartOf\":{\"@id\":\"https:\\\/\\\/tajkertesz.com\\\/#website\"},\"primaryImageOfPage\":{\"@id\":\"https:\\\/\\\/tajkertesz.com\\\/termek\\\/protect-faraohangyairto-csaletek-3-db\\\/#primaryimage\"},\"image\":{\"@id\":\"https:\\\/\\\/tajkertesz.com\\\/termek\\\/protect-faraohangyairto-csaletek-3-db\\\/#primaryimage\"},\"thumbnailUrl\":\"https:\\\/\\\/tajkertesz.com\\\/wp-content\\\/uploads\\\/2021\\\/06\\\/protect-farao.jpg\",\"datePublished\":\"2021-06-28T06:46:30+00:00\",\"dateModified\":\"2026-02-17T15:21:33+00:00\",\"description\":\"Protect f\u00e1ra\u00f3hangyairt\u00f3 csal\u00e9tek 3 db, Hangyairt\u00e1s mesterfokon, Elpuszt\u00edtja a teljes bolyt!Az \u00e9p\u00fcletekben \u00e9l\u0151 f\u00e1ra\u00f3hangy\u00e1k irt\u00e1s\u00e1ra\",\"breadcrumb\":{\"@id\":\"https:\\\/\\\/tajkertesz.com\\\/termek\\\/protect-faraohangyairto-csaletek-3-db\\\/#breadcrumb\"},\"inLanguage\":\"en-US\",\"potentialAction\":[{\"@type\":\"ReadAction\",\"target\":[\"https:\\\/\\\/tajkertesz.com\\\/termek\\\/protect-faraohangyairto-csaletek-3-db\\\/\"]}]},{\"@type\":\"ImageObject\",\"inLanguage\":\"en-US\",\"@id\":\"https:\\\/\\\/tajkertesz.com\\\/termek\\\/protect-faraohangyairto-csaletek-3-db\\\/#primaryimage\",\"url\":\"https:\\\/\\\/tajkertesz.com\\\/wp-content\\\/uploads\\\/2021\\\/06\\\/protect-farao.jpg\",\"contentUrl\":\"https:\\\/\\\/tajkertesz.com\\\/wp-content\\\/uploads\\\/2021\\\/06\\\/protect-farao.jpg\",\"width\":540,\"height\":540},{\"@type\":\"BreadcrumbList\",\"@id\":\"https:\\\/\\\/tajkertesz.com\\\/termek\\\/protect-faraohangyairto-csaletek-3-db\\\/#breadcrumb\",\"itemListElement\":[{\"@type\":\"ListItem\",\"position\":1,\"name\":\"Home\",\"item\":\"https:\\\/\\\/tajkertesz.com\\\/\"},{\"@type\":\"ListItem\",\"position\":2,\"name\":\"Kezd\u0151lap\",\"item\":\"https:\\\/\\\/tajkertesz.com\\\/\"},{\"@type\":\"ListItem\",\"position\":3,\"name\":\"Protect f\u00e1ra\u00f3hangyairt\u00f3 csal\u00e9tek 3 db\"}]},{\"@type\":\"WebSite\",\"@id\":\"https:\\\/\\\/tajkertesz.com\\\/#website\",\"url\":\"https:\\\/\\\/tajkertesz.com\\\/\",\"name\":\"T\u00e1j-Kert\u00e9sz 84 Kft.\",\"description\":\"Kert\u00e9szeti kis- \u00e9s nagykeresked\u00e9s, D\u00edszn\u00f6v\u00e9ny web\u00e1ruh\u00e1z orsz\u00e1gos h\u00e1zhozsz\u00e1ll\u00edt\u00e1ssal!\",\"publisher\":{\"@id\":\"https:\\\/\\\/tajkertesz.com\\\/#organization\"},\"potentialAction\":[{\"@type\":\"SearchAction\",\"target\":{\"@type\":\"EntryPoint\",\"urlTemplate\":\"https:\\\/\\\/tajkertesz.com\\\/?s={search_term_string}\"},\"query-input\":{\"@type\":\"PropertyValueSpecification\",\"valueRequired\":true,\"valueName\":\"search_term_string\"}}],\"inLanguage\":\"en-US\"},{\"@type\":\"Organization\",\"@id\":\"https:\\\/\\\/tajkertesz.com\\\/#organization\",\"name\":\"T\u00e1j-Kert\u00e9sz 84 Kft.\",\"url\":\"https:\\\/\\\/tajkertesz.com\\\/\",\"logo\":{\"@type\":\"ImageObject\",\"inLanguage\":\"en-US\",\"@id\":\"https:\\\/\\\/tajkertesz.com\\\/#\\\/schema\\\/logo\\\/image\\\/\",\"url\":\"https:\\\/\\\/tajkertesz.com\\\/wp-content\\\/uploads\\\/2018\\\/02\\\/logo-2-e1518678052539.png\",\"contentUrl\":\"https:\\\/\\\/tajkertesz.com\\\/wp-content\\\/uploads\\\/2018\\\/02\\\/logo-2-e1518678052539.png\",\"width\":81,\"height\":140,\"caption\":\"T\u00e1j-Kert\u00e9sz 84 Kft.\"},\"image\":{\"@id\":\"https:\\\/\\\/tajkertesz.com\\\/#\\\/schema\\\/logo\\\/image\\\/\"},\"sameAs\":[\"https:\\\/\\\/www.facebook.com\\\/Tajkertesz\\\/\"]}]}<\/script>\n<!-- \/ Yoast SEO plugin. -->","yoast_head_json":{"title":"Protect f\u00e1ra\u00f3hangyairt\u00f3 csal\u00e9tek 3 db - T\u00e1jkert\u00e9sz","description":"Protect f\u00e1ra\u00f3hangyairt\u00f3 csal\u00e9tek 3 db, Hangyairt\u00e1s mesterfokon, Elpuszt\u00edtja a teljes bolyt!Az \u00e9p\u00fcletekben \u00e9l\u0151 f\u00e1ra\u00f3hangy\u00e1k irt\u00e1s\u00e1ra","robots":{"index":"index","follow":"follow","max-snippet":"max-snippet:-1","max-image-preview":"max-image-preview:large","max-video-preview":"max-video-preview:-1"},"canonical":"https:\/\/tajkertesz.com\/en_US\/product\/protect-faraohangyairto-csaletek-3-db\/","og_locale":"en_US","og_type":"article","og_title":"Protect f\u00e1ra\u00f3hangyairt\u00f3 csal\u00e9tek 3 db - T\u00e1jkert\u00e9sz","og_description":"Protect f\u00e1ra\u00f3hangyairt\u00f3 csal\u00e9tek 3 db, Hangyairt\u00e1s mesterfokon, Elpuszt\u00edtja a teljes bolyt!Az \u00e9p\u00fcletekben \u00e9l\u0151 f\u00e1ra\u00f3hangy\u00e1k irt\u00e1s\u00e1ra","og_url":"https:\/\/tajkertesz.com\/en_US\/product\/protect-faraohangyairto-csaletek-3-db\/","og_site_name":"T\u00e1jkert\u00e9sz","article_publisher":"https:\/\/www.facebook.com\/Tajkertesz\/","article_modified_time":"2026-02-17T15:21:33+00:00","og_image":[{"width":540,"height":540,"url":"https:\/\/tajkertesz.com\/wp-content\/uploads\/2021\/06\/protect-farao.jpg","type":"image\/jpeg"}],"twitter_card":"summary_large_image","twitter_misc":{"Est. reading time":"4 minutes"},"schema":{"@context":"https:\/\/schema.org","@graph":[{"@type":"WebPage","@id":"https:\/\/tajkertesz.com\/termek\/protect-faraohangyairto-csaletek-3-db\/","url":"https:\/\/tajkertesz.com\/termek\/protect-faraohangyairto-csaletek-3-db\/","name":"Protect f\u00e1ra\u00f3hangyairt\u00f3 csal\u00e9tek 3 db - T\u00e1jkert\u00e9sz","isPartOf":{"@id":"https:\/\/tajkertesz.com\/#website"},"primaryImageOfPage":{"@id":"https:\/\/tajkertesz.com\/termek\/protect-faraohangyairto-csaletek-3-db\/#primaryimage"},"image":{"@id":"https:\/\/tajkertesz.com\/termek\/protect-faraohangyairto-csaletek-3-db\/#primaryimage"},"thumbnailUrl":"https:\/\/tajkertesz.com\/wp-content\/uploads\/2021\/06\/protect-farao.jpg","datePublished":"2021-06-28T06:46:30+00:00","dateModified":"2026-02-17T15:21:33+00:00","description":"Protect f\u00e1ra\u00f3hangyairt\u00f3 csal\u00e9tek 3 db, Hangyairt\u00e1s mesterfokon, Elpuszt\u00edtja a teljes bolyt!Az \u00e9p\u00fcletekben \u00e9l\u0151 f\u00e1ra\u00f3hangy\u00e1k irt\u00e1s\u00e1ra","breadcrumb":{"@id":"https:\/\/tajkertesz.com\/termek\/protect-faraohangyairto-csaletek-3-db\/#breadcrumb"},"inLanguage":"en-US","potentialAction":[{"@type":"ReadAction","target":["https:\/\/tajkertesz.com\/termek\/protect-faraohangyairto-csaletek-3-db\/"]}]},{"@type":"ImageObject","inLanguage":"en-US","@id":"https:\/\/tajkertesz.com\/termek\/protect-faraohangyairto-csaletek-3-db\/#primaryimage","url":"https:\/\/tajkertesz.com\/wp-content\/uploads\/2021\/06\/protect-farao.jpg","contentUrl":"https:\/\/tajkertesz.com\/wp-content\/uploads\/2021\/06\/protect-farao.jpg","width":540,"height":540},{"@type":"BreadcrumbList","@id":"https:\/\/tajkertesz.com\/termek\/protect-faraohangyairto-csaletek-3-db\/#breadcrumb","itemListElement":[{"@type":"ListItem","position":1,"name":"Home","item":"https:\/\/tajkertesz.com\/"},{"@type":"ListItem","position":2,"name":"Kezd\u0151lap","item":"https:\/\/tajkertesz.com\/"},{"@type":"ListItem","position":3,"name":"Protect f\u00e1ra\u00f3hangyairt\u00f3 csal\u00e9tek 3 db"}]},{"@type":"WebSite","@id":"https:\/\/tajkertesz.com\/#website","url":"https:\/\/tajkertesz.com\/","name":"T\u00e1j-Kert\u00e9sz 84 Kft.","description":"Kert\u00e9szeti kis- \u00e9s nagykeresked\u00e9s, D\u00edszn\u00f6v\u00e9ny web\u00e1ruh\u00e1z orsz\u00e1gos h\u00e1zhozsz\u00e1ll\u00edt\u00e1ssal!","publisher":{"@id":"https:\/\/tajkertesz.com\/#organization"},"potentialAction":[{"@type":"SearchAction","target":{"@type":"EntryPoint","urlTemplate":"https:\/\/tajkertesz.com\/?s={search_term_string}"},"query-input":{"@type":"PropertyValueSpecification","valueRequired":true,"valueName":"search_term_string"}}],"inLanguage":"en-US"},{"@type":"Organization","@id":"https:\/\/tajkertesz.com\/#organization","name":"T\u00e1j-Kert\u00e9sz 84 Kft.","url":"https:\/\/tajkertesz.com\/","logo":{"@type":"ImageObject","inLanguage":"en-US","@id":"https:\/\/tajkertesz.com\/#\/schema\/logo\/image\/","url":"https:\/\/tajkertesz.com\/wp-content\/uploads\/2018\/02\/logo-2-e1518678052539.png","contentUrl":"https:\/\/tajkertesz.com\/wp-content\/uploads\/2018\/02\/logo-2-e1518678052539.png","width":81,"height":140,"caption":"T\u00e1j-Kert\u00e9sz 84 Kft."},"image":{"@id":"https:\/\/tajkertesz.com\/#\/schema\/logo\/image\/"},"sameAs":["https:\/\/www.facebook.com\/Tajkertesz\/"]}]}},"_links":{"self":[{"href":"https:\/\/tajkertesz.com\/en_US\/wp-json\/wp\/v2\/product\/7352","targetHints":{"allow":["GET"]}}],"collection":[{"href":"https:\/\/tajkertesz.com\/en_US\/wp-json\/wp\/v2\/product"}],"about":[{"href":"https:\/\/tajkertesz.com\/en_US\/wp-json\/wp\/v2\/types\/product"}],"wp:featuredmedia":[{"embeddable":true,"href":"https:\/\/tajkertesz.com\/en_US\/wp-json\/wp\/v2\/media\/7353"}],"wp:attachment":[{"href":"https:\/\/tajkertesz.com\/en_US\/wp-json\/wp\/v2\/media?parent=7352"}],"wp:term":[{"taxonomy":"product_brand","embeddable":true,"href":"https:\/\/tajkertesz.com\/en_US\/wp-json\/wp\/v2\/product_brand?post=7352"},{"taxonomy":"product_cat","embeddable":true,"href":"https:\/\/tajkertesz.com\/en_US\/wp-json\/wp\/v2\/product_cat?post=7352"},{"taxonomy":"product_tag","embeddable":true,"href":"https:\/\/tajkertesz.com\/en_US\/wp-json\/wp\/v2\/product_tag?post=7352"}],"curies":[{"name":"wp","href":"https:\/\/api.w.org\/{rel}","templated":true}]}}